{"id":3193,"date":"2024-12-18T06:25:28","date_gmt":"2024-12-18T06:25:28","guid":{"rendered":"https:\/\/alfequipment.com\/product\/p-ro-series-all-in-one-reverse-osmosis-pure-water-treatment-machine\/"},"modified":"2025-01-13T13:14:14","modified_gmt":"2025-01-13T13:14:14","slug":"p-ro-serie-all-in-one-umkehrosmose-reinwasseraufbereitungsanlage","status":"publish","type":"product","link":"https:\/\/alfequipment.com\/de\/product\/p-ro-serie-all-in-one-umkehrosmose-reinwasseraufbereitungsanlage\/","title":{"rendered":"P-RO Serie All-in-one Umkehrosmose Reinwasseraufbereitungsanlage"},"content":{"rendered":"<p data-section-blank=\"AliPostDhMb-g0hji\"><span style=\"font-family: Verdana, Arial, Helvetica, sans-serif;\">Die All-in-One-Ultrafiltrations-Mineralwassermaschine verf\u00fcgt \u00fcber einen mechanischen Filter, einen Aktivkohlefilter und einen 5-Mikron- und 1-Mikron-Pr\u00e4zisionsfilter als Vorbehandlung gem\u00e4\u00df der nationalen Norm. Der letzte Teil der Maschine ist die Ultrafiltrationsanlage. Es entfernt Korn, Verunreinigung, Kolloid und Restchlorid durch vern\u00fcnftige und hocheffiziente Vorbehandlungssystem; dann entfernen winzige Kolloid, L\u00f6sungsmittel, Makromolek\u00fcl usw. durch Ultrafiltration Ger\u00e4t, sondern h\u00e4lt Ionen im Wasser.&nbsp;&nbsp;<\/span><\/p>\n<p>&nbsp;<\/p>\n<p>Dieses System ist weit verbreitet f\u00fcr Trinkwasserprojekte, industrielle Reinwasserprojekte, die in der Lebensmittel-, Getr\u00e4nke-, Pharma-, Chemie-, Elektronik-, Erd\u00f6l- und Chemieindustrie eingesetzt werden.<\/p>\n<p>&nbsp;<\/p>\n<p><span style=\"color: #000000; font-size: 18px;\">Spezifikation:<\/span><\/p>\n<table class=\"aliDataTable\" border=\"0\">\n<tbody>\n<tr>\n<td width=\"132\">\n<p>Modell<\/p>\n<\/td>\n<td width=\"84\">\n<p>P-RO-0,5<\/p>\n<\/td>\n<td width=\"84\">\n<p>P-RO-1<\/p>\n<\/td>\n<td width=\"84\">\n<p>P-RO-2<\/p>\n<\/td>\n<td width=\"84\">\n<p>P-RO-3<\/p>\n<\/td>\n<td width=\"84\">\n<p>P-RO-5<\/p>\n<\/td>\n<td width=\"95\">\n<p>P-RO-10<\/p>\n<\/td>\n<\/tr>\n<tr>\n<td width=\"132\">\n<p>Kapazit\u00e4t<\/p>\n<\/td>\n<td width=\"84\">\n<p>0,5T\/H<\/p>\n<\/td>\n<td width=\"84\">\n<p>1T\/H<\/p>\n<\/td>\n<td width=\"84\">\n<p>2T\/H<\/p>\n<\/td>\n<td width=\"84\">\n<p>3T\/H<\/p>\n<\/td>\n<td width=\"84\">\n<p>5T\/H<\/p>\n<\/td>\n<td width=\"95\">\n<p>10T\/H<\/p>\n<\/td>\n<\/tr>\n<tr>\n<td width=\"132\">\n<p>Kapazit\u00e4t des Vorfilters<\/p>\n<\/td>\n<td width=\"84\">\n<p>1 T\/H<\/p>\n<\/td>\n<td width=\"84\">\n<p>2 T\/H<\/p>\n<\/td>\n<td width=\"84\">\n<p>3 T\/H<\/p>\n<\/td>\n<td width=\"84\">\n<p>5 T\/H<\/p>\n<\/td>\n<td width=\"84\">\n<p>7 T\/H<\/p>\n<\/td>\n<td width=\"95\">\n<p>12 T\/H<\/p>\n<\/td>\n<\/tr>\n<tr>\n<td width=\"132\">\n<p>Ozon-Generator<\/p>\n<\/td>\n<td width=\"84\">\n<p>3,5 g\/h<\/p>\n<\/td>\n<td width=\"84\">\n<p>3,5 g\/h<\/p>\n<\/td>\n<td width=\"84\">\n<p>6 g\/h<\/p>\n<\/td>\n<td width=\"84\">\n<p>10 g\/h<\/p>\n<\/td>\n<td width=\"84\">\n<p>15 g\/h<\/p>\n<\/td>\n<td width=\"95\">\n<p>15 g\/h<\/p>\n<\/td>\n<\/tr>\n<tr>\n<td width=\"132\">\n<p>Strom<\/p>\n<\/td>\n<td width=\"84\">\n<p>2KW<\/p>\n<\/td>\n<td width=\"84\">\n<p>3 KW<\/p>\n<\/td>\n<td width=\"84\">\n<p>4 KW<\/p>\n<\/td>\n<td width=\"84\">\n<p>5 KW<\/p>\n<\/td>\n<td width=\"84\">\n<p>6. KW<\/p>\n<\/td>\n<td width=\"95\">\n<p>16 KW<\/p>\n<\/td>\n<\/tr>\n<tr>\n<td width=\"132\">\n<p>Durchmesser des mechanischen Filters<\/p>\n<\/td>\n<td width=\"84\">\n<p>\u03a6 300mm<\/p>\n<\/td>\n<td width=\"84\">\n<p>\u03a6 400 mm<\/p>\n<\/td>\n<td width=\"84\">\n<p>\u03a6 500 mm<\/p>\n<\/td>\n<td width=\"84\">\n<p>\u03a6 600 mm<\/p>\n<\/td>\n<td width=\"84\">\n<p>\u03a6 800 mm<\/p>\n<\/td>\n<td width=\"95\">\n<p>\u03a6 1300 mm<\/p>\n<\/td>\n<\/tr>\n<tr>\n<td width=\"132\">\n<p>Durchmesser des Aktivkohlefilters<\/p>\n<\/td>\n<td width=\"84\">\n<p>\u03a6 300 mm<\/p>\n<\/td>\n<td width=\"84\">\n<p>\u03a6 400 mm<\/p>\n<\/td>\n<td width=\"84\">\n<p>\u03a6 500 mm<\/p>\n<\/td>\n<td width=\"84\">\n<p>\u03a6 600 mm<\/p>\n<\/td>\n<td width=\"84\">\n<p>\u03a6 600 mm<\/p>\n<\/td>\n<td width=\"95\">\n<p>\u03a6 1100 mm<\/p>\n<\/td>\n<\/tr>\n<tr>\n<td width=\"132\">\n<p>Durchmesser der RO-Membran<\/p>\n<\/td>\n<td width=\"84\">\n<p>4\"<\/p>\n<\/td>\n<td width=\"84\">\n<p>4\"<\/p>\n<\/td>\n<td width=\"84\">\n<p>8\"<\/p>\n<\/td>\n<td width=\"84\">\n<p>8\"<\/p>\n<\/td>\n<td width=\"84\">\n<p>8\"<\/p>\n<\/td>\n<td width=\"95\">\n<p>8\"<\/p>\n<\/td>\n<\/tr>\n<tr>\n<td width=\"132\">\n<p>Menge der RO-Membran<\/p>\n<\/td>\n<td width=\"84\">\n<p>2 St\u00fcck<\/p>\n<\/td>\n<td width=\"84\">\n<p>4 St\u00fcck<\/p>\n<\/td>\n<td width=\"84\">\n<p>2 St\u00fcck<\/p>\n<\/td>\n<td width=\"84\">\n<p>3 St\u00fcck<\/p>\n<\/td>\n<td width=\"84\">\n<p>4 St\u00fcck<\/p>\n<\/td>\n<td width=\"95\">\n<p>9 St\u00fcck<\/p>\n<\/td>\n<\/tr>\n<tr>\n<td width=\"132\">\n<p>Gr\u00f6\u00dfe der Maschine (mm)<\/p>\n<\/td>\n<td width=\"84\">\n<p>1270*750*1630<\/p>\n<\/td>\n<td width=\"84\">\n<p>2730*730*1980<\/p>\n<\/td>\n<td width=\"84\">\n<p>2830*830*2070<\/p>\n<\/td>\n<td width=\"84\">\n<p>3100*920*2200<\/p>\n<\/td>\n<td width=\"84\">\n<p>2620*920*1600<\/p>\n<\/td>\n<td width=\"95\">\n<p>3620*1000*1800<\/p>\n<\/td>\n<\/tr>\n<\/tbody>\n<\/table>\n<p data-section-blank=\"AliPostDhMb-39t76\">&nbsp;<\/p>\n<p data-section-blank=\"AliPostDhMb-39t76\"><img decoding=\"async\" src=\"https:\/\/sc01.alicdn.com\/kf\/HTB1ftCCFVXXXXbLXFXXq6xXFXXXK\/64496\/HTB1ftCCFVXXXXbLXFXXq6xXFXXXK.jpg\" data-alt=\"P-RO series All-in-one reverse osmosis pure water treatment machine\" style=\"width: 522px; height: 391px;\" ori-width=\"960\" ori-height=\"718\" class=\"aligncenter\"><img decoding=\"async\" src=\"https:\/\/sc01.alicdn.com\/kf\/HTB1hz1yFVXXXXXjXVXXq6xXFXXX3\/64496\/HTB1hz1yFVXXXXXjXVXXq6xXFXXX3.jpg\" data-alt=\"P-RO series All-in-one reverse osmosis pure water treatment machine\" style=\"width: 522px; height: 391px;\" ori-width=\"960\" ori-height=\"718\" class=\"aligncenter\"><img decoding=\"async\" src=\"https:\/\/sc01.alicdn.com\/kf\/HTB1LcmCFVXXXXbcXFXXq6xXFXXXE\/64496\/HTB1LcmCFVXXXXbcXFXXq6xXFXXXE.jpg\" data-alt=\"P-RO series All-in-one reverse osmosis pure water treatment machine\" style=\"width: 522px; height: 390px;\" ori-width=\"960\" ori-height=\"718\" class=\"aligncenter\"><\/p>\n<p data-section-blank=\"AliPostDhMb-39t76\">&nbsp;<\/p>\n<p data-section-blank=\"AliPostDhMb-39t76\"><img decoding=\"async\" src=\"https:\/\/sc01.alicdn.com\/kf\/HTB1DUKzFVXXXXcUXFXXq6xXFXXX0\/64496\/HTB1DUKzFVXXXXcUXFXXq6xXFXXX0.jpg\" data-alt=\"P-RO series All-in-one reverse osmosis pure water treatment machine\" style=\"width: 838px; height: 198px;\" ori-width=\"927\" ori-height=\"219\" class=\"aligncenter\"><\/p>\n<div id=\"ali-anchor-AliPostDhMb-39t76\" style=\"padding-top: 8px;\" data-section=\"AliPostDhMb-39t76\" data-section-title=\"Packaging &amp; Shipping\">\n<div id=\"ali-title-AliPostDhMb-39t76\" style=\"padding: 8px 0; border-bottom: 1px solid #ddd;\"><\/div>\n<\/div>","protected":false},"excerpt":{"rendered":"<p>P-ro Serie All-in-one Umkehrosmose Reinwasseraufbereitungsmaschine<\/p>","protected":false},"featured_media":3194,"comment_status":"closed","ping_status":"open","template":"","meta":[],"product_brand":[],"product_cat":[114],"product_tag":[],"class_list":{"0":"post-3193","1":"product","2":"type-product","3":"status-publish","4":"has-post-thumbnail","6":"product_cat-water-treatment-machinery","8":"first","9":"instock","10":"sale","11":"purchasable","12":"product-type-simple"},"yoast_head":"<!-- This site is optimized with the Yoast SEO Premium plugin v20.9 (Yoast SEO v26.5) - https:\/\/yoast.com\/wordpress\/plugins\/seo\/ -->\n<title>P-RO series All-in-one reverse osmosis pure water treatment machine - ALF PACK<\/title>\n<meta name=\"robots\" content=\"index, follow, max-snippet:-1, max-image-preview:large, max-video-preview:-1\" \/>\n<link rel=\"canonical\" href=\"https:\/\/alfequipment.com\/de\/product\/p-ro-serie-all-in-one-umkehrosmose-reinwasseraufbereitungsanlage\/\" \/>\n<meta property=\"og:locale\" content=\"de_DE\" \/>\n<meta property=\"og:type\" content=\"article\" \/>\n<meta property=\"og:title\" content=\"P-RO series All-in-one reverse osmosis pure water treatment machine\" \/>\n<meta property=\"og:description\" content=\"P-ro Series All-in-one Reverse Osmosis Pure Water Treatment Machine\" \/>\n<meta property=\"og:url\" content=\"https:\/\/alfequipment.com\/de\/product\/p-ro-serie-all-in-one-umkehrosmose-reinwasseraufbereitungsanlage\/\" \/>\n<meta property=\"og:site_name\" content=\"ALF PACK\" \/>\n<meta property=\"article:modified_time\" content=\"2025-01-13T13:14:14+00:00\" \/>\n<meta property=\"og:image\" content=\"https:\/\/alfequipment.com\/wp-content\/uploads\/2025\/01\/Hfec7a54cb8c0432880b5cf290a74a3d8O.jpg\" \/>\n\t<meta property=\"og:image:width\" content=\"800\" \/>\n\t<meta property=\"og:image:height\" content=\"800\" \/>\n\t<meta property=\"og:image:type\" content=\"image\/webp\" \/>\n<meta name=\"twitter:card\" content=\"summary_large_image\" \/>\n<meta name=\"twitter:label1\" content=\"Gesch\u00e4tzte Lesezeit\" \/>\n\t<meta name=\"twitter:data1\" content=\"1\u00a0Minute\" \/>\n<script type=\"application\/ld+json\" class=\"yoast-schema-graph\">{\"@context\":\"https:\/\/schema.org\",\"@graph\":[{\"@type\":\"WebPage\",\"@id\":\"https:\/\/alfequipment.com\/product\/p-ro-series-all-in-one-reverse-osmosis-pure-water-treatment-machine\/\",\"url\":\"https:\/\/alfequipment.com\/product\/p-ro-series-all-in-one-reverse-osmosis-pure-water-treatment-machine\/\",\"name\":\"P-RO series All-in-one reverse osmosis pure water treatment machine - ALF PACK\",\"isPartOf\":{\"@id\":\"https:\/\/alfequipment.com\/#website\"},\"primaryImageOfPage\":{\"@id\":\"https:\/\/alfequipment.com\/product\/p-ro-series-all-in-one-reverse-osmosis-pure-water-treatment-machine\/#primaryimage\"},\"image\":{\"@id\":\"https:\/\/alfequipment.com\/product\/p-ro-series-all-in-one-reverse-osmosis-pure-water-treatment-machine\/#primaryimage\"},\"thumbnailUrl\":\"https:\/\/alfequipment.com\/wp-content\/uploads\/2025\/01\/Hfec7a54cb8c0432880b5cf290a74a3d8O.jpg\",\"datePublished\":\"2024-12-18T06:25:28+00:00\",\"dateModified\":\"2025-01-13T13:14:14+00:00\",\"breadcrumb\":{\"@id\":\"https:\/\/alfequipment.com\/product\/p-ro-series-all-in-one-reverse-osmosis-pure-water-treatment-machine\/#breadcrumb\"},\"inLanguage\":\"de\",\"potentialAction\":[{\"@type\":\"ReadAction\",\"target\":[\"https:\/\/alfequipment.com\/product\/p-ro-series-all-in-one-reverse-osmosis-pure-water-treatment-machine\/\"]}]},{\"@type\":\"ImageObject\",\"inLanguage\":\"de\",\"@id\":\"https:\/\/alfequipment.com\/product\/p-ro-series-all-in-one-reverse-osmosis-pure-water-treatment-machine\/#primaryimage\",\"url\":\"https:\/\/alfequipment.com\/wp-content\/uploads\/2025\/01\/Hfec7a54cb8c0432880b5cf290a74a3d8O.jpg\",\"contentUrl\":\"https:\/\/alfequipment.com\/wp-content\/uploads\/2025\/01\/Hfec7a54cb8c0432880b5cf290a74a3d8O.jpg\",\"width\":800,\"height\":800},{\"@type\":\"BreadcrumbList\",\"@id\":\"https:\/\/alfequipment.com\/product\/p-ro-series-all-in-one-reverse-osmosis-pure-water-treatment-machine\/#breadcrumb\",\"itemListElement\":[{\"@type\":\"ListItem\",\"position\":1,\"name\":\"Home\",\"item\":\"https:\/\/alfequipment.com\/\"},{\"@type\":\"ListItem\",\"position\":2,\"name\":\"Shop\",\"item\":\"https:\/\/alfequipment.com\/shop\/\"},{\"@type\":\"ListItem\",\"position\":3,\"name\":\"P-RO series All-in-one reverse osmosis pure water treatment machine\"}]},{\"@type\":\"WebSite\",\"@id\":\"https:\/\/alfequipment.com\/#website\",\"url\":\"https:\/\/alfequipment.com\/\",\"name\":\"ALF PACK\",\"description\":\"\",\"publisher\":{\"@id\":\"https:\/\/alfequipment.com\/#organization\"},\"potentialAction\":[{\"@type\":\"SearchAction\",\"target\":{\"@type\":\"EntryPoint\",\"urlTemplate\":\"https:\/\/alfequipment.com\/?s={search_term_string}\"},\"query-input\":{\"@type\":\"PropertyValueSpecification\",\"valueRequired\":true,\"valueName\":\"search_term_string\"}}],\"inLanguage\":\"de\"},{\"@type\":\"Organization\",\"@id\":\"https:\/\/alfequipment.com\/#organization\",\"name\":\"ALF PACK\",\"url\":\"https:\/\/alfequipment.com\/\",\"logo\":{\"@type\":\"ImageObject\",\"inLanguage\":\"de\",\"@id\":\"https:\/\/alfequipment.com\/#\/schema\/logo\/image\/\",\"url\":\"https:\/\/alfequipment.com\/wp-content\/uploads\/2024\/11\/ALFlogo-2.webp\",\"contentUrl\":\"https:\/\/alfequipment.com\/wp-content\/uploads\/2024\/11\/ALFlogo-2.webp\",\"width\":758,\"height\":750,\"caption\":\"ALF PACK\"},\"image\":{\"@id\":\"https:\/\/alfequipment.com\/#\/schema\/logo\/image\/\"}}]}<\/script>\n<!-- \/ Yoast SEO Premium plugin. -->","yoast_head_json":{"title":"P-RO Serie All-in-one Umkehrosmose Reinwasseraufbereitungsanlage - ALF PACK","robots":{"index":"index","follow":"follow","max-snippet":"max-snippet:-1","max-image-preview":"max-image-preview:large","max-video-preview":"max-video-preview:-1"},"canonical":"https:\/\/alfequipment.com\/de\/product\/p-ro-serie-all-in-one-umkehrosmose-reinwasseraufbereitungsanlage\/","og_locale":"de_DE","og_type":"article","og_title":"P-RO series All-in-one reverse osmosis pure water treatment machine","og_description":"P-ro Series All-in-one Reverse Osmosis Pure Water Treatment Machine","og_url":"https:\/\/alfequipment.com\/de\/product\/p-ro-serie-all-in-one-umkehrosmose-reinwasseraufbereitungsanlage\/","og_site_name":"ALF PACK","article_modified_time":"2025-01-13T13:14:14+00:00","og_image":[{"width":800,"height":800,"url":"https:\/\/alfequipment.com\/wp-content\/uploads\/2025\/01\/Hfec7a54cb8c0432880b5cf290a74a3d8O.jpg","type":"image\/webp"}],"twitter_card":"summary_large_image","twitter_misc":{"Gesch\u00e4tzte Lesezeit":"1\u00a0Minute"},"schema":{"@context":"https:\/\/schema.org","@graph":[{"@type":"WebPage","@id":"https:\/\/alfequipment.com\/product\/p-ro-series-all-in-one-reverse-osmosis-pure-water-treatment-machine\/","url":"https:\/\/alfequipment.com\/product\/p-ro-series-all-in-one-reverse-osmosis-pure-water-treatment-machine\/","name":"P-RO Serie All-in-one Umkehrosmose Reinwasseraufbereitungsanlage - ALF PACK","isPartOf":{"@id":"https:\/\/alfequipment.com\/#website"},"primaryImageOfPage":{"@id":"https:\/\/alfequipment.com\/product\/p-ro-series-all-in-one-reverse-osmosis-pure-water-treatment-machine\/#primaryimage"},"image":{"@id":"https:\/\/alfequipment.com\/product\/p-ro-series-all-in-one-reverse-osmosis-pure-water-treatment-machine\/#primaryimage"},"thumbnailUrl":"https:\/\/alfequipment.com\/wp-content\/uploads\/2025\/01\/Hfec7a54cb8c0432880b5cf290a74a3d8O.jpg","datePublished":"2024-12-18T06:25:28+00:00","dateModified":"2025-01-13T13:14:14+00:00","breadcrumb":{"@id":"https:\/\/alfequipment.com\/product\/p-ro-series-all-in-one-reverse-osmosis-pure-water-treatment-machine\/#breadcrumb"},"inLanguage":"de","potentialAction":[{"@type":"ReadAction","target":["https:\/\/alfequipment.com\/product\/p-ro-series-all-in-one-reverse-osmosis-pure-water-treatment-machine\/"]}]},{"@type":"ImageObject","inLanguage":"de","@id":"https:\/\/alfequipment.com\/product\/p-ro-series-all-in-one-reverse-osmosis-pure-water-treatment-machine\/#primaryimage","url":"https:\/\/alfequipment.com\/wp-content\/uploads\/2025\/01\/Hfec7a54cb8c0432880b5cf290a74a3d8O.jpg","contentUrl":"https:\/\/alfequipment.com\/wp-content\/uploads\/2025\/01\/Hfec7a54cb8c0432880b5cf290a74a3d8O.jpg","width":800,"height":800},{"@type":"BreadcrumbList","@id":"https:\/\/alfequipment.com\/product\/p-ro-series-all-in-one-reverse-osmosis-pure-water-treatment-machine\/#breadcrumb","itemListElement":[{"@type":"ListItem","position":1,"name":"Home","item":"https:\/\/alfequipment.com\/"},{"@type":"ListItem","position":2,"name":"Shop","item":"https:\/\/alfequipment.com\/shop\/"},{"@type":"ListItem","position":3,"name":"P-RO series All-in-one reverse osmosis pure water treatment machine"}]},{"@type":"WebSite","@id":"https:\/\/alfequipment.com\/#website","url":"https:\/\/alfequipment.com\/","name":"ALF PACK","description":"","publisher":{"@id":"https:\/\/alfequipment.com\/#organization"},"potentialAction":[{"@type":"SearchAction","target":{"@type":"EntryPoint","urlTemplate":"https:\/\/alfequipment.com\/?s={search_term_string}"},"query-input":{"@type":"PropertyValueSpecification","valueRequired":true,"valueName":"search_term_string"}}],"inLanguage":"de"},{"@type":"Organization","@id":"https:\/\/alfequipment.com\/#organization","name":"ALF PACK","url":"https:\/\/alfequipment.com\/","logo":{"@type":"ImageObject","inLanguage":"de","@id":"https:\/\/alfequipment.com\/#\/schema\/logo\/image\/","url":"https:\/\/alfequipment.com\/wp-content\/uploads\/2024\/11\/ALFlogo-2.webp","contentUrl":"https:\/\/alfequipment.com\/wp-content\/uploads\/2024\/11\/ALFlogo-2.webp","width":758,"height":750,"caption":"ALF PACK"},"image":{"@id":"https:\/\/alfequipment.com\/#\/schema\/logo\/image\/"}}]}},"_links":{"self":[{"href":"https:\/\/alfequipment.com\/de\/wp-json\/wp\/v2\/product\/3193","targetHints":{"allow":["GET"]}}],"collection":[{"href":"https:\/\/alfequipment.com\/de\/wp-json\/wp\/v2\/product"}],"about":[{"href":"https:\/\/alfequipment.com\/de\/wp-json\/wp\/v2\/types\/product"}],"replies":[{"embeddable":true,"href":"https:\/\/alfequipment.com\/de\/wp-json\/wp\/v2\/comments?post=3193"}],"version-history":[{"count":0,"href":"https:\/\/alfequipment.com\/de\/wp-json\/wp\/v2\/product\/3193\/revisions"}],"wp:featuredmedia":[{"embeddable":true,"href":"https:\/\/alfequipment.com\/de\/wp-json\/wp\/v2\/media\/3194"}],"wp:attachment":[{"href":"https:\/\/alfequipment.com\/de\/wp-json\/wp\/v2\/media?parent=3193"}],"wp:term":[{"taxonomy":"product_brand","embeddable":true,"href":"https:\/\/alfequipment.com\/de\/wp-json\/wp\/v2\/product_brand?post=3193"},{"taxonomy":"product_cat","embeddable":true,"href":"https:\/\/alfequipment.com\/de\/wp-json\/wp\/v2\/product_cat?post=3193"},{"taxonomy":"product_tag","embeddable":true,"href":"https:\/\/alfequipment.com\/de\/wp-json\/wp\/v2\/product_tag?post=3193"}],"curies":[{"name":"wp","href":"https:\/\/api.w.org\/{rel}","templated":true}]}}