{"id":3199,"date":"2024-12-11T18:19:50","date_gmt":"2024-12-11T18:19:50","guid":{"rendered":"https:\/\/alfequipment.com\/product\/dy95-bubble-tea-machine-manual-semi-auto-cup-sealing-machine-for-cup-diameter-95mm\/"},"modified":"2025-01-13T13:14:22","modified_gmt":"2025-01-13T13:14:22","slug":"dy95-bubble-tea-maschine-manuelle-halbautomatische-tassenverschliesmaschine-fur-tassendurchmesser-95mm","status":"publish","type":"product","link":"https:\/\/alfequipment.com\/de\/product\/dy95-bubble-tea-maschine-manuelle-halbautomatische-tassenverschliesmaschine-fur-tassendurchmesser-95mm\/","title":{"rendered":"DY95 Bubble Tea Maschine Manuelle \/ Halbautomatische Tassenversiegelungsmaschine (f\u00fcr Tassendurchmesser 95mm)"},"content":{"rendered":"<p data-section-blank=\"AliPostDhMb-qgcsu\"><span style=\"font-family: Verdana, Arial, Helvetica, sans-serif;\">Die Becherverschlie\u00dfmaschine der Serie DY eignet sich f\u00fcr Gesch\u00e4fte zum Verschlie\u00dfen von Nudeln, Weizenfutter, Fruchtgummi, Pudding, Bohnenmilch, hei\u00dfen und kalten Speisen, mildem Tee usw. Die Versiegelung wird automatisch nach dem Aufsetzen des Bechers oder der Tasse abgeschlossen. Das Geh\u00e4use ist aus rostfreiem Stahl gefertigt und entspricht den hygienischen Anforderungen.<\/span><\/p>\n<p>&nbsp;<\/p>\n<p>Legen Sie den Becher in das Fach und dr\u00fccken Sie ihn hinein, dann schneiden Sie den Becher ab und versiegeln ihn, indem Sie den Griff nach unten dr\u00fccken. Bei der manuellen Maschine muss die Folie nach dem Versiegeln von Hand gewendet werden. Die halbautomatische Maschine hat die Funktion der automatischen Folienzuf\u00fchrung.<\/p>\n<p>&nbsp;<\/p>\n<p><span style=\"font-size: 16px;\">Spezifikation:<\/span><\/p>\n<table class=\"aliDataTable\" style=\"width: 566px;\" border=\"1\" cellspacing=\"0\" cellpadding=\"0\">\n<tbody>\n<tr>\n<td>\n<p><strong>Modell<\/strong><\/p>\n<\/td>\n<td>\n<p><span style=\"color: #ff0000;\">DY95\/DY95A<\/span><\/p>\n<\/td>\n<td>\n<p>DY170\/DY170A<\/p>\n<\/td>\n<td>\n<p>DY75\/DY75A<\/p>\n<\/td>\n<\/tr>\n<tr>\n<td>\n<p><strong>Betriebsart <\/strong><\/p>\n<\/td>\n<td>\n<p><span style=\"color: #ff0000;\">Manuell\/Halbautomatik<\/span><\/p>\n<\/td>\n<td>\n<p>Manuell\/Halbautomatik<\/p>\n<\/td>\n<td>\n<p>Manuell\/Halbautomatik<\/p>\n<\/td>\n<\/tr>\n<tr>\n<td>\n<p><strong>Stromquelle<\/strong><\/p>\n<\/td>\n<td colspan=\"3\">\n<p align=\"center\"><span style=\"color: #ff0000;\">110V 60HZ\/220V 50HZ<\/span><\/p>\n<\/td>\n<\/tr>\n<tr>\n<td>\n<p><strong>Strom <\/strong><\/p>\n<\/td>\n<td>\n<p><span style=\"color: #ff0000;\">200W<\/span><\/p>\n<\/td>\n<td>\n<p>900W<\/p>\n<\/td>\n<td>\n<p>450W<\/p>\n<\/td>\n<\/tr>\n<tr>\n<td>\n<p><strong>Kapazit\u00e4t<\/strong><\/p>\n<\/td>\n<td>\n<p><span style=\"color: #ff0000;\">700 Tassen\/Stunde<\/span><\/p>\n<\/td>\n<td>\n<p>600 Tassen\/Stunde<\/p>\n<\/td>\n<td>\n<p>800 Tassen\/Stunde<\/p>\n<\/td>\n<\/tr>\n<tr>\n<td>\n<p><strong>Verf\u00fcgbarer Becherdurchmesser<\/strong><\/p>\n<\/td>\n<td>\n<p><span style=\"color: #ff0000;\">95mm<\/span><\/p>\n<\/td>\n<td>\n<p>170mm<\/p>\n<\/td>\n<td>\n<p>75mm<\/p>\n<\/td>\n<\/tr>\n<tr>\n<td>\n<p><strong>Gewicht<\/strong><\/p>\n<\/td>\n<td>\n<p><span style=\"color: #ff0000;\">18Kgs<\/span><\/p>\n<\/td>\n<td>\n<p>48Kgs<\/p>\n<\/td>\n<td>\n<p>26Kgs<\/p>\n<\/td>\n<\/tr>\n<tr>\n<td>\n<p><strong>Dimension <\/strong><\/p>\n<\/td>\n<td>\n<p><span style=\"color: #ff0000;\">260\u00d7240\u00d7650mm<\/span><\/p>\n<\/td>\n<td>\n<p>540\u00d7270\u00d7720mm<\/p>\n<\/td>\n<td>\n<p>300\u00d7260\u00d7650mm<\/p>\n<\/td>\n<\/tr>\n<\/tbody>\n<\/table>\n<p>&nbsp;<\/p>\n<p data-section-blank=\"AliPostDhMb-fziwy\">&nbsp;<img decoding=\"async\" src=\"https:\/\/sc01.alicdn.com\/kf\/HTB1PYLdFVXXXXXiXpXXq6xXFXXXq\/64496\/HTB1PYLdFVXXXXXiXpXXq6xXFXXXq.jpg\" data-alt=\"DY95 Bubble tea machine Manual \/ Semi-auto Cup Sealing Machine (for cup diameter 95mm)\" style=\"width: 326px; height: 434px;\" ori-width=\"600\" ori-height=\"800\" class=\"aligncenter\"><img decoding=\"async\" src=\"https:\/\/sc01.alicdn.com\/kf\/HTB1zg1.FVXXXXcgXpXXq6xXFXXXl\/64496\/HTB1zg1.FVXXXXcgXpXXq6xXFXXXl.jpg\" data-alt=\"DY95 Bubble tea machine Manual \/ Semi-auto Cup Sealing Machine (for cup diameter 95mm)\" style=\"width: 325px; height: 433px;\" ori-width=\"600\" ori-height=\"800\" class=\"aligncenter\"><img decoding=\"async\" src=\"https:\/\/sc01.alicdn.com\/kf\/HTB19incFVXXXXcxXXXXq6xXFXXX5\/64496\/HTB19incFVXXXXcxXXXXq6xXFXXX5.jpg\" data-alt=\"DY95 Bubble tea machine Manual \/ Semi-auto Cup Sealing Machine (for cup diameter 95mm)\" style=\"width: 654px; height: 491px;\" ori-width=\"1000\" ori-height=\"750\" class=\"aligncenter\"><\/p>\n<p data-section-blank=\"AliPostDhMb-fziwy\">&nbsp;<\/p>\n<p data-section-blank=\"AliPostDhMb-fziwy\"><img decoding=\"async\" src=\"https:\/\/sc01.alicdn.com\/kf\/HTB1r_zcFVXXXXaTXXXXq6xXFXXXa\/64496\/HTB1r_zcFVXXXXaTXXXXq6xXFXXXa.jpg\" data-alt=\"DY95 Bubble tea machine Manual \/ Semi-auto Cup Sealing Machine (for cup diameter 95mm)\" style=\"width: 245px; height: 326px;\" ori-width=\"450\" ori-height=\"600\" class=\"aligncenter\"><img decoding=\"async\" src=\"https:\/\/sc01.alicdn.com\/kf\/HTB1qTlZFVXXXXbRaXXXq6xXFXXXR\/64496\/HTB1qTlZFVXXXXbRaXXXq6xXFXXXR.jpg\" data-alt=\"DY95 Bubble tea machine Manual \/ Semi-auto Cup Sealing Machine (for cup diameter 95mm)\" style=\"width: 336px; height: 327px;\" ori-width=\"480\" ori-height=\"348\" class=\"aligncenter\"><\/p>\n<div id=\"ali-anchor-AliPostDhMb-fziwy\" style=\"padding-top: 8px;\" data-section=\"AliPostDhMb-fziwy\" data-section-title=\"Packaging &amp; Shipping\">\n<div id=\"ali-title-AliPostDhMb-fziwy\" style=\"padding: 8px 0; border-bottom: 1px solid #ddd;\"><\/div>\n<\/div>","protected":false},"excerpt":{"rendered":"<p>Dy95 Bubble Tea Maschine manuell \/ halbautomatisch Tasse Versiegelung Maschine (f\u00fcr Cup-Durchmesser 95mm)<\/p>","protected":false},"featured_media":3200,"comment_status":"closed","ping_status":"open","template":"","meta":[],"product_brand":[],"product_cat":[97],"product_tag":[],"class_list":{"0":"post-3199","1":"product","2":"type-product","3":"status-publish","4":"has-post-thumbnail","6":"product_cat-sealing-machines","8":"first","9":"instock","10":"sale","11":"purchasable","12":"product-type-simple"},"yoast_head":"<!-- This site is optimized with the Yoast SEO Premium plugin v20.9 (Yoast SEO v26.5) - https:\/\/yoast.com\/wordpress\/plugins\/seo\/ -->\n<title>DY95 Bubble tea machine Manual \/ Semi-auto Cup Sealing Machine (for cup diameter 95mm) - ALF PACK<\/title>\n<meta name=\"robots\" content=\"index, follow, max-snippet:-1, max-image-preview:large, max-video-preview:-1\" \/>\n<link rel=\"canonical\" href=\"https:\/\/alfequipment.com\/de\/product\/dy95-bubble-tea-maschine-manuelle-halbautomatische-tassenverschliesmaschine-fur-tassendurchmesser-95mm\/\" \/>\n<meta property=\"og:locale\" content=\"de_DE\" \/>\n<meta property=\"og:type\" content=\"article\" \/>\n<meta property=\"og:title\" content=\"DY95 Bubble tea machine Manual \/ Semi-auto Cup Sealing Machine (for cup diameter 95mm)\" \/>\n<meta property=\"og:description\" content=\"Dy95 Bubble Tea Machine Manual \/ Semi-auto Cup Sealing Machine (for Cup Diameter 95mm)\" \/>\n<meta property=\"og:url\" content=\"https:\/\/alfequipment.com\/de\/product\/dy95-bubble-tea-maschine-manuelle-halbautomatische-tassenverschliesmaschine-fur-tassendurchmesser-95mm\/\" \/>\n<meta property=\"og:site_name\" content=\"ALF PACK\" \/>\n<meta property=\"article:modified_time\" content=\"2025-01-13T13:14:22+00:00\" \/>\n<meta property=\"og:image\" content=\"https:\/\/alfequipment.com\/wp-content\/uploads\/2025\/01\/Hf2166f74fb2f4d31a0cab478575e5c5fU.jpg\" \/>\n\t<meta property=\"og:image:width\" content=\"800\" \/>\n\t<meta property=\"og:image:height\" content=\"800\" \/>\n\t<meta property=\"og:image:type\" content=\"image\/webp\" \/>\n<meta name=\"twitter:card\" content=\"summary_large_image\" \/>\n<meta name=\"twitter:label1\" content=\"Gesch\u00e4tzte Lesezeit\" \/>\n\t<meta name=\"twitter:data1\" content=\"1\u00a0Minute\" \/>\n<script type=\"application\/ld+json\" class=\"yoast-schema-graph\">{\"@context\":\"https:\/\/schema.org\",\"@graph\":[{\"@type\":\"WebPage\",\"@id\":\"https:\/\/alfequipment.com\/product\/dy95-bubble-tea-machine-manual-semi-auto-cup-sealing-machine-for-cup-diameter-95mm\/\",\"url\":\"https:\/\/alfequipment.com\/product\/dy95-bubble-tea-machine-manual-semi-auto-cup-sealing-machine-for-cup-diameter-95mm\/\",\"name\":\"DY95 Bubble tea machine Manual \/ Semi-auto Cup Sealing Machine (for cup diameter 95mm) - ALF PACK\",\"isPartOf\":{\"@id\":\"https:\/\/alfequipment.com\/#website\"},\"primaryImageOfPage\":{\"@id\":\"https:\/\/alfequipment.com\/product\/dy95-bubble-tea-machine-manual-semi-auto-cup-sealing-machine-for-cup-diameter-95mm\/#primaryimage\"},\"image\":{\"@id\":\"https:\/\/alfequipment.com\/product\/dy95-bubble-tea-machine-manual-semi-auto-cup-sealing-machine-for-cup-diameter-95mm\/#primaryimage\"},\"thumbnailUrl\":\"https:\/\/alfequipment.com\/wp-content\/uploads\/2025\/01\/Hf2166f74fb2f4d31a0cab478575e5c5fU.jpg\",\"datePublished\":\"2024-12-11T18:19:50+00:00\",\"dateModified\":\"2025-01-13T13:14:22+00:00\",\"breadcrumb\":{\"@id\":\"https:\/\/alfequipment.com\/product\/dy95-bubble-tea-machine-manual-semi-auto-cup-sealing-machine-for-cup-diameter-95mm\/#breadcrumb\"},\"inLanguage\":\"de\",\"potentialAction\":[{\"@type\":\"ReadAction\",\"target\":[\"https:\/\/alfequipment.com\/product\/dy95-bubble-tea-machine-manual-semi-auto-cup-sealing-machine-for-cup-diameter-95mm\/\"]}]},{\"@type\":\"ImageObject\",\"inLanguage\":\"de\",\"@id\":\"https:\/\/alfequipment.com\/product\/dy95-bubble-tea-machine-manual-semi-auto-cup-sealing-machine-for-cup-diameter-95mm\/#primaryimage\",\"url\":\"https:\/\/alfequipment.com\/wp-content\/uploads\/2025\/01\/Hf2166f74fb2f4d31a0cab478575e5c5fU.jpg\",\"contentUrl\":\"https:\/\/alfequipment.com\/wp-content\/uploads\/2025\/01\/Hf2166f74fb2f4d31a0cab478575e5c5fU.jpg\",\"width\":800,\"height\":800},{\"@type\":\"BreadcrumbList\",\"@id\":\"https:\/\/alfequipment.com\/product\/dy95-bubble-tea-machine-manual-semi-auto-cup-sealing-machine-for-cup-diameter-95mm\/#breadcrumb\",\"itemListElement\":[{\"@type\":\"ListItem\",\"position\":1,\"name\":\"Home\",\"item\":\"https:\/\/alfequipment.com\/\"},{\"@type\":\"ListItem\",\"position\":2,\"name\":\"Shop\",\"item\":\"https:\/\/alfequipment.com\/shop\/\"},{\"@type\":\"ListItem\",\"position\":3,\"name\":\"DY95 Bubble tea machine Manual \/ Semi-auto Cup Sealing Machine (for cup diameter 95mm)\"}]},{\"@type\":\"WebSite\",\"@id\":\"https:\/\/alfequipment.com\/#website\",\"url\":\"https:\/\/alfequipment.com\/\",\"name\":\"ALF PACK\",\"description\":\"\",\"publisher\":{\"@id\":\"https:\/\/alfequipment.com\/#organization\"},\"potentialAction\":[{\"@type\":\"SearchAction\",\"target\":{\"@type\":\"EntryPoint\",\"urlTemplate\":\"https:\/\/alfequipment.com\/?s={search_term_string}\"},\"query-input\":{\"@type\":\"PropertyValueSpecification\",\"valueRequired\":true,\"valueName\":\"search_term_string\"}}],\"inLanguage\":\"de\"},{\"@type\":\"Organization\",\"@id\":\"https:\/\/alfequipment.com\/#organization\",\"name\":\"ALF PACK\",\"url\":\"https:\/\/alfequipment.com\/\",\"logo\":{\"@type\":\"ImageObject\",\"inLanguage\":\"de\",\"@id\":\"https:\/\/alfequipment.com\/#\/schema\/logo\/image\/\",\"url\":\"https:\/\/alfequipment.com\/wp-content\/uploads\/2024\/11\/ALFlogo-2.webp\",\"contentUrl\":\"https:\/\/alfequipment.com\/wp-content\/uploads\/2024\/11\/ALFlogo-2.webp\",\"width\":758,\"height\":750,\"caption\":\"ALF PACK\"},\"image\":{\"@id\":\"https:\/\/alfequipment.com\/#\/schema\/logo\/image\/\"}}]}<\/script>\n<!-- \/ Yoast SEO Premium plugin. -->","yoast_head_json":{"title":"DY95 Bubble Tea Maschine Manuelle \/ Halbautomatische Tassenversiegelungsmaschine (f\u00fcr Tassendurchmesser 95mm) - ALF PACK","robots":{"index":"index","follow":"follow","max-snippet":"max-snippet:-1","max-image-preview":"max-image-preview:large","max-video-preview":"max-video-preview:-1"},"canonical":"https:\/\/alfequipment.com\/de\/product\/dy95-bubble-tea-maschine-manuelle-halbautomatische-tassenverschliesmaschine-fur-tassendurchmesser-95mm\/","og_locale":"de_DE","og_type":"article","og_title":"DY95 Bubble tea machine Manual \/ Semi-auto Cup Sealing Machine (for cup diameter 95mm)","og_description":"Dy95 Bubble Tea Machine Manual \/ Semi-auto Cup Sealing Machine (for Cup Diameter 95mm)","og_url":"https:\/\/alfequipment.com\/de\/product\/dy95-bubble-tea-maschine-manuelle-halbautomatische-tassenverschliesmaschine-fur-tassendurchmesser-95mm\/","og_site_name":"ALF PACK","article_modified_time":"2025-01-13T13:14:22+00:00","og_image":[{"width":800,"height":800,"url":"https:\/\/alfequipment.com\/wp-content\/uploads\/2025\/01\/Hf2166f74fb2f4d31a0cab478575e5c5fU.jpg","type":"image\/webp"}],"twitter_card":"summary_large_image","twitter_misc":{"Gesch\u00e4tzte Lesezeit":"1\u00a0Minute"},"schema":{"@context":"https:\/\/schema.org","@graph":[{"@type":"WebPage","@id":"https:\/\/alfequipment.com\/product\/dy95-bubble-tea-machine-manual-semi-auto-cup-sealing-machine-for-cup-diameter-95mm\/","url":"https:\/\/alfequipment.com\/product\/dy95-bubble-tea-machine-manual-semi-auto-cup-sealing-machine-for-cup-diameter-95mm\/","name":"DY95 Bubble Tea Maschine Manuelle \/ Halbautomatische Tassenversiegelungsmaschine (f\u00fcr Tassendurchmesser 95mm) - ALF PACK","isPartOf":{"@id":"https:\/\/alfequipment.com\/#website"},"primaryImageOfPage":{"@id":"https:\/\/alfequipment.com\/product\/dy95-bubble-tea-machine-manual-semi-auto-cup-sealing-machine-for-cup-diameter-95mm\/#primaryimage"},"image":{"@id":"https:\/\/alfequipment.com\/product\/dy95-bubble-tea-machine-manual-semi-auto-cup-sealing-machine-for-cup-diameter-95mm\/#primaryimage"},"thumbnailUrl":"https:\/\/alfequipment.com\/wp-content\/uploads\/2025\/01\/Hf2166f74fb2f4d31a0cab478575e5c5fU.jpg","datePublished":"2024-12-11T18:19:50+00:00","dateModified":"2025-01-13T13:14:22+00:00","breadcrumb":{"@id":"https:\/\/alfequipment.com\/product\/dy95-bubble-tea-machine-manual-semi-auto-cup-sealing-machine-for-cup-diameter-95mm\/#breadcrumb"},"inLanguage":"de","potentialAction":[{"@type":"ReadAction","target":["https:\/\/alfequipment.com\/product\/dy95-bubble-tea-machine-manual-semi-auto-cup-sealing-machine-for-cup-diameter-95mm\/"]}]},{"@type":"ImageObject","inLanguage":"de","@id":"https:\/\/alfequipment.com\/product\/dy95-bubble-tea-machine-manual-semi-auto-cup-sealing-machine-for-cup-diameter-95mm\/#primaryimage","url":"https:\/\/alfequipment.com\/wp-content\/uploads\/2025\/01\/Hf2166f74fb2f4d31a0cab478575e5c5fU.jpg","contentUrl":"https:\/\/alfequipment.com\/wp-content\/uploads\/2025\/01\/Hf2166f74fb2f4d31a0cab478575e5c5fU.jpg","width":800,"height":800},{"@type":"BreadcrumbList","@id":"https:\/\/alfequipment.com\/product\/dy95-bubble-tea-machine-manual-semi-auto-cup-sealing-machine-for-cup-diameter-95mm\/#breadcrumb","itemListElement":[{"@type":"ListItem","position":1,"name":"Home","item":"https:\/\/alfequipment.com\/"},{"@type":"ListItem","position":2,"name":"Shop","item":"https:\/\/alfequipment.com\/shop\/"},{"@type":"ListItem","position":3,"name":"DY95 Bubble tea machine Manual \/ Semi-auto Cup Sealing Machine (for cup diameter 95mm)"}]},{"@type":"WebSite","@id":"https:\/\/alfequipment.com\/#website","url":"https:\/\/alfequipment.com\/","name":"ALF PACK","description":"","publisher":{"@id":"https:\/\/alfequipment.com\/#organization"},"potentialAction":[{"@type":"SearchAction","target":{"@type":"EntryPoint","urlTemplate":"https:\/\/alfequipment.com\/?s={search_term_string}"},"query-input":{"@type":"PropertyValueSpecification","valueRequired":true,"valueName":"search_term_string"}}],"inLanguage":"de"},{"@type":"Organization","@id":"https:\/\/alfequipment.com\/#organization","name":"ALF PACK","url":"https:\/\/alfequipment.com\/","logo":{"@type":"ImageObject","inLanguage":"de","@id":"https:\/\/alfequipment.com\/#\/schema\/logo\/image\/","url":"https:\/\/alfequipment.com\/wp-content\/uploads\/2024\/11\/ALFlogo-2.webp","contentUrl":"https:\/\/alfequipment.com\/wp-content\/uploads\/2024\/11\/ALFlogo-2.webp","width":758,"height":750,"caption":"ALF PACK"},"image":{"@id":"https:\/\/alfequipment.com\/#\/schema\/logo\/image\/"}}]}},"_links":{"self":[{"href":"https:\/\/alfequipment.com\/de\/wp-json\/wp\/v2\/product\/3199","targetHints":{"allow":["GET"]}}],"collection":[{"href":"https:\/\/alfequipment.com\/de\/wp-json\/wp\/v2\/product"}],"about":[{"href":"https:\/\/alfequipment.com\/de\/wp-json\/wp\/v2\/types\/product"}],"replies":[{"embeddable":true,"href":"https:\/\/alfequipment.com\/de\/wp-json\/wp\/v2\/comments?post=3199"}],"version-history":[{"count":0,"href":"https:\/\/alfequipment.com\/de\/wp-json\/wp\/v2\/product\/3199\/revisions"}],"wp:featuredmedia":[{"embeddable":true,"href":"https:\/\/alfequipment.com\/de\/wp-json\/wp\/v2\/media\/3200"}],"wp:attachment":[{"href":"https:\/\/alfequipment.com\/de\/wp-json\/wp\/v2\/media?parent=3199"}],"wp:term":[{"taxonomy":"product_brand","embeddable":true,"href":"https:\/\/alfequipment.com\/de\/wp-json\/wp\/v2\/product_brand?post=3199"},{"taxonomy":"product_cat","embeddable":true,"href":"https:\/\/alfequipment.com\/de\/wp-json\/wp\/v2\/product_cat?post=3199"},{"taxonomy":"product_tag","embeddable":true,"href":"https:\/\/alfequipment.com\/de\/wp-json\/wp\/v2\/product_tag?post=3199"}],"curies":[{"name":"wp","href":"https:\/\/api.w.org\/{rel}","templated":true}]}}