{"id":3209,"date":"2024-12-21T07:03:27","date_gmt":"2024-12-21T07:03:27","guid":{"rendered":"https:\/\/alfequipment.com\/product\/ce-certification-dz400-2sb-automatic-vacuum-packing-machine-for-food-optiongas-filling\/"},"modified":"2025-12-22T08:40:33","modified_gmt":"2025-12-22T08:40:33","slug":"ce-zertifizierung-dz400-2sb-automatische-vakuum-verpackungsmaschine-fur-lebensmittel-optiongasabfullung","status":"publish","type":"product","link":"https:\/\/alfequipment.com\/de\/product\/ce-zertifizierung-dz400-2sb-automatische-vakuum-verpackungsmaschine-fur-lebensmittel-optiongasabfullung\/","title":{"rendered":"CE-Zertifizierung DZ400-2SB Automatische Vakuumverpackungsmaschine f\u00fcr Lebensmittel (Option: Gasf\u00fcllung)"},"content":{"rendered":"<div data-maya=\"{&quot;theme&quot;:{&quot;face&quot;:&quot;yin&quot;,&quot;fontFace&quot;:&quot;Roboto&quot;,&quot;fontSize&quot;:22,&quot;colors&quot;:1},&quot;items&quot;:[{&quot;title&quot;:&quot;fxvd1&quot;,&quot;formats&quot;:[[[{&quot;n9mpw&quot;:&quot;H&quot;},{&quot;m3c4u&quot;:&quot;P&quot;}]],[{&quot;a6moh&quot;:{&quot;name&quot;:&quot;Tc&quot;,&quot;theme&quot;:&quot;col-header&quot;,&quot;tableCfgs&quot;:{&quot;sizes&quot;:{&quot;colWidths&quot;:[250,453],&quot;rowHeights&quot;:[22,22,22,22,22,22,22,22,22]}}}}],[{&quot;zy86l&quot;:&quot;Ia&quot;}],[[{&quot;y0qvx&quot;:&quot;Ib&quot;},[{&quot;7bv3x&quot;:&quot;Id&quot;},{&quot;xec0t&quot;:&quot;Id&quot;}]]],[{&quot;a74ad&quot;:&quot;Ia&quot;}]]},{&quot;title&quot;:&quot;oin9r&quot;,&quot;formats&quot;:[[{&quot;0tmtr&quot;:&quot;Ii&quot;},{&quot;rc665&quot;:&quot;Ii&quot;},{&quot;wb3dz&quot;:&quot;Ii&quot;}]]},{&quot;title&quot;:&quot;tebmm&quot;,&quot;formats&quot;:[[{&quot;4lipc&quot;:&quot;Ia&quot;}]]},{&quot;title&quot;:&quot;o1o3q&quot;,&quot;formats&quot;:[[{&quot;hqe6o&quot;:&quot;Ih&quot;},{&quot;r0783&quot;:{&quot;name&quot;:&quot;Te&quot;,&quot;theme&quot;:&quot;double-header&quot;,&quot;tableCfgs&quot;:{&quot;sizes&quot;:{&quot;colWidths&quot;:[72,252],&quot;rowHeights&quot;:[23,22,23,196]}}}}]]},{&quot;title&quot;:&quot;7igwq&quot;,&quot;formats&quot;:[[{&quot;rjq1r&quot;:&quot;Ih&quot;},{&quot;xuuq1&quot;:&quot;Ih&quot;}]]}]}\">\n<div>\n<div style=\"vertical-align: top; padding-top: 15px; padding-bottom: 15px;\">\n<div style=\"vertical-align: top; padding-top: 10px; padding-bottom: 10px; margin-right: -4px; margin-left: -4px;\">\n<div style=\"vertical-align: top; box-sizing: border-box; padding-right: 4px; padding-left: 4px; margin-top: -4px; margin-bottom: -4px;\">\n<p>1. die Doppelkammer-Vakuumverpackungsmaschine DZ400-2SB zeichnet sich durch die automatische Verarbeitung von Vakuumieren, Versiegeln, Bedrucken und K\u00fchlen in einem Arbeitsgang aus.<\/p>\n<p style=\"margin: 0; padding: 0;\">2. er hat doppelte Vakuumkammern.<\/p>\n<p>3. der Bediener kann die Beutel f\u00fcr die n\u00e4chste Vakuumverpackung in einer anderen Kammer vorbereiten, w\u00e4hrend in der einen Kammer gepackt wird.<\/p>\n<p>4. deshalb hat sie eine h\u00f6here Effizienz als eine Einkammermaschine.<\/p>\n<p>(5) Es ist weit verbreitet in der Vakuumverpackung f\u00fcr die Lebensmittel-, Pharma-, Wasser-, Chemie-und Elektronikindustrie verwendet.<\/p>\n<p>6. die Vakuumverpackung kann die Produkte vor Oxidation und Schimmel, sowie Korrosion und Feuchtigkeit sch\u00fctzen.<\/p>\n<p>7. verl\u00e4ngert die Haltbarkeit und Frische der Produkte \u00fcber eine l\u00e4ngere Lagerzeit.<\/p>\n<p>Die Maschine der Serie DZQ-2SB f\u00fcllt den Beutel nach dem Vakuumieren mit einer Art Gas, z. B. mit Stickstoff. Stickstoffgas hilft, l\u00e4ngere Frischezeit als Vakuumzustand zu haben.<\/p>\n<\/div>\n<\/div>\n<div id=\"a6moh\" style=\"vertical-align: top; box-sizing: border-box; padding-right: 4px; padding-left: 4px;\">\n<table class=\"aliDataTable\" style=\"width: auto; border-collapse: collapse; word-wrap: break-word;\">\n<tbody>\n<tr>\n<td style=\"background-color: #dae2ed;\">\n<div style=\"width: 250px; height: 22px; padding: 5px 10px; overflow: hidden;\">Modell<\/div>\n<\/td>\n<td>\n<div style=\"width: 453px; height: 22px; padding: 5px 10px; overflow: hidden;\">DZ400-2SB<\/div>\n<\/td>\n<\/tr>\n<tr>\n<td style=\"background-color: #dae2ed;\">\n<div style=\"width: 250px; height: 22px; padding: 5px 10px; overflow: hidden;\">Stromquelle<\/div>\n<\/td>\n<td>\n<div style=\"width: 453px; height: 22px; padding: 5px 10px; overflow: hidden;\">220V\/50Hz<\/div>\n<\/td>\n<\/tr>\n<tr>\n<td style=\"background-color: #dae2ed;\">\n<div style=\"width: 250px; height: 22px; padding: 5px 10px; overflow: hidden;\">Strom<\/div>\n<\/td>\n<td>\n<div style=\"width: 453px; height: 22px; padding: 5px 10px; overflow: hidden;\">2.0KW<\/div>\n<\/td>\n<\/tr>\n<tr>\n<td style=\"background-color: #dae2ed;\">\n<div style=\"width: 250px; height: 22px; padding: 5px 10px; overflow: hidden;\">Siegelgeschwindigkeit<\/div>\n<\/td>\n<td>\n<div style=\"width: 453px; height: 22px; padding: 5px 10px; overflow: hidden;\">1-4 Mal\/Minute<\/div>\n<\/td>\n<\/tr>\n<tr>\n<td style=\"background-color: #dae2ed;\">\n<div style=\"width: 250px; height: 22px; padding: 5px 10px; overflow: hidden;\">Gr\u00f6\u00dfe des Arbeitsraums<\/div>\n<\/td>\n<td>\n<div style=\"width: 453px; height: 22px; padding: 5px 10px; overflow: hidden;\">L500\u00d7B450\u00d7H110mm<\/div>\n<\/td>\n<\/tr>\n<tr>\n<td style=\"background-color: #dae2ed;\">\n<div style=\"width: 250px; height: 22px; padding: 5px 10px; overflow: hidden;\">L\u00e4nge der Versiegelung<\/div>\n<\/td>\n<td>\n<div style=\"width: 453px; height: 22px; padding: 5px 10px; overflow: hidden;\">400*10mm<\/div>\n<\/td>\n<\/tr>\n<tr>\n<td style=\"background-color: #dae2ed;\">\n<div style=\"width: 250px; height: 22px; padding: 5px 10px; overflow: hidden;\">HS-CODE<\/div>\n<\/td>\n<td>\n<div style=\"width: 453px; height: 22px; padding: 5px 10px; overflow: hidden;\">8422400000<\/div>\n<\/td>\n<\/tr>\n<tr>\n<td style=\"background-color: #dae2ed;\">\n<div style=\"width: 250px; height: 22px; padding: 5px 10px; overflow: hidden;\">Gewicht<\/div>\n<\/td>\n<td>\n<div style=\"width: 453px; height: 22px; padding: 5px 10px; overflow: hidden;\">200kgs<\/div>\n<\/td>\n<\/tr>\n<tr>\n<td style=\"background-color: #dae2ed;\">\n<div style=\"width: 250px; height: 22px; padding: 5px 10px; overflow: hidden;\">Externe Gr\u00f6\u00dfe<\/div>\n<\/td>\n<td>\n<div style=\"width: 453px; height: 22px; padding: 5px 10px; overflow: hidden;\">L1350\u00d7B750\u00d7H950mm<\/div>\n<\/td>\n<\/tr>\n<\/tbody>\n<\/table>\n<\/div>\n<div id=\"zy86l\" style=\"vertical-align: top; box-sizing: border-box; padding-right: 4px; padding-left: 4px;\">\n<div style=\"overflow: hidden; width: 750px; height: 750px;\"><img decoding=\"async\" class=\"aligncenter\" style=\"width: 750px; height: 750px; margin-left: 0px; margin-top: 0px;\" src=\"https:\/\/sc01.alicdn.com\/kf\/HTB1oSOeaLvsK1RjSspdq6AZepXaD\/64496\/HTB1oSOeaLvsK1RjSspdq6AZepXaD.jpg\" \/><\/div>\n<\/div>\n<div style=\"vertical-align: top; box-sizing: border-box; padding-right: 4px; padding-left: 4px; margin-top: -4px; margin-bottom: -4px;\">\n<div id=\"y0qvx\" style=\"vertical-align: top; box-sizing: border-box; padding-top: 4px; padding-bottom: 4px;\">\n<div style=\"overflow: hidden; width: 750px; height: 320px;\"><img decoding=\"async\" class=\"aligncenter\" style=\"width: 750px; height: 500.25px; margin-left: 0px; margin-top: -97px;\" src=\"https:\/\/sc02.alicdn.com\/kf\/HTB1mjOkaNrvK1RjSszeq6yObFXaW\/64496\/HTB1mjOkaNrvK1RjSszeq6yObFXaW.jpg\" \/><\/div>\n<\/div>\n<div style=\"vertical-align: top; box-sizing: border-box; padding-top: 4px; padding-bottom: 4px; margin-right: -4px; margin-left: -4px;\">\n<div id=\"7bv3x\" style=\"vertical-align: top; width: 50%; display: inline-block; box-sizing: border-box; padding-right: 4px; padding-left: 4px;\">\n<div style=\"overflow: hidden; width: 371px; height: 200px;\"><img decoding=\"async\" class=\"aligncenter\" style=\"width: 371px; height: 219.632px; margin-left: 0px; margin-top: -13px;\" src=\"https:\/\/sc01.alicdn.com\/kf\/HTB1aVmmaInrK1RjSspkq6yuvXXaB\/64496\/HTB1aVmmaInrK1RjSspkq6yuvXXaB.jpg\" \/><\/div>\n<\/div>\n<div id=\"xec0t\" style=\"vertical-align: top; width: 50%; display: inline-block; box-sizing: border-box; padding-right: 4px; padding-left: 4px;\">\n<div style=\"overflow: hidden; width: 371px; height: 200px;\"><img decoding=\"async\" class=\"aligncenter\" style=\"width: 371px; height: 247.457px; margin-left: 0px; margin-top: -18px;\" src=\"https:\/\/sc02.alicdn.com\/kf\/HTB1ygakaTHuK1RkSndVq6xVwpXaT\/64496\/HTB1ygakaTHuK1RkSndVq6xVwpXaT.jpg\" \/><\/div>\n<\/div>\n<\/div>\n<\/div>\n<div id=\"a74ad\" style=\"vertical-align: top; box-sizing: border-box; padding-right: 4px; padding-left: 4px;\">\n<div style=\"overflow: hidden; width: 750px; height: 990.19px;\"><img decoding=\"async\" class=\"aligncenter\" style=\"width: 750px; height: 990.19px; margin-left: 0px; margin-top: 0px;\" src=\"https:\/\/sc02.alicdn.com\/kf\/HTB16hV9aUvrK1RjSspcq6zzSXXaM\/64496\/HTB16hV9aUvrK1RjSspcq6zzSXXaM.jpg\" \/><\/div>\n<\/div>\n<\/div>\n<div style=\"vertical-align: top; padding-top: 15px; padding-bottom: 15px;\">\n<div style=\"vertical-align: top; padding-top: 10px; padding-bottom: 10px; margin-right: -4px; margin-left: -4px;\">\n<p id=\"xuuq1\" style=\"vertical-align: top; width: 50%; display: inline-block; box-sizing: border-box; padding-right: 4px; padding-left: 4px;\">\n<\/div>\n<\/div>\n<\/div>\n<\/div>","protected":false},"excerpt":{"rendered":"<p>High-efficiency double chamber vacuum sealer with gas flushing option. Features dual sealing bars (400mm) to double your production speed. Ideal for food factories requiring oxidation protection.<\/p>","protected":false},"featured_media":3210,"comment_status":"closed","ping_status":"closed","template":"","meta":[],"product_brand":[],"product_cat":[100],"product_tag":[],"class_list":{"0":"post-3209","1":"product","2":"type-product","3":"status-publish","4":"has-post-thumbnail","6":"product_cat-vacuum-packing-machines","8":"first","9":"instock","10":"sale","11":"purchasable","12":"product-type-simple"},"yoast_head":"<!-- This site is optimized with the Yoast SEO Premium plugin v20.9 (Yoast SEO v26.5) - https:\/\/yoast.com\/wordpress\/plugins\/seo\/ -->\n<title>CE Certification DZ400-2SB Automatic Vacuum packing machine for food (Option:Gas Filling) - ALF PACK<\/title>\n<meta name=\"robots\" content=\"index, follow, max-snippet:-1, max-image-preview:large, max-video-preview:-1\" \/>\n<link rel=\"canonical\" href=\"https:\/\/alfequipment.com\/de\/product\/ce-zertifizierung-dz400-2sb-automatische-vakuum-verpackungsmaschine-fur-lebensmittel-optiongasabfullung\/\" \/>\n<meta property=\"og:locale\" content=\"de_DE\" \/>\n<meta property=\"og:type\" content=\"article\" \/>\n<meta property=\"og:title\" content=\"CE Certification DZ400-2SB Automatic Vacuum packing machine for food (Option:Gas Filling)\" \/>\n<meta property=\"og:description\" content=\"High-efficiency double chamber vacuum sealer with gas flushing option. Features dual sealing bars (400mm) to double your production speed. Ideal for food factories requiring oxidation protection.\" \/>\n<meta property=\"og:url\" content=\"https:\/\/alfequipment.com\/de\/product\/ce-zertifizierung-dz400-2sb-automatische-vakuum-verpackungsmaschine-fur-lebensmittel-optiongasabfullung\/\" \/>\n<meta property=\"og:site_name\" content=\"ALF PACK\" \/>\n<meta property=\"article:modified_time\" content=\"2025-12-22T08:40:33+00:00\" \/>\n<meta property=\"og:image\" content=\"https:\/\/alfequipment.com\/wp-content\/uploads\/2025\/01\/HTB1vYxXem3PL1JjSZFtq6AlRVXac.jpg\" \/>\n\t<meta property=\"og:image:width\" content=\"800\" \/>\n\t<meta property=\"og:image:height\" content=\"800\" \/>\n\t<meta property=\"og:image:type\" content=\"image\/webp\" \/>\n<meta name=\"twitter:card\" content=\"summary_large_image\" \/>\n<meta name=\"twitter:label1\" content=\"Gesch\u00e4tzte Lesezeit\" \/>\n\t<meta name=\"twitter:data1\" content=\"2\u00a0Minuten\" \/>\n<script type=\"application\/ld+json\" class=\"yoast-schema-graph\">{\"@context\":\"https:\/\/schema.org\",\"@graph\":[{\"@type\":\"WebPage\",\"@id\":\"https:\/\/alfequipment.com\/product\/ce-certification-dz400-2sb-automatic-vacuum-packing-machine-for-food-optiongas-filling\/\",\"url\":\"https:\/\/alfequipment.com\/product\/ce-certification-dz400-2sb-automatic-vacuum-packing-machine-for-food-optiongas-filling\/\",\"name\":\"CE Certification DZ400-2SB Automatic Vacuum packing machine for food (Option:Gas Filling) - ALF PACK\",\"isPartOf\":{\"@id\":\"https:\/\/alfequipment.com\/#website\"},\"primaryImageOfPage\":{\"@id\":\"https:\/\/alfequipment.com\/product\/ce-certification-dz400-2sb-automatic-vacuum-packing-machine-for-food-optiongas-filling\/#primaryimage\"},\"image\":{\"@id\":\"https:\/\/alfequipment.com\/product\/ce-certification-dz400-2sb-automatic-vacuum-packing-machine-for-food-optiongas-filling\/#primaryimage\"},\"thumbnailUrl\":\"https:\/\/alfequipment.com\/wp-content\/uploads\/2025\/01\/HTB1vYxXem3PL1JjSZFtq6AlRVXac.jpg\",\"datePublished\":\"2024-12-21T07:03:27+00:00\",\"dateModified\":\"2025-12-22T08:40:33+00:00\",\"breadcrumb\":{\"@id\":\"https:\/\/alfequipment.com\/product\/ce-certification-dz400-2sb-automatic-vacuum-packing-machine-for-food-optiongas-filling\/#breadcrumb\"},\"inLanguage\":\"de\",\"potentialAction\":[{\"@type\":\"ReadAction\",\"target\":[\"https:\/\/alfequipment.com\/product\/ce-certification-dz400-2sb-automatic-vacuum-packing-machine-for-food-optiongas-filling\/\"]}]},{\"@type\":\"ImageObject\",\"inLanguage\":\"de\",\"@id\":\"https:\/\/alfequipment.com\/product\/ce-certification-dz400-2sb-automatic-vacuum-packing-machine-for-food-optiongas-filling\/#primaryimage\",\"url\":\"https:\/\/alfequipment.com\/wp-content\/uploads\/2025\/01\/HTB1vYxXem3PL1JjSZFtq6AlRVXac.jpg\",\"contentUrl\":\"https:\/\/alfequipment.com\/wp-content\/uploads\/2025\/01\/HTB1vYxXem3PL1JjSZFtq6AlRVXac.jpg\",\"width\":800,\"height\":800},{\"@type\":\"BreadcrumbList\",\"@id\":\"https:\/\/alfequipment.com\/product\/ce-certification-dz400-2sb-automatic-vacuum-packing-machine-for-food-optiongas-filling\/#breadcrumb\",\"itemListElement\":[{\"@type\":\"ListItem\",\"position\":1,\"name\":\"Home\",\"item\":\"https:\/\/alfequipment.com\/\"},{\"@type\":\"ListItem\",\"position\":2,\"name\":\"Shop\",\"item\":\"https:\/\/alfequipment.com\/shop\/\"},{\"@type\":\"ListItem\",\"position\":3,\"name\":\"CE Certification DZ400-2SB Automatic Vacuum packing machine for food (Option:Gas Filling)\"}]},{\"@type\":\"WebSite\",\"@id\":\"https:\/\/alfequipment.com\/#website\",\"url\":\"https:\/\/alfequipment.com\/\",\"name\":\"ALF PACK\",\"description\":\"\",\"publisher\":{\"@id\":\"https:\/\/alfequipment.com\/#organization\"},\"potentialAction\":[{\"@type\":\"SearchAction\",\"target\":{\"@type\":\"EntryPoint\",\"urlTemplate\":\"https:\/\/alfequipment.com\/?s={search_term_string}\"},\"query-input\":{\"@type\":\"PropertyValueSpecification\",\"valueRequired\":true,\"valueName\":\"search_term_string\"}}],\"inLanguage\":\"de\"},{\"@type\":\"Organization\",\"@id\":\"https:\/\/alfequipment.com\/#organization\",\"name\":\"ALF PACK\",\"url\":\"https:\/\/alfequipment.com\/\",\"logo\":{\"@type\":\"ImageObject\",\"inLanguage\":\"de\",\"@id\":\"https:\/\/alfequipment.com\/#\/schema\/logo\/image\/\",\"url\":\"https:\/\/alfequipment.com\/wp-content\/uploads\/2024\/11\/ALFlogo-2.webp\",\"contentUrl\":\"https:\/\/alfequipment.com\/wp-content\/uploads\/2024\/11\/ALFlogo-2.webp\",\"width\":758,\"height\":750,\"caption\":\"ALF PACK\"},\"image\":{\"@id\":\"https:\/\/alfequipment.com\/#\/schema\/logo\/image\/\"}}]}<\/script>\n<!-- \/ Yoast SEO Premium plugin. -->","yoast_head_json":{"title":"CE-Zertifizierung DZ400-2SB Automatische Vakuumverpackungsmaschine f\u00fcr Lebensmittel (Option: Gasf\u00fcllung) - ALF PACK","robots":{"index":"index","follow":"follow","max-snippet":"max-snippet:-1","max-image-preview":"max-image-preview:large","max-video-preview":"max-video-preview:-1"},"canonical":"https:\/\/alfequipment.com\/de\/product\/ce-zertifizierung-dz400-2sb-automatische-vakuum-verpackungsmaschine-fur-lebensmittel-optiongasabfullung\/","og_locale":"de_DE","og_type":"article","og_title":"CE Certification DZ400-2SB Automatic Vacuum packing machine for food (Option:Gas Filling)","og_description":"High-efficiency double chamber vacuum sealer with gas flushing option. Features dual sealing bars (400mm) to double your production speed. Ideal for food factories requiring oxidation protection.","og_url":"https:\/\/alfequipment.com\/de\/product\/ce-zertifizierung-dz400-2sb-automatische-vakuum-verpackungsmaschine-fur-lebensmittel-optiongasabfullung\/","og_site_name":"ALF PACK","article_modified_time":"2025-12-22T08:40:33+00:00","og_image":[{"width":800,"height":800,"url":"https:\/\/alfequipment.com\/wp-content\/uploads\/2025\/01\/HTB1vYxXem3PL1JjSZFtq6AlRVXac.jpg","type":"image\/webp"}],"twitter_card":"summary_large_image","twitter_misc":{"Gesch\u00e4tzte Lesezeit":"2\u00a0Minuten"},"schema":{"@context":"https:\/\/schema.org","@graph":[{"@type":"WebPage","@id":"https:\/\/alfequipment.com\/product\/ce-certification-dz400-2sb-automatic-vacuum-packing-machine-for-food-optiongas-filling\/","url":"https:\/\/alfequipment.com\/product\/ce-certification-dz400-2sb-automatic-vacuum-packing-machine-for-food-optiongas-filling\/","name":"CE-Zertifizierung DZ400-2SB Automatische Vakuumverpackungsmaschine f\u00fcr Lebensmittel (Option: Gasf\u00fcllung) - ALF PACK","isPartOf":{"@id":"https:\/\/alfequipment.com\/#website"},"primaryImageOfPage":{"@id":"https:\/\/alfequipment.com\/product\/ce-certification-dz400-2sb-automatic-vacuum-packing-machine-for-food-optiongas-filling\/#primaryimage"},"image":{"@id":"https:\/\/alfequipment.com\/product\/ce-certification-dz400-2sb-automatic-vacuum-packing-machine-for-food-optiongas-filling\/#primaryimage"},"thumbnailUrl":"https:\/\/alfequipment.com\/wp-content\/uploads\/2025\/01\/HTB1vYxXem3PL1JjSZFtq6AlRVXac.jpg","datePublished":"2024-12-21T07:03:27+00:00","dateModified":"2025-12-22T08:40:33+00:00","breadcrumb":{"@id":"https:\/\/alfequipment.com\/product\/ce-certification-dz400-2sb-automatic-vacuum-packing-machine-for-food-optiongas-filling\/#breadcrumb"},"inLanguage":"de","potentialAction":[{"@type":"ReadAction","target":["https:\/\/alfequipment.com\/product\/ce-certification-dz400-2sb-automatic-vacuum-packing-machine-for-food-optiongas-filling\/"]}]},{"@type":"ImageObject","inLanguage":"de","@id":"https:\/\/alfequipment.com\/product\/ce-certification-dz400-2sb-automatic-vacuum-packing-machine-for-food-optiongas-filling\/#primaryimage","url":"https:\/\/alfequipment.com\/wp-content\/uploads\/2025\/01\/HTB1vYxXem3PL1JjSZFtq6AlRVXac.jpg","contentUrl":"https:\/\/alfequipment.com\/wp-content\/uploads\/2025\/01\/HTB1vYxXem3PL1JjSZFtq6AlRVXac.jpg","width":800,"height":800},{"@type":"BreadcrumbList","@id":"https:\/\/alfequipment.com\/product\/ce-certification-dz400-2sb-automatic-vacuum-packing-machine-for-food-optiongas-filling\/#breadcrumb","itemListElement":[{"@type":"ListItem","position":1,"name":"Home","item":"https:\/\/alfequipment.com\/"},{"@type":"ListItem","position":2,"name":"Shop","item":"https:\/\/alfequipment.com\/shop\/"},{"@type":"ListItem","position":3,"name":"CE Certification DZ400-2SB Automatic Vacuum packing machine for food (Option:Gas Filling)"}]},{"@type":"WebSite","@id":"https:\/\/alfequipment.com\/#website","url":"https:\/\/alfequipment.com\/","name":"ALF PACK","description":"","publisher":{"@id":"https:\/\/alfequipment.com\/#organization"},"potentialAction":[{"@type":"SearchAction","target":{"@type":"EntryPoint","urlTemplate":"https:\/\/alfequipment.com\/?s={search_term_string}"},"query-input":{"@type":"PropertyValueSpecification","valueRequired":true,"valueName":"search_term_string"}}],"inLanguage":"de"},{"@type":"Organization","@id":"https:\/\/alfequipment.com\/#organization","name":"ALF PACK","url":"https:\/\/alfequipment.com\/","logo":{"@type":"ImageObject","inLanguage":"de","@id":"https:\/\/alfequipment.com\/#\/schema\/logo\/image\/","url":"https:\/\/alfequipment.com\/wp-content\/uploads\/2024\/11\/ALFlogo-2.webp","contentUrl":"https:\/\/alfequipment.com\/wp-content\/uploads\/2024\/11\/ALFlogo-2.webp","width":758,"height":750,"caption":"ALF PACK"},"image":{"@id":"https:\/\/alfequipment.com\/#\/schema\/logo\/image\/"}}]}},"_links":{"self":[{"href":"https:\/\/alfequipment.com\/de\/wp-json\/wp\/v2\/product\/3209","targetHints":{"allow":["GET"]}}],"collection":[{"href":"https:\/\/alfequipment.com\/de\/wp-json\/wp\/v2\/product"}],"about":[{"href":"https:\/\/alfequipment.com\/de\/wp-json\/wp\/v2\/types\/product"}],"replies":[{"embeddable":true,"href":"https:\/\/alfequipment.com\/de\/wp-json\/wp\/v2\/comments?post=3209"}],"version-history":[{"count":1,"href":"https:\/\/alfequipment.com\/de\/wp-json\/wp\/v2\/product\/3209\/revisions"}],"predecessor-version":[{"id":4089,"href":"https:\/\/alfequipment.com\/de\/wp-json\/wp\/v2\/product\/3209\/revisions\/4089"}],"wp:featuredmedia":[{"embeddable":true,"href":"https:\/\/alfequipment.com\/de\/wp-json\/wp\/v2\/media\/3210"}],"wp:attachment":[{"href":"https:\/\/alfequipment.com\/de\/wp-json\/wp\/v2\/media?parent=3209"}],"wp:term":[{"taxonomy":"product_brand","embeddable":true,"href":"https:\/\/alfequipment.com\/de\/wp-json\/wp\/v2\/product_brand?post=3209"},{"taxonomy":"product_cat","embeddable":true,"href":"https:\/\/alfequipment.com\/de\/wp-json\/wp\/v2\/product_cat?post=3209"},{"taxonomy":"product_tag","embeddable":true,"href":"https:\/\/alfequipment.com\/de\/wp-json\/wp\/v2\/product_tag?post=3209"}],"curies":[{"name":"wp","href":"https:\/\/api.w.org\/{rel}","templated":true}]}}