{"id":3213,"date":"2024-12-30T12:33:18","date_gmt":"2024-12-30T12:33:18","guid":{"rendered":"https:\/\/alfequipment.com\/product\/dqfxa6050-automatic-carton-sealer-pneumatic-box-sealing-machine-with-top-and-bottom-conveyor\/"},"modified":"2025-01-13T14:41:04","modified_gmt":"2025-01-13T14:41:04","slug":"dqfxa6050-automatischer-kartonverschlieser-pneumatische-kartonverschliesmaschine-mit-ober-und-unterband","status":"publish","type":"product","link":"https:\/\/alfequipment.com\/de\/product\/dqfxa6050-automatischer-kartonverschlieser-pneumatische-kartonverschliesmaschine-mit-ober-und-unterband\/","title":{"rendered":"DQFXA6050 Automatischer Kartonverschlie\u00dfer pneumatische Kartonverschlie\u00dfmaschine mit Ober- und Untertransport"},"content":{"rendered":"<div data-maya=\"{&quot;theme&quot;:{&quot;face&quot;:&quot;yin&quot;,&quot;fontFace&quot;:&quot;Roboto&quot;,&quot;fontSize&quot;:22,&quot;colors&quot;:1},&quot;items&quot;:[{&quot;title&quot;:&quot;9nn6b&quot;,&quot;formats&quot;:[[[{&quot;0gz9j&quot;:&quot;H&quot;},{&quot;22lw7&quot;:&quot;P&quot;}]],[{&quot;ghv8m&quot;:{&quot;name&quot;:&quot;Tc&quot;,&quot;theme&quot;:&quot;col-header&quot;,&quot;tableCfgs&quot;:{&quot;sizes&quot;:{&quot;colWidths&quot;:[247,81,164,166],&quot;rowHeights&quot;:[22,22,22,22,22,22,22,22]}}}}],[{&quot;qo7nu&quot;:&quot;Ia&quot;}],[[{&quot;m7ere&quot;:&quot;Ib&quot;},[{&quot;bp909&quot;:&quot;Id&quot;},{&quot;8he1x&quot;:&quot;Id&quot;}]]],[[{&quot;ypmc3&quot;:&quot;H&quot;},{&quot;pee8l&quot;:&quot;P&quot;}]]]},{&quot;title&quot;:&quot;f0jbk&quot;,&quot;formats&quot;:[[{&quot;um79y&quot;:&quot;Ig&quot;},{&quot;ijpp1&quot;:&quot;Ig&quot;},{&quot;iv7ao&quot;:&quot;Ig&quot;},{&quot;eub4a&quot;:&quot;Ig&quot;}]]},{&quot;title&quot;:&quot;cis5t&quot;,&quot;formats&quot;:[[{&quot;dv6h2&quot;:&quot;Ih&quot;},{&quot;9si74&quot;:{&quot;name&quot;:&quot;Te&quot;,&quot;theme&quot;:&quot;double-header&quot;,&quot;tableCfgs&quot;:{&quot;sizes&quot;:{&quot;colWidths&quot;:[72,252],&quot;rowHeights&quot;:[23,23,23,196]}}}}]]},{&quot;title&quot;:&quot;wevgd&quot;,&quot;formats&quot;:[[{&quot;3id63&quot;:&quot;Ih&quot;},{&quot;7ap1e&quot;:&quot;Ih&quot;}]]}]}\">\n<div>\n<div style=\"vertical-align: top;padding-top: 15px; padding-bottom: 15px;\">\n<div style=\"vertical-align: top;padding-top: 10px; padding-bottom: 10px; margin-right: -4px; margin-left: -4px;\">\n<div style=\"vertical-align: top; box-sizing: border-box; padding-right: 4px; padding-left: 4px;margin-top: -4px; margin-bottom: -4px;\">\n<div id=\"0gz9j\" style=\"vertical-align: top; box-sizing: border-box; padding-top: 4px; padding-bottom: 4px\">1. die automatische Kartonverschlie\u00dfmaschine DQFXA6050 wird haupts\u00e4chlich zum Verschlie\u00dfen und Verpacken von Kartons verwendet, die entweder eigenst\u00e4ndig oder als notwendiger Teil einer Produktionslinie eingesetzt werden kann.<\/div>\n<div id=\"22lw7\" style=\"vertical-align: top; box-sizing: border-box; padding-top: 4px; padding-bottom: 4px\">\n<p style=\"margin:0;padding:0;\">2. die Maschine ist weit verbreitet im Bereich der Elektro-, Haushalts-, Textil-, Lebensmittel-, allgemeine Waren, Medizin und chemische Industrie.<\/p>\n<p>3. die Maschine kann sich an unterschiedliche Kartongr\u00f6\u00dfen anpassen.<\/p>\n<p>4. diese Maschine nimmt pneumatische Methode f\u00fcr die Verpackung automatisch, es \u00fcberwindet einige Nachteile, wenn nimmt manuelle oder halbautomatische, wie langsame Geschwindigkeit und die instabile Qualit\u00e4t.<\/p>\n<p>5. diese Maschine wird die Oberfl\u00e4che der verpackten Gegenst\u00e4nde nicht besch\u00e4digen.<\/p>\n<p>6. die Air-Jar mit jeder Aktion Punkt nimmt AirTAC Produkte, die F\u00e4higkeit ist sehr stabil.<\/p>\n<\/p><\/div>\n<\/p><\/div>\n<\/p><\/div>\n<div style=\"vertical-align: top;padding-top: 10px; padding-bottom: 10px; margin-right: -4px; margin-left: -4px;\">\n<div id=\"ghv8m\" style=\"vertical-align: top; box-sizing: border-box; padding-right: 4px; padding-left: 4px\">\n<table style=\"width: auto; border-collapse: collapse; word-wrap: break-word;\" class=\"aliDataTable\">\n<tbody>\n<tr>\n<td style=\"background-color: rgb(218, 226, 237);\">\n<div style=\"width: 247px; height: 22px; padding: 5px 10px; overflow: hidden;\">\n          Modell\n         <\/div>\n<\/td>\n<td colspan=\"3\">\n<div style=\"width: 456px; height: 21px; padding: 5px 10px; overflow: hidden;\">\n          DQFXA6050\n         <\/div>\n<\/td>\n<\/tr>\n<tr>\n<td style=\"background-color: rgb(218, 226, 237);\">\n<div style=\"width: 247px; height: 22px; padding: 5px 10px; overflow: hidden;\">\n          Siegelf\u00e4higkeit\n         <\/div>\n<\/td>\n<td colspan=\"3\">\n<div style=\"width: 456px; height: 21px; padding: 5px 10px; overflow: hidden;\">\n          etwa 1.000 Standardkisten pro Stunde\n         <\/div>\n<\/td>\n<\/tr>\n<tr>\n<td style=\"background-color: rgb(218, 226, 237);\">\n<div style=\"width: 247px; height: 22px; padding: 5px 10px; overflow: hidden;\">\n          Verwendetes Klebeband\n         <\/div>\n<\/td>\n<td colspan=\"3\">\n<div style=\"width: 456px; height: 21px; padding: 5px 10px; overflow: hidden;\">\n          BOPP, wasserfreies Klebeband, PVC-Klebeband\n         <\/div>\n<\/td>\n<\/tr>\n<tr>\n<td style=\"background-color: rgb(218, 226, 237);\">\n<div style=\"width: 247px; height: 22px; padding: 5px 10px; overflow: hidden;\">\n          Breite des Klebebandes\n         <\/div>\n<\/td>\n<td colspan=\"3\">\n<div style=\"width: 455px; height: 21px; padding: 5px 10px; overflow: hidden;\">\n          36, 48, 60 mm\n         <\/div>\n<\/td>\n<\/tr>\n<tr>\n<td style=\"background-color: rgb(218, 226, 237);\">\n<div style=\"width: 247px; height: 22px; padding: 5px 10px; overflow: hidden;\">\n          Energiequellen\n         <\/div>\n<\/td>\n<td colspan=\"3\">\n<div style=\"width: 455px; height: 21px; padding: 5px 10px; overflow: hidden;\">\n          220V, 50Hz, 240W\n         <\/div>\n<\/td>\n<\/tr>\n<tr>\n<td style=\"background-color: rgb(218, 226, 237);\">\n<div style=\"width: 247px; height: 22px; padding: 5px 10px; overflow: hidden;\">\n          Max. Abmessungen der Dichtung (B*H)\n         <\/div>\n<\/td>\n<td colspan=\"3\">\n<div style=\"width: 455px; height: 21px; padding: 5px 10px; overflow: hidden;\">\n          500* 600mm\n         <\/div>\n<\/td>\n<\/tr>\n<tr>\n<td style=\"background-color: rgb(218, 226, 237);\">\n<div style=\"width: 247px; height: 22px; padding: 5px 10px; overflow: hidden;\">\n          Min. Abmessungen der Dichtung (B*H)\n         <\/div>\n<\/td>\n<td colspan=\"3\">\n<div style=\"width: 455px; height: 21px; padding: 5px 10px; overflow: hidden;\">\n          170*120mm\n         <\/div>\n<\/td>\n<\/tr>\n<tr>\n<td style=\"background-color: rgb(218, 226, 237);\">\n<div style=\"width: 247px; height: 22px; padding: 5px 10px; overflow: hidden;\">\n          Gr\u00f6\u00dfe der Maschine\n         <\/div>\n<\/td>\n<td colspan=\"3\">\n<div style=\"width: 455px; height: 21px; padding: 5px 10px; overflow: hidden;\">\n          1815*720*(1380~1610)mm\n         <\/div>\n<\/td>\n<\/tr>\n<\/tbody>\n<\/table><\/div>\n<\/p><\/div>\n<div style=\"vertical-align: top;padding-top: 10px; padding-bottom: 10px; margin-right: -4px; margin-left: -4px;\">\n<div id=\"qo7nu\" style=\"vertical-align: top; box-sizing: border-box; padding-right: 4px; padding-left: 4px\">\n<div style=\"overflow: hidden; width: 750px; height: 750px;\">\n      <img decoding=\"async\" src=\"https:\/\/sc02.alicdn.com\/kf\/HTB1TEyHl8smBKNjSZFFq6AT9VXaL\/64496\/HTB1TEyHl8smBKNjSZFFq6AT9VXaL.jpg\" style=\"width: 750px; height: 750px; margin-left: 0px; margin-top: 0px;\" class=\"aligncenter\">\n     <\/div>\n<\/p><\/div>\n<\/p><\/div>\n<div style=\"vertical-align: top;padding-top: 10px; padding-bottom: 10px; margin-right: -4px; margin-left: -4px;\">\n<div style=\"vertical-align: top; box-sizing: border-box; padding-right: 4px; padding-left: 4px;margin-top: -4px; margin-bottom: -4px;\">\n<div id=\"m7ere\" style=\"vertical-align: top; box-sizing: border-box; padding-top: 4px; padding-bottom: 4px\">\n<div style=\"overflow: hidden; width: 750px; height: 320px;\">\n       <img decoding=\"async\" src=\"https:\/\/sc01.alicdn.com\/kf\/HTB1iwsIG3aTBuNjSszfq6xgfpXaj\/64496\/HTB1iwsIG3aTBuNjSszfq6xgfpXaj.jpg\" style=\"width: 750px; height: 750px; margin-left: 0px; margin-top: -172px;\" class=\"aligncenter\">\n      <\/div>\n<\/p><\/div>\n<div style=\"vertical-align: top; box-sizing: border-box; padding-top: 4px; padding-bottom: 4px;margin-right: -4px; margin-left: -4px;\">\n<div id=\"bp909\" style=\"vertical-align: top; width: 50%; display: inline-block; box-sizing: border-box; padding-right: 4px; padding-left: 4px\">\n<div style=\"overflow: hidden; width: 371px; height: 200px;\">\n        <img decoding=\"async\" src=\"https:\/\/sc01.alicdn.com\/kf\/HTB1JtVJHf9TBuNjy1zbq6xpepXa3\/64496\/HTB1JtVJHf9TBuNjy1zbq6xpepXa3.jpg\" style=\"width: 371px; height: 371px; margin-left: 0px; margin-top: -95px;\" class=\"aligncenter\">\n       <\/div>\n<\/p><\/div>\n<div id=\"8he1x\" style=\"vertical-align: top; width: 50%; display: inline-block; box-sizing: border-box; padding-right: 4px; padding-left: 4px\">\n<div style=\"overflow: hidden; width: 371px; height: 200px;\">\n        <img decoding=\"async\" src=\"https:\/\/sc02.alicdn.com\/kf\/HTB1WaDrX6fguuRjSspkq6xchpXaR\/64496\/HTB1WaDrX6fguuRjSspkq6xchpXaR.jpg\" style=\"width: 371px; height: 371px; margin-left: 0px; margin-top: -95px;\" class=\"aligncenter\">\n       <\/div>\n<\/p><\/div>\n<\/p><\/div>\n<\/p><\/div>\n<\/p><\/div>\n<div style=\"vertical-align: top;padding-top: 10px; padding-bottom: 10px; margin-right: -4px; margin-left: -4px;\">\n<div style=\"vertical-align: top; box-sizing: border-box; padding-right: 4px; padding-left: 4px;margin-top: -4px; margin-bottom: -4px;\">\n<div id=\"ypmc3\" style=\"vertical-align: top; box-sizing: border-box; padding-top: 4px; padding-bottom: 4px\">\n<h3 style=\"padding: 0px; font-size: 16px; line-height: 20px; font-weight: bold; margin: 0px;\"><font color=\"#3f6fff\">Hauptmerkmale<\/font><\/h3>\n<\/p><\/div>\n<div id=\"pee8l\" style=\"vertical-align: top; box-sizing: border-box; padding-top: 4px; padding-bottom: 4px\">\n<p style=\"margin:0;padding:0;\">1. Versiegeln Sie verschiedene Gr\u00f6\u00dfen von Kartons ohne Anpassung durch menschliche, wird es automatisch passen;<\/p>\n<p>2. Der Siegeldruck ist einstellbar, je nach den verschiedenen Materialien der Kartons;<\/p>\n<p>3. Die Schubkraft der Bewegungsarme auf zwei Seiten kann entsprechend dem Gewicht der Kartons eingestellt werden;<\/p>\n<p>4. Zweiseitige Bewegungsarme bringen die verpackten Objekte automatisch in die richtige Position;<\/p>\n<p>5. Der Bewegungsrahmen wird durch eine doppelte Luftfederung angetrieben, intelligent und reibungslos, mit langer Zeit;<\/p>\n<p>6. Der 25kg-Karton kann durch den leistungsstarken F\u00f6rdermotor gleichm\u00e4\u00dfig bef\u00f6rdert werden;<\/p>\n<p>7. Pneumatische und elektrische Teile kombinieren perfekt, mit Betrieb bequem und einfach;<\/p>\n<p>8. Die feine Struktur und die harmonische Farbgebung erfreuen sowohl das Auge als auch den Geist.<\/p>\n<\/div>\n<\/div>\n<\/div>\n<\/div>\n<div style=\"vertical-align: top;padding-top: 15px; padding-bottom: 15px;\">\n  <\/div>\n<\/p><\/div>\n<\/div>","protected":false},"excerpt":{"rendered":"<p>Ce Zertifizierung Dqfxa6050 Automatische Kartonverschlie\u00dfmaschine<\/p>","protected":false},"featured_media":3214,"comment_status":"closed","ping_status":"open","template":"","meta":[],"product_brand":[],"product_cat":[116,97],"product_tag":[],"class_list":{"0":"post-3213","1":"product","2":"type-product","3":"status-publish","4":"has-post-thumbnail","6":"product_cat-carton-sealing-machine","7":"product_cat-sealing-machines","9":"first","10":"instock","11":"sale","12":"purchasable","13":"product-type-simple"},"yoast_head":"<!-- This site is optimized with the Yoast SEO Premium plugin v20.9 (Yoast SEO v26.5) - https:\/\/yoast.com\/wordpress\/plugins\/seo\/ -->\n<title>DQFXA6050 Automatic carton sealer pneumatic box sealing machine with top and bottom conveyor - ALF PACK<\/title>\n<meta name=\"robots\" content=\"index, follow, max-snippet:-1, max-image-preview:large, max-video-preview:-1\" \/>\n<link rel=\"canonical\" href=\"https:\/\/alfequipment.com\/de\/product\/dqfxa6050-automatischer-kartonverschlieser-pneumatische-kartonverschliesmaschine-mit-ober-und-unterband\/\" \/>\n<meta property=\"og:locale\" content=\"de_DE\" \/>\n<meta property=\"og:type\" content=\"article\" \/>\n<meta property=\"og:title\" content=\"DQFXA6050 Automatic carton sealer pneumatic box sealing machine with top and bottom conveyor\" \/>\n<meta property=\"og:description\" content=\"Ce Certification Dqfxa6050 Automatic Carton Box Sealing Machine\" \/>\n<meta property=\"og:url\" content=\"https:\/\/alfequipment.com\/de\/product\/dqfxa6050-automatischer-kartonverschlieser-pneumatische-kartonverschliesmaschine-mit-ober-und-unterband\/\" \/>\n<meta property=\"og:site_name\" content=\"ALF PACK\" \/>\n<meta property=\"article:modified_time\" content=\"2025-01-13T14:41:04+00:00\" \/>\n<meta property=\"og:image\" content=\"https:\/\/alfequipment.com\/wp-content\/uploads\/2025\/01\/DQFXA6050-Automatic-carton-sealer-pneumatic-box-sealing.jpg\" \/>\n\t<meta property=\"og:image:width\" content=\"1000\" \/>\n\t<meta property=\"og:image:height\" content=\"1000\" \/>\n\t<meta property=\"og:image:type\" content=\"image\/webp\" \/>\n<meta name=\"twitter:card\" content=\"summary_large_image\" \/>\n<meta name=\"twitter:label1\" content=\"Gesch\u00e4tzte Lesezeit\" \/>\n\t<meta name=\"twitter:data1\" content=\"1\u00a0Minute\" \/>\n<script type=\"application\/ld+json\" class=\"yoast-schema-graph\">{\"@context\":\"https:\/\/schema.org\",\"@graph\":[{\"@type\":\"WebPage\",\"@id\":\"https:\/\/alfequipment.com\/product\/dqfxa6050-automatic-carton-sealer-pneumatic-box-sealing-machine-with-top-and-bottom-conveyor\/\",\"url\":\"https:\/\/alfequipment.com\/product\/dqfxa6050-automatic-carton-sealer-pneumatic-box-sealing-machine-with-top-and-bottom-conveyor\/\",\"name\":\"DQFXA6050 Automatic carton sealer pneumatic box sealing machine with top and bottom conveyor - ALF PACK\",\"isPartOf\":{\"@id\":\"https:\/\/alfequipment.com\/#website\"},\"primaryImageOfPage\":{\"@id\":\"https:\/\/alfequipment.com\/product\/dqfxa6050-automatic-carton-sealer-pneumatic-box-sealing-machine-with-top-and-bottom-conveyor\/#primaryimage\"},\"image\":{\"@id\":\"https:\/\/alfequipment.com\/product\/dqfxa6050-automatic-carton-sealer-pneumatic-box-sealing-machine-with-top-and-bottom-conveyor\/#primaryimage\"},\"thumbnailUrl\":\"https:\/\/alfequipment.com\/wp-content\/uploads\/2025\/01\/DQFXA6050-Automatic-carton-sealer-pneumatic-box-sealing.jpg\",\"datePublished\":\"2024-12-30T12:33:18+00:00\",\"dateModified\":\"2025-01-13T14:41:04+00:00\",\"breadcrumb\":{\"@id\":\"https:\/\/alfequipment.com\/product\/dqfxa6050-automatic-carton-sealer-pneumatic-box-sealing-machine-with-top-and-bottom-conveyor\/#breadcrumb\"},\"inLanguage\":\"de\",\"potentialAction\":[{\"@type\":\"ReadAction\",\"target\":[\"https:\/\/alfequipment.com\/product\/dqfxa6050-automatic-carton-sealer-pneumatic-box-sealing-machine-with-top-and-bottom-conveyor\/\"]}]},{\"@type\":\"ImageObject\",\"inLanguage\":\"de\",\"@id\":\"https:\/\/alfequipment.com\/product\/dqfxa6050-automatic-carton-sealer-pneumatic-box-sealing-machine-with-top-and-bottom-conveyor\/#primaryimage\",\"url\":\"https:\/\/alfequipment.com\/wp-content\/uploads\/2025\/01\/DQFXA6050-Automatic-carton-sealer-pneumatic-box-sealing.jpg\",\"contentUrl\":\"https:\/\/alfequipment.com\/wp-content\/uploads\/2025\/01\/DQFXA6050-Automatic-carton-sealer-pneumatic-box-sealing.jpg\",\"width\":1000,\"height\":1000},{\"@type\":\"BreadcrumbList\",\"@id\":\"https:\/\/alfequipment.com\/product\/dqfxa6050-automatic-carton-sealer-pneumatic-box-sealing-machine-with-top-and-bottom-conveyor\/#breadcrumb\",\"itemListElement\":[{\"@type\":\"ListItem\",\"position\":1,\"name\":\"Home\",\"item\":\"https:\/\/alfequipment.com\/\"},{\"@type\":\"ListItem\",\"position\":2,\"name\":\"Shop\",\"item\":\"https:\/\/alfequipment.com\/shop\/\"},{\"@type\":\"ListItem\",\"position\":3,\"name\":\"DQFXA6050 Automatic carton sealer pneumatic box sealing machine with top and bottom conveyor\"}]},{\"@type\":\"WebSite\",\"@id\":\"https:\/\/alfequipment.com\/#website\",\"url\":\"https:\/\/alfequipment.com\/\",\"name\":\"ALF PACK\",\"description\":\"\",\"publisher\":{\"@id\":\"https:\/\/alfequipment.com\/#organization\"},\"potentialAction\":[{\"@type\":\"SearchAction\",\"target\":{\"@type\":\"EntryPoint\",\"urlTemplate\":\"https:\/\/alfequipment.com\/?s={search_term_string}\"},\"query-input\":{\"@type\":\"PropertyValueSpecification\",\"valueRequired\":true,\"valueName\":\"search_term_string\"}}],\"inLanguage\":\"de\"},{\"@type\":\"Organization\",\"@id\":\"https:\/\/alfequipment.com\/#organization\",\"name\":\"ALF PACK\",\"url\":\"https:\/\/alfequipment.com\/\",\"logo\":{\"@type\":\"ImageObject\",\"inLanguage\":\"de\",\"@id\":\"https:\/\/alfequipment.com\/#\/schema\/logo\/image\/\",\"url\":\"https:\/\/alfequipment.com\/wp-content\/uploads\/2024\/11\/ALFlogo-2.webp\",\"contentUrl\":\"https:\/\/alfequipment.com\/wp-content\/uploads\/2024\/11\/ALFlogo-2.webp\",\"width\":758,\"height\":750,\"caption\":\"ALF PACK\"},\"image\":{\"@id\":\"https:\/\/alfequipment.com\/#\/schema\/logo\/image\/\"}}]}<\/script>\n<!-- \/ Yoast SEO Premium plugin. -->","yoast_head_json":{"title":"DQFXA6050 Automatischer Kartonverschlie\u00dfer pneumatische Kartonverschlie\u00dfmaschine mit Ober- und Untertransport - ALF PACK","robots":{"index":"index","follow":"follow","max-snippet":"max-snippet:-1","max-image-preview":"max-image-preview:large","max-video-preview":"max-video-preview:-1"},"canonical":"https:\/\/alfequipment.com\/de\/product\/dqfxa6050-automatischer-kartonverschlieser-pneumatische-kartonverschliesmaschine-mit-ober-und-unterband\/","og_locale":"de_DE","og_type":"article","og_title":"DQFXA6050 Automatic carton sealer pneumatic box sealing machine with top and bottom conveyor","og_description":"Ce Certification Dqfxa6050 Automatic Carton Box Sealing Machine","og_url":"https:\/\/alfequipment.com\/de\/product\/dqfxa6050-automatischer-kartonverschlieser-pneumatische-kartonverschliesmaschine-mit-ober-und-unterband\/","og_site_name":"ALF PACK","article_modified_time":"2025-01-13T14:41:04+00:00","og_image":[{"width":1000,"height":1000,"url":"https:\/\/alfequipment.com\/wp-content\/uploads\/2025\/01\/DQFXA6050-Automatic-carton-sealer-pneumatic-box-sealing.jpg","type":"image\/webp"}],"twitter_card":"summary_large_image","twitter_misc":{"Gesch\u00e4tzte Lesezeit":"1\u00a0Minute"},"schema":{"@context":"https:\/\/schema.org","@graph":[{"@type":"WebPage","@id":"https:\/\/alfequipment.com\/product\/dqfxa6050-automatic-carton-sealer-pneumatic-box-sealing-machine-with-top-and-bottom-conveyor\/","url":"https:\/\/alfequipment.com\/product\/dqfxa6050-automatic-carton-sealer-pneumatic-box-sealing-machine-with-top-and-bottom-conveyor\/","name":"DQFXA6050 Automatischer Kartonverschlie\u00dfer pneumatische Kartonverschlie\u00dfmaschine mit Ober- und Untertransport - ALF PACK","isPartOf":{"@id":"https:\/\/alfequipment.com\/#website"},"primaryImageOfPage":{"@id":"https:\/\/alfequipment.com\/product\/dqfxa6050-automatic-carton-sealer-pneumatic-box-sealing-machine-with-top-and-bottom-conveyor\/#primaryimage"},"image":{"@id":"https:\/\/alfequipment.com\/product\/dqfxa6050-automatic-carton-sealer-pneumatic-box-sealing-machine-with-top-and-bottom-conveyor\/#primaryimage"},"thumbnailUrl":"https:\/\/alfequipment.com\/wp-content\/uploads\/2025\/01\/DQFXA6050-Automatic-carton-sealer-pneumatic-box-sealing.jpg","datePublished":"2024-12-30T12:33:18+00:00","dateModified":"2025-01-13T14:41:04+00:00","breadcrumb":{"@id":"https:\/\/alfequipment.com\/product\/dqfxa6050-automatic-carton-sealer-pneumatic-box-sealing-machine-with-top-and-bottom-conveyor\/#breadcrumb"},"inLanguage":"de","potentialAction":[{"@type":"ReadAction","target":["https:\/\/alfequipment.com\/product\/dqfxa6050-automatic-carton-sealer-pneumatic-box-sealing-machine-with-top-and-bottom-conveyor\/"]}]},{"@type":"ImageObject","inLanguage":"de","@id":"https:\/\/alfequipment.com\/product\/dqfxa6050-automatic-carton-sealer-pneumatic-box-sealing-machine-with-top-and-bottom-conveyor\/#primaryimage","url":"https:\/\/alfequipment.com\/wp-content\/uploads\/2025\/01\/DQFXA6050-Automatic-carton-sealer-pneumatic-box-sealing.jpg","contentUrl":"https:\/\/alfequipment.com\/wp-content\/uploads\/2025\/01\/DQFXA6050-Automatic-carton-sealer-pneumatic-box-sealing.jpg","width":1000,"height":1000},{"@type":"BreadcrumbList","@id":"https:\/\/alfequipment.com\/product\/dqfxa6050-automatic-carton-sealer-pneumatic-box-sealing-machine-with-top-and-bottom-conveyor\/#breadcrumb","itemListElement":[{"@type":"ListItem","position":1,"name":"Home","item":"https:\/\/alfequipment.com\/"},{"@type":"ListItem","position":2,"name":"Shop","item":"https:\/\/alfequipment.com\/shop\/"},{"@type":"ListItem","position":3,"name":"DQFXA6050 Automatic carton sealer pneumatic box sealing machine with top and bottom conveyor"}]},{"@type":"WebSite","@id":"https:\/\/alfequipment.com\/#website","url":"https:\/\/alfequipment.com\/","name":"ALF PACK","description":"","publisher":{"@id":"https:\/\/alfequipment.com\/#organization"},"potentialAction":[{"@type":"SearchAction","target":{"@type":"EntryPoint","urlTemplate":"https:\/\/alfequipment.com\/?s={search_term_string}"},"query-input":{"@type":"PropertyValueSpecification","valueRequired":true,"valueName":"search_term_string"}}],"inLanguage":"de"},{"@type":"Organization","@id":"https:\/\/alfequipment.com\/#organization","name":"ALF PACK","url":"https:\/\/alfequipment.com\/","logo":{"@type":"ImageObject","inLanguage":"de","@id":"https:\/\/alfequipment.com\/#\/schema\/logo\/image\/","url":"https:\/\/alfequipment.com\/wp-content\/uploads\/2024\/11\/ALFlogo-2.webp","contentUrl":"https:\/\/alfequipment.com\/wp-content\/uploads\/2024\/11\/ALFlogo-2.webp","width":758,"height":750,"caption":"ALF PACK"},"image":{"@id":"https:\/\/alfequipment.com\/#\/schema\/logo\/image\/"}}]}},"_links":{"self":[{"href":"https:\/\/alfequipment.com\/de\/wp-json\/wp\/v2\/product\/3213","targetHints":{"allow":["GET"]}}],"collection":[{"href":"https:\/\/alfequipment.com\/de\/wp-json\/wp\/v2\/product"}],"about":[{"href":"https:\/\/alfequipment.com\/de\/wp-json\/wp\/v2\/types\/product"}],"replies":[{"embeddable":true,"href":"https:\/\/alfequipment.com\/de\/wp-json\/wp\/v2\/comments?post=3213"}],"version-history":[{"count":0,"href":"https:\/\/alfequipment.com\/de\/wp-json\/wp\/v2\/product\/3213\/revisions"}],"wp:featuredmedia":[{"embeddable":true,"href":"https:\/\/alfequipment.com\/de\/wp-json\/wp\/v2\/media\/3214"}],"wp:attachment":[{"href":"https:\/\/alfequipment.com\/de\/wp-json\/wp\/v2\/media?parent=3213"}],"wp:term":[{"taxonomy":"product_brand","embeddable":true,"href":"https:\/\/alfequipment.com\/de\/wp-json\/wp\/v2\/product_brand?post=3213"},{"taxonomy":"product_cat","embeddable":true,"href":"https:\/\/alfequipment.com\/de\/wp-json\/wp\/v2\/product_cat?post=3213"},{"taxonomy":"product_tag","embeddable":true,"href":"https:\/\/alfequipment.com\/de\/wp-json\/wp\/v2\/product_tag?post=3213"}],"curies":[{"name":"wp","href":"https:\/\/api.w.org\/{rel}","templated":true}]}}