{"id":3219,"date":"2024-12-12T20:59:40","date_gmt":"2024-12-12T20:59:40","guid":{"rendered":"https:\/\/alfequipment.com\/product\/dfxc6050a-heavy-carton-sealer-top-and-side-conveyor-box-sealing-machine\/"},"modified":"2025-01-13T14:43:53","modified_gmt":"2025-01-13T14:43:53","slug":"dfxc6050a-schwere-kartonverschliesmaschine-mit-oberem-und-seitlichem-forderband-kartonverschliesmaschine","status":"publish","type":"product","link":"https:\/\/alfequipment.com\/de\/product\/dfxc6050a-schwere-kartonverschliesmaschine-mit-oberem-und-seitlichem-forderband-kartonverschliesmaschine\/","title":{"rendered":"DFXC6050A schwere Kartonverschlie\u00dfmaschine mit Ober- und Seitentransport"},"content":{"rendered":"<div data-maya=\"{&quot;theme&quot;:{&quot;face&quot;:&quot;yin&quot;,&quot;fontFace&quot;:&quot;Roboto&quot;,&quot;fontSize&quot;:22,&quot;colors&quot;:1},&quot;items&quot;:[{&quot;title&quot;:&quot;mcjyx&quot;,&quot;formats&quot;:[[[{&quot;ejkte&quot;:&quot;H&quot;},{&quot;vq68b&quot;:&quot;P&quot;}]],[{&quot;7xho0&quot;:{&quot;name&quot;:&quot;Tc&quot;,&quot;theme&quot;:&quot;col-header&quot;,&quot;tableCfgs&quot;:{&quot;sizes&quot;:{&quot;colWidths&quot;:[283,420],&quot;rowHeights&quot;:[22,22,22,22,22,22,22,23]}}}}],[{&quot;za9xi&quot;:&quot;Ia&quot;}],[[{&quot;j5w6s&quot;:&quot;Ib&quot;},[{&quot;zcedm&quot;:&quot;Id&quot;},{&quot;bq2oz&quot;:&quot;Id&quot;}]]]]},{&quot;title&quot;:&quot;fqq6l&quot;,&quot;formats&quot;:[[{&quot;ah66o&quot;:&quot;Ig&quot;},{&quot;5f4vg&quot;:&quot;Ig&quot;},{&quot;b3jib&quot;:&quot;Ig&quot;},{&quot;zj4ga&quot;:&quot;Ig&quot;}]]},{&quot;title&quot;:&quot;3ck04&quot;,&quot;formats&quot;:[[{&quot;z6cr1&quot;:&quot;P&quot;}],[{&quot;viw94&quot;:&quot;Ia&quot;}]]},{&quot;title&quot;:&quot;lapr3&quot;,&quot;formats&quot;:[[{&quot;0ic0k&quot;:&quot;Ih&quot;},{&quot;7yruf&quot;:{&quot;name&quot;:&quot;Te&quot;,&quot;theme&quot;:&quot;double-header&quot;,&quot;tableCfgs&quot;:{&quot;sizes&quot;:{&quot;colWidths&quot;:[72,252],&quot;rowHeights&quot;:[23,23,23,196]}}}}]]},{&quot;title&quot;:&quot;fniqd&quot;,&quot;formats&quot;:[[[[{&quot;hh6z2&quot;:&quot;Im&quot;},{&quot;mcupd&quot;:&quot;Im&quot;},{&quot;bq9dl&quot;:&quot;Im&quot;}],[[{&quot;bhg0o&quot;:&quot;H&quot;},{&quot;om8lk&quot;:&quot;P&quot;}],[{&quot;f0otb&quot;:&quot;H&quot;},{&quot;2zwj8&quot;:&quot;P&quot;}],[{&quot;ag6r3&quot;:&quot;H&quot;},{&quot;3p48a&quot;:&quot;P&quot;}]]]]]}]}\">\n<div>\n<div style=\"vertical-align: top;padding-top: 15px; padding-bottom: 15px;\">\n<div style=\"vertical-align: top;padding-top: 10px; padding-bottom: 10px; margin-right: -4px; margin-left: -4px;\">\n<div style=\"vertical-align: top; box-sizing: border-box; padding-right: 4px; padding-left: 4px;margin-top: -4px; margin-bottom: -4px;\">\n<div id=\"ejkte\" style=\"vertical-align: top; box-sizing: border-box; padding-top: 4px; padding-bottom: 4px\">1.DFXC6050A Kartonverschlie\u00dfmaschine wird haupts\u00e4chlich zum Verschlie\u00dfen und Verpacken von Kartons verwendet, die entweder unabh\u00e4ngig oder als notwendiger Teil einer Produktionslinie verwendet werden kann.<\/div>\n<div id=\"vq68b\" style=\"vertical-align: top; box-sizing: border-box; padding-top: 4px; padding-bottom: 4px\">\n<p style=\"margin:0;padding:0;\">2. stellen Sie die Versiegelungsh\u00f6he und -breite von Hand entsprechend der Gr\u00f6\u00dfe des Kartons ein, legen Sie dann den Karton auf den Arbeitstisch, und der Karton wird durchgeschoben und mit dem Band automatisch zur gleichen Zeit versiegelt.<\/p>\n<p>3. die Maschine ist weit verbreitet in den Bereichen der Elektro-, Haushalts-, Textil-, Lebensmittel-, allgemeine Waren, Medizin und chemische Industrie.<\/p>\n<p>4. DFXC6050A Modell hat 3 F\u00f6rderer Motoren, kann schwere Karton laden.<\/p>\n<p>5. Das Dichtungsset l\u00e4sst sich leicht herausnehmen und die B\u00e4nder k\u00f6nnen leicht ausgetauscht werden.<\/p>\n<\/p><\/div>\n<\/p><\/div>\n<\/p><\/div>\n<div style=\"vertical-align: top;padding-top: 10px; padding-bottom: 10px; margin-right: -4px; margin-left: -4px;\">\n<div id=\"7xho0\" style=\"vertical-align: top; box-sizing: border-box; padding-right: 4px; padding-left: 4px\">\n<table style=\"width: auto; border-collapse: collapse; word-wrap: break-word;\" class=\"aliDataTable\">\n<tbody>\n<tr>\n<td style=\"background-color: rgb(218, 226, 237);\">\n<div style=\"width: 283px; height: auto; padding: 5px 10px; overflow: hidden;\">\n          Modell\n         <\/div>\n<\/td>\n<td>\n<div style=\"width: 420px; height: 22px; padding: 5px 10px; overflow: hidden;\">\n          DFXC6050A\n         <\/div>\n<\/td>\n<\/tr>\n<tr>\n<td style=\"background-color: rgb(218, 226, 237);\">\n<div style=\"width: 283px; height: 22px; padding: 5px 10px; overflow: hidden;\">\n          Siegelf\u00e4higkeit\n         <\/div>\n<\/td>\n<td>\n<div style=\"width: 420px; height: 22px; padding: 5px 10px; overflow: hidden;\">\n          etwa 1.000 Standardkisten pro Stunde\n         <\/div>\n<\/td>\n<\/tr>\n<tr>\n<td style=\"background-color: rgb(218, 226, 237);\">\n<div style=\"width: 283px; height: 22px; padding: 5px 10px; overflow: hidden;\">\n          Verwendetes Klebeband\n         <\/div>\n<\/td>\n<td>\n<div style=\"width: 420px; height: auto; padding: 5px 10px; overflow: hidden;\">\n          BOPP, wasserfreies Klebeband, PVC-Klebeband\n         <\/div>\n<\/td>\n<\/tr>\n<tr>\n<td style=\"background-color: rgb(218, 226, 237);\">\n<div style=\"width: 283px; height: 22px; padding: 5px 10px; overflow: hidden;\">\n          Breite des Klebebandes\n         <\/div>\n<\/td>\n<td>\n<div style=\"width: 420px; height: auto; padding: 5px 10px; overflow: hidden;\">\n          48, 60, 75 mm\n         <\/div>\n<\/td>\n<\/tr>\n<tr>\n<td style=\"background-color: rgb(218, 226, 237);\">\n<div style=\"width: 283px; height: 22px; padding: 5px 10px; overflow: hidden;\">\n          Energiequellen\n         <\/div>\n<\/td>\n<td>\n<div style=\"width: 420px; height: auto; padding: 5px 10px; overflow: hidden;\">\n          220V\/50Hz, 360W\n         <\/div>\n<\/td>\n<\/tr>\n<tr>\n<td style=\"background-color: rgb(218, 226, 237);\">\n<div style=\"width: 283px; height: 22px; padding: 5px 10px; overflow: hidden;\">\n          Max. Abmessungen der Dichtung (B*H)\n         <\/div>\n<\/td>\n<td>\n<div style=\"width: 420px; height: 22px; padding: 5px 10px; overflow: hidden;\">\n          500* 600mm\n         <\/div>\n<\/td>\n<\/tr>\n<tr>\n<td style=\"background-color: rgb(218, 226, 237);\">\n<div style=\"width: 283px; height: 22px; padding: 5px 10px; overflow: hidden;\">\n          Min. Abmessungen der Dichtung (B*H)\n         <\/div>\n<\/td>\n<td>\n<div style=\"width: 420px; height: auto; padding: 5px 10px; overflow: hidden;\">\n          120*110mm\n         <\/div>\n<\/td>\n<\/tr>\n<tr>\n<td style=\"background-color: rgb(218, 226, 237);\">\n<div style=\"width: 283px; height: 23px; padding: 5px 10px; overflow: hidden;\">\n          Gr\u00f6\u00dfe der Maschine\n         <\/div>\n<\/td>\n<td>\n<div style=\"width: 420px; height: 23px; padding: 5px 10px; overflow: hidden;\">\n          1848*810*1332~1532mm\n         <\/div>\n<\/td>\n<\/tr>\n<\/tbody>\n<\/table><\/div>\n<\/p><\/div>\n<div style=\"vertical-align: top;padding-top: 10px; padding-bottom: 10px; margin-right: -4px; margin-left: -4px;\">\n<div id=\"za9xi\" style=\"vertical-align: top; box-sizing: border-box; padding-right: 4px; padding-left: 4px\">\n<div style=\"overflow: hidden; width: 750px; height: 750px;\">\n      <img decoding=\"async\" src=\"https:\/\/sc01.alicdn.com\/kf\/HTB1t.TraiHrK1Rjy0Flq6AsaFXai\/64496\/HTB1t.TraiHrK1Rjy0Flq6AsaFXai.jpg\" style=\"width: 750px; height: 750px; margin-left: 0px; margin-top: 0px;\" class=\"aligncenter\">\n     <\/div>\n<\/p><\/div>\n<\/p><\/div>\n<div style=\"vertical-align: top;padding-top: 10px; padding-bottom: 10px; margin-right: -4px; margin-left: -4px;\">\n<div style=\"vertical-align: top; box-sizing: border-box; padding-right: 4px; padding-left: 4px;margin-top: -4px; margin-bottom: -4px;\">\n<div id=\"j5w6s\" style=\"vertical-align: top; box-sizing: border-box; padding-top: 4px; padding-bottom: 4px\">\n<div style=\"overflow: hidden; width: 750px; height: 320px;\">\n       <img decoding=\"async\" src=\"https:\/\/sc01.alicdn.com\/kf\/HTB1OPY3ajDuK1RjSszdq6xGLpXaO\/64496\/HTB1OPY3ajDuK1RjSszdq6xGLpXaO.jpg\" style=\"width: 750px; height: 750px; margin-left: 0px; margin-top: -181px;\" class=\"aligncenter\">\n      <\/div>\n<\/p><\/div>\n<div style=\"vertical-align: top; box-sizing: border-box; padding-top: 4px; padding-bottom: 4px;margin-right: -4px; margin-left: -4px;\">\n<div id=\"zcedm\" style=\"vertical-align: top; width: 50%; display: inline-block; box-sizing: border-box; padding-right: 4px; padding-left: 4px\">\n<div style=\"overflow: hidden; width: 371px; height: 200px;\">\n        <img decoding=\"async\" src=\"https:\/\/sc01.alicdn.com\/kf\/HTB17f98wSzqK1RjSZPcq6zTepXaN\/64496\/HTB17f98wSzqK1RjSZPcq6zTepXaN.jpg\" style=\"width: 371px; height: 371px; margin-left: 0px; margin-top: -106px;\" class=\"aligncenter\">\n       <\/div>\n<\/p><\/div>\n<div id=\"bq2oz\" style=\"vertical-align: top; width: 50%; display: inline-block; box-sizing: border-box; padding-right: 4px; padding-left: 4px\">\n<div style=\"overflow: hidden; width: 371px; height: 200px;\">\n        <img decoding=\"async\" src=\"https:\/\/sc02.alicdn.com\/kf\/HTB19sv0acfrK1Rjy0Fmq6xhEXXa6\/64496\/HTB19sv0acfrK1Rjy0Fmq6xhEXXa6.jpg\" style=\"width: 371px; height: 371px; margin-left: 0px; margin-top: -90px;\" class=\"aligncenter\"><\/div>\n<\/div>\n<\/div>\n<\/div>\n<\/div>\n<\/div>\n<div style=\"vertical-align: top;padding-top: 15px; padding-bottom: 15px;\">\n<div style=\"vertical-align: top;padding-top: 10px; padding-bottom: 10px; margin-right: -4px; margin-left: -4px;\">\n<div style=\"vertical-align: top; box-sizing: border-box; padding-right: 4px; padding-left: 4px;margin-top: -4px; margin-bottom: -4px;\">\n<div style=\"vertical-align: top; box-sizing: border-box; padding-top: 4px; padding-bottom: 4px;margin-right: -4px; margin-left: -4px;\">\n<div style=\"vertical-align: top; width: 33.3333%; display: inline-block; box-sizing: border-box; padding-right: 4px; padding-left: 4px;margin-top: -4px; margin-bottom: -4px;\">\n<div id=\"3p48a\" style=\"vertical-align: top; box-sizing: border-box; padding-top: 4px; padding-bottom: 4px\">\n       <\/div>\n<\/p><\/div>\n<\/p><\/div>\n<\/p><\/div>\n<\/p><\/div>\n<\/p><\/div>\n<\/p><\/div>\n<\/div>","protected":false},"excerpt":{"rendered":"<p>Schwere Kartonverschlie\u00dfmaschine<\/p>","protected":false},"featured_media":3220,"comment_status":"closed","ping_status":"open","template":"","meta":[],"product_brand":[],"product_cat":[116,97],"product_tag":[],"class_list":{"0":"post-3219","1":"product","2":"type-product","3":"status-publish","4":"has-post-thumbnail","6":"product_cat-carton-sealing-machine","7":"product_cat-sealing-machines","9":"first","10":"instock","11":"sale","12":"purchasable","13":"product-type-simple"},"yoast_head":"<!-- This site is optimized with the Yoast SEO Premium plugin v20.9 (Yoast SEO v26.5) - https:\/\/yoast.com\/wordpress\/plugins\/seo\/ -->\n<title>DFXC6050A heavy carton sealer top and side conveyor box sealing machine - ALF PACK<\/title>\n<meta name=\"robots\" content=\"index, follow, max-snippet:-1, max-image-preview:large, max-video-preview:-1\" \/>\n<link rel=\"canonical\" href=\"https:\/\/alfequipment.com\/de\/product\/dfxc6050a-schwere-kartonverschliesmaschine-mit-oberem-und-seitlichem-forderband-kartonverschliesmaschine\/\" \/>\n<meta property=\"og:locale\" content=\"de_DE\" \/>\n<meta property=\"og:type\" content=\"article\" \/>\n<meta property=\"og:title\" content=\"DFXC6050A heavy carton sealer top and side conveyor box sealing machine\" \/>\n<meta property=\"og:description\" content=\"Heavy Carton Sealing Machine\" \/>\n<meta property=\"og:url\" content=\"https:\/\/alfequipment.com\/de\/product\/dfxc6050a-schwere-kartonverschliesmaschine-mit-oberem-und-seitlichem-forderband-kartonverschliesmaschine\/\" \/>\n<meta property=\"og:site_name\" content=\"ALF PACK\" \/>\n<meta property=\"article:modified_time\" content=\"2025-01-13T14:43:53+00:00\" \/>\n<meta property=\"og:image\" content=\"https:\/\/alfequipment.com\/wp-content\/uploads\/2025\/01\/DFXC6050A-heavy-carton-sealer-top-and-side.jpg\" \/>\n\t<meta property=\"og:image:width\" content=\"800\" \/>\n\t<meta property=\"og:image:height\" content=\"800\" \/>\n\t<meta property=\"og:image:type\" content=\"image\/webp\" \/>\n<meta name=\"twitter:card\" content=\"summary_large_image\" \/>\n<meta name=\"twitter:label1\" content=\"Gesch\u00e4tzte Lesezeit\" \/>\n\t<meta name=\"twitter:data1\" content=\"1\u00a0Minute\" \/>\n<script type=\"application\/ld+json\" class=\"yoast-schema-graph\">{\"@context\":\"https:\/\/schema.org\",\"@graph\":[{\"@type\":\"WebPage\",\"@id\":\"https:\/\/alfequipment.com\/product\/dfxc6050a-heavy-carton-sealer-top-and-side-conveyor-box-sealing-machine\/\",\"url\":\"https:\/\/alfequipment.com\/product\/dfxc6050a-heavy-carton-sealer-top-and-side-conveyor-box-sealing-machine\/\",\"name\":\"DFXC6050A heavy carton sealer top and side conveyor box sealing machine - ALF PACK\",\"isPartOf\":{\"@id\":\"https:\/\/alfequipment.com\/#website\"},\"primaryImageOfPage\":{\"@id\":\"https:\/\/alfequipment.com\/product\/dfxc6050a-heavy-carton-sealer-top-and-side-conveyor-box-sealing-machine\/#primaryimage\"},\"image\":{\"@id\":\"https:\/\/alfequipment.com\/product\/dfxc6050a-heavy-carton-sealer-top-and-side-conveyor-box-sealing-machine\/#primaryimage\"},\"thumbnailUrl\":\"https:\/\/alfequipment.com\/wp-content\/uploads\/2025\/01\/DFXC6050A-heavy-carton-sealer-top-and-side.jpg\",\"datePublished\":\"2024-12-12T20:59:40+00:00\",\"dateModified\":\"2025-01-13T14:43:53+00:00\",\"breadcrumb\":{\"@id\":\"https:\/\/alfequipment.com\/product\/dfxc6050a-heavy-carton-sealer-top-and-side-conveyor-box-sealing-machine\/#breadcrumb\"},\"inLanguage\":\"de\",\"potentialAction\":[{\"@type\":\"ReadAction\",\"target\":[\"https:\/\/alfequipment.com\/product\/dfxc6050a-heavy-carton-sealer-top-and-side-conveyor-box-sealing-machine\/\"]}]},{\"@type\":\"ImageObject\",\"inLanguage\":\"de\",\"@id\":\"https:\/\/alfequipment.com\/product\/dfxc6050a-heavy-carton-sealer-top-and-side-conveyor-box-sealing-machine\/#primaryimage\",\"url\":\"https:\/\/alfequipment.com\/wp-content\/uploads\/2025\/01\/DFXC6050A-heavy-carton-sealer-top-and-side.jpg\",\"contentUrl\":\"https:\/\/alfequipment.com\/wp-content\/uploads\/2025\/01\/DFXC6050A-heavy-carton-sealer-top-and-side.jpg\",\"width\":800,\"height\":800},{\"@type\":\"BreadcrumbList\",\"@id\":\"https:\/\/alfequipment.com\/product\/dfxc6050a-heavy-carton-sealer-top-and-side-conveyor-box-sealing-machine\/#breadcrumb\",\"itemListElement\":[{\"@type\":\"ListItem\",\"position\":1,\"name\":\"Home\",\"item\":\"https:\/\/alfequipment.com\/\"},{\"@type\":\"ListItem\",\"position\":2,\"name\":\"Shop\",\"item\":\"https:\/\/alfequipment.com\/shop\/\"},{\"@type\":\"ListItem\",\"position\":3,\"name\":\"DFXC6050A heavy carton sealer top and side conveyor box sealing machine\"}]},{\"@type\":\"WebSite\",\"@id\":\"https:\/\/alfequipment.com\/#website\",\"url\":\"https:\/\/alfequipment.com\/\",\"name\":\"ALF PACK\",\"description\":\"\",\"publisher\":{\"@id\":\"https:\/\/alfequipment.com\/#organization\"},\"potentialAction\":[{\"@type\":\"SearchAction\",\"target\":{\"@type\":\"EntryPoint\",\"urlTemplate\":\"https:\/\/alfequipment.com\/?s={search_term_string}\"},\"query-input\":{\"@type\":\"PropertyValueSpecification\",\"valueRequired\":true,\"valueName\":\"search_term_string\"}}],\"inLanguage\":\"de\"},{\"@type\":\"Organization\",\"@id\":\"https:\/\/alfequipment.com\/#organization\",\"name\":\"ALF PACK\",\"url\":\"https:\/\/alfequipment.com\/\",\"logo\":{\"@type\":\"ImageObject\",\"inLanguage\":\"de\",\"@id\":\"https:\/\/alfequipment.com\/#\/schema\/logo\/image\/\",\"url\":\"https:\/\/alfequipment.com\/wp-content\/uploads\/2024\/11\/ALFlogo-2.webp\",\"contentUrl\":\"https:\/\/alfequipment.com\/wp-content\/uploads\/2024\/11\/ALFlogo-2.webp\",\"width\":758,\"height\":750,\"caption\":\"ALF PACK\"},\"image\":{\"@id\":\"https:\/\/alfequipment.com\/#\/schema\/logo\/image\/\"}}]}<\/script>\n<!-- \/ Yoast SEO Premium plugin. -->","yoast_head_json":{"title":"DFXC6050A schwere Kartonverschlie\u00dfmaschine mit Ober- und Seitentransport - ALF PACK","robots":{"index":"index","follow":"follow","max-snippet":"max-snippet:-1","max-image-preview":"max-image-preview:large","max-video-preview":"max-video-preview:-1"},"canonical":"https:\/\/alfequipment.com\/de\/product\/dfxc6050a-schwere-kartonverschliesmaschine-mit-oberem-und-seitlichem-forderband-kartonverschliesmaschine\/","og_locale":"de_DE","og_type":"article","og_title":"DFXC6050A heavy carton sealer top and side conveyor box sealing machine","og_description":"Heavy Carton Sealing Machine","og_url":"https:\/\/alfequipment.com\/de\/product\/dfxc6050a-schwere-kartonverschliesmaschine-mit-oberem-und-seitlichem-forderband-kartonverschliesmaschine\/","og_site_name":"ALF PACK","article_modified_time":"2025-01-13T14:43:53+00:00","og_image":[{"width":800,"height":800,"url":"https:\/\/alfequipment.com\/wp-content\/uploads\/2025\/01\/DFXC6050A-heavy-carton-sealer-top-and-side.jpg","type":"image\/webp"}],"twitter_card":"summary_large_image","twitter_misc":{"Gesch\u00e4tzte Lesezeit":"1\u00a0Minute"},"schema":{"@context":"https:\/\/schema.org","@graph":[{"@type":"WebPage","@id":"https:\/\/alfequipment.com\/product\/dfxc6050a-heavy-carton-sealer-top-and-side-conveyor-box-sealing-machine\/","url":"https:\/\/alfequipment.com\/product\/dfxc6050a-heavy-carton-sealer-top-and-side-conveyor-box-sealing-machine\/","name":"DFXC6050A schwere Kartonverschlie\u00dfmaschine mit Ober- und Seitentransport - ALF PACK","isPartOf":{"@id":"https:\/\/alfequipment.com\/#website"},"primaryImageOfPage":{"@id":"https:\/\/alfequipment.com\/product\/dfxc6050a-heavy-carton-sealer-top-and-side-conveyor-box-sealing-machine\/#primaryimage"},"image":{"@id":"https:\/\/alfequipment.com\/product\/dfxc6050a-heavy-carton-sealer-top-and-side-conveyor-box-sealing-machine\/#primaryimage"},"thumbnailUrl":"https:\/\/alfequipment.com\/wp-content\/uploads\/2025\/01\/DFXC6050A-heavy-carton-sealer-top-and-side.jpg","datePublished":"2024-12-12T20:59:40+00:00","dateModified":"2025-01-13T14:43:53+00:00","breadcrumb":{"@id":"https:\/\/alfequipment.com\/product\/dfxc6050a-heavy-carton-sealer-top-and-side-conveyor-box-sealing-machine\/#breadcrumb"},"inLanguage":"de","potentialAction":[{"@type":"ReadAction","target":["https:\/\/alfequipment.com\/product\/dfxc6050a-heavy-carton-sealer-top-and-side-conveyor-box-sealing-machine\/"]}]},{"@type":"ImageObject","inLanguage":"de","@id":"https:\/\/alfequipment.com\/product\/dfxc6050a-heavy-carton-sealer-top-and-side-conveyor-box-sealing-machine\/#primaryimage","url":"https:\/\/alfequipment.com\/wp-content\/uploads\/2025\/01\/DFXC6050A-heavy-carton-sealer-top-and-side.jpg","contentUrl":"https:\/\/alfequipment.com\/wp-content\/uploads\/2025\/01\/DFXC6050A-heavy-carton-sealer-top-and-side.jpg","width":800,"height":800},{"@type":"BreadcrumbList","@id":"https:\/\/alfequipment.com\/product\/dfxc6050a-heavy-carton-sealer-top-and-side-conveyor-box-sealing-machine\/#breadcrumb","itemListElement":[{"@type":"ListItem","position":1,"name":"Home","item":"https:\/\/alfequipment.com\/"},{"@type":"ListItem","position":2,"name":"Shop","item":"https:\/\/alfequipment.com\/shop\/"},{"@type":"ListItem","position":3,"name":"DFXC6050A heavy carton sealer top and side conveyor box sealing machine"}]},{"@type":"WebSite","@id":"https:\/\/alfequipment.com\/#website","url":"https:\/\/alfequipment.com\/","name":"ALF PACK","description":"","publisher":{"@id":"https:\/\/alfequipment.com\/#organization"},"potentialAction":[{"@type":"SearchAction","target":{"@type":"EntryPoint","urlTemplate":"https:\/\/alfequipment.com\/?s={search_term_string}"},"query-input":{"@type":"PropertyValueSpecification","valueRequired":true,"valueName":"search_term_string"}}],"inLanguage":"de"},{"@type":"Organization","@id":"https:\/\/alfequipment.com\/#organization","name":"ALF PACK","url":"https:\/\/alfequipment.com\/","logo":{"@type":"ImageObject","inLanguage":"de","@id":"https:\/\/alfequipment.com\/#\/schema\/logo\/image\/","url":"https:\/\/alfequipment.com\/wp-content\/uploads\/2024\/11\/ALFlogo-2.webp","contentUrl":"https:\/\/alfequipment.com\/wp-content\/uploads\/2024\/11\/ALFlogo-2.webp","width":758,"height":750,"caption":"ALF PACK"},"image":{"@id":"https:\/\/alfequipment.com\/#\/schema\/logo\/image\/"}}]}},"_links":{"self":[{"href":"https:\/\/alfequipment.com\/de\/wp-json\/wp\/v2\/product\/3219","targetHints":{"allow":["GET"]}}],"collection":[{"href":"https:\/\/alfequipment.com\/de\/wp-json\/wp\/v2\/product"}],"about":[{"href":"https:\/\/alfequipment.com\/de\/wp-json\/wp\/v2\/types\/product"}],"replies":[{"embeddable":true,"href":"https:\/\/alfequipment.com\/de\/wp-json\/wp\/v2\/comments?post=3219"}],"version-history":[{"count":0,"href":"https:\/\/alfequipment.com\/de\/wp-json\/wp\/v2\/product\/3219\/revisions"}],"wp:featuredmedia":[{"embeddable":true,"href":"https:\/\/alfequipment.com\/de\/wp-json\/wp\/v2\/media\/3220"}],"wp:attachment":[{"href":"https:\/\/alfequipment.com\/de\/wp-json\/wp\/v2\/media?parent=3219"}],"wp:term":[{"taxonomy":"product_brand","embeddable":true,"href":"https:\/\/alfequipment.com\/de\/wp-json\/wp\/v2\/product_brand?post=3219"},{"taxonomy":"product_cat","embeddable":true,"href":"https:\/\/alfequipment.com\/de\/wp-json\/wp\/v2\/product_cat?post=3219"},{"taxonomy":"product_tag","embeddable":true,"href":"https:\/\/alfequipment.com\/de\/wp-json\/wp\/v2\/product_tag?post=3219"}],"curies":[{"name":"wp","href":"https:\/\/api.w.org\/{rel}","templated":true}]}}