{"id":3231,"date":"2024-12-02T09:20:10","date_gmt":"2024-12-02T09:20:10","guid":{"rendered":"https:\/\/alfequipment.com\/product\/dql4518s-high-speed-automatic-side-sealer-sealing-packaging-machine\/"},"modified":"2025-01-14T02:51:44","modified_gmt":"2025-01-14T02:51:44","slug":"dql4518s-automatische-hochgeschwindigkeits-seitenschweismaschine-verpackungsmaschine","status":"publish","type":"product","link":"https:\/\/alfequipment.com\/de\/product\/dql4518s-automatische-hochgeschwindigkeits-seitenschweismaschine-verpackungsmaschine\/","title":{"rendered":"DQL4518S Automatische Hochgeschwindigkeits-Seitenschwei\u00dfmaschine Verpackungsmaschine"},"content":{"rendered":"<div data-host=\"112114235\" data-magic-global=\"%7B%22bizId%22%3A17179933680%2C%22pageId%22%3A5022494274%2C%22siteId%22%3A5005331025%7D\" data-id=\"detail_decorate_root\" id=\"detail_decorate_root\">\n<div id=\"ali-anchor-AliMagic-h6c67y\" data-section=\"AliMagic-h6c67y\" data-section-title=\"Product Description\" class=\"magic-0\">Die DQL4518S arbeitet \u00e4hnlich wie die obige DQL5545G, mit dem Unterschied, dass bei dieser Maschine die Kartons\/Produkte beliebige L\u00e4ngen haben k\u00f6nnen. Der Seitenschwei\u00dfmechanismus ist kontinuierlich, w\u00e4hrend die QL5545 eine L-Schwei\u00dfvorrichtung hat. Diese Maschine ist ideal zum Verpacken von Fotorahmen, Aluminiumplatten, Kunststoffrohren, Corning, Sockelleisten, Holzprodukten usw.Der ideale Schrumpftunnel f\u00fcr den DQL4518S ist der DSC4525L, der ein fortschrittliches Hei\u00dfluftzirkulationssystem f\u00fcr hervorragende Schrumpfergebnisse verwendet und bei dem die Geschwindigkeit des F\u00f6rderers auf die f\u00fcr die Linie geeignete Geschwindigkeit eingestellt werden kann.<\/div>\n<div class=\"ife-detail-decorate-table\">\n<table class=\"all magic-8\">\n<tbody>\n<tr>\n<td colspan=\"1\" rowspan=\"1\">\n<div class=\"magic-9\">\n       Modell\n      <\/div>\n<\/td>\n<td colspan=\"1\" rowspan=\"1\">\n<div class=\"magic-10\">\n       DQL4518S\n      <\/div>\n<\/td>\n<\/tr>\n<tr>\n<td colspan=\"1\" rowspan=\"1\">\n<div class=\"magic-9\">\n       Maximales Packma\u00df(\u339c)\n      <\/div>\n<\/td>\n<td colspan=\"1\" rowspan=\"1\">\n<div class=\"magic-10\">\n       L \u221e, W+H&lt;380, H&lt;180\n      <\/div>\n<\/td>\n<\/tr>\n<tr>\n<td colspan=\"1\" rowspan=\"1\">\n<div class=\"magic-9\">\n       Maximale Siegelgr\u00f6\u00dfe(\u339c)\n      <\/div>\n<\/td>\n<td colspan=\"1\" rowspan=\"1\">\n<div class=\"magic-10\">\n       W450\n      <\/div>\n<\/td>\n<\/tr>\n<tr>\n<td colspan=\"1\" rowspan=\"1\">\n<div class=\"magic-9\">\n       Leistung(KW)\n      <\/div>\n<\/td>\n<td colspan=\"1\" rowspan=\"1\">\n<div class=\"magic-10\">\n       2.50\n      <\/div>\n<\/td>\n<\/tr>\n<tr>\n<td colspan=\"1\" rowspan=\"1\">\n<div class=\"magic-9\">\n       Kapazit\u00e4t\n      <\/div>\n<\/td>\n<td colspan=\"1\" rowspan=\"1\">\n<div class=\"magic-10\">\n       0-35 St\u00fcck\/min\n      <\/div>\n<\/td>\n<\/tr>\n<tr>\n<td colspan=\"1\" rowspan=\"1\">\n<div class=\"magic-9\">\n       Spannung\n      <\/div>\n<\/td>\n<td colspan=\"1\" rowspan=\"1\">\n<div class=\"magic-10\">\n       220V 50\/60HZ\n      <\/div>\n<\/td>\n<\/tr>\n<tr>\n<td colspan=\"1\" rowspan=\"1\">\n<div class=\"magic-9\">\n       Temperatur der Versiegelung\n      <\/div>\n<\/td>\n<td colspan=\"1\" rowspan=\"1\">\n<div class=\"magic-10\">\n       Horizontale Schwei\u00dfleiste: 140\u2103-180\u2103, Seitliche Schwei\u00dfleiste: 180\u2103-250\u2103\n      <\/div>\n<\/td>\n<\/tr>\n<tr>\n<td colspan=\"1\" rowspan=\"1\">\n<div class=\"magic-9\">\n       Dicke der Folie (mm)\n      <\/div>\n<\/td>\n<td colspan=\"1\" rowspan=\"1\">\n<div class=\"magic-10\">\n       0.015-0.10\n      <\/div>\n<\/td>\n<\/tr>\n<tr>\n<td colspan=\"1\" rowspan=\"1\">\n<div class=\"magic-9\">\n       Luftdruck(Kg\/cm2) )\n      <\/div>\n<\/td>\n<td colspan=\"1\" rowspan=\"1\">\n<div class=\"magic-10\">\n       5\n      <\/div>\n<\/td>\n<\/tr>\n<tr>\n<td colspan=\"1\" rowspan=\"1\">\n<div class=\"magic-9\">\n       Verpackungsmaterial\n      <\/div>\n<\/td>\n<td colspan=\"1\" rowspan=\"1\">\n<div class=\"magic-10\">\n       POF PVC\n      <\/div>\n<\/td>\n<\/tr>\n<tr>\n<td colspan=\"1\" rowspan=\"1\">\n<div class=\"magic-9\">\n       Gewicht der Maschine(\u338f)\n      <\/div>\n<\/td>\n<td colspan=\"1\" rowspan=\"1\">\n<div class=\"magic-10\">\n       350\n      <\/div>\n<\/td>\n<\/tr>\n<tr>\n<td colspan=\"1\" rowspan=\"1\">\n<div class=\"magic-9\">\n       Gr\u00f6\u00dfe der Maschine(\u339c)\n      <\/div>\n<\/td>\n<td colspan=\"1\" rowspan=\"1\">\n<div class=\"magic-10\">\n       L1800\u00d7W950\u00d7H1580\n      <\/div>\n<\/td>\n<\/tr>\n<\/tbody>\n<\/table><\/div>\n<div class=\"icbu-pc-images magic-11\">\n<div>\n<div class=\"flex-layout-v\">\n<div class=\"flex-layout-h magic-11\">\n<div class=\"magic-12\">\n      <img decoding=\"async\" src=\"https:\/\/sc01.alicdn.com\/kf\/HTB1CNuBaOYrK1Rjy0Fdq6ACvVXak\/64496\/HTB1CNuBaOYrK1Rjy0Fdq6ACvVXak.jpg\" class=\"aligncenter\">\n     <\/div>\n<\/p><\/div>\n<\/p><\/div>\n<\/p><\/div>\n<\/p><\/div>\n<div class=\"icbu-pc-images magic-11\">\n<div>\n<div class=\"flex-layout-v\">\n<div class=\"flex-layout-h magic-11\">\n<div class=\"magic-12\">\n      <img decoding=\"async\" src=\"https:\/\/sc01.alicdn.com\/kf\/HTB1sGeFaPDuK1Rjy1zjq6zraFXax\/64496\/HTB1sGeFaPDuK1Rjy1zjq6zraFXax.jpg\" class=\"aligncenter\">\n     <\/div>\n<\/p><\/div>\n<\/p><\/div>\n<\/p><\/div>\n<\/p><\/div>\n<div class=\"icbu-pc-images magic-11\">\n<div>\n<div class=\"flex-layout-v\">\n<div class=\"flex-layout-h magic-11\">\n<div class=\"magic-14\">\n      <img decoding=\"async\" src=\"https:\/\/sc01.alicdn.com\/kf\/HTB1arMbaEzrK1RjSspmq6AOdFXay\/64496\/HTB1arMbaEzrK1RjSspmq6AOdFXay.jpg\" data-id=\"child-image-0\" class=\"aligncenter\">\n     <\/div>\n<div class=\"magic-16\">\n      <img decoding=\"async\" src=\"https:\/\/sc01.alicdn.com\/kf\/HTB1VYZbasfrK1Rjy1Xdq6yemFXaQ\/64496\/HTB1VYZbasfrK1Rjy1Xdq6yemFXaQ.jpg\" data-id=\"child-image-1\" class=\"aligncenter\">\n     <\/div>\n<\/p><\/div>\n<\/p><\/div>\n<\/p><\/div>\n<\/p><\/div>\n<div class=\"detail-decorate-json-renderer-container\">\n<div class=\"magic-1\">\n<h3 data-id=\"title0\" class=\"magic-2\"><\/h3>\n<h3 class=\"magic-3\"><font color=\"#3f6fff\">Hauptmerkmale<\/font><\/h3>\n<div class=\"magic-4\">\n<div class=\"magic-5\">\n<div data-id=\"paragraph0\" class=\"magic-6\">\n<p class=\"magic-7\">1.DQL4518S ist die automatische Seitenschwei\u00dfmaschine, die von uns selbst entwickelt wurde. Sie wird f\u00fcr eine Hochleistungs-Verpackungsproduktionslinie verwendet, die F\u00fctterung, die F\u00f6rderung, die Eingabe des Beutels und die Versiegelung k\u00f6nnen gleichzeitig durchgef\u00fchrt werden, sie hat eine hohe Arbeitseffizienz.<\/p>\n<p>2. vertikale Abdichtung nimmt hohe Qualit\u00e4t unterst\u00fctzende Struktur und zwei Seiten lineare F\u00fchrung zu machen Abdichtung Druck ausgeglichen, Rahmen wird nicht leicht besch\u00e4digt werden. Die Abdichtung Messer nimmt Kupferlegierung mit Teflon bespr\u00fcht, wird es nicht kleben Film, Abdichtung Festigkeit, ohne Rauch, nicht-Verschmutzung<\/p>\n<p>3. seitliche Versiegelung nimmt konstante Temperatur Siegelmesser, Siegelteil ist gerade und stark, es gibt keine begrenzte \u00fcber Verpackung Objekt L\u00e4nge. Film F\u00fctterung G\u00fcrtel nimmt verbreitern und verdicken G\u00fcrtel, seine Lebensdauer ist lang und leicht zu ersetzen.<\/p>\n<p>4. die Maschine nimmt \"Omrom\" SPS-Steuerung, <\/p>\n<p>5.it ist mit \"Panasonic\" Foto-Sensor ausgestattet, um hohe Geschwindigkeit und automatische Arbeit zu erreichen.<\/p>\n<p>6. der \"Omron\"-Temperaturregler sichert den Fehler der Versiegelungstemperatur und die \"Omron\"-Verz\u00f6gerungskontrolle die genaue Versiegelungszeit<\/p>\n<p>7. internationale fortschrittliche Perforierung Ger\u00e4t Design gew\u00e4hrleisten stabile Arbeit<\/p>\n<p>8. \"Airtach\"-Luftfilter zur Gew\u00e4hrleistung einer ausreichenden Luftversorgung der Maschine<\/p>\n<p>9. es mit Touchscreen ausgestattet ist einfacher, die Gr\u00f6\u00dfe zu \u00e4ndern<\/p>\n<p>10.it hat Schutzfunktion, um die Versiegelung Produkt falsch zu vermeiden und die Sicherheit des Betreibers zu gew\u00e4hrleisten<\/p>\n<p>11.nice Design des Zylinders, die den offenen Abstand der beiden Siegel bar einstellen wird.<\/p>\n<\/p><\/div>\n<\/p><\/div>\n<\/p><\/div>\n<\/p><\/div>\n<\/p><\/div>\n<div id=\"ali-anchor-AliMagic-l6yr53\" data-section=\"AliMagic-l6yr53\" data-section-title=\"Certifications\" class=\"magic-0\"><\/div>\n<div class=\"icbu-pc-images magic-11\">\n<div>\n<div class=\"flex-layout-v\">\n<div class=\"flex-layout-h magic-11\">\n    <\/div>\n<\/p><\/div>\n<\/p><\/div>\n<\/p><\/div>\n<\/div>","protected":false},"excerpt":{"rendered":"<p>Hochgeschwindigkeits-Seitenschwei\u00dfger\u00e4t<\/p>","protected":false},"featured_media":3232,"comment_status":"closed","ping_status":"open","template":"","meta":[],"product_brand":[],"product_cat":[122,97],"product_tag":[],"class_list":{"0":"post-3231","1":"product","2":"type-product","3":"status-publish","4":"has-post-thumbnail","6":"product_cat-l-type-sealer","7":"product_cat-sealing-machines","9":"first","10":"instock","11":"sale","12":"purchasable","13":"product-type-simple"},"yoast_head":"<!-- This site is optimized with the Yoast SEO Premium plugin v20.9 (Yoast SEO v26.5) - https:\/\/yoast.com\/wordpress\/plugins\/seo\/ -->\n<title>DQL4518S High speed automatic side sealer sealing packaging machine - ALF PACK<\/title>\n<meta name=\"robots\" content=\"index, follow, max-snippet:-1, max-image-preview:large, max-video-preview:-1\" \/>\n<link rel=\"canonical\" href=\"https:\/\/alfequipment.com\/de\/product\/dql4518s-automatische-hochgeschwindigkeits-seitenschweismaschine-verpackungsmaschine\/\" \/>\n<meta property=\"og:locale\" content=\"de_DE\" \/>\n<meta property=\"og:type\" content=\"article\" \/>\n<meta property=\"og:title\" content=\"DQL4518S High speed automatic side sealer sealing packaging machine\" \/>\n<meta property=\"og:description\" content=\"High Speed Side Sealer\" \/>\n<meta property=\"og:url\" content=\"https:\/\/alfequipment.com\/de\/product\/dql4518s-automatische-hochgeschwindigkeits-seitenschweismaschine-verpackungsmaschine\/\" \/>\n<meta property=\"og:site_name\" content=\"ALF PACK\" \/>\n<meta property=\"article:modified_time\" content=\"2025-01-14T02:51:44+00:00\" \/>\n<meta property=\"og:image\" content=\"https:\/\/alfequipment.com\/wp-content\/uploads\/2025\/01\/Hf5884b4d9f264d299c19871868a5dd25u.jpg\" \/>\n\t<meta property=\"og:image:width\" content=\"800\" \/>\n\t<meta property=\"og:image:height\" content=\"800\" \/>\n\t<meta property=\"og:image:type\" content=\"image\/webp\" \/>\n<meta name=\"twitter:card\" content=\"summary_large_image\" \/>\n<meta name=\"twitter:label1\" content=\"Gesch\u00e4tzte Lesezeit\" \/>\n\t<meta name=\"twitter:data1\" content=\"2\u00a0Minuten\" \/>\n<script type=\"application\/ld+json\" class=\"yoast-schema-graph\">{\"@context\":\"https:\/\/schema.org\",\"@graph\":[{\"@type\":\"WebPage\",\"@id\":\"https:\/\/alfequipment.com\/product\/dql4518s-high-speed-automatic-side-sealer-sealing-packaging-machine\/\",\"url\":\"https:\/\/alfequipment.com\/product\/dql4518s-high-speed-automatic-side-sealer-sealing-packaging-machine\/\",\"name\":\"DQL4518S High speed automatic side sealer sealing packaging machine - ALF PACK\",\"isPartOf\":{\"@id\":\"https:\/\/alfequipment.com\/#website\"},\"primaryImageOfPage\":{\"@id\":\"https:\/\/alfequipment.com\/product\/dql4518s-high-speed-automatic-side-sealer-sealing-packaging-machine\/#primaryimage\"},\"image\":{\"@id\":\"https:\/\/alfequipment.com\/product\/dql4518s-high-speed-automatic-side-sealer-sealing-packaging-machine\/#primaryimage\"},\"thumbnailUrl\":\"https:\/\/alfequipment.com\/wp-content\/uploads\/2025\/01\/Hf5884b4d9f264d299c19871868a5dd25u.jpg\",\"datePublished\":\"2024-12-02T09:20:10+00:00\",\"dateModified\":\"2025-01-14T02:51:44+00:00\",\"breadcrumb\":{\"@id\":\"https:\/\/alfequipment.com\/product\/dql4518s-high-speed-automatic-side-sealer-sealing-packaging-machine\/#breadcrumb\"},\"inLanguage\":\"de\",\"potentialAction\":[{\"@type\":\"ReadAction\",\"target\":[\"https:\/\/alfequipment.com\/product\/dql4518s-high-speed-automatic-side-sealer-sealing-packaging-machine\/\"]}]},{\"@type\":\"ImageObject\",\"inLanguage\":\"de\",\"@id\":\"https:\/\/alfequipment.com\/product\/dql4518s-high-speed-automatic-side-sealer-sealing-packaging-machine\/#primaryimage\",\"url\":\"https:\/\/alfequipment.com\/wp-content\/uploads\/2025\/01\/Hf5884b4d9f264d299c19871868a5dd25u.jpg\",\"contentUrl\":\"https:\/\/alfequipment.com\/wp-content\/uploads\/2025\/01\/Hf5884b4d9f264d299c19871868a5dd25u.jpg\",\"width\":800,\"height\":800},{\"@type\":\"BreadcrumbList\",\"@id\":\"https:\/\/alfequipment.com\/product\/dql4518s-high-speed-automatic-side-sealer-sealing-packaging-machine\/#breadcrumb\",\"itemListElement\":[{\"@type\":\"ListItem\",\"position\":1,\"name\":\"Home\",\"item\":\"https:\/\/alfequipment.com\/\"},{\"@type\":\"ListItem\",\"position\":2,\"name\":\"Shop\",\"item\":\"https:\/\/alfequipment.com\/shop\/\"},{\"@type\":\"ListItem\",\"position\":3,\"name\":\"DQL4518S High speed automatic side sealer sealing packaging machine\"}]},{\"@type\":\"WebSite\",\"@id\":\"https:\/\/alfequipment.com\/#website\",\"url\":\"https:\/\/alfequipment.com\/\",\"name\":\"ALF PACK\",\"description\":\"\",\"publisher\":{\"@id\":\"https:\/\/alfequipment.com\/#organization\"},\"potentialAction\":[{\"@type\":\"SearchAction\",\"target\":{\"@type\":\"EntryPoint\",\"urlTemplate\":\"https:\/\/alfequipment.com\/?s={search_term_string}\"},\"query-input\":{\"@type\":\"PropertyValueSpecification\",\"valueRequired\":true,\"valueName\":\"search_term_string\"}}],\"inLanguage\":\"de\"},{\"@type\":\"Organization\",\"@id\":\"https:\/\/alfequipment.com\/#organization\",\"name\":\"ALF PACK\",\"url\":\"https:\/\/alfequipment.com\/\",\"logo\":{\"@type\":\"ImageObject\",\"inLanguage\":\"de\",\"@id\":\"https:\/\/alfequipment.com\/#\/schema\/logo\/image\/\",\"url\":\"https:\/\/alfequipment.com\/wp-content\/uploads\/2024\/11\/ALFlogo-2.webp\",\"contentUrl\":\"https:\/\/alfequipment.com\/wp-content\/uploads\/2024\/11\/ALFlogo-2.webp\",\"width\":758,\"height\":750,\"caption\":\"ALF PACK\"},\"image\":{\"@id\":\"https:\/\/alfequipment.com\/#\/schema\/logo\/image\/\"}}]}<\/script>\n<!-- \/ Yoast SEO Premium plugin. -->","yoast_head_json":{"title":"DQL4518S Automatische Hochgeschwindigkeits-Seitenschwei\u00dfmaschine Verpackungsmaschine - ALF PACK","robots":{"index":"index","follow":"follow","max-snippet":"max-snippet:-1","max-image-preview":"max-image-preview:large","max-video-preview":"max-video-preview:-1"},"canonical":"https:\/\/alfequipment.com\/de\/product\/dql4518s-automatische-hochgeschwindigkeits-seitenschweismaschine-verpackungsmaschine\/","og_locale":"de_DE","og_type":"article","og_title":"DQL4518S High speed automatic side sealer sealing packaging machine","og_description":"High Speed Side Sealer","og_url":"https:\/\/alfequipment.com\/de\/product\/dql4518s-automatische-hochgeschwindigkeits-seitenschweismaschine-verpackungsmaschine\/","og_site_name":"ALF PACK","article_modified_time":"2025-01-14T02:51:44+00:00","og_image":[{"width":800,"height":800,"url":"https:\/\/alfequipment.com\/wp-content\/uploads\/2025\/01\/Hf5884b4d9f264d299c19871868a5dd25u.jpg","type":"image\/webp"}],"twitter_card":"summary_large_image","twitter_misc":{"Gesch\u00e4tzte Lesezeit":"2\u00a0Minuten"},"schema":{"@context":"https:\/\/schema.org","@graph":[{"@type":"WebPage","@id":"https:\/\/alfequipment.com\/product\/dql4518s-high-speed-automatic-side-sealer-sealing-packaging-machine\/","url":"https:\/\/alfequipment.com\/product\/dql4518s-high-speed-automatic-side-sealer-sealing-packaging-machine\/","name":"DQL4518S Automatische Hochgeschwindigkeits-Seitenschwei\u00dfmaschine Verpackungsmaschine - ALF PACK","isPartOf":{"@id":"https:\/\/alfequipment.com\/#website"},"primaryImageOfPage":{"@id":"https:\/\/alfequipment.com\/product\/dql4518s-high-speed-automatic-side-sealer-sealing-packaging-machine\/#primaryimage"},"image":{"@id":"https:\/\/alfequipment.com\/product\/dql4518s-high-speed-automatic-side-sealer-sealing-packaging-machine\/#primaryimage"},"thumbnailUrl":"https:\/\/alfequipment.com\/wp-content\/uploads\/2025\/01\/Hf5884b4d9f264d299c19871868a5dd25u.jpg","datePublished":"2024-12-02T09:20:10+00:00","dateModified":"2025-01-14T02:51:44+00:00","breadcrumb":{"@id":"https:\/\/alfequipment.com\/product\/dql4518s-high-speed-automatic-side-sealer-sealing-packaging-machine\/#breadcrumb"},"inLanguage":"de","potentialAction":[{"@type":"ReadAction","target":["https:\/\/alfequipment.com\/product\/dql4518s-high-speed-automatic-side-sealer-sealing-packaging-machine\/"]}]},{"@type":"ImageObject","inLanguage":"de","@id":"https:\/\/alfequipment.com\/product\/dql4518s-high-speed-automatic-side-sealer-sealing-packaging-machine\/#primaryimage","url":"https:\/\/alfequipment.com\/wp-content\/uploads\/2025\/01\/Hf5884b4d9f264d299c19871868a5dd25u.jpg","contentUrl":"https:\/\/alfequipment.com\/wp-content\/uploads\/2025\/01\/Hf5884b4d9f264d299c19871868a5dd25u.jpg","width":800,"height":800},{"@type":"BreadcrumbList","@id":"https:\/\/alfequipment.com\/product\/dql4518s-high-speed-automatic-side-sealer-sealing-packaging-machine\/#breadcrumb","itemListElement":[{"@type":"ListItem","position":1,"name":"Home","item":"https:\/\/alfequipment.com\/"},{"@type":"ListItem","position":2,"name":"Shop","item":"https:\/\/alfequipment.com\/shop\/"},{"@type":"ListItem","position":3,"name":"DQL4518S High speed automatic side sealer sealing packaging machine"}]},{"@type":"WebSite","@id":"https:\/\/alfequipment.com\/#website","url":"https:\/\/alfequipment.com\/","name":"ALF PACK","description":"","publisher":{"@id":"https:\/\/alfequipment.com\/#organization"},"potentialAction":[{"@type":"SearchAction","target":{"@type":"EntryPoint","urlTemplate":"https:\/\/alfequipment.com\/?s={search_term_string}"},"query-input":{"@type":"PropertyValueSpecification","valueRequired":true,"valueName":"search_term_string"}}],"inLanguage":"de"},{"@type":"Organization","@id":"https:\/\/alfequipment.com\/#organization","name":"ALF PACK","url":"https:\/\/alfequipment.com\/","logo":{"@type":"ImageObject","inLanguage":"de","@id":"https:\/\/alfequipment.com\/#\/schema\/logo\/image\/","url":"https:\/\/alfequipment.com\/wp-content\/uploads\/2024\/11\/ALFlogo-2.webp","contentUrl":"https:\/\/alfequipment.com\/wp-content\/uploads\/2024\/11\/ALFlogo-2.webp","width":758,"height":750,"caption":"ALF PACK"},"image":{"@id":"https:\/\/alfequipment.com\/#\/schema\/logo\/image\/"}}]}},"_links":{"self":[{"href":"https:\/\/alfequipment.com\/de\/wp-json\/wp\/v2\/product\/3231","targetHints":{"allow":["GET"]}}],"collection":[{"href":"https:\/\/alfequipment.com\/de\/wp-json\/wp\/v2\/product"}],"about":[{"href":"https:\/\/alfequipment.com\/de\/wp-json\/wp\/v2\/types\/product"}],"replies":[{"embeddable":true,"href":"https:\/\/alfequipment.com\/de\/wp-json\/wp\/v2\/comments?post=3231"}],"version-history":[{"count":0,"href":"https:\/\/alfequipment.com\/de\/wp-json\/wp\/v2\/product\/3231\/revisions"}],"wp:featuredmedia":[{"embeddable":true,"href":"https:\/\/alfequipment.com\/de\/wp-json\/wp\/v2\/media\/3232"}],"wp:attachment":[{"href":"https:\/\/alfequipment.com\/de\/wp-json\/wp\/v2\/media?parent=3231"}],"wp:term":[{"taxonomy":"product_brand","embeddable":true,"href":"https:\/\/alfequipment.com\/de\/wp-json\/wp\/v2\/product_brand?post=3231"},{"taxonomy":"product_cat","embeddable":true,"href":"https:\/\/alfequipment.com\/de\/wp-json\/wp\/v2\/product_cat?post=3231"},{"taxonomy":"product_tag","embeddable":true,"href":"https:\/\/alfequipment.com\/de\/wp-json\/wp\/v2\/product_tag?post=3231"}],"curies":[{"name":"wp","href":"https:\/\/api.w.org\/{rel}","templated":true}]}}