{"id":3243,"date":"2024-12-07T08:17:41","date_gmt":"2024-12-07T08:17:41","guid":{"rendered":"https:\/\/alfequipment.com\/product\/dql5545g-high-speed-automatic-l-bar-type-sealer-sealing-packaging-machine\/"},"modified":"2025-01-14T02:51:42","modified_gmt":"2025-01-14T02:51:42","slug":"dql5545g-automatische-verpackungsmaschine-mit-hoher-geschwindigkeit-und-versiegelung","status":"publish","type":"product","link":"https:\/\/alfequipment.com\/de\/product\/dql5545g-automatische-verpackungsmaschine-mit-hoher-geschwindigkeit-und-versiegelung\/","title":{"rendered":"DQL5545G High Speed Automatic L bar Typ Sealer Versiegelung Verpackungsmaschine"},"content":{"rendered":"<div data-maya=\"{&quot;theme&quot;:{&quot;face&quot;:&quot;yin&quot;,&quot;fontFace&quot;:&quot;Roboto&quot;,&quot;fontSize&quot;:22,&quot;colors&quot;:1},&quot;items&quot;:[{&quot;title&quot;:&quot;twrmw&quot;,&quot;formats&quot;:[[[{&quot;o9ian&quot;:&quot;H&quot;},{&quot;4pns1&quot;:&quot;P&quot;}]],[{&quot;ldo5o&quot;:{&quot;name&quot;:&quot;Tc&quot;,&quot;theme&quot;:&quot;col-header&quot;,&quot;tableCfgs&quot;:{&quot;sizes&quot;:{&quot;colWidths&quot;:[276,427],&quot;rowHeights&quot;:[22,22,22,22,22,22,22,22,22,22,22,22]}}}}],[{&quot;l3sj8&quot;:&quot;Ia&quot;}],[[{&quot;ikdyh&quot;:&quot;Ib&quot;},[{&quot;vkrht&quot;:&quot;Id&quot;},{&quot;kkzy7&quot;:&quot;Id&quot;}]]]]},{&quot;title&quot;:&quot;gzmf3&quot;,&quot;formats&quot;:[[{&quot;n204a&quot;:&quot;Ig&quot;},{&quot;ssmlz&quot;:&quot;Ig&quot;},{&quot;76q6v&quot;:&quot;Ig&quot;},{&quot;fhuae&quot;:&quot;Ig&quot;}]]},{&quot;title&quot;:&quot;f7ger&quot;,&quot;formats&quot;:[]},{&quot;title&quot;:&quot;g9oxl&quot;,&quot;formats&quot;:[[{&quot;ox570&quot;:&quot;Ih&quot;},{&quot;29q4z&quot;:{&quot;name&quot;:&quot;Te&quot;,&quot;theme&quot;:&quot;double-header&quot;,&quot;tableCfgs&quot;:{&quot;sizes&quot;:{&quot;colWidths&quot;:[72,252],&quot;rowHeights&quot;:[23,23,23,196]}}}}]]},{&quot;title&quot;:&quot;y007r&quot;,&quot;formats&quot;:[[[[{&quot;frb8p&quot;:&quot;Im&quot;},{&quot;y3lq4&quot;:&quot;Im&quot;},{&quot;bddft&quot;:&quot;Im&quot;}],[[{&quot;f21uc&quot;:&quot;H&quot;},{&quot;xfz4a&quot;:&quot;P&quot;}],[{&quot;uxeum&quot;:&quot;H&quot;},{&quot;i5n16&quot;:&quot;P&quot;}],[{&quot;5gcjw&quot;:&quot;H&quot;},{&quot;kewze&quot;:&quot;P&quot;}]]]]]},{&quot;title&quot;:&quot;d6sce&quot;,&quot;formats&quot;:[[{&quot;a6g5y&quot;:&quot;Ih&quot;},{&quot;nf4uh&quot;:&quot;Ih&quot;}]]}]}\">\n<div>\n<div style=\"vertical-align: top;padding-top: 15px; padding-bottom: 15px;\">\n<div style=\"vertical-align: top;padding-top: 10px; padding-bottom: 10px; margin-right: -4px; margin-left: -4px;\">\n<div style=\"vertical-align: top; box-sizing: border-box; padding-right: 4px; padding-left: 4px;margin-top: -4px; margin-bottom: -4px;\">\n<div id=\"o9ian\" style=\"vertical-align: top; box-sizing: border-box; padding-top: 4px; padding-bottom: 4px\">1. Das Siegelmesser nimmt Kupferlegierung mit Teflon gespr\u00fcht, es wird nicht kleben Film, Abdichtung Festigkeit, ohne Rauch, nicht-Verschmutzung. Horizontale und vertikale Siegelmesser nehmen ganze Verbindung ohne L\u00fccke an, der Film wird nicht brechen. Siegelrahmen nimmt hochwertigen legierten Stahl an, die Siegelqualit\u00e4t ist stabil, Rahmen schwer zu besch\u00e4digen.<\/div>\n<div id=\"4pns1\" style=\"vertical-align: top; box-sizing: border-box; padding-top: 4px; padding-bottom: 4px\">\n<p style=\"margin:0;padding:0;\">2. Die Maschine hat gesamte automatische System, es mit Sensoren ausgestattet kann hohe Geschwindigkeit automatische Arbeit erreichen.<\/p>\n<p>3. Es ist bequem, nach verschiedenen Gr\u00f6\u00dfen Produkte einzustellen, stellen Sie einfach den Griff Rad kann es erreichen, Betrieb ist einfach.<\/p>\n<p>4. Es kann mit der Produktion verbunden werden<\/p>\n<p>5. Es hat Schutzfunktion zu vermeiden Abdichtung Produkt falsch und die Sicherheit des Betreibers zu gew\u00e4hrleisten<\/p>\n<p>Anwendung:<br \/>Diese Maschine ist weit verbreitet in der Lebensmittel-, Getr\u00e4nke-, Druck-, Pharma-, Boden-, Hardware- und anderen Industrien schrumpfen Verpackung verwendet. Es ist geeignet f\u00fcr POF und PVC Verpackungsmaterial.<\/p>\n<\/p><\/div>\n<\/p><\/div>\n<\/p><\/div>\n<div style=\"vertical-align: top;padding-top: 10px; padding-bottom: 10px; margin-right: -4px; margin-left: -4px;\">\n<div id=\"ldo5o\" style=\"vertical-align: top; box-sizing: border-box; padding-right: 4px; padding-left: 4px\">\n<table style=\"width: auto; border-collapse: collapse; word-wrap: break-word;\" class=\"aliDataTable\">\n<tbody>\n<tr>\n<td style=\"background-color: rgb(218, 226, 237);\">\n<div style=\"width: 276px; height: 22px; padding: 5px 10px; overflow: hidden;\">\n          Modell\n         <\/div>\n<\/td>\n<td>\n<div style=\"width: 427px; height: 22px; padding: 5px 10px; overflow: hidden;\">\n          DQL5545G\n         <\/div>\n<\/td>\n<\/tr>\n<tr>\n<td style=\"background-color: rgb(218, 226, 237);\">\n<div style=\"width: 276px; height: 22px; padding: 5px 10px; overflow: hidden;\">\n          Maximales Packma\u00df(\u339c)\n         <\/div>\n<\/td>\n<td>\n<div style=\"width: 427px; height: 22px; padding: 5px 10px; overflow: hidden;\">\n          L+2H\u2264550, W+2H\u2264450, H\u2264130\n         <\/div>\n<\/td>\n<\/tr>\n<tr>\n<td style=\"background-color: rgb(218, 226, 237);\">\n<div style=\"width: 276px; height: 22px; padding: 5px 10px; overflow: hidden;\">\n          Maximale Siegelgr\u00f6\u00dfe(\u339c)\n         <\/div>\n<\/td>\n<td>\n<div style=\"width: 427px; height: 22px; padding: 5px 10px; overflow: hidden;\">\n          L550\u00d7B450\n         <\/div>\n<\/td>\n<\/tr>\n<tr>\n<td style=\"background-color: rgb(218, 226, 237);\">\n<div style=\"width: 276px; height: 22px; padding: 5px 10px; overflow: hidden;\">\n          Leistung(KW)\n         <\/div>\n<\/td>\n<td>\n<div style=\"width: 427px; height: 22px; padding: 5px 10px; overflow: hidden;\">\n          2.2\n         <\/div>\n<\/td>\n<\/tr>\n<tr>\n<td style=\"background-color: rgb(218, 226, 237);\">\n<div style=\"width: 276px; height: 22px; padding: 5px 10px; overflow: hidden;\">\n          Kapazit\u00e4t\n         <\/div>\n<\/td>\n<td>\n<div style=\"width: 427px; height: 22px; padding: 5px 10px; overflow: hidden;\">\n          0-40 St\u00fcck\/min\n         <\/div>\n<\/td>\n<\/tr>\n<tr>\n<td style=\"background-color: rgb(218, 226, 237);\">\n<div style=\"width: 276px; height: 22px; padding: 5px 10px; overflow: hidden;\">\n          Spannung\n         <\/div>\n<\/td>\n<td>\n<div style=\"width: 427px; height: 22px; padding: 5px 10px; overflow: hidden;\">\n          220V 50\/60HZ\n         <\/div>\n<\/td>\n<\/tr>\n<tr>\n<td style=\"background-color: rgb(218, 226, 237);\">\n<div style=\"width: 276px; height: 22px; padding: 5px 10px; overflow: hidden;\">\n          Temperatur der Versiegelung\n         <\/div>\n<\/td>\n<td>\n<div style=\"width: 427px; height: 22px; padding: 5px 10px; overflow: hidden;\">\n          180\u2103-250\u2103 abh\u00e4ngig von der Dicke der Folie und der Umgebungstemperatur\n         <\/div>\n<\/td>\n<\/tr>\n<tr>\n<td style=\"background-color: rgb(218, 226, 237);\">\n<div style=\"width: 276px; height: 22px; padding: 5px 10px; overflow: hidden;\">\n          Dicke der Folie (mm)\n         <\/div>\n<\/td>\n<td>\n<div style=\"width: 427px; height: 22px; padding: 5px 10px; overflow: hidden;\">\n          0.015-0.05\n         <\/div>\n<\/td>\n<\/tr>\n<tr>\n<td style=\"background-color: rgb(218, 226, 237);\">\n<div style=\"width: 276px; height: 22px; padding: 5px 10px; overflow: hidden;\">\n          Luftdruck(Kg\/cm2) )\n         <\/div>\n<\/td>\n<td>\n<div style=\"width: 427px; height: 22px; padding: 5px 10px; overflow: hidden;\">\n          5\n         <\/div>\n<\/td>\n<\/tr>\n<tr>\n<td style=\"background-color: rgb(218, 226, 237);\">\n<div style=\"width: 276px; height: 22px; padding: 5px 10px; overflow: hidden;\">\n          Verpackungsmaterial\n         <\/div>\n<\/td>\n<td>\n<div style=\"width: 427px; height: 22px; padding: 5px 10px; overflow: hidden;\">\n          POF PVC\n         <\/div>\n<\/td>\n<\/tr>\n<tr>\n<td style=\"background-color: rgb(218, 226, 237);\">\n<div style=\"width: 276px; height: 22px; padding: 5px 10px; overflow: hidden;\">\n          Gewicht der Maschine(\u338f)\n         <\/div>\n<\/td>\n<td>\n<div style=\"width: 427px; height: 22px; padding: 5px 10px; overflow: hidden;\">\n          320\n         <\/div>\n<\/td>\n<\/tr>\n<tr>\n<td style=\"background-color: rgb(218, 226, 237);\">\n<div style=\"width: 276px; height: 22px; padding: 5px 10px; overflow: hidden;\">\n          Gr\u00f6\u00dfe der Maschine(\u339c)\n         <\/div>\n<\/td>\n<td>\n<div style=\"width: 427px; height: 22px; padding: 5px 10px; overflow: hidden;\">\n          L1760\u00d7W940\u00d7H1580\n         <\/div>\n<\/td>\n<\/tr>\n<\/tbody>\n<\/table><\/div>\n<\/p><\/div>\n<div style=\"vertical-align: top;padding-top: 10px; padding-bottom: 10px; margin-right: -4px; margin-left: -4px;\">\n<div id=\"l3sj8\" style=\"vertical-align: top; box-sizing: border-box; padding-right: 4px; padding-left: 4px\">\n<div style=\"overflow: hidden; width: 750px; height: 750px;\">\n      <img decoding=\"async\" src=\"https:\/\/sc01.alicdn.com\/kf\/HTB16fAoax2rK1RkSnhJq6ykdpXam\/64496\/HTB16fAoax2rK1RkSnhJq6ykdpXam.jpg\" style=\"width: 750px; height: 750px; margin-left: 0px; margin-top: 0px;\" class=\"aligncenter\">\n     <\/div>\n<\/p><\/div>\n<\/p><\/div>\n<div style=\"vertical-align: top;padding-top: 10px; padding-bottom: 10px; margin-right: -4px; margin-left: -4px;\">\n<div style=\"vertical-align: top; box-sizing: border-box; padding-right: 4px; padding-left: 4px;margin-top: -4px; margin-bottom: -4px;\">\n<div id=\"ikdyh\" style=\"vertical-align: top; box-sizing: border-box; padding-top: 4px; padding-bottom: 4px\">\n<div style=\"overflow: hidden; width: 750px; height: 320px;\">\n       <img decoding=\"async\" src=\"https:\/\/sc01.alicdn.com\/kf\/HTB1y_wiavfsK1RjSszbq6AqBXXaF\/64496\/HTB1y_wiavfsK1RjSszbq6AqBXXaF.jpg\" style=\"width: 750px; height: 750px; margin-left: 0px; margin-top: -243px;\" class=\"aligncenter\">\n      <\/div>\n<\/p><\/div>\n<div style=\"vertical-align: top; box-sizing: border-box; padding-top: 4px; padding-bottom: 4px;margin-right: -4px; margin-left: -4px;\">\n<div id=\"vkrht\" style=\"vertical-align: top; width: 50%; display: inline-block; box-sizing: border-box; padding-right: 4px; padding-left: 4px\">\n<div style=\"overflow: hidden; width: 371px; height: 200px;\">\n        <img decoding=\"async\" src=\"https:\/\/sc02.alicdn.com\/kf\/HTB1v_MXayjrK1RjSsplq6xHmVXaE\/64496\/HTB1v_MXayjrK1RjSsplq6xHmVXaE.jpg\" style=\"width: 371px; height: 371px; margin-left: 0px; margin-top: -84px;\" class=\"aligncenter\">\n       <\/div>\n<\/p><\/div>\n<div id=\"kkzy7\" style=\"vertical-align: top; width: 50%; display: inline-block; box-sizing: border-box; padding-right: 4px; padding-left: 4px\">\n<div style=\"overflow: hidden; width: 371px; height: 200px;\">\n        <img decoding=\"async\" src=\"https:\/\/sc01.alicdn.com\/kf\/HTB1VYZbasfrK1Rjy1Xdq6yemFXaQ\/64496\/HTB1VYZbasfrK1Rjy1Xdq6yemFXaQ.jpg\" style=\"width: 371px; height: 371px; margin-left: 0px; margin-top: -88px;\" class=\"aligncenter\"><\/div>\n<\/div>\n<\/div>\n<\/div>\n<\/div>\n<\/div>\n<div style=\"vertical-align: top;padding-top: 15px; padding-bottom: 15px;\">\n<div style=\"vertical-align: top;padding-top: 10px; padding-bottom: 10px; margin-right: -4px; margin-left: -4px;\">\n<div id=\"nf4uh\" style=\"vertical-align: top; width: 50%; display: inline-block; box-sizing: border-box; padding-right: 4px; padding-left: 4px\">\n    <\/div>\n<\/p><\/div>\n<\/p><\/div>\n<\/p><\/div>\n<\/div>","protected":false},"excerpt":{"rendered":"<p>Automatisches Hochgeschwindigkeitsversiegelungsger\u00e4t L<\/p>","protected":false},"featured_media":3244,"comment_status":"closed","ping_status":"open","template":"","meta":[],"product_brand":[],"product_cat":[122,97],"product_tag":[],"class_list":{"0":"post-3243","1":"product","2":"type-product","3":"status-publish","4":"has-post-thumbnail","6":"product_cat-l-type-sealer","7":"product_cat-sealing-machines","9":"first","10":"instock","11":"sale","12":"purchasable","13":"product-type-simple"},"yoast_head":"<!-- This site is optimized with the Yoast SEO Premium plugin v20.9 (Yoast SEO v26.5) - https:\/\/yoast.com\/wordpress\/plugins\/seo\/ -->\n<title>DQL5545G High Speed Automatic L bar type Sealer sealing packaging machine - ALF PACK<\/title>\n<meta name=\"robots\" content=\"index, follow, max-snippet:-1, max-image-preview:large, max-video-preview:-1\" \/>\n<link rel=\"canonical\" href=\"https:\/\/alfequipment.com\/de\/product\/dql5545g-automatische-verpackungsmaschine-mit-hoher-geschwindigkeit-und-versiegelung\/\" \/>\n<meta property=\"og:locale\" content=\"de_DE\" \/>\n<meta property=\"og:type\" content=\"article\" \/>\n<meta property=\"og:title\" content=\"DQL5545G High Speed Automatic L bar type Sealer sealing packaging machine\" \/>\n<meta property=\"og:description\" content=\"High Speed Automatic L Sealer\" \/>\n<meta property=\"og:url\" content=\"https:\/\/alfequipment.com\/de\/product\/dql5545g-automatische-verpackungsmaschine-mit-hoher-geschwindigkeit-und-versiegelung\/\" \/>\n<meta property=\"og:site_name\" content=\"ALF PACK\" \/>\n<meta property=\"article:modified_time\" content=\"2025-01-14T02:51:42+00:00\" \/>\n<meta property=\"og:image\" content=\"https:\/\/alfequipment.com\/wp-content\/uploads\/2025\/01\/HTB1WOUiapzsK1Rjy1Xbq6xOaFXaX.jpg\" \/>\n\t<meta property=\"og:image:width\" content=\"800\" \/>\n\t<meta property=\"og:image:height\" content=\"800\" \/>\n\t<meta property=\"og:image:type\" content=\"image\/webp\" \/>\n<meta name=\"twitter:card\" content=\"summary_large_image\" \/>\n<meta name=\"twitter:label1\" content=\"Gesch\u00e4tzte Lesezeit\" \/>\n\t<meta name=\"twitter:data1\" content=\"1\u00a0Minute\" \/>\n<script type=\"application\/ld+json\" class=\"yoast-schema-graph\">{\"@context\":\"https:\/\/schema.org\",\"@graph\":[{\"@type\":\"WebPage\",\"@id\":\"https:\/\/alfequipment.com\/product\/dql5545g-high-speed-automatic-l-bar-type-sealer-sealing-packaging-machine\/\",\"url\":\"https:\/\/alfequipment.com\/product\/dql5545g-high-speed-automatic-l-bar-type-sealer-sealing-packaging-machine\/\",\"name\":\"DQL5545G High Speed Automatic L bar type Sealer sealing packaging machine - ALF PACK\",\"isPartOf\":{\"@id\":\"https:\/\/alfequipment.com\/#website\"},\"primaryImageOfPage\":{\"@id\":\"https:\/\/alfequipment.com\/product\/dql5545g-high-speed-automatic-l-bar-type-sealer-sealing-packaging-machine\/#primaryimage\"},\"image\":{\"@id\":\"https:\/\/alfequipment.com\/product\/dql5545g-high-speed-automatic-l-bar-type-sealer-sealing-packaging-machine\/#primaryimage\"},\"thumbnailUrl\":\"https:\/\/alfequipment.com\/wp-content\/uploads\/2025\/01\/HTB1WOUiapzsK1Rjy1Xbq6xOaFXaX.jpg\",\"datePublished\":\"2024-12-07T08:17:41+00:00\",\"dateModified\":\"2025-01-14T02:51:42+00:00\",\"breadcrumb\":{\"@id\":\"https:\/\/alfequipment.com\/product\/dql5545g-high-speed-automatic-l-bar-type-sealer-sealing-packaging-machine\/#breadcrumb\"},\"inLanguage\":\"de\",\"potentialAction\":[{\"@type\":\"ReadAction\",\"target\":[\"https:\/\/alfequipment.com\/product\/dql5545g-high-speed-automatic-l-bar-type-sealer-sealing-packaging-machine\/\"]}]},{\"@type\":\"ImageObject\",\"inLanguage\":\"de\",\"@id\":\"https:\/\/alfequipment.com\/product\/dql5545g-high-speed-automatic-l-bar-type-sealer-sealing-packaging-machine\/#primaryimage\",\"url\":\"https:\/\/alfequipment.com\/wp-content\/uploads\/2025\/01\/HTB1WOUiapzsK1Rjy1Xbq6xOaFXaX.jpg\",\"contentUrl\":\"https:\/\/alfequipment.com\/wp-content\/uploads\/2025\/01\/HTB1WOUiapzsK1Rjy1Xbq6xOaFXaX.jpg\",\"width\":800,\"height\":800},{\"@type\":\"BreadcrumbList\",\"@id\":\"https:\/\/alfequipment.com\/product\/dql5545g-high-speed-automatic-l-bar-type-sealer-sealing-packaging-machine\/#breadcrumb\",\"itemListElement\":[{\"@type\":\"ListItem\",\"position\":1,\"name\":\"Home\",\"item\":\"https:\/\/alfequipment.com\/\"},{\"@type\":\"ListItem\",\"position\":2,\"name\":\"Shop\",\"item\":\"https:\/\/alfequipment.com\/shop\/\"},{\"@type\":\"ListItem\",\"position\":3,\"name\":\"DQL5545G High Speed Automatic L bar type Sealer sealing packaging machine\"}]},{\"@type\":\"WebSite\",\"@id\":\"https:\/\/alfequipment.com\/#website\",\"url\":\"https:\/\/alfequipment.com\/\",\"name\":\"ALF PACK\",\"description\":\"\",\"publisher\":{\"@id\":\"https:\/\/alfequipment.com\/#organization\"},\"potentialAction\":[{\"@type\":\"SearchAction\",\"target\":{\"@type\":\"EntryPoint\",\"urlTemplate\":\"https:\/\/alfequipment.com\/?s={search_term_string}\"},\"query-input\":{\"@type\":\"PropertyValueSpecification\",\"valueRequired\":true,\"valueName\":\"search_term_string\"}}],\"inLanguage\":\"de\"},{\"@type\":\"Organization\",\"@id\":\"https:\/\/alfequipment.com\/#organization\",\"name\":\"ALF PACK\",\"url\":\"https:\/\/alfequipment.com\/\",\"logo\":{\"@type\":\"ImageObject\",\"inLanguage\":\"de\",\"@id\":\"https:\/\/alfequipment.com\/#\/schema\/logo\/image\/\",\"url\":\"https:\/\/alfequipment.com\/wp-content\/uploads\/2024\/11\/ALFlogo-2.webp\",\"contentUrl\":\"https:\/\/alfequipment.com\/wp-content\/uploads\/2024\/11\/ALFlogo-2.webp\",\"width\":758,\"height\":750,\"caption\":\"ALF PACK\"},\"image\":{\"@id\":\"https:\/\/alfequipment.com\/#\/schema\/logo\/image\/\"}}]}<\/script>\n<!-- \/ Yoast SEO Premium plugin. -->","yoast_head_json":{"title":"DQL5545G High Speed Automatic L bar type Sealer Versiegelung Verpackungsmaschine - ALF PACK","robots":{"index":"index","follow":"follow","max-snippet":"max-snippet:-1","max-image-preview":"max-image-preview:large","max-video-preview":"max-video-preview:-1"},"canonical":"https:\/\/alfequipment.com\/de\/product\/dql5545g-automatische-verpackungsmaschine-mit-hoher-geschwindigkeit-und-versiegelung\/","og_locale":"de_DE","og_type":"article","og_title":"DQL5545G High Speed Automatic L bar type Sealer sealing packaging machine","og_description":"High Speed Automatic L Sealer","og_url":"https:\/\/alfequipment.com\/de\/product\/dql5545g-automatische-verpackungsmaschine-mit-hoher-geschwindigkeit-und-versiegelung\/","og_site_name":"ALF PACK","article_modified_time":"2025-01-14T02:51:42+00:00","og_image":[{"width":800,"height":800,"url":"https:\/\/alfequipment.com\/wp-content\/uploads\/2025\/01\/HTB1WOUiapzsK1Rjy1Xbq6xOaFXaX.jpg","type":"image\/webp"}],"twitter_card":"summary_large_image","twitter_misc":{"Gesch\u00e4tzte Lesezeit":"1\u00a0Minute"},"schema":{"@context":"https:\/\/schema.org","@graph":[{"@type":"WebPage","@id":"https:\/\/alfequipment.com\/product\/dql5545g-high-speed-automatic-l-bar-type-sealer-sealing-packaging-machine\/","url":"https:\/\/alfequipment.com\/product\/dql5545g-high-speed-automatic-l-bar-type-sealer-sealing-packaging-machine\/","name":"DQL5545G High Speed Automatic L bar type Sealer Versiegelung Verpackungsmaschine - ALF PACK","isPartOf":{"@id":"https:\/\/alfequipment.com\/#website"},"primaryImageOfPage":{"@id":"https:\/\/alfequipment.com\/product\/dql5545g-high-speed-automatic-l-bar-type-sealer-sealing-packaging-machine\/#primaryimage"},"image":{"@id":"https:\/\/alfequipment.com\/product\/dql5545g-high-speed-automatic-l-bar-type-sealer-sealing-packaging-machine\/#primaryimage"},"thumbnailUrl":"https:\/\/alfequipment.com\/wp-content\/uploads\/2025\/01\/HTB1WOUiapzsK1Rjy1Xbq6xOaFXaX.jpg","datePublished":"2024-12-07T08:17:41+00:00","dateModified":"2025-01-14T02:51:42+00:00","breadcrumb":{"@id":"https:\/\/alfequipment.com\/product\/dql5545g-high-speed-automatic-l-bar-type-sealer-sealing-packaging-machine\/#breadcrumb"},"inLanguage":"de","potentialAction":[{"@type":"ReadAction","target":["https:\/\/alfequipment.com\/product\/dql5545g-high-speed-automatic-l-bar-type-sealer-sealing-packaging-machine\/"]}]},{"@type":"ImageObject","inLanguage":"de","@id":"https:\/\/alfequipment.com\/product\/dql5545g-high-speed-automatic-l-bar-type-sealer-sealing-packaging-machine\/#primaryimage","url":"https:\/\/alfequipment.com\/wp-content\/uploads\/2025\/01\/HTB1WOUiapzsK1Rjy1Xbq6xOaFXaX.jpg","contentUrl":"https:\/\/alfequipment.com\/wp-content\/uploads\/2025\/01\/HTB1WOUiapzsK1Rjy1Xbq6xOaFXaX.jpg","width":800,"height":800},{"@type":"BreadcrumbList","@id":"https:\/\/alfequipment.com\/product\/dql5545g-high-speed-automatic-l-bar-type-sealer-sealing-packaging-machine\/#breadcrumb","itemListElement":[{"@type":"ListItem","position":1,"name":"Home","item":"https:\/\/alfequipment.com\/"},{"@type":"ListItem","position":2,"name":"Shop","item":"https:\/\/alfequipment.com\/shop\/"},{"@type":"ListItem","position":3,"name":"DQL5545G High Speed Automatic L bar type Sealer sealing packaging machine"}]},{"@type":"WebSite","@id":"https:\/\/alfequipment.com\/#website","url":"https:\/\/alfequipment.com\/","name":"ALF PACK","description":"","publisher":{"@id":"https:\/\/alfequipment.com\/#organization"},"potentialAction":[{"@type":"SearchAction","target":{"@type":"EntryPoint","urlTemplate":"https:\/\/alfequipment.com\/?s={search_term_string}"},"query-input":{"@type":"PropertyValueSpecification","valueRequired":true,"valueName":"search_term_string"}}],"inLanguage":"de"},{"@type":"Organization","@id":"https:\/\/alfequipment.com\/#organization","name":"ALF PACK","url":"https:\/\/alfequipment.com\/","logo":{"@type":"ImageObject","inLanguage":"de","@id":"https:\/\/alfequipment.com\/#\/schema\/logo\/image\/","url":"https:\/\/alfequipment.com\/wp-content\/uploads\/2024\/11\/ALFlogo-2.webp","contentUrl":"https:\/\/alfequipment.com\/wp-content\/uploads\/2024\/11\/ALFlogo-2.webp","width":758,"height":750,"caption":"ALF PACK"},"image":{"@id":"https:\/\/alfequipment.com\/#\/schema\/logo\/image\/"}}]}},"_links":{"self":[{"href":"https:\/\/alfequipment.com\/de\/wp-json\/wp\/v2\/product\/3243","targetHints":{"allow":["GET"]}}],"collection":[{"href":"https:\/\/alfequipment.com\/de\/wp-json\/wp\/v2\/product"}],"about":[{"href":"https:\/\/alfequipment.com\/de\/wp-json\/wp\/v2\/types\/product"}],"replies":[{"embeddable":true,"href":"https:\/\/alfequipment.com\/de\/wp-json\/wp\/v2\/comments?post=3243"}],"version-history":[{"count":0,"href":"https:\/\/alfequipment.com\/de\/wp-json\/wp\/v2\/product\/3243\/revisions"}],"wp:featuredmedia":[{"embeddable":true,"href":"https:\/\/alfequipment.com\/de\/wp-json\/wp\/v2\/media\/3244"}],"wp:attachment":[{"href":"https:\/\/alfequipment.com\/de\/wp-json\/wp\/v2\/media?parent=3243"}],"wp:term":[{"taxonomy":"product_brand","embeddable":true,"href":"https:\/\/alfequipment.com\/de\/wp-json\/wp\/v2\/product_brand?post=3243"},{"taxonomy":"product_cat","embeddable":true,"href":"https:\/\/alfequipment.com\/de\/wp-json\/wp\/v2\/product_cat?post=3243"},{"taxonomy":"product_tag","embeddable":true,"href":"https:\/\/alfequipment.com\/de\/wp-json\/wp\/v2\/product_tag?post=3243"}],"curies":[{"name":"wp","href":"https:\/\/api.w.org\/{rel}","templated":true}]}}