{"id":3245,"date":"2024-12-16T20:13:35","date_gmt":"2024-12-16T20:13:35","guid":{"rendered":"https:\/\/alfequipment.com\/product\/bss-1538c-bottle-labeling-machine-shrinking-label\/"},"modified":"2025-01-13T15:06:57","modified_gmt":"2025-01-13T15:06:57","slug":"bss-1538c-flaschenetikettiermaschine-schrumpfetikett","status":"publish","type":"product","link":"https:\/\/alfequipment.com\/de\/product\/bss-1538c-flaschenetikettiermaschine-schrumpfetikett\/","title":{"rendered":"BSS-1538C Flaschenetikettiermaschine mit Schrumpfetikett"},"content":{"rendered":"<div data-maya=\"{&quot;theme&quot;:{&quot;face&quot;:&quot;yin&quot;,&quot;fontFace&quot;:&quot;Roboto&quot;,&quot;fontSize&quot;:22,&quot;colors&quot;:1},&quot;items&quot;:[{&quot;title&quot;:&quot;0zkw2&quot;,&quot;formats&quot;:[[[{&quot;3c2f0&quot;:&quot;H&quot;},{&quot;tcvxb&quot;:&quot;P&quot;}]],[{&quot;3lwqj&quot;:{&quot;name&quot;:&quot;Tc&quot;,&quot;theme&quot;:&quot;col-header&quot;,&quot;tableCfgs&quot;:{&quot;sizes&quot;:{&quot;colWidths&quot;:[240,461],&quot;rowHeights&quot;:[22,22,22,22,22,22,22,22,22,22]}}}}],[{&quot;5zv6a&quot;:&quot;Ia&quot;}],[{&quot;9bopw&quot;:&quot;Ih&quot;},{&quot;lekq7&quot;:&quot;Ih&quot;}]]},{&quot;title&quot;:&quot;iu4xp&quot;,&quot;formats&quot;:[[{&quot;kn8hy&quot;:&quot;Ii&quot;},{&quot;6v8qx&quot;:&quot;Ii&quot;},{&quot;32q4c&quot;:&quot;Ii&quot;}]]},{&quot;title&quot;:&quot;q9vid&quot;,&quot;formats&quot;:[[{&quot;31nyp&quot;:&quot;Ia&quot;}]]},{&quot;title&quot;:&quot;xsrev&quot;,&quot;formats&quot;:[[{&quot;1yotv&quot;:&quot;Ih&quot;},{&quot;e036e&quot;:{&quot;name&quot;:&quot;Te&quot;,&quot;theme&quot;:&quot;double-header&quot;,&quot;tableCfgs&quot;:{&quot;sizes&quot;:{&quot;colWidths&quot;:[72,252],&quot;rowHeights&quot;:[23,23,23,196]}}}}]]},{&quot;title&quot;:&quot;zf7n6&quot;,&quot;formats&quot;:[[{&quot;6epnj&quot;:&quot;Ih&quot;},{&quot;0k0di&quot;:&quot;Ih&quot;}]]}]}\">\n<div>\n<div style=\"vertical-align: top;padding-top: 15px; padding-bottom: 15px;\">\n<div style=\"vertical-align: top;padding-top: 10px; padding-bottom: 10px; margin-right: -4px; margin-left: -4px;\">\n<div style=\"vertical-align: top; box-sizing: border-box; padding-right: 4px; padding-left: 4px;margin-top: -4px; margin-bottom: -4px;\">\n<div id=\"3c2f0\" style=\"vertical-align: top; box-sizing: border-box; padding-top: 4px; padding-bottom: 4px\">\n<h3 style=\"padding: 0px; font-size: 16px; line-height: 20px; font-weight: bold; margin: 0px;\"><span style=\"font-family: &quot;Open Sans&quot;; font-size: 13px;\">1.BSS-1538C Etikettenschrumpfmaschinen werden haupts\u00e4chlich zum Schrumpfen von Etiketten von Produkten in Flaschen-, Dosen- oder Fassform mit Glasflaschen, Kunststoffflaschen oder Pappbechern verwendet.<\/span><\/h3>\n<\/div>\n<div id=\"tcvxb\" style=\"vertical-align: top; box-sizing: border-box; padding-top: 4px; padding-bottom: 4px\">\n<p style=\"margin:0;padding:0;\">2. Es ist weit verbreitet in der Industrie von Lebensmitteln, Medizin, Kosmetik und Pestiziden, etc.<\/p>\n<p>3.BSS-1538C ist zum Schrumpfen des Etiketts auf der Oberseite der Flasche.<\/p>\n<p>4. sein Vorteil ist die M\u00f6glichkeit, die H\u00f6he des Schrumpftunnels je nach Flaschengr\u00f6\u00dfe einzustellen.<\/p>\n<\/p><\/div>\n<\/p><\/div>\n<\/p><\/div>\n<div style=\"vertical-align: top;padding-top: 10px; padding-bottom: 10px; margin-right: -4px; margin-left: -4px;\">\n<div id=\"3lwqj\" style=\"vertical-align: top; box-sizing: border-box; padding-right: 4px; padding-left: 4px\">\n<table style=\"width: auto; border-collapse: collapse; word-wrap: break-word;\" class=\"aliDataTable\">\n<tbody>\n<tr>\n<td style=\"background-color: rgb(218, 226, 237);\">\n<div style=\"width: 240px; height: auto; padding: 5px 10px; overflow: hidden;\">\n          Modell\n         <\/div>\n<\/td>\n<td>\n<div style=\"width: 461px; height: 22px; padding: 5px 10px; overflow: hidden;\">\n          BSS-1538C\n         <\/div>\n<\/td>\n<\/tr>\n<tr>\n<td style=\"background-color: rgb(218, 226, 237);\">\n<div style=\"width: 240px; height: 22px; padding: 5px 10px; overflow: hidden;\">\n          Strom\n         <\/div>\n<\/td>\n<td>\n<div style=\"width: 461px; height: 22px; padding: 5px 10px; overflow: hidden;\">\n          6KW\n         <\/div>\n<\/td>\n<\/tr>\n<tr>\n<td style=\"background-color: rgb(218, 226, 237);\">\n<div style=\"width: 240px; height: 22px; padding: 5px 10px; overflow: hidden;\">\n          Max. Packungsgr\u00f6\u00dfe (mm)\n         <\/div>\n<\/td>\n<td>\n<div style=\"width: 461px; height: 22px; padding: 5px 10px; overflow: hidden;\">\n          \u03a6105*350H\n         <\/div>\n<\/td>\n<\/tr>\n<tr>\n<td style=\"background-color: rgb(218, 226, 237);\">\n<div style=\"width: 240px; height: 22px; padding: 5px 10px; overflow: hidden;\">\n          Gr\u00f6\u00dfe des Schrumpftunnels (mm)\n         <\/div>\n<\/td>\n<td>\n<div style=\"width: 461px; height: 22px; padding: 5px 10px; overflow: hidden;\">\n          1000*150*150\n         <\/div>\n<\/td>\n<\/tr>\n<tr>\n<td style=\"background-color: rgb(218, 226, 237);\">\n<div style=\"width: 240px; height: 22px; padding: 5px 10px; overflow: hidden;\">\n          Motor des F\u00f6rderbandes\n         <\/div>\n<\/td>\n<td>\n<div style=\"width: 461px; height: 22px; padding: 5px 10px; overflow: hidden;\">\n          AC90W\/220V\n         <\/div>\n<\/td>\n<\/tr>\n<tr>\n<td style=\"background-color: rgb(218, 226, 237);\">\n<div style=\"width: 240px; height: 22px; padding: 5px 10px; overflow: hidden;\">\n          Geschwindigkeit des F\u00f6rderbandes\n         <\/div>\n<\/td>\n<td>\n<div style=\"width: 461px; height: 22px; padding: 5px 10px; overflow: hidden;\">\n          0-10m\/min\n         <\/div>\n<\/td>\n<\/tr>\n<tr>\n<td style=\"background-color: rgb(218, 226, 237);\">\n<div style=\"width: 240px; height: 22px; padding: 5px 10px; overflow: hidden;\">\n          Ladegewicht\n         <\/div>\n<\/td>\n<td>\n<div style=\"width: 461px; height: 22px; padding: 5px 10px; overflow: hidden;\">\n          15kg\n         <\/div>\n<\/td>\n<\/tr>\n<tr>\n<td style=\"background-color: rgb(218, 226, 237);\">\n<div style=\"width: 240px; height: 22px; padding: 5px 10px; overflow: hidden;\">\n          Gewicht\n         <\/div>\n<\/td>\n<td>\n<div style=\"width: 461px; height: auto; padding: 5px 10px; overflow: hidden;\">\n          90 kg\n         <\/div>\n<\/td>\n<\/tr>\n<tr>\n<td style=\"background-color: rgb(218, 226, 237);\">\n<div style=\"width: 240px; height: 22px; padding: 5px 10px; overflow: hidden;\">\n          Abmessungen (mm)\n         <\/div>\n<\/td>\n<td>\n<div style=\"width: 461px; height: 22px; padding: 5px 10px; overflow: hidden;\">\n          1500*350*1500\n         <\/div>\n<\/td>\n<\/tr>\n<tr>\n<td style=\"background-color: rgb(218, 226, 237);\">\n<div style=\"width: 240px; height: 22px; padding: 5px 10px; overflow: hidden;\">\n          Schrumpffolie\n         <\/div>\n<\/td>\n<td>\n<div style=\"width: 461px; height: 22px; padding: 5px 10px; overflow: hidden;\">\n          POF PP PVC\n         <\/div>\n<\/td>\n<\/tr>\n<\/tbody>\n<\/table><\/div>\n<\/p><\/div>\n<div style=\"vertical-align: top;padding-top: 10px; padding-bottom: 10px; margin-right: -4px; margin-left: -4px;\">\n<div id=\"5zv6a\" style=\"vertical-align: top; box-sizing: border-box; padding-right: 4px; padding-left: 4px\">\n<div style=\"overflow: hidden; width: 750px; height: 750px;\">\n      <img decoding=\"async\" src=\"https:\/\/sc02.alicdn.com\/kf\/HTB10q67aIfrK1RjSszcq6xGGFXas\/64496\/HTB10q67aIfrK1RjSszcq6xGGFXas.jpg\" style=\"width: 750px; height: 750px; margin-left: 0px; margin-top: 0px;\" class=\"aligncenter\">\n     <\/div>\n<\/p><\/div>\n<\/p><\/div>\n<div style=\"vertical-align: top;padding-top: 10px; padding-bottom: 10px; margin-right: -4px; margin-left: -4px;\">\n<div id=\"9bopw\" style=\"vertical-align: top; width: 50%; display: inline-block; box-sizing: border-box; padding-right: 4px; padding-left: 4px\">\n<div style=\"overflow: hidden; width: 371px; height: 320px;\">\n      <img decoding=\"async\" src=\"https:\/\/sc02.alicdn.com\/kf\/HTB1YUT_aODxK1Rjy1zcq6yGeXXaR\/64496\/HTB1YUT_aODxK1Rjy1zcq6yGeXXaR.jpg\" style=\"width: 426.667px; height: 320px; margin-left: 0px; margin-top: 0px;\" class=\"aligncenter\">\n     <\/div>\n<\/p><\/div>\n<div id=\"lekq7\" style=\"vertical-align: top; width: 50%; display: inline-block; box-sizing: border-box; padding-right: 4px; padding-left: 4px\">\n<div style=\"overflow: hidden; width: 371px; height: 320px;\">\n      <img decoding=\"async\" src=\"https:\/\/sc01.alicdn.com\/kf\/HTB15Wn8aLvsK1RjSspdq6AZepXaS\/64496\/HTB15Wn8aLvsK1RjSspdq6AZepXaS.jpg\" style=\"width: 426.667px; height: 320px; margin-left: -12px; margin-top: 0px;\" class=\"aligncenter\"><\/div>\n<\/div>\n<\/div>\n<\/div>\n<div style=\"vertical-align: top;padding-top: 15px; padding-bottom: 15px;\">\n<div style=\"vertical-align: top;padding-top: 10px; padding-bottom: 10px; margin-right: -4px; margin-left: -4px;\">\n<div id=\"0k0di\" style=\"vertical-align: top; width: 50%; display: inline-block; box-sizing: border-box; padding-right: 4px; padding-left: 4px\">\n    <\/div>\n<\/p><\/div>\n<\/p><\/div>\n<\/p><\/div>\n<\/div>","protected":false},"excerpt":{"rendered":"<p>Flaschenetikettiermaschine Schrumpfetikett<\/p>","protected":false},"featured_media":3246,"comment_status":"closed","ping_status":"open","template":"","meta":[],"product_brand":[],"product_cat":[121,99],"product_tag":[],"class_list":{"0":"post-3245","1":"product","2":"type-product","3":"status-publish","4":"has-post-thumbnail","6":"product_cat-label-shrink-machine","7":"product_cat-labeling-machines","9":"first","10":"instock","11":"sale","12":"purchasable","13":"product-type-simple"},"yoast_head":"<!-- This site is optimized with the Yoast SEO Premium plugin v20.9 (Yoast SEO v26.5) - https:\/\/yoast.com\/wordpress\/plugins\/seo\/ -->\n<title>BSS-1538C Bottle Labeling Machine Shrinking Label - ALF PACK<\/title>\n<meta name=\"robots\" content=\"index, follow, max-snippet:-1, max-image-preview:large, max-video-preview:-1\" \/>\n<link rel=\"canonical\" href=\"https:\/\/alfequipment.com\/de\/product\/bss-1538c-flaschenetikettiermaschine-schrumpfetikett\/\" \/>\n<meta property=\"og:locale\" content=\"de_DE\" \/>\n<meta property=\"og:type\" content=\"article\" \/>\n<meta property=\"og:title\" content=\"BSS-1538C Bottle Labeling Machine Shrinking Label\" \/>\n<meta property=\"og:description\" content=\"Bottle Labeling Machine Shrinking Label\" \/>\n<meta property=\"og:url\" content=\"https:\/\/alfequipment.com\/de\/product\/bss-1538c-flaschenetikettiermaschine-schrumpfetikett\/\" \/>\n<meta property=\"og:site_name\" content=\"ALF PACK\" \/>\n<meta property=\"article:modified_time\" content=\"2025-01-13T15:06:57+00:00\" \/>\n<meta property=\"og:image\" content=\"https:\/\/alfequipment.com\/wp-content\/uploads\/2025\/01\/HTB1HpvVaYZnBKNjSZFGq6zt3FXaz.jpg\" \/>\n\t<meta property=\"og:image:width\" content=\"800\" \/>\n\t<meta property=\"og:image:height\" content=\"800\" \/>\n\t<meta property=\"og:image:type\" content=\"image\/webp\" \/>\n<meta name=\"twitter:card\" content=\"summary_large_image\" \/>\n<meta name=\"twitter:label1\" content=\"Gesch\u00e4tzte Lesezeit\" \/>\n\t<meta name=\"twitter:data1\" content=\"1\u00a0Minute\" \/>\n<script type=\"application\/ld+json\" class=\"yoast-schema-graph\">{\"@context\":\"https:\/\/schema.org\",\"@graph\":[{\"@type\":\"WebPage\",\"@id\":\"https:\/\/alfequipment.com\/product\/bss-1538c-bottle-labeling-machine-shrinking-label\/\",\"url\":\"https:\/\/alfequipment.com\/product\/bss-1538c-bottle-labeling-machine-shrinking-label\/\",\"name\":\"BSS-1538C Bottle Labeling Machine Shrinking Label - ALF PACK\",\"isPartOf\":{\"@id\":\"https:\/\/alfequipment.com\/#website\"},\"primaryImageOfPage\":{\"@id\":\"https:\/\/alfequipment.com\/product\/bss-1538c-bottle-labeling-machine-shrinking-label\/#primaryimage\"},\"image\":{\"@id\":\"https:\/\/alfequipment.com\/product\/bss-1538c-bottle-labeling-machine-shrinking-label\/#primaryimage\"},\"thumbnailUrl\":\"https:\/\/alfequipment.com\/wp-content\/uploads\/2025\/01\/HTB1HpvVaYZnBKNjSZFGq6zt3FXaz.jpg\",\"datePublished\":\"2024-12-16T20:13:35+00:00\",\"dateModified\":\"2025-01-13T15:06:57+00:00\",\"breadcrumb\":{\"@id\":\"https:\/\/alfequipment.com\/product\/bss-1538c-bottle-labeling-machine-shrinking-label\/#breadcrumb\"},\"inLanguage\":\"de\",\"potentialAction\":[{\"@type\":\"ReadAction\",\"target\":[\"https:\/\/alfequipment.com\/product\/bss-1538c-bottle-labeling-machine-shrinking-label\/\"]}]},{\"@type\":\"ImageObject\",\"inLanguage\":\"de\",\"@id\":\"https:\/\/alfequipment.com\/product\/bss-1538c-bottle-labeling-machine-shrinking-label\/#primaryimage\",\"url\":\"https:\/\/alfequipment.com\/wp-content\/uploads\/2025\/01\/HTB1HpvVaYZnBKNjSZFGq6zt3FXaz.jpg\",\"contentUrl\":\"https:\/\/alfequipment.com\/wp-content\/uploads\/2025\/01\/HTB1HpvVaYZnBKNjSZFGq6zt3FXaz.jpg\",\"width\":800,\"height\":800},{\"@type\":\"BreadcrumbList\",\"@id\":\"https:\/\/alfequipment.com\/product\/bss-1538c-bottle-labeling-machine-shrinking-label\/#breadcrumb\",\"itemListElement\":[{\"@type\":\"ListItem\",\"position\":1,\"name\":\"Home\",\"item\":\"https:\/\/alfequipment.com\/\"},{\"@type\":\"ListItem\",\"position\":2,\"name\":\"Shop\",\"item\":\"https:\/\/alfequipment.com\/shop\/\"},{\"@type\":\"ListItem\",\"position\":3,\"name\":\"BSS-1538C Bottle Labeling Machine Shrinking Label\"}]},{\"@type\":\"WebSite\",\"@id\":\"https:\/\/alfequipment.com\/#website\",\"url\":\"https:\/\/alfequipment.com\/\",\"name\":\"ALF PACK\",\"description\":\"\",\"publisher\":{\"@id\":\"https:\/\/alfequipment.com\/#organization\"},\"potentialAction\":[{\"@type\":\"SearchAction\",\"target\":{\"@type\":\"EntryPoint\",\"urlTemplate\":\"https:\/\/alfequipment.com\/?s={search_term_string}\"},\"query-input\":{\"@type\":\"PropertyValueSpecification\",\"valueRequired\":true,\"valueName\":\"search_term_string\"}}],\"inLanguage\":\"de\"},{\"@type\":\"Organization\",\"@id\":\"https:\/\/alfequipment.com\/#organization\",\"name\":\"ALF PACK\",\"url\":\"https:\/\/alfequipment.com\/\",\"logo\":{\"@type\":\"ImageObject\",\"inLanguage\":\"de\",\"@id\":\"https:\/\/alfequipment.com\/#\/schema\/logo\/image\/\",\"url\":\"https:\/\/alfequipment.com\/wp-content\/uploads\/2024\/11\/ALFlogo-2.webp\",\"contentUrl\":\"https:\/\/alfequipment.com\/wp-content\/uploads\/2024\/11\/ALFlogo-2.webp\",\"width\":758,\"height\":750,\"caption\":\"ALF PACK\"},\"image\":{\"@id\":\"https:\/\/alfequipment.com\/#\/schema\/logo\/image\/\"}}]}<\/script>\n<!-- \/ Yoast SEO Premium plugin. -->","yoast_head_json":{"title":"BSS-1538C Flaschenetikettiermaschine Schrumpfetikett - ALF PACK","robots":{"index":"index","follow":"follow","max-snippet":"max-snippet:-1","max-image-preview":"max-image-preview:large","max-video-preview":"max-video-preview:-1"},"canonical":"https:\/\/alfequipment.com\/de\/product\/bss-1538c-flaschenetikettiermaschine-schrumpfetikett\/","og_locale":"de_DE","og_type":"article","og_title":"BSS-1538C Bottle Labeling Machine Shrinking Label","og_description":"Bottle Labeling Machine Shrinking Label","og_url":"https:\/\/alfequipment.com\/de\/product\/bss-1538c-flaschenetikettiermaschine-schrumpfetikett\/","og_site_name":"ALF PACK","article_modified_time":"2025-01-13T15:06:57+00:00","og_image":[{"width":800,"height":800,"url":"https:\/\/alfequipment.com\/wp-content\/uploads\/2025\/01\/HTB1HpvVaYZnBKNjSZFGq6zt3FXaz.jpg","type":"image\/webp"}],"twitter_card":"summary_large_image","twitter_misc":{"Gesch\u00e4tzte Lesezeit":"1\u00a0Minute"},"schema":{"@context":"https:\/\/schema.org","@graph":[{"@type":"WebPage","@id":"https:\/\/alfequipment.com\/product\/bss-1538c-bottle-labeling-machine-shrinking-label\/","url":"https:\/\/alfequipment.com\/product\/bss-1538c-bottle-labeling-machine-shrinking-label\/","name":"BSS-1538C Flaschenetikettiermaschine Schrumpfetikett - ALF PACK","isPartOf":{"@id":"https:\/\/alfequipment.com\/#website"},"primaryImageOfPage":{"@id":"https:\/\/alfequipment.com\/product\/bss-1538c-bottle-labeling-machine-shrinking-label\/#primaryimage"},"image":{"@id":"https:\/\/alfequipment.com\/product\/bss-1538c-bottle-labeling-machine-shrinking-label\/#primaryimage"},"thumbnailUrl":"https:\/\/alfequipment.com\/wp-content\/uploads\/2025\/01\/HTB1HpvVaYZnBKNjSZFGq6zt3FXaz.jpg","datePublished":"2024-12-16T20:13:35+00:00","dateModified":"2025-01-13T15:06:57+00:00","breadcrumb":{"@id":"https:\/\/alfequipment.com\/product\/bss-1538c-bottle-labeling-machine-shrinking-label\/#breadcrumb"},"inLanguage":"de","potentialAction":[{"@type":"ReadAction","target":["https:\/\/alfequipment.com\/product\/bss-1538c-bottle-labeling-machine-shrinking-label\/"]}]},{"@type":"ImageObject","inLanguage":"de","@id":"https:\/\/alfequipment.com\/product\/bss-1538c-bottle-labeling-machine-shrinking-label\/#primaryimage","url":"https:\/\/alfequipment.com\/wp-content\/uploads\/2025\/01\/HTB1HpvVaYZnBKNjSZFGq6zt3FXaz.jpg","contentUrl":"https:\/\/alfequipment.com\/wp-content\/uploads\/2025\/01\/HTB1HpvVaYZnBKNjSZFGq6zt3FXaz.jpg","width":800,"height":800},{"@type":"BreadcrumbList","@id":"https:\/\/alfequipment.com\/product\/bss-1538c-bottle-labeling-machine-shrinking-label\/#breadcrumb","itemListElement":[{"@type":"ListItem","position":1,"name":"Home","item":"https:\/\/alfequipment.com\/"},{"@type":"ListItem","position":2,"name":"Shop","item":"https:\/\/alfequipment.com\/shop\/"},{"@type":"ListItem","position":3,"name":"BSS-1538C Bottle Labeling Machine Shrinking Label"}]},{"@type":"WebSite","@id":"https:\/\/alfequipment.com\/#website","url":"https:\/\/alfequipment.com\/","name":"ALF PACK","description":"","publisher":{"@id":"https:\/\/alfequipment.com\/#organization"},"potentialAction":[{"@type":"SearchAction","target":{"@type":"EntryPoint","urlTemplate":"https:\/\/alfequipment.com\/?s={search_term_string}"},"query-input":{"@type":"PropertyValueSpecification","valueRequired":true,"valueName":"search_term_string"}}],"inLanguage":"de"},{"@type":"Organization","@id":"https:\/\/alfequipment.com\/#organization","name":"ALF PACK","url":"https:\/\/alfequipment.com\/","logo":{"@type":"ImageObject","inLanguage":"de","@id":"https:\/\/alfequipment.com\/#\/schema\/logo\/image\/","url":"https:\/\/alfequipment.com\/wp-content\/uploads\/2024\/11\/ALFlogo-2.webp","contentUrl":"https:\/\/alfequipment.com\/wp-content\/uploads\/2024\/11\/ALFlogo-2.webp","width":758,"height":750,"caption":"ALF PACK"},"image":{"@id":"https:\/\/alfequipment.com\/#\/schema\/logo\/image\/"}}]}},"_links":{"self":[{"href":"https:\/\/alfequipment.com\/de\/wp-json\/wp\/v2\/product\/3245","targetHints":{"allow":["GET"]}}],"collection":[{"href":"https:\/\/alfequipment.com\/de\/wp-json\/wp\/v2\/product"}],"about":[{"href":"https:\/\/alfequipment.com\/de\/wp-json\/wp\/v2\/types\/product"}],"replies":[{"embeddable":true,"href":"https:\/\/alfequipment.com\/de\/wp-json\/wp\/v2\/comments?post=3245"}],"version-history":[{"count":0,"href":"https:\/\/alfequipment.com\/de\/wp-json\/wp\/v2\/product\/3245\/revisions"}],"wp:featuredmedia":[{"embeddable":true,"href":"https:\/\/alfequipment.com\/de\/wp-json\/wp\/v2\/media\/3246"}],"wp:attachment":[{"href":"https:\/\/alfequipment.com\/de\/wp-json\/wp\/v2\/media?parent=3245"}],"wp:term":[{"taxonomy":"product_brand","embeddable":true,"href":"https:\/\/alfequipment.com\/de\/wp-json\/wp\/v2\/product_brand?post=3245"},{"taxonomy":"product_cat","embeddable":true,"href":"https:\/\/alfequipment.com\/de\/wp-json\/wp\/v2\/product_cat?post=3245"},{"taxonomy":"product_tag","embeddable":true,"href":"https:\/\/alfequipment.com\/de\/wp-json\/wp\/v2\/product_tag?post=3245"}],"curies":[{"name":"wp","href":"https:\/\/api.w.org\/{rel}","templated":true}]}}