{"id":3247,"date":"2024-12-04T00:56:12","date_gmt":"2024-12-04T00:56:12","guid":{"rendered":"https:\/\/alfequipment.com\/product\/jgs-880-multi-purpose-locking-and-bottle-capping-machine\/"},"modified":"2025-01-13T13:15:39","modified_gmt":"2025-01-13T13:15:39","slug":"jgs-880-mehrzweck-verschluss-und-flaschenverschliesmaschine","status":"publish","type":"product","link":"https:\/\/alfequipment.com\/de\/product\/jgs-880-mehrzweck-verschluss-und-flaschenverschliesmaschine\/","title":{"rendered":"JGS-880 Mehrzweck-Verschluss- und Flaschenverschlie\u00dfmaschine"},"content":{"rendered":"<p data-section-blank=\"AliPostDhMb-xj8tn\"><span style=\"font-size: 14px;\">Die Mehrzweck-Verschlussmaschine der Serie JGS eignet sich zum diebstahlsicheren Verschlie\u00dfen von Drehkappen, Drehverschl\u00fcssen und Pr\u00e4gungen in verschiedenen Arten von Glas-, Kunststoff-, Porzellan- und Polyesterflaschen.<\/span><\/p>\n<p>&nbsp;<\/p>\n<p><span style=\"font-size: 18px;\">Spezifikation:<\/span><\/p>\n<table class=\"aliDataTable\" style=\"width: 463px;\" border=\"0\" cellspacing=\"0\" cellpadding=\"0\">\n<tbody>\n<tr>\n<td>\n<p><span style=\"font-size: 14px;\">Modell<\/span><\/p>\n<\/td>\n<td>\n<p><span style=\"font-size: 14px;\">JGS-980<\/span><\/p>\n<\/td>\n<td>\n<p><span style=\"font-size: 14px; color: #ff0000;\">JGS-880<\/span><\/p>\n<\/td>\n<\/tr>\n<tr>\n<td>\n<p><span style=\"font-size: 14px;\">Strom<\/span><\/p>\n<\/td>\n<td>\n<p><span style=\"font-size: 14px;\">220V\/50HZ<\/span><\/p>\n<\/td>\n<td>\n<p><span style=\"font-size: 14px; color: #ff0000;\">220V\/50HZ<\/span><\/p>\n<\/td>\n<\/tr>\n<tr>\n<td>\n<p><span style=\"font-size: 14px;\">Kapazit\u00e4t<\/span><\/p>\n<\/td>\n<td>\n<p><span style=\"font-size: 14px;\">1000 Flaschen\/Stunde<\/span><\/p>\n<\/td>\n<td>\n<p><span style=\"font-size: 14px; color: #ff0000;\">800 Flaschen\/Stunde<\/span><\/p>\n<\/td>\n<\/tr>\n<tr>\n<td>\n<p><span style=\"font-size: 14px;\">Kaliber<\/span><\/p>\n<\/td>\n<td>\n<p><span style=\"font-size: 14px;\">20-35mm<\/span><\/p>\n<\/td>\n<td>\n<p><span style=\"font-size: 14px; color: #ff0000;\">20-35mm<\/span><\/p>\n<\/td>\n<\/tr>\n<tr>\n<td>\n<p><span style=\"font-size: 14px;\">H\u00f6he der Flasche<\/span><\/p>\n<\/td>\n<td>\n<p><span style=\"font-size: 14px;\">20-350mm<\/span><\/p>\n<\/td>\n<td>\n<p><span style=\"font-size: 14px; color: #ff0000;\">70-330mm<\/span><\/p>\n<\/td>\n<\/tr>\n<tr>\n<td>\n<p><span style=\"font-size: 14px;\">Maschine Gewicht<\/span><\/p>\n<\/td>\n<td>\n<p><span style=\"font-size: 14px;\">82kg<\/span><\/p>\n<\/td>\n<td>\n<p><span style=\"font-size: 14px; color: #ff0000;\">72 kg<\/span><\/p>\n<\/td>\n<\/tr>\n<tr>\n<td>\n<p><span style=\"font-size: 14px;\">Abmessungen der Maschine<\/span><\/p>\n<\/td>\n<td>\n<p><span style=\"font-size: 14px;\">700*340*1260mm<\/span><\/p>\n<\/td>\n<td>\n<p><span style=\"font-size: 14px; color: #ff0000;\">605*300*970mm<\/span><\/p>\n<\/td>\n<\/tr>\n<\/tbody>\n<\/table>\n<p>&nbsp;<\/p>\n<p><img decoding=\"async\" src=\"https:\/\/sc01.alicdn.com\/kf\/H8eb7c1c47bac41de9ab4a0605449ad3bI\/64496\/H8eb7c1c47bac41de9ab4a0605449ad3bI.jpg\" data-alt=\"JGS-880 Multi-purpose locking and bottle capping machine\" data-width=\"500\" data-height=\"345\" ori-width=\"640\" ori-height=\"442\" class=\"aligncenter\"><img decoding=\"async\" src=\"https:\/\/sc02.alicdn.com\/kf\/Hf8dd628c4c09411198d20f64e1b98042P\/64496\/Hf8dd628c4c09411198d20f64e1b98042P.jpg\" data-alt=\"JGS-880 Multi-purpose locking and bottle capping machine\" ori-width=\"500\" ori-height=\"500\" class=\"aligncenter\"><\/p>\n<p data-section-blank=\"AliPostDhMb-t4qhy\">&nbsp;<\/p><\/p>","protected":false},"excerpt":{"rendered":"<p>Flaschenverschlussmaschine Jgs-880 Mehrzweck-Verschluss- und Verschlie\u00dfmaschine<\/p>","protected":false},"featured_media":3248,"comment_status":"closed","ping_status":"open","template":"","meta":[],"product_brand":[],"product_cat":[103],"product_tag":[],"class_list":{"0":"post-3247","1":"product","2":"type-product","3":"status-publish","4":"has-post-thumbnail","6":"product_cat-capping-machines","8":"first","9":"instock","10":"sale","11":"purchasable","12":"product-type-simple"},"yoast_head":"<!-- This site is optimized with the Yoast SEO Premium plugin v20.9 (Yoast SEO v26.5) - https:\/\/yoast.com\/wordpress\/plugins\/seo\/ -->\n<title>JGS-880 Multi-purpose locking and bottle capping machine - ALF PACK<\/title>\n<meta name=\"robots\" content=\"index, follow, max-snippet:-1, max-image-preview:large, max-video-preview:-1\" \/>\n<link rel=\"canonical\" href=\"https:\/\/alfequipment.com\/de\/product\/jgs-880-mehrzweck-verschluss-und-flaschenverschliesmaschine\/\" \/>\n<meta property=\"og:locale\" content=\"de_DE\" \/>\n<meta property=\"og:type\" content=\"article\" \/>\n<meta property=\"og:title\" content=\"JGS-880 Multi-purpose locking and bottle capping machine\" \/>\n<meta property=\"og:description\" content=\"Bottle Cap Machine Jgs-880 Multi-purpose Locking And Capping Machine\" \/>\n<meta property=\"og:url\" content=\"https:\/\/alfequipment.com\/de\/product\/jgs-880-mehrzweck-verschluss-und-flaschenverschliesmaschine\/\" \/>\n<meta property=\"og:site_name\" content=\"ALF PACK\" \/>\n<meta property=\"article:modified_time\" content=\"2025-01-13T13:15:39+00:00\" \/>\n<meta property=\"og:image\" content=\"https:\/\/alfequipment.com\/wp-content\/uploads\/2025\/01\/H33d49c2ecb5a42be86ecc2fd9d3c4f4c5.jpg\" \/>\n\t<meta property=\"og:image:width\" content=\"800\" \/>\n\t<meta property=\"og:image:height\" content=\"800\" \/>\n\t<meta property=\"og:image:type\" content=\"image\/webp\" \/>\n<meta name=\"twitter:card\" content=\"summary_large_image\" \/>\n<script type=\"application\/ld+json\" class=\"yoast-schema-graph\">{\"@context\":\"https:\/\/schema.org\",\"@graph\":[{\"@type\":\"WebPage\",\"@id\":\"https:\/\/alfequipment.com\/product\/jgs-880-multi-purpose-locking-and-bottle-capping-machine\/\",\"url\":\"https:\/\/alfequipment.com\/product\/jgs-880-multi-purpose-locking-and-bottle-capping-machine\/\",\"name\":\"JGS-880 Multi-purpose locking and bottle capping machine - ALF PACK\",\"isPartOf\":{\"@id\":\"https:\/\/alfequipment.com\/#website\"},\"primaryImageOfPage\":{\"@id\":\"https:\/\/alfequipment.com\/product\/jgs-880-multi-purpose-locking-and-bottle-capping-machine\/#primaryimage\"},\"image\":{\"@id\":\"https:\/\/alfequipment.com\/product\/jgs-880-multi-purpose-locking-and-bottle-capping-machine\/#primaryimage\"},\"thumbnailUrl\":\"https:\/\/alfequipment.com\/wp-content\/uploads\/2025\/01\/H33d49c2ecb5a42be86ecc2fd9d3c4f4c5.jpg\",\"datePublished\":\"2024-12-04T00:56:12+00:00\",\"dateModified\":\"2025-01-13T13:15:39+00:00\",\"breadcrumb\":{\"@id\":\"https:\/\/alfequipment.com\/product\/jgs-880-multi-purpose-locking-and-bottle-capping-machine\/#breadcrumb\"},\"inLanguage\":\"de\",\"potentialAction\":[{\"@type\":\"ReadAction\",\"target\":[\"https:\/\/alfequipment.com\/product\/jgs-880-multi-purpose-locking-and-bottle-capping-machine\/\"]}]},{\"@type\":\"ImageObject\",\"inLanguage\":\"de\",\"@id\":\"https:\/\/alfequipment.com\/product\/jgs-880-multi-purpose-locking-and-bottle-capping-machine\/#primaryimage\",\"url\":\"https:\/\/alfequipment.com\/wp-content\/uploads\/2025\/01\/H33d49c2ecb5a42be86ecc2fd9d3c4f4c5.jpg\",\"contentUrl\":\"https:\/\/alfequipment.com\/wp-content\/uploads\/2025\/01\/H33d49c2ecb5a42be86ecc2fd9d3c4f4c5.jpg\",\"width\":800,\"height\":800},{\"@type\":\"BreadcrumbList\",\"@id\":\"https:\/\/alfequipment.com\/product\/jgs-880-multi-purpose-locking-and-bottle-capping-machine\/#breadcrumb\",\"itemListElement\":[{\"@type\":\"ListItem\",\"position\":1,\"name\":\"Home\",\"item\":\"https:\/\/alfequipment.com\/\"},{\"@type\":\"ListItem\",\"position\":2,\"name\":\"Shop\",\"item\":\"https:\/\/alfequipment.com\/shop\/\"},{\"@type\":\"ListItem\",\"position\":3,\"name\":\"JGS-880 Multi-purpose locking and bottle capping machine\"}]},{\"@type\":\"WebSite\",\"@id\":\"https:\/\/alfequipment.com\/#website\",\"url\":\"https:\/\/alfequipment.com\/\",\"name\":\"ALF PACK\",\"description\":\"\",\"publisher\":{\"@id\":\"https:\/\/alfequipment.com\/#organization\"},\"potentialAction\":[{\"@type\":\"SearchAction\",\"target\":{\"@type\":\"EntryPoint\",\"urlTemplate\":\"https:\/\/alfequipment.com\/?s={search_term_string}\"},\"query-input\":{\"@type\":\"PropertyValueSpecification\",\"valueRequired\":true,\"valueName\":\"search_term_string\"}}],\"inLanguage\":\"de\"},{\"@type\":\"Organization\",\"@id\":\"https:\/\/alfequipment.com\/#organization\",\"name\":\"ALF PACK\",\"url\":\"https:\/\/alfequipment.com\/\",\"logo\":{\"@type\":\"ImageObject\",\"inLanguage\":\"de\",\"@id\":\"https:\/\/alfequipment.com\/#\/schema\/logo\/image\/\",\"url\":\"https:\/\/alfequipment.com\/wp-content\/uploads\/2024\/11\/ALFlogo-2.webp\",\"contentUrl\":\"https:\/\/alfequipment.com\/wp-content\/uploads\/2024\/11\/ALFlogo-2.webp\",\"width\":758,\"height\":750,\"caption\":\"ALF PACK\"},\"image\":{\"@id\":\"https:\/\/alfequipment.com\/#\/schema\/logo\/image\/\"}}]}<\/script>\n<!-- \/ Yoast SEO Premium plugin. -->","yoast_head_json":{"title":"JGS-880 Mehrzweck-Verschluss- und Flaschenverschlie\u00dfmaschine - ALF PACK","robots":{"index":"index","follow":"follow","max-snippet":"max-snippet:-1","max-image-preview":"max-image-preview:large","max-video-preview":"max-video-preview:-1"},"canonical":"https:\/\/alfequipment.com\/de\/product\/jgs-880-mehrzweck-verschluss-und-flaschenverschliesmaschine\/","og_locale":"de_DE","og_type":"article","og_title":"JGS-880 Multi-purpose locking and bottle capping machine","og_description":"Bottle Cap Machine Jgs-880 Multi-purpose Locking And Capping Machine","og_url":"https:\/\/alfequipment.com\/de\/product\/jgs-880-mehrzweck-verschluss-und-flaschenverschliesmaschine\/","og_site_name":"ALF PACK","article_modified_time":"2025-01-13T13:15:39+00:00","og_image":[{"width":800,"height":800,"url":"https:\/\/alfequipment.com\/wp-content\/uploads\/2025\/01\/H33d49c2ecb5a42be86ecc2fd9d3c4f4c5.jpg","type":"image\/webp"}],"twitter_card":"summary_large_image","schema":{"@context":"https:\/\/schema.org","@graph":[{"@type":"WebPage","@id":"https:\/\/alfequipment.com\/product\/jgs-880-multi-purpose-locking-and-bottle-capping-machine\/","url":"https:\/\/alfequipment.com\/product\/jgs-880-multi-purpose-locking-and-bottle-capping-machine\/","name":"JGS-880 Mehrzweck-Verschluss- und Flaschenverschlie\u00dfmaschine - ALF PACK","isPartOf":{"@id":"https:\/\/alfequipment.com\/#website"},"primaryImageOfPage":{"@id":"https:\/\/alfequipment.com\/product\/jgs-880-multi-purpose-locking-and-bottle-capping-machine\/#primaryimage"},"image":{"@id":"https:\/\/alfequipment.com\/product\/jgs-880-multi-purpose-locking-and-bottle-capping-machine\/#primaryimage"},"thumbnailUrl":"https:\/\/alfequipment.com\/wp-content\/uploads\/2025\/01\/H33d49c2ecb5a42be86ecc2fd9d3c4f4c5.jpg","datePublished":"2024-12-04T00:56:12+00:00","dateModified":"2025-01-13T13:15:39+00:00","breadcrumb":{"@id":"https:\/\/alfequipment.com\/product\/jgs-880-multi-purpose-locking-and-bottle-capping-machine\/#breadcrumb"},"inLanguage":"de","potentialAction":[{"@type":"ReadAction","target":["https:\/\/alfequipment.com\/product\/jgs-880-multi-purpose-locking-and-bottle-capping-machine\/"]}]},{"@type":"ImageObject","inLanguage":"de","@id":"https:\/\/alfequipment.com\/product\/jgs-880-multi-purpose-locking-and-bottle-capping-machine\/#primaryimage","url":"https:\/\/alfequipment.com\/wp-content\/uploads\/2025\/01\/H33d49c2ecb5a42be86ecc2fd9d3c4f4c5.jpg","contentUrl":"https:\/\/alfequipment.com\/wp-content\/uploads\/2025\/01\/H33d49c2ecb5a42be86ecc2fd9d3c4f4c5.jpg","width":800,"height":800},{"@type":"BreadcrumbList","@id":"https:\/\/alfequipment.com\/product\/jgs-880-multi-purpose-locking-and-bottle-capping-machine\/#breadcrumb","itemListElement":[{"@type":"ListItem","position":1,"name":"Home","item":"https:\/\/alfequipment.com\/"},{"@type":"ListItem","position":2,"name":"Shop","item":"https:\/\/alfequipment.com\/shop\/"},{"@type":"ListItem","position":3,"name":"JGS-880 Multi-purpose locking and bottle capping machine"}]},{"@type":"WebSite","@id":"https:\/\/alfequipment.com\/#website","url":"https:\/\/alfequipment.com\/","name":"ALF PACK","description":"","publisher":{"@id":"https:\/\/alfequipment.com\/#organization"},"potentialAction":[{"@type":"SearchAction","target":{"@type":"EntryPoint","urlTemplate":"https:\/\/alfequipment.com\/?s={search_term_string}"},"query-input":{"@type":"PropertyValueSpecification","valueRequired":true,"valueName":"search_term_string"}}],"inLanguage":"de"},{"@type":"Organization","@id":"https:\/\/alfequipment.com\/#organization","name":"ALF PACK","url":"https:\/\/alfequipment.com\/","logo":{"@type":"ImageObject","inLanguage":"de","@id":"https:\/\/alfequipment.com\/#\/schema\/logo\/image\/","url":"https:\/\/alfequipment.com\/wp-content\/uploads\/2024\/11\/ALFlogo-2.webp","contentUrl":"https:\/\/alfequipment.com\/wp-content\/uploads\/2024\/11\/ALFlogo-2.webp","width":758,"height":750,"caption":"ALF PACK"},"image":{"@id":"https:\/\/alfequipment.com\/#\/schema\/logo\/image\/"}}]}},"_links":{"self":[{"href":"https:\/\/alfequipment.com\/de\/wp-json\/wp\/v2\/product\/3247","targetHints":{"allow":["GET"]}}],"collection":[{"href":"https:\/\/alfequipment.com\/de\/wp-json\/wp\/v2\/product"}],"about":[{"href":"https:\/\/alfequipment.com\/de\/wp-json\/wp\/v2\/types\/product"}],"replies":[{"embeddable":true,"href":"https:\/\/alfequipment.com\/de\/wp-json\/wp\/v2\/comments?post=3247"}],"version-history":[{"count":0,"href":"https:\/\/alfequipment.com\/de\/wp-json\/wp\/v2\/product\/3247\/revisions"}],"wp:featuredmedia":[{"embeddable":true,"href":"https:\/\/alfequipment.com\/de\/wp-json\/wp\/v2\/media\/3248"}],"wp:attachment":[{"href":"https:\/\/alfequipment.com\/de\/wp-json\/wp\/v2\/media?parent=3247"}],"wp:term":[{"taxonomy":"product_brand","embeddable":true,"href":"https:\/\/alfequipment.com\/de\/wp-json\/wp\/v2\/product_brand?post=3247"},{"taxonomy":"product_cat","embeddable":true,"href":"https:\/\/alfequipment.com\/de\/wp-json\/wp\/v2\/product_cat?post=3247"},{"taxonomy":"product_tag","embeddable":true,"href":"https:\/\/alfequipment.com\/de\/wp-json\/wp\/v2\/product_tag?post=3247"}],"curies":[{"name":"wp","href":"https:\/\/api.w.org\/{rel}","templated":true}]}}