{"id":2908,"date":"2025-01-11T14:27:12","date_gmt":"2025-01-11T14:27:12","guid":{"rendered":"https:\/\/alfequipment.com\/product\/automatic-5-gallon-bottle-barrel-water-washing-filling-capping-machine-qgf-100\/"},"modified":"2025-01-13T13:08:45","modified_gmt":"2025-01-13T13:08:45","slug":"automatico-de-5-galones-barril-de-agua-de-lavado-de-llenado-de-la-maquina-de-tapado-qgf-100","status":"publish","type":"product","link":"https:\/\/alfequipment.com\/es\/product\/automatico-de-5-galones-barril-de-agua-de-lavado-de-llenado-de-la-maquina-de-tapado-qgf-100\/","title":{"rendered":"M\u00e1quina autom\u00e1tica de llenado y tapado de barriles de agua de 5 galones QGF-100"},"content":{"rendered":"<p><span style=\"line-height: 24px; font-size: 12pt;\">Esta l\u00ednea de producci\u00f3n autom\u00e1tica de 5 galones<\/span><span style=\"line-height: 24px; font-size: 12pt;\">&nbsp;tiene la misma estructura y ser f\u00e1cil de usar. Toda la m\u00e1quina adopt\u00f3 el procedimiento PLC para controlar el barril de lavado de trabajo, duchas vaginales y de llenado, tapado y etc. El barril ser\u00eda fregar desde el interior al exterior repetitivo y el desinfectador podr\u00eda ser utilizado circularmente. Esta m\u00e1quina est\u00e1 hecha de acero inoxidable y est\u00e1 de acuerdo con el est\u00e1ndar saludable de los alimentos.<\/span><\/p>\n<p style=\"font-size: 12px;\"><span style=\"font-size: 18px;\"><strong><span style=\"line-height: 24px;\">Especificaci\u00f3n:<\/span><\/strong><\/span><\/p>\n<table class=\"aliDataTable\" style=\"background: #ffffff; border-collapse: collapse; border: 1px solid #cccccc; color: #000000; font-family: Arial; font-size: 12px; font-style: normal; font-weight: 400; width: 728.625px;\" border=\"1\" cellspacing=\"0\" cellpadding=\"0\">\n<tbody>\n<tr align=\"left\">\n<td style=\"font-family: Verdana, Arial, Helvetica, sans-serif; font-size: 12px; color: #000000; margin: 8px; padding: 1px; border: 1px solid #cccccc; width: 221px;\" valign=\"top\">\n<p style=\"margin: 0px; padding: 0px;\"><span style=\"line-height: 24px; font-size: 12pt; color: #000000;\">Modelo<\/span><\/p>\n<\/td>\n<td style=\"font-family: Verdana, Arial, Helvetica, sans-serif; font-size: 12px; color: #000000; margin: 8px; padding: 1px; border: 1px solid #cccccc; width: 239px;\" valign=\"top\">\n<p style=\"margin: 0px; padding: 0px; text-align: center;\"><span style=\"line-height: 18px; color: #000000;\"><span style=\"line-height: 24px; font-size: 12pt;\">QGF-100<\/span><\/span><\/p>\n<\/td>\n<td style=\"font-family: Verdana, Arial, Helvetica, sans-serif; font-size: 12px; color: #000000; margin: 8px; padding: 1px; border: 1px solid #cccccc; width: 239px;\" valign=\"top\">\n<p style=\"margin: 0px; padding: 0px; text-align: center;\"><span style=\"line-height: 24px; font-size: 12pt; color: #000000;\">QGF-150<\/span><\/p>\n<\/td>\n<td style=\"font-family: Verdana, Arial, Helvetica, sans-serif; font-size: 12px; color: #000000; margin: 8px; padding: 1px; border: 1px solid #cccccc; width: 204.625px;\" valign=\"top\">\n<p style=\"margin: 0px; padding: 0px; text-align: center;\"><span style=\"line-height: 24px; font-size: 12pt; color: #000000;\">QGF-240<\/span><\/p>\n<\/td>\n<\/tr>\n<tr align=\"left\">\n<td style=\"font-family: Verdana, Arial, Helvetica, sans-serif; font-size: 12px; color: #000000; margin: 8px; padding: 1px; border: 1px solid #cccccc; width: 221px;\" valign=\"top\">\n<p style=\"margin: 0px; padding: 0px;\"><span style=\"line-height: 24px; font-size: 12pt; color: #000000;\">Volumen de llenado<\/span><\/p>\n<\/td>\n<td style=\"font-family: Verdana, Arial, Helvetica, sans-serif; font-size: 12px; color: #000000; margin: 8px; padding: 1px; border: 1px solid #cccccc; width: 682.625px;\" colspan=\"3\" valign=\"top\">\n<p style=\"margin: 0px; padding: 0px; text-align: center;\"><span style=\"line-height: 18px; color: #000000;\"><span style=\"line-height: 24px; font-size: 12pt;\">5 galones<\/span><\/span><\/p>\n<\/td>\n<\/tr>\n<tr align=\"left\">\n<td style=\"font-family: Verdana, Arial, Helvetica, sans-serif; font-size: 12px; color: #000000; margin: 8px; padding: 1px; border: 1px solid #cccccc; width: 221px;\" valign=\"top\">\n<p style=\"margin: 0px; padding: 0px;\"><span style=\"line-height: 24px; font-size: 12pt; color: #000000;\">Tama\u00f1os de barril<\/span><\/p>\n<\/td>\n<td style=\"font-family: Verdana, Arial, Helvetica, sans-serif; font-size: 12px; color: #000000; margin: 8px; padding: 1px; border: 1px solid #cccccc; width: 682.625px;\" colspan=\"3\" valign=\"top\">\n<p style=\"margin: 0px; padding: 0px; text-align: center;\"><span style=\"line-height: 18px; color: #000000;\"><span style=\"line-height: 24px; font-size: 12pt;\">Di\u00e1metro 276*496 mm<\/span><\/span><\/p>\n<\/td>\n<\/tr>\n<tr align=\"left\">\n<td style=\"font-family: Verdana, Arial, Helvetica, sans-serif; font-size: 12px; color: #000000; margin: 8px; padding: 1px; border: 1px solid #cccccc; width: 221px;\" valign=\"top\">\n<p style=\"margin: 0px; padding: 0px;\"><span style=\"line-height: 24px; font-size: 12pt; color: #000000;\">Capacidad de producci\u00f3n<\/span><\/p>\n<\/td>\n<td style=\"font-family: Verdana, Arial, Helvetica, sans-serif; font-size: 12px; color: #000000; margin: 8px; padding: 1px; border: 1px solid #cccccc; width: 239px;\" valign=\"top\">\n<p style=\"margin: 0px; padding: 0px; text-align: center;\"><span style=\"line-height: 18px; color: #000000;\"><span style=\"line-height: 24px; font-size: 12pt;\">100BPH<\/span><\/span><\/p>\n<\/td>\n<td style=\"font-family: Verdana, Arial, Helvetica, sans-serif; font-size: 12px; color: #000000; margin: 8px; padding: 1px; border: 1px solid #cccccc; width: 239px;\" valign=\"top\">\n<p style=\"margin: 0px; padding: 0px; text-align: center;\"><span style=\"line-height: 24px; font-size: 12pt; color: #000000;\">120BPH<\/span><\/p>\n<\/td>\n<td style=\"font-family: Verdana, Arial, Helvetica, sans-serif; font-size: 12px; color: #000000; margin: 8px; padding: 1px; border: 1px solid #cccccc; width: 204.625px;\" valign=\"top\">\n<p style=\"margin: 0px; padding: 0px; text-align: center;\"><span style=\"line-height: 24px; font-size: 12pt; color: #000000;\">200BPH<\/span><\/p>\n<\/td>\n<\/tr>\n<tr align=\"left\">\n<td style=\"font-family: Verdana, Arial, Helvetica, sans-serif; font-size: 12px; color: #000000; margin: 8px; padding: 1px; border: 1px solid #cccccc; width: 221px;\" valign=\"top\">\n<p style=\"margin: 0px; padding: 0px;\"><span style=\"line-height: 24px; font-size: 12pt; color: #000000;\">Potencia<\/span><\/p>\n<\/td>\n<td style=\"font-family: Verdana, Arial, Helvetica, sans-serif; font-size: 12px; color: #000000; margin: 8px; padding: 1px; border: 1px solid #cccccc; width: 239px;\" valign=\"top\">\n<p style=\"margin: 0px; padding: 0px; text-align: center;\"><span style=\"line-height: 18px; color: #000000;\"><span style=\"line-height: 24px; font-size: 12pt;\">2KW 200V 50\/60Hz<\/span><\/span><\/p>\n<\/td>\n<td style=\"font-family: Verdana, Arial, Helvetica, sans-serif; font-size: 12px; color: #000000; margin: 8px; padding: 1px; border: 1px solid #cccccc; width: 239px;\" valign=\"top\">\n<p style=\"margin: 0px; padding: 0px; text-align: center;\"><span style=\"line-height: 24px; font-size: 12pt; color: #000000;\">2,5KW 220V 50\/60HZ<\/span><\/p>\n<\/td>\n<td style=\"font-family: Verdana, Arial, Helvetica, sans-serif; font-size: 12px; color: #000000; margin: 8px; padding: 1px; border: 1px solid #cccccc; width: 204.625px;\" valign=\"top\">\n<p style=\"margin: 0px; padding: 0px; text-align: center;\"><span style=\"line-height: 24px; font-size: 12pt; color: #000000;\">3KW 220V 50\/60HZ<\/span><\/p>\n<\/td>\n<\/tr>\n<tr align=\"left\">\n<td style=\"font-family: Verdana, Arial, Helvetica, sans-serif; font-size: 12px; color: #000000; margin: 8px; padding: 1px; border: 1px solid #cccccc; width: 221px;\" valign=\"top\">\n<p style=\"margin: 0px; padding: 0px;\"><span style=\"line-height: 24px; font-size: 12pt; color: #000000;\">Alimentaci\u00f3n de la fuente de aire<\/span><\/p>\n<\/td>\n<td style=\"font-family: Verdana, Arial, Helvetica, sans-serif; font-size: 12px; color: #000000; margin: 8px; padding: 1px; border: 1px solid #cccccc; width: 682.625px;\" colspan=\"3\" valign=\"top\">\n<p style=\"margin: 0px; padding: 0px; text-align: center;\"><span style=\"line-height: 18px; color: #000000;\"><span style=\"line-height: 24px; font-size: 12pt;\">400L\/min 0,6Mpa<\/span><\/span><\/p>\n<\/td>\n<\/tr>\n<\/tbody>\n<\/table>\n<p>&nbsp;<\/p>\n<p>&nbsp;<\/p>\n<p>&nbsp;<\/p>\n<p><img decoding=\"async\" src=\"https:\/\/sc01.alicdn.com\/kf\/HTB1J_SHFVXXXXcHXXXXq6xXFXXXX\/64496\/HTB1J_SHFVXXXXcHXXXXq6xXFXXXX.jpg\" data-alt=\"Automatic 5 Gallon Bottle Barrel Water Washing Filling Capping Machine QGF-100\" style=\"vertical-align: middle; color: #000000; font-family: Arial; font-size: 12px; font-style: normal; font-weight: 400; background-color: #ffffff; width: 362px; height: 266px;\" ori-width=\"431\" ori-height=\"317\" class=\"aligncenter\"><\/p>\n<p>&nbsp;<\/p>\n<div id=\"ali-anchor-AliPostDhMb-6dxtz\" class=\"mceSectionContainer\" style=\"padding-top: 8px;\" data-section=\"AliPostDhMb-6dxtz\" data-section-title=\"Packaging &amp; Shipping\">\n<div id=\"ali-title-AliPostDhMb-6dxtz\" style=\"padding: 8px 0; border-bottom: 1px solid #ddd;\"><\/div>\n<\/div>","protected":false},"excerpt":{"rendered":"<p>M\u00e1quina llenadora autom\u00e1tica completa de botellas de 5 galones<\/p>","protected":false},"featured_media":2650,"comment_status":"closed","ping_status":"open","template":"","meta":[],"product_brand":[],"product_cat":[101],"product_tag":[],"class_list":{"0":"post-2908","1":"product","2":"type-product","3":"status-publish","4":"has-post-thumbnail","6":"product_cat-filling-machines","8":"first","9":"instock","10":"sale","11":"purchasable","12":"product-type-simple"},"yoast_head":"<!-- This site is optimized with the Yoast SEO Premium plugin v20.9 (Yoast SEO v26.5) - https:\/\/yoast.com\/wordpress\/plugins\/seo\/ -->\n<title>Automatic 5 Gallon Bottle Barrel Water Washing Filling Capping Machine QGF-100 - ALF PACK<\/title>\n<meta name=\"robots\" content=\"index, follow, max-snippet:-1, max-image-preview:large, max-video-preview:-1\" \/>\n<link rel=\"canonical\" href=\"https:\/\/alfequipment.com\/es\/product\/automatico-de-5-galones-barril-de-agua-de-lavado-de-llenado-de-la-maquina-de-tapado-qgf-100\/\" \/>\n<meta property=\"og:locale\" content=\"es_ES\" \/>\n<meta property=\"og:type\" content=\"article\" \/>\n<meta property=\"og:title\" content=\"Automatic 5 Gallon Bottle Barrel Water Washing Filling Capping Machine QGF-100\" \/>\n<meta property=\"og:description\" content=\"Automatic Complete 5 Gallon Bottle Filling Machine\" \/>\n<meta property=\"og:url\" content=\"https:\/\/alfequipment.com\/es\/product\/automatico-de-5-galones-barril-de-agua-de-lavado-de-llenado-de-la-maquina-de-tapado-qgf-100\/\" \/>\n<meta property=\"og:site_name\" content=\"ALF PACK\" \/>\n<meta property=\"article:modified_time\" content=\"2025-01-13T13:08:45+00:00\" \/>\n<meta property=\"og:image\" content=\"https:\/\/alfequipment.com\/wp-content\/uploads\/2025\/01\/Automatic-5-Gallon-Bottle-Barrel-Water-Washing.jpg\" \/>\n\t<meta property=\"og:image:width\" content=\"800\" \/>\n\t<meta property=\"og:image:height\" content=\"800\" \/>\n\t<meta property=\"og:image:type\" content=\"image\/webp\" \/>\n<meta name=\"twitter:card\" content=\"summary_large_image\" \/>\n<script type=\"application\/ld+json\" class=\"yoast-schema-graph\">{\"@context\":\"https:\/\/schema.org\",\"@graph\":[{\"@type\":\"WebPage\",\"@id\":\"https:\/\/alfequipment.com\/product\/automatic-5-gallon-bottle-barrel-water-washing-filling-capping-machine-qgf-100\/\",\"url\":\"https:\/\/alfequipment.com\/product\/automatic-5-gallon-bottle-barrel-water-washing-filling-capping-machine-qgf-100\/\",\"name\":\"Automatic 5 Gallon Bottle Barrel Water Washing Filling Capping Machine QGF-100 - ALF PACK\",\"isPartOf\":{\"@id\":\"https:\/\/alfequipment.com\/#website\"},\"primaryImageOfPage\":{\"@id\":\"https:\/\/alfequipment.com\/product\/automatic-5-gallon-bottle-barrel-water-washing-filling-capping-machine-qgf-100\/#primaryimage\"},\"image\":{\"@id\":\"https:\/\/alfequipment.com\/product\/automatic-5-gallon-bottle-barrel-water-washing-filling-capping-machine-qgf-100\/#primaryimage\"},\"thumbnailUrl\":\"https:\/\/alfequipment.com\/wp-content\/uploads\/2025\/01\/Automatic-5-Gallon-Bottle-Barrel-Water-Washing.jpg\",\"datePublished\":\"2025-01-11T14:27:12+00:00\",\"dateModified\":\"2025-01-13T13:08:45+00:00\",\"breadcrumb\":{\"@id\":\"https:\/\/alfequipment.com\/product\/automatic-5-gallon-bottle-barrel-water-washing-filling-capping-machine-qgf-100\/#breadcrumb\"},\"inLanguage\":\"es\",\"potentialAction\":[{\"@type\":\"ReadAction\",\"target\":[\"https:\/\/alfequipment.com\/product\/automatic-5-gallon-bottle-barrel-water-washing-filling-capping-machine-qgf-100\/\"]}]},{\"@type\":\"ImageObject\",\"inLanguage\":\"es\",\"@id\":\"https:\/\/alfequipment.com\/product\/automatic-5-gallon-bottle-barrel-water-washing-filling-capping-machine-qgf-100\/#primaryimage\",\"url\":\"https:\/\/alfequipment.com\/wp-content\/uploads\/2025\/01\/Automatic-5-Gallon-Bottle-Barrel-Water-Washing.jpg\",\"contentUrl\":\"https:\/\/alfequipment.com\/wp-content\/uploads\/2025\/01\/Automatic-5-Gallon-Bottle-Barrel-Water-Washing.jpg\",\"width\":800,\"height\":800},{\"@type\":\"BreadcrumbList\",\"@id\":\"https:\/\/alfequipment.com\/product\/automatic-5-gallon-bottle-barrel-water-washing-filling-capping-machine-qgf-100\/#breadcrumb\",\"itemListElement\":[{\"@type\":\"ListItem\",\"position\":1,\"name\":\"Home\",\"item\":\"https:\/\/alfequipment.com\/\"},{\"@type\":\"ListItem\",\"position\":2,\"name\":\"Shop\",\"item\":\"https:\/\/alfequipment.com\/shop\/\"},{\"@type\":\"ListItem\",\"position\":3,\"name\":\"Automatic 5 Gallon Bottle Barrel Water Washing Filling Capping Machine QGF-100\"}]},{\"@type\":\"WebSite\",\"@id\":\"https:\/\/alfequipment.com\/#website\",\"url\":\"https:\/\/alfequipment.com\/\",\"name\":\"ALF PACK\",\"description\":\"\",\"publisher\":{\"@id\":\"https:\/\/alfequipment.com\/#organization\"},\"potentialAction\":[{\"@type\":\"SearchAction\",\"target\":{\"@type\":\"EntryPoint\",\"urlTemplate\":\"https:\/\/alfequipment.com\/?s={search_term_string}\"},\"query-input\":{\"@type\":\"PropertyValueSpecification\",\"valueRequired\":true,\"valueName\":\"search_term_string\"}}],\"inLanguage\":\"es\"},{\"@type\":\"Organization\",\"@id\":\"https:\/\/alfequipment.com\/#organization\",\"name\":\"ALF PACK\",\"url\":\"https:\/\/alfequipment.com\/\",\"logo\":{\"@type\":\"ImageObject\",\"inLanguage\":\"es\",\"@id\":\"https:\/\/alfequipment.com\/#\/schema\/logo\/image\/\",\"url\":\"https:\/\/alfequipment.com\/wp-content\/uploads\/2024\/11\/ALFlogo-2.webp\",\"contentUrl\":\"https:\/\/alfequipment.com\/wp-content\/uploads\/2024\/11\/ALFlogo-2.webp\",\"width\":758,\"height\":750,\"caption\":\"ALF PACK\"},\"image\":{\"@id\":\"https:\/\/alfequipment.com\/#\/schema\/logo\/image\/\"}}]}<\/script>\n<!-- \/ Yoast SEO Premium plugin. -->","yoast_head_json":{"title":"M\u00e1quina autom\u00e1tica de lavado y tapado de barriles de agua de 5 galones QGF-100 - ALF PACK","robots":{"index":"index","follow":"follow","max-snippet":"max-snippet:-1","max-image-preview":"max-image-preview:large","max-video-preview":"max-video-preview:-1"},"canonical":"https:\/\/alfequipment.com\/es\/product\/automatico-de-5-galones-barril-de-agua-de-lavado-de-llenado-de-la-maquina-de-tapado-qgf-100\/","og_locale":"es_ES","og_type":"article","og_title":"Automatic 5 Gallon Bottle Barrel Water Washing Filling Capping Machine QGF-100","og_description":"Automatic Complete 5 Gallon Bottle Filling Machine","og_url":"https:\/\/alfequipment.com\/es\/product\/automatico-de-5-galones-barril-de-agua-de-lavado-de-llenado-de-la-maquina-de-tapado-qgf-100\/","og_site_name":"ALF PACK","article_modified_time":"2025-01-13T13:08:45+00:00","og_image":[{"width":800,"height":800,"url":"https:\/\/alfequipment.com\/wp-content\/uploads\/2025\/01\/Automatic-5-Gallon-Bottle-Barrel-Water-Washing.jpg","type":"image\/webp"}],"twitter_card":"summary_large_image","schema":{"@context":"https:\/\/schema.org","@graph":[{"@type":"WebPage","@id":"https:\/\/alfequipment.com\/product\/automatic-5-gallon-bottle-barrel-water-washing-filling-capping-machine-qgf-100\/","url":"https:\/\/alfequipment.com\/product\/automatic-5-gallon-bottle-barrel-water-washing-filling-capping-machine-qgf-100\/","name":"M\u00e1quina autom\u00e1tica de lavado y tapado de barriles de agua de 5 galones QGF-100 - ALF PACK","isPartOf":{"@id":"https:\/\/alfequipment.com\/#website"},"primaryImageOfPage":{"@id":"https:\/\/alfequipment.com\/product\/automatic-5-gallon-bottle-barrel-water-washing-filling-capping-machine-qgf-100\/#primaryimage"},"image":{"@id":"https:\/\/alfequipment.com\/product\/automatic-5-gallon-bottle-barrel-water-washing-filling-capping-machine-qgf-100\/#primaryimage"},"thumbnailUrl":"https:\/\/alfequipment.com\/wp-content\/uploads\/2025\/01\/Automatic-5-Gallon-Bottle-Barrel-Water-Washing.jpg","datePublished":"2025-01-11T14:27:12+00:00","dateModified":"2025-01-13T13:08:45+00:00","breadcrumb":{"@id":"https:\/\/alfequipment.com\/product\/automatic-5-gallon-bottle-barrel-water-washing-filling-capping-machine-qgf-100\/#breadcrumb"},"inLanguage":"es","potentialAction":[{"@type":"ReadAction","target":["https:\/\/alfequipment.com\/product\/automatic-5-gallon-bottle-barrel-water-washing-filling-capping-machine-qgf-100\/"]}]},{"@type":"ImageObject","inLanguage":"es","@id":"https:\/\/alfequipment.com\/product\/automatic-5-gallon-bottle-barrel-water-washing-filling-capping-machine-qgf-100\/#primaryimage","url":"https:\/\/alfequipment.com\/wp-content\/uploads\/2025\/01\/Automatic-5-Gallon-Bottle-Barrel-Water-Washing.jpg","contentUrl":"https:\/\/alfequipment.com\/wp-content\/uploads\/2025\/01\/Automatic-5-Gallon-Bottle-Barrel-Water-Washing.jpg","width":800,"height":800},{"@type":"BreadcrumbList","@id":"https:\/\/alfequipment.com\/product\/automatic-5-gallon-bottle-barrel-water-washing-filling-capping-machine-qgf-100\/#breadcrumb","itemListElement":[{"@type":"ListItem","position":1,"name":"Home","item":"https:\/\/alfequipment.com\/"},{"@type":"ListItem","position":2,"name":"Shop","item":"https:\/\/alfequipment.com\/shop\/"},{"@type":"ListItem","position":3,"name":"Automatic 5 Gallon Bottle Barrel Water Washing Filling Capping Machine QGF-100"}]},{"@type":"WebSite","@id":"https:\/\/alfequipment.com\/#website","url":"https:\/\/alfequipment.com\/","name":"PAQUETE ALF","description":"","publisher":{"@id":"https:\/\/alfequipment.com\/#organization"},"potentialAction":[{"@type":"SearchAction","target":{"@type":"EntryPoint","urlTemplate":"https:\/\/alfequipment.com\/?s={search_term_string}"},"query-input":{"@type":"PropertyValueSpecification","valueRequired":true,"valueName":"search_term_string"}}],"inLanguage":"es"},{"@type":"Organization","@id":"https:\/\/alfequipment.com\/#organization","name":"PAQUETE ALF","url":"https:\/\/alfequipment.com\/","logo":{"@type":"ImageObject","inLanguage":"es","@id":"https:\/\/alfequipment.com\/#\/schema\/logo\/image\/","url":"https:\/\/alfequipment.com\/wp-content\/uploads\/2024\/11\/ALFlogo-2.webp","contentUrl":"https:\/\/alfequipment.com\/wp-content\/uploads\/2024\/11\/ALFlogo-2.webp","width":758,"height":750,"caption":"ALF PACK"},"image":{"@id":"https:\/\/alfequipment.com\/#\/schema\/logo\/image\/"}}]}},"_links":{"self":[{"href":"https:\/\/alfequipment.com\/es\/wp-json\/wp\/v2\/product\/2908","targetHints":{"allow":["GET"]}}],"collection":[{"href":"https:\/\/alfequipment.com\/es\/wp-json\/wp\/v2\/product"}],"about":[{"href":"https:\/\/alfequipment.com\/es\/wp-json\/wp\/v2\/types\/product"}],"replies":[{"embeddable":true,"href":"https:\/\/alfequipment.com\/es\/wp-json\/wp\/v2\/comments?post=2908"}],"version-history":[{"count":0,"href":"https:\/\/alfequipment.com\/es\/wp-json\/wp\/v2\/product\/2908\/revisions"}],"wp:featuredmedia":[{"embeddable":true,"href":"https:\/\/alfequipment.com\/es\/wp-json\/wp\/v2\/media\/2650"}],"wp:attachment":[{"href":"https:\/\/alfequipment.com\/es\/wp-json\/wp\/v2\/media?parent=2908"}],"wp:term":[{"taxonomy":"product_brand","embeddable":true,"href":"https:\/\/alfequipment.com\/es\/wp-json\/wp\/v2\/product_brand?post=2908"},{"taxonomy":"product_cat","embeddable":true,"href":"https:\/\/alfequipment.com\/es\/wp-json\/wp\/v2\/product_cat?post=2908"},{"taxonomy":"product_tag","embeddable":true,"href":"https:\/\/alfequipment.com\/es\/wp-json\/wp\/v2\/product_tag?post=2908"}],"curies":[{"name":"wp","href":"https:\/\/api.w.org\/{rel}","templated":true}]}}