{"id":2911,"date":"2025-01-08T02:26:19","date_gmt":"2025-01-08T02:26:19","guid":{"rendered":"https:\/\/alfequipment.com\/product\/bs-g450-thermal-shrink-packaging-machine-shrinking-tunnel-packager\/"},"modified":"2025-01-14T03:11:41","modified_gmt":"2025-01-14T03:11:41","slug":"bs-g450-envasadora-termoretractil-tunel-de-retractilado","status":"publish","type":"product","link":"https:\/\/alfequipment.com\/es\/product\/bs-g450-envasadora-termoretractil-tunel-de-retractilado\/","title":{"rendered":"BS-G450 M\u00e1quina termoencogible de t\u00fanel de retractilado"},"content":{"rendered":"<div data-magic-global=\"%7B%22bizId%22%3A17179933680%2C%22pageId%22%3A21043021721%2C%22siteId%22%3A5005331025%7D\" id=\"detail_decorate_root\">\n<div module-id=\"28180829959\" module-title=\"detailProductNavigation\" render=\"true\" class=\"J_module\">\n<div id=\"ali-anchor-AliMagic-w8qwnc\" data-section=\"AliMagic-w8qwnc\" data-section-title=\"Product Description\" class=\"magic-0\">1.La m\u00e1quina de envasado retr\u00e1ctil t\u00e9rmica BS-G450 es adecuada para retractilar pel\u00edculas retr\u00e1ctiles finas como POF, PVC, PP, POP, etc con radiaci\u00f3n infrarroja lejana.<\/div>\n<\/div>\n<div module-id=\"28180829960\" module-title=\"detailTextWithTitle\" render=\"true\" class=\"J_module\">\n<div class=\"detail-decorate-json-renderer-container\">\n<div class=\"magic-1\">\n<div class=\"magic-4\">\n<div class=\"magic-5\">\n<div class=\"magic-6\">\n<p class=\"magic-7\">2.El grosor de la pel\u00edcula retr\u00e1ctil debe ser del orden de 0,01-0,04 mm.<\/p>\n<p>3.La temperatura de la sala de retractilado y la velocidad del transportador son ajustables.<\/p>\n<p>4.Adem\u00e1s, la altura del t\u00fanel de retractilado puede ajustarse seg\u00fan el tama\u00f1o de las mercanc\u00edas a embalar.<\/p>\n<p>5. El transportador tiene la ventaja de mantener el calor.<\/p>\n<p>6.Es ideal para retractilar cajas peque\u00f1as y ligeras con esta m\u00e1quina de retractilado. <\/p>\n<p><b>Y el tama\u00f1o de la m\u00e1quina se puede personalizar.<\/b><\/p>\n<\/p><\/div>\n<\/p><\/div>\n<\/p><\/div>\n<\/p><\/div>\n<\/p><\/div>\n<\/p><\/div>\n<div module-id=\"28180829961\" module-title=\"detailTableHightLight\" render=\"true\" class=\"J_module\">\n<div class=\"ife-detail-decorate-table\">\n<table class=\"all magic-8\">\n<tbody>\n<tr>\n<td>\n<div class=\"magic-9\">\n        Modelo\n       <\/div>\n<\/td>\n<td>\n<div class=\"magic-10\">\n        BS-G450\n       <\/div>\n<\/td>\n<\/tr>\n<tr>\n<td>\n<div class=\"magic-9\">\n        Fuente de energ\u00eda\n       <\/div>\n<\/td>\n<td>\n<div class=\"magic-10\">\n        220V\/380V 50-60Hz\n       <\/div>\n<\/td>\n<\/tr>\n<tr>\n<td>\n<div class=\"magic-9\">\n        Potencia\n       <\/div>\n<\/td>\n<td>\n<div class=\"magic-10\">\n        7,5 KW\n       <\/div>\n<\/td>\n<\/tr>\n<tr>\n<td>\n<div class=\"magic-9\">\n        Velocidad de transporte\n       <\/div>\n<\/td>\n<td>\n<div class=\"magic-10\">\n        0-10 m\/min\n       <\/div>\n<\/td>\n<\/tr>\n<tr>\n<td>\n<div class=\"magic-9\">\n        Tama\u00f1o del t\u00fanel (largo*ancho*alto)\n       <\/div>\n<\/td>\n<td>\n<div class=\"magic-10\">\n        1200*450*250mm\n       <\/div>\n<\/td>\n<\/tr>\n<tr>\n<td>\n<div class=\"magic-9\">\n        Tama\u00f1o del calefactor\n       <\/div>\n<\/td>\n<td>\n<div class=\"magic-10\">\n        1050mm*6\n       <\/div>\n<\/td>\n<\/tr>\n<tr>\n<td>\n<div class=\"magic-9\">\n        Carga de la cinta transportadora\n       <\/div>\n<\/td>\n<td>\n<div class=\"magic-10\">\n        5 kg\n       <\/div>\n<\/td>\n<\/tr>\n<tr>\n<td>\n<div class=\"magic-9\">\n        Tama\u00f1o de la m\u00e1quina (L*A*A)\n       <\/div>\n<\/td>\n<td>\n<div class=\"magic-10\">\n        1600*700*1300mm\n       <\/div>\n<\/td>\n<\/tr>\n<\/tbody>\n<\/table><\/div>\n<\/p><\/div>\n<div module-id=\"28180829962\" module-title=\"detailSingleImage\" render=\"true\" class=\"J_module\">\n<div class=\"icbu-pc-images magic-11\">\n<div>\n<div class=\"flex-layout-v\">\n<div class=\"flex-layout-h magic-11\">\n<div class=\"magic-12\">\n       <img decoding=\"async\" src=\"https:\/\/sc02.alicdn.com\/kf\/HTB1bTB7aIfrK1Rjy1Xdq6yemFXab\/64496\/HTB1bTB7aIfrK1Rjy1Xdq6yemFXab.jpg\" class=\"aligncenter\">\n      <\/div>\n<\/p><\/div>\n<\/p><\/div>\n<\/p><\/div>\n<\/p><\/div>\n<\/p><\/div>\n<div module-id=\"28191925009\" module-title=\"detailTwoImages\" render=\"true\" class=\"J_module\">\n<div class=\"icbu-pc-images magic-11\">\n<div>\n<div class=\"flex-layout-v\">\n<div class=\"flex-layout-h magic-11\">\n<div class=\"magic-14\">\n       <img decoding=\"async\" src=\"https:\/\/sc04.alicdn.com\/kf\/H794416fa2cf9488a9f2e1ab1544d63acJ\/64496\/H794416fa2cf9488a9f2e1ab1544d63acJ.jpg\" class=\"aligncenter\">\n      <\/div>\n<div class=\"magic-16\">\n       <img decoding=\"async\" src=\"https:\/\/sc04.alicdn.com\/kf\/H0daf1bca0aff42f1b478facff31128adx\/64496\/H0daf1bca0aff42f1b478facff31128adx.jpg\" class=\"aligncenter\">\n      <\/div>\n<\/p><\/div>\n<\/p><\/div>\n<\/p><\/div>\n<\/p><\/div>\n<\/p><\/div>\n<div module-id=\"28191925010\" module-title=\"detailSingleImage\" render=\"true\" class=\"J_module\">\n<div class=\"icbu-pc-images magic-11\">\n<div>\n<div class=\"flex-layout-v\">\n<div class=\"flex-layout-h magic-11\">\n<div class=\"magic-17\">\n       <img decoding=\"async\" src=\"https:\/\/sc04.alicdn.com\/kf\/H16cdcb2539174130a614567387594a0cj\/64496\/H16cdcb2539174130a614567387594a0cj.jpg\" class=\"aligncenter\">\n      <\/div>\n<\/p><\/div>\n<\/p><\/div>\n<\/p><\/div>\n<\/p><\/div>\n<\/p><\/div>\n<div module-id=\"28191925011\" module-title=\"detailSingleImage\" render=\"true\" class=\"J_module\">\n<div class=\"icbu-pc-images magic-11\">\n<div>\n<div class=\"flex-layout-v\">\n<div class=\"flex-layout-h magic-11\">\n<div class=\"magic-19\">\n       <img decoding=\"async\" src=\"https:\/\/sc04.alicdn.com\/kf\/Hd957bab6abd2484092da17f6efa4fe4dc\/64496\/Hd957bab6abd2484092da17f6efa4fe4dc.jpg\" class=\"aligncenter\">\n      <\/div>\n<\/p><\/div>\n<\/p><\/div>\n<\/p><\/div>\n<\/p><\/div>\n<\/p><\/div>\n<div module-id=\"28180829963\" module-title=\"detailSingleImage\" render=\"true\" class=\"J_module\">\n<div class=\"icbu-pc-images magic-11\">\n<div>\n<div class=\"flex-layout-v\">\n<div class=\"flex-layout-h magic-11\">\n<div class=\"magic-21\">\n       <img decoding=\"async\" src=\"https:\/\/sc01.alicdn.com\/kf\/HTB19IMDazvuK1Rjy0Faq6x2aVXa7\/64496\/HTB19IMDazvuK1Rjy0Faq6x2aVXa7.jpg\" class=\"aligncenter\">\n      <\/div>\n<\/p><\/div>\n<\/p><\/div>\n<\/p><\/div>\n<\/p><\/div>\n<\/p><\/div>\n<div module-id=\"28180829964\" module-title=\"detailSingleImage\" render=\"true\" class=\"J_module\">\n<div class=\"icbu-pc-images magic-11\">\n<div>\n<div class=\"flex-layout-v\">\n<div class=\"flex-layout-h magic-11\">\n<div class=\"magic-23\">\n       <img decoding=\"async\" src=\"https:\/\/sc02.alicdn.com\/kf\/HTB1QJcTaxrvK1RjSszeq6yObFXa8\/64496\/HTB1QJcTaxrvK1RjSszeq6yObFXa8.jpg\" class=\"aligncenter\">\n      <\/div>\n<\/p><\/div>\n<\/p><\/div>\n<\/p><\/div>\n<\/p><\/div>\n<\/p><\/div>\n<\/div>","protected":false},"excerpt":{"rendered":"<p>M\u00e1quina termoencogible<\/p>","protected":false},"featured_media":2656,"comment_status":"closed","ping_status":"open","template":"","meta":[],"product_brand":[],"product_cat":[123,98],"product_tag":[],"class_list":{"0":"post-2911","1":"product","2":"type-product","3":"status-publish","4":"has-post-thumbnail","6":"product_cat-shrink-tunnels","7":"product_cat-wrapping-machines","9":"first","10":"instock","11":"sale","12":"purchasable","13":"product-type-simple"},"yoast_head":"<!-- This site is optimized with the Yoast SEO Premium plugin v20.9 (Yoast SEO v26.5) - https:\/\/yoast.com\/wordpress\/plugins\/seo\/ -->\n<title>BS-G450 Thermal Shrink Packaging Machine shrinking tunnel packager - ALF PACK<\/title>\n<meta name=\"robots\" content=\"index, follow, max-snippet:-1, max-image-preview:large, max-video-preview:-1\" \/>\n<link rel=\"canonical\" href=\"https:\/\/alfequipment.com\/es\/product\/bs-g450-envasadora-termoretractil-tunel-de-retractilado\/\" \/>\n<meta property=\"og:locale\" content=\"es_ES\" \/>\n<meta property=\"og:type\" content=\"article\" \/>\n<meta property=\"og:title\" content=\"BS-G450 Thermal Shrink Packaging Machine shrinking tunnel packager\" \/>\n<meta property=\"og:description\" content=\"Thermal Shrink Packing Machine\" \/>\n<meta property=\"og:url\" content=\"https:\/\/alfequipment.com\/es\/product\/bs-g450-envasadora-termoretractil-tunel-de-retractilado\/\" \/>\n<meta property=\"og:site_name\" content=\"ALF PACK\" \/>\n<meta property=\"article:modified_time\" content=\"2025-01-14T03:11:41+00:00\" \/>\n<meta property=\"og:image\" content=\"https:\/\/alfequipment.com\/wp-content\/uploads\/2025\/01\/BS-G450-Thermal-Shrink-Packaging-Machine-shrinking.jpg\" \/>\n\t<meta property=\"og:image:width\" content=\"800\" \/>\n\t<meta property=\"og:image:height\" content=\"800\" \/>\n\t<meta property=\"og:image:type\" content=\"image\/webp\" \/>\n<meta name=\"twitter:card\" content=\"summary_large_image\" \/>\n<meta name=\"twitter:label1\" content=\"Tiempo de lectura\" \/>\n\t<meta name=\"twitter:data1\" content=\"1 minuto\" \/>\n<script type=\"application\/ld+json\" class=\"yoast-schema-graph\">{\"@context\":\"https:\/\/schema.org\",\"@graph\":[{\"@type\":\"WebPage\",\"@id\":\"https:\/\/alfequipment.com\/product\/bs-g450-thermal-shrink-packaging-machine-shrinking-tunnel-packager\/\",\"url\":\"https:\/\/alfequipment.com\/product\/bs-g450-thermal-shrink-packaging-machine-shrinking-tunnel-packager\/\",\"name\":\"BS-G450 Thermal Shrink Packaging Machine shrinking tunnel packager - ALF PACK\",\"isPartOf\":{\"@id\":\"https:\/\/alfequipment.com\/#website\"},\"primaryImageOfPage\":{\"@id\":\"https:\/\/alfequipment.com\/product\/bs-g450-thermal-shrink-packaging-machine-shrinking-tunnel-packager\/#primaryimage\"},\"image\":{\"@id\":\"https:\/\/alfequipment.com\/product\/bs-g450-thermal-shrink-packaging-machine-shrinking-tunnel-packager\/#primaryimage\"},\"thumbnailUrl\":\"https:\/\/alfequipment.com\/wp-content\/uploads\/2025\/01\/BS-G450-Thermal-Shrink-Packaging-Machine-shrinking.jpg\",\"datePublished\":\"2025-01-08T02:26:19+00:00\",\"dateModified\":\"2025-01-14T03:11:41+00:00\",\"breadcrumb\":{\"@id\":\"https:\/\/alfequipment.com\/product\/bs-g450-thermal-shrink-packaging-machine-shrinking-tunnel-packager\/#breadcrumb\"},\"inLanguage\":\"es\",\"potentialAction\":[{\"@type\":\"ReadAction\",\"target\":[\"https:\/\/alfequipment.com\/product\/bs-g450-thermal-shrink-packaging-machine-shrinking-tunnel-packager\/\"]}]},{\"@type\":\"ImageObject\",\"inLanguage\":\"es\",\"@id\":\"https:\/\/alfequipment.com\/product\/bs-g450-thermal-shrink-packaging-machine-shrinking-tunnel-packager\/#primaryimage\",\"url\":\"https:\/\/alfequipment.com\/wp-content\/uploads\/2025\/01\/BS-G450-Thermal-Shrink-Packaging-Machine-shrinking.jpg\",\"contentUrl\":\"https:\/\/alfequipment.com\/wp-content\/uploads\/2025\/01\/BS-G450-Thermal-Shrink-Packaging-Machine-shrinking.jpg\",\"width\":800,\"height\":800},{\"@type\":\"BreadcrumbList\",\"@id\":\"https:\/\/alfequipment.com\/product\/bs-g450-thermal-shrink-packaging-machine-shrinking-tunnel-packager\/#breadcrumb\",\"itemListElement\":[{\"@type\":\"ListItem\",\"position\":1,\"name\":\"Home\",\"item\":\"https:\/\/alfequipment.com\/\"},{\"@type\":\"ListItem\",\"position\":2,\"name\":\"Shop\",\"item\":\"https:\/\/alfequipment.com\/shop\/\"},{\"@type\":\"ListItem\",\"position\":3,\"name\":\"BS-G450 Thermal Shrink Packaging Machine shrinking tunnel packager\"}]},{\"@type\":\"WebSite\",\"@id\":\"https:\/\/alfequipment.com\/#website\",\"url\":\"https:\/\/alfequipment.com\/\",\"name\":\"ALF PACK\",\"description\":\"\",\"publisher\":{\"@id\":\"https:\/\/alfequipment.com\/#organization\"},\"potentialAction\":[{\"@type\":\"SearchAction\",\"target\":{\"@type\":\"EntryPoint\",\"urlTemplate\":\"https:\/\/alfequipment.com\/?s={search_term_string}\"},\"query-input\":{\"@type\":\"PropertyValueSpecification\",\"valueRequired\":true,\"valueName\":\"search_term_string\"}}],\"inLanguage\":\"es\"},{\"@type\":\"Organization\",\"@id\":\"https:\/\/alfequipment.com\/#organization\",\"name\":\"ALF PACK\",\"url\":\"https:\/\/alfequipment.com\/\",\"logo\":{\"@type\":\"ImageObject\",\"inLanguage\":\"es\",\"@id\":\"https:\/\/alfequipment.com\/#\/schema\/logo\/image\/\",\"url\":\"https:\/\/alfequipment.com\/wp-content\/uploads\/2024\/11\/ALFlogo-2.webp\",\"contentUrl\":\"https:\/\/alfequipment.com\/wp-content\/uploads\/2024\/11\/ALFlogo-2.webp\",\"width\":758,\"height\":750,\"caption\":\"ALF PACK\"},\"image\":{\"@id\":\"https:\/\/alfequipment.com\/#\/schema\/logo\/image\/\"}}]}<\/script>\n<!-- \/ Yoast SEO Premium plugin. -->","yoast_head_json":{"title":"BS-G450 Empaquetadora de t\u00fanel de retracci\u00f3n - ALF PACK","robots":{"index":"index","follow":"follow","max-snippet":"max-snippet:-1","max-image-preview":"max-image-preview:large","max-video-preview":"max-video-preview:-1"},"canonical":"https:\/\/alfequipment.com\/es\/product\/bs-g450-envasadora-termoretractil-tunel-de-retractilado\/","og_locale":"es_ES","og_type":"article","og_title":"BS-G450 Thermal Shrink Packaging Machine shrinking tunnel packager","og_description":"Thermal Shrink Packing Machine","og_url":"https:\/\/alfequipment.com\/es\/product\/bs-g450-envasadora-termoretractil-tunel-de-retractilado\/","og_site_name":"ALF PACK","article_modified_time":"2025-01-14T03:11:41+00:00","og_image":[{"width":800,"height":800,"url":"https:\/\/alfequipment.com\/wp-content\/uploads\/2025\/01\/BS-G450-Thermal-Shrink-Packaging-Machine-shrinking.jpg","type":"image\/webp"}],"twitter_card":"summary_large_image","twitter_misc":{"Tiempo de lectura":"1 minuto"},"schema":{"@context":"https:\/\/schema.org","@graph":[{"@type":"WebPage","@id":"https:\/\/alfequipment.com\/product\/bs-g450-thermal-shrink-packaging-machine-shrinking-tunnel-packager\/","url":"https:\/\/alfequipment.com\/product\/bs-g450-thermal-shrink-packaging-machine-shrinking-tunnel-packager\/","name":"BS-G450 Empaquetadora de t\u00fanel de retracci\u00f3n - ALF PACK","isPartOf":{"@id":"https:\/\/alfequipment.com\/#website"},"primaryImageOfPage":{"@id":"https:\/\/alfequipment.com\/product\/bs-g450-thermal-shrink-packaging-machine-shrinking-tunnel-packager\/#primaryimage"},"image":{"@id":"https:\/\/alfequipment.com\/product\/bs-g450-thermal-shrink-packaging-machine-shrinking-tunnel-packager\/#primaryimage"},"thumbnailUrl":"https:\/\/alfequipment.com\/wp-content\/uploads\/2025\/01\/BS-G450-Thermal-Shrink-Packaging-Machine-shrinking.jpg","datePublished":"2025-01-08T02:26:19+00:00","dateModified":"2025-01-14T03:11:41+00:00","breadcrumb":{"@id":"https:\/\/alfequipment.com\/product\/bs-g450-thermal-shrink-packaging-machine-shrinking-tunnel-packager\/#breadcrumb"},"inLanguage":"es","potentialAction":[{"@type":"ReadAction","target":["https:\/\/alfequipment.com\/product\/bs-g450-thermal-shrink-packaging-machine-shrinking-tunnel-packager\/"]}]},{"@type":"ImageObject","inLanguage":"es","@id":"https:\/\/alfequipment.com\/product\/bs-g450-thermal-shrink-packaging-machine-shrinking-tunnel-packager\/#primaryimage","url":"https:\/\/alfequipment.com\/wp-content\/uploads\/2025\/01\/BS-G450-Thermal-Shrink-Packaging-Machine-shrinking.jpg","contentUrl":"https:\/\/alfequipment.com\/wp-content\/uploads\/2025\/01\/BS-G450-Thermal-Shrink-Packaging-Machine-shrinking.jpg","width":800,"height":800},{"@type":"BreadcrumbList","@id":"https:\/\/alfequipment.com\/product\/bs-g450-thermal-shrink-packaging-machine-shrinking-tunnel-packager\/#breadcrumb","itemListElement":[{"@type":"ListItem","position":1,"name":"Home","item":"https:\/\/alfequipment.com\/"},{"@type":"ListItem","position":2,"name":"Shop","item":"https:\/\/alfequipment.com\/shop\/"},{"@type":"ListItem","position":3,"name":"BS-G450 Thermal Shrink Packaging Machine shrinking tunnel packager"}]},{"@type":"WebSite","@id":"https:\/\/alfequipment.com\/#website","url":"https:\/\/alfequipment.com\/","name":"PAQUETE ALF","description":"","publisher":{"@id":"https:\/\/alfequipment.com\/#organization"},"potentialAction":[{"@type":"SearchAction","target":{"@type":"EntryPoint","urlTemplate":"https:\/\/alfequipment.com\/?s={search_term_string}"},"query-input":{"@type":"PropertyValueSpecification","valueRequired":true,"valueName":"search_term_string"}}],"inLanguage":"es"},{"@type":"Organization","@id":"https:\/\/alfequipment.com\/#organization","name":"PAQUETE ALF","url":"https:\/\/alfequipment.com\/","logo":{"@type":"ImageObject","inLanguage":"es","@id":"https:\/\/alfequipment.com\/#\/schema\/logo\/image\/","url":"https:\/\/alfequipment.com\/wp-content\/uploads\/2024\/11\/ALFlogo-2.webp","contentUrl":"https:\/\/alfequipment.com\/wp-content\/uploads\/2024\/11\/ALFlogo-2.webp","width":758,"height":750,"caption":"ALF PACK"},"image":{"@id":"https:\/\/alfequipment.com\/#\/schema\/logo\/image\/"}}]}},"_links":{"self":[{"href":"https:\/\/alfequipment.com\/es\/wp-json\/wp\/v2\/product\/2911","targetHints":{"allow":["GET"]}}],"collection":[{"href":"https:\/\/alfequipment.com\/es\/wp-json\/wp\/v2\/product"}],"about":[{"href":"https:\/\/alfequipment.com\/es\/wp-json\/wp\/v2\/types\/product"}],"replies":[{"embeddable":true,"href":"https:\/\/alfequipment.com\/es\/wp-json\/wp\/v2\/comments?post=2911"}],"version-history":[{"count":0,"href":"https:\/\/alfequipment.com\/es\/wp-json\/wp\/v2\/product\/2911\/revisions"}],"wp:featuredmedia":[{"embeddable":true,"href":"https:\/\/alfequipment.com\/es\/wp-json\/wp\/v2\/media\/2656"}],"wp:attachment":[{"href":"https:\/\/alfequipment.com\/es\/wp-json\/wp\/v2\/media?parent=2911"}],"wp:term":[{"taxonomy":"product_brand","embeddable":true,"href":"https:\/\/alfequipment.com\/es\/wp-json\/wp\/v2\/product_brand?post=2911"},{"taxonomy":"product_cat","embeddable":true,"href":"https:\/\/alfequipment.com\/es\/wp-json\/wp\/v2\/product_cat?post=2911"},{"taxonomy":"product_tag","embeddable":true,"href":"https:\/\/alfequipment.com\/es\/wp-json\/wp\/v2\/product_tag?post=2911"}],"curies":[{"name":"wp","href":"https:\/\/api.w.org\/{rel}","templated":true}]}}