{"id":2912,"date":"2024-12-03T02:57:37","date_gmt":"2024-12-03T02:57:37","guid":{"rendered":"https:\/\/alfequipment.com\/product\/bse6040a-pe-film-heat-shrink-tunnel-wrapping-packaging-machine\/"},"modified":"2025-01-14T03:15:34","modified_gmt":"2025-01-14T03:15:34","slug":"bse6040a-tunel-de-retractilado-termico-de-film-pe-maquina-de-embalaje","status":"publish","type":"product","link":"https:\/\/alfequipment.com\/es\/product\/bse6040a-tunel-de-retractilado-termico-de-film-pe-maquina-de-embalaje\/","title":{"rendered":"BSE6040A M\u00e1quina de embalaje con t\u00fanel de retractilado t\u00e9rmico para film PE"},"content":{"rendered":"<div data-magic-global=\"%7B%22bizId%22%3A17179933680%2C%22pageId%22%3A21275416501%2C%22siteId%22%3A5005331025%7D\" id=\"detail_decorate_root\">\n<div module-id=\"34850320567\" module-title=\"detailProductNavigation\" render=\"true\" class=\"J_module\">\n<div id=\"ali-anchor-AliMagic-n1iiis\" data-section=\"AliMagic-n1iiis\" data-section-title=\"Product Description\" class=\"magic-0\">1.La m\u00e1quina empacadora tipo t\u00fanel de termoencogimiento con pel\u00edcula de PE adopta un controlador de temperatura digital, que facilita la operaci\u00f3n.&nbsp;<\/div>\n<\/div>\n<div module-id=\"34850320568\" module-title=\"detailTextWithTitle\" render=\"true\" class=\"J_module\">\n<div class=\"detail-decorate-json-renderer-container\">\n<div class=\"magic-1\">\n<div class=\"magic-4\">\n<div class=\"magic-5\">\n<div class=\"magic-6\">\n<p class=\"magic-7\"><\/p>\n<p class=\"magic-7\">2.Los tubos calefactores de cuarzo est\u00e1n situados en la parte superior, inferior y laterales del t\u00fanel de retractilado.<\/p>\n<p>3.Dos ventiladores en el cuadro el\u00e9ctrico enfr\u00edan el cuadro el\u00e9ctrico para proteger los componentes electr\u00f3nicos.<\/p>\n<p>4.El motor del transportador se enfr\u00eda mediante un ventilador situado debajo.<\/p>\n<p>5.El potente ventilador produce un flujo de aire caliente uniforme en el interior del t\u00fanel de retractilado.<\/p>\n<p>6.La velocidad del transportador es ajustable.<\/p>\n<p>7.Conveyor tiene opci\u00f3n de rodillo de cadena y transportador de red de hierro para la elecci\u00f3n.<\/p>\n<\/p><\/div>\n<\/p><\/div>\n<\/p><\/div>\n<\/p><\/div>\n<\/p><\/div>\n<\/p><\/div>\n<div module-id=\"34850320569\" module-title=\"detailTableHightLight\" render=\"true\" class=\"J_module\">\n<div class=\"ife-detail-decorate-table\">\n<table class=\"all magic-8\">\n<tbody>\n<tr>\n<td colspan=\"1\" rowspan=\"1\">\n<div class=\"magic-9\">\n        Modelo\n       <\/div>\n<\/td>\n<td colspan=\"1\" rowspan=\"1\">\n<div class=\"magic-10\">\n        BSE6040A\n       <\/div>\n<\/td>\n<\/tr>\n<tr>\n<td colspan=\"1\" rowspan=\"1\">\n<div class=\"magic-9\">\n        Alimentaci\u00f3n\n       <\/div>\n<\/td>\n<td colspan=\"1\" rowspan=\"1\">\n<div class=\"magic-10\">\n        Trif\u00e1sico 220V\/380V 50\/60HZ\n       <\/div>\n<\/td>\n<\/tr>\n<tr>\n<td colspan=\"1\" rowspan=\"1\">\n<div class=\"magic-9\">\n        Potencia de calefacci\u00f3n\n       <\/div>\n<\/td>\n<td colspan=\"1\" rowspan=\"1\">\n<div class=\"magic-10\">\n        28KW\n       <\/div>\n<\/td>\n<\/tr>\n<tr>\n<td colspan=\"1\" rowspan=\"1\">\n<div class=\"magic-9\">\n        Velocidad de transporte\n       <\/div>\n<\/td>\n<td colspan=\"1\" rowspan=\"1\">\n<div class=\"magic-10\">\n        0-10m\/minuto\n       <\/div>\n<\/td>\n<\/tr>\n<tr>\n<td colspan=\"1\" rowspan=\"1\">\n<div class=\"magic-9\">\n        Tama\u00f1o del t\u00fanel (largo*ancho*alto)\n       <\/div>\n<\/td>\n<td colspan=\"1\" rowspan=\"1\">\n<div class=\"magic-10\">\n        1500*600*460MM\n       <\/div>\n<\/td>\n<\/tr>\n<tr>\n<td colspan=\"1\" rowspan=\"1\">\n<div class=\"magic-9\">\n        Carga de la cinta transportadora\n       <\/div>\n<\/td>\n<td colspan=\"1\" rowspan=\"1\">\n<div class=\"magic-10\">\n        30KGS\n       <\/div>\n<\/td>\n<\/tr>\n<tr>\n<td colspan=\"1\" rowspan=\"1\">\n<div class=\"magic-9\">\n        Tama\u00f1o de la m\u00e1quina\n       <\/div>\n<\/td>\n<td colspan=\"1\" rowspan=\"1\">\n<div class=\"magic-10\">\n        2500*920*1680MM\n       <\/div>\n<\/td>\n<\/tr>\n<tr>\n<td colspan=\"1\" rowspan=\"1\">\n<div class=\"magic-9\">\n        Peso de la m\u00e1quina\n       <\/div>\n<\/td>\n<td colspan=\"1\" rowspan=\"1\">\n<div class=\"magic-10\">\n        500KG\n       <\/div>\n<\/td>\n<\/tr>\n<tr>\n<td colspan=\"1\" rowspan=\"1\">\n<div class=\"magic-9\">\n        Material f\u00edlmico\n       <\/div>\n<\/td>\n<td colspan=\"1\" rowspan=\"1\">\n<div class=\"magic-10\">\n        PE, POF, PVC, PP\n       <\/div>\n<\/td>\n<\/tr>\n<\/tbody>\n<\/table><\/div>\n<\/p><\/div>\n<div module-id=\"34850320570\" module-title=\"detailSingleImage\" render=\"true\" class=\"J_module\">\n<div class=\"icbu-pc-images magic-11\">\n<div>\n<div class=\"flex-layout-v\">\n<div class=\"flex-layout-h magic-11\">\n<div class=\"magic-12\">\n       <img decoding=\"async\" src=\"https:\/\/sc02.alicdn.com\/kf\/HTB1JNZ.ayjrK1RjSsplq6xHmVXas\/64496\/HTB1JNZ.ayjrK1RjSsplq6xHmVXas.jpg\" class=\"aligncenter\">\n      <\/div>\n<\/p><\/div>\n<\/p><\/div>\n<\/p><\/div>\n<\/p><\/div>\n<\/p><\/div>\n<div module-id=\"34850320571\" module-title=\"detailVerticalImages\" render=\"true\" class=\"J_module\">\n<div class=\"icbu-pc-images magic-11\">\n<div>\n<div class=\"flex-layout-v\">\n<div class=\"magic-14\">\n      <img decoding=\"async\" src=\"https:\/\/sc04.alicdn.com\/kf\/H495d7d51d67b41f98ca8dd52d336ebdbP\/64496\/H495d7d51d67b41f98ca8dd52d336ebdbP.jpg\" class=\"aligncenter\">\n     <\/div>\n<div class=\"flex-layout-h magic-11\">\n<div class=\"magic-16\">\n       <img decoding=\"async\" src=\"https:\/\/sc01.alicdn.com\/kf\/HTB1egVaaUzrK1RjSspmq6AOdFXaL\/64496\/HTB1egVaaUzrK1RjSspmq6AOdFXaL.jpg\" class=\"aligncenter\">\n      <\/div>\n<div class=\"magic-18\">\n       <img decoding=\"async\" src=\"https:\/\/sc02.alicdn.com\/kf\/HTB1i9s1aEvrK1RjSspcq6zzSXXaO\/64496\/HTB1i9s1aEvrK1RjSspcq6zzSXXaO.jpg\" class=\"aligncenter\">\n      <\/div>\n<\/p><\/div>\n<\/p><\/div>\n<\/p><\/div>\n<\/p><\/div>\n<\/p><\/div>\n<div module-id=\"34850320572\" module-title=\"detailSingleImage\" render=\"true\" class=\"J_module\">\n<div class=\"icbu-pc-images magic-11\">\n<div>\n<div class=\"flex-layout-v\">\n<div class=\"flex-layout-h magic-11\">\n<div class=\"magic-20\">\n       <img decoding=\"async\" src=\"https:\/\/sc02.alicdn.com\/kf\/HTB1u5w_azDuK1RjSszdq6xGLpXam\/64496\/HTB1u5w_azDuK1RjSszdq6xGLpXam.jpg\" class=\"aligncenter\">\n      <\/div>\n<\/p><\/div>\n<\/p><\/div>\n<\/p><\/div>\n<\/p><\/div>\n<\/p><\/div>\n<\/div>","protected":false},"excerpt":{"rendered":"<p>M\u00e1quina de embalaje termorretr\u00e1ctil de film de PE<\/p>","protected":false},"featured_media":2658,"comment_status":"closed","ping_status":"closed","template":"","meta":[],"product_brand":[],"product_cat":[102,123],"product_tag":[],"class_list":{"0":"post-2912","1":"product","2":"type-product","3":"status-publish","4":"has-post-thumbnail","6":"product_cat-packaging-machines","7":"product_cat-shrink-tunnels","9":"first","10":"instock","11":"sale","12":"purchasable","13":"product-type-simple"},"yoast_head":"<!-- This site is optimized with the Yoast SEO Premium plugin v20.9 (Yoast SEO v26.5) - https:\/\/yoast.com\/wordpress\/plugins\/seo\/ -->\n<title>BSE6040A PE film heat shrink tunnel wrapping packaging machine - ALF PACK<\/title>\n<meta name=\"robots\" content=\"index, follow, max-snippet:-1, max-image-preview:large, max-video-preview:-1\" \/>\n<link rel=\"canonical\" href=\"https:\/\/alfequipment.com\/es\/product\/bse6040a-tunel-de-retractilado-termico-de-film-pe-maquina-de-embalaje\/\" \/>\n<meta property=\"og:locale\" content=\"es_ES\" \/>\n<meta property=\"og:type\" content=\"article\" \/>\n<meta property=\"og:title\" content=\"BSE6040A PE film heat shrink tunnel wrapping packaging machine\" \/>\n<meta property=\"og:description\" content=\"Pe Film Heat Shrink Packaging Machine\" \/>\n<meta property=\"og:url\" content=\"https:\/\/alfequipment.com\/es\/product\/bse6040a-tunel-de-retractilado-termico-de-film-pe-maquina-de-embalaje\/\" \/>\n<meta property=\"og:site_name\" content=\"ALF PACK\" \/>\n<meta property=\"article:modified_time\" content=\"2025-01-14T03:15:34+00:00\" \/>\n<meta property=\"og:image\" content=\"https:\/\/alfequipment.com\/wp-content\/uploads\/2025\/01\/H1964586d0fb74156b329d82060d16438s.jpg\" \/>\n\t<meta property=\"og:image:width\" content=\"640\" \/>\n\t<meta property=\"og:image:height\" content=\"640\" \/>\n\t<meta property=\"og:image:type\" content=\"image\/webp\" \/>\n<meta name=\"twitter:card\" content=\"summary_large_image\" \/>\n<meta name=\"twitter:label1\" content=\"Tiempo de lectura\" \/>\n\t<meta name=\"twitter:data1\" content=\"1 minuto\" \/>\n<script type=\"application\/ld+json\" class=\"yoast-schema-graph\">{\"@context\":\"https:\/\/schema.org\",\"@graph\":[{\"@type\":\"WebPage\",\"@id\":\"https:\/\/alfequipment.com\/product\/bse6040a-pe-film-heat-shrink-tunnel-wrapping-packaging-machine\/\",\"url\":\"https:\/\/alfequipment.com\/product\/bse6040a-pe-film-heat-shrink-tunnel-wrapping-packaging-machine\/\",\"name\":\"BSE6040A PE film heat shrink tunnel wrapping packaging machine - ALF PACK\",\"isPartOf\":{\"@id\":\"https:\/\/alfequipment.com\/#website\"},\"primaryImageOfPage\":{\"@id\":\"https:\/\/alfequipment.com\/product\/bse6040a-pe-film-heat-shrink-tunnel-wrapping-packaging-machine\/#primaryimage\"},\"image\":{\"@id\":\"https:\/\/alfequipment.com\/product\/bse6040a-pe-film-heat-shrink-tunnel-wrapping-packaging-machine\/#primaryimage\"},\"thumbnailUrl\":\"https:\/\/alfequipment.com\/wp-content\/uploads\/2025\/01\/H1964586d0fb74156b329d82060d16438s.jpg\",\"datePublished\":\"2024-12-03T02:57:37+00:00\",\"dateModified\":\"2025-01-14T03:15:34+00:00\",\"breadcrumb\":{\"@id\":\"https:\/\/alfequipment.com\/product\/bse6040a-pe-film-heat-shrink-tunnel-wrapping-packaging-machine\/#breadcrumb\"},\"inLanguage\":\"es\",\"potentialAction\":[{\"@type\":\"ReadAction\",\"target\":[\"https:\/\/alfequipment.com\/product\/bse6040a-pe-film-heat-shrink-tunnel-wrapping-packaging-machine\/\"]}]},{\"@type\":\"ImageObject\",\"inLanguage\":\"es\",\"@id\":\"https:\/\/alfequipment.com\/product\/bse6040a-pe-film-heat-shrink-tunnel-wrapping-packaging-machine\/#primaryimage\",\"url\":\"https:\/\/alfequipment.com\/wp-content\/uploads\/2025\/01\/H1964586d0fb74156b329d82060d16438s.jpg\",\"contentUrl\":\"https:\/\/alfequipment.com\/wp-content\/uploads\/2025\/01\/H1964586d0fb74156b329d82060d16438s.jpg\",\"width\":640,\"height\":640},{\"@type\":\"BreadcrumbList\",\"@id\":\"https:\/\/alfequipment.com\/product\/bse6040a-pe-film-heat-shrink-tunnel-wrapping-packaging-machine\/#breadcrumb\",\"itemListElement\":[{\"@type\":\"ListItem\",\"position\":1,\"name\":\"Home\",\"item\":\"https:\/\/alfequipment.com\/\"},{\"@type\":\"ListItem\",\"position\":2,\"name\":\"Shop\",\"item\":\"https:\/\/alfequipment.com\/shop\/\"},{\"@type\":\"ListItem\",\"position\":3,\"name\":\"BSE6040A PE film heat shrink tunnel wrapping packaging machine\"}]},{\"@type\":\"WebSite\",\"@id\":\"https:\/\/alfequipment.com\/#website\",\"url\":\"https:\/\/alfequipment.com\/\",\"name\":\"ALF PACK\",\"description\":\"\",\"publisher\":{\"@id\":\"https:\/\/alfequipment.com\/#organization\"},\"potentialAction\":[{\"@type\":\"SearchAction\",\"target\":{\"@type\":\"EntryPoint\",\"urlTemplate\":\"https:\/\/alfequipment.com\/?s={search_term_string}\"},\"query-input\":{\"@type\":\"PropertyValueSpecification\",\"valueRequired\":true,\"valueName\":\"search_term_string\"}}],\"inLanguage\":\"es\"},{\"@type\":\"Organization\",\"@id\":\"https:\/\/alfequipment.com\/#organization\",\"name\":\"ALF PACK\",\"url\":\"https:\/\/alfequipment.com\/\",\"logo\":{\"@type\":\"ImageObject\",\"inLanguage\":\"es\",\"@id\":\"https:\/\/alfequipment.com\/#\/schema\/logo\/image\/\",\"url\":\"https:\/\/alfequipment.com\/wp-content\/uploads\/2024\/11\/ALFlogo-2.webp\",\"contentUrl\":\"https:\/\/alfequipment.com\/wp-content\/uploads\/2024\/11\/ALFlogo-2.webp\",\"width\":758,\"height\":750,\"caption\":\"ALF PACK\"},\"image\":{\"@id\":\"https:\/\/alfequipment.com\/#\/schema\/logo\/image\/\"}}]}<\/script>\n<!-- \/ Yoast SEO Premium plugin. -->","yoast_head_json":{"title":"BSE6040A M\u00e1quina de envasado en t\u00fanel de termo-retracci\u00f3n con film PE - ALF PACK","robots":{"index":"index","follow":"follow","max-snippet":"max-snippet:-1","max-image-preview":"max-image-preview:large","max-video-preview":"max-video-preview:-1"},"canonical":"https:\/\/alfequipment.com\/es\/product\/bse6040a-tunel-de-retractilado-termico-de-film-pe-maquina-de-embalaje\/","og_locale":"es_ES","og_type":"article","og_title":"BSE6040A PE film heat shrink tunnel wrapping packaging machine","og_description":"Pe Film Heat Shrink Packaging Machine","og_url":"https:\/\/alfequipment.com\/es\/product\/bse6040a-tunel-de-retractilado-termico-de-film-pe-maquina-de-embalaje\/","og_site_name":"ALF PACK","article_modified_time":"2025-01-14T03:15:34+00:00","og_image":[{"width":640,"height":640,"url":"https:\/\/alfequipment.com\/wp-content\/uploads\/2025\/01\/H1964586d0fb74156b329d82060d16438s.jpg","type":"image\/webp"}],"twitter_card":"summary_large_image","twitter_misc":{"Tiempo de lectura":"1 minuto"},"schema":{"@context":"https:\/\/schema.org","@graph":[{"@type":"WebPage","@id":"https:\/\/alfequipment.com\/product\/bse6040a-pe-film-heat-shrink-tunnel-wrapping-packaging-machine\/","url":"https:\/\/alfequipment.com\/product\/bse6040a-pe-film-heat-shrink-tunnel-wrapping-packaging-machine\/","name":"BSE6040A M\u00e1quina de envasado en t\u00fanel de termo-retracci\u00f3n con film PE - ALF PACK","isPartOf":{"@id":"https:\/\/alfequipment.com\/#website"},"primaryImageOfPage":{"@id":"https:\/\/alfequipment.com\/product\/bse6040a-pe-film-heat-shrink-tunnel-wrapping-packaging-machine\/#primaryimage"},"image":{"@id":"https:\/\/alfequipment.com\/product\/bse6040a-pe-film-heat-shrink-tunnel-wrapping-packaging-machine\/#primaryimage"},"thumbnailUrl":"https:\/\/alfequipment.com\/wp-content\/uploads\/2025\/01\/H1964586d0fb74156b329d82060d16438s.jpg","datePublished":"2024-12-03T02:57:37+00:00","dateModified":"2025-01-14T03:15:34+00:00","breadcrumb":{"@id":"https:\/\/alfequipment.com\/product\/bse6040a-pe-film-heat-shrink-tunnel-wrapping-packaging-machine\/#breadcrumb"},"inLanguage":"es","potentialAction":[{"@type":"ReadAction","target":["https:\/\/alfequipment.com\/product\/bse6040a-pe-film-heat-shrink-tunnel-wrapping-packaging-machine\/"]}]},{"@type":"ImageObject","inLanguage":"es","@id":"https:\/\/alfequipment.com\/product\/bse6040a-pe-film-heat-shrink-tunnel-wrapping-packaging-machine\/#primaryimage","url":"https:\/\/alfequipment.com\/wp-content\/uploads\/2025\/01\/H1964586d0fb74156b329d82060d16438s.jpg","contentUrl":"https:\/\/alfequipment.com\/wp-content\/uploads\/2025\/01\/H1964586d0fb74156b329d82060d16438s.jpg","width":640,"height":640},{"@type":"BreadcrumbList","@id":"https:\/\/alfequipment.com\/product\/bse6040a-pe-film-heat-shrink-tunnel-wrapping-packaging-machine\/#breadcrumb","itemListElement":[{"@type":"ListItem","position":1,"name":"Home","item":"https:\/\/alfequipment.com\/"},{"@type":"ListItem","position":2,"name":"Shop","item":"https:\/\/alfequipment.com\/shop\/"},{"@type":"ListItem","position":3,"name":"BSE6040A PE film heat shrink tunnel wrapping packaging machine"}]},{"@type":"WebSite","@id":"https:\/\/alfequipment.com\/#website","url":"https:\/\/alfequipment.com\/","name":"PAQUETE ALF","description":"","publisher":{"@id":"https:\/\/alfequipment.com\/#organization"},"potentialAction":[{"@type":"SearchAction","target":{"@type":"EntryPoint","urlTemplate":"https:\/\/alfequipment.com\/?s={search_term_string}"},"query-input":{"@type":"PropertyValueSpecification","valueRequired":true,"valueName":"search_term_string"}}],"inLanguage":"es"},{"@type":"Organization","@id":"https:\/\/alfequipment.com\/#organization","name":"PAQUETE ALF","url":"https:\/\/alfequipment.com\/","logo":{"@type":"ImageObject","inLanguage":"es","@id":"https:\/\/alfequipment.com\/#\/schema\/logo\/image\/","url":"https:\/\/alfequipment.com\/wp-content\/uploads\/2024\/11\/ALFlogo-2.webp","contentUrl":"https:\/\/alfequipment.com\/wp-content\/uploads\/2024\/11\/ALFlogo-2.webp","width":758,"height":750,"caption":"ALF PACK"},"image":{"@id":"https:\/\/alfequipment.com\/#\/schema\/logo\/image\/"}}]}},"_links":{"self":[{"href":"https:\/\/alfequipment.com\/es\/wp-json\/wp\/v2\/product\/2912","targetHints":{"allow":["GET"]}}],"collection":[{"href":"https:\/\/alfequipment.com\/es\/wp-json\/wp\/v2\/product"}],"about":[{"href":"https:\/\/alfequipment.com\/es\/wp-json\/wp\/v2\/types\/product"}],"replies":[{"embeddable":true,"href":"https:\/\/alfequipment.com\/es\/wp-json\/wp\/v2\/comments?post=2912"}],"version-history":[{"count":0,"href":"https:\/\/alfequipment.com\/es\/wp-json\/wp\/v2\/product\/2912\/revisions"}],"wp:featuredmedia":[{"embeddable":true,"href":"https:\/\/alfequipment.com\/es\/wp-json\/wp\/v2\/media\/2658"}],"wp:attachment":[{"href":"https:\/\/alfequipment.com\/es\/wp-json\/wp\/v2\/media?parent=2912"}],"wp:term":[{"taxonomy":"product_brand","embeddable":true,"href":"https:\/\/alfequipment.com\/es\/wp-json\/wp\/v2\/product_brand?post=2912"},{"taxonomy":"product_cat","embeddable":true,"href":"https:\/\/alfequipment.com\/es\/wp-json\/wp\/v2\/product_cat?post=2912"},{"taxonomy":"product_tag","embeddable":true,"href":"https:\/\/alfequipment.com\/es\/wp-json\/wp\/v2\/product_tag?post=2912"}],"curies":[{"name":"wp","href":"https:\/\/api.w.org\/{rel}","templated":true}]}}