{"id":2913,"date":"2024-12-26T17:01:54","date_gmt":"2024-12-26T17:01:54","guid":{"rendered":"https:\/\/alfequipment.com\/product\/lf1080b-continuous-air-suction-and-gas-flushing-band-sealer-vacuum-inflating-bag-sealing-machine-with-solid-ink-code-printer\/"},"modified":"2025-01-13T15:00:38","modified_gmt":"2025-01-13T15:00:38","slug":"lf1080b-maquina-selladora-de-banda-de-succion-continua-de-aire-y-lavado-de-gas-maquina-selladora-de-bolsas-de-inflado-al-vacio-con-impresora-de-codigo-de-tinta-solida","status":"publish","type":"product","link":"https:\/\/alfequipment.com\/es\/product\/lf1080b-maquina-selladora-de-banda-de-succion-continua-de-aire-y-lavado-de-gas-maquina-selladora-de-bolsas-de-inflado-al-vacio-con-impresora-de-codigo-de-tinta-solida\/","title":{"rendered":"LF1080B Selladora de banda de succi\u00f3n continua de aire y lavado de gas M\u00e1quina selladora de bolsas de inflado al vac\u00edo con impresora de c\u00f3digos de tinta s\u00f3lida"},"content":{"rendered":"<div data-magic-global=\"%7B%22bizId%22%3A17179933680%2C%22pageId%22%3A5022214848%2C%22siteId%22%3A5005331025%7D\" id=\"detail_decorate_root\">\n<div module-id=\"5577365169\" module-title=\"detailProductNavigation\" render=\"true\" class=\"J_module\">\n<div id=\"ali-anchor-AliMagic-si9ox1\" data-section=\"AliMagic-si9ox1\" data-section-title=\"Product Description\" class=\"magic-0\">Esta m\u00e1quina se basa en la esencia ampliamente absorber de productos extranjeros similares y la m\u00e1quina de vac\u00edo .De acuerdo con el \u00faltimo requisito del mercado para dise\u00f1ar en el nuevo modelo con enviar, vac\u00edo, inflable (como el nitr\u00f3geno u otros gases), sello, c\u00f3digo, en un conjunto, el sellado continuo y la m\u00e1quina de envasado.<\/div>\n<\/div>\n<div module-id=\"5577365170\" module-title=\"detailTextWithTitle\" render=\"true\" class=\"J_module\">\n<div class=\"detail-decorate-json-renderer-container\">\n<div class=\"magic-1\">\n<div class=\"magic-4\">\n<div class=\"magic-5\">\n<div class=\"magic-6\">\n<p class=\"magic-7\">Esta m\u00e1quina con estructura simple y novedosa, aspecto hermoso, funci\u00f3n completa, alto grado de automatizaci\u00f3n, puede reducir en gran medida la intensidad de trabajo del operador.<\/p>\n<\/p><\/div>\n<\/p><\/div>\n<\/p><\/div>\n<\/p><\/div>\n<\/p><\/div>\n<\/p><\/div>\n<div module-id=\"5577365171\" module-title=\"detailTableHorizontal\" render=\"true\" class=\"J_module\">\n<div class=\"ife-detail-decorate-table\">\n<table class=\"has-title all magic-8\">\n<tbody>\n<tr>\n<td colspan=\"1\" rowspan=\"1\">\n<div class=\"magic-9\">\n        <b>Modelo<\/b>\n       <\/div>\n<\/td>\n<td colspan=\"1\" rowspan=\"1\">\n<div class=\"magic-10\">\n        <b>LF1080B<\/b>\n       <\/div>\n<\/td>\n<\/tr>\n<tr>\n<td colspan=\"1\" rowspan=\"1\">\n<div class=\"magic-9\">\n        Tensi\u00f3n\n       <\/div>\n<\/td>\n<td colspan=\"1\" rowspan=\"1\">\n<div class=\"magic-10\">\n        110\/220V 50~60Hz\n       <\/div>\n<\/td>\n<\/tr>\n<tr>\n<td colspan=\"1\" rowspan=\"1\">\n<div class=\"magic-9\">\n        Funci\u00f3n\n       <\/div>\n<\/td>\n<td colspan=\"1\" rowspan=\"1\">\n<div class=\"magic-10\">\n        Aspiraci\u00f3n de aire, inyecci\u00f3n de gas, sellado de bolsas, impresi\u00f3n de c\u00f3digos\n       <\/div>\n<\/td>\n<\/tr>\n<tr>\n<td colspan=\"1\" rowspan=\"1\">\n<div class=\"magic-9\">\n        Potencia\n       <\/div>\n<\/td>\n<td colspan=\"1\" rowspan=\"1\">\n<div class=\"magic-10\">\n        1400W\n       <\/div>\n<\/td>\n<\/tr>\n<tr>\n<td colspan=\"1\" rowspan=\"1\">\n<div class=\"magic-9\">\n        Velocidad de sellado (m\/min)\n       <\/div>\n<\/td>\n<td colspan=\"1\" rowspan=\"1\">\n<div class=\"magic-10\">\n        0~12\n       <\/div>\n<\/td>\n<\/tr>\n<tr>\n<td colspan=\"1\" rowspan=\"1\">\n<div class=\"magic-9\">\n        Anchura de sellado (mm)\n       <\/div>\n<\/td>\n<td colspan=\"1\" rowspan=\"1\">\n<div class=\"magic-10\">\n        6~12\n       <\/div>\n<\/td>\n<\/tr>\n<tr>\n<td colspan=\"1\" rowspan=\"1\">\n<div class=\"magic-9\">\n        Temperatura\n       <\/div>\n<\/td>\n<td colspan=\"1\" rowspan=\"1\">\n<div class=\"magic-10\">\n        0~300\n       <\/div>\n<\/td>\n<\/tr>\n<tr>\n<td colspan=\"1\" rowspan=\"1\">\n<div class=\"magic-9\">\n        Espesor m\u00e1x. de la pel\u00edcula monocapa (mm)\n       <\/div>\n<\/td>\n<td colspan=\"1\" rowspan=\"1\">\n<div class=\"magic-10\">\n        \u22640.08\n       <\/div>\n<\/td>\n<\/tr>\n<tr>\n<td colspan=\"1\" rowspan=\"1\">\n<div class=\"magic-9\">\n        Carga m\u00e1xima del transportador (Kg)\n       <\/div>\n<\/td>\n<td colspan=\"1\" rowspan=\"1\">\n<div class=\"magic-10\">\n        \u22643\n       <\/div>\n<\/td>\n<\/tr>\n<tr>\n<td colspan=\"1\" rowspan=\"1\">\n<div class=\"magic-9\">\n        Tama\u00f1o de la m\u00e1quina(L*A*A)mm\n       <\/div>\n<\/td>\n<td colspan=\"1\" rowspan=\"1\">\n<div class=\"magic-10\">\n        1020*480*(925+140 ajustable)\n       <\/div>\n<\/td>\n<\/tr>\n<tr>\n<td colspan=\"1\" rowspan=\"1\">\n<div class=\"magic-9\">\n        Peso (Kg)\n       <\/div>\n<\/td>\n<td colspan=\"1\" rowspan=\"1\">\n<div class=\"magic-10\">\n        84Kg\n       <\/div>\n<\/td>\n<\/tr>\n<\/tbody>\n<\/table><\/div>\n<\/p><\/div>\n<div module-id=\"5577365172\" module-title=\"detailSingleImage\" render=\"true\" class=\"J_module\">\n<div class=\"icbu-pc-images magic-11\">\n<div>\n<div class=\"flex-layout-v\">\n<div class=\"flex-layout-h magic-11\">\n<div class=\"magic-12\">\n       <img decoding=\"async\" src=\"https:\/\/sc01.alicdn.com\/kf\/HTB1OBaiXoLrK1Rjy1zbq6AenFXaV\/64496\/HTB1OBaiXoLrK1Rjy1zbq6AenFXaV.jpg\" class=\"aligncenter\">\n      <\/div>\n<\/p><\/div>\n<\/p><\/div>\n<\/p><\/div>\n<\/p><\/div>\n<\/p><\/div>\n<div module-id=\"5577365173\" module-title=\"detailVerticalImages\" render=\"true\" class=\"J_module\">\n<div class=\"icbu-pc-images magic-11\">\n<div>\n<div class=\"flex-layout-v\">\n<div class=\"magic-14\">\n      <img decoding=\"async\" src=\"https:\/\/sc02.alicdn.com\/kf\/HTB17y9iXifrK1RjSspbq6A4pFXaa\/64496\/HTB17y9iXifrK1RjSspbq6A4pFXaa.jpg\" class=\"aligncenter\">\n     <\/div>\n<div class=\"flex-layout-h magic-11\">\n<div class=\"magic-16\">\n       <img decoding=\"async\" src=\"https:\/\/sc01.alicdn.com\/kf\/HTB1btuiXiDxK1RjSsD4q6z1DFXak\/64496\/HTB1btuiXiDxK1RjSsD4q6z1DFXak.jpg\" class=\"aligncenter\">\n      <\/div>\n<div class=\"magic-18\">\n       <img decoding=\"async\" src=\"https:\/\/sc01.alicdn.com\/kf\/HTB1nvt0bxTpK1RjSZFKq6y2wXXag\/64496\/HTB1nvt0bxTpK1RjSZFKq6y2wXXag.jpg\" class=\"aligncenter\">\n      <\/div>\n<\/p><\/div>\n<\/p><\/div>\n<\/p><\/div>\n<\/p><\/div>\n<\/p><\/div>\n<div module-id=\"28150823476\" module-title=\"detailSingleImage\" render=\"true\" class=\"J_module\">\n<div class=\"icbu-pc-images magic-11\">\n<div>\n<div class=\"flex-layout-v\">\n<div class=\"flex-layout-h magic-11\">\n<div class=\"magic-20\">\n       <img decoding=\"async\" src=\"https:\/\/sc04.alicdn.com\/kf\/H3dcf40882e4f4f779056d9261aa9267fS\/64496\/H3dcf40882e4f4f779056d9261aa9267fS.jpg\" class=\"aligncenter\">\n      <\/div>\n<\/p><\/div>\n<\/p><\/div>\n<\/p><\/div>\n<\/p><\/div>\n<\/p><\/div>\n<div module-id=\"5577365174\" module-title=\"detailTextWithTitle\" render=\"true\" class=\"J_module\">\n<div class=\"detail-decorate-json-renderer-container\">\n<div class=\"magic-1\">\n<h3 class=\"magic-2\"><\/h3>\n<h3 class=\"magic-3\"><font color=\"#3f6fff\">Caracter\u00edsticas principales<\/font><\/h3>\n<div class=\"magic-4\">\n<div class=\"magic-5\">\n<div class=\"magic-6\">\n<p class=\"magic-7\">1.Bloque de calefacci\u00f3n y bloque de refrigeraci\u00f3n m\u00e1s grueso y ancho para garantizar un sellado r\u00e1pido y perfecto<br \/>2.Rueda motriz procesada con alta precisi\u00f3n, muy bonita <br \/>3.Pomo tensor de caucho macizo de alta calidad, resistente al desgaste<\/p>\n<p class=\"magic-7\">4.Unibody caja de cambios, flanco fijo, m\u00e1s estable<br \/>5.Engranaje de poliformaldeh\u00eddo de alta calidad con moldeo por inyecci\u00f3n de alta resistencia, Funcionamiento m\u00e1s suave y bajo nivel de ruido.<br \/>6.Patent para reemplazar la correa de sellado, que es f\u00e1cil y conveniente<br \/>7.Escudo en la m\u00e1quina para garantizar la seguridad del operario<br \/>8.El transportador puede ajustarse f\u00e1cilmente hacia arriba, abajo, adelante o atr\u00e1s seg\u00fan el tama\u00f1o de los productos.<br \/>9.Panel elegante, f\u00e1cil manejo, cinta transportadora de velocidad variable<br \/>10.Can con el llenado de gas, el tiempo de llenado es ajustable<br \/>11.La nueva elecci\u00f3n de la bomba de vac\u00edo para garantizar el alto grado de vac\u00edo <br \/>12. El filtro \"AirTac\" puede evitar que los productos (como peque\u00f1os gr\u00e1nulos o l\u00edquidos) entren en la bomba de vac\u00edo.<br \/><b>13.La altura es ajustable, grado de inclinaci\u00f3n Max con 15 grados<\/b><\/p>\n<\/p><\/div>\n<\/p><\/div>\n<\/p><\/div>\n<\/p><\/div>\n<\/p><\/div>\n<\/p><\/div>\n<\/div>","protected":false},"excerpt":{"rendered":"<p>Selladora de banda continua por succi\u00f3n de aire con impresi\u00f3n<\/p>","protected":false},"featured_media":2660,"comment_status":"closed","ping_status":"open","template":"","meta":[],"product_brand":[],"product_cat":[119,97],"product_tag":[],"class_list":{"0":"post-2913","1":"product","2":"type-product","3":"status-publish","4":"has-post-thumbnail","6":"product_cat-band-sealer","7":"product_cat-sealing-machines","9":"first","10":"instock","11":"sale","12":"purchasable","13":"product-type-simple"},"yoast_head":"<!-- This site is optimized with the Yoast SEO Premium plugin v20.9 (Yoast SEO v26.5) - https:\/\/yoast.com\/wordpress\/plugins\/seo\/ -->\n<title>LF1080B Continuous air suction and gas flushing band sealer vacuum inflating bag sealing machine with solid ink code printer - ALF PACK<\/title>\n<meta name=\"robots\" content=\"index, follow, max-snippet:-1, max-image-preview:large, max-video-preview:-1\" \/>\n<link rel=\"canonical\" href=\"https:\/\/alfequipment.com\/es\/product\/lf1080b-maquina-selladora-de-banda-de-succion-continua-de-aire-y-lavado-de-gas-maquina-selladora-de-bolsas-de-inflado-al-vacio-con-impresora-de-codigo-de-tinta-solida\/\" \/>\n<meta property=\"og:locale\" content=\"es_ES\" \/>\n<meta property=\"og:type\" content=\"article\" \/>\n<meta property=\"og:title\" content=\"LF1080B Continuous air suction and gas flushing band sealer vacuum inflating bag sealing machine with solid ink code printer\" \/>\n<meta property=\"og:description\" content=\"Continuous Air Suction Band Sealer With Printing\" \/>\n<meta property=\"og:url\" content=\"https:\/\/alfequipment.com\/es\/product\/lf1080b-maquina-selladora-de-banda-de-succion-continua-de-aire-y-lavado-de-gas-maquina-selladora-de-bolsas-de-inflado-al-vacio-con-impresora-de-codigo-de-tinta-solida\/\" \/>\n<meta property=\"og:site_name\" content=\"ALF PACK\" \/>\n<meta property=\"article:modified_time\" content=\"2025-01-13T15:00:38+00:00\" \/>\n<meta property=\"og:image\" content=\"https:\/\/alfequipment.com\/wp-content\/uploads\/2025\/01\/LF1080B-Continuous-air-suction-and-gas-flushing.jpg\" \/>\n\t<meta property=\"og:image:width\" content=\"800\" \/>\n\t<meta property=\"og:image:height\" content=\"800\" \/>\n\t<meta property=\"og:image:type\" content=\"image\/webp\" \/>\n<meta name=\"twitter:card\" content=\"summary_large_image\" \/>\n<meta name=\"twitter:label1\" content=\"Tiempo de lectura\" \/>\n\t<meta name=\"twitter:data1\" content=\"1 minuto\" \/>\n<script type=\"application\/ld+json\" class=\"yoast-schema-graph\">{\"@context\":\"https:\/\/schema.org\",\"@graph\":[{\"@type\":\"WebPage\",\"@id\":\"https:\/\/alfequipment.com\/product\/lf1080b-continuous-air-suction-and-gas-flushing-band-sealer-vacuum-inflating-bag-sealing-machine-with-solid-ink-code-printer\/\",\"url\":\"https:\/\/alfequipment.com\/product\/lf1080b-continuous-air-suction-and-gas-flushing-band-sealer-vacuum-inflating-bag-sealing-machine-with-solid-ink-code-printer\/\",\"name\":\"LF1080B Continuous air suction and gas flushing band sealer vacuum inflating bag sealing machine with solid ink code printer - ALF PACK\",\"isPartOf\":{\"@id\":\"https:\/\/alfequipment.com\/#website\"},\"primaryImageOfPage\":{\"@id\":\"https:\/\/alfequipment.com\/product\/lf1080b-continuous-air-suction-and-gas-flushing-band-sealer-vacuum-inflating-bag-sealing-machine-with-solid-ink-code-printer\/#primaryimage\"},\"image\":{\"@id\":\"https:\/\/alfequipment.com\/product\/lf1080b-continuous-air-suction-and-gas-flushing-band-sealer-vacuum-inflating-bag-sealing-machine-with-solid-ink-code-printer\/#primaryimage\"},\"thumbnailUrl\":\"https:\/\/alfequipment.com\/wp-content\/uploads\/2025\/01\/LF1080B-Continuous-air-suction-and-gas-flushing.jpg\",\"datePublished\":\"2024-12-26T17:01:54+00:00\",\"dateModified\":\"2025-01-13T15:00:38+00:00\",\"breadcrumb\":{\"@id\":\"https:\/\/alfequipment.com\/product\/lf1080b-continuous-air-suction-and-gas-flushing-band-sealer-vacuum-inflating-bag-sealing-machine-with-solid-ink-code-printer\/#breadcrumb\"},\"inLanguage\":\"es\",\"potentialAction\":[{\"@type\":\"ReadAction\",\"target\":[\"https:\/\/alfequipment.com\/product\/lf1080b-continuous-air-suction-and-gas-flushing-band-sealer-vacuum-inflating-bag-sealing-machine-with-solid-ink-code-printer\/\"]}]},{\"@type\":\"ImageObject\",\"inLanguage\":\"es\",\"@id\":\"https:\/\/alfequipment.com\/product\/lf1080b-continuous-air-suction-and-gas-flushing-band-sealer-vacuum-inflating-bag-sealing-machine-with-solid-ink-code-printer\/#primaryimage\",\"url\":\"https:\/\/alfequipment.com\/wp-content\/uploads\/2025\/01\/LF1080B-Continuous-air-suction-and-gas-flushing.jpg\",\"contentUrl\":\"https:\/\/alfequipment.com\/wp-content\/uploads\/2025\/01\/LF1080B-Continuous-air-suction-and-gas-flushing.jpg\",\"width\":800,\"height\":800},{\"@type\":\"BreadcrumbList\",\"@id\":\"https:\/\/alfequipment.com\/product\/lf1080b-continuous-air-suction-and-gas-flushing-band-sealer-vacuum-inflating-bag-sealing-machine-with-solid-ink-code-printer\/#breadcrumb\",\"itemListElement\":[{\"@type\":\"ListItem\",\"position\":1,\"name\":\"Home\",\"item\":\"https:\/\/alfequipment.com\/\"},{\"@type\":\"ListItem\",\"position\":2,\"name\":\"Shop\",\"item\":\"https:\/\/alfequipment.com\/shop\/\"},{\"@type\":\"ListItem\",\"position\":3,\"name\":\"LF1080B Continuous air suction and gas flushing band sealer vacuum inflating bag sealing machine with solid ink code printer\"}]},{\"@type\":\"WebSite\",\"@id\":\"https:\/\/alfequipment.com\/#website\",\"url\":\"https:\/\/alfequipment.com\/\",\"name\":\"ALF PACK\",\"description\":\"\",\"publisher\":{\"@id\":\"https:\/\/alfequipment.com\/#organization\"},\"potentialAction\":[{\"@type\":\"SearchAction\",\"target\":{\"@type\":\"EntryPoint\",\"urlTemplate\":\"https:\/\/alfequipment.com\/?s={search_term_string}\"},\"query-input\":{\"@type\":\"PropertyValueSpecification\",\"valueRequired\":true,\"valueName\":\"search_term_string\"}}],\"inLanguage\":\"es\"},{\"@type\":\"Organization\",\"@id\":\"https:\/\/alfequipment.com\/#organization\",\"name\":\"ALF PACK\",\"url\":\"https:\/\/alfequipment.com\/\",\"logo\":{\"@type\":\"ImageObject\",\"inLanguage\":\"es\",\"@id\":\"https:\/\/alfequipment.com\/#\/schema\/logo\/image\/\",\"url\":\"https:\/\/alfequipment.com\/wp-content\/uploads\/2024\/11\/ALFlogo-2.webp\",\"contentUrl\":\"https:\/\/alfequipment.com\/wp-content\/uploads\/2024\/11\/ALFlogo-2.webp\",\"width\":758,\"height\":750,\"caption\":\"ALF PACK\"},\"image\":{\"@id\":\"https:\/\/alfequipment.com\/#\/schema\/logo\/image\/\"}}]}<\/script>\n<!-- \/ Yoast SEO Premium plugin. -->","yoast_head_json":{"title":"LF1080B Selladora de banda de succi\u00f3n continua de aire y gas inflado m\u00e1quina selladora de bolsas al vac\u00edo con impresora de c\u00f3digo de tinta s\u00f3lida - ALF PACK","robots":{"index":"index","follow":"follow","max-snippet":"max-snippet:-1","max-image-preview":"max-image-preview:large","max-video-preview":"max-video-preview:-1"},"canonical":"https:\/\/alfequipment.com\/es\/product\/lf1080b-maquina-selladora-de-banda-de-succion-continua-de-aire-y-lavado-de-gas-maquina-selladora-de-bolsas-de-inflado-al-vacio-con-impresora-de-codigo-de-tinta-solida\/","og_locale":"es_ES","og_type":"article","og_title":"LF1080B Continuous air suction and gas flushing band sealer vacuum inflating bag sealing machine with solid ink code printer","og_description":"Continuous Air Suction Band Sealer With Printing","og_url":"https:\/\/alfequipment.com\/es\/product\/lf1080b-maquina-selladora-de-banda-de-succion-continua-de-aire-y-lavado-de-gas-maquina-selladora-de-bolsas-de-inflado-al-vacio-con-impresora-de-codigo-de-tinta-solida\/","og_site_name":"ALF PACK","article_modified_time":"2025-01-13T15:00:38+00:00","og_image":[{"width":800,"height":800,"url":"https:\/\/alfequipment.com\/wp-content\/uploads\/2025\/01\/LF1080B-Continuous-air-suction-and-gas-flushing.jpg","type":"image\/webp"}],"twitter_card":"summary_large_image","twitter_misc":{"Tiempo de lectura":"1 minuto"},"schema":{"@context":"https:\/\/schema.org","@graph":[{"@type":"WebPage","@id":"https:\/\/alfequipment.com\/product\/lf1080b-continuous-air-suction-and-gas-flushing-band-sealer-vacuum-inflating-bag-sealing-machine-with-solid-ink-code-printer\/","url":"https:\/\/alfequipment.com\/product\/lf1080b-continuous-air-suction-and-gas-flushing-band-sealer-vacuum-inflating-bag-sealing-machine-with-solid-ink-code-printer\/","name":"LF1080B Selladora de banda de succi\u00f3n continua de aire y gas inflado m\u00e1quina selladora de bolsas al vac\u00edo con impresora de c\u00f3digo de tinta s\u00f3lida - ALF PACK","isPartOf":{"@id":"https:\/\/alfequipment.com\/#website"},"primaryImageOfPage":{"@id":"https:\/\/alfequipment.com\/product\/lf1080b-continuous-air-suction-and-gas-flushing-band-sealer-vacuum-inflating-bag-sealing-machine-with-solid-ink-code-printer\/#primaryimage"},"image":{"@id":"https:\/\/alfequipment.com\/product\/lf1080b-continuous-air-suction-and-gas-flushing-band-sealer-vacuum-inflating-bag-sealing-machine-with-solid-ink-code-printer\/#primaryimage"},"thumbnailUrl":"https:\/\/alfequipment.com\/wp-content\/uploads\/2025\/01\/LF1080B-Continuous-air-suction-and-gas-flushing.jpg","datePublished":"2024-12-26T17:01:54+00:00","dateModified":"2025-01-13T15:00:38+00:00","breadcrumb":{"@id":"https:\/\/alfequipment.com\/product\/lf1080b-continuous-air-suction-and-gas-flushing-band-sealer-vacuum-inflating-bag-sealing-machine-with-solid-ink-code-printer\/#breadcrumb"},"inLanguage":"es","potentialAction":[{"@type":"ReadAction","target":["https:\/\/alfequipment.com\/product\/lf1080b-continuous-air-suction-and-gas-flushing-band-sealer-vacuum-inflating-bag-sealing-machine-with-solid-ink-code-printer\/"]}]},{"@type":"ImageObject","inLanguage":"es","@id":"https:\/\/alfequipment.com\/product\/lf1080b-continuous-air-suction-and-gas-flushing-band-sealer-vacuum-inflating-bag-sealing-machine-with-solid-ink-code-printer\/#primaryimage","url":"https:\/\/alfequipment.com\/wp-content\/uploads\/2025\/01\/LF1080B-Continuous-air-suction-and-gas-flushing.jpg","contentUrl":"https:\/\/alfequipment.com\/wp-content\/uploads\/2025\/01\/LF1080B-Continuous-air-suction-and-gas-flushing.jpg","width":800,"height":800},{"@type":"BreadcrumbList","@id":"https:\/\/alfequipment.com\/product\/lf1080b-continuous-air-suction-and-gas-flushing-band-sealer-vacuum-inflating-bag-sealing-machine-with-solid-ink-code-printer\/#breadcrumb","itemListElement":[{"@type":"ListItem","position":1,"name":"Home","item":"https:\/\/alfequipment.com\/"},{"@type":"ListItem","position":2,"name":"Shop","item":"https:\/\/alfequipment.com\/shop\/"},{"@type":"ListItem","position":3,"name":"LF1080B Continuous air suction and gas flushing band sealer vacuum inflating bag sealing machine with solid ink code printer"}]},{"@type":"WebSite","@id":"https:\/\/alfequipment.com\/#website","url":"https:\/\/alfequipment.com\/","name":"PAQUETE ALF","description":"","publisher":{"@id":"https:\/\/alfequipment.com\/#organization"},"potentialAction":[{"@type":"SearchAction","target":{"@type":"EntryPoint","urlTemplate":"https:\/\/alfequipment.com\/?s={search_term_string}"},"query-input":{"@type":"PropertyValueSpecification","valueRequired":true,"valueName":"search_term_string"}}],"inLanguage":"es"},{"@type":"Organization","@id":"https:\/\/alfequipment.com\/#organization","name":"PAQUETE ALF","url":"https:\/\/alfequipment.com\/","logo":{"@type":"ImageObject","inLanguage":"es","@id":"https:\/\/alfequipment.com\/#\/schema\/logo\/image\/","url":"https:\/\/alfequipment.com\/wp-content\/uploads\/2024\/11\/ALFlogo-2.webp","contentUrl":"https:\/\/alfequipment.com\/wp-content\/uploads\/2024\/11\/ALFlogo-2.webp","width":758,"height":750,"caption":"ALF PACK"},"image":{"@id":"https:\/\/alfequipment.com\/#\/schema\/logo\/image\/"}}]}},"_links":{"self":[{"href":"https:\/\/alfequipment.com\/es\/wp-json\/wp\/v2\/product\/2913","targetHints":{"allow":["GET"]}}],"collection":[{"href":"https:\/\/alfequipment.com\/es\/wp-json\/wp\/v2\/product"}],"about":[{"href":"https:\/\/alfequipment.com\/es\/wp-json\/wp\/v2\/types\/product"}],"replies":[{"embeddable":true,"href":"https:\/\/alfequipment.com\/es\/wp-json\/wp\/v2\/comments?post=2913"}],"version-history":[{"count":0,"href":"https:\/\/alfequipment.com\/es\/wp-json\/wp\/v2\/product\/2913\/revisions"}],"wp:featuredmedia":[{"embeddable":true,"href":"https:\/\/alfequipment.com\/es\/wp-json\/wp\/v2\/media\/2660"}],"wp:attachment":[{"href":"https:\/\/alfequipment.com\/es\/wp-json\/wp\/v2\/media?parent=2913"}],"wp:term":[{"taxonomy":"product_brand","embeddable":true,"href":"https:\/\/alfequipment.com\/es\/wp-json\/wp\/v2\/product_brand?post=2913"},{"taxonomy":"product_cat","embeddable":true,"href":"https:\/\/alfequipment.com\/es\/wp-json\/wp\/v2\/product_cat?post=2913"},{"taxonomy":"product_tag","embeddable":true,"href":"https:\/\/alfequipment.com\/es\/wp-json\/wp\/v2\/product_tag?post=2913"}],"curies":[{"name":"wp","href":"https:\/\/api.w.org\/{rel}","templated":true}]}}