{"id":2916,"date":"2024-12-15T10:11:28","date_gmt":"2024-12-15T10:11:28","guid":{"rendered":"https:\/\/alfequipment.com\/product\/fr900v-continuous-vertical-band-sealer-machine-with-steel-printing-for-date\/"},"modified":"2025-01-13T15:01:31","modified_gmt":"2025-01-13T15:01:31","slug":"fr900v-maquina-selladora-de-banda-vertical-continua-con-impresion-de-acero-para-la-fecha","status":"publish","type":"product","link":"https:\/\/alfequipment.com\/es\/product\/fr900v-maquina-selladora-de-banda-vertical-continua-con-impresion-de-acero-para-la-fecha\/","title":{"rendered":"FR900V Selladora de banda vertical continua con impresi\u00f3n de acero para la fecha"},"content":{"rendered":"<div data-magic-global=\"%7B%22bizId%22%3A17179933680%2C%22pageId%22%3A5102841872%2C%22siteId%22%3A5005331025%7D\" id=\"detail_decorate_root\">\n<div module-id=\"8640810364\" module-title=\"detailProductNavigation\" render=\"true\" class=\"J_module\">\n<div id=\"ali-anchor-AliMagic-dhxkbn\" data-section=\"AliMagic-dhxkbn\" data-section-title=\"Product Description\" class=\"magic-0\">Las selladoras de film continuo de la serie FR terminan el transporte, sellado e impresi\u00f3n continuos en una sola operaci\u00f3n. La m\u00e1quina puede fabricarse en horizontal, vertical o con pies de apoyo. Adopta un mecanismo electr\u00f3nico de temperatura constante y un motor de transmisi\u00f3n de regulaci\u00f3n de velocidad continua. Puede sellar pel\u00edculas de pl\u00e1stico de varios tipos de materiales.<\/div>\n<\/div>\n<div module-id=\"8640810365\" module-title=\"detailTextWithTitle\" render=\"true\" class=\"J_module\">\n<div class=\"detail-decorate-json-renderer-container\">\n<div class=\"magic-1\">\n<div class=\"magic-4\">\n<div class=\"magic-5\">\n<div class=\"magic-6\">\n<p class=\"magic-7\">FR-900V se puede ajustar la altura de sellado.<\/p>\n<\/p><\/div>\n<\/p><\/div>\n<\/p><\/div>\n<\/p><\/div>\n<\/p><\/div>\n<\/p><\/div>\n<div module-id=\"8640810366\" module-title=\"detailTableHorizontal\" render=\"true\" class=\"J_module\">\n<div class=\"ife-detail-decorate-table\">\n<table class=\"has-title all magic-8\">\n<tbody>\n<tr>\n<td>\n<div class=\"magic-9\">\n        Modelo\n       <\/div>\n<\/td>\n<td colspan=\"3\">\n<div class=\"magic-10\">\n        FR-900V\n       <\/div>\n<\/td>\n<td class=\"magic-11\">\n<div class=\"magic-12\"><\/div>\n<\/td>\n<td class=\"magic-11\">\n<div class=\"magic-12\"><\/div>\n<\/td>\n<\/tr>\n<tr>\n<td>\n<div class=\"magic-9\">\n        tensi\u00f3n\n       <\/div>\n<\/td>\n<td colspan=\"3\">\n<div class=\"magic-13\">\n        220 V 50-60 Hz\n       <\/div>\n<\/td>\n<td class=\"magic-11\">\n<div class=\"magic-12\"><\/div>\n<\/td>\n<td class=\"magic-11\">\n<div class=\"magic-12\"><\/div>\n<\/td>\n<\/tr>\n<tr>\n<td>\n<div class=\"magic-9\">\n        potencia\n       <\/div>\n<\/td>\n<td colspan=\"3\">\n<div class=\"magic-13\">\n        500W\n       <\/div>\n<\/td>\n<td class=\"magic-11\">\n<div class=\"magic-12\"><\/div>\n<\/td>\n<td class=\"magic-11\">\n<div class=\"magic-12\"><\/div>\n<\/td>\n<\/tr>\n<tr>\n<td>\n<div class=\"magic-9\">\n        Velocidad de sellado\n       <\/div>\n<\/td>\n<td colspan=\"3\">\n<div class=\"magic-13\">\n        0-12 m\/min\n       <\/div>\n<\/td>\n<td class=\"magic-11\">\n<div class=\"magic-12\"><\/div>\n<\/td>\n<td class=\"magic-11\">\n<div class=\"magic-12\"><\/div>\n<\/td>\n<\/tr>\n<tr>\n<td>\n<div class=\"magic-9\">\n        Anchura de sellado\n       <\/div>\n<\/td>\n<td colspan=\"3\">\n<div class=\"magic-13\">\n        6-12 mm\n       <\/div>\n<\/td>\n<td class=\"magic-11\">\n<div class=\"magic-12\"><\/div>\n<\/td>\n<td class=\"magic-11\">\n<div class=\"magic-12\"><\/div>\n<\/td>\n<\/tr>\n<tr>\n<td>\n<div class=\"magic-9\">\n        Temperatura\n       <\/div>\n<\/td>\n<td colspan=\"3\">\n<div class=\"magic-13\">\n        0-300\u00e2\n       <\/div>\n<\/td>\n<td class=\"magic-11\">\n<div class=\"magic-12\"><\/div>\n<\/td>\n<td class=\"magic-11\">\n<div class=\"magic-12\"><\/div>\n<\/td>\n<\/tr>\n<tr>\n<td>\n<div class=\"magic-9\">\n        Carga m\u00e1xima del transportador\n       <\/div>\n<\/td>\n<td colspan=\"3\">\n<div class=\"magic-13\">\n        3kgs\n       <\/div>\n<\/td>\n<td class=\"magic-11\">\n<div class=\"magic-12\"><\/div>\n<\/td>\n<td class=\"magic-11\">\n<div class=\"magic-12\"><\/div>\n<\/td>\n<\/tr>\n<tr>\n<td>\n<div class=\"magic-9\">\n        Categor\u00eda de impresi\u00f3n\n       <\/div>\n<\/td>\n<td colspan=\"3\">\n<div class=\"magic-13\">\n        Impresi\u00f3n de llantas de acero\n       <\/div>\n<\/td>\n<td class=\"magic-11\">\n<div class=\"magic-12\"><\/div>\n<\/td>\n<td class=\"magic-11\">\n<div class=\"magic-12\"><\/div>\n<\/td>\n<\/tr>\n<tr>\n<td>\n<div class=\"magic-9\">\n        peso\n       <\/div>\n<\/td>\n<td colspan=\"3\">\n<div class=\"magic-13\">\n        Neto.24kg\n       <\/div>\n<\/td>\n<td class=\"magic-11\">\n<div class=\"magic-12\"><\/div>\n<\/td>\n<td class=\"magic-11\">\n<div class=\"magic-12\"><\/div>\n<\/td>\n<\/tr>\n<tr>\n<td>\n<div class=\"magic-9\">\n        Tama\u00f1o de la m\u00e1quina\n       <\/div>\n<\/td>\n<td colspan=\"3\">\n<div class=\"magic-13\">\n        850X400X550mm\n       <\/div>\n<\/td>\n<td class=\"magic-11\">\n<div class=\"magic-12\"><\/div>\n<\/td>\n<td class=\"magic-11\">\n<div class=\"magic-12\"><\/div>\n<\/td>\n<\/tr>\n<\/tbody>\n<\/table><\/div>\n<\/p><\/div>\n<div module-id=\"8640810367\" module-title=\"detailSingleImage\" render=\"true\" class=\"J_module\">\n<div class=\"icbu-pc-images magic-14\">\n<div>\n<div class=\"flex-layout-v\">\n<div class=\"flex-layout-h magic-14\">\n<div class=\"magic-15\">\n       <img decoding=\"async\" src=\"https:\/\/sc01.alicdn.com\/kf\/HTB1kXEZzRmWBuNkSndVq6AsApXa1\/64496\/HTB1kXEZzRmWBuNkSndVq6AsApXa1.jpg\" class=\"aligncenter\">\n      <\/div>\n<\/p><\/div>\n<\/p><\/div>\n<\/p><\/div>\n<\/p><\/div>\n<\/p><\/div>\n<div module-id=\"8640810368\" module-title=\"detailVerticalImages\" render=\"true\" class=\"J_module\">\n<div class=\"icbu-pc-images magic-14\">\n<div>\n<div class=\"flex-layout-v\">\n<div class=\"magic-17\">\n      <img decoding=\"async\" src=\"https:\/\/sc02.alicdn.com\/kf\/HTB1SOlMIeSSBuNjy0Flq6zBpVXaK\/64496\/HTB1SOlMIeSSBuNjy0Flq6zBpVXaK.jpg\" class=\"aligncenter\">\n     <\/div>\n<div class=\"flex-layout-h magic-14\">\n<div class=\"magic-19\">\n       <img decoding=\"async\" src=\"https:\/\/sc02.alicdn.com\/kf\/HTB1YOtrmaAoBKNjSZSyq6yHAVXa8\/64496\/HTB1YOtrmaAoBKNjSZSyq6yHAVXa8.jpg\" class=\"aligncenter\">\n      <\/div>\n<div class=\"magic-21\">\n       <img decoding=\"async\" src=\"https:\/\/sc01.alicdn.com\/kf\/HTB1LPmhXnjxK1Rjy0Fnq6yBaFXaD\/64496\/HTB1LPmhXnjxK1Rjy0Fnq6yBaFXaD.jpg\" class=\"aligncenter\">\n      <\/div>\n<\/p><\/div>\n<\/p><\/div>\n<\/p><\/div>\n<\/p><\/div>\n<\/p><\/div>\n<div module-id=\"8640810369\" module-title=\"detailTextWithTitle\" render=\"true\" class=\"J_module\">\n<div class=\"detail-decorate-json-renderer-container\">\n<div class=\"magic-1\">\n<h3 class=\"magic-2\"><\/h3>\n<h3 class=\"magic-3\">Mejoras :<br \/><\/h3>\n<div class=\"magic-4\">\n<div class=\"magic-5\">\n<div class=\"magic-6\">\n<p class=\"magic-7\">1) Cuerpo SS mejorado, Anti-huellas dactilares, m\u00e1s grueso con esquina pulida.<br \/>2) Pomo tensor de caucho macizo de alta calidad, resistente al desgaste.<br \/>3) Rueda motriz procesada con alta precisi\u00f3n y dispositivo de f\u00e1cil sustituci\u00f3n de la correa de sellado. <br \/>4) Bloque de calefacci\u00f3n y bloque de refrigeraci\u00f3n m\u00e1s gruesos y anchos.<br \/>5) Rueda motriz procesada con alta precisi\u00f3n, muy hermosa.<br \/>6) Interruptor de alimentaci\u00f3n de alta calidad, m\u00e1s seguridad, m\u00e1s cuidado.<br \/>7) Rodillo transportador de poliformaldeh\u00eddo mejorado y cinta transportadora de mayor grosor, mucho m\u00e1s duradera.<br \/>8) Caja de cambios monocasco, flanco fijo, m\u00e1s estable.<br \/>9) Engranaje de poliformaldeh\u00eddo de alta calidad con moldeo por inyecci\u00f3n de alta resistencia, funcionamiento m\u00e1s suave y bajo nivel de ruido.<\/p>\n<\/p><\/div>\n<\/p><\/div>\n<\/p><\/div>\n<\/p><\/div>\n<\/p><\/div>\n<\/p><\/div>\n<\/div>","protected":false},"excerpt":{"rendered":"<p>Fr-900v Selladora De Banda Con Impresi\u00f3n De Fecha En Acero<\/p>","protected":false},"featured_media":2666,"comment_status":"closed","ping_status":"open","template":"","meta":[],"product_brand":[],"product_cat":[119,97],"product_tag":[],"class_list":{"0":"post-2916","1":"product","2":"type-product","3":"status-publish","4":"has-post-thumbnail","6":"product_cat-band-sealer","7":"product_cat-sealing-machines","9":"first","10":"instock","11":"sale","12":"purchasable","13":"product-type-simple"},"yoast_head":"<!-- This site is optimized with the Yoast SEO Premium plugin v20.9 (Yoast SEO v26.5) - https:\/\/yoast.com\/wordpress\/plugins\/seo\/ -->\n<title>FR900V Continuous Vertical band sealer machine with steel printing for date - ALF PACK<\/title>\n<meta name=\"robots\" content=\"index, follow, max-snippet:-1, max-image-preview:large, max-video-preview:-1\" \/>\n<link rel=\"canonical\" href=\"https:\/\/alfequipment.com\/es\/product\/fr900v-maquina-selladora-de-banda-vertical-continua-con-impresion-de-acero-para-la-fecha\/\" \/>\n<meta property=\"og:locale\" content=\"es_ES\" \/>\n<meta property=\"og:type\" content=\"article\" \/>\n<meta property=\"og:title\" content=\"FR900V Continuous Vertical band sealer machine with steel printing for date\" \/>\n<meta property=\"og:description\" content=\"Fr-900v Band Sealer With Steel Date Printing\" \/>\n<meta property=\"og:url\" content=\"https:\/\/alfequipment.com\/es\/product\/fr900v-maquina-selladora-de-banda-vertical-continua-con-impresion-de-acero-para-la-fecha\/\" \/>\n<meta property=\"og:site_name\" content=\"ALF PACK\" \/>\n<meta property=\"article:modified_time\" content=\"2025-01-13T15:01:31+00:00\" \/>\n<meta property=\"og:image\" content=\"https:\/\/alfequipment.com\/wp-content\/uploads\/2025\/01\/FR900V-Continuous-Vertical-band-sealer-machine-with.jpg\" \/>\n\t<meta property=\"og:image:width\" content=\"800\" \/>\n\t<meta property=\"og:image:height\" content=\"800\" \/>\n\t<meta property=\"og:image:type\" content=\"image\/webp\" \/>\n<meta name=\"twitter:card\" content=\"summary_large_image\" \/>\n<meta name=\"twitter:label1\" content=\"Tiempo de lectura\" \/>\n\t<meta name=\"twitter:data1\" content=\"1 minuto\" \/>\n<script type=\"application\/ld+json\" class=\"yoast-schema-graph\">{\"@context\":\"https:\/\/schema.org\",\"@graph\":[{\"@type\":\"WebPage\",\"@id\":\"https:\/\/alfequipment.com\/product\/fr900v-continuous-vertical-band-sealer-machine-with-steel-printing-for-date\/\",\"url\":\"https:\/\/alfequipment.com\/product\/fr900v-continuous-vertical-band-sealer-machine-with-steel-printing-for-date\/\",\"name\":\"FR900V Continuous Vertical band sealer machine with steel printing for date - ALF PACK\",\"isPartOf\":{\"@id\":\"https:\/\/alfequipment.com\/#website\"},\"primaryImageOfPage\":{\"@id\":\"https:\/\/alfequipment.com\/product\/fr900v-continuous-vertical-band-sealer-machine-with-steel-printing-for-date\/#primaryimage\"},\"image\":{\"@id\":\"https:\/\/alfequipment.com\/product\/fr900v-continuous-vertical-band-sealer-machine-with-steel-printing-for-date\/#primaryimage\"},\"thumbnailUrl\":\"https:\/\/alfequipment.com\/wp-content\/uploads\/2025\/01\/FR900V-Continuous-Vertical-band-sealer-machine-with.jpg\",\"datePublished\":\"2024-12-15T10:11:28+00:00\",\"dateModified\":\"2025-01-13T15:01:31+00:00\",\"breadcrumb\":{\"@id\":\"https:\/\/alfequipment.com\/product\/fr900v-continuous-vertical-band-sealer-machine-with-steel-printing-for-date\/#breadcrumb\"},\"inLanguage\":\"es\",\"potentialAction\":[{\"@type\":\"ReadAction\",\"target\":[\"https:\/\/alfequipment.com\/product\/fr900v-continuous-vertical-band-sealer-machine-with-steel-printing-for-date\/\"]}]},{\"@type\":\"ImageObject\",\"inLanguage\":\"es\",\"@id\":\"https:\/\/alfequipment.com\/product\/fr900v-continuous-vertical-band-sealer-machine-with-steel-printing-for-date\/#primaryimage\",\"url\":\"https:\/\/alfequipment.com\/wp-content\/uploads\/2025\/01\/FR900V-Continuous-Vertical-band-sealer-machine-with.jpg\",\"contentUrl\":\"https:\/\/alfequipment.com\/wp-content\/uploads\/2025\/01\/FR900V-Continuous-Vertical-band-sealer-machine-with.jpg\",\"width\":800,\"height\":800},{\"@type\":\"BreadcrumbList\",\"@id\":\"https:\/\/alfequipment.com\/product\/fr900v-continuous-vertical-band-sealer-machine-with-steel-printing-for-date\/#breadcrumb\",\"itemListElement\":[{\"@type\":\"ListItem\",\"position\":1,\"name\":\"Home\",\"item\":\"https:\/\/alfequipment.com\/\"},{\"@type\":\"ListItem\",\"position\":2,\"name\":\"Shop\",\"item\":\"https:\/\/alfequipment.com\/shop\/\"},{\"@type\":\"ListItem\",\"position\":3,\"name\":\"FR900V Continuous Vertical band sealer machine with steel printing for date\"}]},{\"@type\":\"WebSite\",\"@id\":\"https:\/\/alfequipment.com\/#website\",\"url\":\"https:\/\/alfequipment.com\/\",\"name\":\"ALF PACK\",\"description\":\"\",\"publisher\":{\"@id\":\"https:\/\/alfequipment.com\/#organization\"},\"potentialAction\":[{\"@type\":\"SearchAction\",\"target\":{\"@type\":\"EntryPoint\",\"urlTemplate\":\"https:\/\/alfequipment.com\/?s={search_term_string}\"},\"query-input\":{\"@type\":\"PropertyValueSpecification\",\"valueRequired\":true,\"valueName\":\"search_term_string\"}}],\"inLanguage\":\"es\"},{\"@type\":\"Organization\",\"@id\":\"https:\/\/alfequipment.com\/#organization\",\"name\":\"ALF PACK\",\"url\":\"https:\/\/alfequipment.com\/\",\"logo\":{\"@type\":\"ImageObject\",\"inLanguage\":\"es\",\"@id\":\"https:\/\/alfequipment.com\/#\/schema\/logo\/image\/\",\"url\":\"https:\/\/alfequipment.com\/wp-content\/uploads\/2024\/11\/ALFlogo-2.webp\",\"contentUrl\":\"https:\/\/alfequipment.com\/wp-content\/uploads\/2024\/11\/ALFlogo-2.webp\",\"width\":758,\"height\":750,\"caption\":\"ALF PACK\"},\"image\":{\"@id\":\"https:\/\/alfequipment.com\/#\/schema\/logo\/image\/\"}}]}<\/script>\n<!-- \/ Yoast SEO Premium plugin. -->","yoast_head_json":{"title":"FR900V Selladora de banda vertical continua con impresi\u00f3n de acero para la fecha - ALF PACK","robots":{"index":"index","follow":"follow","max-snippet":"max-snippet:-1","max-image-preview":"max-image-preview:large","max-video-preview":"max-video-preview:-1"},"canonical":"https:\/\/alfequipment.com\/es\/product\/fr900v-maquina-selladora-de-banda-vertical-continua-con-impresion-de-acero-para-la-fecha\/","og_locale":"es_ES","og_type":"article","og_title":"FR900V Continuous Vertical band sealer machine with steel printing for date","og_description":"Fr-900v Band Sealer With Steel Date Printing","og_url":"https:\/\/alfequipment.com\/es\/product\/fr900v-maquina-selladora-de-banda-vertical-continua-con-impresion-de-acero-para-la-fecha\/","og_site_name":"ALF PACK","article_modified_time":"2025-01-13T15:01:31+00:00","og_image":[{"width":800,"height":800,"url":"https:\/\/alfequipment.com\/wp-content\/uploads\/2025\/01\/FR900V-Continuous-Vertical-band-sealer-machine-with.jpg","type":"image\/webp"}],"twitter_card":"summary_large_image","twitter_misc":{"Tiempo de lectura":"1 minuto"},"schema":{"@context":"https:\/\/schema.org","@graph":[{"@type":"WebPage","@id":"https:\/\/alfequipment.com\/product\/fr900v-continuous-vertical-band-sealer-machine-with-steel-printing-for-date\/","url":"https:\/\/alfequipment.com\/product\/fr900v-continuous-vertical-band-sealer-machine-with-steel-printing-for-date\/","name":"FR900V Selladora de banda vertical continua con impresi\u00f3n de acero para la fecha - ALF PACK","isPartOf":{"@id":"https:\/\/alfequipment.com\/#website"},"primaryImageOfPage":{"@id":"https:\/\/alfequipment.com\/product\/fr900v-continuous-vertical-band-sealer-machine-with-steel-printing-for-date\/#primaryimage"},"image":{"@id":"https:\/\/alfequipment.com\/product\/fr900v-continuous-vertical-band-sealer-machine-with-steel-printing-for-date\/#primaryimage"},"thumbnailUrl":"https:\/\/alfequipment.com\/wp-content\/uploads\/2025\/01\/FR900V-Continuous-Vertical-band-sealer-machine-with.jpg","datePublished":"2024-12-15T10:11:28+00:00","dateModified":"2025-01-13T15:01:31+00:00","breadcrumb":{"@id":"https:\/\/alfequipment.com\/product\/fr900v-continuous-vertical-band-sealer-machine-with-steel-printing-for-date\/#breadcrumb"},"inLanguage":"es","potentialAction":[{"@type":"ReadAction","target":["https:\/\/alfequipment.com\/product\/fr900v-continuous-vertical-band-sealer-machine-with-steel-printing-for-date\/"]}]},{"@type":"ImageObject","inLanguage":"es","@id":"https:\/\/alfequipment.com\/product\/fr900v-continuous-vertical-band-sealer-machine-with-steel-printing-for-date\/#primaryimage","url":"https:\/\/alfequipment.com\/wp-content\/uploads\/2025\/01\/FR900V-Continuous-Vertical-band-sealer-machine-with.jpg","contentUrl":"https:\/\/alfequipment.com\/wp-content\/uploads\/2025\/01\/FR900V-Continuous-Vertical-band-sealer-machine-with.jpg","width":800,"height":800},{"@type":"BreadcrumbList","@id":"https:\/\/alfequipment.com\/product\/fr900v-continuous-vertical-band-sealer-machine-with-steel-printing-for-date\/#breadcrumb","itemListElement":[{"@type":"ListItem","position":1,"name":"Home","item":"https:\/\/alfequipment.com\/"},{"@type":"ListItem","position":2,"name":"Shop","item":"https:\/\/alfequipment.com\/shop\/"},{"@type":"ListItem","position":3,"name":"FR900V Continuous Vertical band sealer machine with steel printing for date"}]},{"@type":"WebSite","@id":"https:\/\/alfequipment.com\/#website","url":"https:\/\/alfequipment.com\/","name":"PAQUETE ALF","description":"","publisher":{"@id":"https:\/\/alfequipment.com\/#organization"},"potentialAction":[{"@type":"SearchAction","target":{"@type":"EntryPoint","urlTemplate":"https:\/\/alfequipment.com\/?s={search_term_string}"},"query-input":{"@type":"PropertyValueSpecification","valueRequired":true,"valueName":"search_term_string"}}],"inLanguage":"es"},{"@type":"Organization","@id":"https:\/\/alfequipment.com\/#organization","name":"PAQUETE ALF","url":"https:\/\/alfequipment.com\/","logo":{"@type":"ImageObject","inLanguage":"es","@id":"https:\/\/alfequipment.com\/#\/schema\/logo\/image\/","url":"https:\/\/alfequipment.com\/wp-content\/uploads\/2024\/11\/ALFlogo-2.webp","contentUrl":"https:\/\/alfequipment.com\/wp-content\/uploads\/2024\/11\/ALFlogo-2.webp","width":758,"height":750,"caption":"ALF PACK"},"image":{"@id":"https:\/\/alfequipment.com\/#\/schema\/logo\/image\/"}}]}},"_links":{"self":[{"href":"https:\/\/alfequipment.com\/es\/wp-json\/wp\/v2\/product\/2916","targetHints":{"allow":["GET"]}}],"collection":[{"href":"https:\/\/alfequipment.com\/es\/wp-json\/wp\/v2\/product"}],"about":[{"href":"https:\/\/alfequipment.com\/es\/wp-json\/wp\/v2\/types\/product"}],"replies":[{"embeddable":true,"href":"https:\/\/alfequipment.com\/es\/wp-json\/wp\/v2\/comments?post=2916"}],"version-history":[{"count":0,"href":"https:\/\/alfequipment.com\/es\/wp-json\/wp\/v2\/product\/2916\/revisions"}],"wp:featuredmedia":[{"embeddable":true,"href":"https:\/\/alfequipment.com\/es\/wp-json\/wp\/v2\/media\/2666"}],"wp:attachment":[{"href":"https:\/\/alfequipment.com\/es\/wp-json\/wp\/v2\/media?parent=2916"}],"wp:term":[{"taxonomy":"product_brand","embeddable":true,"href":"https:\/\/alfequipment.com\/es\/wp-json\/wp\/v2\/product_brand?post=2916"},{"taxonomy":"product_cat","embeddable":true,"href":"https:\/\/alfequipment.com\/es\/wp-json\/wp\/v2\/product_cat?post=2916"},{"taxonomy":"product_tag","embeddable":true,"href":"https:\/\/alfequipment.com\/es\/wp-json\/wp\/v2\/product_tag?post=2916"}],"curies":[{"name":"wp","href":"https:\/\/api.w.org\/{rel}","templated":true}]}}