{"id":2919,"date":"2024-12-31T00:51:57","date_gmt":"2024-12-31T00:51:57","guid":{"rendered":"https:\/\/alfequipment.com\/product\/fxz5050-automatic-folding-carton-sealer-and-box-sealing-packaging-machine-with-shield\/"},"modified":"2025-01-13T14:41:03","modified_gmt":"2025-01-13T14:41:03","slug":"fxz5050-sellador-automatico-de-carton-plegable-y-caja-de-sellado-maquina-de-embalaje-con-escudo","status":"publish","type":"product","link":"https:\/\/alfequipment.com\/es\/product\/fxz5050-sellador-automatico-de-carton-plegable-y-caja-de-sellado-maquina-de-embalaje-con-escudo\/","title":{"rendered":"FXZ5050 Selladora autom\u00e1tica de cart\u00f3n plegable y caja de sellado m\u00e1quina de embalaje con escudo"},"content":{"rendered":"<div>\n<div>\n<div style=\"vertical-align: top;padding-top: 15px; padding-bottom: 15px;\">\n<div id=\"ea85v\" style=\"vertical-align: top;padding-top: 10px; padding-bottom: 10px\">\n<div id=\"ali-anchor-AliMaya-0qilt\" style=\"padding:8px 0 4px 8px;border-bottom:2px solid #C5CCDE;border-radius:3px 3px 0 0;line-height:1;color:#4D6599;background-color:#C5CCDE;font-size:22px;\" data-section=\"AliMaya-0qilt\" data-section-title=\"Product Description\"><span style=\"background-color: rgb(255, 255, 255); color: rgb(0, 0, 0); font-size: 13px;\">FXZ5050 m\u00e1quina plegadora de sellado es hermoso, seguro y generoso, el asiento es fuerte y estable. Las diversas estructuras cumplen con la norma CE, donde la cubierta protectora es la parte opcional del cliente. El dispositivo de protecci\u00f3n de la cuchilla de corte en el cabezal de sellado obtiene la patente nacional.<\/span><\/div>\n<\/div>\n<div style=\"vertical-align: top;padding-top: 10px; padding-bottom: 10px; margin-right: -4px; margin-left: -4px;\">\n<div style=\"vertical-align: top; box-sizing: border-box; padding-right: 4px; padding-left: 4px;margin-top: -4px; margin-bottom: -4px;\">\n<div id=\"gxacx\" style=\"vertical-align: top; box-sizing: border-box; padding-top: 4px; padding-bottom: 4px\">\n<p style=\"margin:0;padding:0;\">La m\u00e1quina de plegado y sellado adopta el alto poder de sujeci\u00f3n de la cinta adhesiva de PVC en la caja de cart\u00f3n la siguiente transmisi\u00f3n, transmisi\u00f3n suave y sellado en la cinta de sellado, r\u00e1pido, f\u00e1cil de ajustar, puede ser una impresi\u00f3n de cinta adhesiva de una sola vez, cubierta plegable y la acci\u00f3n de sellado superior e inferior. Mejorar en gran medida la apariencia del producto. Es ampliamente utilizado en electrodom\u00e9sticos, textiles, alimentos, cosm\u00e9ticos, provisiones diarias, medicina, industria qu\u00edmica y otras industrias manufactureras.<\/p>\n<\/p><\/div>\n<\/p><\/div>\n<\/p><\/div>\n<div style=\"vertical-align: top;padding-top: 10px; padding-bottom: 10px; margin-right: -4px; margin-left: -4px;\">\n<div id=\"xpyb2\" style=\"vertical-align: top; box-sizing: border-box; padding-right: 4px; padding-left: 4px\">\n<table style=\"width: auto; border-collapse: collapse; word-wrap: break-word;\" class=\"aliDataTable\">\n<tbody>\n<tr>\n<td style=\"background-color: rgb(218, 226, 237);\">\n<div style=\"width: 297px; height: 22px; padding: 5px 10px; overflow: hidden;\">\n          Modelo\n         <\/div>\n<\/td>\n<td>\n<div style=\"width: 406px; height: 22px; padding: 5px 10px; overflow: hidden;\">\n          FXZ5050\n         <\/div>\n<\/td>\n<\/tr>\n<tr>\n<td style=\"background-color: rgb(218, 226, 237);\">\n<div style=\"width: 297px; height: 22px; padding: 5px 10px; overflow: hidden;\">\n          Alimentaci\u00f3n\n         <\/div>\n<\/td>\n<td>\n<div style=\"width: 406px; height: 22px; padding: 5px 10px; overflow: hidden;\">\n          AC220V\/50,AC110V\/60Hz 420W\n         <\/div>\n<\/td>\n<\/tr>\n<tr>\n<td style=\"background-color: rgb(218, 226, 237);\">\n<div style=\"width: 297px; height: 22px; padding: 5px 10px; overflow: hidden;\">\n          Dimensi\u00f3n m\u00e1x. de embalaje\n         <\/div>\n<\/td>\n<td>\n<div style=\"width: 406px; height: 22px; padding: 5px 10px; overflow: hidden;\">\n          600(L)*500(An)* 500(Al) mm\n         <\/div>\n<\/td>\n<\/tr>\n<tr>\n<td style=\"background-color: rgb(218, 226, 237);\">\n<div style=\"width: 297px; height: 22px; padding: 5px 10px; overflow: hidden;\">\n          Dimensi\u00f3n m\u00edn. de embalaje\n         <\/div>\n<\/td>\n<td>\n<div style=\"width: 406px; height: 22px; padding: 5px 10px; overflow: hidden;\">\n          200 (ancho)*160 (alto)*200 (largo)mm\n         <\/div>\n<\/td>\n<\/tr>\n<tr>\n<td style=\"background-color: rgb(218, 226, 237);\">\n<div style=\"width: 297px; height: 22px; padding: 5px 10px; overflow: hidden;\">\n          Velocidad\n         <\/div>\n<\/td>\n<td>\n<div style=\"width: 406px; height: 22px; padding: 5px 10px; overflow: hidden;\">\n          18 m\/min\n         <\/div>\n<\/td>\n<\/tr>\n<tr>\n<td style=\"background-color: rgb(218, 226, 237);\">\n<div style=\"width: 297px; height: 22px; padding: 5px 10px; overflow: hidden;\">\n          Altura de la mesa de trabajo\n         <\/div>\n<\/td>\n<td>\n<div style=\"width: 406px; height: 22px; padding: 5px 10px; overflow: hidden;\">\n          600-720 mm\n         <\/div>\n<\/td>\n<\/tr>\n<tr>\n<td style=\"background-color: rgb(218, 226, 237);\">\n<div style=\"width: 297px; height: 22px; padding: 5px 10px; overflow: hidden;\">\n          Presi\u00f3n del aire\n         <\/div>\n<\/td>\n<td>\n<div style=\"width: 406px; height: 22px; padding: 5px 10px; overflow: hidden;\">\n          2\/3L,5Kg f\/cm\u00b2\n         <\/div>\n<\/td>\n<\/tr>\n<tr>\n<td style=\"background-color: rgb(218, 226, 237);\">\n<div style=\"width: 297px; height: 22px; padding: 5px 10px; overflow: hidden;\">\n          Anchura de la cinta adhesiva\n         <\/div>\n<\/td>\n<td>\n<div style=\"width: 406px; height: 22px; padding: 5px 10px; overflow: hidden;\">\n          48mm. 60mm. 75 mm\n         <\/div>\n<\/td>\n<\/tr>\n<tr>\n<td style=\"background-color: rgb(218, 226, 237);\">\n<div style=\"width: 297px; height: 22px; padding: 5px 10px; overflow: hidden;\">\n          Tama\u00f1o de la m\u00e1quina\n         <\/div>\n<\/td>\n<td>\n<div style=\"width: 406px; height: 22px; padding: 5px 10px; overflow: hidden;\">\n          2840(L)*1010(W)*1580-1700 (H)mm\n         <\/div>\n<\/td>\n<\/tr>\n<\/tbody>\n<\/table><\/div>\n<\/p><\/div>\n<div style=\"vertical-align: top;padding-top: 10px; padding-bottom: 10px; margin-right: -4px; margin-left: -4px;\">\n<div id=\"ni47i\" style=\"vertical-align: top; box-sizing: border-box; padding-right: 4px; padding-left: 4px\">\n<div style=\"overflow: hidden; width: 750px; height: 750px;\">\n      <img decoding=\"async\" src=\"https:\/\/sc01.alicdn.com\/kf\/HTB1TmHsac_vK1RkSmRyq6xwupXaq\/64496\/HTB1TmHsac_vK1RkSmRyq6xwupXaq.jpg\" style=\"width: 750px; height: 750px; margin-left: 0px; margin-top: 0px;\" class=\"aligncenter\">\n     <\/div>\n<\/p><\/div>\n<\/p><\/div>\n<div style=\"vertical-align: top;padding-top: 10px; padding-bottom: 10px; margin-right: -4px; margin-left: -4px;\">\n<div style=\"vertical-align: top; box-sizing: border-box; padding-right: 4px; padding-left: 4px;margin-top: -4px; margin-bottom: -4px;\">\n<div id=\"8qyk3\" style=\"vertical-align: top; box-sizing: border-box; padding-top: 4px; padding-bottom: 4px\">\n<div style=\"overflow: hidden; width: 750px; height: 320px;\">\n       <img decoding=\"async\" src=\"https:\/\/sc02.alicdn.com\/kf\/HTB1d92NwHvpK1RjSZFqq6AXUVXab\/64496\/HTB1d92NwHvpK1RjSZFqq6AXUVXab.jpg\" style=\"width: 750px; height: 750px; margin-left: 0px; margin-top: -198px;\" class=\"aligncenter\">\n      <\/div>\n<\/p><\/div>\n<div style=\"vertical-align: top; box-sizing: border-box; padding-top: 4px; padding-bottom: 4px;margin-right: -4px; margin-left: -4px;\">\n<div id=\"pvg8a\" style=\"vertical-align: top; width: 50%; display: inline-block; box-sizing: border-box; padding-right: 4px; padding-left: 4px\">\n<div style=\"overflow: hidden; width: 371px; height: 200px;\">\n        <img decoding=\"async\" src=\"https:\/\/sc02.alicdn.com\/kf\/HTB1BnL1acTxK1Rjy0Fgq6yovpXaj\/64496\/HTB1BnL1acTxK1Rjy0Fgq6yovpXaj.jpg\" style=\"width: 371px; height: 371px; margin-left: 0px; margin-top: -74px;\" class=\"aligncenter\">\n       <\/div>\n<\/p><\/div>\n<div id=\"9scaz\" style=\"vertical-align: top; width: 50%; display: inline-block; box-sizing: border-box; padding-right: 4px; padding-left: 4px\">\n<div style=\"overflow: hidden; width: 371px; height: 200px;\">\n        <img decoding=\"async\" src=\"https:\/\/sc01.alicdn.com\/kf\/HTB1PiDZaojrK1RkHFNRq6ySvpXaI\/64496\/HTB1PiDZaojrK1RkHFNRq6ySvpXaI.jpg\" style=\"width: 371px; height: 371px; margin-left: 0px; margin-top: -117px;\" class=\"aligncenter\">\n       <\/div>\n<\/p><\/div>\n<\/p><\/div>\n<\/p><\/div>\n<\/p><\/div>\n<div style=\"vertical-align: top;padding-top: 10px; padding-bottom: 10px; margin-right: -4px; margin-left: -4px;\">\n<div id=\"0oen1\" style=\"vertical-align: top; box-sizing: border-box; padding-right: 4px; padding-left: 4px\">\n<div style=\"overflow: hidden; width: 750px; height: 164.241px;\">\n      <img decoding=\"async\" src=\"https:\/\/sc02.alicdn.com\/kf\/HTB14RL6afLsK1Rjy0Fbq6xSEXXaK\/64496\/HTB14RL6afLsK1Rjy0Fbq6xSEXXaK.jpg\" style=\"width: 750px; height: 164.241px; margin-left: 0px; margin-top: 0px;\" class=\"aligncenter\"><\/div>\n<\/div>\n<\/div>\n<\/div>\n<div style=\"vertical-align: top;padding-top: 15px; padding-bottom: 15px;\">\n<div style=\"vertical-align: top;padding-top: 10px; padding-bottom: 10px; margin-right: -4px; margin-left: -4px;\">\n<div id=\"xhla1\" style=\"vertical-align: top; width: 50%; display: inline-block; box-sizing: border-box; padding-right: 4px; padding-left: 4px\">\n    <\/div>\n<\/p><\/div>\n<\/p><\/div>\n<\/p><\/div>\n<\/div>","protected":false},"excerpt":{"rendered":"<p>Selladora de cart\u00f3n autom\u00e1tica con protector<\/p>","protected":false},"featured_media":2672,"comment_status":"closed","ping_status":"open","template":"","meta":[],"product_brand":[],"product_cat":[116,97],"product_tag":[],"class_list":{"0":"post-2919","1":"product","2":"type-product","3":"status-publish","4":"has-post-thumbnail","6":"product_cat-carton-sealing-machine","7":"product_cat-sealing-machines","9":"first","10":"instock","11":"sale","12":"purchasable","13":"product-type-simple"},"yoast_head":"<!-- This site is optimized with the Yoast SEO Premium plugin v20.9 (Yoast SEO v26.5) - https:\/\/yoast.com\/wordpress\/plugins\/seo\/ -->\n<title>FXZ5050 Automatic Folding Carton Sealer and box sealing packaging machine with shield - ALF PACK<\/title>\n<meta name=\"robots\" content=\"index, follow, max-snippet:-1, max-image-preview:large, max-video-preview:-1\" \/>\n<link rel=\"canonical\" href=\"https:\/\/alfequipment.com\/es\/product\/fxz5050-sellador-automatico-de-carton-plegable-y-caja-de-sellado-maquina-de-embalaje-con-escudo\/\" \/>\n<meta property=\"og:locale\" content=\"es_ES\" \/>\n<meta property=\"og:type\" content=\"article\" \/>\n<meta property=\"og:title\" content=\"FXZ5050 Automatic Folding Carton Sealer and box sealing packaging machine with shield\" \/>\n<meta property=\"og:description\" content=\"Automatic Carton Sealer With Shield\" \/>\n<meta property=\"og:url\" content=\"https:\/\/alfequipment.com\/es\/product\/fxz5050-sellador-automatico-de-carton-plegable-y-caja-de-sellado-maquina-de-embalaje-con-escudo\/\" \/>\n<meta property=\"og:site_name\" content=\"ALF PACK\" \/>\n<meta property=\"article:modified_time\" content=\"2025-01-13T14:41:03+00:00\" \/>\n<meta property=\"og:image\" content=\"https:\/\/alfequipment.com\/wp-content\/uploads\/2025\/01\/FXZ5050-Automatic-Folding-Carton-Sealer-and-box.jpg\" \/>\n\t<meta property=\"og:image:width\" content=\"800\" \/>\n\t<meta property=\"og:image:height\" content=\"800\" \/>\n\t<meta property=\"og:image:type\" content=\"image\/webp\" \/>\n<meta name=\"twitter:card\" content=\"summary_large_image\" \/>\n<meta name=\"twitter:label1\" content=\"Tiempo de lectura\" \/>\n\t<meta name=\"twitter:data1\" content=\"1 minuto\" \/>\n<script type=\"application\/ld+json\" class=\"yoast-schema-graph\">{\"@context\":\"https:\/\/schema.org\",\"@graph\":[{\"@type\":\"WebPage\",\"@id\":\"https:\/\/alfequipment.com\/product\/fxz5050-automatic-folding-carton-sealer-and-box-sealing-packaging-machine-with-shield\/\",\"url\":\"https:\/\/alfequipment.com\/product\/fxz5050-automatic-folding-carton-sealer-and-box-sealing-packaging-machine-with-shield\/\",\"name\":\"FXZ5050 Automatic Folding Carton Sealer and box sealing packaging machine with shield - ALF PACK\",\"isPartOf\":{\"@id\":\"https:\/\/alfequipment.com\/#website\"},\"primaryImageOfPage\":{\"@id\":\"https:\/\/alfequipment.com\/product\/fxz5050-automatic-folding-carton-sealer-and-box-sealing-packaging-machine-with-shield\/#primaryimage\"},\"image\":{\"@id\":\"https:\/\/alfequipment.com\/product\/fxz5050-automatic-folding-carton-sealer-and-box-sealing-packaging-machine-with-shield\/#primaryimage\"},\"thumbnailUrl\":\"https:\/\/alfequipment.com\/wp-content\/uploads\/2025\/01\/FXZ5050-Automatic-Folding-Carton-Sealer-and-box.jpg\",\"datePublished\":\"2024-12-31T00:51:57+00:00\",\"dateModified\":\"2025-01-13T14:41:03+00:00\",\"breadcrumb\":{\"@id\":\"https:\/\/alfequipment.com\/product\/fxz5050-automatic-folding-carton-sealer-and-box-sealing-packaging-machine-with-shield\/#breadcrumb\"},\"inLanguage\":\"es\",\"potentialAction\":[{\"@type\":\"ReadAction\",\"target\":[\"https:\/\/alfequipment.com\/product\/fxz5050-automatic-folding-carton-sealer-and-box-sealing-packaging-machine-with-shield\/\"]}]},{\"@type\":\"ImageObject\",\"inLanguage\":\"es\",\"@id\":\"https:\/\/alfequipment.com\/product\/fxz5050-automatic-folding-carton-sealer-and-box-sealing-packaging-machine-with-shield\/#primaryimage\",\"url\":\"https:\/\/alfequipment.com\/wp-content\/uploads\/2025\/01\/FXZ5050-Automatic-Folding-Carton-Sealer-and-box.jpg\",\"contentUrl\":\"https:\/\/alfequipment.com\/wp-content\/uploads\/2025\/01\/FXZ5050-Automatic-Folding-Carton-Sealer-and-box.jpg\",\"width\":800,\"height\":800},{\"@type\":\"BreadcrumbList\",\"@id\":\"https:\/\/alfequipment.com\/product\/fxz5050-automatic-folding-carton-sealer-and-box-sealing-packaging-machine-with-shield\/#breadcrumb\",\"itemListElement\":[{\"@type\":\"ListItem\",\"position\":1,\"name\":\"Home\",\"item\":\"https:\/\/alfequipment.com\/\"},{\"@type\":\"ListItem\",\"position\":2,\"name\":\"Shop\",\"item\":\"https:\/\/alfequipment.com\/shop\/\"},{\"@type\":\"ListItem\",\"position\":3,\"name\":\"FXZ5050 Automatic Folding Carton Sealer and box sealing packaging machine with shield\"}]},{\"@type\":\"WebSite\",\"@id\":\"https:\/\/alfequipment.com\/#website\",\"url\":\"https:\/\/alfequipment.com\/\",\"name\":\"ALF PACK\",\"description\":\"\",\"publisher\":{\"@id\":\"https:\/\/alfequipment.com\/#organization\"},\"potentialAction\":[{\"@type\":\"SearchAction\",\"target\":{\"@type\":\"EntryPoint\",\"urlTemplate\":\"https:\/\/alfequipment.com\/?s={search_term_string}\"},\"query-input\":{\"@type\":\"PropertyValueSpecification\",\"valueRequired\":true,\"valueName\":\"search_term_string\"}}],\"inLanguage\":\"es\"},{\"@type\":\"Organization\",\"@id\":\"https:\/\/alfequipment.com\/#organization\",\"name\":\"ALF PACK\",\"url\":\"https:\/\/alfequipment.com\/\",\"logo\":{\"@type\":\"ImageObject\",\"inLanguage\":\"es\",\"@id\":\"https:\/\/alfequipment.com\/#\/schema\/logo\/image\/\",\"url\":\"https:\/\/alfequipment.com\/wp-content\/uploads\/2024\/11\/ALFlogo-2.webp\",\"contentUrl\":\"https:\/\/alfequipment.com\/wp-content\/uploads\/2024\/11\/ALFlogo-2.webp\",\"width\":758,\"height\":750,\"caption\":\"ALF PACK\"},\"image\":{\"@id\":\"https:\/\/alfequipment.com\/#\/schema\/logo\/image\/\"}}]}<\/script>\n<!-- \/ Yoast SEO Premium plugin. -->","yoast_head_json":{"title":"FXZ5050 Selladora autom\u00e1tica de cajas plegables y cajas de embalaje con escudo - ALF PACK","robots":{"index":"index","follow":"follow","max-snippet":"max-snippet:-1","max-image-preview":"max-image-preview:large","max-video-preview":"max-video-preview:-1"},"canonical":"https:\/\/alfequipment.com\/es\/product\/fxz5050-sellador-automatico-de-carton-plegable-y-caja-de-sellado-maquina-de-embalaje-con-escudo\/","og_locale":"es_ES","og_type":"article","og_title":"FXZ5050 Automatic Folding Carton Sealer and box sealing packaging machine with shield","og_description":"Automatic Carton Sealer With Shield","og_url":"https:\/\/alfequipment.com\/es\/product\/fxz5050-sellador-automatico-de-carton-plegable-y-caja-de-sellado-maquina-de-embalaje-con-escudo\/","og_site_name":"ALF PACK","article_modified_time":"2025-01-13T14:41:03+00:00","og_image":[{"width":800,"height":800,"url":"https:\/\/alfequipment.com\/wp-content\/uploads\/2025\/01\/FXZ5050-Automatic-Folding-Carton-Sealer-and-box.jpg","type":"image\/webp"}],"twitter_card":"summary_large_image","twitter_misc":{"Tiempo de lectura":"1 minuto"},"schema":{"@context":"https:\/\/schema.org","@graph":[{"@type":"WebPage","@id":"https:\/\/alfequipment.com\/product\/fxz5050-automatic-folding-carton-sealer-and-box-sealing-packaging-machine-with-shield\/","url":"https:\/\/alfequipment.com\/product\/fxz5050-automatic-folding-carton-sealer-and-box-sealing-packaging-machine-with-shield\/","name":"FXZ5050 Selladora autom\u00e1tica de cajas plegables y cajas de embalaje con escudo - ALF PACK","isPartOf":{"@id":"https:\/\/alfequipment.com\/#website"},"primaryImageOfPage":{"@id":"https:\/\/alfequipment.com\/product\/fxz5050-automatic-folding-carton-sealer-and-box-sealing-packaging-machine-with-shield\/#primaryimage"},"image":{"@id":"https:\/\/alfequipment.com\/product\/fxz5050-automatic-folding-carton-sealer-and-box-sealing-packaging-machine-with-shield\/#primaryimage"},"thumbnailUrl":"https:\/\/alfequipment.com\/wp-content\/uploads\/2025\/01\/FXZ5050-Automatic-Folding-Carton-Sealer-and-box.jpg","datePublished":"2024-12-31T00:51:57+00:00","dateModified":"2025-01-13T14:41:03+00:00","breadcrumb":{"@id":"https:\/\/alfequipment.com\/product\/fxz5050-automatic-folding-carton-sealer-and-box-sealing-packaging-machine-with-shield\/#breadcrumb"},"inLanguage":"es","potentialAction":[{"@type":"ReadAction","target":["https:\/\/alfequipment.com\/product\/fxz5050-automatic-folding-carton-sealer-and-box-sealing-packaging-machine-with-shield\/"]}]},{"@type":"ImageObject","inLanguage":"es","@id":"https:\/\/alfequipment.com\/product\/fxz5050-automatic-folding-carton-sealer-and-box-sealing-packaging-machine-with-shield\/#primaryimage","url":"https:\/\/alfequipment.com\/wp-content\/uploads\/2025\/01\/FXZ5050-Automatic-Folding-Carton-Sealer-and-box.jpg","contentUrl":"https:\/\/alfequipment.com\/wp-content\/uploads\/2025\/01\/FXZ5050-Automatic-Folding-Carton-Sealer-and-box.jpg","width":800,"height":800},{"@type":"BreadcrumbList","@id":"https:\/\/alfequipment.com\/product\/fxz5050-automatic-folding-carton-sealer-and-box-sealing-packaging-machine-with-shield\/#breadcrumb","itemListElement":[{"@type":"ListItem","position":1,"name":"Home","item":"https:\/\/alfequipment.com\/"},{"@type":"ListItem","position":2,"name":"Shop","item":"https:\/\/alfequipment.com\/shop\/"},{"@type":"ListItem","position":3,"name":"FXZ5050 Automatic Folding Carton Sealer and box sealing packaging machine with shield"}]},{"@type":"WebSite","@id":"https:\/\/alfequipment.com\/#website","url":"https:\/\/alfequipment.com\/","name":"PAQUETE ALF","description":"","publisher":{"@id":"https:\/\/alfequipment.com\/#organization"},"potentialAction":[{"@type":"SearchAction","target":{"@type":"EntryPoint","urlTemplate":"https:\/\/alfequipment.com\/?s={search_term_string}"},"query-input":{"@type":"PropertyValueSpecification","valueRequired":true,"valueName":"search_term_string"}}],"inLanguage":"es"},{"@type":"Organization","@id":"https:\/\/alfequipment.com\/#organization","name":"PAQUETE ALF","url":"https:\/\/alfequipment.com\/","logo":{"@type":"ImageObject","inLanguage":"es","@id":"https:\/\/alfequipment.com\/#\/schema\/logo\/image\/","url":"https:\/\/alfequipment.com\/wp-content\/uploads\/2024\/11\/ALFlogo-2.webp","contentUrl":"https:\/\/alfequipment.com\/wp-content\/uploads\/2024\/11\/ALFlogo-2.webp","width":758,"height":750,"caption":"ALF PACK"},"image":{"@id":"https:\/\/alfequipment.com\/#\/schema\/logo\/image\/"}}]}},"_links":{"self":[{"href":"https:\/\/alfequipment.com\/es\/wp-json\/wp\/v2\/product\/2919","targetHints":{"allow":["GET"]}}],"collection":[{"href":"https:\/\/alfequipment.com\/es\/wp-json\/wp\/v2\/product"}],"about":[{"href":"https:\/\/alfequipment.com\/es\/wp-json\/wp\/v2\/types\/product"}],"replies":[{"embeddable":true,"href":"https:\/\/alfequipment.com\/es\/wp-json\/wp\/v2\/comments?post=2919"}],"version-history":[{"count":0,"href":"https:\/\/alfequipment.com\/es\/wp-json\/wp\/v2\/product\/2919\/revisions"}],"wp:featuredmedia":[{"embeddable":true,"href":"https:\/\/alfequipment.com\/es\/wp-json\/wp\/v2\/media\/2672"}],"wp:attachment":[{"href":"https:\/\/alfequipment.com\/es\/wp-json\/wp\/v2\/media?parent=2919"}],"wp:term":[{"taxonomy":"product_brand","embeddable":true,"href":"https:\/\/alfequipment.com\/es\/wp-json\/wp\/v2\/product_brand?post=2919"},{"taxonomy":"product_cat","embeddable":true,"href":"https:\/\/alfequipment.com\/es\/wp-json\/wp\/v2\/product_cat?post=2919"},{"taxonomy":"product_tag","embeddable":true,"href":"https:\/\/alfequipment.com\/es\/wp-json\/wp\/v2\/product_tag?post=2919"}],"curies":[{"name":"wp","href":"https:\/\/api.w.org\/{rel}","templated":true}]}}