{"id":2920,"date":"2024-12-23T16:26:21","date_gmt":"2024-12-23T16:26:21","guid":{"rendered":"https:\/\/alfequipment.com\/product\/dqfxz5050s-full-automatic-folding-carton-sealer-and-pneumatic-box-sealing-packaging-machine-with-shield\/"},"modified":"2025-01-13T14:43:03","modified_gmt":"2025-01-13T14:43:03","slug":"dqfxz5050s-sellador-de-carton-plegable-automatico-completo-y-caja-de-sellado-neumatico-maquina-de-embalaje-con-escudo","status":"publish","type":"product","link":"https:\/\/alfequipment.com\/es\/product\/dqfxz5050s-sellador-de-carton-plegable-automatico-completo-y-caja-de-sellado-neumatico-maquina-de-embalaje-con-escudo\/","title":{"rendered":"DQFXZ5050S Selladora de cart\u00f3n plegable totalmente autom\u00e1tica y selladora de cajas neum\u00e1tica con escudo"},"content":{"rendered":"<div data-magic-global=\"%7B%22bizId%22%3A17179933680%2C%22pageId%22%3A5046267994%2C%22siteId%22%3A5005331025%7D\" id=\"detail_decorate_root\">\n<div module-id=\"6653253542\" module-title=\"detailProductNavigation\" render=\"true\" class=\"J_module\">\n<div id=\"ali-anchor-AliMagic-333euy\" data-section=\"AliMagic-333euy\" data-section-title=\"Product Description\" class=\"magic-0\">DQFXZ5050S M\u00e1quina de sellado de plegado autom\u00e1tico completo es hermoso, seguro y generoso, el asiento es fuerte y estable. Las diversas estructuras cumplen con la norma CE, donde la cubierta protectora es la parte opcional del cliente. El dispositivo de protecci\u00f3n de la cuchilla de corte en el cabezal de sellado obtiene la patente nacional. No necesita ajustar la altura y la anchura manualmente.<\/div>\n<\/div>\n<div module-id=\"6653253543\" module-title=\"detailTextWithTitle\" render=\"true\" class=\"J_module\">\n<div class=\"detail-decorate-json-renderer-container\">\n<div class=\"magic-1\">\n<div class=\"magic-4\">\n<div class=\"magic-5\">\n<div class=\"magic-6\">\n<p class=\"magic-7\">La m\u00e1quina de plegado y sellado adopta el alto poder de sujeci\u00f3n de la cinta adhesiva de PVC en la caja de cart\u00f3n la siguiente transmisi\u00f3n, transmisi\u00f3n suave y sellado en la cinta de sellado, r\u00e1pido, f\u00e1cil de ajustar, puede ser una impresi\u00f3n de cinta adhesiva de una sola vez, cubierta plegable y la acci\u00f3n de sellado superior e inferior. Mejorar en gran medida la apariencia del producto. Es ampliamente utilizado en electrodom\u00e9sticos, textiles, alimentos, cosm\u00e9ticos, provisiones diarias, medicina, industria qu\u00edmica y otras industrias manufactureras.<\/p>\n<\/p><\/div>\n<\/p><\/div>\n<\/p><\/div>\n<\/p><\/div>\n<\/p><\/div>\n<\/p><\/div>\n<div module-id=\"6653253544\" module-title=\"detailTableHightLight\" render=\"true\" class=\"J_module\">\n<div class=\"ife-detail-decorate-table\">\n<table class=\"all magic-8\">\n<tbody>\n<tr>\n<td colspan=\"1\" rowspan=\"1\">\n<div class=\"magic-9\">\n        Modelo\n       <\/div>\n<\/td>\n<td colspan=\"1\" rowspan=\"1\">\n<div class=\"magic-10\">\n        DQFXZ5050S\n       <\/div>\n<\/td>\n<\/tr>\n<tr>\n<td colspan=\"1\" rowspan=\"1\">\n<div class=\"magic-9\">\n        Alimentaci\u00f3n\n       <\/div>\n<\/td>\n<td colspan=\"1\" rowspan=\"1\">\n<div class=\"magic-10\">\n        AC220V\/50,AC110V\/60Hz 420W\n       <\/div>\n<\/td>\n<\/tr>\n<tr>\n<td colspan=\"1\" rowspan=\"1\">\n<div class=\"magic-9\">\n        Dimensi\u00f3n m\u00e1x. de embalaje\n       <\/div>\n<\/td>\n<td colspan=\"1\" rowspan=\"1\">\n<div class=\"magic-10\">\n        700(L)*500(An)* 500(Al) mm\n       <\/div>\n<\/td>\n<\/tr>\n<tr>\n<td colspan=\"1\" rowspan=\"1\">\n<div class=\"magic-9\">\n        Dimensi\u00f3n m\u00edn. de embalaje\n       <\/div>\n<\/td>\n<td colspan=\"1\" rowspan=\"1\">\n<div class=\"magic-10\">\n        260 (ancho)*200 (alto)*160 (largo)mm\n       <\/div>\n<\/td>\n<\/tr>\n<tr>\n<td colspan=\"1\" rowspan=\"1\">\n<div class=\"magic-9\">\n        Velocidad\n       <\/div>\n<\/td>\n<td colspan=\"1\" rowspan=\"1\">\n<div class=\"magic-10\">\n        18 m\/min\n       <\/div>\n<\/td>\n<\/tr>\n<tr>\n<td colspan=\"1\" rowspan=\"1\">\n<div class=\"magic-9\">\n        Altura de la mesa de trabajo\n       <\/div>\n<\/td>\n<td colspan=\"1\" rowspan=\"1\">\n<div class=\"magic-10\">\n        600-800 mm\n       <\/div>\n<\/td>\n<\/tr>\n<tr>\n<td colspan=\"1\" rowspan=\"1\">\n<div class=\"magic-9\">\n        Presi\u00f3n del aire\n       <\/div>\n<\/td>\n<td colspan=\"1\" rowspan=\"1\">\n<div class=\"magic-10\">\n        2\/3L,5Kg f\/cm\u00b2\n       <\/div>\n<\/td>\n<\/tr>\n<tr>\n<td colspan=\"1\" rowspan=\"1\">\n<div class=\"magic-9\">\n        Anchura de la cinta adhesiva\n       <\/div>\n<\/td>\n<td colspan=\"1\" rowspan=\"1\">\n<div class=\"magic-10\">\n        48mm. 60mm\n       <\/div>\n<\/td>\n<\/tr>\n<tr>\n<td colspan=\"1\" rowspan=\"1\">\n<div class=\"magic-9\">\n        Tama\u00f1o de la m\u00e1quina\n       <\/div>\n<\/td>\n<td colspan=\"1\" rowspan=\"1\">\n<div class=\"magic-10\">\n        2889\u00d71056\u00d71815mm\n       <\/div>\n<\/td>\n<\/tr>\n<\/tbody>\n<\/table><\/div>\n<\/p><\/div>\n<div module-id=\"6653253545\" module-title=\"detailSingleImage\" render=\"true\" class=\"J_module\">\n<div class=\"icbu-pc-images magic-11\">\n<div>\n<div class=\"flex-layout-v\">\n<div class=\"flex-layout-h magic-11\">\n<div class=\"magic-12\">\n       <img decoding=\"async\" src=\"https:\/\/sc01.alicdn.com\/kf\/H9511e04734bb45c88e7e045dd464dddaj\/64496\/H9511e04734bb45c88e7e045dd464dddaj.jpg\" class=\"aligncenter\">\n      <\/div>\n<\/p><\/div>\n<\/p><\/div>\n<\/p><\/div>\n<\/p><\/div>\n<\/p><\/div>\n<div module-id=\"6660366576\" module-title=\"detailSingleImage\" render=\"true\" class=\"J_module\">\n<div class=\"icbu-pc-images magic-11\">\n<div>\n<div class=\"flex-layout-v\">\n<div class=\"flex-layout-h magic-11\">\n<div class=\"magic-12\">\n       <img decoding=\"async\" src=\"https:\/\/sc01.alicdn.com\/kf\/Heead8c0c08a3469b9b8a77f9a6196660w\/64496\/Heead8c0c08a3469b9b8a77f9a6196660w.jpg\" class=\"aligncenter\">\n      <\/div>\n<\/p><\/div>\n<\/p><\/div>\n<\/p><\/div>\n<\/p><\/div>\n<\/p><\/div>\n<div module-id=\"6653253546\" module-title=\"detailVerticalImages\" render=\"true\" class=\"J_module\">\n<div class=\"icbu-pc-images magic-11\">\n<div>\n<div class=\"flex-layout-v\">\n<div class=\"magic-14\">\n      <img decoding=\"async\" src=\"https:\/\/sc02.alicdn.com\/kf\/HTB1d92NwHvpK1RjSZFqq6AXUVXab\/64496\/HTB1d92NwHvpK1RjSZFqq6AXUVXab.jpg\" class=\"aligncenter\">\n     <\/div>\n<div class=\"flex-layout-h magic-11\">\n<div class=\"magic-16\">\n       <img decoding=\"async\" src=\"https:\/\/sc02.alicdn.com\/kf\/HTB1BnL1acTxK1Rjy0Fgq6yovpXaj\/64496\/HTB1BnL1acTxK1Rjy0Fgq6yovpXaj.jpg\" class=\"aligncenter\">\n      <\/div>\n<div class=\"magic-18\">\n       <img decoding=\"async\" src=\"https:\/\/sc01.alicdn.com\/kf\/HTB1PiDZaojrK1RkHFNRq6ySvpXaI\/64496\/HTB1PiDZaojrK1RkHFNRq6ySvpXaI.jpg\" class=\"aligncenter\">\n      <\/div>\n<\/p><\/div>\n<\/p><\/div>\n<\/p><\/div>\n<\/p><\/div>\n<\/p><\/div>\n<div module-id=\"6653253547\" module-title=\"detailSingleImage\" render=\"true\" class=\"J_module\">\n<div class=\"icbu-pc-images magic-11\">\n<div>\n<div class=\"flex-layout-v\">\n<div class=\"flex-layout-h magic-11\">\n<div class=\"magic-20\">\n       <img decoding=\"async\" src=\"https:\/\/sc02.alicdn.com\/kf\/HTB14RL6afLsK1Rjy0Fbq6xSEXXaK\/64496\/HTB14RL6afLsK1Rjy0Fbq6xSEXXaK.jpg\" class=\"aligncenter\">\n      <\/div>\n<\/p><\/div>\n<\/p><\/div>\n<\/p><\/div>\n<\/p><\/div>\n<\/p><\/div>\n<\/div>","protected":false},"excerpt":{"rendered":"<p>Selladora De Cart\u00f3n Autom\u00e1tica Con Escudo<\/p>","protected":false},"featured_media":2674,"comment_status":"closed","ping_status":"open","template":"","meta":[],"product_brand":[],"product_cat":[116,97],"product_tag":[],"class_list":{"0":"post-2920","1":"product","2":"type-product","3":"status-publish","4":"has-post-thumbnail","6":"product_cat-carton-sealing-machine","7":"product_cat-sealing-machines","9":"first","10":"instock","11":"sale","12":"purchasable","13":"product-type-simple"},"yoast_head":"<!-- This site is optimized with the Yoast SEO Premium plugin v20.9 (Yoast SEO v26.5) - https:\/\/yoast.com\/wordpress\/plugins\/seo\/ -->\n<title>DQFXZ5050S Full Automatic Folding Carton Sealer and pneumatic box sealing packaging machine with shield - ALF PACK<\/title>\n<meta name=\"robots\" content=\"index, follow, max-snippet:-1, max-image-preview:large, max-video-preview:-1\" \/>\n<link rel=\"canonical\" href=\"https:\/\/alfequipment.com\/es\/product\/dqfxz5050s-sellador-de-carton-plegable-automatico-completo-y-caja-de-sellado-neumatico-maquina-de-embalaje-con-escudo\/\" \/>\n<meta property=\"og:locale\" content=\"es_ES\" \/>\n<meta property=\"og:type\" content=\"article\" \/>\n<meta property=\"og:title\" content=\"DQFXZ5050S Full Automatic Folding Carton Sealer and pneumatic box sealing packaging machine with shield\" \/>\n<meta property=\"og:description\" content=\"Full Automatic Carton Sealer With Shield\" \/>\n<meta property=\"og:url\" content=\"https:\/\/alfequipment.com\/es\/product\/dqfxz5050s-sellador-de-carton-plegable-automatico-completo-y-caja-de-sellado-neumatico-maquina-de-embalaje-con-escudo\/\" \/>\n<meta property=\"og:site_name\" content=\"ALF PACK\" \/>\n<meta property=\"article:modified_time\" content=\"2025-01-13T14:43:03+00:00\" \/>\n<meta property=\"og:image\" content=\"https:\/\/alfequipment.com\/wp-content\/uploads\/2025\/01\/DQFXZ5050S-Full-Automatic-Folding-Carton-Sealer-and.jpg\" \/>\n\t<meta property=\"og:image:width\" content=\"800\" \/>\n\t<meta property=\"og:image:height\" content=\"800\" \/>\n\t<meta property=\"og:image:type\" content=\"image\/webp\" \/>\n<meta name=\"twitter:card\" content=\"summary_large_image\" \/>\n<meta name=\"twitter:label1\" content=\"Tiempo de lectura\" \/>\n\t<meta name=\"twitter:data1\" content=\"1 minuto\" \/>\n<script type=\"application\/ld+json\" class=\"yoast-schema-graph\">{\"@context\":\"https:\/\/schema.org\",\"@graph\":[{\"@type\":\"WebPage\",\"@id\":\"https:\/\/alfequipment.com\/product\/dqfxz5050s-full-automatic-folding-carton-sealer-and-pneumatic-box-sealing-packaging-machine-with-shield\/\",\"url\":\"https:\/\/alfequipment.com\/product\/dqfxz5050s-full-automatic-folding-carton-sealer-and-pneumatic-box-sealing-packaging-machine-with-shield\/\",\"name\":\"DQFXZ5050S Full Automatic Folding Carton Sealer and pneumatic box sealing packaging machine with shield - ALF PACK\",\"isPartOf\":{\"@id\":\"https:\/\/alfequipment.com\/#website\"},\"primaryImageOfPage\":{\"@id\":\"https:\/\/alfequipment.com\/product\/dqfxz5050s-full-automatic-folding-carton-sealer-and-pneumatic-box-sealing-packaging-machine-with-shield\/#primaryimage\"},\"image\":{\"@id\":\"https:\/\/alfequipment.com\/product\/dqfxz5050s-full-automatic-folding-carton-sealer-and-pneumatic-box-sealing-packaging-machine-with-shield\/#primaryimage\"},\"thumbnailUrl\":\"https:\/\/alfequipment.com\/wp-content\/uploads\/2025\/01\/DQFXZ5050S-Full-Automatic-Folding-Carton-Sealer-and.jpg\",\"datePublished\":\"2024-12-23T16:26:21+00:00\",\"dateModified\":\"2025-01-13T14:43:03+00:00\",\"breadcrumb\":{\"@id\":\"https:\/\/alfequipment.com\/product\/dqfxz5050s-full-automatic-folding-carton-sealer-and-pneumatic-box-sealing-packaging-machine-with-shield\/#breadcrumb\"},\"inLanguage\":\"es\",\"potentialAction\":[{\"@type\":\"ReadAction\",\"target\":[\"https:\/\/alfequipment.com\/product\/dqfxz5050s-full-automatic-folding-carton-sealer-and-pneumatic-box-sealing-packaging-machine-with-shield\/\"]}]},{\"@type\":\"ImageObject\",\"inLanguage\":\"es\",\"@id\":\"https:\/\/alfequipment.com\/product\/dqfxz5050s-full-automatic-folding-carton-sealer-and-pneumatic-box-sealing-packaging-machine-with-shield\/#primaryimage\",\"url\":\"https:\/\/alfequipment.com\/wp-content\/uploads\/2025\/01\/DQFXZ5050S-Full-Automatic-Folding-Carton-Sealer-and.jpg\",\"contentUrl\":\"https:\/\/alfequipment.com\/wp-content\/uploads\/2025\/01\/DQFXZ5050S-Full-Automatic-Folding-Carton-Sealer-and.jpg\",\"width\":800,\"height\":800},{\"@type\":\"BreadcrumbList\",\"@id\":\"https:\/\/alfequipment.com\/product\/dqfxz5050s-full-automatic-folding-carton-sealer-and-pneumatic-box-sealing-packaging-machine-with-shield\/#breadcrumb\",\"itemListElement\":[{\"@type\":\"ListItem\",\"position\":1,\"name\":\"Home\",\"item\":\"https:\/\/alfequipment.com\/\"},{\"@type\":\"ListItem\",\"position\":2,\"name\":\"Shop\",\"item\":\"https:\/\/alfequipment.com\/shop\/\"},{\"@type\":\"ListItem\",\"position\":3,\"name\":\"DQFXZ5050S Full Automatic Folding Carton Sealer and pneumatic box sealing packaging machine with shield\"}]},{\"@type\":\"WebSite\",\"@id\":\"https:\/\/alfequipment.com\/#website\",\"url\":\"https:\/\/alfequipment.com\/\",\"name\":\"ALF PACK\",\"description\":\"\",\"publisher\":{\"@id\":\"https:\/\/alfequipment.com\/#organization\"},\"potentialAction\":[{\"@type\":\"SearchAction\",\"target\":{\"@type\":\"EntryPoint\",\"urlTemplate\":\"https:\/\/alfequipment.com\/?s={search_term_string}\"},\"query-input\":{\"@type\":\"PropertyValueSpecification\",\"valueRequired\":true,\"valueName\":\"search_term_string\"}}],\"inLanguage\":\"es\"},{\"@type\":\"Organization\",\"@id\":\"https:\/\/alfequipment.com\/#organization\",\"name\":\"ALF PACK\",\"url\":\"https:\/\/alfequipment.com\/\",\"logo\":{\"@type\":\"ImageObject\",\"inLanguage\":\"es\",\"@id\":\"https:\/\/alfequipment.com\/#\/schema\/logo\/image\/\",\"url\":\"https:\/\/alfequipment.com\/wp-content\/uploads\/2024\/11\/ALFlogo-2.webp\",\"contentUrl\":\"https:\/\/alfequipment.com\/wp-content\/uploads\/2024\/11\/ALFlogo-2.webp\",\"width\":758,\"height\":750,\"caption\":\"ALF PACK\"},\"image\":{\"@id\":\"https:\/\/alfequipment.com\/#\/schema\/logo\/image\/\"}}]}<\/script>\n<!-- \/ Yoast SEO Premium plugin. -->","yoast_head_json":{"title":"DQFXZ5050S Selladora de cart\u00f3n plegable totalmente autom\u00e1tica y selladora de cajas neum\u00e1tica con escudo - ALF PACK","robots":{"index":"index","follow":"follow","max-snippet":"max-snippet:-1","max-image-preview":"max-image-preview:large","max-video-preview":"max-video-preview:-1"},"canonical":"https:\/\/alfequipment.com\/es\/product\/dqfxz5050s-sellador-de-carton-plegable-automatico-completo-y-caja-de-sellado-neumatico-maquina-de-embalaje-con-escudo\/","og_locale":"es_ES","og_type":"article","og_title":"DQFXZ5050S Full Automatic Folding Carton Sealer and pneumatic box sealing packaging machine with shield","og_description":"Full Automatic Carton Sealer With Shield","og_url":"https:\/\/alfequipment.com\/es\/product\/dqfxz5050s-sellador-de-carton-plegable-automatico-completo-y-caja-de-sellado-neumatico-maquina-de-embalaje-con-escudo\/","og_site_name":"ALF PACK","article_modified_time":"2025-01-13T14:43:03+00:00","og_image":[{"width":800,"height":800,"url":"https:\/\/alfequipment.com\/wp-content\/uploads\/2025\/01\/DQFXZ5050S-Full-Automatic-Folding-Carton-Sealer-and.jpg","type":"image\/webp"}],"twitter_card":"summary_large_image","twitter_misc":{"Tiempo de lectura":"1 minuto"},"schema":{"@context":"https:\/\/schema.org","@graph":[{"@type":"WebPage","@id":"https:\/\/alfequipment.com\/product\/dqfxz5050s-full-automatic-folding-carton-sealer-and-pneumatic-box-sealing-packaging-machine-with-shield\/","url":"https:\/\/alfequipment.com\/product\/dqfxz5050s-full-automatic-folding-carton-sealer-and-pneumatic-box-sealing-packaging-machine-with-shield\/","name":"DQFXZ5050S Selladora de cart\u00f3n plegable totalmente autom\u00e1tica y selladora de cajas neum\u00e1tica con escudo - ALF PACK","isPartOf":{"@id":"https:\/\/alfequipment.com\/#website"},"primaryImageOfPage":{"@id":"https:\/\/alfequipment.com\/product\/dqfxz5050s-full-automatic-folding-carton-sealer-and-pneumatic-box-sealing-packaging-machine-with-shield\/#primaryimage"},"image":{"@id":"https:\/\/alfequipment.com\/product\/dqfxz5050s-full-automatic-folding-carton-sealer-and-pneumatic-box-sealing-packaging-machine-with-shield\/#primaryimage"},"thumbnailUrl":"https:\/\/alfequipment.com\/wp-content\/uploads\/2025\/01\/DQFXZ5050S-Full-Automatic-Folding-Carton-Sealer-and.jpg","datePublished":"2024-12-23T16:26:21+00:00","dateModified":"2025-01-13T14:43:03+00:00","breadcrumb":{"@id":"https:\/\/alfequipment.com\/product\/dqfxz5050s-full-automatic-folding-carton-sealer-and-pneumatic-box-sealing-packaging-machine-with-shield\/#breadcrumb"},"inLanguage":"es","potentialAction":[{"@type":"ReadAction","target":["https:\/\/alfequipment.com\/product\/dqfxz5050s-full-automatic-folding-carton-sealer-and-pneumatic-box-sealing-packaging-machine-with-shield\/"]}]},{"@type":"ImageObject","inLanguage":"es","@id":"https:\/\/alfequipment.com\/product\/dqfxz5050s-full-automatic-folding-carton-sealer-and-pneumatic-box-sealing-packaging-machine-with-shield\/#primaryimage","url":"https:\/\/alfequipment.com\/wp-content\/uploads\/2025\/01\/DQFXZ5050S-Full-Automatic-Folding-Carton-Sealer-and.jpg","contentUrl":"https:\/\/alfequipment.com\/wp-content\/uploads\/2025\/01\/DQFXZ5050S-Full-Automatic-Folding-Carton-Sealer-and.jpg","width":800,"height":800},{"@type":"BreadcrumbList","@id":"https:\/\/alfequipment.com\/product\/dqfxz5050s-full-automatic-folding-carton-sealer-and-pneumatic-box-sealing-packaging-machine-with-shield\/#breadcrumb","itemListElement":[{"@type":"ListItem","position":1,"name":"Home","item":"https:\/\/alfequipment.com\/"},{"@type":"ListItem","position":2,"name":"Shop","item":"https:\/\/alfequipment.com\/shop\/"},{"@type":"ListItem","position":3,"name":"DQFXZ5050S Full Automatic Folding Carton Sealer and pneumatic box sealing packaging machine with shield"}]},{"@type":"WebSite","@id":"https:\/\/alfequipment.com\/#website","url":"https:\/\/alfequipment.com\/","name":"PAQUETE ALF","description":"","publisher":{"@id":"https:\/\/alfequipment.com\/#organization"},"potentialAction":[{"@type":"SearchAction","target":{"@type":"EntryPoint","urlTemplate":"https:\/\/alfequipment.com\/?s={search_term_string}"},"query-input":{"@type":"PropertyValueSpecification","valueRequired":true,"valueName":"search_term_string"}}],"inLanguage":"es"},{"@type":"Organization","@id":"https:\/\/alfequipment.com\/#organization","name":"PAQUETE ALF","url":"https:\/\/alfequipment.com\/","logo":{"@type":"ImageObject","inLanguage":"es","@id":"https:\/\/alfequipment.com\/#\/schema\/logo\/image\/","url":"https:\/\/alfequipment.com\/wp-content\/uploads\/2024\/11\/ALFlogo-2.webp","contentUrl":"https:\/\/alfequipment.com\/wp-content\/uploads\/2024\/11\/ALFlogo-2.webp","width":758,"height":750,"caption":"ALF PACK"},"image":{"@id":"https:\/\/alfequipment.com\/#\/schema\/logo\/image\/"}}]}},"_links":{"self":[{"href":"https:\/\/alfequipment.com\/es\/wp-json\/wp\/v2\/product\/2920","targetHints":{"allow":["GET"]}}],"collection":[{"href":"https:\/\/alfequipment.com\/es\/wp-json\/wp\/v2\/product"}],"about":[{"href":"https:\/\/alfequipment.com\/es\/wp-json\/wp\/v2\/types\/product"}],"replies":[{"embeddable":true,"href":"https:\/\/alfequipment.com\/es\/wp-json\/wp\/v2\/comments?post=2920"}],"version-history":[{"count":0,"href":"https:\/\/alfequipment.com\/es\/wp-json\/wp\/v2\/product\/2920\/revisions"}],"wp:featuredmedia":[{"embeddable":true,"href":"https:\/\/alfequipment.com\/es\/wp-json\/wp\/v2\/media\/2674"}],"wp:attachment":[{"href":"https:\/\/alfequipment.com\/es\/wp-json\/wp\/v2\/media?parent=2920"}],"wp:term":[{"taxonomy":"product_brand","embeddable":true,"href":"https:\/\/alfequipment.com\/es\/wp-json\/wp\/v2\/product_brand?post=2920"},{"taxonomy":"product_cat","embeddable":true,"href":"https:\/\/alfequipment.com\/es\/wp-json\/wp\/v2\/product_cat?post=2920"},{"taxonomy":"product_tag","embeddable":true,"href":"https:\/\/alfequipment.com\/es\/wp-json\/wp\/v2\/product_tag?post=2920"}],"curies":[{"name":"wp","href":"https:\/\/api.w.org\/{rel}","templated":true}]}}