{"id":2921,"date":"2024-12-04T14:38:08","date_gmt":"2024-12-04T14:38:08","guid":{"rendered":"https:\/\/alfequipment.com\/product\/bzj5038b-bottle-packing-semi-automatic-sleeve-wrapper\/"},"modified":"2025-01-13T13:08:54","modified_gmt":"2025-01-13T13:08:54","slug":"bzj5038b-envolvedora-semiautomatica-de-botellas","status":"publish","type":"product","link":"https:\/\/alfequipment.com\/es\/product\/bzj5038b-envolvedora-semiautomatica-de-botellas\/","title":{"rendered":"BZJ5038B Enfajadora semiautom\u00e1tica de botellas"},"content":{"rendered":"<div>\n<div style=\"vertical-align: top;padding-top: 15px; padding-bottom: 15px;\">\n<div id=\"ox0qe\" style=\"vertical-align: top;padding-top: 10px; padding-bottom: 10px\">\n<div id=\"ali-anchor-AliMaya-zu98u\" style=\"padding:8px 0 4px 8px;border-bottom:2px solid #C5CCDE;border-radius:3px 3px 0 0;line-height:1;color:#4D6599;background-color:#C5CCDE;font-size:22px;\" data-section=\"AliMaya-zu98u\" data-section-title=\"Product Description\"><span style=\"background-color: rgb(255, 255, 255); color: rgb(0, 0, 0); font-size: 13px;\">La enfardadora semiautom\u00e1tica BZJ5038B es adecuada para envolver latas de refrescos, botellas, etc., con bandeja inferior o sin bandeja inferior, trabajando con el t\u00fanel de retractilado de film PE jet BSE-5040A u otro t\u00fanel de retractilado PE BSE-5038. Ampliaci\u00f3n de la gama de embalaje o m\u00e1quina hecha a medida seg\u00fan el requisito del cliente.<\/span><\/div>\n<\/div>\n<div style=\"vertical-align: top;padding-top: 10px; padding-bottom: 10px; margin-right: -4px; margin-left: -4px;\">\n<div style=\"vertical-align: top; box-sizing: border-box; padding-right: 4px; padding-left: 4px;margin-top: -4px; margin-bottom: -4px;\">\n<div id=\"6qd3w\" style=\"vertical-align: top; box-sizing: border-box; padding-top: 4px; padding-bottom: 4px\">\n<p style=\"margin:0;padding:0;\"> Caracter\u00edstica:<br \/>1.Interruptor electromagn\u00e9tico superior e inferior para evitar errores de sellado y proteger al operario.<\/p>\n<p>2.Every simple y f\u00e1cil de ajustar la m\u00e1quina para que coincida con diferentes tama\u00f1os de embalaje.<\/p>\n<p>3.Simple operaci\u00f3n y mantenimiento con alta eficiencia de embalaje.<\/p>\n<p>4. 'Schneider' contratista de CA, y el controlador de temperatura inteligente realiza estable.<\/p>\n<p>5.El sistema de seguridad de alarma autom\u00e1tica protege la m\u00e1quina y al operario.<\/p>\n<p>6.Motor transportador de gran potencia, con regulaci\u00f3n continua de la velocidad, garantiza una alimentaci\u00f3n suave.<\/p>\n<p>7.Dos ventiladores de gran potencia hacen que la temperatura del t\u00fanel de encogimiento sea cada vez m\u00e1s uniforme y estable, esto asegura el excelente efecto de encogimiento en un tiempo.<\/p>\n<p style=\"margin:0;padding:0;\">8.Super sistema de refrigeraci\u00f3n enfr\u00eda el embalaje y hace que la figuraci\u00f3n perfectamente.<\/p>\n<\/p><\/div>\n<\/p><\/div>\n<\/p><\/div>\n<div style=\"vertical-align: top;padding-top: 10px; padding-bottom: 10px; margin-right: -4px; margin-left: -4px;\">\n<div id=\"5jafn\" style=\"vertical-align: top; box-sizing: border-box; padding-right: 4px; padding-left: 4px\">\n<table style=\"width: auto; border-collapse: collapse; word-wrap: break-word;\" class=\"aliDataTable\">\n<tbody>\n<tr>\n<td style=\"background-color: rgb(218, 226, 237);\">\n<div style=\"width: 239px; height: 22px; padding: 5px 10px; overflow: hidden;\">\n          Modelo\n         <\/div>\n<\/td>\n<td>\n<div style=\"width: 464px; height: 22px; padding: 5px 10px; overflow: hidden;\">\n          BZJ-5038B(Neum\u00e1tico)\n         <\/div>\n<\/td>\n<\/tr>\n<tr>\n<td style=\"background-color: rgb(218, 226, 237);\">\n<div style=\"width: 239px; height: 22px; padding: 5px 10px; overflow: hidden;\">\n          Alimentaci\u00f3n\n         <\/div>\n<\/td>\n<td>\n<div style=\"width: 464px; height: 22px; padding: 5px 10px; overflow: hidden;\">\n          220-240V, 50-60Hz;1,8KW\n         <\/div>\n<\/td>\n<\/tr>\n<tr>\n<td style=\"background-color: rgb(218, 226, 237);\">\n<div style=\"width: 239px; height: 22px; padding: 5px 10px; overflow: hidden;\">\n          Capacidad\n         <\/div>\n<\/td>\n<td>\n<div style=\"width: 464px; height: 22px; padding: 5px 10px; overflow: hidden;\">\n          2-6 piezas\/minuto\n         <\/div>\n<\/td>\n<\/tr>\n<tr>\n<td style=\"background-color: rgb(218, 226, 237);\">\n<div style=\"width: 239px; height: 22px; padding: 5px 10px; overflow: hidden;\">\n          Tiempo de sellado\/tiempo de retracci\u00f3n\n         <\/div>\n<\/td>\n<td>\n<div style=\"width: 464px; height: 22px; padding: 5px 10px; overflow: hidden;\">\n          0,5-1,5s; 0-0,6s\n         <\/div>\n<\/td>\n<\/tr>\n<tr>\n<td style=\"background-color: rgb(218, 226, 237);\">\n<div style=\"width: 239px; height: 22px; padding: 5px 10px; overflow: hidden;\">\n          Alimentaci\u00f3n de la fuente de aire\n         <\/div>\n<\/td>\n<td>\n<div style=\"width: 464px; height: 22px; padding: 5px 10px; overflow: hidden;\">\n          170L\/min 0,3-0,5Mpa\n         <\/div>\n<\/td>\n<\/tr>\n<tr>\n<td style=\"background-color: rgb(218, 226, 237);\">\n<div style=\"width: 239px; height: 22px; padding: 5px 10px; overflow: hidden;\">\n          Di\u00e1metro m\u00e1ximo del rollo de pel\u00edcula\n         <\/div>\n<\/td>\n<td>\n<div style=\"width: 464px; height: 22px; padding: 5px 10px; overflow: hidden;\">\n          \u03c630mm\n         <\/div>\n<\/td>\n<\/tr>\n<tr>\n<td style=\"background-color: rgb(218, 226, 237);\">\n<div style=\"width: 239px; height: 22px; padding: 5px 10px; overflow: hidden;\">\n          Anchura de la pel\u00edcula\n         <\/div>\n<\/td>\n<td>\n<div style=\"width: 464px; height: 22px; padding: 5px 10px; overflow: hidden;\">\n          M\u00e1x. 550 mm\n         <\/div>\n<\/td>\n<\/tr>\n<tr>\n<td style=\"background-color: rgb(218, 226, 237);\">\n<div style=\"width: 239px; height: 22px; padding: 5px 10px; overflow: hidden;\">\n          Espesor de la pel\u00edcula\n         <\/div>\n<\/td>\n<td>\n<div style=\"width: 464px; height: 22px; padding: 5px 10px; overflow: hidden;\">\n          0,03-0,25 mm\n         <\/div>\n<\/td>\n<\/tr>\n<tr>\n<td style=\"background-color: rgb(218, 226, 237);\">\n<div style=\"width: 239px; height: 22px; padding: 5px 10px; overflow: hidden;\">\n          Dimensiones m\u00e1x. del embalaje (L*A*A)\n         <\/div>\n<\/td>\n<td>\n<div style=\"width: 464px; height: 22px; padding: 5px 10px; overflow: hidden;\">\n          450 x 270 x 350 mm\n         <\/div>\n<\/td>\n<\/tr>\n<tr>\n<td style=\"background-color: rgb(218, 226, 237);\">\n<div style=\"width: 239px; height: 22px; padding: 5px 10px; overflow: hidden;\">\n          Dimensiones m\u00ednimas de embalaje (L*A*A)\n         <\/div>\n<\/td>\n<td>\n<div style=\"width: 464px; height: 22px; padding: 5px 10px; overflow: hidden;\">\n          250 x 60 x 60 mm\n         <\/div>\n<\/td>\n<\/tr>\n<tr>\n<td style=\"background-color: rgb(218, 226, 237);\">\n<div style=\"width: 239px; height: 22px; padding: 5px 10px; overflow: hidden;\">\n          Peso de la m\u00e1quina\n         <\/div>\n<\/td>\n<td>\n<div style=\"width: 464px; height: 22px; padding: 5px 10px; overflow: hidden;\">\n          225KGS\n         <\/div>\n<\/td>\n<\/tr>\n<tr>\n<td style=\"background-color: rgb(218, 226, 237);\">\n<div style=\"width: 239px; height: 22px; padding: 5px 10px; overflow: hidden;\">\n          Tama\u00f1o de la m\u00e1quina (largo*ancho*alto)\n         <\/div>\n<\/td>\n<td>\n<div style=\"width: 464px; height: 22px; padding: 5px 10px; overflow: hidden;\">\n          1020 x 830 x 1980 mm\n         <\/div>\n<\/td>\n<\/tr>\n<tr>\n<td style=\"background-color: rgb(218, 226, 237);\">\n<div style=\"width: 239px; height: 22px; padding: 5px 10px; overflow: hidden;\">\n          Film retr\u00e1ctil\n         <\/div>\n<\/td>\n<td>\n<div style=\"width: 464px; height: 22px; padding: 5px 10px; overflow: hidden;\">\n          PE\n         <\/div>\n<\/td>\n<\/tr>\n<\/tbody>\n<\/table><\/div>\n<\/p><\/div>\n<div style=\"vertical-align: top;padding-top: 10px; padding-bottom: 10px; margin-right: -4px; margin-left: -4px;\">\n<div id=\"kq03d\" style=\"vertical-align: top; box-sizing: border-box; padding-right: 4px; padding-left: 4px\">\n<div style=\"overflow: hidden; width: 750px; height: 750px;\">\n      <img decoding=\"async\" src=\"https:\/\/sc02.alicdn.com\/kf\/HTB1Hc91aPvuK1Rjy0Faq6x2aVXag\/64496\/HTB1Hc91aPvuK1Rjy0Faq6x2aVXag.jpg\" style=\"width: 750px; height: 750px; margin-left: 0px; margin-top: 0px;\" class=\"aligncenter\">\n     <\/div>\n<\/p><\/div>\n<\/p><\/div>\n<div style=\"vertical-align: top;padding-top: 10px; padding-bottom: 10px; margin-right: -4px; margin-left: -4px;\">\n<div id=\"xv0ze\" style=\"vertical-align: top; box-sizing: border-box; padding-right: 4px; padding-left: 4px\">\n<div style=\"overflow: hidden; width: 750px; height: 750px;\">\n      <img decoding=\"async\" src=\"https:\/\/sc02.alicdn.com\/kf\/HTB1mcyZaPDuK1RjSszdq6xGLpXav\/64496\/HTB1mcyZaPDuK1RjSszdq6xGLpXav.jpg\" style=\"width: 750px; height: 750px; margin-left: 0px; margin-top: 0px;\" class=\"aligncenter\">\n     <\/div>\n<\/p><\/div>\n<\/p><\/div>\n<div style=\"vertical-align: top;padding-top: 10px; padding-bottom: 10px; margin-right: -4px; margin-left: -4px;\">\n<div id=\"ko2h3\" style=\"vertical-align: top; box-sizing: border-box; padding-right: 4px; padding-left: 4px\">\n<div style=\"overflow: hidden; width: 750px; height: 750px;\">\n      <img decoding=\"async\" src=\"https:\/\/sc02.alicdn.com\/kf\/HTB1Xh1ZaOHrK1Rjy0Flq6AsaFXac\/64496\/HTB1Xh1ZaOHrK1Rjy0Flq6AsaFXac.jpg\" style=\"width: 750px; height: 750px; margin-left: 0px; margin-top: 0px;\" class=\"aligncenter\">\n     <\/div>\n<\/p><\/div>\n<\/p><\/div>\n<div style=\"vertical-align: top;padding-top: 10px; padding-bottom: 10px; margin-right: -4px; margin-left: -4px;\">\n<div id=\"twug9\" style=\"vertical-align: top; box-sizing: border-box; padding-right: 4px; padding-left: 4px\">\n<div style=\"overflow: hidden; width: 750px; height: 632.129px;\">\n      <img decoding=\"async\" src=\"https:\/\/sc02.alicdn.com\/kf\/HTB1mM9VaPzuK1Rjy0Fpq6yEpFXar\/64496\/HTB1mM9VaPzuK1Rjy0Fpq6yEpFXar.jpg\" style=\"width: 750px; height: 632.129px; margin-left: 0px; margin-top: 0px;\" class=\"aligncenter\">\n     <\/div>\n<\/p><\/div>\n<\/p><\/div>\n<\/p><\/div>\n<div style=\"vertical-align: top;padding-top: 15px; padding-bottom: 15px;\">\n<div id=\"v4tg9\" style=\"vertical-align: top;padding-top: 10px; padding-bottom: 10px\">\n<div id=\"ali-anchor-AliMaya-8fwg5\" style=\"padding:8px 0 4px 8px;border-bottom:2px solid #C5CCDE;border-radius:3px 3px 0 0;line-height:1;color:#4D6599;background-color:#C5CCDE;font-size:22px;\" data-section=\"AliMaya-8fwg5\" data-section-title=\"Certifications\"><\/div>\n<\/div>\n<\/div>\n<div style=\"vertical-align: top;padding-top: 15px; padding-bottom: 15px;\">\n<div style=\"vertical-align: top;padding-top: 10px; padding-bottom: 10px; margin-right: -4px; margin-left: -4px;\">\n   <\/div>\n<\/p><\/div>\n<\/p><\/div>","protected":false},"excerpt":{"rendered":"<p>Envasadora semiautom\u00e1tica de botellas<\/p>","protected":false},"featured_media":2676,"comment_status":"closed","ping_status":"open","template":"","meta":[],"product_brand":[],"product_cat":[98],"product_tag":[],"class_list":{"0":"post-2921","1":"product","2":"type-product","3":"status-publish","4":"has-post-thumbnail","6":"product_cat-wrapping-machines","8":"first","9":"instock","10":"sale","11":"purchasable","12":"product-type-simple"},"yoast_head":"<!-- This site is optimized with the Yoast SEO Premium plugin v20.9 (Yoast SEO v26.5) - https:\/\/yoast.com\/wordpress\/plugins\/seo\/ -->\n<title>BZJ5038B Bottle packing Semi Automatic Sleeve Wrapper - ALF PACK<\/title>\n<meta name=\"robots\" content=\"index, follow, max-snippet:-1, max-image-preview:large, max-video-preview:-1\" \/>\n<link rel=\"canonical\" href=\"https:\/\/alfequipment.com\/es\/product\/bzj5038b-envolvedora-semiautomatica-de-botellas\/\" \/>\n<meta property=\"og:locale\" content=\"es_ES\" \/>\n<meta property=\"og:type\" content=\"article\" \/>\n<meta property=\"og:title\" content=\"BZJ5038B Bottle packing Semi Automatic Sleeve Wrapper\" \/>\n<meta property=\"og:description\" content=\"Bottle Packing Semi Automatic Sleeve Wrapper\" \/>\n<meta property=\"og:url\" content=\"https:\/\/alfequipment.com\/es\/product\/bzj5038b-envolvedora-semiautomatica-de-botellas\/\" \/>\n<meta property=\"og:site_name\" content=\"ALF PACK\" \/>\n<meta property=\"article:modified_time\" content=\"2025-01-13T13:08:54+00:00\" \/>\n<meta property=\"og:image\" content=\"https:\/\/alfequipment.com\/wp-content\/uploads\/2025\/01\/BZJ5038B-Bottle-packing-Semi-Automatic-Sleeve-Wrapper.jpg\" \/>\n\t<meta property=\"og:image:width\" content=\"800\" \/>\n\t<meta property=\"og:image:height\" content=\"800\" \/>\n\t<meta property=\"og:image:type\" content=\"image\/webp\" \/>\n<meta name=\"twitter:card\" content=\"summary_large_image\" \/>\n<meta name=\"twitter:label1\" content=\"Tiempo de lectura\" \/>\n\t<meta name=\"twitter:data1\" content=\"1 minuto\" \/>\n<script type=\"application\/ld+json\" class=\"yoast-schema-graph\">{\"@context\":\"https:\/\/schema.org\",\"@graph\":[{\"@type\":\"WebPage\",\"@id\":\"https:\/\/alfequipment.com\/product\/bzj5038b-bottle-packing-semi-automatic-sleeve-wrapper\/\",\"url\":\"https:\/\/alfequipment.com\/product\/bzj5038b-bottle-packing-semi-automatic-sleeve-wrapper\/\",\"name\":\"BZJ5038B Bottle packing Semi Automatic Sleeve Wrapper - ALF PACK\",\"isPartOf\":{\"@id\":\"https:\/\/alfequipment.com\/#website\"},\"primaryImageOfPage\":{\"@id\":\"https:\/\/alfequipment.com\/product\/bzj5038b-bottle-packing-semi-automatic-sleeve-wrapper\/#primaryimage\"},\"image\":{\"@id\":\"https:\/\/alfequipment.com\/product\/bzj5038b-bottle-packing-semi-automatic-sleeve-wrapper\/#primaryimage\"},\"thumbnailUrl\":\"https:\/\/alfequipment.com\/wp-content\/uploads\/2025\/01\/BZJ5038B-Bottle-packing-Semi-Automatic-Sleeve-Wrapper.jpg\",\"datePublished\":\"2024-12-04T14:38:08+00:00\",\"dateModified\":\"2025-01-13T13:08:54+00:00\",\"breadcrumb\":{\"@id\":\"https:\/\/alfequipment.com\/product\/bzj5038b-bottle-packing-semi-automatic-sleeve-wrapper\/#breadcrumb\"},\"inLanguage\":\"es\",\"potentialAction\":[{\"@type\":\"ReadAction\",\"target\":[\"https:\/\/alfequipment.com\/product\/bzj5038b-bottle-packing-semi-automatic-sleeve-wrapper\/\"]}]},{\"@type\":\"ImageObject\",\"inLanguage\":\"es\",\"@id\":\"https:\/\/alfequipment.com\/product\/bzj5038b-bottle-packing-semi-automatic-sleeve-wrapper\/#primaryimage\",\"url\":\"https:\/\/alfequipment.com\/wp-content\/uploads\/2025\/01\/BZJ5038B-Bottle-packing-Semi-Automatic-Sleeve-Wrapper.jpg\",\"contentUrl\":\"https:\/\/alfequipment.com\/wp-content\/uploads\/2025\/01\/BZJ5038B-Bottle-packing-Semi-Automatic-Sleeve-Wrapper.jpg\",\"width\":800,\"height\":800},{\"@type\":\"BreadcrumbList\",\"@id\":\"https:\/\/alfequipment.com\/product\/bzj5038b-bottle-packing-semi-automatic-sleeve-wrapper\/#breadcrumb\",\"itemListElement\":[{\"@type\":\"ListItem\",\"position\":1,\"name\":\"Home\",\"item\":\"https:\/\/alfequipment.com\/\"},{\"@type\":\"ListItem\",\"position\":2,\"name\":\"Shop\",\"item\":\"https:\/\/alfequipment.com\/shop\/\"},{\"@type\":\"ListItem\",\"position\":3,\"name\":\"BZJ5038B Bottle packing Semi Automatic Sleeve Wrapper\"}]},{\"@type\":\"WebSite\",\"@id\":\"https:\/\/alfequipment.com\/#website\",\"url\":\"https:\/\/alfequipment.com\/\",\"name\":\"ALF PACK\",\"description\":\"\",\"publisher\":{\"@id\":\"https:\/\/alfequipment.com\/#organization\"},\"potentialAction\":[{\"@type\":\"SearchAction\",\"target\":{\"@type\":\"EntryPoint\",\"urlTemplate\":\"https:\/\/alfequipment.com\/?s={search_term_string}\"},\"query-input\":{\"@type\":\"PropertyValueSpecification\",\"valueRequired\":true,\"valueName\":\"search_term_string\"}}],\"inLanguage\":\"es\"},{\"@type\":\"Organization\",\"@id\":\"https:\/\/alfequipment.com\/#organization\",\"name\":\"ALF PACK\",\"url\":\"https:\/\/alfequipment.com\/\",\"logo\":{\"@type\":\"ImageObject\",\"inLanguage\":\"es\",\"@id\":\"https:\/\/alfequipment.com\/#\/schema\/logo\/image\/\",\"url\":\"https:\/\/alfequipment.com\/wp-content\/uploads\/2024\/11\/ALFlogo-2.webp\",\"contentUrl\":\"https:\/\/alfequipment.com\/wp-content\/uploads\/2024\/11\/ALFlogo-2.webp\",\"width\":758,\"height\":750,\"caption\":\"ALF PACK\"},\"image\":{\"@id\":\"https:\/\/alfequipment.com\/#\/schema\/logo\/image\/\"}}]}<\/script>\n<!-- \/ Yoast SEO Premium plugin. -->","yoast_head_json":{"title":"BZJ5038B Enfajadora semiautom\u00e1tica de botellas - ALF PACK","robots":{"index":"index","follow":"follow","max-snippet":"max-snippet:-1","max-image-preview":"max-image-preview:large","max-video-preview":"max-video-preview:-1"},"canonical":"https:\/\/alfequipment.com\/es\/product\/bzj5038b-envolvedora-semiautomatica-de-botellas\/","og_locale":"es_ES","og_type":"article","og_title":"BZJ5038B Bottle packing Semi Automatic Sleeve Wrapper","og_description":"Bottle Packing Semi Automatic Sleeve Wrapper","og_url":"https:\/\/alfequipment.com\/es\/product\/bzj5038b-envolvedora-semiautomatica-de-botellas\/","og_site_name":"ALF PACK","article_modified_time":"2025-01-13T13:08:54+00:00","og_image":[{"width":800,"height":800,"url":"https:\/\/alfequipment.com\/wp-content\/uploads\/2025\/01\/BZJ5038B-Bottle-packing-Semi-Automatic-Sleeve-Wrapper.jpg","type":"image\/webp"}],"twitter_card":"summary_large_image","twitter_misc":{"Tiempo de lectura":"1 minuto"},"schema":{"@context":"https:\/\/schema.org","@graph":[{"@type":"WebPage","@id":"https:\/\/alfequipment.com\/product\/bzj5038b-bottle-packing-semi-automatic-sleeve-wrapper\/","url":"https:\/\/alfequipment.com\/product\/bzj5038b-bottle-packing-semi-automatic-sleeve-wrapper\/","name":"BZJ5038B Enfajadora semiautom\u00e1tica de botellas - ALF PACK","isPartOf":{"@id":"https:\/\/alfequipment.com\/#website"},"primaryImageOfPage":{"@id":"https:\/\/alfequipment.com\/product\/bzj5038b-bottle-packing-semi-automatic-sleeve-wrapper\/#primaryimage"},"image":{"@id":"https:\/\/alfequipment.com\/product\/bzj5038b-bottle-packing-semi-automatic-sleeve-wrapper\/#primaryimage"},"thumbnailUrl":"https:\/\/alfequipment.com\/wp-content\/uploads\/2025\/01\/BZJ5038B-Bottle-packing-Semi-Automatic-Sleeve-Wrapper.jpg","datePublished":"2024-12-04T14:38:08+00:00","dateModified":"2025-01-13T13:08:54+00:00","breadcrumb":{"@id":"https:\/\/alfequipment.com\/product\/bzj5038b-bottle-packing-semi-automatic-sleeve-wrapper\/#breadcrumb"},"inLanguage":"es","potentialAction":[{"@type":"ReadAction","target":["https:\/\/alfequipment.com\/product\/bzj5038b-bottle-packing-semi-automatic-sleeve-wrapper\/"]}]},{"@type":"ImageObject","inLanguage":"es","@id":"https:\/\/alfequipment.com\/product\/bzj5038b-bottle-packing-semi-automatic-sleeve-wrapper\/#primaryimage","url":"https:\/\/alfequipment.com\/wp-content\/uploads\/2025\/01\/BZJ5038B-Bottle-packing-Semi-Automatic-Sleeve-Wrapper.jpg","contentUrl":"https:\/\/alfequipment.com\/wp-content\/uploads\/2025\/01\/BZJ5038B-Bottle-packing-Semi-Automatic-Sleeve-Wrapper.jpg","width":800,"height":800},{"@type":"BreadcrumbList","@id":"https:\/\/alfequipment.com\/product\/bzj5038b-bottle-packing-semi-automatic-sleeve-wrapper\/#breadcrumb","itemListElement":[{"@type":"ListItem","position":1,"name":"Home","item":"https:\/\/alfequipment.com\/"},{"@type":"ListItem","position":2,"name":"Shop","item":"https:\/\/alfequipment.com\/shop\/"},{"@type":"ListItem","position":3,"name":"BZJ5038B Bottle packing Semi Automatic Sleeve Wrapper"}]},{"@type":"WebSite","@id":"https:\/\/alfequipment.com\/#website","url":"https:\/\/alfequipment.com\/","name":"PAQUETE ALF","description":"","publisher":{"@id":"https:\/\/alfequipment.com\/#organization"},"potentialAction":[{"@type":"SearchAction","target":{"@type":"EntryPoint","urlTemplate":"https:\/\/alfequipment.com\/?s={search_term_string}"},"query-input":{"@type":"PropertyValueSpecification","valueRequired":true,"valueName":"search_term_string"}}],"inLanguage":"es"},{"@type":"Organization","@id":"https:\/\/alfequipment.com\/#organization","name":"PAQUETE ALF","url":"https:\/\/alfequipment.com\/","logo":{"@type":"ImageObject","inLanguage":"es","@id":"https:\/\/alfequipment.com\/#\/schema\/logo\/image\/","url":"https:\/\/alfequipment.com\/wp-content\/uploads\/2024\/11\/ALFlogo-2.webp","contentUrl":"https:\/\/alfequipment.com\/wp-content\/uploads\/2024\/11\/ALFlogo-2.webp","width":758,"height":750,"caption":"ALF PACK"},"image":{"@id":"https:\/\/alfequipment.com\/#\/schema\/logo\/image\/"}}]}},"_links":{"self":[{"href":"https:\/\/alfequipment.com\/es\/wp-json\/wp\/v2\/product\/2921","targetHints":{"allow":["GET"]}}],"collection":[{"href":"https:\/\/alfequipment.com\/es\/wp-json\/wp\/v2\/product"}],"about":[{"href":"https:\/\/alfequipment.com\/es\/wp-json\/wp\/v2\/types\/product"}],"replies":[{"embeddable":true,"href":"https:\/\/alfequipment.com\/es\/wp-json\/wp\/v2\/comments?post=2921"}],"version-history":[{"count":0,"href":"https:\/\/alfequipment.com\/es\/wp-json\/wp\/v2\/product\/2921\/revisions"}],"wp:featuredmedia":[{"embeddable":true,"href":"https:\/\/alfequipment.com\/es\/wp-json\/wp\/v2\/media\/2676"}],"wp:attachment":[{"href":"https:\/\/alfequipment.com\/es\/wp-json\/wp\/v2\/media?parent=2921"}],"wp:term":[{"taxonomy":"product_brand","embeddable":true,"href":"https:\/\/alfequipment.com\/es\/wp-json\/wp\/v2\/product_brand?post=2921"},{"taxonomy":"product_cat","embeddable":true,"href":"https:\/\/alfequipment.com\/es\/wp-json\/wp\/v2\/product_cat?post=2921"},{"taxonomy":"product_tag","embeddable":true,"href":"https:\/\/alfequipment.com\/es\/wp-json\/wp\/v2\/product_tag?post=2921"}],"curies":[{"name":"wp","href":"https:\/\/api.w.org\/{rel}","templated":true}]}}