{"id":2924,"date":"2024-12-08T12:40:47","date_gmt":"2024-12-08T12:40:47","guid":{"rendered":"https:\/\/alfequipment.com\/product\/dql5545s-automatic-l-bar-type-sealer-sealing-packaging-machine-and-dsd4520-shrink-tunnel-packager\/"},"modified":"2025-01-13T13:08:55","modified_gmt":"2025-01-13T13:08:55","slug":"dql5545s-selladora-automatica-de-barra-en-l-y-envasadora-de-tunel-de-retractilado-dsd4520","status":"publish","type":"product","link":"https:\/\/alfequipment.com\/es\/product\/dql5545s-selladora-automatica-de-barra-en-l-y-envasadora-de-tunel-de-retractilado-dsd4520\/","title":{"rendered":"DQL5545S Selladora autom\u00e1tica de barra en L y envasadora de t\u00fanel de retractilado DSD4520"},"content":{"rendered":"<p><\/p>\n<div style=\"vertical-align: top; padding-top: 10px; padding-bottom: 10px; margin-right: -4px; margin-left: -4px;\">\n<div style=\"vertical-align: top; box-sizing: border-box; padding-right: 4px; padding-left: 4px; margin-top: -4px; margin-bottom: -4px;\">\n<div id=\"szl4k\" style=\"vertical-align: top; box-sizing: border-box; padding-top: 4px; padding-bottom: 4px;\">\n   <\/div>\n<div id=\"cfys7\" style=\"vertical-align: top; box-sizing: border-box; padding-top: 4px; padding-bottom: 4px;\">\n<p style=\"margin: 0; padding: 0;\">Caracter\u00edstica de la selladora autom\u00e1tica tipo L DQL5545:<\/p>\n<p>1. El cuchillo del lacre adopta la aleaci\u00f3n de cobre rociada con Teflon, \u00e9l no pegar\u00e1 la pel\u00edcula, solidez del lacre, sin humo, no-contaminaci\u00f3n. 2. El cuchillo de sellado horizontal y vertical adopta la conexi\u00f3n entera sin hueco, la pel\u00edcula no se romper\u00e1. El marco de sellado adopta una aleaci\u00f3n de acero de alta calidad, la calidad de sellado es estable, el marco es dif\u00edcil de da\u00f1ar.<\/p>\n<p>2. La m\u00e1quina tiene todo el sistema autom\u00e1tico, equipado con sensores puede alcanzar alta velocidad de trabajo autom\u00e1tico.<\/p>\n<p>3. Es conveniente ajustar de acuerdo a los productos de diferentes tama\u00f1os, s\u00f3lo tiene que ajustar la rueda de la manija puede llegar a ella, la operaci\u00f3n es f\u00e1cil.<\/p>\n<p>4. Puede conectarse con la producci\u00f3n<\/p>\n<p>5. Tiene funci\u00f3n de protecci\u00f3n para evitar el sellado incorrecto del producto y garantizar la seguridad del operador.<\/p>\n<p>Caracter\u00edstica del t\u00fanel de retracci\u00f3n DSD4520:<\/p>\n<p>1. Adopta un contactor de CA Schneider, un reforzador de estado s\u00f3lido de alta potencia y un controlador de temperatura inteligente para hacer que<br \/> sistema de temperatura m\u00e1s preciso, prolongar la vida \u00fatil.<\/p>\n<p>2. Adopta transportador de rodillos s\u00f3lidos, los rodillos envueltos con tubo de gel de s\u00edlice de alta temperatura. Puede soportar el producto pesado y dif\u00edcil abrasi\u00f3n (se puede elegir transportador tipo red).<\/p>\n<p>3. Adopta un motor de ventilador de alta potencia para asegurar suficiente viento fuerte para alcanzar un efecto de embalaje perfecto.<\/p>\n<p>4. La pared interior adopta acero inoxidable, tiene una r\u00e1pida transferencia de temperatura, calentamiento uniforme, bajo consumo de energ\u00eda, caracter\u00edsticas de larga vida \u00fatil.<\/p>\n<p style=\"margin: 0; padding: 0;\">&nbsp;<\/p>\n<p style=\"margin: 0; padding: 0;\">5. Es con ventana visual, y es conveniente para la observaci\u00f3n.<\/p>\n<p>Aplicaci\u00f3n:<br \/>Esta m\u00e1quina se utiliza ampliamente en productos alimenticios, bebidas, impresi\u00f3n, farmac\u00e9utica, pisos, hardware y otras industrias de embalaje retr\u00e1ctil. Es conveniente para el material de embalaje POF.<\/p>\n<\/p><\/div>\n<\/p><\/div>\n<\/p><\/div>\n<div style=\"vertical-align: top; padding-top: 10px; padding-bottom: 10px; margin-right: -4px; margin-left: -4px;\">\n<div id=\"jznfi\" style=\"vertical-align: top; box-sizing: border-box; padding-right: 4px; padding-left: 4px;\">\n<table class=\"aliDataTable\" style=\"width: auto; border-collapse: collapse; word-wrap: break-word;\">\n<tbody>\n<tr>\n<td style=\"background-color: #dae2ed;\">\n<div style=\"width: 164px; height: auto; padding: 5px 10px; overflow: hidden;\">\n        Modelo\n       <\/div>\n<\/td>\n<td style=\"background-color: #dae2ed;\">\n<div style=\"width: 269px; height: auto; padding: 5px 10px; overflow: hidden;\">\n        DQL5545S\n       <\/div>\n<\/td>\n<td style=\"background-color: #dae2ed;\">\n<div style=\"width: 246px; height: auto; padding: 5px 10px; overflow: hidden;\">\n        DSD4520\n       <\/div>\n<\/td>\n<\/tr>\n<tr>\n<td>\n<div style=\"width: 164px; height: auto; padding: 5px 10px; overflow: hidden;\">\n        Potencia\n       <\/div>\n<\/td>\n<td>\n<div style=\"width: 269px; height: auto; padding: 5px 10px; overflow: hidden;\">\n        2,1 KW\n       <\/div>\n<\/td>\n<td>\n<div style=\"width: 246px; height: auto; padding: 5px 10px; overflow: hidden;\">\n        12,8 kW\n       <\/div>\n<\/td>\n<\/tr>\n<tr>\n<td>\n<div style=\"width: 164px; height: auto; padding: 5px 10px; overflow: hidden;\">\n        Tensi\u00f3n\n       <\/div>\n<\/td>\n<td>\n<div style=\"width: 269px; height: auto; padding: 5px 10px; overflow: hidden;\">\n        220V 50\/60HZ\n       <\/div>\n<\/td>\n<td>\n<div style=\"width: 246px; height: auto; padding: 5px 10px; overflow: hidden;\">\n        380V 50HZ\/60HZ\n       <\/div>\n<\/td>\n<\/tr>\n<tr>\n<td>\n<div style=\"width: 164px; height: auto; padding: 5px 10px; overflow: hidden;\">\n        Tiempo de sellado\n       <\/div>\n<\/td>\n<td>\n<div style=\"width: 269px; height: auto; padding: 5px 10px; overflow: hidden;\">\n        0.2-1.0s\n       <\/div>\n<\/td>\n<td>&nbsp;<\/td>\n<\/tr>\n<tr>\n<td>\n<div style=\"width: 164px; height: auto; padding: 5px 10px; overflow: hidden;\">\n        Espesor de la pel\u00edcula\n       <\/div>\n<\/td>\n<td>\n<div style=\"width: 269px; height: auto; padding: 5px 10px; overflow: hidden;\">\n        0,012-0,06 mm\n       <\/div>\n<\/td>\n<td>&nbsp;<\/td>\n<\/tr>\n<tr>\n<td>\n<div style=\"width: 164px; height: auto; padding: 5px 10px; overflow: hidden;\">\n        Compresor de trabajo\n       <\/div>\n<\/td>\n<td>\n<div style=\"width: 269px; height: auto; padding: 5px 10px; overflow: hidden;\">\n        5-6mpa\n       <\/div>\n<\/td>\n<td>\n<div style=\"width: 246px; height: auto; padding: 5px 10px; overflow: hidden;\">\n        \/\n       <\/div>\n<\/td>\n<\/tr>\n<tr>\n<td>\n<div style=\"width: 164px; height: auto; padding: 5px 10px; overflow: hidden;\">\n        Tama\u00f1o m\u00e1ximo de embalaje\n       <\/div>\n<\/td>\n<td>\n<div style=\"width: 269px; height: auto; padding: 5px 10px; overflow: hidden;\">\n        L+2H\u2264550mm;W+2H\u2264450mm;H \u2264140mm\n       <\/div>\n<\/td>\n<td>\n<div style=\"width: 246px; height: auto; padding: 5px 10px; overflow: hidden;\">\n        A450\u00d7A200\n       <\/div>\n<\/td>\n<\/tr>\n<tr>\n<td>\n<div style=\"width: 164px; height: auto; padding: 5px 10px; overflow: hidden;\">\n        Tama\u00f1o m\u00e1ximo de sellado\n       <\/div>\n<\/td>\n<td>\n<div style=\"width: 269px; height: auto; padding: 5px 10px; overflow: hidden;\">\n        L550\u00d7A450\n       <\/div>\n<\/td>\n<td>\n<div style=\"width: 246px; height: auto; padding: 5px 10px; overflow: hidden;\">\n        Peso de carga: 10 kg\n       <\/div>\n<\/td>\n<\/tr>\n<tr>\n<td>\n<div style=\"width: 164px; height: auto; padding: 5px 10px; overflow: hidden;\">\n        Capacidad\n       <\/div>\n<\/td>\n<td>\n<div style=\"width: 269px; height: auto; padding: 5px 10px; overflow: hidden;\">\n        0-25 piezas\/min\n       <\/div>\n<\/td>\n<td>\n<div style=\"width: 246px; height: auto; padding: 5px 10px; overflow: hidden;\">\n        0-10 m\/min\n       <\/div>\n<\/td>\n<\/tr>\n<tr>\n<td>\n<div style=\"width: 164px; height: 23px; padding: 5px 10px; overflow: hidden;\">\n        Temperatura de sellado\n       <\/div>\n<\/td>\n<td colspan=\"2\">\n<div style=\"width: 537px; height: auto; padding: 5px 10px; overflow: hidden;\">\n        180\u00e2-250\u00e2 depende del grosor de la pel\u00edcula y de la temperatura ambiente\n       <\/div>\n<\/td>\n<\/tr>\n<tr>\n<td>\n<div style=\"width: 164px; height: 21px; padding: 5px 10px; overflow: hidden;\">\n        Material de embalaje\n       <\/div>\n<\/td>\n<td colspan=\"2\">\n<div style=\"width: 537px; height: 20px; padding: 5px 10px; overflow: hidden;\">\n        POF PVC\n       <\/div>\n<\/td>\n<\/tr>\n<tr>\n<td>\n<div style=\"width: 164px; height: auto; padding: 5px 10px; overflow: hidden;\">\n        Peso de la m\u00e1quina (kg)\n       <\/div>\n<\/td>\n<td>\n<div style=\"width: 269px; height: auto; padding: 5px 10px; overflow: hidden;\">\n        320\n       <\/div>\n<\/td>\n<td>\n<div style=\"width: 246px; height: auto; padding: 5px 10px; overflow: hidden;\">\n        180\n       <\/div>\n<\/td>\n<\/tr>\n<tr>\n<td>\n<div style=\"width: 164px; height: auto; padding: 5px 10px; overflow: hidden;\">\n        Tama\u00f1o de la m\u00e1quina (mm)\n       <\/div>\n<\/td>\n<td>\n<div style=\"width: 269px; height: auto; padding: 5px 10px; overflow: hidden;\">\n        1760*940*1580\n       <\/div>\n<\/td>\n<td>\n<div style=\"width: 246px; height: auto; padding: 5px 10px; overflow: hidden;\">\n        L1600\u00d7W720\u00d7H1445\n       <\/div>\n<\/td>\n<\/tr>\n<\/tbody>\n<\/table><\/div>\n<\/p><\/div>\n<div style=\"vertical-align: top; padding-top: 10px; padding-bottom: 10px; margin-right: -4px; margin-left: -4px;\">\n<div id=\"y7hy5\" style=\"vertical-align: top; box-sizing: border-box; padding-right: 4px; padding-left: 4px;\">\n<div style=\"overflow: hidden; width: 750px; height: 750px;\">\n    <img decoding=\"async\" src=\"https:\/\/sc02.alicdn.com\/kf\/HTB1CjgeaE_rK1Rjy0Fcq6zEvVXa2\/64496\/HTB1CjgeaE_rK1Rjy0Fcq6zEvVXa2.jpg\" style=\"width: 750px; height: 750px; margin-left: 0px; margin-top: 0px;\" class=\"aligncenter\">\n   <\/div>\n<\/p><\/div>\n<\/p><\/div>\n<div style=\"vertical-align: top; padding-top: 10px; padding-bottom: 10px; margin-right: -4px; margin-left: -4px;\">\n<div id=\"q4lea\" style=\"vertical-align: top; width: 50%; display: inline-block; box-sizing: border-box; padding-right: 4px; padding-left: 4px;\">\n<div style=\"overflow: hidden; width: 371px; height: 320px;\">\n    <img decoding=\"async\" src=\"https:\/\/sc02.alicdn.com\/kf\/HTB1d2QnatzvK1RkSnfoq6zMwVXaY\/64496\/HTB1d2QnatzvK1RkSnfoq6zMwVXaY.jpg\" style=\"width: 371px; height: 371px; margin-left: 0px; margin-top: -28px;\" class=\"aligncenter\">\n   <\/div>\n<\/p><\/div>\n<div id=\"isqsb\" style=\"vertical-align: top; width: 50%; display: inline-block; box-sizing: border-box; padding-right: 4px; padding-left: 4px;\">\n<div style=\"overflow: hidden; width: 371px; height: 320px;\">\n    <img decoding=\"async\" src=\"https:\/\/sc01.alicdn.com\/kf\/HTB170ZnatfvK1RjSspfq6zzXFXaQ\/64496\/HTB170ZnatfvK1RjSspfq6zzXFXaQ.jpg\" style=\"width: 371px; height: 371px; margin-left: 0px; margin-top: -35px;\" class=\"aligncenter\">\n   <\/div>\n<\/p><\/div>\n<\/p><\/div>\n<div style=\"vertical-align: top; padding-top: 10px; padding-bottom: 10px; margin-right: -4px; margin-left: -4px;\">\n<div style=\"vertical-align: top; box-sizing: border-box; padding-right: 4px; padding-left: 4px; margin-top: -4px; margin-bottom: -4px;\">\n<div id=\"szw6w\" style=\"vertical-align: top; box-sizing: border-box; padding-top: 4px; padding-bottom: 4px;\">\n<div style=\"overflow: hidden; width: 750px; height: 320px;\">\n     <img decoding=\"async\" src=\"https:\/\/sc02.alicdn.com\/kf\/HTB1v_MXayjrK1RjSsplq6xHmVXaE\/64496\/HTB1v_MXayjrK1RjSsplq6xHmVXaE.jpg\" style=\"width: 750px; height: 750px; margin-left: 0px; margin-top: -238px;\" class=\"aligncenter\">\n    <\/div>\n<\/p><\/div>\n<div style=\"vertical-align: top; box-sizing: border-box; padding-top: 4px; padding-bottom: 4px; margin-right: -4px; margin-left: -4px;\">\n<div id=\"iqrag\" style=\"vertical-align: top; width: 50%; display: inline-block; box-sizing: border-box; padding-right: 4px; padding-left: 4px;\">\n<div style=\"overflow: hidden; width: 371px; height: 200px;\">\n      <img decoding=\"async\" src=\"https:\/\/sc01.alicdn.com\/kf\/HTB1VYZbasfrK1Rjy1Xdq6yemFXaQ\/64496\/HTB1VYZbasfrK1Rjy1Xdq6yemFXaQ.jpg\" style=\"width: 371px; height: 371px; margin-left: 0px; margin-top: -103px;\" class=\"aligncenter\">\n     <\/div>\n<\/p><\/div>\n<div id=\"fdnu5\" style=\"vertical-align: top; width: 50%; display: inline-block; box-sizing: border-box; padding-right: 4px; padding-left: 4px;\">\n<div style=\"overflow: hidden; width: 371px; height: 200px;\">\n      <img decoding=\"async\" src=\"https:\/\/sc01.alicdn.com\/kf\/HTB1wCcXatjvK1RjSspiq6AEqXXaF\/64496\/HTB1wCcXatjvK1RjSspiq6AEqXXaF.jpg\" style=\"width: 371px; height: 371px; margin-left: 0px; margin-top: -101px;\" class=\"aligncenter\">\n     <\/div>\n<\/p><\/div>\n<\/p><\/div>\n<\/p><\/div>\n<\/p><\/div>\n<div style=\"vertical-align: top; padding-top: 15px; padding-bottom: 15px;\">&nbsp; &nbsp;&nbsp;<\/div>\n<div style=\"vertical-align: top; padding-top: 10px; padding-bottom: 10px; margin-right: -4px; margin-left: -4px;\">\n<div id=\"sw3bs\" style=\"vertical-align: top; width: 50%; display: inline-block; box-sizing: border-box; padding-right: 4px; padding-left: 4px;\">\n  <\/div>\n<\/p><\/div>","protected":false},"excerpt":{"rendered":"<p>T\u00fanel de retracci\u00f3n autom\u00e1tico L Sealer<\/p>","protected":false},"featured_media":2682,"comment_status":"closed","ping_status":"open","template":"","meta":[],"product_brand":[],"product_cat":[97],"product_tag":[],"class_list":{"0":"post-2924","1":"product","2":"type-product","3":"status-publish","4":"has-post-thumbnail","6":"product_cat-sealing-machines","8":"first","9":"instock","10":"sale","11":"purchasable","12":"product-type-simple"},"yoast_head":"<!-- This site is optimized with the Yoast SEO Premium plugin v20.9 (Yoast SEO v26.5) - https:\/\/yoast.com\/wordpress\/plugins\/seo\/ -->\n<title>DQL5545S Automatic L bar type Sealer sealing packaging machine and DSD4520 Shrink Tunnel Packager - ALF PACK<\/title>\n<meta name=\"robots\" content=\"index, follow, max-snippet:-1, max-image-preview:large, max-video-preview:-1\" \/>\n<link rel=\"canonical\" href=\"https:\/\/alfequipment.com\/es\/product\/dql5545s-selladora-automatica-de-barra-en-l-y-envasadora-de-tunel-de-retractilado-dsd4520\/\" \/>\n<meta property=\"og:locale\" content=\"es_ES\" \/>\n<meta property=\"og:type\" content=\"article\" \/>\n<meta property=\"og:title\" content=\"DQL5545S Automatic L bar type Sealer sealing packaging machine and DSD4520 Shrink Tunnel Packager\" \/>\n<meta property=\"og:description\" content=\"Automatic L Sealer Shrink Tunnel\" \/>\n<meta property=\"og:url\" content=\"https:\/\/alfequipment.com\/es\/product\/dql5545s-selladora-automatica-de-barra-en-l-y-envasadora-de-tunel-de-retractilado-dsd4520\/\" \/>\n<meta property=\"og:site_name\" content=\"ALF PACK\" \/>\n<meta property=\"article:modified_time\" content=\"2025-01-13T13:08:55+00:00\" \/>\n<meta property=\"og:image\" content=\"https:\/\/alfequipment.com\/wp-content\/uploads\/2025\/01\/DQL5545S-Automatic-L-bar-type-Sealer-sealing.jpg\" \/>\n\t<meta property=\"og:image:width\" content=\"800\" \/>\n\t<meta property=\"og:image:height\" content=\"800\" \/>\n\t<meta property=\"og:image:type\" content=\"image\/webp\" \/>\n<meta name=\"twitter:card\" content=\"summary_large_image\" \/>\n<meta name=\"twitter:label1\" content=\"Tiempo de lectura\" \/>\n\t<meta name=\"twitter:data1\" content=\"2 minutos\" \/>\n<script type=\"application\/ld+json\" class=\"yoast-schema-graph\">{\"@context\":\"https:\/\/schema.org\",\"@graph\":[{\"@type\":\"WebPage\",\"@id\":\"https:\/\/alfequipment.com\/product\/dql5545s-automatic-l-bar-type-sealer-sealing-packaging-machine-and-dsd4520-shrink-tunnel-packager\/\",\"url\":\"https:\/\/alfequipment.com\/product\/dql5545s-automatic-l-bar-type-sealer-sealing-packaging-machine-and-dsd4520-shrink-tunnel-packager\/\",\"name\":\"DQL5545S Automatic L bar type Sealer sealing packaging machine and DSD4520 Shrink Tunnel Packager - ALF PACK\",\"isPartOf\":{\"@id\":\"https:\/\/alfequipment.com\/#website\"},\"primaryImageOfPage\":{\"@id\":\"https:\/\/alfequipment.com\/product\/dql5545s-automatic-l-bar-type-sealer-sealing-packaging-machine-and-dsd4520-shrink-tunnel-packager\/#primaryimage\"},\"image\":{\"@id\":\"https:\/\/alfequipment.com\/product\/dql5545s-automatic-l-bar-type-sealer-sealing-packaging-machine-and-dsd4520-shrink-tunnel-packager\/#primaryimage\"},\"thumbnailUrl\":\"https:\/\/alfequipment.com\/wp-content\/uploads\/2025\/01\/DQL5545S-Automatic-L-bar-type-Sealer-sealing.jpg\",\"datePublished\":\"2024-12-08T12:40:47+00:00\",\"dateModified\":\"2025-01-13T13:08:55+00:00\",\"breadcrumb\":{\"@id\":\"https:\/\/alfequipment.com\/product\/dql5545s-automatic-l-bar-type-sealer-sealing-packaging-machine-and-dsd4520-shrink-tunnel-packager\/#breadcrumb\"},\"inLanguage\":\"es\",\"potentialAction\":[{\"@type\":\"ReadAction\",\"target\":[\"https:\/\/alfequipment.com\/product\/dql5545s-automatic-l-bar-type-sealer-sealing-packaging-machine-and-dsd4520-shrink-tunnel-packager\/\"]}]},{\"@type\":\"ImageObject\",\"inLanguage\":\"es\",\"@id\":\"https:\/\/alfequipment.com\/product\/dql5545s-automatic-l-bar-type-sealer-sealing-packaging-machine-and-dsd4520-shrink-tunnel-packager\/#primaryimage\",\"url\":\"https:\/\/alfequipment.com\/wp-content\/uploads\/2025\/01\/DQL5545S-Automatic-L-bar-type-Sealer-sealing.jpg\",\"contentUrl\":\"https:\/\/alfequipment.com\/wp-content\/uploads\/2025\/01\/DQL5545S-Automatic-L-bar-type-Sealer-sealing.jpg\",\"width\":800,\"height\":800},{\"@type\":\"BreadcrumbList\",\"@id\":\"https:\/\/alfequipment.com\/product\/dql5545s-automatic-l-bar-type-sealer-sealing-packaging-machine-and-dsd4520-shrink-tunnel-packager\/#breadcrumb\",\"itemListElement\":[{\"@type\":\"ListItem\",\"position\":1,\"name\":\"Home\",\"item\":\"https:\/\/alfequipment.com\/\"},{\"@type\":\"ListItem\",\"position\":2,\"name\":\"Shop\",\"item\":\"https:\/\/alfequipment.com\/shop\/\"},{\"@type\":\"ListItem\",\"position\":3,\"name\":\"DQL5545S Automatic L bar type Sealer sealing packaging machine and DSD4520 Shrink Tunnel Packager\"}]},{\"@type\":\"WebSite\",\"@id\":\"https:\/\/alfequipment.com\/#website\",\"url\":\"https:\/\/alfequipment.com\/\",\"name\":\"ALF PACK\",\"description\":\"\",\"publisher\":{\"@id\":\"https:\/\/alfequipment.com\/#organization\"},\"potentialAction\":[{\"@type\":\"SearchAction\",\"target\":{\"@type\":\"EntryPoint\",\"urlTemplate\":\"https:\/\/alfequipment.com\/?s={search_term_string}\"},\"query-input\":{\"@type\":\"PropertyValueSpecification\",\"valueRequired\":true,\"valueName\":\"search_term_string\"}}],\"inLanguage\":\"es\"},{\"@type\":\"Organization\",\"@id\":\"https:\/\/alfequipment.com\/#organization\",\"name\":\"ALF PACK\",\"url\":\"https:\/\/alfequipment.com\/\",\"logo\":{\"@type\":\"ImageObject\",\"inLanguage\":\"es\",\"@id\":\"https:\/\/alfequipment.com\/#\/schema\/logo\/image\/\",\"url\":\"https:\/\/alfequipment.com\/wp-content\/uploads\/2024\/11\/ALFlogo-2.webp\",\"contentUrl\":\"https:\/\/alfequipment.com\/wp-content\/uploads\/2024\/11\/ALFlogo-2.webp\",\"width\":758,\"height\":750,\"caption\":\"ALF PACK\"},\"image\":{\"@id\":\"https:\/\/alfequipment.com\/#\/schema\/logo\/image\/\"}}]}<\/script>\n<!-- \/ Yoast SEO Premium plugin. -->","yoast_head_json":{"title":"DQL5545S Selladora autom\u00e1tica de barra en L y envasadora de t\u00fanel de retractilado DSD4520 - ALF PACK","robots":{"index":"index","follow":"follow","max-snippet":"max-snippet:-1","max-image-preview":"max-image-preview:large","max-video-preview":"max-video-preview:-1"},"canonical":"https:\/\/alfequipment.com\/es\/product\/dql5545s-selladora-automatica-de-barra-en-l-y-envasadora-de-tunel-de-retractilado-dsd4520\/","og_locale":"es_ES","og_type":"article","og_title":"DQL5545S Automatic L bar type Sealer sealing packaging machine and DSD4520 Shrink Tunnel Packager","og_description":"Automatic L Sealer Shrink Tunnel","og_url":"https:\/\/alfequipment.com\/es\/product\/dql5545s-selladora-automatica-de-barra-en-l-y-envasadora-de-tunel-de-retractilado-dsd4520\/","og_site_name":"ALF PACK","article_modified_time":"2025-01-13T13:08:55+00:00","og_image":[{"width":800,"height":800,"url":"https:\/\/alfequipment.com\/wp-content\/uploads\/2025\/01\/DQL5545S-Automatic-L-bar-type-Sealer-sealing.jpg","type":"image\/webp"}],"twitter_card":"summary_large_image","twitter_misc":{"Tiempo de lectura":"2 minutos"},"schema":{"@context":"https:\/\/schema.org","@graph":[{"@type":"WebPage","@id":"https:\/\/alfequipment.com\/product\/dql5545s-automatic-l-bar-type-sealer-sealing-packaging-machine-and-dsd4520-shrink-tunnel-packager\/","url":"https:\/\/alfequipment.com\/product\/dql5545s-automatic-l-bar-type-sealer-sealing-packaging-machine-and-dsd4520-shrink-tunnel-packager\/","name":"DQL5545S Selladora autom\u00e1tica de barra en L y envasadora de t\u00fanel de retractilado DSD4520 - ALF PACK","isPartOf":{"@id":"https:\/\/alfequipment.com\/#website"},"primaryImageOfPage":{"@id":"https:\/\/alfequipment.com\/product\/dql5545s-automatic-l-bar-type-sealer-sealing-packaging-machine-and-dsd4520-shrink-tunnel-packager\/#primaryimage"},"image":{"@id":"https:\/\/alfequipment.com\/product\/dql5545s-automatic-l-bar-type-sealer-sealing-packaging-machine-and-dsd4520-shrink-tunnel-packager\/#primaryimage"},"thumbnailUrl":"https:\/\/alfequipment.com\/wp-content\/uploads\/2025\/01\/DQL5545S-Automatic-L-bar-type-Sealer-sealing.jpg","datePublished":"2024-12-08T12:40:47+00:00","dateModified":"2025-01-13T13:08:55+00:00","breadcrumb":{"@id":"https:\/\/alfequipment.com\/product\/dql5545s-automatic-l-bar-type-sealer-sealing-packaging-machine-and-dsd4520-shrink-tunnel-packager\/#breadcrumb"},"inLanguage":"es","potentialAction":[{"@type":"ReadAction","target":["https:\/\/alfequipment.com\/product\/dql5545s-automatic-l-bar-type-sealer-sealing-packaging-machine-and-dsd4520-shrink-tunnel-packager\/"]}]},{"@type":"ImageObject","inLanguage":"es","@id":"https:\/\/alfequipment.com\/product\/dql5545s-automatic-l-bar-type-sealer-sealing-packaging-machine-and-dsd4520-shrink-tunnel-packager\/#primaryimage","url":"https:\/\/alfequipment.com\/wp-content\/uploads\/2025\/01\/DQL5545S-Automatic-L-bar-type-Sealer-sealing.jpg","contentUrl":"https:\/\/alfequipment.com\/wp-content\/uploads\/2025\/01\/DQL5545S-Automatic-L-bar-type-Sealer-sealing.jpg","width":800,"height":800},{"@type":"BreadcrumbList","@id":"https:\/\/alfequipment.com\/product\/dql5545s-automatic-l-bar-type-sealer-sealing-packaging-machine-and-dsd4520-shrink-tunnel-packager\/#breadcrumb","itemListElement":[{"@type":"ListItem","position":1,"name":"Home","item":"https:\/\/alfequipment.com\/"},{"@type":"ListItem","position":2,"name":"Shop","item":"https:\/\/alfequipment.com\/shop\/"},{"@type":"ListItem","position":3,"name":"DQL5545S Automatic L bar type Sealer sealing packaging machine and DSD4520 Shrink Tunnel Packager"}]},{"@type":"WebSite","@id":"https:\/\/alfequipment.com\/#website","url":"https:\/\/alfequipment.com\/","name":"PAQUETE ALF","description":"","publisher":{"@id":"https:\/\/alfequipment.com\/#organization"},"potentialAction":[{"@type":"SearchAction","target":{"@type":"EntryPoint","urlTemplate":"https:\/\/alfequipment.com\/?s={search_term_string}"},"query-input":{"@type":"PropertyValueSpecification","valueRequired":true,"valueName":"search_term_string"}}],"inLanguage":"es"},{"@type":"Organization","@id":"https:\/\/alfequipment.com\/#organization","name":"PAQUETE ALF","url":"https:\/\/alfequipment.com\/","logo":{"@type":"ImageObject","inLanguage":"es","@id":"https:\/\/alfequipment.com\/#\/schema\/logo\/image\/","url":"https:\/\/alfequipment.com\/wp-content\/uploads\/2024\/11\/ALFlogo-2.webp","contentUrl":"https:\/\/alfequipment.com\/wp-content\/uploads\/2024\/11\/ALFlogo-2.webp","width":758,"height":750,"caption":"ALF PACK"},"image":{"@id":"https:\/\/alfequipment.com\/#\/schema\/logo\/image\/"}}]}},"_links":{"self":[{"href":"https:\/\/alfequipment.com\/es\/wp-json\/wp\/v2\/product\/2924","targetHints":{"allow":["GET"]}}],"collection":[{"href":"https:\/\/alfequipment.com\/es\/wp-json\/wp\/v2\/product"}],"about":[{"href":"https:\/\/alfequipment.com\/es\/wp-json\/wp\/v2\/types\/product"}],"replies":[{"embeddable":true,"href":"https:\/\/alfequipment.com\/es\/wp-json\/wp\/v2\/comments?post=2924"}],"version-history":[{"count":0,"href":"https:\/\/alfequipment.com\/es\/wp-json\/wp\/v2\/product\/2924\/revisions"}],"wp:featuredmedia":[{"embeddable":true,"href":"https:\/\/alfequipment.com\/es\/wp-json\/wp\/v2\/media\/2682"}],"wp:attachment":[{"href":"https:\/\/alfequipment.com\/es\/wp-json\/wp\/v2\/media?parent=2924"}],"wp:term":[{"taxonomy":"product_brand","embeddable":true,"href":"https:\/\/alfequipment.com\/es\/wp-json\/wp\/v2\/product_brand?post=2924"},{"taxonomy":"product_cat","embeddable":true,"href":"https:\/\/alfequipment.com\/es\/wp-json\/wp\/v2\/product_cat?post=2924"},{"taxonomy":"product_tag","embeddable":true,"href":"https:\/\/alfequipment.com\/es\/wp-json\/wp\/v2\/product_tag?post=2924"}],"curies":[{"name":"wp","href":"https:\/\/api.w.org\/{rel}","templated":true}]}}