{"id":2931,"date":"2025-01-09T06:40:14","date_gmt":"2025-01-09T06:40:14","guid":{"rendered":"https:\/\/alfequipment.com\/product\/as2000s-hot-sale-automatic-double-tube-liquid-packaging-machine-two-nozzles\/"},"modified":"2025-01-13T13:08:58","modified_gmt":"2025-01-13T13:08:58","slug":"as2000s-venta-caliente-maquina-automatica-de-envasado-de-liquidos-de-doble-tubo-dos-boquillas","status":"publish","type":"product","link":"https:\/\/alfequipment.com\/es\/product\/as2000s-venta-caliente-maquina-automatica-de-envasado-de-liquidos-de-doble-tubo-dos-boquillas\/","title":{"rendered":"AS2000S Venta caliente Envasadora autom\u00e1tica de l\u00edquidos de doble tubo (dos boquillas)"},"content":{"rendered":"<p><span style=\"font-size: 16px;\">1.<\/span><span style=\"font-size: 12pt; font-family: Verdana, Arial, Helvetica, sans-serif;\">El modelo AS2000S de la m\u00e1quina envasadora autom\u00e1tica de l\u00edquidos puede ser ampliamente utilizado para el envasado de diversos tipos de l\u00edquidos, especialmente para el envasado en bolsa de zumos de frutas, tiras de hielo y otras bebidas.<\/span><\/p>\n<p><span style=\"font-size: 12pt; font-family: Verdana, Arial, Helvetica, sans-serif;\">2.La m\u00e1quina tiene doble sistema de llenado, formaci\u00f3n de bolsa y sellado, por lo que la capacidad es el doble que el tipo similar de m\u00e1quina autom\u00e1tica de envasado de l\u00edquidos. <\/span><\/p>\n<p><span style=\"font-size: 12pt; font-family: Verdana, Arial, Helvetica, sans-serif;\">3. Dos pistones de llenado separados pueden hacer que la m\u00e1quina haga dos tipos de bebidas al mismo tiempo.<\/span><\/p>\n<p><span style=\"font-size: 12pt;\">&nbsp;<\/span><\/p>\n<p><span style=\"font-size: 12pt;\">Especificaci\u00f3n:<\/span><\/p>\n<table class=\"aliDataTable\" border=\"1\" cellspacing=\"0\" cellpadding=\"0\">\n<tbody>\n<tr align=\"left\">\n<td style=\"width: 183.7pt;\" valign=\"top\">\n<p><span style=\"font-size: 12pt;\">Modelo<\/span><\/p>\n<\/td>\n<td style=\"width: 158.3pt;\" valign=\"top\">\n<p><span style=\"font-size: 12pt;\">AS2000S<\/span><\/p>\n<\/td>\n<\/tr>\n<tr align=\"left\">\n<td valign=\"top\">\n<p><span style=\"font-size: 12pt;\">Capacidad<\/span><\/p>\n<\/td>\n<td valign=\"top\">\n<p><span style=\"font-size: 12pt;\">2500-3000 sacos\/hora<\/span><\/p>\n<\/td>\n<\/tr>\n<tr align=\"left\">\n<td valign=\"top\">\n<p><span style=\"font-size: 12pt;\">Volumen de embalaje<\/span><\/p>\n<\/td>\n<td valign=\"top\">\n<p><span style=\"font-size: 12pt;\">100ml-250ml X 2<\/span><\/p>\n<\/td>\n<\/tr>\n<tr align=\"left\">\n<td valign=\"top\">\n<p><span style=\"font-size: 12pt;\">Potencia<\/span><\/p>\n<\/td>\n<td valign=\"top\">\n<p><span style=\"font-size: 12pt;\">220V\/380V 1,8KW<\/span><\/p>\n<\/td>\n<\/tr>\n<tr align=\"left\">\n<td valign=\"top\">\n<p><span style=\"font-size: 12pt;\">Anchura de la pel\u00edcula<\/span><\/p>\n<\/td>\n<td valign=\"top\">\n<p><span style=\"font-size: 12pt;\">90 mm-150 mm<\/span><\/p>\n<\/td>\n<\/tr>\n<tr align=\"left\">\n<td valign=\"top\">\n<p><span style=\"font-size: 12pt;\">Peso<\/span><\/p>\n<\/td>\n<td valign=\"top\">\n<p><span style=\"font-size: 12pt;\">450KGS<\/span><\/p>\n<\/td>\n<\/tr>\n<tr align=\"left\">\n<td valign=\"top\">\n<p><span style=\"font-size: 12pt;\">Talla<\/span><\/p>\n<\/td>\n<td valign=\"top\">\n<p><span style=\"font-size: 12pt;\">1050*870*2100mm<\/span><\/p>\n<\/td>\n<\/tr>\n<\/tbody>\n<\/table>\n<p>&nbsp;&nbsp;<\/p>\n<p><img decoding=\"async\" src=\"https:\/\/sc01.alicdn.com\/kf\/Heee260d2d70049389e46e7323df4f6516.jpg\" data-alt=\"AS2000S Hot sale Automatic Double tube Liquid Packaging Machine (two nozzles)\" style=\"width: 691px; height: 225px;\" ori-width=\"700\" ori-height=\"500\" class=\"aligncenter\"><\/p>\n<p>&nbsp;<\/p>\n<p><span style=\"line-height: 27px; font-family: Arial; font-size: 18px;\">Podemos personalizar m\u00e1quinas no est\u00e1ndar seg\u00fan los requisitos del cliente.<\/span><\/p>\n<p>&nbsp;<\/p>\n<p><span style=\"line-height: 27px; font-family: Arial; font-size: 18px;\">M\u00e1s informaci\u00f3n sobre la serie de envasadoras de l\u00edquidos AS:<\/span><\/p>\n<p><span style=\"line-height: 27px; font-family: Arial; font-size: 18px;\">1.AS1000&nbsp;&nbsp;<\/span><\/p>\n<p><span style=\"line-height: 27px; font-family: Arial; font-size: 18px;\">2.AS2000<\/span><\/p>\n<p><span style=\"line-height: 27px; font-family: Arial; font-size: 18px;\">3.AS2000P<\/span><\/p>\n<p><span style=\"line-height: 27px; font-family: Arial; font-size: 18px;\">haga clic en el modelo y aparecer\u00e1 una nueva p\u00e1gina web para mostrarle la m\u00e1quina.<\/span><\/p>\n<p><\/p><\/p>","protected":false},"excerpt":{"rendered":"<p>Envasadora autom\u00e1tica de l\u00edquidos de doble tubo As2000s<\/p>","protected":false},"featured_media":2696,"comment_status":"closed","ping_status":"open","template":"","meta":[],"product_brand":[],"product_cat":[101],"product_tag":[],"class_list":{"0":"post-2931","1":"product","2":"type-product","3":"status-publish","4":"has-post-thumbnail","6":"product_cat-filling-machines","8":"first","9":"instock","10":"sale","11":"purchasable","12":"product-type-simple"},"yoast_head":"<!-- This site is optimized with the Yoast SEO Premium plugin v20.9 (Yoast SEO v26.5) - https:\/\/yoast.com\/wordpress\/plugins\/seo\/ -->\n<title>AS2000S Hot sale Automatic Double tube Liquid Packaging Machine (two nozzles) - ALF PACK<\/title>\n<meta name=\"robots\" content=\"index, follow, max-snippet:-1, max-image-preview:large, max-video-preview:-1\" \/>\n<link rel=\"canonical\" href=\"https:\/\/alfequipment.com\/es\/product\/as2000s-venta-caliente-maquina-automatica-de-envasado-de-liquidos-de-doble-tubo-dos-boquillas\/\" \/>\n<meta property=\"og:locale\" content=\"es_ES\" \/>\n<meta property=\"og:type\" content=\"article\" \/>\n<meta property=\"og:title\" content=\"AS2000S Hot sale Automatic Double tube Liquid Packaging Machine (two nozzles)\" \/>\n<meta property=\"og:description\" content=\"As2000s Automatic Double Tube Liquid Packager\" \/>\n<meta property=\"og:url\" content=\"https:\/\/alfequipment.com\/es\/product\/as2000s-venta-caliente-maquina-automatica-de-envasado-de-liquidos-de-doble-tubo-dos-boquillas\/\" \/>\n<meta property=\"og:site_name\" content=\"ALF PACK\" \/>\n<meta property=\"article:modified_time\" content=\"2025-01-13T13:08:58+00:00\" \/>\n<meta property=\"og:image\" content=\"https:\/\/alfequipment.com\/wp-content\/uploads\/2025\/01\/AS2000S-Hot-sale-Automatic-Double-tube-Liquid.jpg\" \/>\n\t<meta property=\"og:image:width\" content=\"800\" \/>\n\t<meta property=\"og:image:height\" content=\"800\" \/>\n\t<meta property=\"og:image:type\" content=\"image\/webp\" \/>\n<meta name=\"twitter:card\" content=\"summary_large_image\" \/>\n<meta name=\"twitter:label1\" content=\"Tiempo de lectura\" \/>\n\t<meta name=\"twitter:data1\" content=\"1 minuto\" \/>\n<script type=\"application\/ld+json\" class=\"yoast-schema-graph\">{\"@context\":\"https:\/\/schema.org\",\"@graph\":[{\"@type\":\"WebPage\",\"@id\":\"https:\/\/alfequipment.com\/product\/as2000s-hot-sale-automatic-double-tube-liquid-packaging-machine-two-nozzles\/\",\"url\":\"https:\/\/alfequipment.com\/product\/as2000s-hot-sale-automatic-double-tube-liquid-packaging-machine-two-nozzles\/\",\"name\":\"AS2000S Hot sale Automatic Double tube Liquid Packaging Machine (two nozzles) - ALF PACK\",\"isPartOf\":{\"@id\":\"https:\/\/alfequipment.com\/#website\"},\"primaryImageOfPage\":{\"@id\":\"https:\/\/alfequipment.com\/product\/as2000s-hot-sale-automatic-double-tube-liquid-packaging-machine-two-nozzles\/#primaryimage\"},\"image\":{\"@id\":\"https:\/\/alfequipment.com\/product\/as2000s-hot-sale-automatic-double-tube-liquid-packaging-machine-two-nozzles\/#primaryimage\"},\"thumbnailUrl\":\"https:\/\/alfequipment.com\/wp-content\/uploads\/2025\/01\/AS2000S-Hot-sale-Automatic-Double-tube-Liquid.jpg\",\"datePublished\":\"2025-01-09T06:40:14+00:00\",\"dateModified\":\"2025-01-13T13:08:58+00:00\",\"breadcrumb\":{\"@id\":\"https:\/\/alfequipment.com\/product\/as2000s-hot-sale-automatic-double-tube-liquid-packaging-machine-two-nozzles\/#breadcrumb\"},\"inLanguage\":\"es\",\"potentialAction\":[{\"@type\":\"ReadAction\",\"target\":[\"https:\/\/alfequipment.com\/product\/as2000s-hot-sale-automatic-double-tube-liquid-packaging-machine-two-nozzles\/\"]}]},{\"@type\":\"ImageObject\",\"inLanguage\":\"es\",\"@id\":\"https:\/\/alfequipment.com\/product\/as2000s-hot-sale-automatic-double-tube-liquid-packaging-machine-two-nozzles\/#primaryimage\",\"url\":\"https:\/\/alfequipment.com\/wp-content\/uploads\/2025\/01\/AS2000S-Hot-sale-Automatic-Double-tube-Liquid.jpg\",\"contentUrl\":\"https:\/\/alfequipment.com\/wp-content\/uploads\/2025\/01\/AS2000S-Hot-sale-Automatic-Double-tube-Liquid.jpg\",\"width\":800,\"height\":800},{\"@type\":\"BreadcrumbList\",\"@id\":\"https:\/\/alfequipment.com\/product\/as2000s-hot-sale-automatic-double-tube-liquid-packaging-machine-two-nozzles\/#breadcrumb\",\"itemListElement\":[{\"@type\":\"ListItem\",\"position\":1,\"name\":\"Home\",\"item\":\"https:\/\/alfequipment.com\/\"},{\"@type\":\"ListItem\",\"position\":2,\"name\":\"Shop\",\"item\":\"https:\/\/alfequipment.com\/shop\/\"},{\"@type\":\"ListItem\",\"position\":3,\"name\":\"AS2000S Hot sale Automatic Double tube Liquid Packaging Machine (two nozzles)\"}]},{\"@type\":\"WebSite\",\"@id\":\"https:\/\/alfequipment.com\/#website\",\"url\":\"https:\/\/alfequipment.com\/\",\"name\":\"ALF PACK\",\"description\":\"\",\"publisher\":{\"@id\":\"https:\/\/alfequipment.com\/#organization\"},\"potentialAction\":[{\"@type\":\"SearchAction\",\"target\":{\"@type\":\"EntryPoint\",\"urlTemplate\":\"https:\/\/alfequipment.com\/?s={search_term_string}\"},\"query-input\":{\"@type\":\"PropertyValueSpecification\",\"valueRequired\":true,\"valueName\":\"search_term_string\"}}],\"inLanguage\":\"es\"},{\"@type\":\"Organization\",\"@id\":\"https:\/\/alfequipment.com\/#organization\",\"name\":\"ALF PACK\",\"url\":\"https:\/\/alfequipment.com\/\",\"logo\":{\"@type\":\"ImageObject\",\"inLanguage\":\"es\",\"@id\":\"https:\/\/alfequipment.com\/#\/schema\/logo\/image\/\",\"url\":\"https:\/\/alfequipment.com\/wp-content\/uploads\/2024\/11\/ALFlogo-2.webp\",\"contentUrl\":\"https:\/\/alfequipment.com\/wp-content\/uploads\/2024\/11\/ALFlogo-2.webp\",\"width\":758,\"height\":750,\"caption\":\"ALF PACK\"},\"image\":{\"@id\":\"https:\/\/alfequipment.com\/#\/schema\/logo\/image\/\"}}]}<\/script>\n<!-- \/ Yoast SEO Premium plugin. -->","yoast_head_json":{"title":"AS2000S Venta caliente Envasadora autom\u00e1tica de l\u00edquidos de doble tubo (dos boquillas) - ALF PACK","robots":{"index":"index","follow":"follow","max-snippet":"max-snippet:-1","max-image-preview":"max-image-preview:large","max-video-preview":"max-video-preview:-1"},"canonical":"https:\/\/alfequipment.com\/es\/product\/as2000s-venta-caliente-maquina-automatica-de-envasado-de-liquidos-de-doble-tubo-dos-boquillas\/","og_locale":"es_ES","og_type":"article","og_title":"AS2000S Hot sale Automatic Double tube Liquid Packaging Machine (two nozzles)","og_description":"As2000s Automatic Double Tube Liquid Packager","og_url":"https:\/\/alfequipment.com\/es\/product\/as2000s-venta-caliente-maquina-automatica-de-envasado-de-liquidos-de-doble-tubo-dos-boquillas\/","og_site_name":"ALF PACK","article_modified_time":"2025-01-13T13:08:58+00:00","og_image":[{"width":800,"height":800,"url":"https:\/\/alfequipment.com\/wp-content\/uploads\/2025\/01\/AS2000S-Hot-sale-Automatic-Double-tube-Liquid.jpg","type":"image\/webp"}],"twitter_card":"summary_large_image","twitter_misc":{"Tiempo de lectura":"1 minuto"},"schema":{"@context":"https:\/\/schema.org","@graph":[{"@type":"WebPage","@id":"https:\/\/alfequipment.com\/product\/as2000s-hot-sale-automatic-double-tube-liquid-packaging-machine-two-nozzles\/","url":"https:\/\/alfequipment.com\/product\/as2000s-hot-sale-automatic-double-tube-liquid-packaging-machine-two-nozzles\/","name":"AS2000S Venta caliente Envasadora autom\u00e1tica de l\u00edquidos de doble tubo (dos boquillas) - ALF PACK","isPartOf":{"@id":"https:\/\/alfequipment.com\/#website"},"primaryImageOfPage":{"@id":"https:\/\/alfequipment.com\/product\/as2000s-hot-sale-automatic-double-tube-liquid-packaging-machine-two-nozzles\/#primaryimage"},"image":{"@id":"https:\/\/alfequipment.com\/product\/as2000s-hot-sale-automatic-double-tube-liquid-packaging-machine-two-nozzles\/#primaryimage"},"thumbnailUrl":"https:\/\/alfequipment.com\/wp-content\/uploads\/2025\/01\/AS2000S-Hot-sale-Automatic-Double-tube-Liquid.jpg","datePublished":"2025-01-09T06:40:14+00:00","dateModified":"2025-01-13T13:08:58+00:00","breadcrumb":{"@id":"https:\/\/alfequipment.com\/product\/as2000s-hot-sale-automatic-double-tube-liquid-packaging-machine-two-nozzles\/#breadcrumb"},"inLanguage":"es","potentialAction":[{"@type":"ReadAction","target":["https:\/\/alfequipment.com\/product\/as2000s-hot-sale-automatic-double-tube-liquid-packaging-machine-two-nozzles\/"]}]},{"@type":"ImageObject","inLanguage":"es","@id":"https:\/\/alfequipment.com\/product\/as2000s-hot-sale-automatic-double-tube-liquid-packaging-machine-two-nozzles\/#primaryimage","url":"https:\/\/alfequipment.com\/wp-content\/uploads\/2025\/01\/AS2000S-Hot-sale-Automatic-Double-tube-Liquid.jpg","contentUrl":"https:\/\/alfequipment.com\/wp-content\/uploads\/2025\/01\/AS2000S-Hot-sale-Automatic-Double-tube-Liquid.jpg","width":800,"height":800},{"@type":"BreadcrumbList","@id":"https:\/\/alfequipment.com\/product\/as2000s-hot-sale-automatic-double-tube-liquid-packaging-machine-two-nozzles\/#breadcrumb","itemListElement":[{"@type":"ListItem","position":1,"name":"Home","item":"https:\/\/alfequipment.com\/"},{"@type":"ListItem","position":2,"name":"Shop","item":"https:\/\/alfequipment.com\/shop\/"},{"@type":"ListItem","position":3,"name":"AS2000S Hot sale Automatic Double tube Liquid Packaging Machine (two nozzles)"}]},{"@type":"WebSite","@id":"https:\/\/alfequipment.com\/#website","url":"https:\/\/alfequipment.com\/","name":"PAQUETE ALF","description":"","publisher":{"@id":"https:\/\/alfequipment.com\/#organization"},"potentialAction":[{"@type":"SearchAction","target":{"@type":"EntryPoint","urlTemplate":"https:\/\/alfequipment.com\/?s={search_term_string}"},"query-input":{"@type":"PropertyValueSpecification","valueRequired":true,"valueName":"search_term_string"}}],"inLanguage":"es"},{"@type":"Organization","@id":"https:\/\/alfequipment.com\/#organization","name":"PAQUETE ALF","url":"https:\/\/alfequipment.com\/","logo":{"@type":"ImageObject","inLanguage":"es","@id":"https:\/\/alfequipment.com\/#\/schema\/logo\/image\/","url":"https:\/\/alfequipment.com\/wp-content\/uploads\/2024\/11\/ALFlogo-2.webp","contentUrl":"https:\/\/alfequipment.com\/wp-content\/uploads\/2024\/11\/ALFlogo-2.webp","width":758,"height":750,"caption":"ALF PACK"},"image":{"@id":"https:\/\/alfequipment.com\/#\/schema\/logo\/image\/"}}]}},"_links":{"self":[{"href":"https:\/\/alfequipment.com\/es\/wp-json\/wp\/v2\/product\/2931","targetHints":{"allow":["GET"]}}],"collection":[{"href":"https:\/\/alfequipment.com\/es\/wp-json\/wp\/v2\/product"}],"about":[{"href":"https:\/\/alfequipment.com\/es\/wp-json\/wp\/v2\/types\/product"}],"replies":[{"embeddable":true,"href":"https:\/\/alfequipment.com\/es\/wp-json\/wp\/v2\/comments?post=2931"}],"version-history":[{"count":0,"href":"https:\/\/alfequipment.com\/es\/wp-json\/wp\/v2\/product\/2931\/revisions"}],"wp:featuredmedia":[{"embeddable":true,"href":"https:\/\/alfequipment.com\/es\/wp-json\/wp\/v2\/media\/2696"}],"wp:attachment":[{"href":"https:\/\/alfequipment.com\/es\/wp-json\/wp\/v2\/media?parent=2931"}],"wp:term":[{"taxonomy":"product_brand","embeddable":true,"href":"https:\/\/alfequipment.com\/es\/wp-json\/wp\/v2\/product_brand?post=2931"},{"taxonomy":"product_cat","embeddable":true,"href":"https:\/\/alfequipment.com\/es\/wp-json\/wp\/v2\/product_cat?post=2931"},{"taxonomy":"product_tag","embeddable":true,"href":"https:\/\/alfequipment.com\/es\/wp-json\/wp\/v2\/product_tag?post=2931"}],"curies":[{"name":"wp","href":"https:\/\/api.w.org\/{rel}","templated":true}]}}