{"id":2933,"date":"2024-12-19T16:38:39","date_gmt":"2024-12-19T16:38:39","guid":{"rendered":"https:\/\/alfequipment.com\/product\/cgf-series-pet-bottle-of-3-in-1-washing-filling-and-capping-machine-for-liquid\/"},"modified":"2025-01-13T13:08:59","modified_gmt":"2025-01-13T13:08:59","slug":"cgf-serie-pet-botella-de-3-en-1-lavado-llenado-y-tapado-de-la-maquina-para-el-liquido","status":"publish","type":"product","link":"https:\/\/alfequipment.com\/es\/product\/cgf-serie-pet-botella-de-3-en-1-lavado-llenado-y-tapado-de-la-maquina-para-el-liquido\/","title":{"rendered":"CGF Serie PET Botella de lavado 3 en 1 m\u00e1quina de llenado y tapado de l\u00edquido"},"content":{"rendered":"<div id=\"ali-anchor-AliPostDhMb-1ki84\" style=\"padding-top: 8px;\" data-section=\"AliPostDhMb-1ki84\" data-section-title=\"Product Description\">\n<div style=\"padding: 10px;\"><span style=\"font-size: 12pt;\">1.La m\u00e1quina KZ900L utiliza fleje de pl\u00e1stico de polietileno como material de encuadernaci\u00f3n, que se utiliza principalmente en el embalaje y encuadernaci\u00f3n de cajas de papel, cajas de madera y paquetes de papel en los sectores de negocios, servicio postal, ferrocarril, y el banco, para la alimentaci\u00f3n, farmac\u00e9utica, editorial y as\u00ed sucesivamente.<\/span><\/div>\n<\/div>\n<p><span style=\"font-size: 12pt;\">2.Eficiente y de ahorro de energ\u00eda en el procesamiento de una manera de calidad y rapidez de envasado, la m\u00e1quina puede llevar a cabo autom\u00e1ticamente la recogida de fleje, termosellado, corte y con la operaci\u00f3n de parada autom\u00e1tica completa.<\/span><\/p>\n<p>&nbsp;<\/p>\n<p>&nbsp;<\/p>\n<p><span style=\"font-size: 12pt;\">Especificaci\u00f3n:<\/span><\/p>\n<p>&nbsp;<\/p>\n<p>&nbsp;<\/p>\n<table class=\"aliDataTable\" border=\"0\" cellspacing=\"0\" cellpadding=\"0\">\n<tbody>\n<tr style=\"height: 14.25pt;\" align=\"center\">\n<td style=\"background-color: white; width: 220.8pt;\" valign=\"top\">\n<p><strong><span style=\"font-size: 12pt;\">Modelo<\/span><\/strong><\/p>\n<\/td>\n<td style=\"background-color: white; width: 193.9pt;\" valign=\"top\">\n<p><span style=\"font-size: 12pt;\">KZ900L<\/span><\/p>\n<\/td>\n<\/tr>\n<tr style=\"height: 14.25pt;\" align=\"center\">\n<td style=\"background-color: white;\" valign=\"top\">\n<p><strong><span style=\"font-size: 12pt;\">Tensi\u00f3n<\/span><\/strong><\/p>\n<\/td>\n<td style=\"background-color: white;\" valign=\"top\">\n<p><span style=\"font-size: 12pt;\">220V 250W<\/span><\/p>\n<\/td>\n<\/tr>\n<tr style=\"height: 14.25pt;\" align=\"center\">\n<td style=\"background-color: white;\" valign=\"top\">\n<p><strong><span style=\"font-size: 12pt;\">Velocidad de flejado<\/span><\/strong><\/p>\n<\/td>\n<td style=\"background-color: white;\" valign=\"top\">\n<p><span style=\"font-size: 12pt;\">1,6seg\/Correa<\/span><\/p>\n<\/td>\n<\/tr>\n<tr style=\"height: 14.25pt;\" align=\"center\">\n<td style=\"background-color: white;\" valign=\"top\">\n<p><strong><span style=\"font-size: 12pt;\">Anchura del fleje<\/span><\/strong><\/p>\n<\/td>\n<td style=\"background-color: white;\" valign=\"top\">\n<p><span style=\"font-size: 12pt;\">9-15mm<\/span><\/p>\n<\/td>\n<\/tr>\n<tr style=\"height: 14.25pt;\" align=\"center\">\n<td style=\"background-color: white;\" valign=\"top\">\n<p><strong><span style=\"font-size: 12pt;\">Espesor del fleje<\/span><\/strong><\/p>\n<\/td>\n<td style=\"background-color: white;\" valign=\"top\">\n<p><span style=\"font-size: 12pt;\">0,7-1,1 mm<\/span><\/p>\n<\/td>\n<\/tr>\n<tr style=\"height: 14.25pt;\" align=\"center\">\n<td style=\"background-color: white;\" valign=\"top\">\n<p><strong><span style=\"font-size: 12pt;\">Peso de la m\u00e1quina<\/span><\/strong><\/p>\n<\/td>\n<td style=\"background-color: white;\" valign=\"top\">\n<p><span style=\"font-size: 12pt;\">90KGS<\/span><\/p>\n<\/td>\n<\/tr>\n<tr style=\"height: 14.25pt;\" align=\"center\">\n<td style=\"background-color: white;\" valign=\"top\">\n<p><strong><span style=\"font-size: 12pt;\">Tama\u00f1o de la m\u00e1quina (L*A*A)<\/span><\/strong><\/p>\n<\/td>\n<td style=\"background-color: white;\" valign=\"top\">\n<p><span style=\"font-size: 12pt;\">895*565*580mm<\/span><\/p>\n<\/td>\n<\/tr>\n<\/tbody>\n<\/table>\n<div id=\"ali-anchor-AliPostDhMb-bpj0k\" style=\"padding-top: 8px;\" data-section=\"AliPostDhMb-bpj0k\" data-section-title=\"Packaging &amp; Shipping\">\n<div id=\"ali-title-AliPostDhMb-bpj0k\" style=\"padding: 8px 0; border-bottom: 1px solid #ddd;\"><\/div>\n<\/div>","protected":false},"excerpt":{"rendered":"<p>Cgf8-8-4 M\u00e1quina 3 en 1 de lavado, llenado y tapado de botellas para mascotas<\/p>","protected":false},"featured_media":2700,"comment_status":"closed","ping_status":"open","template":"","meta":[],"product_brand":[],"product_cat":[101],"product_tag":[],"class_list":{"0":"post-2933","1":"product","2":"type-product","3":"status-publish","4":"has-post-thumbnail","6":"product_cat-filling-machines","8":"first","9":"instock","10":"sale","11":"purchasable","12":"product-type-simple"},"yoast_head":"<!-- This site is optimized with the Yoast SEO Premium plugin v20.9 (Yoast SEO v26.5) - https:\/\/yoast.com\/wordpress\/plugins\/seo\/ -->\n<title>CGF Series PET Bottle of 3 in 1 washing filling and capping machine for liquid - ALF PACK<\/title>\n<meta name=\"robots\" content=\"index, follow, max-snippet:-1, max-image-preview:large, max-video-preview:-1\" \/>\n<link rel=\"canonical\" href=\"https:\/\/alfequipment.com\/es\/product\/cgf-serie-pet-botella-de-3-en-1-lavado-llenado-y-tapado-de-la-maquina-para-el-liquido\/\" \/>\n<meta property=\"og:locale\" content=\"es_ES\" \/>\n<meta property=\"og:type\" content=\"article\" \/>\n<meta property=\"og:title\" content=\"CGF Series PET Bottle of 3 in 1 washing filling and capping machine for liquid\" \/>\n<meta property=\"og:description\" content=\"Cgf8-8-4 Pet Bottle Washing Filling Capping 3 In 1 Machine\" \/>\n<meta property=\"og:url\" content=\"https:\/\/alfequipment.com\/es\/product\/cgf-serie-pet-botella-de-3-en-1-lavado-llenado-y-tapado-de-la-maquina-para-el-liquido\/\" \/>\n<meta property=\"og:site_name\" content=\"ALF PACK\" \/>\n<meta property=\"article:modified_time\" content=\"2025-01-13T13:08:59+00:00\" \/>\n<meta property=\"og:image\" content=\"https:\/\/alfequipment.com\/wp-content\/uploads\/2025\/01\/CGF-Series-PET-Bottle-of-3-in.jpg\" \/>\n\t<meta property=\"og:image:width\" content=\"800\" \/>\n\t<meta property=\"og:image:height\" content=\"800\" \/>\n\t<meta property=\"og:image:type\" content=\"image\/webp\" \/>\n<meta name=\"twitter:card\" content=\"summary_large_image\" \/>\n<meta name=\"twitter:label1\" content=\"Tiempo de lectura\" \/>\n\t<meta name=\"twitter:data1\" content=\"1 minuto\" \/>\n<script type=\"application\/ld+json\" class=\"yoast-schema-graph\">{\"@context\":\"https:\/\/schema.org\",\"@graph\":[{\"@type\":\"WebPage\",\"@id\":\"https:\/\/alfequipment.com\/product\/cgf-series-pet-bottle-of-3-in-1-washing-filling-and-capping-machine-for-liquid\/\",\"url\":\"https:\/\/alfequipment.com\/product\/cgf-series-pet-bottle-of-3-in-1-washing-filling-and-capping-machine-for-liquid\/\",\"name\":\"CGF Series PET Bottle of 3 in 1 washing filling and capping machine for liquid - ALF PACK\",\"isPartOf\":{\"@id\":\"https:\/\/alfequipment.com\/#website\"},\"primaryImageOfPage\":{\"@id\":\"https:\/\/alfequipment.com\/product\/cgf-series-pet-bottle-of-3-in-1-washing-filling-and-capping-machine-for-liquid\/#primaryimage\"},\"image\":{\"@id\":\"https:\/\/alfequipment.com\/product\/cgf-series-pet-bottle-of-3-in-1-washing-filling-and-capping-machine-for-liquid\/#primaryimage\"},\"thumbnailUrl\":\"https:\/\/alfequipment.com\/wp-content\/uploads\/2025\/01\/CGF-Series-PET-Bottle-of-3-in.jpg\",\"datePublished\":\"2024-12-19T16:38:39+00:00\",\"dateModified\":\"2025-01-13T13:08:59+00:00\",\"breadcrumb\":{\"@id\":\"https:\/\/alfequipment.com\/product\/cgf-series-pet-bottle-of-3-in-1-washing-filling-and-capping-machine-for-liquid\/#breadcrumb\"},\"inLanguage\":\"es\",\"potentialAction\":[{\"@type\":\"ReadAction\",\"target\":[\"https:\/\/alfequipment.com\/product\/cgf-series-pet-bottle-of-3-in-1-washing-filling-and-capping-machine-for-liquid\/\"]}]},{\"@type\":\"ImageObject\",\"inLanguage\":\"es\",\"@id\":\"https:\/\/alfequipment.com\/product\/cgf-series-pet-bottle-of-3-in-1-washing-filling-and-capping-machine-for-liquid\/#primaryimage\",\"url\":\"https:\/\/alfequipment.com\/wp-content\/uploads\/2025\/01\/CGF-Series-PET-Bottle-of-3-in.jpg\",\"contentUrl\":\"https:\/\/alfequipment.com\/wp-content\/uploads\/2025\/01\/CGF-Series-PET-Bottle-of-3-in.jpg\",\"width\":800,\"height\":800},{\"@type\":\"BreadcrumbList\",\"@id\":\"https:\/\/alfequipment.com\/product\/cgf-series-pet-bottle-of-3-in-1-washing-filling-and-capping-machine-for-liquid\/#breadcrumb\",\"itemListElement\":[{\"@type\":\"ListItem\",\"position\":1,\"name\":\"Home\",\"item\":\"https:\/\/alfequipment.com\/\"},{\"@type\":\"ListItem\",\"position\":2,\"name\":\"Shop\",\"item\":\"https:\/\/alfequipment.com\/shop\/\"},{\"@type\":\"ListItem\",\"position\":3,\"name\":\"CGF Series PET Bottle of 3 in 1 washing filling and capping machine for liquid\"}]},{\"@type\":\"WebSite\",\"@id\":\"https:\/\/alfequipment.com\/#website\",\"url\":\"https:\/\/alfequipment.com\/\",\"name\":\"ALF PACK\",\"description\":\"\",\"publisher\":{\"@id\":\"https:\/\/alfequipment.com\/#organization\"},\"potentialAction\":[{\"@type\":\"SearchAction\",\"target\":{\"@type\":\"EntryPoint\",\"urlTemplate\":\"https:\/\/alfequipment.com\/?s={search_term_string}\"},\"query-input\":{\"@type\":\"PropertyValueSpecification\",\"valueRequired\":true,\"valueName\":\"search_term_string\"}}],\"inLanguage\":\"es\"},{\"@type\":\"Organization\",\"@id\":\"https:\/\/alfequipment.com\/#organization\",\"name\":\"ALF PACK\",\"url\":\"https:\/\/alfequipment.com\/\",\"logo\":{\"@type\":\"ImageObject\",\"inLanguage\":\"es\",\"@id\":\"https:\/\/alfequipment.com\/#\/schema\/logo\/image\/\",\"url\":\"https:\/\/alfequipment.com\/wp-content\/uploads\/2024\/11\/ALFlogo-2.webp\",\"contentUrl\":\"https:\/\/alfequipment.com\/wp-content\/uploads\/2024\/11\/ALFlogo-2.webp\",\"width\":758,\"height\":750,\"caption\":\"ALF PACK\"},\"image\":{\"@id\":\"https:\/\/alfequipment.com\/#\/schema\/logo\/image\/\"}}]}<\/script>\n<!-- \/ Yoast SEO Premium plugin. -->","yoast_head_json":{"title":"CGF Serie PET Botella de lavado 3 en 1 m\u00e1quina de llenado y tapado de l\u00edquidos - ALF PACK","robots":{"index":"index","follow":"follow","max-snippet":"max-snippet:-1","max-image-preview":"max-image-preview:large","max-video-preview":"max-video-preview:-1"},"canonical":"https:\/\/alfequipment.com\/es\/product\/cgf-serie-pet-botella-de-3-en-1-lavado-llenado-y-tapado-de-la-maquina-para-el-liquido\/","og_locale":"es_ES","og_type":"article","og_title":"CGF Series PET Bottle of 3 in 1 washing filling and capping machine for liquid","og_description":"Cgf8-8-4 Pet Bottle Washing Filling Capping 3 In 1 Machine","og_url":"https:\/\/alfequipment.com\/es\/product\/cgf-serie-pet-botella-de-3-en-1-lavado-llenado-y-tapado-de-la-maquina-para-el-liquido\/","og_site_name":"ALF PACK","article_modified_time":"2025-01-13T13:08:59+00:00","og_image":[{"width":800,"height":800,"url":"https:\/\/alfequipment.com\/wp-content\/uploads\/2025\/01\/CGF-Series-PET-Bottle-of-3-in.jpg","type":"image\/webp"}],"twitter_card":"summary_large_image","twitter_misc":{"Tiempo de lectura":"1 minuto"},"schema":{"@context":"https:\/\/schema.org","@graph":[{"@type":"WebPage","@id":"https:\/\/alfequipment.com\/product\/cgf-series-pet-bottle-of-3-in-1-washing-filling-and-capping-machine-for-liquid\/","url":"https:\/\/alfequipment.com\/product\/cgf-series-pet-bottle-of-3-in-1-washing-filling-and-capping-machine-for-liquid\/","name":"CGF Serie PET Botella de lavado 3 en 1 m\u00e1quina de llenado y tapado de l\u00edquidos - ALF PACK","isPartOf":{"@id":"https:\/\/alfequipment.com\/#website"},"primaryImageOfPage":{"@id":"https:\/\/alfequipment.com\/product\/cgf-series-pet-bottle-of-3-in-1-washing-filling-and-capping-machine-for-liquid\/#primaryimage"},"image":{"@id":"https:\/\/alfequipment.com\/product\/cgf-series-pet-bottle-of-3-in-1-washing-filling-and-capping-machine-for-liquid\/#primaryimage"},"thumbnailUrl":"https:\/\/alfequipment.com\/wp-content\/uploads\/2025\/01\/CGF-Series-PET-Bottle-of-3-in.jpg","datePublished":"2024-12-19T16:38:39+00:00","dateModified":"2025-01-13T13:08:59+00:00","breadcrumb":{"@id":"https:\/\/alfequipment.com\/product\/cgf-series-pet-bottle-of-3-in-1-washing-filling-and-capping-machine-for-liquid\/#breadcrumb"},"inLanguage":"es","potentialAction":[{"@type":"ReadAction","target":["https:\/\/alfequipment.com\/product\/cgf-series-pet-bottle-of-3-in-1-washing-filling-and-capping-machine-for-liquid\/"]}]},{"@type":"ImageObject","inLanguage":"es","@id":"https:\/\/alfequipment.com\/product\/cgf-series-pet-bottle-of-3-in-1-washing-filling-and-capping-machine-for-liquid\/#primaryimage","url":"https:\/\/alfequipment.com\/wp-content\/uploads\/2025\/01\/CGF-Series-PET-Bottle-of-3-in.jpg","contentUrl":"https:\/\/alfequipment.com\/wp-content\/uploads\/2025\/01\/CGF-Series-PET-Bottle-of-3-in.jpg","width":800,"height":800},{"@type":"BreadcrumbList","@id":"https:\/\/alfequipment.com\/product\/cgf-series-pet-bottle-of-3-in-1-washing-filling-and-capping-machine-for-liquid\/#breadcrumb","itemListElement":[{"@type":"ListItem","position":1,"name":"Home","item":"https:\/\/alfequipment.com\/"},{"@type":"ListItem","position":2,"name":"Shop","item":"https:\/\/alfequipment.com\/shop\/"},{"@type":"ListItem","position":3,"name":"CGF Series PET Bottle of 3 in 1 washing filling and capping machine for liquid"}]},{"@type":"WebSite","@id":"https:\/\/alfequipment.com\/#website","url":"https:\/\/alfequipment.com\/","name":"PAQUETE ALF","description":"","publisher":{"@id":"https:\/\/alfequipment.com\/#organization"},"potentialAction":[{"@type":"SearchAction","target":{"@type":"EntryPoint","urlTemplate":"https:\/\/alfequipment.com\/?s={search_term_string}"},"query-input":{"@type":"PropertyValueSpecification","valueRequired":true,"valueName":"search_term_string"}}],"inLanguage":"es"},{"@type":"Organization","@id":"https:\/\/alfequipment.com\/#organization","name":"PAQUETE ALF","url":"https:\/\/alfequipment.com\/","logo":{"@type":"ImageObject","inLanguage":"es","@id":"https:\/\/alfequipment.com\/#\/schema\/logo\/image\/","url":"https:\/\/alfequipment.com\/wp-content\/uploads\/2024\/11\/ALFlogo-2.webp","contentUrl":"https:\/\/alfequipment.com\/wp-content\/uploads\/2024\/11\/ALFlogo-2.webp","width":758,"height":750,"caption":"ALF PACK"},"image":{"@id":"https:\/\/alfequipment.com\/#\/schema\/logo\/image\/"}}]}},"_links":{"self":[{"href":"https:\/\/alfequipment.com\/es\/wp-json\/wp\/v2\/product\/2933","targetHints":{"allow":["GET"]}}],"collection":[{"href":"https:\/\/alfequipment.com\/es\/wp-json\/wp\/v2\/product"}],"about":[{"href":"https:\/\/alfequipment.com\/es\/wp-json\/wp\/v2\/types\/product"}],"replies":[{"embeddable":true,"href":"https:\/\/alfequipment.com\/es\/wp-json\/wp\/v2\/comments?post=2933"}],"version-history":[{"count":0,"href":"https:\/\/alfequipment.com\/es\/wp-json\/wp\/v2\/product\/2933\/revisions"}],"wp:featuredmedia":[{"embeddable":true,"href":"https:\/\/alfequipment.com\/es\/wp-json\/wp\/v2\/media\/2700"}],"wp:attachment":[{"href":"https:\/\/alfequipment.com\/es\/wp-json\/wp\/v2\/media?parent=2933"}],"wp:term":[{"taxonomy":"product_brand","embeddable":true,"href":"https:\/\/alfequipment.com\/es\/wp-json\/wp\/v2\/product_brand?post=2933"},{"taxonomy":"product_cat","embeddable":true,"href":"https:\/\/alfequipment.com\/es\/wp-json\/wp\/v2\/product_cat?post=2933"},{"taxonomy":"product_tag","embeddable":true,"href":"https:\/\/alfequipment.com\/es\/wp-json\/wp\/v2\/product_tag?post=2933"}],"curies":[{"name":"wp","href":"https:\/\/api.w.org\/{rel}","templated":true}]}}