{"id":2944,"date":"2024-12-03T12:11:59","date_gmt":"2024-12-03T12:11:59","guid":{"rendered":"https:\/\/alfequipment.com\/product\/sop810-ink-jet-printer\/"},"modified":"2025-01-13T13:09:08","modified_gmt":"2025-01-13T13:09:08","slug":"sop810-impresora-de-inyeccion-de-tinta","status":"publish","type":"product","link":"https:\/\/alfequipment.com\/es\/product\/sop810-impresora-de-inyeccion-de-tinta\/","title":{"rendered":"SOP810 IMPRESORA DE INYECCI\u00d3N DE TINTA"},"content":{"rendered":"<p><span style=\"font-size: 12.0pt;\">La impresora de inyecci\u00f3n de tinta SOP810 adopta una bomba de septum incorporada cuatro bombas un \u00f3rgano <\/span><span style=\"font-size: 12.0pt;\">dise\u00f1o, la boquilla es ternaria t\u00e9cnica anti-bloqueo. El modo \u00fanico de control de la viscosidad de la tinta y la innovaci\u00f3n completa del sistema de canal de tinta hacen que la impresora obtenga resultados mundialmente famosos en la t\u00e9cnica principal de alta estabilidad, alta credibilidad y bajo coste, satisfaciendo en gran medida las expectativas de los clientes. La interfaz flexible de operaci\u00f3n hombre-m\u00e1quina, la potente t\u00e9cnica de software multifunci\u00f3n y el dise\u00f1o duradero de la boquilla garantizan que la bomba incorporada SOP 600 funcione de forma m\u00e1s cre\u00edble, la forma de las letras sea m\u00e1s bonita y el mantenimiento m\u00e1s c\u00f3modo. Adem\u00e1s, los productos se aplican ampliamente a la impresi\u00f3n no t\u00e1ctil para bebidas, alimentos, medicina, industria qu\u00edmica, material arquitect\u00f3nico e industrias electr\u00f3nicas. <\/span><\/p>\n<p align=\"left\" style=\"margin-left: 36.0pt; text-align: left;\"><strong><span style=\"font-size: 14.0pt;\">II.&nbsp;&nbsp;&nbsp;&nbsp;&nbsp;&nbsp;&nbsp;&nbsp;&nbsp;&nbsp;&nbsp;&nbsp;&nbsp;&nbsp; <\/span><\/strong><strong><span style=\"font-size: 14.0pt;\">Funci\u00f3n de impresi\u00f3n: &nbsp;<\/span><\/strong><\/p>\n<p align=\"left\" style=\"margin-left: 21.25pt; text-align: left;\"><span style=\"font-size: 12.0pt;\">1.&nbsp;&nbsp;&nbsp;&nbsp;&nbsp;&nbsp;&nbsp; <\/span><span style=\"font-size: 12.0pt;\">L\u00edneas de impresi\u00f3n: 1-4 l\u00edneas (ajustable)<\/span><\/p>\n<p align=\"left\" style=\"margin-left: 21.3pt; text-align: left;\"><span style=\"font-size: 12.0pt;\">2.&nbsp;&nbsp;&nbsp;&nbsp;&nbsp;&nbsp;&nbsp; <\/span><span style=\"font-size: 12.0pt;\">Entramado de letras: 5X5, 5X7, 7X9, 6X12, 8X16, 12X16, 11X24, 16X32 autoprepare la informaci\u00f3n de la matriz de puntos cuando haya menos de 32 matrices de puntos. <\/span><\/p>\n<p align=\"left\" style=\"margin-left: 36.0pt; text-align: left;\"><span style=\"font-size: 12.0pt;\">3.&nbsp;&nbsp;&nbsp;&nbsp;&nbsp;&nbsp;&nbsp; <\/span><span style=\"font-size: 12.0pt;\">Almacenamiento de informaci\u00f3n: almacenamiento ilimitado de informaci\u00f3n de impresi\u00f3n<\/span><\/p>\n<p align=\"left\" style=\"margin-left: 36.0pt; text-align: left;\"><span style=\"font-size: 12.0pt;\">4.&nbsp;&nbsp;&nbsp;&nbsp;&nbsp;&nbsp;&nbsp; <\/span><span style=\"font-size: 12.0pt;\">Interfaz de funcionamiento: pantalla t\u00e1ctil en color, men\u00fa chino-ingl\u00e9s<\/span><\/p>\n<p align=\"left\" style=\"margin-left: 36.0pt; text-align: left;\"><span style=\"font-size: 12.0pt;\">5.&nbsp;&nbsp;&nbsp;&nbsp;&nbsp;&nbsp;&nbsp; <\/span><span style=\"font-size: 12.0pt;\">Velocidad de impresi\u00f3n 3m\/s (Una l\u00ednea 5X7) <\/span><\/p>\n<p align=\"left\" style=\"margin-left: 36.0pt; text-align: left;\"><span style=\"font-size: 12.0pt;\">6.&nbsp;&nbsp;&nbsp;&nbsp;&nbsp;&nbsp;&nbsp; <\/span><span style=\"font-size: 12.0pt;\">Longitud de impresi\u00f3n: 1024 caracteres<\/span><\/p>\n<p align=\"left\" style=\"margin-left: 36.0pt; text-align: left;\"><span style=\"font-size: 12.0pt;\">7.&nbsp;&nbsp;&nbsp;&nbsp;&nbsp;&nbsp;&nbsp; <\/span><span style=\"font-size: 12.0pt;\">Entrada de chino: m\u00e9todo de entrada de pinyin, m\u00e9todo de entrada de c\u00f3digo de bits de zona<\/span><\/p>\n<p align=\"left\" style=\"margin-left: 21.3pt; text-align: left;\"><span style=\"font-size: 12.0pt;\">8.&nbsp;&nbsp;&nbsp;&nbsp;&nbsp;&nbsp;&nbsp; <\/span><span style=\"font-size: 12.0pt;\">Contenido de la impresi\u00f3n: fecha, hora, periodo de validez autom\u00e1tico, n\u00famero de clase, n\u00famero de lote, n\u00famero de serie, cuatro grupos de contadores, recuento de contadores, patrones autopreparados, c\u00f3digo de barras variable, c\u00f3digo antifalsificaci\u00f3n, varios idiomas, varios tipos de letra (admite firma personal)<\/span><\/p>\n<p align=\"left\" style=\"margin-left: 36.0pt; text-align: left;\"><span style=\"font-size: 12.0pt;\">9.&nbsp;&nbsp;&nbsp;&nbsp;&nbsp;&nbsp;&nbsp; <\/span><span style=\"font-size: 12.0pt;\">Tinta de impresi\u00f3n: negro, azul, rojo y otros colores de tinta<\/span><\/p>\n<p align=\"left\" style=\"margin-left: 36.0pt; text-align: left;\"><span style=\"font-size: 12.0pt;\">10.&nbsp;&nbsp;&nbsp; <\/span><span style=\"font-size: 12.0pt;\">Longitud de impresi\u00f3n de caracteres: 1-15mm(ajustable)<\/span><\/p>\n<p align=\"left\" style=\"margin-left: 36.0pt; text-align: left;\"><span style=\"font-size: 12.0pt;\">11.&nbsp;&nbsp;&nbsp; <\/span><span style=\"font-size: 12.0pt;\">Distancia de impresi\u00f3n: 0-30mm(ajustable)<\/span><\/p>\n<p align=\"left\" style=\"margin-right: -17.0pt; margin-left: 21.3pt; text-align: left;\"><span style=\"font-size: 12.0pt;\">12.&nbsp;&nbsp;&nbsp; <\/span><span style=\"font-size: 12.0pt;\">Direcci\u00f3n del car\u00e1cter: car\u00e1cter normal, car\u00e1cter invertido, car\u00e1cter invertido inverso, la direcci\u00f3n de impresi\u00f3n se puede establecer de forma independiente para un solo car\u00e1cter.<\/span><\/p>\n<p align=\"left\" style=\"margin-left: 36.0pt; text-align: left;\"><span style=\"font-size: 12.0pt;\">13.&nbsp;&nbsp;&nbsp; <\/span><span style=\"font-size: 12.0pt;\">Distancia entre caracteres: 1-8 veces, edici\u00f3n libre punto por punto disponible<\/span><\/p>\n<p>&nbsp;<\/p>\n<p><span style=\"font-size: 16px;\">&nbsp;<span style=\"color: #ff0000;\"><strong>Mark: El transportador y el soporte son opcionales, hay que pagarlos aparte.<\/strong><\/span><\/span><\/p>\n<p>&nbsp;<\/p>\n<p>&nbsp;<\/p>\n<p><\/p>","protected":false},"excerpt":{"rendered":"<p>Sop810 Impresora Industrial Autom\u00e1tica de Chorro de Tinta Codificadora de Fechas<\/p>","protected":false},"featured_media":2722,"comment_status":"closed","ping_status":"open","template":"","meta":[],"product_brand":[],"product_cat":[104],"product_tag":[],"class_list":{"0":"post-2944","1":"product","2":"type-product","3":"status-publish","4":"has-post-thumbnail","6":"product_cat-inkjet-printers","8":"first","9":"instock","10":"sale","11":"purchasable","12":"product-type-simple"},"yoast_head":"<!-- This site is optimized with the Yoast SEO Premium plugin v20.9 (Yoast SEO v26.5) - https:\/\/yoast.com\/wordpress\/plugins\/seo\/ -->\n<title>SOP810 INK JET PRINTER - ALF PACK<\/title>\n<meta name=\"robots\" content=\"index, follow, max-snippet:-1, max-image-preview:large, max-video-preview:-1\" \/>\n<link rel=\"canonical\" href=\"https:\/\/alfequipment.com\/es\/product\/sop810-impresora-de-inyeccion-de-tinta\/\" \/>\n<meta property=\"og:locale\" content=\"es_ES\" \/>\n<meta property=\"og:type\" content=\"article\" \/>\n<meta property=\"og:title\" content=\"SOP810 INK JET PRINTER\" \/>\n<meta property=\"og:description\" content=\"Sop810 Automatic Industrial Ink Jet Printer Date Coding Machine\" \/>\n<meta property=\"og:url\" content=\"https:\/\/alfequipment.com\/es\/product\/sop810-impresora-de-inyeccion-de-tinta\/\" \/>\n<meta property=\"og:site_name\" content=\"ALF PACK\" \/>\n<meta property=\"article:modified_time\" content=\"2025-01-13T13:09:08+00:00\" \/>\n<meta property=\"og:image\" content=\"https:\/\/alfequipment.com\/wp-content\/uploads\/2025\/01\/H9099159c63d94e258a50c96bc52aa0fcm.jpg\" \/>\n\t<meta property=\"og:image:width\" content=\"839\" \/>\n\t<meta property=\"og:image:height\" content=\"741\" \/>\n\t<meta property=\"og:image:type\" content=\"image\/webp\" \/>\n<meta name=\"twitter:card\" content=\"summary_large_image\" \/>\n<meta name=\"twitter:label1\" content=\"Tiempo de lectura\" \/>\n\t<meta name=\"twitter:data1\" content=\"2 minutos\" \/>\n<script type=\"application\/ld+json\" class=\"yoast-schema-graph\">{\"@context\":\"https:\/\/schema.org\",\"@graph\":[{\"@type\":\"WebPage\",\"@id\":\"https:\/\/alfequipment.com\/product\/sop810-ink-jet-printer\/\",\"url\":\"https:\/\/alfequipment.com\/product\/sop810-ink-jet-printer\/\",\"name\":\"SOP810 INK JET PRINTER - ALF PACK\",\"isPartOf\":{\"@id\":\"https:\/\/alfequipment.com\/#website\"},\"primaryImageOfPage\":{\"@id\":\"https:\/\/alfequipment.com\/product\/sop810-ink-jet-printer\/#primaryimage\"},\"image\":{\"@id\":\"https:\/\/alfequipment.com\/product\/sop810-ink-jet-printer\/#primaryimage\"},\"thumbnailUrl\":\"https:\/\/alfequipment.com\/wp-content\/uploads\/2025\/01\/H9099159c63d94e258a50c96bc52aa0fcm.jpg\",\"datePublished\":\"2024-12-03T12:11:59+00:00\",\"dateModified\":\"2025-01-13T13:09:08+00:00\",\"breadcrumb\":{\"@id\":\"https:\/\/alfequipment.com\/product\/sop810-ink-jet-printer\/#breadcrumb\"},\"inLanguage\":\"es\",\"potentialAction\":[{\"@type\":\"ReadAction\",\"target\":[\"https:\/\/alfequipment.com\/product\/sop810-ink-jet-printer\/\"]}]},{\"@type\":\"ImageObject\",\"inLanguage\":\"es\",\"@id\":\"https:\/\/alfequipment.com\/product\/sop810-ink-jet-printer\/#primaryimage\",\"url\":\"https:\/\/alfequipment.com\/wp-content\/uploads\/2025\/01\/H9099159c63d94e258a50c96bc52aa0fcm.jpg\",\"contentUrl\":\"https:\/\/alfequipment.com\/wp-content\/uploads\/2025\/01\/H9099159c63d94e258a50c96bc52aa0fcm.jpg\",\"width\":839,\"height\":741},{\"@type\":\"BreadcrumbList\",\"@id\":\"https:\/\/alfequipment.com\/product\/sop810-ink-jet-printer\/#breadcrumb\",\"itemListElement\":[{\"@type\":\"ListItem\",\"position\":1,\"name\":\"Home\",\"item\":\"https:\/\/alfequipment.com\/\"},{\"@type\":\"ListItem\",\"position\":2,\"name\":\"Shop\",\"item\":\"https:\/\/alfequipment.com\/shop\/\"},{\"@type\":\"ListItem\",\"position\":3,\"name\":\"SOP810 INK JET PRINTER\"}]},{\"@type\":\"WebSite\",\"@id\":\"https:\/\/alfequipment.com\/#website\",\"url\":\"https:\/\/alfequipment.com\/\",\"name\":\"ALF PACK\",\"description\":\"\",\"publisher\":{\"@id\":\"https:\/\/alfequipment.com\/#organization\"},\"potentialAction\":[{\"@type\":\"SearchAction\",\"target\":{\"@type\":\"EntryPoint\",\"urlTemplate\":\"https:\/\/alfequipment.com\/?s={search_term_string}\"},\"query-input\":{\"@type\":\"PropertyValueSpecification\",\"valueRequired\":true,\"valueName\":\"search_term_string\"}}],\"inLanguage\":\"es\"},{\"@type\":\"Organization\",\"@id\":\"https:\/\/alfequipment.com\/#organization\",\"name\":\"ALF PACK\",\"url\":\"https:\/\/alfequipment.com\/\",\"logo\":{\"@type\":\"ImageObject\",\"inLanguage\":\"es\",\"@id\":\"https:\/\/alfequipment.com\/#\/schema\/logo\/image\/\",\"url\":\"https:\/\/alfequipment.com\/wp-content\/uploads\/2024\/11\/ALFlogo-2.webp\",\"contentUrl\":\"https:\/\/alfequipment.com\/wp-content\/uploads\/2024\/11\/ALFlogo-2.webp\",\"width\":758,\"height\":750,\"caption\":\"ALF PACK\"},\"image\":{\"@id\":\"https:\/\/alfequipment.com\/#\/schema\/logo\/image\/\"}}]}<\/script>\n<!-- \/ Yoast SEO Premium plugin. -->","yoast_head_json":{"title":"IMPRESORA DE INYECCI\u00d3N DE TINTA SOP810 - ALF PACK","robots":{"index":"index","follow":"follow","max-snippet":"max-snippet:-1","max-image-preview":"max-image-preview:large","max-video-preview":"max-video-preview:-1"},"canonical":"https:\/\/alfequipment.com\/es\/product\/sop810-impresora-de-inyeccion-de-tinta\/","og_locale":"es_ES","og_type":"article","og_title":"SOP810 INK JET PRINTER","og_description":"Sop810 Automatic Industrial Ink Jet Printer Date Coding Machine","og_url":"https:\/\/alfequipment.com\/es\/product\/sop810-impresora-de-inyeccion-de-tinta\/","og_site_name":"ALF PACK","article_modified_time":"2025-01-13T13:09:08+00:00","og_image":[{"width":839,"height":741,"url":"https:\/\/alfequipment.com\/wp-content\/uploads\/2025\/01\/H9099159c63d94e258a50c96bc52aa0fcm.jpg","type":"image\/webp"}],"twitter_card":"summary_large_image","twitter_misc":{"Tiempo de lectura":"2 minutos"},"schema":{"@context":"https:\/\/schema.org","@graph":[{"@type":"WebPage","@id":"https:\/\/alfequipment.com\/product\/sop810-ink-jet-printer\/","url":"https:\/\/alfequipment.com\/product\/sop810-ink-jet-printer\/","name":"IMPRESORA DE INYECCI\u00d3N DE TINTA SOP810 - ALF PACK","isPartOf":{"@id":"https:\/\/alfequipment.com\/#website"},"primaryImageOfPage":{"@id":"https:\/\/alfequipment.com\/product\/sop810-ink-jet-printer\/#primaryimage"},"image":{"@id":"https:\/\/alfequipment.com\/product\/sop810-ink-jet-printer\/#primaryimage"},"thumbnailUrl":"https:\/\/alfequipment.com\/wp-content\/uploads\/2025\/01\/H9099159c63d94e258a50c96bc52aa0fcm.jpg","datePublished":"2024-12-03T12:11:59+00:00","dateModified":"2025-01-13T13:09:08+00:00","breadcrumb":{"@id":"https:\/\/alfequipment.com\/product\/sop810-ink-jet-printer\/#breadcrumb"},"inLanguage":"es","potentialAction":[{"@type":"ReadAction","target":["https:\/\/alfequipment.com\/product\/sop810-ink-jet-printer\/"]}]},{"@type":"ImageObject","inLanguage":"es","@id":"https:\/\/alfequipment.com\/product\/sop810-ink-jet-printer\/#primaryimage","url":"https:\/\/alfequipment.com\/wp-content\/uploads\/2025\/01\/H9099159c63d94e258a50c96bc52aa0fcm.jpg","contentUrl":"https:\/\/alfequipment.com\/wp-content\/uploads\/2025\/01\/H9099159c63d94e258a50c96bc52aa0fcm.jpg","width":839,"height":741},{"@type":"BreadcrumbList","@id":"https:\/\/alfequipment.com\/product\/sop810-ink-jet-printer\/#breadcrumb","itemListElement":[{"@type":"ListItem","position":1,"name":"Home","item":"https:\/\/alfequipment.com\/"},{"@type":"ListItem","position":2,"name":"Shop","item":"https:\/\/alfequipment.com\/shop\/"},{"@type":"ListItem","position":3,"name":"SOP810 INK JET PRINTER"}]},{"@type":"WebSite","@id":"https:\/\/alfequipment.com\/#website","url":"https:\/\/alfequipment.com\/","name":"PAQUETE ALF","description":"","publisher":{"@id":"https:\/\/alfequipment.com\/#organization"},"potentialAction":[{"@type":"SearchAction","target":{"@type":"EntryPoint","urlTemplate":"https:\/\/alfequipment.com\/?s={search_term_string}"},"query-input":{"@type":"PropertyValueSpecification","valueRequired":true,"valueName":"search_term_string"}}],"inLanguage":"es"},{"@type":"Organization","@id":"https:\/\/alfequipment.com\/#organization","name":"PAQUETE ALF","url":"https:\/\/alfequipment.com\/","logo":{"@type":"ImageObject","inLanguage":"es","@id":"https:\/\/alfequipment.com\/#\/schema\/logo\/image\/","url":"https:\/\/alfequipment.com\/wp-content\/uploads\/2024\/11\/ALFlogo-2.webp","contentUrl":"https:\/\/alfequipment.com\/wp-content\/uploads\/2024\/11\/ALFlogo-2.webp","width":758,"height":750,"caption":"ALF PACK"},"image":{"@id":"https:\/\/alfequipment.com\/#\/schema\/logo\/image\/"}}]}},"_links":{"self":[{"href":"https:\/\/alfequipment.com\/es\/wp-json\/wp\/v2\/product\/2944","targetHints":{"allow":["GET"]}}],"collection":[{"href":"https:\/\/alfequipment.com\/es\/wp-json\/wp\/v2\/product"}],"about":[{"href":"https:\/\/alfequipment.com\/es\/wp-json\/wp\/v2\/types\/product"}],"replies":[{"embeddable":true,"href":"https:\/\/alfequipment.com\/es\/wp-json\/wp\/v2\/comments?post=2944"}],"version-history":[{"count":0,"href":"https:\/\/alfequipment.com\/es\/wp-json\/wp\/v2\/product\/2944\/revisions"}],"wp:featuredmedia":[{"embeddable":true,"href":"https:\/\/alfequipment.com\/es\/wp-json\/wp\/v2\/media\/2722"}],"wp:attachment":[{"href":"https:\/\/alfequipment.com\/es\/wp-json\/wp\/v2\/media?parent=2944"}],"wp:term":[{"taxonomy":"product_brand","embeddable":true,"href":"https:\/\/alfequipment.com\/es\/wp-json\/wp\/v2\/product_brand?post=2944"},{"taxonomy":"product_cat","embeddable":true,"href":"https:\/\/alfequipment.com\/es\/wp-json\/wp\/v2\/product_cat?post=2944"},{"taxonomy":"product_tag","embeddable":true,"href":"https:\/\/alfequipment.com\/es\/wp-json\/wp\/v2\/product_tag?post=2944"}],"curies":[{"name":"wp","href":"https:\/\/api.w.org\/{rel}","templated":true}]}}