{"id":2945,"date":"2024-12-01T07:07:55","date_gmt":"2024-12-01T07:07:55","guid":{"rendered":"https:\/\/alfequipment.com\/product\/air-mat-am320-air-cushion-machine\/"},"modified":"2025-01-13T13:09:08","modified_gmt":"2025-01-13T13:09:08","slug":"colchoneta-de-aire-am320-air-cushion-machine","status":"publish","type":"product","link":"https:\/\/alfequipment.com\/es\/product\/colchoneta-de-aire-am320-air-cushion-machine\/","title":{"rendered":"M\u00e1quina de colchones de aire Air Mat Am320"},"content":{"rendered":"<h1 style=\"margin-top: 0px; margin-bottom: 0px; padding: 0px; font-size: 20px; overflow: hidden; color: #222222; font-family: Arial, sans-serif; line-height: 30px;\">\n<p><span style=\"font-size: 16px;\">Esta m\u00e1quina est\u00e1 desarrollada para producir cojines de aire, que se utilizan para envolver productos delicados para su protecci\u00f3n, como juguetes, productos inform\u00e1ticos, productos electr\u00f3nicos, etc. La m\u00e1quina adopta pel\u00edcula HDPE en rollo. La m\u00e1quina es f\u00e1cil de operar y compacta. La pel\u00edcula HDPE tiene varios tipos para envolver diferentes mercanc\u00edas.<\/p>\n<p>Comparado con otros materiales de acolchado, el colch\u00f3n de aire tiene la ventaja de que cuesta menos material y pesa menos. Adem\u00e1s, el colch\u00f3n de aire puede fabricarse in situ, por lo que reduce el espacio de almacenamiento. El colch\u00f3n de aire tiene una gran capacidad de absorci\u00f3n de impactos, relleno y amortiguaci\u00f3n. Se puede reutilizar y reciclar.<\/span><\/p>\n<div style=\"overflow: auto; clear: both;\">\n<table style=\"border-collapse: collapse; width: 541px; border: 1px solid #cccccc;\">\n<tbody>\n<tr style=\"height: 30px;\">\n<td style=\"margin: 0px; padding: 2px 5px; border: 1px solid #cccccc; width: 82px;\"><span style=\"font-size: 16px;\"><span style=\"font-family: Arial, Helvetica, sans-serif;\">Demensiones<\/span><\/span><\/td>\n<td style=\"margin: 0px; padding: 2px 5px; border: 1px solid #cccccc; width: 174px;\"><span style=\"font-size: 16px;\"><span style=\"font-family: 'Times New Roman', Times, serif;\">420<\/span><\/span><span style=\"font-size: 16px;\"><span style=\"font-family: Arial, Helvetica, sans-serif;\">(<\/span><\/span><span style=\"font-size: 16px;\"><span style=\"font-family: Arial, Helvetica, sans-serif;\">L<\/span><\/span><span style=\"font-size: 16px;\"><span style=\"font-family: Arial, Helvetica, sans-serif;\">)\u00d7<\/span><\/span><span style=\"font-size: 16px;\"><span style=\"font-family: 'Times New Roman', Times, serif;\">300<\/span><\/span><span style=\"font-size: 16px;\"><span style=\"font-family: Arial, Helvetica, sans-serif;\">(<\/span><\/span><span style=\"font-size: 16px;\"><span style=\"font-family: Arial, Helvetica, sans-serif;\">W<\/span><\/span><span style=\"font-size: 16px;\"><span style=\"font-family: Arial, Helvetica, sans-serif;\">)\u00d7<\/span><\/span><span style=\"font-size: 16px;\"><span style=\"font-family: 'Times New Roman', Times, serif;\">332<\/span><\/span><span style=\"font-size: 16px;\"><span style=\"font-family: Arial, Helvetica, sans-serif;\">(H)mm<\/span><\/span><\/td>\n<td style=\"margin: 0px; padding: 2px 5px; border: 1px solid #cccccc; width: 19px;\">&nbsp;<\/td>\n<td style=\"margin: 0px; padding: 2px 5px; border: 1px solid #cccccc; width: 86px;\"><span style=\"font-size: 16px;\"><span style=\"font-family: Arial, Helvetica, sans-serif;\">S<\/span><\/span><span style=\"font-size: 16px;\"><span style=\"font-family: Arial, Helvetica, sans-serif;\">ama\u00f1o de la burbuja<\/span><\/span><\/td>\n<td style=\"margin: 0px; padding: 2px 5px; border: 1px solid #cccccc; width: 24px;\">&nbsp;<\/td>\n<td style=\"margin: 0px; padding: 2px 5px; border: 1px solid #cccccc; width: 156px;\"><span style=\"font-size: 16px;\"><span style=\"font-family: 'Times New Roman', Times, serif;\">200<\/span><\/span><span style=\"font-size: 16px;\"><span style=\"font-family: Arial, Helvetica, sans-serif;\">\u00d7<\/span><\/span><span style=\"font-size: 16px;\"><span style=\"font-family: 'Times New Roman', Times, serif;\">120<\/span><\/span><span style=\"font-size: 16px;\"><span style=\"font-family: Arial, Helvetica, sans-serif;\">mm<\/span><\/span><\/td>\n<\/tr>\n<tr style=\"height: 35px;\">\n<td style=\"margin: 0px; padding: 2px 5px; border: 1px solid #cccccc; width: 82px;\"><span style=\"font-size: 16px;\"><span style=\"font-family: Arial, Helvetica, sans-serif;\">W<\/span><\/span><span style=\"font-size: 16px;\"><span style=\"font-family: Arial, Helvetica, sans-serif;\">ocho<\/span><\/span><\/td>\n<td style=\"margin: 0px; padding: 2px 5px; border: 1px solid #cccccc; width: 174px;\"><span style=\"font-size: 16px;\"><span style=\"font-family: 'Times New Roman', Times, serif;\">13.65<\/span><\/span><span style=\"font-size: 16px;\"><span style=\"font-family: Arial, Helvetica, sans-serif;\">Kg<\/span><\/span><\/td>\n<td style=\"margin: 0px; padding: 2px 5px; border: 1px solid #cccccc; width: 19px;\">&nbsp;<\/td>\n<td style=\"margin: 0px; padding: 2px 5px; border: 1px solid #cccccc; width: 86px;\">&nbsp;<\/td>\n<td style=\"margin: 0px; padding: 2px 5px; border: 1px solid #cccccc; width: 24px;\">&nbsp;<\/td>\n<td style=\"margin: 0px; padding: 2px 5px; border: 1px solid #cccccc; width: 156px;\"><span style=\"font-size: 16px;\"><span style=\"font-family: 'Times New Roman', Times, serif;\">200<\/span><\/span><span style=\"font-size: 16px;\"><span style=\"font-family: Arial, Helvetica, sans-serif;\">\u00d7<\/span><\/span><span style=\"font-size: 16px;\"><span style=\"font-family: 'Times New Roman', Times, serif;\">200<\/span><\/span><span style=\"font-size: 16px;\"><span style=\"font-family: Arial, Helvetica, sans-serif;\">mm<\/span><\/span><\/td>\n<\/tr>\n<tr style=\"height: 28px;\">\n<td style=\"margin: 0px; padding: 2px 5px; border: 1px solid #cccccc; width: 82px;\"><span style=\"font-size: 16px;\"><span style=\"font-family: Arial, Helvetica, sans-serif;\">Potencia<\/span><\/span><\/td>\n<td style=\"margin: 0px; padding: 2px 5px; border: 1px solid #cccccc; width: 174px;\"><span style=\"font-size: 16px;\"><span style=\"font-family: 'Times New Roman', Times, serif;\">0.3<\/span><\/span><span style=\"font-size: 16px;\"><span style=\"font-family: Arial, Helvetica, sans-serif;\">KW<\/span><\/span><\/td>\n<td style=\"margin: 0px; padding: 2px 5px; border: 1px solid #cccccc; width: 19px;\">&nbsp;<\/td>\n<td style=\"margin: 0px; padding: 2px 5px; border: 1px solid #cccccc; width: 86px;\">&nbsp;<\/td>\n<td style=\"margin: 0px; padding: 2px 5px; border: 1px solid #cccccc; width: 24px;\">&nbsp;<\/td>\n<td style=\"margin: 0px; padding: 2px 5px; border: 1px solid #cccccc; width: 156px;\"><span style=\"font-size: 16px;\"><span style=\"font-family: 'Times New Roman', Times, serif;\">200<\/span><\/span><span style=\"font-size: 16px;\"><span style=\"font-family: Arial, Helvetica, sans-serif;\">\u00d7<\/span><\/span><span style=\"font-size: 16px;\"><span style=\"font-family: 'Times New Roman', Times, serif;\">300<\/span><\/span><span style=\"font-size: 16px;\"><span style=\"font-family: Arial, Helvetica, sans-serif;\">mm<\/span><\/span><\/td>\n<\/tr>\n<tr style=\"height: 30px;\">\n<td style=\"margin: 0px; padding: 2px 5px; border: 1px solid #cccccc; width: 82px;\">&nbsp;<br \/><span style=\"font-size: 16px;\"><span style=\"font-family: Arial, Helvetica, sans-serif;\">Velocidad<\/span><\/span><\/td>\n<td style=\"margin: 0px; padding: 2px 5px; border: 1px solid #cccccc; width: 174px;\"><span style=\"font-size: 16px;\"><span style=\"font-family: 'Times New Roman', Times, serif;\">12<\/span><\/span><span style=\"font-size: 16px;\"><span style=\"font-family: Arial, Helvetica, sans-serif;\">~16<\/span><\/span><span style=\"font-size: 16px;\"><span style=\"font-family: Arial, Helvetica, sans-serif;\">m\/min<\/span><\/span><\/td>\n<td style=\"margin: 0px; padding: 2px 5px; border: 1px solid #cccccc; width: 19px;\">&nbsp;<\/td>\n<td style=\"margin: 0px; padding: 2px 5px; border: 1px solid #cccccc; width: 86px;\"><span style=\"font-size: 16px;\"><span style=\"font-family: Arial, Helvetica, sans-serif;\">F<\/span><\/span><span style=\"font-size: 16px;\"><span style=\"font-family: Arial, Helvetica, sans-serif;\">especificaci\u00f3n ilm<\/span><\/span><\/td>\n<td style=\"margin: 0px; padding: 2px 5px; border: 1px solid #cccccc; width: 24px;\">&nbsp;<\/td>\n<td style=\"margin: 0px; padding: 2px 5px; border: 1px solid #cccccc; width: 156px;\"><span style=\"font-size: 16px;\"><span style=\"font-family: 'Times New Roman', Times, serif;\">200<\/span><\/span><span style=\"font-size: 16px;\"><span style=\"font-family: Arial, Helvetica, sans-serif;\">(<\/span><\/span><span style=\"font-size: 16px;\"><span style=\"font-family: Arial, Helvetica, sans-serif;\">W<\/span><\/span><span style=\"font-size: 16px;\"><span style=\"font-family: Arial, Helvetica, sans-serif;\">)\u00d7<\/span><\/span><span style=\"font-size: 16px;\"><span style=\"font-family: 'Times New Roman', Times, serif;\">450<\/span><\/span><span style=\"font-size: 16px;\"><span style=\"font-family: Arial, Helvetica, sans-serif;\">m<\/span><\/span><span style=\"font-size: 16px;\"><span style=\"font-family: Arial, Helvetica, sans-serif;\">\u00d7<\/span><\/span><span style=\"font-size: 16px;\"><span style=\"font-family: 'Times New Roman', Times, serif;\">30<\/span><\/span><span style=\"font-size: 16px;\"><span style=\"font-family: Arial, Helvetica, sans-serif;\">\u03bcm(T)<\/span><\/span><\/td>\n<\/tr>\n<tr style=\"height: 35px;\">\n<td style=\"margin: 0px; padding: 2px 5px; border: 1px solid #cccccc; width: 82px;\"><span style=\"font-size: 16px;\"><span style=\"font-family: Arial, Helvetica, sans-serif;\">F<\/span><\/span><span style=\"font-size: 16px;\"><span style=\"font-family: Arial, Helvetica, sans-serif;\">material ilm<\/span><\/span><\/td>\n<td style=\"margin: 0px; padding: 2px 5px; border: 1px solid #cccccc; width: 174px;\"><span style=\"font-size: 16px;\"><span style=\"font-family: Arial, Helvetica, sans-serif;\">PE<\/span><\/span><\/td>\n<td style=\"margin: 0px; padding: 2px 5px; border: 1px solid #cccccc; width: 19px;\">&nbsp;<\/td>\n<td style=\"margin: 0px; padding: 2px 5px; border: 1px solid #cccccc; width: 86px;\">&nbsp;<\/td>\n<td style=\"margin: 0px; padding: 2px 5px; border: 1px solid #cccccc; width: 24px;\">&nbsp;<\/td>\n<td style=\"margin: 0px; padding: 2px 5px; border: 1px solid #cccccc; width: 156px;\"><span style=\"font-size: 16px;\"><span style=\"font-family: 'Times New Roman', Times, serif;\">200<\/span><\/span><span style=\"font-size: 16px;\"><span style=\"font-family: Arial, Helvetica, sans-serif;\">(<\/span><\/span><span style=\"font-size: 16px;\"><span style=\"font-family: Arial, Helvetica, sans-serif;\">W<\/span><\/span><span style=\"font-size: 16px;\"><span style=\"font-family: Arial, Helvetica, sans-serif;\">)\u00d7<\/span><\/span><span style=\"font-size: 16px;\"><span style=\"font-family: 'Times New Roman', Times, serif;\">700<\/span><\/span><span style=\"font-size: 16px;\"><span style=\"font-family: Arial, Helvetica, sans-serif;\">m<\/span><\/span><span style=\"font-size: 16px;\"><span style=\"font-family: Arial, Helvetica, sans-serif;\">\u00d7<\/span><\/span><span style=\"font-size: 16px;\"><span style=\"font-family: 'Times New Roman', Times, serif;\">20<\/span><\/span><span style=\"font-size: 16px;\"><span style=\"font-family: Arial, Helvetica, sans-serif;\">\u03bcm(T)<\/span><\/span><\/td>\n<\/tr>\n<tr style=\"height: 47px;\">\n<td style=\"margin: 0px; padding: 2px 5px; border: 1px solid #cccccc; width: 82px;\"><span style=\"font-size: 16px;\"><span style=\"font-family: Arial, Helvetica, sans-serif;\">P<\/span><\/span><span style=\"font-size: 16px;\"><span style=\"font-family: Arial, Helvetica, sans-serif;\">Suministro de agua<\/span><\/span><\/td>\n<td style=\"margin: 0px; padding: 2px 5px; border: 1px solid #cccccc; width: 174px;\"><span style=\"font-size: 16px;\"><span style=\"font-family: Arial, Helvetica, sans-serif;\">110<\/span><\/span><span style=\"font-size: 16px;\"><span style=\"font-family: Arial, Helvetica, sans-serif;\">V<\/span><\/span><span style=\"font-size: 16px;\"><span style=\"font-family: Arial, Helvetica, sans-serif;\">,<\/span><\/span><span style=\"font-size: 16px;\"><span style=\"font-family: Arial, Helvetica, sans-serif;\">6<\/span><\/span><span style=\"font-size: 16px;\"><span style=\"font-family: 'Times New Roman', Times, serif;\">0<\/span><\/span><span style=\"font-size: 16px;\"><span style=\"font-family: Arial, Helvetica, sans-serif;\">Hz<\/span><\/span><br \/><span style=\"font-size: 16px;\"><span style=\"font-family: Arial, Helvetica, sans-serif;\">220V,50Hz<\/span><\/span><\/td>\n<td style=\"margin: 0px; padding: 2px 5px; border: 1px solid #cccccc; width: 19px;\">&nbsp;<\/td>\n<td style=\"margin: 0px; padding: 2px 5px; border: 1px solid #cccccc; width: 86px;\"><span style=\"font-size: 16px;\"><span style=\"font-family: Arial, Helvetica, sans-serif;\">Color<\/span><\/span><\/td>\n<td style=\"margin: 0px; padding: 2px 5px; border: 1px solid #cccccc; width: 24px;\">&nbsp;<\/td>\n<td style=\"margin: 0px; padding: 2px 5px; border: 1px solid #cccccc; width: 156px;\"><span style=\"font-size: 16px;\"><span style=\"font-family: Arial, Helvetica, sans-serif;\">G<\/span><\/span><span style=\"font-size: 16px;\"><span style=\"font-family: Arial, Helvetica, sans-serif;\">reo o incoloro<\/span><\/span><br \/><span style=\"font-size: 16px;\"><span style=\"font-family: Arial, Helvetica, sans-serif;\">(personalizado&nbsp;<\/span><\/span><span style=\"font-size: 16px;\"><span style=\"font-family: Arial, Helvetica, sans-serif;\">logotipo<\/span><\/span><span style=\"font-size: 16px;\"><span style=\"font-family: Arial, Helvetica, sans-serif;\">)<\/span><\/span><\/td>\n<\/tr>\n<\/tbody>\n<\/table><\/div>\n<p><\/p>\n<\/h1>","protected":false},"excerpt":{"rendered":"<p>Envasadora de colchones de aire<\/p>","protected":false},"featured_media":2724,"comment_status":"closed","ping_status":"open","template":"","meta":[],"product_brand":[],"product_cat":[102],"product_tag":[],"class_list":{"0":"post-2945","1":"product","2":"type-product","3":"status-publish","4":"has-post-thumbnail","6":"product_cat-packaging-machines","8":"first","9":"instock","10":"sale","11":"purchasable","12":"product-type-simple"},"yoast_head":"<!-- This site is optimized with the Yoast SEO Premium plugin v20.9 (Yoast SEO v26.5) - https:\/\/yoast.com\/wordpress\/plugins\/seo\/ -->\n<title>Air Mat Am320 Air Cushion Machine - ALF PACK<\/title>\n<meta name=\"robots\" content=\"index, follow, max-snippet:-1, max-image-preview:large, max-video-preview:-1\" \/>\n<link rel=\"canonical\" href=\"https:\/\/alfequipment.com\/es\/product\/colchoneta-de-aire-am320-air-cushion-machine\/\" \/>\n<meta property=\"og:locale\" content=\"es_ES\" \/>\n<meta property=\"og:type\" content=\"article\" \/>\n<meta property=\"og:title\" content=\"Air Mat Am320 Air Cushion Machine\" \/>\n<meta property=\"og:description\" content=\"Air Cushion Packaging Machine\" \/>\n<meta property=\"og:url\" content=\"https:\/\/alfequipment.com\/es\/product\/colchoneta-de-aire-am320-air-cushion-machine\/\" \/>\n<meta property=\"og:site_name\" content=\"ALF PACK\" \/>\n<meta property=\"article:modified_time\" content=\"2025-01-13T13:09:08+00:00\" \/>\n<meta property=\"og:image\" content=\"https:\/\/alfequipment.com\/wp-content\/uploads\/2025\/01\/Air-Mat-Am320-Air-Cushion-Machine.jpg\" \/>\n\t<meta property=\"og:image:width\" content=\"800\" \/>\n\t<meta property=\"og:image:height\" content=\"800\" \/>\n\t<meta property=\"og:image:type\" content=\"image\/webp\" \/>\n<meta name=\"twitter:card\" content=\"summary_large_image\" \/>\n<meta name=\"twitter:label1\" content=\"Tiempo de lectura\" \/>\n\t<meta name=\"twitter:data1\" content=\"1 minuto\" \/>\n<script type=\"application\/ld+json\" class=\"yoast-schema-graph\">{\"@context\":\"https:\/\/schema.org\",\"@graph\":[{\"@type\":\"WebPage\",\"@id\":\"https:\/\/alfequipment.com\/product\/air-mat-am320-air-cushion-machine\/\",\"url\":\"https:\/\/alfequipment.com\/product\/air-mat-am320-air-cushion-machine\/\",\"name\":\"Air Mat Am320 Air Cushion Machine - ALF PACK\",\"isPartOf\":{\"@id\":\"https:\/\/alfequipment.com\/#website\"},\"primaryImageOfPage\":{\"@id\":\"https:\/\/alfequipment.com\/product\/air-mat-am320-air-cushion-machine\/#primaryimage\"},\"image\":{\"@id\":\"https:\/\/alfequipment.com\/product\/air-mat-am320-air-cushion-machine\/#primaryimage\"},\"thumbnailUrl\":\"https:\/\/alfequipment.com\/wp-content\/uploads\/2025\/01\/Air-Mat-Am320-Air-Cushion-Machine.jpg\",\"datePublished\":\"2024-12-01T07:07:55+00:00\",\"dateModified\":\"2025-01-13T13:09:08+00:00\",\"breadcrumb\":{\"@id\":\"https:\/\/alfequipment.com\/product\/air-mat-am320-air-cushion-machine\/#breadcrumb\"},\"inLanguage\":\"es\",\"potentialAction\":[{\"@type\":\"ReadAction\",\"target\":[\"https:\/\/alfequipment.com\/product\/air-mat-am320-air-cushion-machine\/\"]}]},{\"@type\":\"ImageObject\",\"inLanguage\":\"es\",\"@id\":\"https:\/\/alfequipment.com\/product\/air-mat-am320-air-cushion-machine\/#primaryimage\",\"url\":\"https:\/\/alfequipment.com\/wp-content\/uploads\/2025\/01\/Air-Mat-Am320-Air-Cushion-Machine.jpg\",\"contentUrl\":\"https:\/\/alfequipment.com\/wp-content\/uploads\/2025\/01\/Air-Mat-Am320-Air-Cushion-Machine.jpg\",\"width\":800,\"height\":800},{\"@type\":\"BreadcrumbList\",\"@id\":\"https:\/\/alfequipment.com\/product\/air-mat-am320-air-cushion-machine\/#breadcrumb\",\"itemListElement\":[{\"@type\":\"ListItem\",\"position\":1,\"name\":\"Home\",\"item\":\"https:\/\/alfequipment.com\/\"},{\"@type\":\"ListItem\",\"position\":2,\"name\":\"Shop\",\"item\":\"https:\/\/alfequipment.com\/shop\/\"},{\"@type\":\"ListItem\",\"position\":3,\"name\":\"Air Mat Am320 Air Cushion Machine\"}]},{\"@type\":\"WebSite\",\"@id\":\"https:\/\/alfequipment.com\/#website\",\"url\":\"https:\/\/alfequipment.com\/\",\"name\":\"ALF PACK\",\"description\":\"\",\"publisher\":{\"@id\":\"https:\/\/alfequipment.com\/#organization\"},\"potentialAction\":[{\"@type\":\"SearchAction\",\"target\":{\"@type\":\"EntryPoint\",\"urlTemplate\":\"https:\/\/alfequipment.com\/?s={search_term_string}\"},\"query-input\":{\"@type\":\"PropertyValueSpecification\",\"valueRequired\":true,\"valueName\":\"search_term_string\"}}],\"inLanguage\":\"es\"},{\"@type\":\"Organization\",\"@id\":\"https:\/\/alfequipment.com\/#organization\",\"name\":\"ALF PACK\",\"url\":\"https:\/\/alfequipment.com\/\",\"logo\":{\"@type\":\"ImageObject\",\"inLanguage\":\"es\",\"@id\":\"https:\/\/alfequipment.com\/#\/schema\/logo\/image\/\",\"url\":\"https:\/\/alfequipment.com\/wp-content\/uploads\/2024\/11\/ALFlogo-2.webp\",\"contentUrl\":\"https:\/\/alfequipment.com\/wp-content\/uploads\/2024\/11\/ALFlogo-2.webp\",\"width\":758,\"height\":750,\"caption\":\"ALF PACK\"},\"image\":{\"@id\":\"https:\/\/alfequipment.com\/#\/schema\/logo\/image\/\"}}]}<\/script>\n<!-- \/ Yoast SEO Premium plugin. -->","yoast_head_json":{"title":"M\u00e1quina de colch\u00f3n de aire Air Mat Am320 - ALF PACK","robots":{"index":"index","follow":"follow","max-snippet":"max-snippet:-1","max-image-preview":"max-image-preview:large","max-video-preview":"max-video-preview:-1"},"canonical":"https:\/\/alfequipment.com\/es\/product\/colchoneta-de-aire-am320-air-cushion-machine\/","og_locale":"es_ES","og_type":"article","og_title":"Air Mat Am320 Air Cushion Machine","og_description":"Air Cushion Packaging Machine","og_url":"https:\/\/alfequipment.com\/es\/product\/colchoneta-de-aire-am320-air-cushion-machine\/","og_site_name":"ALF PACK","article_modified_time":"2025-01-13T13:09:08+00:00","og_image":[{"width":800,"height":800,"url":"https:\/\/alfequipment.com\/wp-content\/uploads\/2025\/01\/Air-Mat-Am320-Air-Cushion-Machine.jpg","type":"image\/webp"}],"twitter_card":"summary_large_image","twitter_misc":{"Tiempo de lectura":"1 minuto"},"schema":{"@context":"https:\/\/schema.org","@graph":[{"@type":"WebPage","@id":"https:\/\/alfequipment.com\/product\/air-mat-am320-air-cushion-machine\/","url":"https:\/\/alfequipment.com\/product\/air-mat-am320-air-cushion-machine\/","name":"M\u00e1quina de colch\u00f3n de aire Air Mat Am320 - ALF PACK","isPartOf":{"@id":"https:\/\/alfequipment.com\/#website"},"primaryImageOfPage":{"@id":"https:\/\/alfequipment.com\/product\/air-mat-am320-air-cushion-machine\/#primaryimage"},"image":{"@id":"https:\/\/alfequipment.com\/product\/air-mat-am320-air-cushion-machine\/#primaryimage"},"thumbnailUrl":"https:\/\/alfequipment.com\/wp-content\/uploads\/2025\/01\/Air-Mat-Am320-Air-Cushion-Machine.jpg","datePublished":"2024-12-01T07:07:55+00:00","dateModified":"2025-01-13T13:09:08+00:00","breadcrumb":{"@id":"https:\/\/alfequipment.com\/product\/air-mat-am320-air-cushion-machine\/#breadcrumb"},"inLanguage":"es","potentialAction":[{"@type":"ReadAction","target":["https:\/\/alfequipment.com\/product\/air-mat-am320-air-cushion-machine\/"]}]},{"@type":"ImageObject","inLanguage":"es","@id":"https:\/\/alfequipment.com\/product\/air-mat-am320-air-cushion-machine\/#primaryimage","url":"https:\/\/alfequipment.com\/wp-content\/uploads\/2025\/01\/Air-Mat-Am320-Air-Cushion-Machine.jpg","contentUrl":"https:\/\/alfequipment.com\/wp-content\/uploads\/2025\/01\/Air-Mat-Am320-Air-Cushion-Machine.jpg","width":800,"height":800},{"@type":"BreadcrumbList","@id":"https:\/\/alfequipment.com\/product\/air-mat-am320-air-cushion-machine\/#breadcrumb","itemListElement":[{"@type":"ListItem","position":1,"name":"Home","item":"https:\/\/alfequipment.com\/"},{"@type":"ListItem","position":2,"name":"Shop","item":"https:\/\/alfequipment.com\/shop\/"},{"@type":"ListItem","position":3,"name":"Air Mat Am320 Air Cushion Machine"}]},{"@type":"WebSite","@id":"https:\/\/alfequipment.com\/#website","url":"https:\/\/alfequipment.com\/","name":"PAQUETE ALF","description":"","publisher":{"@id":"https:\/\/alfequipment.com\/#organization"},"potentialAction":[{"@type":"SearchAction","target":{"@type":"EntryPoint","urlTemplate":"https:\/\/alfequipment.com\/?s={search_term_string}"},"query-input":{"@type":"PropertyValueSpecification","valueRequired":true,"valueName":"search_term_string"}}],"inLanguage":"es"},{"@type":"Organization","@id":"https:\/\/alfequipment.com\/#organization","name":"PAQUETE ALF","url":"https:\/\/alfequipment.com\/","logo":{"@type":"ImageObject","inLanguage":"es","@id":"https:\/\/alfequipment.com\/#\/schema\/logo\/image\/","url":"https:\/\/alfequipment.com\/wp-content\/uploads\/2024\/11\/ALFlogo-2.webp","contentUrl":"https:\/\/alfequipment.com\/wp-content\/uploads\/2024\/11\/ALFlogo-2.webp","width":758,"height":750,"caption":"ALF PACK"},"image":{"@id":"https:\/\/alfequipment.com\/#\/schema\/logo\/image\/"}}]}},"_links":{"self":[{"href":"https:\/\/alfequipment.com\/es\/wp-json\/wp\/v2\/product\/2945","targetHints":{"allow":["GET"]}}],"collection":[{"href":"https:\/\/alfequipment.com\/es\/wp-json\/wp\/v2\/product"}],"about":[{"href":"https:\/\/alfequipment.com\/es\/wp-json\/wp\/v2\/types\/product"}],"replies":[{"embeddable":true,"href":"https:\/\/alfequipment.com\/es\/wp-json\/wp\/v2\/comments?post=2945"}],"version-history":[{"count":0,"href":"https:\/\/alfequipment.com\/es\/wp-json\/wp\/v2\/product\/2945\/revisions"}],"wp:featuredmedia":[{"embeddable":true,"href":"https:\/\/alfequipment.com\/es\/wp-json\/wp\/v2\/media\/2724"}],"wp:attachment":[{"href":"https:\/\/alfequipment.com\/es\/wp-json\/wp\/v2\/media?parent=2945"}],"wp:term":[{"taxonomy":"product_brand","embeddable":true,"href":"https:\/\/alfequipment.com\/es\/wp-json\/wp\/v2\/product_brand?post=2945"},{"taxonomy":"product_cat","embeddable":true,"href":"https:\/\/alfequipment.com\/es\/wp-json\/wp\/v2\/product_cat?post=2945"},{"taxonomy":"product_tag","embeddable":true,"href":"https:\/\/alfequipment.com\/es\/wp-json\/wp\/v2\/product_tag?post=2945"}],"curies":[{"name":"wp","href":"https:\/\/api.w.org\/{rel}","templated":true}]}}