{"id":2950,"date":"2024-12-27T09:59:23","date_gmt":"2024-12-27T09:59:23","guid":{"rendered":"https:\/\/alfequipment.com\/product\/fxz-1-automatic-capping-machine-for-bottle-suitable-for-aluminum-ropp-cap\/"},"modified":"2025-01-13T13:09:11","modified_gmt":"2025-01-13T13:09:11","slug":"fxz-1-maquina-tapadora-automatica-para-botella-apta-para-tapon-de-aluminio-ropp","status":"publish","type":"product","link":"https:\/\/alfequipment.com\/es\/product\/fxz-1-maquina-tapadora-automatica-para-botella-apta-para-tapon-de-aluminio-ropp\/","title":{"rendered":"FXZ-1 M\u00e1quina tapadora autom\u00e1tica de botellas (apta para tap\u00f3n de aluminio ROPP)"},"content":{"rendered":"<div id=\"ali-anchor-description\" data-section=\"description\">\n<p>YQX-1 M\u00e1quina tapadora autom\u00e1tica,cierre autom\u00e1tico de tapas de botellas,trabajando con l\u00ednea de producci\u00f3n de agua.<\/p>\n<p><span style=\"font-family: Verdana, Arial, Helvetica, sans-serif;\">Con un rendimiento perfecto, un funcionamiento fiable y un mantenimiento sencillo.<\/span><\/p>\n<p>&nbsp;<\/p>\n<p><span style=\"font-size: 18px;\">Especificaci\u00f3n:<\/span><\/p>\n<table class=\"aliDataTable\" style=\"width: 80%;\" border=\"1\">\n<tbody>\n<tr>\n<td>Modelo<\/td>\n<td><span style=\"color: #000000;\">YQX-1<\/span><\/td>\n<td>YQZ-1<\/td>\n<td><span style=\"color: #ff0000;\">FXZ-1<\/span><\/td>\n<\/tr>\n<tr>\n<td>Tipo de tapa<\/td>\n<td><span style=\"color: #000000;\">Tap\u00f3n de rosca de pl\u00e1stico<\/span><\/td>\n<td>Gorra de deporte<\/td>\n<td><span style=\"color: #ff0000;\">Tapa ROPP<\/span><\/td>\n<\/tr>\n<tr>\n<td>Cabezal de taponado<\/td>\n<td style=\"text-align: center;\" colspan=\"3\"><span style=\"color: #ff0000;\">1 cabeza<\/span><\/td>\n<\/tr>\n<tr>\n<td>Capacidad<\/td>\n<td style=\"text-align: center;\" colspan=\"3\"><span style=\"color: #ff0000;\">2000 botellas\/hora&nbsp;&nbsp;&nbsp;<\/span><\/td>\n<\/tr>\n<tr>\n<td>Di\u00e1metro<\/td>\n<td style=\"text-align: center;\" colspan=\"3\"><span style=\"color: #ff0000;\"><span style=\"font-family: arial; font-size: 13px; line-height: 20px;\">\u03a6<\/span>&nbsp;50-100 mm (la botella puede ser redonda o plana)&nbsp;&nbsp;&nbsp;<\/span><\/td>\n<\/tr>\n<tr>\n<td>Altura de la botella<\/td>\n<td style=\"text-align: center;\" colspan=\"3\"><span style=\"color: #ff0000;\">100-350 mm&nbsp;&nbsp;&nbsp;<\/span><\/td>\n<\/tr>\n<tr>\n<td>Tama\u00f1o de la tapa<\/td>\n<td style=\"text-align: center;\" colspan=\"3\"><span style=\"color: #ff0000;\">&nbsp; <span style=\"font-family: arial; font-size: 13px; line-height: 20px;\">\u03a620-35mm<\/span>&nbsp;&nbsp;<\/span><\/td>\n<\/tr>\n<tr>\n<td>Potencia<\/td>\n<td><span style=\"color: #000000;\">&nbsp;0,75 KW<\/span><\/td>\n<td>&nbsp;0,87 KW<\/td>\n<td><span style=\"color: #ff0000;\">&nbsp;0,87 KW<\/span><\/td>\n<\/tr>\n<tr>\n<td>Tama\u00f1o de la m\u00e1quina<\/td>\n<td><span style=\"color: #000000;\">&nbsp;940*690*2000mm<\/span><\/td>\n<td>&nbsp;1250*690*2000mm<\/td>\n<td><span style=\"color: #ff0000;\">&nbsp;1250*690*2000mm<\/span><\/td>\n<\/tr>\n<tr>\n<td>Peso de la m\u00e1quina<\/td>\n<td><span style=\"color: #000000;\">&nbsp;350KG<\/span><\/td>\n<td>&nbsp;380KG<\/td>\n<td><span style=\"color: #ff0000;\">&nbsp;380KG<\/span><\/td>\n<\/tr>\n<\/tbody>\n<\/table>\n<p>&nbsp;<\/p>\n<div id=\"ali-anchor-packaging\" style=\"margin-top: 15px; height: auto;\" data-section=\"packaging\">&nbsp; &nbsp;&nbsp;<\/div>\n<\/div>","protected":false},"excerpt":{"rendered":"<p>M\u00e1quina tapadora autom\u00e1tica de botellas (apta para tapa de aluminio Ropp)<\/p>","protected":false},"featured_media":2734,"comment_status":"closed","ping_status":"open","template":"","meta":[],"product_brand":[],"product_cat":[103],"product_tag":[],"class_list":{"0":"post-2950","1":"product","2":"type-product","3":"status-publish","4":"has-post-thumbnail","6":"product_cat-capping-machines","8":"first","9":"instock","10":"sale","11":"purchasable","12":"product-type-simple"},"yoast_head":"<!-- This site is optimized with the Yoast SEO Premium plugin v20.9 (Yoast SEO v26.5) - https:\/\/yoast.com\/wordpress\/plugins\/seo\/ -->\n<title>FXZ-1 Automatic capping machine for bottle (suitable for Aluminum ROPP cap) - ALF PACK<\/title>\n<meta name=\"robots\" content=\"index, follow, max-snippet:-1, max-image-preview:large, max-video-preview:-1\" \/>\n<link rel=\"canonical\" href=\"https:\/\/alfequipment.com\/es\/product\/fxz-1-maquina-tapadora-automatica-para-botella-apta-para-tapon-de-aluminio-ropp\/\" \/>\n<meta property=\"og:locale\" content=\"es_ES\" \/>\n<meta property=\"og:type\" content=\"article\" \/>\n<meta property=\"og:title\" content=\"FXZ-1 Automatic capping machine for bottle (suitable for Aluminum ROPP cap)\" \/>\n<meta property=\"og:description\" content=\"Automatic Capping Machine For Bottle (suitable For Aluminum Ropp Cap)\" \/>\n<meta property=\"og:url\" content=\"https:\/\/alfequipment.com\/es\/product\/fxz-1-maquina-tapadora-automatica-para-botella-apta-para-tapon-de-aluminio-ropp\/\" \/>\n<meta property=\"og:site_name\" content=\"ALF PACK\" \/>\n<meta property=\"article:modified_time\" content=\"2025-01-13T13:09:11+00:00\" \/>\n<meta property=\"og:image\" content=\"https:\/\/alfequipment.com\/wp-content\/uploads\/2025\/01\/FXZ-1-Automatic-capping-machine-for-bottle.jpg\" \/>\n\t<meta property=\"og:image:width\" content=\"800\" \/>\n\t<meta property=\"og:image:height\" content=\"800\" \/>\n\t<meta property=\"og:image:type\" content=\"image\/webp\" \/>\n<meta name=\"twitter:card\" content=\"summary_large_image\" \/>\n<script type=\"application\/ld+json\" class=\"yoast-schema-graph\">{\"@context\":\"https:\/\/schema.org\",\"@graph\":[{\"@type\":\"WebPage\",\"@id\":\"https:\/\/alfequipment.com\/product\/fxz-1-automatic-capping-machine-for-bottle-suitable-for-aluminum-ropp-cap\/\",\"url\":\"https:\/\/alfequipment.com\/product\/fxz-1-automatic-capping-machine-for-bottle-suitable-for-aluminum-ropp-cap\/\",\"name\":\"FXZ-1 Automatic capping machine for bottle (suitable for Aluminum ROPP cap) - ALF PACK\",\"isPartOf\":{\"@id\":\"https:\/\/alfequipment.com\/#website\"},\"primaryImageOfPage\":{\"@id\":\"https:\/\/alfequipment.com\/product\/fxz-1-automatic-capping-machine-for-bottle-suitable-for-aluminum-ropp-cap\/#primaryimage\"},\"image\":{\"@id\":\"https:\/\/alfequipment.com\/product\/fxz-1-automatic-capping-machine-for-bottle-suitable-for-aluminum-ropp-cap\/#primaryimage\"},\"thumbnailUrl\":\"https:\/\/alfequipment.com\/wp-content\/uploads\/2025\/01\/FXZ-1-Automatic-capping-machine-for-bottle.jpg\",\"datePublished\":\"2024-12-27T09:59:23+00:00\",\"dateModified\":\"2025-01-13T13:09:11+00:00\",\"breadcrumb\":{\"@id\":\"https:\/\/alfequipment.com\/product\/fxz-1-automatic-capping-machine-for-bottle-suitable-for-aluminum-ropp-cap\/#breadcrumb\"},\"inLanguage\":\"es\",\"potentialAction\":[{\"@type\":\"ReadAction\",\"target\":[\"https:\/\/alfequipment.com\/product\/fxz-1-automatic-capping-machine-for-bottle-suitable-for-aluminum-ropp-cap\/\"]}]},{\"@type\":\"ImageObject\",\"inLanguage\":\"es\",\"@id\":\"https:\/\/alfequipment.com\/product\/fxz-1-automatic-capping-machine-for-bottle-suitable-for-aluminum-ropp-cap\/#primaryimage\",\"url\":\"https:\/\/alfequipment.com\/wp-content\/uploads\/2025\/01\/FXZ-1-Automatic-capping-machine-for-bottle.jpg\",\"contentUrl\":\"https:\/\/alfequipment.com\/wp-content\/uploads\/2025\/01\/FXZ-1-Automatic-capping-machine-for-bottle.jpg\",\"width\":800,\"height\":800},{\"@type\":\"BreadcrumbList\",\"@id\":\"https:\/\/alfequipment.com\/product\/fxz-1-automatic-capping-machine-for-bottle-suitable-for-aluminum-ropp-cap\/#breadcrumb\",\"itemListElement\":[{\"@type\":\"ListItem\",\"position\":1,\"name\":\"Home\",\"item\":\"https:\/\/alfequipment.com\/\"},{\"@type\":\"ListItem\",\"position\":2,\"name\":\"Shop\",\"item\":\"https:\/\/alfequipment.com\/shop\/\"},{\"@type\":\"ListItem\",\"position\":3,\"name\":\"FXZ-1 Automatic capping machine for bottle (suitable for Aluminum ROPP cap)\"}]},{\"@type\":\"WebSite\",\"@id\":\"https:\/\/alfequipment.com\/#website\",\"url\":\"https:\/\/alfequipment.com\/\",\"name\":\"ALF PACK\",\"description\":\"\",\"publisher\":{\"@id\":\"https:\/\/alfequipment.com\/#organization\"},\"potentialAction\":[{\"@type\":\"SearchAction\",\"target\":{\"@type\":\"EntryPoint\",\"urlTemplate\":\"https:\/\/alfequipment.com\/?s={search_term_string}\"},\"query-input\":{\"@type\":\"PropertyValueSpecification\",\"valueRequired\":true,\"valueName\":\"search_term_string\"}}],\"inLanguage\":\"es\"},{\"@type\":\"Organization\",\"@id\":\"https:\/\/alfequipment.com\/#organization\",\"name\":\"ALF PACK\",\"url\":\"https:\/\/alfequipment.com\/\",\"logo\":{\"@type\":\"ImageObject\",\"inLanguage\":\"es\",\"@id\":\"https:\/\/alfequipment.com\/#\/schema\/logo\/image\/\",\"url\":\"https:\/\/alfequipment.com\/wp-content\/uploads\/2024\/11\/ALFlogo-2.webp\",\"contentUrl\":\"https:\/\/alfequipment.com\/wp-content\/uploads\/2024\/11\/ALFlogo-2.webp\",\"width\":758,\"height\":750,\"caption\":\"ALF PACK\"},\"image\":{\"@id\":\"https:\/\/alfequipment.com\/#\/schema\/logo\/image\/\"}}]}<\/script>\n<!-- \/ Yoast SEO Premium plugin. -->","yoast_head_json":{"title":"FXZ-1 Taponadora autom\u00e1tica para botellas (apta para tap\u00f3n de aluminio ROPP) - ALF PACK","robots":{"index":"index","follow":"follow","max-snippet":"max-snippet:-1","max-image-preview":"max-image-preview:large","max-video-preview":"max-video-preview:-1"},"canonical":"https:\/\/alfequipment.com\/es\/product\/fxz-1-maquina-tapadora-automatica-para-botella-apta-para-tapon-de-aluminio-ropp\/","og_locale":"es_ES","og_type":"article","og_title":"FXZ-1 Automatic capping machine for bottle (suitable for Aluminum ROPP cap)","og_description":"Automatic Capping Machine For Bottle (suitable For Aluminum Ropp Cap)","og_url":"https:\/\/alfequipment.com\/es\/product\/fxz-1-maquina-tapadora-automatica-para-botella-apta-para-tapon-de-aluminio-ropp\/","og_site_name":"ALF PACK","article_modified_time":"2025-01-13T13:09:11+00:00","og_image":[{"width":800,"height":800,"url":"https:\/\/alfequipment.com\/wp-content\/uploads\/2025\/01\/FXZ-1-Automatic-capping-machine-for-bottle.jpg","type":"image\/webp"}],"twitter_card":"summary_large_image","schema":{"@context":"https:\/\/schema.org","@graph":[{"@type":"WebPage","@id":"https:\/\/alfequipment.com\/product\/fxz-1-automatic-capping-machine-for-bottle-suitable-for-aluminum-ropp-cap\/","url":"https:\/\/alfequipment.com\/product\/fxz-1-automatic-capping-machine-for-bottle-suitable-for-aluminum-ropp-cap\/","name":"FXZ-1 Taponadora autom\u00e1tica para botellas (apta para tap\u00f3n de aluminio ROPP) - ALF PACK","isPartOf":{"@id":"https:\/\/alfequipment.com\/#website"},"primaryImageOfPage":{"@id":"https:\/\/alfequipment.com\/product\/fxz-1-automatic-capping-machine-for-bottle-suitable-for-aluminum-ropp-cap\/#primaryimage"},"image":{"@id":"https:\/\/alfequipment.com\/product\/fxz-1-automatic-capping-machine-for-bottle-suitable-for-aluminum-ropp-cap\/#primaryimage"},"thumbnailUrl":"https:\/\/alfequipment.com\/wp-content\/uploads\/2025\/01\/FXZ-1-Automatic-capping-machine-for-bottle.jpg","datePublished":"2024-12-27T09:59:23+00:00","dateModified":"2025-01-13T13:09:11+00:00","breadcrumb":{"@id":"https:\/\/alfequipment.com\/product\/fxz-1-automatic-capping-machine-for-bottle-suitable-for-aluminum-ropp-cap\/#breadcrumb"},"inLanguage":"es","potentialAction":[{"@type":"ReadAction","target":["https:\/\/alfequipment.com\/product\/fxz-1-automatic-capping-machine-for-bottle-suitable-for-aluminum-ropp-cap\/"]}]},{"@type":"ImageObject","inLanguage":"es","@id":"https:\/\/alfequipment.com\/product\/fxz-1-automatic-capping-machine-for-bottle-suitable-for-aluminum-ropp-cap\/#primaryimage","url":"https:\/\/alfequipment.com\/wp-content\/uploads\/2025\/01\/FXZ-1-Automatic-capping-machine-for-bottle.jpg","contentUrl":"https:\/\/alfequipment.com\/wp-content\/uploads\/2025\/01\/FXZ-1-Automatic-capping-machine-for-bottle.jpg","width":800,"height":800},{"@type":"BreadcrumbList","@id":"https:\/\/alfequipment.com\/product\/fxz-1-automatic-capping-machine-for-bottle-suitable-for-aluminum-ropp-cap\/#breadcrumb","itemListElement":[{"@type":"ListItem","position":1,"name":"Home","item":"https:\/\/alfequipment.com\/"},{"@type":"ListItem","position":2,"name":"Shop","item":"https:\/\/alfequipment.com\/shop\/"},{"@type":"ListItem","position":3,"name":"FXZ-1 Automatic capping machine for bottle (suitable for Aluminum ROPP cap)"}]},{"@type":"WebSite","@id":"https:\/\/alfequipment.com\/#website","url":"https:\/\/alfequipment.com\/","name":"PAQUETE ALF","description":"","publisher":{"@id":"https:\/\/alfequipment.com\/#organization"},"potentialAction":[{"@type":"SearchAction","target":{"@type":"EntryPoint","urlTemplate":"https:\/\/alfequipment.com\/?s={search_term_string}"},"query-input":{"@type":"PropertyValueSpecification","valueRequired":true,"valueName":"search_term_string"}}],"inLanguage":"es"},{"@type":"Organization","@id":"https:\/\/alfequipment.com\/#organization","name":"PAQUETE ALF","url":"https:\/\/alfequipment.com\/","logo":{"@type":"ImageObject","inLanguage":"es","@id":"https:\/\/alfequipment.com\/#\/schema\/logo\/image\/","url":"https:\/\/alfequipment.com\/wp-content\/uploads\/2024\/11\/ALFlogo-2.webp","contentUrl":"https:\/\/alfequipment.com\/wp-content\/uploads\/2024\/11\/ALFlogo-2.webp","width":758,"height":750,"caption":"ALF PACK"},"image":{"@id":"https:\/\/alfequipment.com\/#\/schema\/logo\/image\/"}}]}},"_links":{"self":[{"href":"https:\/\/alfequipment.com\/es\/wp-json\/wp\/v2\/product\/2950","targetHints":{"allow":["GET"]}}],"collection":[{"href":"https:\/\/alfequipment.com\/es\/wp-json\/wp\/v2\/product"}],"about":[{"href":"https:\/\/alfequipment.com\/es\/wp-json\/wp\/v2\/types\/product"}],"replies":[{"embeddable":true,"href":"https:\/\/alfequipment.com\/es\/wp-json\/wp\/v2\/comments?post=2950"}],"version-history":[{"count":0,"href":"https:\/\/alfequipment.com\/es\/wp-json\/wp\/v2\/product\/2950\/revisions"}],"wp:featuredmedia":[{"embeddable":true,"href":"https:\/\/alfequipment.com\/es\/wp-json\/wp\/v2\/media\/2734"}],"wp:attachment":[{"href":"https:\/\/alfequipment.com\/es\/wp-json\/wp\/v2\/media?parent=2950"}],"wp:term":[{"taxonomy":"product_brand","embeddable":true,"href":"https:\/\/alfequipment.com\/es\/wp-json\/wp\/v2\/product_brand?post=2950"},{"taxonomy":"product_cat","embeddable":true,"href":"https:\/\/alfequipment.com\/es\/wp-json\/wp\/v2\/product_cat?post=2950"},{"taxonomy":"product_tag","embeddable":true,"href":"https:\/\/alfequipment.com\/es\/wp-json\/wp\/v2\/product_tag?post=2950"}],"curies":[{"name":"wp","href":"https:\/\/api.w.org\/{rel}","templated":true}]}}