{"id":2956,"date":"2024-12-01T00:50:16","date_gmt":"2024-12-01T00:50:16","guid":{"rendered":"https:\/\/alfequipment.com\/product\/qdy2014-automatic-tray-sealing-machine-with-vacuum-and-gas-filling\/"},"modified":"2025-01-13T13:09:16","modified_gmt":"2025-01-13T13:09:16","slug":"qdy2014-maquina-automatica-de-sellado-de-bandejas-con-vacio-y-llenado-de-gas","status":"publish","type":"product","link":"https:\/\/alfequipment.com\/es\/product\/qdy2014-maquina-automatica-de-sellado-de-bandejas-con-vacio-y-llenado-de-gas\/","title":{"rendered":"QDY2014 Selladora autom\u00e1tica de bandejas con llenado de vac\u00edo y gas"},"content":{"rendered":"<div data-magic-global=\"%7B%22bizId%22%3A17179933680%2C%22pageId%22%3A21101405549%2C%22siteId%22%3A5005331025%7D\" id=\"detail_decorate_root\">\n<div module-id=\"30022793358\" module-title=\"detailProductNavigation\" render=\"true\" class=\"J_module\">\n<div id=\"ali-anchor-AliMagic-ogk2r7\" data-section=\"AliMagic-ogk2r7\" data-section-title=\"Product Overview\" class=\"magic-0\">QDY2014 Selladora autom\u00e1tica de bandejas es el principio b\u00e1sico de paletas de pl\u00e1stico y pel\u00edcula de tapado se envasar\u00e1 en la bandeja de alimentos, de modo que el envasado de alimentos y otros de la salud, la seguridad, la belleza, para evitar la contaminaci\u00f3n de los alimentos.<\/div>\n<\/div>\n<div module-id=\"30022793359\" module-title=\"detailTextWithTitle\" render=\"true\" class=\"J_module\">\n<div class=\"detail-decorate-json-renderer-container\">\n<div class=\"magic-1\">\n<div class=\"magic-4\">\n<div class=\"magic-5\">\n<div class=\"magic-6\"><span>La envasadora es adecuada para embutidos, productos c\u00e1rnicos cocidos, comida r\u00e1pida, pasteler\u00eda, fideos de arroz, queso, productos de soja, productos acu\u00e1ticos, carne de ave, etc., as\u00ed como para el envasado de piezas de hardware de maquinaria de precisi\u00f3n y componentes electr\u00f3nicos.<\/span>\n      <\/div>\n<\/p><\/div>\n<\/p><\/div>\n<\/p><\/div>\n<\/p><\/div>\n<\/p><\/div>\n<div module-id=\"30022793360\" module-title=\"detailSingleImage\" render=\"true\" class=\"J_module\">\n<div class=\"icbu-pc-images magic-7\">\n<div>\n<div class=\"flex-layout-v\">\n<div class=\"flex-layout-h magic-7\">\n<div class=\"magic-8\">\n       <img decoding=\"async\" src=\"https:\/\/sc04.alicdn.com\/kf\/H83da64fd47764cea8c13651e2f6a13e7J\/64496\/H83da64fd47764cea8c13651e2f6a13e7J.jpg\" class=\"aligncenter\">\n      <\/div>\n<\/p><\/div>\n<\/p><\/div>\n<\/p><\/div>\n<\/p><\/div>\n<\/p><\/div>\n<div module-id=\"30016900652\" module-title=\"detailSingleImage\" render=\"true\" class=\"J_module\">\n<div class=\"icbu-pc-images magic-7\">\n<div>\n<div class=\"flex-layout-v\">\n<div class=\"flex-layout-h magic-7\">\n<div class=\"magic-8\">\n       <img decoding=\"async\" src=\"https:\/\/sc04.alicdn.com\/kf\/H41338a09842540738e4687be09f45480S\/64496\/H41338a09842540738e4687be09f45480S.jpg\" class=\"aligncenter\">\n      <\/div>\n<\/p><\/div>\n<\/p><\/div>\n<\/p><\/div>\n<\/p><\/div>\n<\/p><\/div>\n<div module-id=\"30022793361\" module-title=\"detailTwoImages\" render=\"true\" class=\"J_module\">\n<div class=\"icbu-pc-images magic-7\">\n<div>\n<div class=\"flex-layout-v\">\n<div class=\"flex-layout-h magic-7\">\n<div class=\"magic-10\">\n       <img decoding=\"async\" src=\"https:\/\/sc04.alicdn.com\/kf\/H5e43cb3c8169448ca91797f09cbe26d8K\/64496\/H5e43cb3c8169448ca91797f09cbe26d8K.png\" class=\"aligncenter\">\n      <\/div>\n<div class=\"magic-12\">\n       <img decoding=\"async\" src=\"https:\/\/sc04.alicdn.com\/kf\/Hbd8a14e1760c49d48761ff4bba7b6361i\/64496\/Hbd8a14e1760c49d48761ff4bba7b6361i.png\" class=\"aligncenter\">\n      <\/div>\n<\/p><\/div>\n<\/p><\/div>\n<\/p><\/div>\n<\/p><\/div>\n<\/p><\/div>\n<\/div>","protected":false},"excerpt":{"rendered":"<p>Termoselladora Con Llenado De Gas Y Vac\u00edo<\/p>","protected":false},"featured_media":2746,"comment_status":"closed","ping_status":"open","template":"","meta":[],"product_brand":[],"product_cat":[97],"product_tag":[],"class_list":{"0":"post-2956","1":"product","2":"type-product","3":"status-publish","4":"has-post-thumbnail","6":"product_cat-sealing-machines","8":"first","9":"instock","10":"sale","11":"purchasable","12":"product-type-simple"},"yoast_head":"<!-- This site is optimized with the Yoast SEO Premium plugin v20.9 (Yoast SEO v26.5) - https:\/\/yoast.com\/wordpress\/plugins\/seo\/ -->\n<title>QDY2014 Automatic tray sealing machine with vacuum and gas filling - ALF PACK<\/title>\n<meta name=\"robots\" content=\"index, follow, max-snippet:-1, max-image-preview:large, max-video-preview:-1\" \/>\n<link rel=\"canonical\" href=\"https:\/\/alfequipment.com\/es\/product\/qdy2014-maquina-automatica-de-sellado-de-bandejas-con-vacio-y-llenado-de-gas\/\" \/>\n<meta property=\"og:locale\" content=\"es_ES\" \/>\n<meta property=\"og:type\" content=\"article\" \/>\n<meta property=\"og:title\" content=\"QDY2014 Automatic tray sealing machine with vacuum and gas filling\" \/>\n<meta property=\"og:description\" content=\"Tray Sealer With Gas Filling And Vacum\" \/>\n<meta property=\"og:url\" content=\"https:\/\/alfequipment.com\/es\/product\/qdy2014-maquina-automatica-de-sellado-de-bandejas-con-vacio-y-llenado-de-gas\/\" \/>\n<meta property=\"og:site_name\" content=\"ALF PACK\" \/>\n<meta property=\"article:modified_time\" content=\"2025-01-13T13:09:16+00:00\" \/>\n<meta property=\"og:image\" content=\"https:\/\/alfequipment.com\/wp-content\/uploads\/2025\/01\/QDY2014-Automatic-tray-sealing-machine-with-vacuum.jpg\" \/>\n\t<meta property=\"og:image:width\" content=\"1000\" \/>\n\t<meta property=\"og:image:height\" content=\"1000\" \/>\n\t<meta property=\"og:image:type\" content=\"image\/webp\" \/>\n<meta name=\"twitter:card\" content=\"summary_large_image\" \/>\n<script type=\"application\/ld+json\" class=\"yoast-schema-graph\">{\"@context\":\"https:\/\/schema.org\",\"@graph\":[{\"@type\":\"WebPage\",\"@id\":\"https:\/\/alfequipment.com\/product\/qdy2014-automatic-tray-sealing-machine-with-vacuum-and-gas-filling\/\",\"url\":\"https:\/\/alfequipment.com\/product\/qdy2014-automatic-tray-sealing-machine-with-vacuum-and-gas-filling\/\",\"name\":\"QDY2014 Automatic tray sealing machine with vacuum and gas filling - ALF PACK\",\"isPartOf\":{\"@id\":\"https:\/\/alfequipment.com\/#website\"},\"primaryImageOfPage\":{\"@id\":\"https:\/\/alfequipment.com\/product\/qdy2014-automatic-tray-sealing-machine-with-vacuum-and-gas-filling\/#primaryimage\"},\"image\":{\"@id\":\"https:\/\/alfequipment.com\/product\/qdy2014-automatic-tray-sealing-machine-with-vacuum-and-gas-filling\/#primaryimage\"},\"thumbnailUrl\":\"https:\/\/alfequipment.com\/wp-content\/uploads\/2025\/01\/QDY2014-Automatic-tray-sealing-machine-with-vacuum.jpg\",\"datePublished\":\"2024-12-01T00:50:16+00:00\",\"dateModified\":\"2025-01-13T13:09:16+00:00\",\"breadcrumb\":{\"@id\":\"https:\/\/alfequipment.com\/product\/qdy2014-automatic-tray-sealing-machine-with-vacuum-and-gas-filling\/#breadcrumb\"},\"inLanguage\":\"es\",\"potentialAction\":[{\"@type\":\"ReadAction\",\"target\":[\"https:\/\/alfequipment.com\/product\/qdy2014-automatic-tray-sealing-machine-with-vacuum-and-gas-filling\/\"]}]},{\"@type\":\"ImageObject\",\"inLanguage\":\"es\",\"@id\":\"https:\/\/alfequipment.com\/product\/qdy2014-automatic-tray-sealing-machine-with-vacuum-and-gas-filling\/#primaryimage\",\"url\":\"https:\/\/alfequipment.com\/wp-content\/uploads\/2025\/01\/QDY2014-Automatic-tray-sealing-machine-with-vacuum.jpg\",\"contentUrl\":\"https:\/\/alfequipment.com\/wp-content\/uploads\/2025\/01\/QDY2014-Automatic-tray-sealing-machine-with-vacuum.jpg\",\"width\":1000,\"height\":1000},{\"@type\":\"BreadcrumbList\",\"@id\":\"https:\/\/alfequipment.com\/product\/qdy2014-automatic-tray-sealing-machine-with-vacuum-and-gas-filling\/#breadcrumb\",\"itemListElement\":[{\"@type\":\"ListItem\",\"position\":1,\"name\":\"Home\",\"item\":\"https:\/\/alfequipment.com\/\"},{\"@type\":\"ListItem\",\"position\":2,\"name\":\"Shop\",\"item\":\"https:\/\/alfequipment.com\/shop\/\"},{\"@type\":\"ListItem\",\"position\":3,\"name\":\"QDY2014 Automatic tray sealing machine with vacuum and gas filling\"}]},{\"@type\":\"WebSite\",\"@id\":\"https:\/\/alfequipment.com\/#website\",\"url\":\"https:\/\/alfequipment.com\/\",\"name\":\"ALF PACK\",\"description\":\"\",\"publisher\":{\"@id\":\"https:\/\/alfequipment.com\/#organization\"},\"potentialAction\":[{\"@type\":\"SearchAction\",\"target\":{\"@type\":\"EntryPoint\",\"urlTemplate\":\"https:\/\/alfequipment.com\/?s={search_term_string}\"},\"query-input\":{\"@type\":\"PropertyValueSpecification\",\"valueRequired\":true,\"valueName\":\"search_term_string\"}}],\"inLanguage\":\"es\"},{\"@type\":\"Organization\",\"@id\":\"https:\/\/alfequipment.com\/#organization\",\"name\":\"ALF PACK\",\"url\":\"https:\/\/alfequipment.com\/\",\"logo\":{\"@type\":\"ImageObject\",\"inLanguage\":\"es\",\"@id\":\"https:\/\/alfequipment.com\/#\/schema\/logo\/image\/\",\"url\":\"https:\/\/alfequipment.com\/wp-content\/uploads\/2024\/11\/ALFlogo-2.webp\",\"contentUrl\":\"https:\/\/alfequipment.com\/wp-content\/uploads\/2024\/11\/ALFlogo-2.webp\",\"width\":758,\"height\":750,\"caption\":\"ALF PACK\"},\"image\":{\"@id\":\"https:\/\/alfequipment.com\/#\/schema\/logo\/image\/\"}}]}<\/script>\n<!-- \/ Yoast SEO Premium plugin. -->","yoast_head_json":{"title":"QDY2014 Selladora autom\u00e1tica de bandejas al vac\u00edo y con gas - ALF PACK","robots":{"index":"index","follow":"follow","max-snippet":"max-snippet:-1","max-image-preview":"max-image-preview:large","max-video-preview":"max-video-preview:-1"},"canonical":"https:\/\/alfequipment.com\/es\/product\/qdy2014-maquina-automatica-de-sellado-de-bandejas-con-vacio-y-llenado-de-gas\/","og_locale":"es_ES","og_type":"article","og_title":"QDY2014 Automatic tray sealing machine with vacuum and gas filling","og_description":"Tray Sealer With Gas Filling And Vacum","og_url":"https:\/\/alfequipment.com\/es\/product\/qdy2014-maquina-automatica-de-sellado-de-bandejas-con-vacio-y-llenado-de-gas\/","og_site_name":"ALF PACK","article_modified_time":"2025-01-13T13:09:16+00:00","og_image":[{"width":1000,"height":1000,"url":"https:\/\/alfequipment.com\/wp-content\/uploads\/2025\/01\/QDY2014-Automatic-tray-sealing-machine-with-vacuum.jpg","type":"image\/webp"}],"twitter_card":"summary_large_image","schema":{"@context":"https:\/\/schema.org","@graph":[{"@type":"WebPage","@id":"https:\/\/alfequipment.com\/product\/qdy2014-automatic-tray-sealing-machine-with-vacuum-and-gas-filling\/","url":"https:\/\/alfequipment.com\/product\/qdy2014-automatic-tray-sealing-machine-with-vacuum-and-gas-filling\/","name":"QDY2014 Selladora autom\u00e1tica de bandejas al vac\u00edo y con gas - ALF PACK","isPartOf":{"@id":"https:\/\/alfequipment.com\/#website"},"primaryImageOfPage":{"@id":"https:\/\/alfequipment.com\/product\/qdy2014-automatic-tray-sealing-machine-with-vacuum-and-gas-filling\/#primaryimage"},"image":{"@id":"https:\/\/alfequipment.com\/product\/qdy2014-automatic-tray-sealing-machine-with-vacuum-and-gas-filling\/#primaryimage"},"thumbnailUrl":"https:\/\/alfequipment.com\/wp-content\/uploads\/2025\/01\/QDY2014-Automatic-tray-sealing-machine-with-vacuum.jpg","datePublished":"2024-12-01T00:50:16+00:00","dateModified":"2025-01-13T13:09:16+00:00","breadcrumb":{"@id":"https:\/\/alfequipment.com\/product\/qdy2014-automatic-tray-sealing-machine-with-vacuum-and-gas-filling\/#breadcrumb"},"inLanguage":"es","potentialAction":[{"@type":"ReadAction","target":["https:\/\/alfequipment.com\/product\/qdy2014-automatic-tray-sealing-machine-with-vacuum-and-gas-filling\/"]}]},{"@type":"ImageObject","inLanguage":"es","@id":"https:\/\/alfequipment.com\/product\/qdy2014-automatic-tray-sealing-machine-with-vacuum-and-gas-filling\/#primaryimage","url":"https:\/\/alfequipment.com\/wp-content\/uploads\/2025\/01\/QDY2014-Automatic-tray-sealing-machine-with-vacuum.jpg","contentUrl":"https:\/\/alfequipment.com\/wp-content\/uploads\/2025\/01\/QDY2014-Automatic-tray-sealing-machine-with-vacuum.jpg","width":1000,"height":1000},{"@type":"BreadcrumbList","@id":"https:\/\/alfequipment.com\/product\/qdy2014-automatic-tray-sealing-machine-with-vacuum-and-gas-filling\/#breadcrumb","itemListElement":[{"@type":"ListItem","position":1,"name":"Home","item":"https:\/\/alfequipment.com\/"},{"@type":"ListItem","position":2,"name":"Shop","item":"https:\/\/alfequipment.com\/shop\/"},{"@type":"ListItem","position":3,"name":"QDY2014 Automatic tray sealing machine with vacuum and gas filling"}]},{"@type":"WebSite","@id":"https:\/\/alfequipment.com\/#website","url":"https:\/\/alfequipment.com\/","name":"PAQUETE ALF","description":"","publisher":{"@id":"https:\/\/alfequipment.com\/#organization"},"potentialAction":[{"@type":"SearchAction","target":{"@type":"EntryPoint","urlTemplate":"https:\/\/alfequipment.com\/?s={search_term_string}"},"query-input":{"@type":"PropertyValueSpecification","valueRequired":true,"valueName":"search_term_string"}}],"inLanguage":"es"},{"@type":"Organization","@id":"https:\/\/alfequipment.com\/#organization","name":"PAQUETE ALF","url":"https:\/\/alfequipment.com\/","logo":{"@type":"ImageObject","inLanguage":"es","@id":"https:\/\/alfequipment.com\/#\/schema\/logo\/image\/","url":"https:\/\/alfequipment.com\/wp-content\/uploads\/2024\/11\/ALFlogo-2.webp","contentUrl":"https:\/\/alfequipment.com\/wp-content\/uploads\/2024\/11\/ALFlogo-2.webp","width":758,"height":750,"caption":"ALF PACK"},"image":{"@id":"https:\/\/alfequipment.com\/#\/schema\/logo\/image\/"}}]}},"_links":{"self":[{"href":"https:\/\/alfequipment.com\/es\/wp-json\/wp\/v2\/product\/2956","targetHints":{"allow":["GET"]}}],"collection":[{"href":"https:\/\/alfequipment.com\/es\/wp-json\/wp\/v2\/product"}],"about":[{"href":"https:\/\/alfequipment.com\/es\/wp-json\/wp\/v2\/types\/product"}],"replies":[{"embeddable":true,"href":"https:\/\/alfequipment.com\/es\/wp-json\/wp\/v2\/comments?post=2956"}],"version-history":[{"count":0,"href":"https:\/\/alfequipment.com\/es\/wp-json\/wp\/v2\/product\/2956\/revisions"}],"wp:featuredmedia":[{"embeddable":true,"href":"https:\/\/alfequipment.com\/es\/wp-json\/wp\/v2\/media\/2746"}],"wp:attachment":[{"href":"https:\/\/alfequipment.com\/es\/wp-json\/wp\/v2\/media?parent=2956"}],"wp:term":[{"taxonomy":"product_brand","embeddable":true,"href":"https:\/\/alfequipment.com\/es\/wp-json\/wp\/v2\/product_brand?post=2956"},{"taxonomy":"product_cat","embeddable":true,"href":"https:\/\/alfequipment.com\/es\/wp-json\/wp\/v2\/product_cat?post=2956"},{"taxonomy":"product_tag","embeddable":true,"href":"https:\/\/alfequipment.com\/es\/wp-json\/wp\/v2\/product_tag?post=2956"}],"curies":[{"name":"wp","href":"https:\/\/api.w.org\/{rel}","templated":true}]}}