{"id":2957,"date":"2024-12-27T10:21:45","date_gmt":"2024-12-27T10:21:45","guid":{"rendered":"https:\/\/alfequipment.com\/product\/tp260-table-type-tray-sealing-machine-with-gas-filling\/"},"modified":"2025-01-13T13:09:16","modified_gmt":"2025-01-13T13:09:16","slug":"tp260-selladora-de-bandejas-de-mesa-con-llenado-de-gas","status":"publish","type":"product","link":"https:\/\/alfequipment.com\/es\/product\/tp260-selladora-de-bandejas-de-mesa-con-llenado-de-gas\/","title":{"rendered":"TP260 Selladora de bandejas de mesa con llenado de gas"},"content":{"rendered":"<div data-magic-global=\"%7B%22bizId%22%3A17179933680%2C%22pageId%22%3A21103481973%2C%22siteId%22%3A5005331025%7D\" id=\"detail_decorate_root\">\n<div module-id=\"29982747582\" module-title=\"detailProductNavigation\" render=\"true\" class=\"J_module\">\n<div id=\"ali-anchor-AliMagic-c2f64g\" data-section=\"AliMagic-c2f64g\" data-section-title=\"Product Overview\" class=\"magic-0\">El principio b\u00e1sico de esta selladora de bandejas es utilizar material de alta barrera (bandeja de pl\u00e1stico y pel\u00edcula de cubierta) para aislar los alimentos del aire exterior, bandeja llena de gas mezclado para que los alimentos envasados durante mucho tiempo para mantener el sabor original y la apariencia, y en la mayor medida para inhibir la reproducci\u00f3n de todo tipo de bacterias y microorganismos.<\/div>\n<\/div>\n<div module-id=\"29982747583\" module-title=\"detailTextWithTitle\" render=\"true\" class=\"J_module\">\n<div class=\"detail-decorate-json-renderer-container\">\n<div class=\"magic-1\">\n<div class=\"magic-4\">\n<div class=\"magic-5\">\n<div class=\"magic-6\">\n<div>\n        <\/p>\n<div>\n         <span><span><span>La m\u00e1quina selladora de bandejas puede utilizarse para el envasado de conservaci\u00f3n en fresco de todo tipo de alimentos frescos, cocinados, frutas, bebidas, etc. Seg\u00fan las propiedades de los distintos alimentos, los tipos y proporciones de mezcla de los gases de conservaci\u00f3n en fresco requeridos por los distintos tipos de alimentos son diferentes. Por lo tanto, el equipo de envasado debe ser capaz de adaptarse al ajuste de diferentes gases y proporciones de mezcla de gases en cualquier momento.<\/span><br \/><\/span><\/span>\n        <\/div>\n<\/p><\/div>\n<\/p><\/div>\n<\/p><\/div>\n<\/p><\/div>\n<\/p><\/div>\n<\/p><\/div>\n<\/p><\/div>\n<div module-id=\"30016487258\" module-title=\"detailSingleImage\" render=\"true\" class=\"J_module\">\n<div class=\"icbu-pc-images magic-7\">\n<div>\n<div class=\"flex-layout-v\">\n<div class=\"flex-layout-h magic-7\">\n<div class=\"magic-8\">\n       <img decoding=\"async\" src=\"https:\/\/sc04.alicdn.com\/kf\/Hbc46d9dd7e7d4c429d5913cf620976677\/64496\/Hbc46d9dd7e7d4c429d5913cf620976677.jpg\" class=\"aligncenter\">\n      <\/div>\n<\/p><\/div>\n<\/p><\/div>\n<\/p><\/div>\n<\/p><\/div>\n<\/p><\/div>\n<div module-id=\"30021567506\" module-title=\"detailTwoImages\" render=\"true\" class=\"J_module\">\n<div class=\"icbu-pc-images magic-7\">\n<div>\n<div class=\"flex-layout-v\">\n<div class=\"flex-layout-h magic-7\">\n<div class=\"magic-10\">\n       <img decoding=\"async\" src=\"https:\/\/sc04.alicdn.com\/kf\/H30cb9875e1da45649222ae7e16bc41f59\/64496\/H30cb9875e1da45649222ae7e16bc41f59.jpg\" class=\"aligncenter\">\n      <\/div>\n<div class=\"magic-12\">\n       <img decoding=\"async\" src=\"https:\/\/sc04.alicdn.com\/kf\/H7e36a3cc81f54669ba46e3eec87e44c9J\/64496\/H7e36a3cc81f54669ba46e3eec87e44c9J.jpg\" class=\"aligncenter\">\n      <\/div>\n<\/p><\/div>\n<\/p><\/div>\n<\/p><\/div>\n<\/p><\/div>\n<\/p><\/div>\n<\/div>","protected":false},"excerpt":{"rendered":"<p>Selladora de bandejas tipo mesa con llenado de gas<\/p>","protected":false},"featured_media":2748,"comment_status":"closed","ping_status":"open","template":"","meta":[],"product_brand":[],"product_cat":[97],"product_tag":[],"class_list":{"0":"post-2957","1":"product","2":"type-product","3":"status-publish","4":"has-post-thumbnail","6":"product_cat-sealing-machines","8":"first","9":"instock","10":"sale","11":"purchasable","12":"product-type-simple"},"yoast_head":"<!-- This site is optimized with the Yoast SEO Premium plugin v20.9 (Yoast SEO v26.5) - https:\/\/yoast.com\/wordpress\/plugins\/seo\/ -->\n<title>TP260 Table type tray sealing machine with gas filling - ALF PACK<\/title>\n<meta name=\"robots\" content=\"index, follow, max-snippet:-1, max-image-preview:large, max-video-preview:-1\" \/>\n<link rel=\"canonical\" href=\"https:\/\/alfequipment.com\/es\/product\/tp260-selladora-de-bandejas-de-mesa-con-llenado-de-gas\/\" \/>\n<meta property=\"og:locale\" content=\"es_ES\" \/>\n<meta property=\"og:type\" content=\"article\" \/>\n<meta property=\"og:title\" content=\"TP260 Table type tray sealing machine with gas filling\" \/>\n<meta property=\"og:description\" content=\"Table Type Tray Sealer With Gas Filling\" \/>\n<meta property=\"og:url\" content=\"https:\/\/alfequipment.com\/es\/product\/tp260-selladora-de-bandejas-de-mesa-con-llenado-de-gas\/\" \/>\n<meta property=\"og:site_name\" content=\"ALF PACK\" \/>\n<meta property=\"article:modified_time\" content=\"2025-01-13T13:09:16+00:00\" \/>\n<meta property=\"og:image\" content=\"https:\/\/alfequipment.com\/wp-content\/uploads\/2025\/01\/TP260-Table-type-tray-sealing-machine-with.jpg\" \/>\n\t<meta property=\"og:image:width\" content=\"1000\" \/>\n\t<meta property=\"og:image:height\" content=\"1000\" \/>\n\t<meta property=\"og:image:type\" content=\"image\/webp\" \/>\n<meta name=\"twitter:card\" content=\"summary_large_image\" \/>\n<meta name=\"twitter:label1\" content=\"Tiempo de lectura\" \/>\n\t<meta name=\"twitter:data1\" content=\"1 minuto\" \/>\n<script type=\"application\/ld+json\" class=\"yoast-schema-graph\">{\"@context\":\"https:\/\/schema.org\",\"@graph\":[{\"@type\":\"WebPage\",\"@id\":\"https:\/\/alfequipment.com\/product\/tp260-table-type-tray-sealing-machine-with-gas-filling\/\",\"url\":\"https:\/\/alfequipment.com\/product\/tp260-table-type-tray-sealing-machine-with-gas-filling\/\",\"name\":\"TP260 Table type tray sealing machine with gas filling - ALF PACK\",\"isPartOf\":{\"@id\":\"https:\/\/alfequipment.com\/#website\"},\"primaryImageOfPage\":{\"@id\":\"https:\/\/alfequipment.com\/product\/tp260-table-type-tray-sealing-machine-with-gas-filling\/#primaryimage\"},\"image\":{\"@id\":\"https:\/\/alfequipment.com\/product\/tp260-table-type-tray-sealing-machine-with-gas-filling\/#primaryimage\"},\"thumbnailUrl\":\"https:\/\/alfequipment.com\/wp-content\/uploads\/2025\/01\/TP260-Table-type-tray-sealing-machine-with.jpg\",\"datePublished\":\"2024-12-27T10:21:45+00:00\",\"dateModified\":\"2025-01-13T13:09:16+00:00\",\"breadcrumb\":{\"@id\":\"https:\/\/alfequipment.com\/product\/tp260-table-type-tray-sealing-machine-with-gas-filling\/#breadcrumb\"},\"inLanguage\":\"es\",\"potentialAction\":[{\"@type\":\"ReadAction\",\"target\":[\"https:\/\/alfequipment.com\/product\/tp260-table-type-tray-sealing-machine-with-gas-filling\/\"]}]},{\"@type\":\"ImageObject\",\"inLanguage\":\"es\",\"@id\":\"https:\/\/alfequipment.com\/product\/tp260-table-type-tray-sealing-machine-with-gas-filling\/#primaryimage\",\"url\":\"https:\/\/alfequipment.com\/wp-content\/uploads\/2025\/01\/TP260-Table-type-tray-sealing-machine-with.jpg\",\"contentUrl\":\"https:\/\/alfequipment.com\/wp-content\/uploads\/2025\/01\/TP260-Table-type-tray-sealing-machine-with.jpg\",\"width\":1000,\"height\":1000},{\"@type\":\"BreadcrumbList\",\"@id\":\"https:\/\/alfequipment.com\/product\/tp260-table-type-tray-sealing-machine-with-gas-filling\/#breadcrumb\",\"itemListElement\":[{\"@type\":\"ListItem\",\"position\":1,\"name\":\"Home\",\"item\":\"https:\/\/alfequipment.com\/\"},{\"@type\":\"ListItem\",\"position\":2,\"name\":\"Shop\",\"item\":\"https:\/\/alfequipment.com\/shop\/\"},{\"@type\":\"ListItem\",\"position\":3,\"name\":\"TP260 Table type tray sealing machine with gas filling\"}]},{\"@type\":\"WebSite\",\"@id\":\"https:\/\/alfequipment.com\/#website\",\"url\":\"https:\/\/alfequipment.com\/\",\"name\":\"ALF PACK\",\"description\":\"\",\"publisher\":{\"@id\":\"https:\/\/alfequipment.com\/#organization\"},\"potentialAction\":[{\"@type\":\"SearchAction\",\"target\":{\"@type\":\"EntryPoint\",\"urlTemplate\":\"https:\/\/alfequipment.com\/?s={search_term_string}\"},\"query-input\":{\"@type\":\"PropertyValueSpecification\",\"valueRequired\":true,\"valueName\":\"search_term_string\"}}],\"inLanguage\":\"es\"},{\"@type\":\"Organization\",\"@id\":\"https:\/\/alfequipment.com\/#organization\",\"name\":\"ALF PACK\",\"url\":\"https:\/\/alfequipment.com\/\",\"logo\":{\"@type\":\"ImageObject\",\"inLanguage\":\"es\",\"@id\":\"https:\/\/alfequipment.com\/#\/schema\/logo\/image\/\",\"url\":\"https:\/\/alfequipment.com\/wp-content\/uploads\/2024\/11\/ALFlogo-2.webp\",\"contentUrl\":\"https:\/\/alfequipment.com\/wp-content\/uploads\/2024\/11\/ALFlogo-2.webp\",\"width\":758,\"height\":750,\"caption\":\"ALF PACK\"},\"image\":{\"@id\":\"https:\/\/alfequipment.com\/#\/schema\/logo\/image\/\"}}]}<\/script>\n<!-- \/ Yoast SEO Premium plugin. -->","yoast_head_json":{"title":"TP260 Selladora de bandejas de mesa con llenado de gas - ALF PACK","robots":{"index":"index","follow":"follow","max-snippet":"max-snippet:-1","max-image-preview":"max-image-preview:large","max-video-preview":"max-video-preview:-1"},"canonical":"https:\/\/alfequipment.com\/es\/product\/tp260-selladora-de-bandejas-de-mesa-con-llenado-de-gas\/","og_locale":"es_ES","og_type":"article","og_title":"TP260 Table type tray sealing machine with gas filling","og_description":"Table Type Tray Sealer With Gas Filling","og_url":"https:\/\/alfequipment.com\/es\/product\/tp260-selladora-de-bandejas-de-mesa-con-llenado-de-gas\/","og_site_name":"ALF PACK","article_modified_time":"2025-01-13T13:09:16+00:00","og_image":[{"width":1000,"height":1000,"url":"https:\/\/alfequipment.com\/wp-content\/uploads\/2025\/01\/TP260-Table-type-tray-sealing-machine-with.jpg","type":"image\/webp"}],"twitter_card":"summary_large_image","twitter_misc":{"Tiempo de lectura":"1 minuto"},"schema":{"@context":"https:\/\/schema.org","@graph":[{"@type":"WebPage","@id":"https:\/\/alfequipment.com\/product\/tp260-table-type-tray-sealing-machine-with-gas-filling\/","url":"https:\/\/alfequipment.com\/product\/tp260-table-type-tray-sealing-machine-with-gas-filling\/","name":"TP260 Selladora de bandejas de mesa con llenado de gas - ALF PACK","isPartOf":{"@id":"https:\/\/alfequipment.com\/#website"},"primaryImageOfPage":{"@id":"https:\/\/alfequipment.com\/product\/tp260-table-type-tray-sealing-machine-with-gas-filling\/#primaryimage"},"image":{"@id":"https:\/\/alfequipment.com\/product\/tp260-table-type-tray-sealing-machine-with-gas-filling\/#primaryimage"},"thumbnailUrl":"https:\/\/alfequipment.com\/wp-content\/uploads\/2025\/01\/TP260-Table-type-tray-sealing-machine-with.jpg","datePublished":"2024-12-27T10:21:45+00:00","dateModified":"2025-01-13T13:09:16+00:00","breadcrumb":{"@id":"https:\/\/alfequipment.com\/product\/tp260-table-type-tray-sealing-machine-with-gas-filling\/#breadcrumb"},"inLanguage":"es","potentialAction":[{"@type":"ReadAction","target":["https:\/\/alfequipment.com\/product\/tp260-table-type-tray-sealing-machine-with-gas-filling\/"]}]},{"@type":"ImageObject","inLanguage":"es","@id":"https:\/\/alfequipment.com\/product\/tp260-table-type-tray-sealing-machine-with-gas-filling\/#primaryimage","url":"https:\/\/alfequipment.com\/wp-content\/uploads\/2025\/01\/TP260-Table-type-tray-sealing-machine-with.jpg","contentUrl":"https:\/\/alfequipment.com\/wp-content\/uploads\/2025\/01\/TP260-Table-type-tray-sealing-machine-with.jpg","width":1000,"height":1000},{"@type":"BreadcrumbList","@id":"https:\/\/alfequipment.com\/product\/tp260-table-type-tray-sealing-machine-with-gas-filling\/#breadcrumb","itemListElement":[{"@type":"ListItem","position":1,"name":"Home","item":"https:\/\/alfequipment.com\/"},{"@type":"ListItem","position":2,"name":"Shop","item":"https:\/\/alfequipment.com\/shop\/"},{"@type":"ListItem","position":3,"name":"TP260 Table type tray sealing machine with gas filling"}]},{"@type":"WebSite","@id":"https:\/\/alfequipment.com\/#website","url":"https:\/\/alfequipment.com\/","name":"PAQUETE ALF","description":"","publisher":{"@id":"https:\/\/alfequipment.com\/#organization"},"potentialAction":[{"@type":"SearchAction","target":{"@type":"EntryPoint","urlTemplate":"https:\/\/alfequipment.com\/?s={search_term_string}"},"query-input":{"@type":"PropertyValueSpecification","valueRequired":true,"valueName":"search_term_string"}}],"inLanguage":"es"},{"@type":"Organization","@id":"https:\/\/alfequipment.com\/#organization","name":"PAQUETE ALF","url":"https:\/\/alfequipment.com\/","logo":{"@type":"ImageObject","inLanguage":"es","@id":"https:\/\/alfequipment.com\/#\/schema\/logo\/image\/","url":"https:\/\/alfequipment.com\/wp-content\/uploads\/2024\/11\/ALFlogo-2.webp","contentUrl":"https:\/\/alfequipment.com\/wp-content\/uploads\/2024\/11\/ALFlogo-2.webp","width":758,"height":750,"caption":"ALF PACK"},"image":{"@id":"https:\/\/alfequipment.com\/#\/schema\/logo\/image\/"}}]}},"_links":{"self":[{"href":"https:\/\/alfequipment.com\/es\/wp-json\/wp\/v2\/product\/2957","targetHints":{"allow":["GET"]}}],"collection":[{"href":"https:\/\/alfequipment.com\/es\/wp-json\/wp\/v2\/product"}],"about":[{"href":"https:\/\/alfequipment.com\/es\/wp-json\/wp\/v2\/types\/product"}],"replies":[{"embeddable":true,"href":"https:\/\/alfequipment.com\/es\/wp-json\/wp\/v2\/comments?post=2957"}],"version-history":[{"count":0,"href":"https:\/\/alfequipment.com\/es\/wp-json\/wp\/v2\/product\/2957\/revisions"}],"wp:featuredmedia":[{"embeddable":true,"href":"https:\/\/alfequipment.com\/es\/wp-json\/wp\/v2\/media\/2748"}],"wp:attachment":[{"href":"https:\/\/alfequipment.com\/es\/wp-json\/wp\/v2\/media?parent=2957"}],"wp:term":[{"taxonomy":"product_brand","embeddable":true,"href":"https:\/\/alfequipment.com\/es\/wp-json\/wp\/v2\/product_brand?post=2957"},{"taxonomy":"product_cat","embeddable":true,"href":"https:\/\/alfequipment.com\/es\/wp-json\/wp\/v2\/product_cat?post=2957"},{"taxonomy":"product_tag","embeddable":true,"href":"https:\/\/alfequipment.com\/es\/wp-json\/wp\/v2\/product_tag?post=2957"}],"curies":[{"name":"wp","href":"https:\/\/api.w.org\/{rel}","templated":true}]}}