{"id":2963,"date":"2024-12-26T17:44:28","date_gmt":"2024-12-26T17:44:28","guid":{"rendered":"https:\/\/alfequipment.com\/product\/cross-carton-sealing-machine-fxc5050xb-packaging-production-line\/"},"modified":"2025-01-13T14:42:09","modified_gmt":"2025-01-13T14:42:09","slug":"maquina-de-sellado-de-carton-cruzado-fxc5050xb-linea-de-produccion-de-envases","status":"publish","type":"product","link":"https:\/\/alfequipment.com\/es\/product\/maquina-de-sellado-de-carton-cruzado-fxc5050xb-linea-de-produccion-de-envases\/","title":{"rendered":"Selladora de cart\u00f3n cruzado FXC5050XB L\u00ednea de producci\u00f3n de envases"},"content":{"rendered":"<div data-magic-global=\"%7B%22bizId%22%3A17179933680%2C%22pageId%22%3A21100521505%2C%22siteId%22%3A5005331025%7D\" id=\"detail_decorate_root\">\n<div module-id=\"29886223853\" module-title=\"detailProductNavigation\" render=\"true\" class=\"J_module\">\n<div id=\"ali-anchor-AliMagic-oy1dyk\" data-section=\"AliMagic-oy1dyk\" data-section-title=\"Product Description\" class=\"magic-0\">La nueva serie de m\u00e1quinas de sellado de cart\u00f3n se utiliza principalmente para sellar y empaquetar cart\u00f3n. Es una l\u00ednea de producci\u00f3n de embalaje. Estos selladores son ampliamente utilizados en los campos de electrodom\u00e9sticos, textiles, productos alimenticios, mercanc\u00edas en general, la medicina, la industria qu\u00edmica, as\u00ed como muchos otros.<\/div>\n<\/div>\n<div module-id=\"29886223854\" module-title=\"detailTextWithTitle\" render=\"true\" class=\"J_module\">\n<div class=\"detail-decorate-json-renderer-container\">\n<div class=\"magic-1\">\n<div class=\"magic-4\">\n<div class=\"magic-5\">\n<div class=\"magic-6\"><span>Esta serie de l\u00ednea de producci\u00f3n de envases especialmente dise\u00f1ada para el comercio electr\u00f3nico, utiliza cinta de sellado, f\u00e1cil de operar y conveniente. La anchura y la altura de sellado se pueden ajustar de acuerdo con el tama\u00f1o de la caja de cart\u00f3n. El sellado superior e inferior se puede completar primero, y la posici\u00f3n de la esquina se puede empujar autom\u00e1ticamente, y luego se puede completar el sellado transversal.<\/span><\/p>\n<p class=\"magic-7\">\n<\/p><\/div>\n<\/p><\/div>\n<\/p><\/div>\n<\/p><\/div>\n<\/p><\/div>\n<\/p><\/div>\n<div module-id=\"29886223855\" module-title=\"detailTableHorizontal\" render=\"true\" class=\"J_module\">\n<div class=\"ife-detail-decorate-table\">\n<table class=\"has-title all magic-8\">\n<tbody>\n<tr>\n<td colspan=\"1\" rowspan=\"1\">\n<div class=\"magic-9\">\n        Modelo\n       <\/div>\n<\/td>\n<td colspan=\"1\" rowspan=\"1\">\n<div class=\"magic-10\">\n        FXC5050XB\n       <\/div>\n<\/td>\n<td colspan=\"1\" rowspan=\"1\">\n<div class=\"magic-11\">\n        DTS620\n       <\/div>\n<\/td>\n<td colspan=\"1\" rowspan=\"1\">\n<div class=\"magic-12\">\n        FXC5050XBB\n       <\/div>\n<\/td>\n<\/tr>\n<tr>\n<td colspan=\"1\" rowspan=\"1\">\n<div class=\"magic-9\">\n        Fuentes de energ\u00eda\n       <\/div>\n<\/td>\n<td colspan=\"1\" rowspan=\"1\">\n<div class=\"magic-10\">\n        AC220V\/50Hz\/240W\n       <\/div>\n<\/td>\n<td colspan=\"1\" rowspan=\"1\">\n<div class=\"magic-11\">\n        AC220V\/50Hz\/200W\n       <\/div>\n<\/td>\n<td colspan=\"1\" rowspan=\"1\">\n<div class=\"magic-12\">\n        AC220V\/50Hz\/240W\n       <\/div>\n<\/td>\n<\/tr>\n<tr>\n<td colspan=\"1\" rowspan=\"1\">\n<div class=\"magic-9\">\n        Velocidad de transporte\n       <\/div>\n<\/td>\n<td colspan=\"1\" rowspan=\"1\">\n<div class=\"magic-10\">\n        18 m\/min\n       <\/div>\n<\/td>\n<td colspan=\"1\" rowspan=\"1\">\n<div class=\"magic-11\">\n        18 m\/min\n       <\/div>\n<\/td>\n<td colspan=\"1\" rowspan=\"1\">\n<div class=\"magic-12\">\n        18 m\/min\n       <\/div>\n<\/td>\n<\/tr>\n<tr>\n<td colspan=\"1\" rowspan=\"1\">\n<div class=\"magic-9\">\n        Anchura de la cinta adhesiva\n       <\/div>\n<\/td>\n<td colspan=\"1\" rowspan=\"1\">\n<div class=\"magic-10\">\n        30 mm 45 mm\n       <\/div>\n<\/td>\n<td colspan=\"1\" rowspan=\"1\">\n<div class=\"magic-11\">\n        \u00ef\u00bc\n       <\/div>\n<\/td>\n<td colspan=\"1\" rowspan=\"1\">\n<div class=\"magic-12\">\n        30 mm 45 mm\n       <\/div>\n<\/td>\n<\/tr>\n<tr>\n<td colspan=\"1\" rowspan=\"1\">\n<div class=\"magic-9\">\n        Cinta adhesiva utilizada\n       <\/div>\n<\/td>\n<td colspan=\"1\" rowspan=\"1\">\n<div class=\"magic-10\">\n        BOPP, cinta adhesiva sin agua, cinta adhesiva de PVC\n       <\/div>\n<\/td>\n<td colspan=\"1\" rowspan=\"1\">\n<div class=\"magic-11\">\n        \u00ef\u00bc\n       <\/div>\n<\/td>\n<td colspan=\"1\" rowspan=\"1\">\n<div class=\"magic-12\">\n        BOPP, cinta adhesiva sin agua, cinta adhesiva de PVC\n       <\/div>\n<\/td>\n<\/tr>\n<tr>\n<td colspan=\"1\" rowspan=\"1\">\n<div class=\"magic-9\">\n        V\u00eda de transmisi\u00f3n\n       <\/div>\n<\/td>\n<td colspan=\"1\" rowspan=\"1\">\n<div class=\"magic-10\">\n        Transportador lateral\n       <\/div>\n<\/td>\n<td colspan=\"1\" rowspan=\"1\">\n<div class=\"magic-11\">\n        Transportador de rodillos\n       <\/div>\n<\/td>\n<td colspan=\"1\" rowspan=\"1\">\n<div class=\"magic-12\">\n        Transportador lateral\n       <\/div>\n<\/td>\n<\/tr>\n<tr>\n<td colspan=\"1\" rowspan=\"1\">\n<div class=\"magic-9\">\n        Embalaje de sellado m\u00e1x. (L*A*A)\n       <\/div>\n<\/td>\n<td colspan=\"1\" rowspan=\"1\">\n<div class=\"magic-10\">\n        500\u00d7500\u00d7500mm\n       <\/div>\n<\/td>\n<td colspan=\"1\" rowspan=\"1\">\n<div class=\"magic-11\">\n        500\u00d7500\u00d7500mm\n       <\/div>\n<\/td>\n<td colspan=\"1\" rowspan=\"1\">\n<div class=\"magic-12\">\n        500\u00d7500\u00d7500mm\n       <\/div>\n<\/td>\n<\/tr>\n<tr>\n<td colspan=\"1\" rowspan=\"1\">\n<div class=\"magic-9\">\n        Embalaje de sellado m\u00edn. (L*A*A)\n       <\/div>\n<\/td>\n<td colspan=\"1\" rowspan=\"1\">\n<div class=\"magic-10\">\n        130\u00d780\u00d790mm\n       <\/div>\n<\/td>\n<td colspan=\"1\" rowspan=\"1\">\n<div class=\"magic-11\">\n        130\u00d780\u00d790mm\n       <\/div>\n<\/td>\n<td colspan=\"1\" rowspan=\"1\">\n<div class=\"magic-12\">\n        130\u00d780\u00d790mm\n       <\/div>\n<\/td>\n<\/tr>\n<\/tbody>\n<\/table><\/div>\n<\/p><\/div>\n<div module-id=\"29886223856\" module-title=\"detailSingleImage\" render=\"true\" class=\"J_module\">\n<div class=\"icbu-pc-images magic-13\">\n<div>\n<div class=\"flex-layout-v\">\n<div class=\"flex-layout-h magic-13\">\n<div class=\"magic-14\">\n       <img decoding=\"async\" src=\"https:\/\/sc04.alicdn.com\/kf\/Hd69490aa388b48a8ad1f58e4e4a23dae7\/64496\/Hd69490aa388b48a8ad1f58e4e4a23dae7.jpg\" class=\"aligncenter\">\n      <\/div>\n<\/p><\/div>\n<\/p><\/div>\n<\/p><\/div>\n<\/p><\/div>\n<\/p><\/div>\n<div module-id=\"29886223857\" module-title=\"detailSingleImage\" render=\"true\" class=\"J_module\">\n<div class=\"icbu-pc-images magic-13\">\n<div>\n<div class=\"flex-layout-v\">\n<div class=\"flex-layout-h magic-13\">\n<div class=\"magic-16\">\n       <img decoding=\"async\" src=\"https:\/\/sc04.alicdn.com\/kf\/Hf89c230ce76741a9b456079fc53e2e6cB\/64496\/Hf89c230ce76741a9b456079fc53e2e6cB.jpg\" class=\"aligncenter\">\n      <\/div>\n<\/p><\/div>\n<\/p><\/div>\n<\/p><\/div>\n<\/p><\/div>\n<\/p><\/div>\n<div module-id=\"29914928600\" module-title=\"detailSingleImage\" render=\"true\" class=\"J_module\">\n<div class=\"icbu-pc-images magic-13\">\n<div>\n<div class=\"flex-layout-v\">\n<div class=\"flex-layout-h magic-13\">\n<div class=\"magic-18\">\n       <img decoding=\"async\" src=\"https:\/\/sc04.alicdn.com\/kf\/H37ce1ad0c5764d66900de8ca22481c1e4\/64496\/H37ce1ad0c5764d66900de8ca22481c1e4.png\" class=\"aligncenter\">\n      <\/div>\n<\/p><\/div>\n<\/p><\/div>\n<\/p><\/div>\n<\/p><\/div>\n<\/p><\/div>\n<div module-id=\"29886223860\" module-title=\"detailSingleImage\" render=\"true\" class=\"J_module\">\n<div class=\"icbu-pc-images magic-13\">\n<div>\n<div class=\"flex-layout-v\">\n<div class=\"flex-layout-h magic-13\">\n<div class=\"magic-20\">\n       <img decoding=\"async\" src=\"https:\/\/sc04.alicdn.com\/kf\/H1ec0ce27e89047c882785279c3f00623I\/64496\/H1ec0ce27e89047c882785279c3f00623I.png\" class=\"aligncenter\">\n      <\/div>\n<\/p><\/div>\n<\/p><\/div>\n<\/p><\/div>\n<\/p><\/div>\n<\/p><\/div>\n<\/div>","protected":false},"excerpt":{"rendered":"<p>Selladora autom\u00e1tica de cajas cruzadas<\/p>","protected":false},"featured_media":2760,"comment_status":"closed","ping_status":"open","template":"","meta":[],"product_brand":[],"product_cat":[116,97],"product_tag":[],"class_list":{"0":"post-2963","1":"product","2":"type-product","3":"status-publish","4":"has-post-thumbnail","6":"product_cat-carton-sealing-machine","7":"product_cat-sealing-machines","9":"first","10":"instock","11":"sale","12":"purchasable","13":"product-type-simple"},"yoast_head":"<!-- This site is optimized with the Yoast SEO Premium plugin v20.9 (Yoast SEO v26.5) - https:\/\/yoast.com\/wordpress\/plugins\/seo\/ -->\n<title>Cross carton sealing machine FXC5050XB Packaging production line - ALF PACK<\/title>\n<meta name=\"robots\" content=\"index, follow, max-snippet:-1, max-image-preview:large, max-video-preview:-1\" \/>\n<link rel=\"canonical\" href=\"https:\/\/alfequipment.com\/es\/product\/maquina-de-sellado-de-carton-cruzado-fxc5050xb-linea-de-produccion-de-envases\/\" \/>\n<meta property=\"og:locale\" content=\"es_ES\" \/>\n<meta property=\"og:type\" content=\"article\" \/>\n<meta property=\"og:title\" content=\"Cross carton sealing machine FXC5050XB Packaging production line\" \/>\n<meta property=\"og:description\" content=\"Automatic Cross Carton Sealer\" \/>\n<meta property=\"og:url\" content=\"https:\/\/alfequipment.com\/es\/product\/maquina-de-sellado-de-carton-cruzado-fxc5050xb-linea-de-produccion-de-envases\/\" \/>\n<meta property=\"og:site_name\" content=\"ALF PACK\" \/>\n<meta property=\"article:modified_time\" content=\"2025-01-13T14:42:09+00:00\" \/>\n<meta property=\"og:image\" content=\"https:\/\/alfequipment.com\/wp-content\/uploads\/2025\/01\/Cross-carton-sealing-machine-FXC5050XB-Packaging-production.jpg\" \/>\n\t<meta property=\"og:image:width\" content=\"800\" \/>\n\t<meta property=\"og:image:height\" content=\"800\" \/>\n\t<meta property=\"og:image:type\" content=\"image\/webp\" \/>\n<meta name=\"twitter:card\" content=\"summary_large_image\" \/>\n<meta name=\"twitter:label1\" content=\"Tiempo de lectura\" \/>\n\t<meta name=\"twitter:data1\" content=\"1 minuto\" \/>\n<script type=\"application\/ld+json\" class=\"yoast-schema-graph\">{\"@context\":\"https:\/\/schema.org\",\"@graph\":[{\"@type\":\"WebPage\",\"@id\":\"https:\/\/alfequipment.com\/product\/cross-carton-sealing-machine-fxc5050xb-packaging-production-line\/\",\"url\":\"https:\/\/alfequipment.com\/product\/cross-carton-sealing-machine-fxc5050xb-packaging-production-line\/\",\"name\":\"Cross carton sealing machine FXC5050XB Packaging production line - ALF PACK\",\"isPartOf\":{\"@id\":\"https:\/\/alfequipment.com\/#website\"},\"primaryImageOfPage\":{\"@id\":\"https:\/\/alfequipment.com\/product\/cross-carton-sealing-machine-fxc5050xb-packaging-production-line\/#primaryimage\"},\"image\":{\"@id\":\"https:\/\/alfequipment.com\/product\/cross-carton-sealing-machine-fxc5050xb-packaging-production-line\/#primaryimage\"},\"thumbnailUrl\":\"https:\/\/alfequipment.com\/wp-content\/uploads\/2025\/01\/Cross-carton-sealing-machine-FXC5050XB-Packaging-production.jpg\",\"datePublished\":\"2024-12-26T17:44:28+00:00\",\"dateModified\":\"2025-01-13T14:42:09+00:00\",\"breadcrumb\":{\"@id\":\"https:\/\/alfequipment.com\/product\/cross-carton-sealing-machine-fxc5050xb-packaging-production-line\/#breadcrumb\"},\"inLanguage\":\"es\",\"potentialAction\":[{\"@type\":\"ReadAction\",\"target\":[\"https:\/\/alfequipment.com\/product\/cross-carton-sealing-machine-fxc5050xb-packaging-production-line\/\"]}]},{\"@type\":\"ImageObject\",\"inLanguage\":\"es\",\"@id\":\"https:\/\/alfequipment.com\/product\/cross-carton-sealing-machine-fxc5050xb-packaging-production-line\/#primaryimage\",\"url\":\"https:\/\/alfequipment.com\/wp-content\/uploads\/2025\/01\/Cross-carton-sealing-machine-FXC5050XB-Packaging-production.jpg\",\"contentUrl\":\"https:\/\/alfequipment.com\/wp-content\/uploads\/2025\/01\/Cross-carton-sealing-machine-FXC5050XB-Packaging-production.jpg\",\"width\":800,\"height\":800},{\"@type\":\"BreadcrumbList\",\"@id\":\"https:\/\/alfequipment.com\/product\/cross-carton-sealing-machine-fxc5050xb-packaging-production-line\/#breadcrumb\",\"itemListElement\":[{\"@type\":\"ListItem\",\"position\":1,\"name\":\"Home\",\"item\":\"https:\/\/alfequipment.com\/\"},{\"@type\":\"ListItem\",\"position\":2,\"name\":\"Shop\",\"item\":\"https:\/\/alfequipment.com\/shop\/\"},{\"@type\":\"ListItem\",\"position\":3,\"name\":\"Cross carton sealing machine FXC5050XB Packaging production line\"}]},{\"@type\":\"WebSite\",\"@id\":\"https:\/\/alfequipment.com\/#website\",\"url\":\"https:\/\/alfequipment.com\/\",\"name\":\"ALF PACK\",\"description\":\"\",\"publisher\":{\"@id\":\"https:\/\/alfequipment.com\/#organization\"},\"potentialAction\":[{\"@type\":\"SearchAction\",\"target\":{\"@type\":\"EntryPoint\",\"urlTemplate\":\"https:\/\/alfequipment.com\/?s={search_term_string}\"},\"query-input\":{\"@type\":\"PropertyValueSpecification\",\"valueRequired\":true,\"valueName\":\"search_term_string\"}}],\"inLanguage\":\"es\"},{\"@type\":\"Organization\",\"@id\":\"https:\/\/alfequipment.com\/#organization\",\"name\":\"ALF PACK\",\"url\":\"https:\/\/alfequipment.com\/\",\"logo\":{\"@type\":\"ImageObject\",\"inLanguage\":\"es\",\"@id\":\"https:\/\/alfequipment.com\/#\/schema\/logo\/image\/\",\"url\":\"https:\/\/alfequipment.com\/wp-content\/uploads\/2024\/11\/ALFlogo-2.webp\",\"contentUrl\":\"https:\/\/alfequipment.com\/wp-content\/uploads\/2024\/11\/ALFlogo-2.webp\",\"width\":758,\"height\":750,\"caption\":\"ALF PACK\"},\"image\":{\"@id\":\"https:\/\/alfequipment.com\/#\/schema\/logo\/image\/\"}}]}<\/script>\n<!-- \/ Yoast SEO Premium plugin. -->","yoast_head_json":{"title":"Selladora de cart\u00f3n cruzado FXC5050XB L\u00ednea de producci\u00f3n de envases - ALF PACK","robots":{"index":"index","follow":"follow","max-snippet":"max-snippet:-1","max-image-preview":"max-image-preview:large","max-video-preview":"max-video-preview:-1"},"canonical":"https:\/\/alfequipment.com\/es\/product\/maquina-de-sellado-de-carton-cruzado-fxc5050xb-linea-de-produccion-de-envases\/","og_locale":"es_ES","og_type":"article","og_title":"Cross carton sealing machine FXC5050XB Packaging production line","og_description":"Automatic Cross Carton Sealer","og_url":"https:\/\/alfequipment.com\/es\/product\/maquina-de-sellado-de-carton-cruzado-fxc5050xb-linea-de-produccion-de-envases\/","og_site_name":"ALF PACK","article_modified_time":"2025-01-13T14:42:09+00:00","og_image":[{"width":800,"height":800,"url":"https:\/\/alfequipment.com\/wp-content\/uploads\/2025\/01\/Cross-carton-sealing-machine-FXC5050XB-Packaging-production.jpg","type":"image\/webp"}],"twitter_card":"summary_large_image","twitter_misc":{"Tiempo de lectura":"1 minuto"},"schema":{"@context":"https:\/\/schema.org","@graph":[{"@type":"WebPage","@id":"https:\/\/alfequipment.com\/product\/cross-carton-sealing-machine-fxc5050xb-packaging-production-line\/","url":"https:\/\/alfequipment.com\/product\/cross-carton-sealing-machine-fxc5050xb-packaging-production-line\/","name":"Selladora de cart\u00f3n cruzado FXC5050XB L\u00ednea de producci\u00f3n de envases - ALF PACK","isPartOf":{"@id":"https:\/\/alfequipment.com\/#website"},"primaryImageOfPage":{"@id":"https:\/\/alfequipment.com\/product\/cross-carton-sealing-machine-fxc5050xb-packaging-production-line\/#primaryimage"},"image":{"@id":"https:\/\/alfequipment.com\/product\/cross-carton-sealing-machine-fxc5050xb-packaging-production-line\/#primaryimage"},"thumbnailUrl":"https:\/\/alfequipment.com\/wp-content\/uploads\/2025\/01\/Cross-carton-sealing-machine-FXC5050XB-Packaging-production.jpg","datePublished":"2024-12-26T17:44:28+00:00","dateModified":"2025-01-13T14:42:09+00:00","breadcrumb":{"@id":"https:\/\/alfequipment.com\/product\/cross-carton-sealing-machine-fxc5050xb-packaging-production-line\/#breadcrumb"},"inLanguage":"es","potentialAction":[{"@type":"ReadAction","target":["https:\/\/alfequipment.com\/product\/cross-carton-sealing-machine-fxc5050xb-packaging-production-line\/"]}]},{"@type":"ImageObject","inLanguage":"es","@id":"https:\/\/alfequipment.com\/product\/cross-carton-sealing-machine-fxc5050xb-packaging-production-line\/#primaryimage","url":"https:\/\/alfequipment.com\/wp-content\/uploads\/2025\/01\/Cross-carton-sealing-machine-FXC5050XB-Packaging-production.jpg","contentUrl":"https:\/\/alfequipment.com\/wp-content\/uploads\/2025\/01\/Cross-carton-sealing-machine-FXC5050XB-Packaging-production.jpg","width":800,"height":800},{"@type":"BreadcrumbList","@id":"https:\/\/alfequipment.com\/product\/cross-carton-sealing-machine-fxc5050xb-packaging-production-line\/#breadcrumb","itemListElement":[{"@type":"ListItem","position":1,"name":"Home","item":"https:\/\/alfequipment.com\/"},{"@type":"ListItem","position":2,"name":"Shop","item":"https:\/\/alfequipment.com\/shop\/"},{"@type":"ListItem","position":3,"name":"Cross carton sealing machine FXC5050XB Packaging production line"}]},{"@type":"WebSite","@id":"https:\/\/alfequipment.com\/#website","url":"https:\/\/alfequipment.com\/","name":"PAQUETE ALF","description":"","publisher":{"@id":"https:\/\/alfequipment.com\/#organization"},"potentialAction":[{"@type":"SearchAction","target":{"@type":"EntryPoint","urlTemplate":"https:\/\/alfequipment.com\/?s={search_term_string}"},"query-input":{"@type":"PropertyValueSpecification","valueRequired":true,"valueName":"search_term_string"}}],"inLanguage":"es"},{"@type":"Organization","@id":"https:\/\/alfequipment.com\/#organization","name":"PAQUETE ALF","url":"https:\/\/alfequipment.com\/","logo":{"@type":"ImageObject","inLanguage":"es","@id":"https:\/\/alfequipment.com\/#\/schema\/logo\/image\/","url":"https:\/\/alfequipment.com\/wp-content\/uploads\/2024\/11\/ALFlogo-2.webp","contentUrl":"https:\/\/alfequipment.com\/wp-content\/uploads\/2024\/11\/ALFlogo-2.webp","width":758,"height":750,"caption":"ALF PACK"},"image":{"@id":"https:\/\/alfequipment.com\/#\/schema\/logo\/image\/"}}]}},"_links":{"self":[{"href":"https:\/\/alfequipment.com\/es\/wp-json\/wp\/v2\/product\/2963","targetHints":{"allow":["GET"]}}],"collection":[{"href":"https:\/\/alfequipment.com\/es\/wp-json\/wp\/v2\/product"}],"about":[{"href":"https:\/\/alfequipment.com\/es\/wp-json\/wp\/v2\/types\/product"}],"replies":[{"embeddable":true,"href":"https:\/\/alfequipment.com\/es\/wp-json\/wp\/v2\/comments?post=2963"}],"version-history":[{"count":0,"href":"https:\/\/alfequipment.com\/es\/wp-json\/wp\/v2\/product\/2963\/revisions"}],"wp:featuredmedia":[{"embeddable":true,"href":"https:\/\/alfequipment.com\/es\/wp-json\/wp\/v2\/media\/2760"}],"wp:attachment":[{"href":"https:\/\/alfequipment.com\/es\/wp-json\/wp\/v2\/media?parent=2963"}],"wp:term":[{"taxonomy":"product_brand","embeddable":true,"href":"https:\/\/alfequipment.com\/es\/wp-json\/wp\/v2\/product_brand?post=2963"},{"taxonomy":"product_cat","embeddable":true,"href":"https:\/\/alfequipment.com\/es\/wp-json\/wp\/v2\/product_cat?post=2963"},{"taxonomy":"product_tag","embeddable":true,"href":"https:\/\/alfequipment.com\/es\/wp-json\/wp\/v2\/product_tag?post=2963"}],"curies":[{"name":"wp","href":"https:\/\/api.w.org\/{rel}","templated":true}]}}