{"id":2969,"date":"2024-12-22T13:09:45","date_gmt":"2024-12-22T13:09:45","guid":{"rendered":"https:\/\/alfequipment.com\/product\/hw-450-hand-wrapper-food-fruit-packaging-machine\/"},"modified":"2025-01-13T13:09:22","modified_gmt":"2025-01-13T13:09:22","slug":"hw-450-envolvedora-manual-de-alimentos-envasadora-de-frutas","status":"publish","type":"product","link":"https:\/\/alfequipment.com\/es\/product\/hw-450-envolvedora-manual-de-alimentos-envasadora-de-frutas\/","title":{"rendered":"Envasadora manual de frutas HW-450"},"content":{"rendered":"<p><span style=\"font-family: Verdana, Arial, Helvetica, sans-serif;\">Envolvedora manual HW-450,Caracter\u00edsticas:  Utilice pel\u00edculas para el envasado de alimentos, frutas, etc Thismachine es f\u00e1cil de operar, y de alta eficiencia. La m\u00e1quina puede mantener los alimentos frescos y de la evaporaci\u00f3n del agua. Tambi\u00e9n mantiene los alimentos sin olor en el almac\u00e9n frigor\u00edfico. Ayuda a prolongar el per\u00edodo de validez de las existencias frigor\u00edficas y a mejorar la calidad de los productos almacenados.<\/span><\/p>\n<p>&nbsp;<\/p>\n<p><span style=\"font-size: 16px;\">Especificaci\u00f3n:<\/span><\/p>\n<table class=\"aliDataTable\" style=\"font-style: normal; font-weight: normal; font-size: 14px; line-height: 21px; font-family: tahoma,arial,sans-serif; color: #404040;\" border=\"1\" cellspacing=\"0\" cellpadding=\"0\">\n<tbody>\n<tr align=\"left\">\n<td style=\"width: 104.4pt;\" valign=\"top\">\n<p><span style=\"font-size: 14px;\"><span style=\"line-height: normal;\">Modelo<\/span><\/span><\/p>\n<\/td>\n<td style=\"width: 144pt;\" valign=\"top\">\n<p><span style=\"font-size: 14px;\">HW-450<\/span><\/p>\n<\/td>\n<\/tr>\n<tr align=\"left\">\n<td valign=\"top\">\n<p><span style=\"font-size: 14px;\"><span style=\"line-height: normal;\">Tensi\u00f3n<\/span><\/span><\/p>\n<\/td>\n<td valign=\"top\">\n<p><span style=\"font-size: 14px;\">220V 55HZ<\/span><\/p>\n<\/td>\n<\/tr>\n<tr align=\"left\">\n<td valign=\"top\">\n<p><span style=\"font-style: normal; font-weight: normal; font-size: 14px; line-height: normal;\">Potencia<\/span><\/p>\n<\/td>\n<td valign=\"top\">\n<p><span style=\"font-size: 14px;\">270W<\/span><\/p>\n<\/td>\n<\/tr>\n<tr align=\"left\">\n<td valign=\"top\">\n<p><span style=\"font-size: 14px;\"><span style=\"line-height: normal;\">Anchura de sellado<\/span><\/span><\/p>\n<\/td>\n<td valign=\"top\">\n<p><span style=\"font-size: 14px;\">450 mm<\/span><\/p>\n<\/td>\n<\/tr>\n<tr align=\"left\">\n<td valign=\"top\">\n<p><span style=\"font-size: 14px;\"><span style=\"line-height: normal;\">Temp<\/span><\/span><\/p>\n<\/td>\n<td valign=\"top\">\n<p><span style=\"font-size: 14px;\">50\u00b0C-140\u00b0C<\/span><\/p>\n<\/td>\n<\/tr>\n<tr align=\"left\">\n<td valign=\"top\">\n<p><span style=\"font-size: 14px;\"><span style=\"line-height: normal;\">Dimensi\u00f3n<\/span><\/span><\/p>\n<\/td>\n<td valign=\"top\">\n<p><span style=\"font-style: normal; font-size: 14px; line-height: normal; font-family: verdana;\">540*680*200mm<\/span><\/p>\n<\/td>\n<\/tr>\n<\/tbody>\n<\/table>\n<p>&nbsp;<\/p>\n<p>&nbsp;<\/p>\n<p><img decoding=\"async\" src=\"https:\/\/sc01.alicdn.com\/kf\/H79bb6d05a7ab4bd9b1a0e37c887404ecC.jpg\" data-alt=\"HW-450 Hand Wrapper Food Fruit Packaging Machine\" data-width=\"195\" data-height=\"202\" style=\"width: 236px; height: 210px;\" ori-width=\"750\" ori-height=\"562\" class=\"aligncenter\"><\/p>\n<p>&nbsp;<\/p>\n<p><img decoding=\"async\" src=\"https:\/\/sc01.alicdn.com\/kf\/HTB1F9q9FVXXXXaGXFXXq6xXFXXXL\/64496\/HTB1F9q9FVXXXXaGXFXXq6xXFXXXL.jpg\" data-alt=\"HW-450 Hand Wrapper Food Fruit Packaging Machine\" style=\"width: 519px; height: 347px;\" ori-width=\"650\" ori-height=\"488\" class=\"aligncenter\"><\/p>\n<p><img decoding=\"async\" src=\"https:\/\/sc01.alicdn.com\/kf\/HTB1pRfaFVXXXXciXXXXq6xXFXXXg\/64496\/HTB1pRfaFVXXXXciXXXXq6xXFXXXg.jpg\" data-alt=\"HW-450 Hand Wrapper Food Fruit Packaging Machine\" style=\"width: 518px; height: 389px;\" ori-width=\"1000\" ori-height=\"750\" class=\"aligncenter\"><\/p>\n<p><img decoding=\"async\" src=\"https:\/\/sc01.alicdn.com\/kf\/HTB14k6cFVXXXXbbXXXXq6xXFXXXK\/64496\/HTB14k6cFVXXXXbbXXXXq6xXFXXXK.jpg\" data-alt=\"HW-450 Hand Wrapper Food Fruit Packaging Machine\" style=\"width: 331px; height: 248px;\" ori-width=\"1000\" ori-height=\"750\" class=\"aligncenter\"><img decoding=\"async\" src=\"https:\/\/sc01.alicdn.com\/kf\/HTB12xa5FVXXXXXjXVXXq6xXFXXX6\/64496\/HTB12xa5FVXXXXXjXVXXq6xXFXXX6.jpg\" data-alt=\"HW-450 Hand Wrapper Food Fruit Packaging Machine\" style=\"width: 328px; height: 248px;\" ori-width=\"1000\" ori-height=\"750\" class=\"aligncenter\"><\/p>\n<p>&nbsp;<\/p><\/p>","protected":false},"excerpt":{"rendered":"<p>Envasadora manual Hw-450<\/p>","protected":false},"featured_media":2772,"comment_status":"closed","ping_status":"open","template":"","meta":[],"product_brand":[],"product_cat":[97],"product_tag":[],"class_list":{"0":"post-2969","1":"product","2":"type-product","3":"status-publish","4":"has-post-thumbnail","6":"product_cat-sealing-machines","8":"first","9":"instock","10":"sale","11":"purchasable","12":"product-type-simple"},"yoast_head":"<!-- This site is optimized with the Yoast SEO Premium plugin v20.9 (Yoast SEO v26.5) - https:\/\/yoast.com\/wordpress\/plugins\/seo\/ -->\n<title>HW-450 Hand Wrapper Food Fruit Packaging Machine - ALF PACK<\/title>\n<meta name=\"robots\" content=\"index, follow, max-snippet:-1, max-image-preview:large, max-video-preview:-1\" \/>\n<link rel=\"canonical\" href=\"https:\/\/alfequipment.com\/es\/product\/hw-450-envolvedora-manual-de-alimentos-envasadora-de-frutas\/\" \/>\n<meta property=\"og:locale\" content=\"es_ES\" \/>\n<meta property=\"og:type\" content=\"article\" \/>\n<meta property=\"og:title\" content=\"HW-450 Hand Wrapper Food Fruit Packaging Machine\" \/>\n<meta property=\"og:description\" content=\"Hw-450 Hand Wrapper Packaging Machine\" \/>\n<meta property=\"og:url\" content=\"https:\/\/alfequipment.com\/es\/product\/hw-450-envolvedora-manual-de-alimentos-envasadora-de-frutas\/\" \/>\n<meta property=\"og:site_name\" content=\"ALF PACK\" \/>\n<meta property=\"article:modified_time\" content=\"2025-01-13T13:09:22+00:00\" \/>\n<meta property=\"og:image\" content=\"https:\/\/alfequipment.com\/wp-content\/uploads\/2025\/01\/HW-450-Hand-Wrapper-Food-Fruit-Packaging.jpg\" \/>\n\t<meta property=\"og:image:width\" content=\"800\" \/>\n\t<meta property=\"og:image:height\" content=\"800\" \/>\n\t<meta property=\"og:image:type\" content=\"image\/webp\" \/>\n<meta name=\"twitter:card\" content=\"summary_large_image\" \/>\n<script type=\"application\/ld+json\" class=\"yoast-schema-graph\">{\"@context\":\"https:\/\/schema.org\",\"@graph\":[{\"@type\":\"WebPage\",\"@id\":\"https:\/\/alfequipment.com\/product\/hw-450-hand-wrapper-food-fruit-packaging-machine\/\",\"url\":\"https:\/\/alfequipment.com\/product\/hw-450-hand-wrapper-food-fruit-packaging-machine\/\",\"name\":\"HW-450 Hand Wrapper Food Fruit Packaging Machine - ALF PACK\",\"isPartOf\":{\"@id\":\"https:\/\/alfequipment.com\/#website\"},\"primaryImageOfPage\":{\"@id\":\"https:\/\/alfequipment.com\/product\/hw-450-hand-wrapper-food-fruit-packaging-machine\/#primaryimage\"},\"image\":{\"@id\":\"https:\/\/alfequipment.com\/product\/hw-450-hand-wrapper-food-fruit-packaging-machine\/#primaryimage\"},\"thumbnailUrl\":\"https:\/\/alfequipment.com\/wp-content\/uploads\/2025\/01\/HW-450-Hand-Wrapper-Food-Fruit-Packaging.jpg\",\"datePublished\":\"2024-12-22T13:09:45+00:00\",\"dateModified\":\"2025-01-13T13:09:22+00:00\",\"breadcrumb\":{\"@id\":\"https:\/\/alfequipment.com\/product\/hw-450-hand-wrapper-food-fruit-packaging-machine\/#breadcrumb\"},\"inLanguage\":\"es\",\"potentialAction\":[{\"@type\":\"ReadAction\",\"target\":[\"https:\/\/alfequipment.com\/product\/hw-450-hand-wrapper-food-fruit-packaging-machine\/\"]}]},{\"@type\":\"ImageObject\",\"inLanguage\":\"es\",\"@id\":\"https:\/\/alfequipment.com\/product\/hw-450-hand-wrapper-food-fruit-packaging-machine\/#primaryimage\",\"url\":\"https:\/\/alfequipment.com\/wp-content\/uploads\/2025\/01\/HW-450-Hand-Wrapper-Food-Fruit-Packaging.jpg\",\"contentUrl\":\"https:\/\/alfequipment.com\/wp-content\/uploads\/2025\/01\/HW-450-Hand-Wrapper-Food-Fruit-Packaging.jpg\",\"width\":800,\"height\":800},{\"@type\":\"BreadcrumbList\",\"@id\":\"https:\/\/alfequipment.com\/product\/hw-450-hand-wrapper-food-fruit-packaging-machine\/#breadcrumb\",\"itemListElement\":[{\"@type\":\"ListItem\",\"position\":1,\"name\":\"Home\",\"item\":\"https:\/\/alfequipment.com\/\"},{\"@type\":\"ListItem\",\"position\":2,\"name\":\"Shop\",\"item\":\"https:\/\/alfequipment.com\/shop\/\"},{\"@type\":\"ListItem\",\"position\":3,\"name\":\"HW-450 Hand Wrapper Food Fruit Packaging Machine\"}]},{\"@type\":\"WebSite\",\"@id\":\"https:\/\/alfequipment.com\/#website\",\"url\":\"https:\/\/alfequipment.com\/\",\"name\":\"ALF PACK\",\"description\":\"\",\"publisher\":{\"@id\":\"https:\/\/alfequipment.com\/#organization\"},\"potentialAction\":[{\"@type\":\"SearchAction\",\"target\":{\"@type\":\"EntryPoint\",\"urlTemplate\":\"https:\/\/alfequipment.com\/?s={search_term_string}\"},\"query-input\":{\"@type\":\"PropertyValueSpecification\",\"valueRequired\":true,\"valueName\":\"search_term_string\"}}],\"inLanguage\":\"es\"},{\"@type\":\"Organization\",\"@id\":\"https:\/\/alfequipment.com\/#organization\",\"name\":\"ALF PACK\",\"url\":\"https:\/\/alfequipment.com\/\",\"logo\":{\"@type\":\"ImageObject\",\"inLanguage\":\"es\",\"@id\":\"https:\/\/alfequipment.com\/#\/schema\/logo\/image\/\",\"url\":\"https:\/\/alfequipment.com\/wp-content\/uploads\/2024\/11\/ALFlogo-2.webp\",\"contentUrl\":\"https:\/\/alfequipment.com\/wp-content\/uploads\/2024\/11\/ALFlogo-2.webp\",\"width\":758,\"height\":750,\"caption\":\"ALF PACK\"},\"image\":{\"@id\":\"https:\/\/alfequipment.com\/#\/schema\/logo\/image\/\"}}]}<\/script>\n<!-- \/ Yoast SEO Premium plugin. -->","yoast_head_json":{"title":"Envasadora manual de frutas HW-450 - ALF PACK","robots":{"index":"index","follow":"follow","max-snippet":"max-snippet:-1","max-image-preview":"max-image-preview:large","max-video-preview":"max-video-preview:-1"},"canonical":"https:\/\/alfequipment.com\/es\/product\/hw-450-envolvedora-manual-de-alimentos-envasadora-de-frutas\/","og_locale":"es_ES","og_type":"article","og_title":"HW-450 Hand Wrapper Food Fruit Packaging Machine","og_description":"Hw-450 Hand Wrapper Packaging Machine","og_url":"https:\/\/alfequipment.com\/es\/product\/hw-450-envolvedora-manual-de-alimentos-envasadora-de-frutas\/","og_site_name":"ALF PACK","article_modified_time":"2025-01-13T13:09:22+00:00","og_image":[{"width":800,"height":800,"url":"https:\/\/alfequipment.com\/wp-content\/uploads\/2025\/01\/HW-450-Hand-Wrapper-Food-Fruit-Packaging.jpg","type":"image\/webp"}],"twitter_card":"summary_large_image","schema":{"@context":"https:\/\/schema.org","@graph":[{"@type":"WebPage","@id":"https:\/\/alfequipment.com\/product\/hw-450-hand-wrapper-food-fruit-packaging-machine\/","url":"https:\/\/alfequipment.com\/product\/hw-450-hand-wrapper-food-fruit-packaging-machine\/","name":"Envasadora manual de frutas HW-450 - ALF PACK","isPartOf":{"@id":"https:\/\/alfequipment.com\/#website"},"primaryImageOfPage":{"@id":"https:\/\/alfequipment.com\/product\/hw-450-hand-wrapper-food-fruit-packaging-machine\/#primaryimage"},"image":{"@id":"https:\/\/alfequipment.com\/product\/hw-450-hand-wrapper-food-fruit-packaging-machine\/#primaryimage"},"thumbnailUrl":"https:\/\/alfequipment.com\/wp-content\/uploads\/2025\/01\/HW-450-Hand-Wrapper-Food-Fruit-Packaging.jpg","datePublished":"2024-12-22T13:09:45+00:00","dateModified":"2025-01-13T13:09:22+00:00","breadcrumb":{"@id":"https:\/\/alfequipment.com\/product\/hw-450-hand-wrapper-food-fruit-packaging-machine\/#breadcrumb"},"inLanguage":"es","potentialAction":[{"@type":"ReadAction","target":["https:\/\/alfequipment.com\/product\/hw-450-hand-wrapper-food-fruit-packaging-machine\/"]}]},{"@type":"ImageObject","inLanguage":"es","@id":"https:\/\/alfequipment.com\/product\/hw-450-hand-wrapper-food-fruit-packaging-machine\/#primaryimage","url":"https:\/\/alfequipment.com\/wp-content\/uploads\/2025\/01\/HW-450-Hand-Wrapper-Food-Fruit-Packaging.jpg","contentUrl":"https:\/\/alfequipment.com\/wp-content\/uploads\/2025\/01\/HW-450-Hand-Wrapper-Food-Fruit-Packaging.jpg","width":800,"height":800},{"@type":"BreadcrumbList","@id":"https:\/\/alfequipment.com\/product\/hw-450-hand-wrapper-food-fruit-packaging-machine\/#breadcrumb","itemListElement":[{"@type":"ListItem","position":1,"name":"Home","item":"https:\/\/alfequipment.com\/"},{"@type":"ListItem","position":2,"name":"Shop","item":"https:\/\/alfequipment.com\/shop\/"},{"@type":"ListItem","position":3,"name":"HW-450 Hand Wrapper Food Fruit Packaging Machine"}]},{"@type":"WebSite","@id":"https:\/\/alfequipment.com\/#website","url":"https:\/\/alfequipment.com\/","name":"PAQUETE ALF","description":"","publisher":{"@id":"https:\/\/alfequipment.com\/#organization"},"potentialAction":[{"@type":"SearchAction","target":{"@type":"EntryPoint","urlTemplate":"https:\/\/alfequipment.com\/?s={search_term_string}"},"query-input":{"@type":"PropertyValueSpecification","valueRequired":true,"valueName":"search_term_string"}}],"inLanguage":"es"},{"@type":"Organization","@id":"https:\/\/alfequipment.com\/#organization","name":"PAQUETE ALF","url":"https:\/\/alfequipment.com\/","logo":{"@type":"ImageObject","inLanguage":"es","@id":"https:\/\/alfequipment.com\/#\/schema\/logo\/image\/","url":"https:\/\/alfequipment.com\/wp-content\/uploads\/2024\/11\/ALFlogo-2.webp","contentUrl":"https:\/\/alfequipment.com\/wp-content\/uploads\/2024\/11\/ALFlogo-2.webp","width":758,"height":750,"caption":"ALF PACK"},"image":{"@id":"https:\/\/alfequipment.com\/#\/schema\/logo\/image\/"}}]}},"_links":{"self":[{"href":"https:\/\/alfequipment.com\/es\/wp-json\/wp\/v2\/product\/2969","targetHints":{"allow":["GET"]}}],"collection":[{"href":"https:\/\/alfequipment.com\/es\/wp-json\/wp\/v2\/product"}],"about":[{"href":"https:\/\/alfequipment.com\/es\/wp-json\/wp\/v2\/types\/product"}],"replies":[{"embeddable":true,"href":"https:\/\/alfequipment.com\/es\/wp-json\/wp\/v2\/comments?post=2969"}],"version-history":[{"count":0,"href":"https:\/\/alfequipment.com\/es\/wp-json\/wp\/v2\/product\/2969\/revisions"}],"wp:featuredmedia":[{"embeddable":true,"href":"https:\/\/alfequipment.com\/es\/wp-json\/wp\/v2\/media\/2772"}],"wp:attachment":[{"href":"https:\/\/alfequipment.com\/es\/wp-json\/wp\/v2\/media?parent=2969"}],"wp:term":[{"taxonomy":"product_brand","embeddable":true,"href":"https:\/\/alfequipment.com\/es\/wp-json\/wp\/v2\/product_brand?post=2969"},{"taxonomy":"product_cat","embeddable":true,"href":"https:\/\/alfequipment.com\/es\/wp-json\/wp\/v2\/product_cat?post=2969"},{"taxonomy":"product_tag","embeddable":true,"href":"https:\/\/alfequipment.com\/es\/wp-json\/wp\/v2\/product_tag?post=2969"}],"curies":[{"name":"wp","href":"https:\/\/api.w.org\/{rel}","templated":true}]}}