{"id":2970,"date":"2024-12-22T09:23:16","date_gmt":"2024-12-22T09:23:16","guid":{"rendered":"https:\/\/alfequipment.com\/product\/low-price-dql5545d-automatic-l-bar-sealer-l-type-sealing-packaging-machine-and-dsb4522-shrink-tunnel-packager\/"},"modified":"2025-01-14T02:50:30","modified_gmt":"2025-01-14T02:50:30","slug":"bajo-precio-dql5545d-automatico-l-bar-sellador-l-tipo-de-sellado-de-la-maquina-de-envasado-y-dsb4522-tunel-de-retraccion-packager","status":"publish","type":"product","link":"https:\/\/alfequipment.com\/es\/product\/bajo-precio-dql5545d-automatico-l-bar-sellador-l-tipo-de-sellado-de-la-maquina-de-envasado-y-dsb4522-tunel-de-retraccion-packager\/","title":{"rendered":"Precio bajo DQL5545D Selladora autom\u00e1tica de barra en L Selladora tipo L y empaquetadora de t\u00fanel de retractilado DSB4522"},"content":{"rendered":"<div data-magic-global=\"%7B%22bizId%22%3A17179933680%2C%22pageId%22%3A21090404657%2C%22siteId%22%3A5005331025%7D\" id=\"detail_decorate_root\">\n<div module-id=\"29610534350\" module-title=\"detailProductNavigation\" render=\"true\" class=\"J_module\">\n<div id=\"ali-anchor-AliMagic-1vlfs8\" data-section=\"AliMagic-1vlfs8\" data-section-title=\"Product Description\" class=\"magic-0\">Caracter\u00edstica de la selladora autom\u00e1tica tipo L DQL5545D:<\/div>\n<\/div>\n<div module-id=\"29610534351\" module-title=\"detailTextWithTitle\" render=\"true\" class=\"J_module\">\n<div class=\"detail-decorate-json-renderer-container\">\n<div class=\"magic-1\">\n<div class=\"magic-4\">\n<div class=\"magic-5\">\n<div class=\"magic-6\">\n<p class=\"magic-7\">1. El cuchillo del lacre adopta la aleaci\u00f3n de cobre rociada con Teflon, \u00e9l no pegar\u00e1 la pel\u00edcula, solidez del lacre, sin humo, no-contaminaci\u00f3n. 2. El cuchillo de sellado horizontal y vertical adopta la conexi\u00f3n entera sin hueco, la pel\u00edcula no se romper\u00e1. El marco de sellado adopta una aleaci\u00f3n de acero de alta calidad, la calidad de sellado es estable, el marco es dif\u00edcil de da\u00f1ar.<\/p>\n<p>2. La m\u00e1quina tiene todo el sistema autom\u00e1tico, equipado con sensores puede alcanzar alta velocidad de trabajo autom\u00e1tico.<\/p>\n<p>3. Es conveniente ajustar de acuerdo a los productos de diferentes tama\u00f1os, s\u00f3lo tiene que ajustar la rueda de la manija puede llegar a ella, la operaci\u00f3n es f\u00e1cil.<\/p>\n<p>4. Puede conectarse con la producci\u00f3n<\/p>\n<p>5. Tiene funci\u00f3n de protecci\u00f3n para evitar el sellado incorrecto del producto y garantizar la seguridad del operador.<\/p>\n<p>Caracter\u00edstica del t\u00fanel de retracci\u00f3n DSB4522:<\/p>\n<p>1. Adopta transportador de rodillos s\u00f3lidos, los rodillos envueltos con tubo de gel de s\u00edlice de alta temperatura. Puede soportar el producto pesado y dif\u00edcil abrasi\u00f3n (se puede elegir el transportador tipo red).<\/p>\n<p>2. Adopta un motor de ventilador de alta potencia para asegurar suficiente viento fuerte para alcanzar un efecto de embalaje perfecto.<\/p>\n<p class=\"magic-7\"><\/p>\n<p class=\"magic-7\">3. Es con ventana visual, y es conveniente para la observaci\u00f3n.<\/p>\n<p>Aplicaci\u00f3n:<br \/>Esta m\u00e1quina se utiliza ampliamente en productos alimenticios, bebidas, impresi\u00f3n, farmac\u00e9utica, pisos, hardware y otras industrias de embalaje retr\u00e1ctil. Es adecuado para el material de embalaje POF.<\/p>\n<\/p><\/div>\n<\/p><\/div>\n<\/p><\/div>\n<\/p><\/div>\n<\/p><\/div>\n<\/p><\/div>\n<div module-id=\"29610534352\" module-title=\"detailTableHorizontal\" render=\"true\" class=\"J_module\">\n<div class=\"ife-detail-decorate-table\">\n<table class=\"has-title all magic-8\">\n<tbody>\n<tr>\n<td colspan=\"1\" rowspan=\"1\">\n<div class=\"magic-9\">\n        Modelo\n       <\/div>\n<\/td>\n<td colspan=\"1\" rowspan=\"1\">\n<div class=\"magic-10\">\n        DQL5545D\n       <\/div>\n<\/td>\n<td colspan=\"1\" rowspan=\"1\">\n<div class=\"magic-11\">\n        DSB4522\n       <\/div>\n<\/td>\n<\/tr>\n<tr>\n<td colspan=\"1\" rowspan=\"1\">\n<div class=\"magic-9\">\n        Energ\u00eda t\u00e9rmica horizontal\n       <\/div>\n<\/td>\n<td colspan=\"1\" rowspan=\"1\">\n<div class=\"magic-10\">\n        800W\n       <\/div>\n<\/td>\n<td colspan=\"1\" rowspan=\"1\">\n<div class=\"magic-11\">\n        9,2 KW\n       <\/div>\n<\/td>\n<\/tr>\n<tr>\n<td colspan=\"1\" rowspan=\"1\">\n<div class=\"magic-9\">\n        Energ\u00eda t\u00e9rmica vertical\n       <\/div>\n<\/td>\n<td colspan=\"1\" rowspan=\"1\">\n<div class=\"magic-10\">\n        1000W\n       <\/div>\n<\/td>\n<td colspan=\"1\" rowspan=\"1\">\n<div class=\"magic-11\"><\/div>\n<\/td>\n<\/tr>\n<tr>\n<td colspan=\"1\" rowspan=\"1\">\n<div class=\"magic-9\">\n        Tensi\u00f3n\n       <\/div>\n<\/td>\n<td colspan=\"1\" rowspan=\"1\">\n<div class=\"magic-10\">\n        220V 50\/60HZ\n       <\/div>\n<\/td>\n<td colspan=\"1\" rowspan=\"1\">\n<div class=\"magic-11\">\n        380V 50HZ\/60HZ\n       <\/div>\n<\/td>\n<\/tr>\n<tr>\n<td colspan=\"1\" rowspan=\"1\">\n<div class=\"magic-9\">\n        Tiempo de sellado\n       <\/div>\n<\/td>\n<td colspan=\"1\" rowspan=\"1\">\n<div class=\"magic-10\">\n        0.2-1.0s\n       <\/div>\n<\/td>\n<td colspan=\"1\" rowspan=\"1\">\n<div class=\"magic-11\">\n        Velocidad: 0-12m\/min\n       <\/div>\n<\/td>\n<\/tr>\n<tr>\n<td colspan=\"1\" rowspan=\"1\">\n<div class=\"magic-9\">\n        Espesor de la pel\u00edcula\n       <\/div>\n<\/td>\n<td colspan=\"1\" rowspan=\"1\">\n<div class=\"magic-10\">\n        0,012-0,06 mm\n       <\/div>\n<\/td>\n<td colspan=\"1\" rowspan=\"1\">\n<div class=\"magic-11\"><\/div>\n<\/td>\n<\/tr>\n<tr>\n<td colspan=\"1\" rowspan=\"1\">\n<div class=\"magic-9\">\n        Compresor de trabajo\n       <\/div>\n<\/td>\n<td colspan=\"1\" rowspan=\"1\">\n<div class=\"magic-10\">\n        5-6mpa\n       <\/div>\n<\/td>\n<td colspan=\"1\" rowspan=\"1\">\n<div class=\"magic-11\"><\/div>\n<\/td>\n<\/tr>\n<tr>\n<td colspan=\"1\" rowspan=\"1\">\n<div class=\"magic-9\">\n        Tama\u00f1o m\u00e1ximo de embalaje\n       <\/div>\n<\/td>\n<td colspan=\"1\" rowspan=\"1\">\n<div class=\"magic-10\">\n        L+2H\u2264550mm;W+2H\u2264330mm;H \u2264140mm\n       <\/div>\n<\/td>\n<td colspan=\"1\" rowspan=\"1\">\n<div class=\"magic-11\"><\/div>\n<\/td>\n<\/tr>\n<tr>\n<td colspan=\"1\" rowspan=\"1\">\n<div class=\"magic-9\">\n        Tama\u00f1o m\u00e1ximo de sellado\n       <\/div>\n<\/td>\n<td colspan=\"1\" rowspan=\"1\">\n<div class=\"magic-10\">\n        L550\u00d7A450\n       <\/div>\n<\/td>\n<td colspan=\"1\" rowspan=\"1\">\n<div class=\"magic-11\">\n        Peso de carga: 10 kg\n       <\/div>\n<\/td>\n<\/tr>\n<tr>\n<td colspan=\"1\" rowspan=\"1\">\n<div class=\"magic-9\">\n        Capacidad\n       <\/div>\n<\/td>\n<td colspan=\"1\" rowspan=\"1\">\n<div class=\"magic-10\">\n        0-25 piezas\/min\n       <\/div>\n<\/td>\n<td colspan=\"1\" rowspan=\"1\">\n<div class=\"magic-11\">\n        0-10 m\/min\n       <\/div>\n<\/td>\n<\/tr>\n<tr>\n<td colspan=\"1\" rowspan=\"1\">\n<div class=\"magic-9\">\n        Temperatura de sellado\n       <\/div>\n<\/td>\n<td colspan=\"1\" rowspan=\"1\">\n<div class=\"magic-10\">\n        180\u00e2-250\u00e2 depende del grosor de la pel\u00edcula y de la temperatura ambiente\n       <\/div>\n<\/td>\n<td colspan=\"1\" rowspan=\"1\">\n<div class=\"magic-11\">\n        \/\n       <\/div>\n<\/td>\n<\/tr>\n<tr>\n<td colspan=\"1\" rowspan=\"1\">\n<div class=\"magic-9\">\n        Material de embalaje\n       <\/div>\n<\/td>\n<td colspan=\"1\" rowspan=\"1\">\n<div class=\"magic-10\">\n        PE POF PVC\n       <\/div>\n<\/td>\n<td colspan=\"1\" rowspan=\"1\">\n<div class=\"magic-11\">\n        \/\n       <\/div>\n<\/td>\n<\/tr>\n<tr>\n<td colspan=\"1\" rowspan=\"1\">\n<div class=\"magic-9\">\n        Peso de la m\u00e1quina (kg)\n       <\/div>\n<\/td>\n<td colspan=\"1\" rowspan=\"1\">\n<div class=\"magic-10\">\n        280\n       <\/div>\n<\/td>\n<td colspan=\"1\" rowspan=\"1\">\n<div class=\"magic-11\">\n         Tama\u00f1o del t\u00fanel 1200*450*220\n       <\/div>\n<\/td>\n<\/tr>\n<tr>\n<td colspan=\"1\" rowspan=\"1\">\n<div class=\"magic-12\">\n        Tama\u00f1o de la m\u00e1quina (mm)\n       <\/div>\n<\/td>\n<td colspan=\"1\" rowspan=\"1\">\n<div class=\"magic-13\">\n        1680*840*1475\n       <\/div>\n<\/td>\n<td colspan=\"1\" rowspan=\"1\">\n<div class=\"magic-14\">\n        1621*714*1335\n       <\/div>\n<\/td>\n<\/tr>\n<\/tbody>\n<\/table><\/div>\n<\/p><\/div>\n<div module-id=\"29597904566\" module-title=\"detailSingleImage\" render=\"true\" class=\"J_module\">\n<div class=\"icbu-pc-images magic-15\">\n<div>\n<div class=\"flex-layout-v\">\n<div class=\"flex-layout-h magic-15\">\n<div class=\"magic-16\">\n       <img decoding=\"async\" src=\"https:\/\/sc04.alicdn.com\/kf\/Hfa60834db1c645b2b401ba926c9a0f542\/64496\/Hfa60834db1c645b2b401ba926c9a0f542.png\" class=\"aligncenter\">\n      <\/div>\n<\/p><\/div>\n<\/p><\/div>\n<\/p><\/div>\n<\/p><\/div>\n<\/p><\/div>\n<div module-id=\"29597904567\" module-title=\"detailSingleImage\" render=\"true\" class=\"J_module\">\n<div class=\"icbu-pc-images magic-15\">\n<div>\n<div class=\"flex-layout-v\">\n<div class=\"flex-layout-h magic-15\">\n<div class=\"magic-18\">\n       <img decoding=\"async\" src=\"https:\/\/sc04.alicdn.com\/kf\/Hb8580bd9c1c8482aa5cf8b97cbe98b9dZ\/64496\/Hb8580bd9c1c8482aa5cf8b97cbe98b9dZ.png\" class=\"aligncenter\">\n      <\/div>\n<\/p><\/div>\n<\/p><\/div>\n<\/p><\/div>\n<\/p><\/div>\n<\/p><\/div>\n<div module-id=\"29597904568\" module-title=\"detailTwoImages\" render=\"true\" class=\"J_module\">\n<div class=\"icbu-pc-images magic-15\">\n<div>\n<div class=\"flex-layout-v\">\n<div class=\"flex-layout-h magic-15\">\n<div class=\"magic-20\">\n       <img decoding=\"async\" src=\"https:\/\/sc04.alicdn.com\/kf\/Hd5251e5636c24c1bbab88a1aecdf986cv\/64496\/Hd5251e5636c24c1bbab88a1aecdf986cv.png\" class=\"aligncenter\">\n      <\/div>\n<div class=\"magic-22\">\n       <img decoding=\"async\" src=\"https:\/\/sc04.alicdn.com\/kf\/Hbf4800e3b04543b9b23a3932acc86edeL\/64496\/Hbf4800e3b04543b9b23a3932acc86edeL.png\" class=\"aligncenter\">\n      <\/div>\n<\/p><\/div>\n<\/p><\/div>\n<\/p><\/div>\n<\/p><\/div>\n<\/p><\/div>\n<div module-id=\"29597904569\" module-title=\"detailTwoImages\" render=\"true\" class=\"J_module\">\n<div class=\"icbu-pc-images magic-15\">\n<div>\n<div class=\"flex-layout-v\">\n<div class=\"flex-layout-h magic-15\">\n<div class=\"magic-24\">\n       <img decoding=\"async\" src=\"https:\/\/sc04.alicdn.com\/kf\/H469b74216f98490f98da706f8aaf4716c\/64496\/H469b74216f98490f98da706f8aaf4716c.png\" class=\"aligncenter\">\n      <\/div>\n<div class=\"magic-26\">\n       <img decoding=\"async\" src=\"https:\/\/sc04.alicdn.com\/kf\/Hfaa77b6744454ad3b3eaf898e8aa668dU\/64496\/Hfaa77b6744454ad3b3eaf898e8aa668dU.png\" class=\"aligncenter\">\n      <\/div>\n<\/p><\/div>\n<\/p><\/div>\n<\/p><\/div>\n<\/p><\/div>\n<\/p><\/div>\n<div module-id=\"29597904570\" module-title=\"detailTwoImages\" render=\"true\" class=\"J_module\">\n<div class=\"icbu-pc-images magic-15\">\n<div>\n<div class=\"flex-layout-v\">\n<div class=\"flex-layout-h magic-15\">\n<div class=\"magic-20\">\n       <img decoding=\"async\" src=\"https:\/\/sc04.alicdn.com\/kf\/H27cacde1da4c403b950850c97a6e7fd5V\/64496\/H27cacde1da4c403b950850c97a6e7fd5V.png\" class=\"aligncenter\">\n      <\/div>\n<div class=\"magic-22\">\n       <img decoding=\"async\" src=\"https:\/\/sc04.alicdn.com\/kf\/H0c0bfb8df418497888b980ba1d303fc6J\/64496\/H0c0bfb8df418497888b980ba1d303fc6J.jpg\" class=\"aligncenter\">\n      <\/div>\n<\/p><\/div>\n<\/p><\/div>\n<\/p><\/div>\n<\/p><\/div>\n<\/p><\/div>\n<\/div>","protected":false},"excerpt":{"rendered":"<p>T\u00fanel de retracci\u00f3n y sellado autom\u00e1tico en L con precio de f\u00e1brica<\/p>","protected":false},"featured_media":2774,"comment_status":"closed","ping_status":"open","template":"","meta":[],"product_brand":[],"product_cat":[122,97],"product_tag":[],"class_list":{"0":"post-2970","1":"product","2":"type-product","3":"status-publish","4":"has-post-thumbnail","6":"product_cat-l-type-sealer","7":"product_cat-sealing-machines","9":"first","10":"instock","11":"sale","12":"purchasable","13":"product-type-simple"},"yoast_head":"<!-- This site is optimized with the Yoast SEO Premium plugin v20.9 (Yoast SEO v26.5) - https:\/\/yoast.com\/wordpress\/plugins\/seo\/ -->\n<title>Low price DQL5545D Automatic L-bar Sealer L type sealing packaging machine and DSB4522 Shrink Tunnel Packager - ALF PACK<\/title>\n<meta name=\"robots\" content=\"index, follow, max-snippet:-1, max-image-preview:large, max-video-preview:-1\" \/>\n<link rel=\"canonical\" href=\"https:\/\/alfequipment.com\/es\/product\/bajo-precio-dql5545d-automatico-l-bar-sellador-l-tipo-de-sellado-de-la-maquina-de-envasado-y-dsb4522-tunel-de-retraccion-packager\/\" \/>\n<meta property=\"og:locale\" content=\"es_ES\" \/>\n<meta property=\"og:type\" content=\"article\" \/>\n<meta property=\"og:title\" content=\"Low price DQL5545D Automatic L-bar Sealer L type sealing packaging machine and DSB4522 Shrink Tunnel Packager\" \/>\n<meta property=\"og:description\" content=\"Factory Price Automatic L Sealer And Shrink Tunnel\" \/>\n<meta property=\"og:url\" content=\"https:\/\/alfequipment.com\/es\/product\/bajo-precio-dql5545d-automatico-l-bar-sellador-l-tipo-de-sellado-de-la-maquina-de-envasado-y-dsb4522-tunel-de-retraccion-packager\/\" \/>\n<meta property=\"og:site_name\" content=\"ALF PACK\" \/>\n<meta property=\"article:modified_time\" content=\"2025-01-14T02:50:30+00:00\" \/>\n<meta property=\"og:image\" content=\"https:\/\/alfequipment.com\/wp-content\/uploads\/2025\/01\/Low-price-DQL5545D-Automatic-L-bar-Sealer.png\" \/>\n\t<meta property=\"og:image:width\" content=\"2000\" \/>\n\t<meta property=\"og:image:height\" content=\"2000\" \/>\n\t<meta property=\"og:image:type\" content=\"image\/webp\" \/>\n<meta name=\"twitter:card\" content=\"summary_large_image\" \/>\n<meta name=\"twitter:label1\" content=\"Tiempo de lectura\" \/>\n\t<meta name=\"twitter:data1\" content=\"1 minuto\" \/>\n<script type=\"application\/ld+json\" class=\"yoast-schema-graph\">{\"@context\":\"https:\/\/schema.org\",\"@graph\":[{\"@type\":\"WebPage\",\"@id\":\"https:\/\/alfequipment.com\/product\/low-price-dql5545d-automatic-l-bar-sealer-l-type-sealing-packaging-machine-and-dsb4522-shrink-tunnel-packager\/\",\"url\":\"https:\/\/alfequipment.com\/product\/low-price-dql5545d-automatic-l-bar-sealer-l-type-sealing-packaging-machine-and-dsb4522-shrink-tunnel-packager\/\",\"name\":\"Low price DQL5545D Automatic L-bar Sealer L type sealing packaging machine and DSB4522 Shrink Tunnel Packager - ALF PACK\",\"isPartOf\":{\"@id\":\"https:\/\/alfequipment.com\/#website\"},\"primaryImageOfPage\":{\"@id\":\"https:\/\/alfequipment.com\/product\/low-price-dql5545d-automatic-l-bar-sealer-l-type-sealing-packaging-machine-and-dsb4522-shrink-tunnel-packager\/#primaryimage\"},\"image\":{\"@id\":\"https:\/\/alfequipment.com\/product\/low-price-dql5545d-automatic-l-bar-sealer-l-type-sealing-packaging-machine-and-dsb4522-shrink-tunnel-packager\/#primaryimage\"},\"thumbnailUrl\":\"https:\/\/alfequipment.com\/wp-content\/uploads\/2025\/01\/Low-price-DQL5545D-Automatic-L-bar-Sealer.png\",\"datePublished\":\"2024-12-22T09:23:16+00:00\",\"dateModified\":\"2025-01-14T02:50:30+00:00\",\"breadcrumb\":{\"@id\":\"https:\/\/alfequipment.com\/product\/low-price-dql5545d-automatic-l-bar-sealer-l-type-sealing-packaging-machine-and-dsb4522-shrink-tunnel-packager\/#breadcrumb\"},\"inLanguage\":\"es\",\"potentialAction\":[{\"@type\":\"ReadAction\",\"target\":[\"https:\/\/alfequipment.com\/product\/low-price-dql5545d-automatic-l-bar-sealer-l-type-sealing-packaging-machine-and-dsb4522-shrink-tunnel-packager\/\"]}]},{\"@type\":\"ImageObject\",\"inLanguage\":\"es\",\"@id\":\"https:\/\/alfequipment.com\/product\/low-price-dql5545d-automatic-l-bar-sealer-l-type-sealing-packaging-machine-and-dsb4522-shrink-tunnel-packager\/#primaryimage\",\"url\":\"https:\/\/alfequipment.com\/wp-content\/uploads\/2025\/01\/Low-price-DQL5545D-Automatic-L-bar-Sealer.png\",\"contentUrl\":\"https:\/\/alfequipment.com\/wp-content\/uploads\/2025\/01\/Low-price-DQL5545D-Automatic-L-bar-Sealer.png\",\"width\":2000,\"height\":2000},{\"@type\":\"BreadcrumbList\",\"@id\":\"https:\/\/alfequipment.com\/product\/low-price-dql5545d-automatic-l-bar-sealer-l-type-sealing-packaging-machine-and-dsb4522-shrink-tunnel-packager\/#breadcrumb\",\"itemListElement\":[{\"@type\":\"ListItem\",\"position\":1,\"name\":\"Home\",\"item\":\"https:\/\/alfequipment.com\/\"},{\"@type\":\"ListItem\",\"position\":2,\"name\":\"Shop\",\"item\":\"https:\/\/alfequipment.com\/shop\/\"},{\"@type\":\"ListItem\",\"position\":3,\"name\":\"Low price DQL5545D Automatic L-bar Sealer L type sealing packaging machine and DSB4522 Shrink Tunnel Packager\"}]},{\"@type\":\"WebSite\",\"@id\":\"https:\/\/alfequipment.com\/#website\",\"url\":\"https:\/\/alfequipment.com\/\",\"name\":\"ALF PACK\",\"description\":\"\",\"publisher\":{\"@id\":\"https:\/\/alfequipment.com\/#organization\"},\"potentialAction\":[{\"@type\":\"SearchAction\",\"target\":{\"@type\":\"EntryPoint\",\"urlTemplate\":\"https:\/\/alfequipment.com\/?s={search_term_string}\"},\"query-input\":{\"@type\":\"PropertyValueSpecification\",\"valueRequired\":true,\"valueName\":\"search_term_string\"}}],\"inLanguage\":\"es\"},{\"@type\":\"Organization\",\"@id\":\"https:\/\/alfequipment.com\/#organization\",\"name\":\"ALF PACK\",\"url\":\"https:\/\/alfequipment.com\/\",\"logo\":{\"@type\":\"ImageObject\",\"inLanguage\":\"es\",\"@id\":\"https:\/\/alfequipment.com\/#\/schema\/logo\/image\/\",\"url\":\"https:\/\/alfequipment.com\/wp-content\/uploads\/2024\/11\/ALFlogo-2.webp\",\"contentUrl\":\"https:\/\/alfequipment.com\/wp-content\/uploads\/2024\/11\/ALFlogo-2.webp\",\"width\":758,\"height\":750,\"caption\":\"ALF PACK\"},\"image\":{\"@id\":\"https:\/\/alfequipment.com\/#\/schema\/logo\/image\/\"}}]}<\/script>\n<!-- \/ Yoast SEO Premium plugin. -->","yoast_head_json":{"title":"Precio bajo DQL5545D Selladora autom\u00e1tica de barra en L Selladora de barra en L y empaquetadora de t\u00fanel de retractilado DSB4522 - ALF PACK","robots":{"index":"index","follow":"follow","max-snippet":"max-snippet:-1","max-image-preview":"max-image-preview:large","max-video-preview":"max-video-preview:-1"},"canonical":"https:\/\/alfequipment.com\/es\/product\/bajo-precio-dql5545d-automatico-l-bar-sellador-l-tipo-de-sellado-de-la-maquina-de-envasado-y-dsb4522-tunel-de-retraccion-packager\/","og_locale":"es_ES","og_type":"article","og_title":"Low price DQL5545D Automatic L-bar Sealer L type sealing packaging machine and DSB4522 Shrink Tunnel Packager","og_description":"Factory Price Automatic L Sealer And Shrink Tunnel","og_url":"https:\/\/alfequipment.com\/es\/product\/bajo-precio-dql5545d-automatico-l-bar-sellador-l-tipo-de-sellado-de-la-maquina-de-envasado-y-dsb4522-tunel-de-retraccion-packager\/","og_site_name":"ALF PACK","article_modified_time":"2025-01-14T02:50:30+00:00","og_image":[{"width":2000,"height":2000,"url":"https:\/\/alfequipment.com\/wp-content\/uploads\/2025\/01\/Low-price-DQL5545D-Automatic-L-bar-Sealer.png","type":"image\/webp"}],"twitter_card":"summary_large_image","twitter_misc":{"Tiempo de lectura":"1 minuto"},"schema":{"@context":"https:\/\/schema.org","@graph":[{"@type":"WebPage","@id":"https:\/\/alfequipment.com\/product\/low-price-dql5545d-automatic-l-bar-sealer-l-type-sealing-packaging-machine-and-dsb4522-shrink-tunnel-packager\/","url":"https:\/\/alfequipment.com\/product\/low-price-dql5545d-automatic-l-bar-sealer-l-type-sealing-packaging-machine-and-dsb4522-shrink-tunnel-packager\/","name":"Precio bajo DQL5545D Selladora autom\u00e1tica de barra en L Selladora de barra en L y empaquetadora de t\u00fanel de retractilado DSB4522 - ALF PACK","isPartOf":{"@id":"https:\/\/alfequipment.com\/#website"},"primaryImageOfPage":{"@id":"https:\/\/alfequipment.com\/product\/low-price-dql5545d-automatic-l-bar-sealer-l-type-sealing-packaging-machine-and-dsb4522-shrink-tunnel-packager\/#primaryimage"},"image":{"@id":"https:\/\/alfequipment.com\/product\/low-price-dql5545d-automatic-l-bar-sealer-l-type-sealing-packaging-machine-and-dsb4522-shrink-tunnel-packager\/#primaryimage"},"thumbnailUrl":"https:\/\/alfequipment.com\/wp-content\/uploads\/2025\/01\/Low-price-DQL5545D-Automatic-L-bar-Sealer.png","datePublished":"2024-12-22T09:23:16+00:00","dateModified":"2025-01-14T02:50:30+00:00","breadcrumb":{"@id":"https:\/\/alfequipment.com\/product\/low-price-dql5545d-automatic-l-bar-sealer-l-type-sealing-packaging-machine-and-dsb4522-shrink-tunnel-packager\/#breadcrumb"},"inLanguage":"es","potentialAction":[{"@type":"ReadAction","target":["https:\/\/alfequipment.com\/product\/low-price-dql5545d-automatic-l-bar-sealer-l-type-sealing-packaging-machine-and-dsb4522-shrink-tunnel-packager\/"]}]},{"@type":"ImageObject","inLanguage":"es","@id":"https:\/\/alfequipment.com\/product\/low-price-dql5545d-automatic-l-bar-sealer-l-type-sealing-packaging-machine-and-dsb4522-shrink-tunnel-packager\/#primaryimage","url":"https:\/\/alfequipment.com\/wp-content\/uploads\/2025\/01\/Low-price-DQL5545D-Automatic-L-bar-Sealer.png","contentUrl":"https:\/\/alfequipment.com\/wp-content\/uploads\/2025\/01\/Low-price-DQL5545D-Automatic-L-bar-Sealer.png","width":2000,"height":2000},{"@type":"BreadcrumbList","@id":"https:\/\/alfequipment.com\/product\/low-price-dql5545d-automatic-l-bar-sealer-l-type-sealing-packaging-machine-and-dsb4522-shrink-tunnel-packager\/#breadcrumb","itemListElement":[{"@type":"ListItem","position":1,"name":"Home","item":"https:\/\/alfequipment.com\/"},{"@type":"ListItem","position":2,"name":"Shop","item":"https:\/\/alfequipment.com\/shop\/"},{"@type":"ListItem","position":3,"name":"Low price DQL5545D Automatic L-bar Sealer L type sealing packaging machine and DSB4522 Shrink Tunnel Packager"}]},{"@type":"WebSite","@id":"https:\/\/alfequipment.com\/#website","url":"https:\/\/alfequipment.com\/","name":"PAQUETE ALF","description":"","publisher":{"@id":"https:\/\/alfequipment.com\/#organization"},"potentialAction":[{"@type":"SearchAction","target":{"@type":"EntryPoint","urlTemplate":"https:\/\/alfequipment.com\/?s={search_term_string}"},"query-input":{"@type":"PropertyValueSpecification","valueRequired":true,"valueName":"search_term_string"}}],"inLanguage":"es"},{"@type":"Organization","@id":"https:\/\/alfequipment.com\/#organization","name":"PAQUETE ALF","url":"https:\/\/alfequipment.com\/","logo":{"@type":"ImageObject","inLanguage":"es","@id":"https:\/\/alfequipment.com\/#\/schema\/logo\/image\/","url":"https:\/\/alfequipment.com\/wp-content\/uploads\/2024\/11\/ALFlogo-2.webp","contentUrl":"https:\/\/alfequipment.com\/wp-content\/uploads\/2024\/11\/ALFlogo-2.webp","width":758,"height":750,"caption":"ALF PACK"},"image":{"@id":"https:\/\/alfequipment.com\/#\/schema\/logo\/image\/"}}]}},"_links":{"self":[{"href":"https:\/\/alfequipment.com\/es\/wp-json\/wp\/v2\/product\/2970","targetHints":{"allow":["GET"]}}],"collection":[{"href":"https:\/\/alfequipment.com\/es\/wp-json\/wp\/v2\/product"}],"about":[{"href":"https:\/\/alfequipment.com\/es\/wp-json\/wp\/v2\/types\/product"}],"replies":[{"embeddable":true,"href":"https:\/\/alfequipment.com\/es\/wp-json\/wp\/v2\/comments?post=2970"}],"version-history":[{"count":0,"href":"https:\/\/alfequipment.com\/es\/wp-json\/wp\/v2\/product\/2970\/revisions"}],"wp:featuredmedia":[{"embeddable":true,"href":"https:\/\/alfequipment.com\/es\/wp-json\/wp\/v2\/media\/2774"}],"wp:attachment":[{"href":"https:\/\/alfequipment.com\/es\/wp-json\/wp\/v2\/media?parent=2970"}],"wp:term":[{"taxonomy":"product_brand","embeddable":true,"href":"https:\/\/alfequipment.com\/es\/wp-json\/wp\/v2\/product_brand?post=2970"},{"taxonomy":"product_cat","embeddable":true,"href":"https:\/\/alfequipment.com\/es\/wp-json\/wp\/v2\/product_cat?post=2970"},{"taxonomy":"product_tag","embeddable":true,"href":"https:\/\/alfequipment.com\/es\/wp-json\/wp\/v2\/product_tag?post=2970"}],"curies":[{"name":"wp","href":"https:\/\/api.w.org\/{rel}","templated":true}]}}