{"id":2973,"date":"2024-12-22T12:56:23","date_gmt":"2024-12-22T12:56:23","guid":{"rendered":"https:\/\/alfequipment.com\/product\/as1000-automatic-liquid-filling-sealing-and-packing-machine-pe-film-filler-sealer\/"},"modified":"2025-01-13T13:09:23","modified_gmt":"2025-01-13T13:09:23","slug":"as1000-maquina-automatica-de-llenado-sellado-y-envasado-de-liquidos-pe-film-filler-sealer","status":"publish","type":"product","link":"https:\/\/alfequipment.com\/es\/product\/as1000-maquina-automatica-de-llenado-sellado-y-envasado-de-liquidos-pe-film-filler-sealer\/","title":{"rendered":"AS1000 M\u00e1quina autom\u00e1tica de llenado, sellado y envasado de l\u00edquidos Selladora llenadora de film PE"},"content":{"rendered":"<div data-magic-global=\"%7B%22bizId%22%3A17179933680%2C%22pageId%22%3A5020282712%2C%22siteId%22%3A5005331025%7D\" id=\"detail_decorate_root\">\n<div module-id=\"5493427493\" module-title=\"detailProductNavigation\" render=\"true\" class=\"J_module\">\n<div id=\"ali-anchor-AliMagic-ofeeaz\" data-section=\"AliMagic-ofeeaz\" data-section-title=\"Product Description\" class=\"magic-0\">1.Las envasadoras autom\u00e1ticas de l\u00edquidos de la serie AS se utilizan ampliamente para varios tipos de envasado de l\u00edquidos, como leche, leche de soja, zumo de frutas, bebida helada, salsa de soja, vinagre y vino.<\/div>\n<\/div>\n<div module-id=\"5493427494\" module-title=\"detailTextContent\" render=\"true\" class=\"J_module\">\n<div class=\"detail-decorate-json-renderer-container\">\n<div class=\"magic-1\">\n<div class=\"magic-2\">\n<div class=\"magic-3\">\n<div class=\"magic-4\"><span><\/p>\n<p class=\"magic-9\"><span class=\"magic-10\">2.Adopta una pel\u00edcula de PE como material de envasado.&nbsp;<\/span><\/p>\n<p class=\"magic-9\"><span class=\"magic-10\">3.Puede esterilizar autom\u00e1ticamente por radiaci\u00f3n ultravioleta, moldear la bolsa, imprimir el c\u00f3digo, llenar con precisi\u00f3n, sellar y cortar al mismo tiempo.&nbsp;<\/span><\/p>\n<p class=\"magic-9\"><span class=\"magic-10\">4.Los productos han sido probados durante mucho tiempo y su rendimiento goza de una gran reputaci\u00f3n entre nuestros clientes.<\/span><\/p>\n<p class=\"magic-9\"><span class=\"magic-10\">5. Adem\u00e1s, son f\u00e1ciles de manejar, funcionan sin problemas y presentan un bajo \u00edndice de aver\u00edas.<\/span><\/p>\n<p><\/span>\n      <\/div>\n<\/p><\/div>\n<\/p><\/div>\n<\/p><\/div>\n<\/p><\/div>\n<\/p><\/div>\n<div module-id=\"5493427495\" module-title=\"detailLeftImageRightTable\" render=\"true\" class=\"J_module\">\n<div class=\"detail-decorate-json-renderer-container\">\n<div class=\"magic-1\">\n<div class=\"magic-11\">\n<div class=\"magic-3\">\n<div class=\"magic-12\">\n       <img decoding=\"async\" src=\"https:\/\/sc02.alicdn.com\/kf\/Hd612b985b1bb4bc09e0e738d97722d87o\/64496\/Hd612b985b1bb4bc09e0e738d97722d87o.jpg\" class=\"aligncenter\">\n      <\/div>\n<\/p><\/div>\n<\/p><\/div>\n<div class=\"magic-14\">\n<div class=\"magic-3\">\n<div class=\"ife-detail-decorate-table\">\n<table class=\"has-title all magic-15\">\n<tbody>\n<tr>\n<td colspan=\"1\" rowspan=\"1\">\n<div class=\"magic-16\">\n            Modelo\n           <\/div>\n<\/td>\n<td colspan=\"1\" rowspan=\"1\">\n<div class=\"magic-17\">\n            AS1000\n           <\/div>\n<\/td>\n<\/tr>\n<tr>\n<td colspan=\"1\" rowspan=\"1\">\n<div class=\"magic-16\">\n            Capacidad\n           <\/div>\n<\/td>\n<td colspan=\"1\" rowspan=\"1\">\n<div class=\"magic-17\">\n            1500-2200 sacos\/hora\n           <\/div>\n<\/td>\n<\/tr>\n<tr>\n<td colspan=\"1\" rowspan=\"1\">\n<div class=\"magic-16\">\n            Volumen\n           <\/div>\n<\/td>\n<td colspan=\"1\" rowspan=\"1\">\n<div class=\"magic-17\">\n            200ml-500ml ajustable\n           <\/div>\n<\/td>\n<\/tr>\n<tr>\n<td colspan=\"1\" rowspan=\"1\">\n<div class=\"magic-16\">\n            Potencia\n           <\/div>\n<\/td>\n<td colspan=\"1\" rowspan=\"1\">\n<div class=\"magic-17\">\n            220v\/380v 1,6kw\n           <\/div>\n<\/td>\n<\/tr>\n<tr>\n<td colspan=\"1\" rowspan=\"1\">\n<div class=\"magic-16\">\n            Anchura de la pel\u00edcula\n           <\/div>\n<\/td>\n<td colspan=\"1\" rowspan=\"1\">\n<div class=\"magic-17\">\n            320 mm\/240 mm\n           <\/div>\n<\/td>\n<\/tr>\n<tr>\n<td colspan=\"1\" rowspan=\"1\">\n<div class=\"magic-16\">\n            Peso\n           <\/div>\n<\/td>\n<td colspan=\"1\" rowspan=\"1\">\n<div class=\"magic-17\">\n            400kgs\n           <\/div>\n<\/td>\n<\/tr>\n<tr>\n<td colspan=\"1\" rowspan=\"1\">\n<div class=\"magic-18\">\n            Talla\n           <\/div>\n<\/td>\n<td colspan=\"1\" rowspan=\"1\">\n<div class=\"magic-19\">\n            970*870*1970mm\n           <\/div>\n<\/td>\n<\/tr>\n<\/tbody>\n<\/table><\/div>\n<\/p><\/div>\n<\/p><\/div>\n<\/p><\/div>\n<\/p><\/div>\n<\/p><\/div>\n<div module-id=\"29577688934\" module-title=\"detailTwoImages\" render=\"true\" class=\"J_module\">\n<div class=\"icbu-pc-images magic-20\">\n<div>\n<div class=\"flex-layout-v\">\n<div class=\"flex-layout-h magic-20\">\n<div class=\"magic-21\">\n       <img decoding=\"async\" src=\"https:\/\/sc04.alicdn.com\/kf\/Hd9c5a9d5a0b04062b3e993f378671b8bA\/64496\/Hd9c5a9d5a0b04062b3e993f378671b8bA.jpg\" class=\"aligncenter\">\n      <\/div>\n<div class=\"magic-23\">\n       <img decoding=\"async\" src=\"https:\/\/sc04.alicdn.com\/kf\/H11d78e1d60be4618a04c433eb34e222cD\/64496\/H11d78e1d60be4618a04c433eb34e222cD.jpg\" class=\"aligncenter\">\n      <\/div>\n<\/p><\/div>\n<\/p><\/div>\n<\/p><\/div>\n<\/p><\/div>\n<\/p><\/div>\n<div module-id=\"29577688935\" module-title=\"detailTwoImages\" render=\"true\" class=\"J_module\">\n<div class=\"icbu-pc-images magic-20\">\n<div>\n<div class=\"flex-layout-v\">\n<div class=\"flex-layout-h magic-20\">\n<div class=\"magic-21\">\n       <img decoding=\"async\" src=\"https:\/\/sc04.alicdn.com\/kf\/H08ee0884126d4f12b47c2dee8278f89fK\/64496\/H08ee0884126d4f12b47c2dee8278f89fK.jpg\" class=\"aligncenter\">\n      <\/div>\n<div class=\"magic-23\">\n       <img decoding=\"async\" src=\"https:\/\/sc04.alicdn.com\/kf\/Ha6bd56a60dc34dfdab0ba8caba42d8b1e\/64496\/Ha6bd56a60dc34dfdab0ba8caba42d8b1e.jpg\" class=\"aligncenter\">\n      <\/div>\n<\/p><\/div>\n<\/p><\/div>\n<\/p><\/div>\n<\/p><\/div>\n<\/p><\/div>\n<div module-id=\"29577688936\" module-title=\"detailSingleImage\" render=\"true\" class=\"J_module\">\n<div class=\"icbu-pc-images magic-20\">\n<div>\n<div class=\"flex-layout-v\">\n<div class=\"flex-layout-h magic-20\">\n<div class=\"magic-24\">\n       <img decoding=\"async\" src=\"https:\/\/sc04.alicdn.com\/kf\/H64b6c00318ec43c2bfec56deebbd07a1S\/64496\/H64b6c00318ec43c2bfec56deebbd07a1S.jpg\" class=\"aligncenter\">\n      <\/div>\n<\/p><\/div>\n<\/p><\/div>\n<\/p><\/div>\n<\/p><\/div>\n<\/p><\/div>\n<div module-id=\"29577688937\" module-title=\"detailSingleImage\" render=\"true\" class=\"J_module\">\n<div class=\"icbu-pc-images magic-20\">\n<div>\n<div class=\"flex-layout-v\">\n<div class=\"flex-layout-h magic-20\">\n<div class=\"magic-24\">\n       <img decoding=\"async\" src=\"https:\/\/sc04.alicdn.com\/kf\/H2f3b23fbbe724d21b8f30b79ca6b537bn\/64496\/H2f3b23fbbe724d21b8f30b79ca6b537bn.jpg\" class=\"aligncenter\">\n      <\/div>\n<\/p><\/div>\n<\/p><\/div>\n<\/p><\/div>\n<\/p><\/div>\n<\/p><\/div>\n<div module-id=\"29577688938\" module-title=\"detailSingleImage\" render=\"true\" class=\"J_module\">\n<div class=\"icbu-pc-images magic-20\">\n<div>\n<div class=\"flex-layout-v\">\n<div class=\"flex-layout-h magic-20\">\n<div class=\"magic-26\">\n       <img decoding=\"async\" src=\"https:\/\/sc04.alicdn.com\/kf\/H734ab8d6344347e9b5d976e1d6761502c\/64496\/H734ab8d6344347e9b5d976e1d6761502c.jpg\" class=\"aligncenter\">\n      <\/div>\n<\/p><\/div>\n<\/p><\/div>\n<\/p><\/div>\n<\/p><\/div>\n<\/p><\/div>\n<div module-id=\"29577688939\" module-title=\"detailSingleImage\" render=\"true\" class=\"J_module\">\n<div class=\"icbu-pc-images magic-20\">\n<div>\n<div class=\"flex-layout-v\">\n<div class=\"flex-layout-h magic-20\">\n<div class=\"magic-24\">\n       <img decoding=\"async\" src=\"https:\/\/sc04.alicdn.com\/kf\/H139c91bbfe4245c7b3387ca4c06a93459\/64496\/H139c91bbfe4245c7b3387ca4c06a93459.jpg\" class=\"aligncenter\">\n      <\/div>\n<\/p><\/div>\n<\/p><\/div>\n<\/p><\/div>\n<\/p><\/div>\n<\/p><\/div>\n<div module-id=\"29577688940\" module-title=\"detailSingleImage\" render=\"true\" class=\"J_module\">\n<div class=\"icbu-pc-images magic-20\">\n<div>\n<div class=\"flex-layout-v\">\n<div class=\"flex-layout-h magic-20\">\n<div class=\"magic-26\">\n       <img decoding=\"async\" src=\"https:\/\/sc04.alicdn.com\/kf\/H39c4276e53ba47b5be2bdf2657db91e65\/64496\/H39c4276e53ba47b5be2bdf2657db91e65.jpg\" class=\"aligncenter\">\n      <\/div>\n<\/p><\/div>\n<\/p><\/div>\n<\/p><\/div>\n<\/p><\/div>\n<\/p><\/div>\n<\/div>","protected":false},"excerpt":{"rendered":"<p>M\u00e1quina llenadora y envasadora autom\u00e1tica de l\u00edquidos<\/p>","protected":false},"featured_media":2780,"comment_status":"closed","ping_status":"open","template":"","meta":[],"product_brand":[],"product_cat":[101],"product_tag":[],"class_list":{"0":"post-2973","1":"product","2":"type-product","3":"status-publish","4":"has-post-thumbnail","6":"product_cat-filling-machines","8":"first","9":"instock","10":"sale","11":"purchasable","12":"product-type-simple"},"yoast_head":"<!-- This site is optimized with the Yoast SEO Premium plugin v20.9 (Yoast SEO v26.5) - https:\/\/yoast.com\/wordpress\/plugins\/seo\/ -->\n<title>AS1000 Automatic liquid filling sealing and packing machine PE film filler sealer - ALF PACK<\/title>\n<meta name=\"robots\" content=\"index, follow, max-snippet:-1, max-image-preview:large, max-video-preview:-1\" \/>\n<link rel=\"canonical\" href=\"https:\/\/alfequipment.com\/es\/product\/as1000-maquina-automatica-de-llenado-sellado-y-envasado-de-liquidos-pe-film-filler-sealer\/\" \/>\n<meta property=\"og:locale\" content=\"es_ES\" \/>\n<meta property=\"og:type\" content=\"article\" \/>\n<meta property=\"og:title\" content=\"AS1000 Automatic liquid filling sealing and packing machine PE film filler sealer\" \/>\n<meta property=\"og:description\" content=\"Automatic Liquid Filling And Packing Machine\" \/>\n<meta property=\"og:url\" content=\"https:\/\/alfequipment.com\/es\/product\/as1000-maquina-automatica-de-llenado-sellado-y-envasado-de-liquidos-pe-film-filler-sealer\/\" \/>\n<meta property=\"og:site_name\" content=\"ALF PACK\" \/>\n<meta property=\"article:modified_time\" content=\"2025-01-13T13:09:23+00:00\" \/>\n<meta property=\"og:image\" content=\"https:\/\/alfequipment.com\/wp-content\/uploads\/2025\/01\/AS1000-Automatic-liquid-filling-sealing-and-packing.jpg\" \/>\n\t<meta property=\"og:image:width\" content=\"800\" \/>\n\t<meta property=\"og:image:height\" content=\"800\" \/>\n\t<meta property=\"og:image:type\" content=\"image\/webp\" \/>\n<meta name=\"twitter:card\" content=\"summary_large_image\" \/>\n<meta name=\"twitter:label1\" content=\"Tiempo de lectura\" \/>\n\t<meta name=\"twitter:data1\" content=\"1 minuto\" \/>\n<script type=\"application\/ld+json\" class=\"yoast-schema-graph\">{\"@context\":\"https:\/\/schema.org\",\"@graph\":[{\"@type\":\"WebPage\",\"@id\":\"https:\/\/alfequipment.com\/product\/as1000-automatic-liquid-filling-sealing-and-packing-machine-pe-film-filler-sealer\/\",\"url\":\"https:\/\/alfequipment.com\/product\/as1000-automatic-liquid-filling-sealing-and-packing-machine-pe-film-filler-sealer\/\",\"name\":\"AS1000 Automatic liquid filling sealing and packing machine PE film filler sealer - ALF PACK\",\"isPartOf\":{\"@id\":\"https:\/\/alfequipment.com\/#website\"},\"primaryImageOfPage\":{\"@id\":\"https:\/\/alfequipment.com\/product\/as1000-automatic-liquid-filling-sealing-and-packing-machine-pe-film-filler-sealer\/#primaryimage\"},\"image\":{\"@id\":\"https:\/\/alfequipment.com\/product\/as1000-automatic-liquid-filling-sealing-and-packing-machine-pe-film-filler-sealer\/#primaryimage\"},\"thumbnailUrl\":\"https:\/\/alfequipment.com\/wp-content\/uploads\/2025\/01\/AS1000-Automatic-liquid-filling-sealing-and-packing.jpg\",\"datePublished\":\"2024-12-22T12:56:23+00:00\",\"dateModified\":\"2025-01-13T13:09:23+00:00\",\"breadcrumb\":{\"@id\":\"https:\/\/alfequipment.com\/product\/as1000-automatic-liquid-filling-sealing-and-packing-machine-pe-film-filler-sealer\/#breadcrumb\"},\"inLanguage\":\"es\",\"potentialAction\":[{\"@type\":\"ReadAction\",\"target\":[\"https:\/\/alfequipment.com\/product\/as1000-automatic-liquid-filling-sealing-and-packing-machine-pe-film-filler-sealer\/\"]}]},{\"@type\":\"ImageObject\",\"inLanguage\":\"es\",\"@id\":\"https:\/\/alfequipment.com\/product\/as1000-automatic-liquid-filling-sealing-and-packing-machine-pe-film-filler-sealer\/#primaryimage\",\"url\":\"https:\/\/alfequipment.com\/wp-content\/uploads\/2025\/01\/AS1000-Automatic-liquid-filling-sealing-and-packing.jpg\",\"contentUrl\":\"https:\/\/alfequipment.com\/wp-content\/uploads\/2025\/01\/AS1000-Automatic-liquid-filling-sealing-and-packing.jpg\",\"width\":800,\"height\":800},{\"@type\":\"BreadcrumbList\",\"@id\":\"https:\/\/alfequipment.com\/product\/as1000-automatic-liquid-filling-sealing-and-packing-machine-pe-film-filler-sealer\/#breadcrumb\",\"itemListElement\":[{\"@type\":\"ListItem\",\"position\":1,\"name\":\"Home\",\"item\":\"https:\/\/alfequipment.com\/\"},{\"@type\":\"ListItem\",\"position\":2,\"name\":\"Shop\",\"item\":\"https:\/\/alfequipment.com\/shop\/\"},{\"@type\":\"ListItem\",\"position\":3,\"name\":\"AS1000 Automatic liquid filling sealing and packing machine PE film filler sealer\"}]},{\"@type\":\"WebSite\",\"@id\":\"https:\/\/alfequipment.com\/#website\",\"url\":\"https:\/\/alfequipment.com\/\",\"name\":\"ALF PACK\",\"description\":\"\",\"publisher\":{\"@id\":\"https:\/\/alfequipment.com\/#organization\"},\"potentialAction\":[{\"@type\":\"SearchAction\",\"target\":{\"@type\":\"EntryPoint\",\"urlTemplate\":\"https:\/\/alfequipment.com\/?s={search_term_string}\"},\"query-input\":{\"@type\":\"PropertyValueSpecification\",\"valueRequired\":true,\"valueName\":\"search_term_string\"}}],\"inLanguage\":\"es\"},{\"@type\":\"Organization\",\"@id\":\"https:\/\/alfequipment.com\/#organization\",\"name\":\"ALF PACK\",\"url\":\"https:\/\/alfequipment.com\/\",\"logo\":{\"@type\":\"ImageObject\",\"inLanguage\":\"es\",\"@id\":\"https:\/\/alfequipment.com\/#\/schema\/logo\/image\/\",\"url\":\"https:\/\/alfequipment.com\/wp-content\/uploads\/2024\/11\/ALFlogo-2.webp\",\"contentUrl\":\"https:\/\/alfequipment.com\/wp-content\/uploads\/2024\/11\/ALFlogo-2.webp\",\"width\":758,\"height\":750,\"caption\":\"ALF PACK\"},\"image\":{\"@id\":\"https:\/\/alfequipment.com\/#\/schema\/logo\/image\/\"}}]}<\/script>\n<!-- \/ Yoast SEO Premium plugin. -->","yoast_head_json":{"title":"AS1000 M\u00e1quina autom\u00e1tica de llenado, sellado y envasado de l\u00edquidos - ALF PACK","robots":{"index":"index","follow":"follow","max-snippet":"max-snippet:-1","max-image-preview":"max-image-preview:large","max-video-preview":"max-video-preview:-1"},"canonical":"https:\/\/alfequipment.com\/es\/product\/as1000-maquina-automatica-de-llenado-sellado-y-envasado-de-liquidos-pe-film-filler-sealer\/","og_locale":"es_ES","og_type":"article","og_title":"AS1000 Automatic liquid filling sealing and packing machine PE film filler sealer","og_description":"Automatic Liquid Filling And Packing Machine","og_url":"https:\/\/alfequipment.com\/es\/product\/as1000-maquina-automatica-de-llenado-sellado-y-envasado-de-liquidos-pe-film-filler-sealer\/","og_site_name":"ALF PACK","article_modified_time":"2025-01-13T13:09:23+00:00","og_image":[{"width":800,"height":800,"url":"https:\/\/alfequipment.com\/wp-content\/uploads\/2025\/01\/AS1000-Automatic-liquid-filling-sealing-and-packing.jpg","type":"image\/webp"}],"twitter_card":"summary_large_image","twitter_misc":{"Tiempo de lectura":"1 minuto"},"schema":{"@context":"https:\/\/schema.org","@graph":[{"@type":"WebPage","@id":"https:\/\/alfequipment.com\/product\/as1000-automatic-liquid-filling-sealing-and-packing-machine-pe-film-filler-sealer\/","url":"https:\/\/alfequipment.com\/product\/as1000-automatic-liquid-filling-sealing-and-packing-machine-pe-film-filler-sealer\/","name":"AS1000 M\u00e1quina autom\u00e1tica de llenado, sellado y envasado de l\u00edquidos - ALF PACK","isPartOf":{"@id":"https:\/\/alfequipment.com\/#website"},"primaryImageOfPage":{"@id":"https:\/\/alfequipment.com\/product\/as1000-automatic-liquid-filling-sealing-and-packing-machine-pe-film-filler-sealer\/#primaryimage"},"image":{"@id":"https:\/\/alfequipment.com\/product\/as1000-automatic-liquid-filling-sealing-and-packing-machine-pe-film-filler-sealer\/#primaryimage"},"thumbnailUrl":"https:\/\/alfequipment.com\/wp-content\/uploads\/2025\/01\/AS1000-Automatic-liquid-filling-sealing-and-packing.jpg","datePublished":"2024-12-22T12:56:23+00:00","dateModified":"2025-01-13T13:09:23+00:00","breadcrumb":{"@id":"https:\/\/alfequipment.com\/product\/as1000-automatic-liquid-filling-sealing-and-packing-machine-pe-film-filler-sealer\/#breadcrumb"},"inLanguage":"es","potentialAction":[{"@type":"ReadAction","target":["https:\/\/alfequipment.com\/product\/as1000-automatic-liquid-filling-sealing-and-packing-machine-pe-film-filler-sealer\/"]}]},{"@type":"ImageObject","inLanguage":"es","@id":"https:\/\/alfequipment.com\/product\/as1000-automatic-liquid-filling-sealing-and-packing-machine-pe-film-filler-sealer\/#primaryimage","url":"https:\/\/alfequipment.com\/wp-content\/uploads\/2025\/01\/AS1000-Automatic-liquid-filling-sealing-and-packing.jpg","contentUrl":"https:\/\/alfequipment.com\/wp-content\/uploads\/2025\/01\/AS1000-Automatic-liquid-filling-sealing-and-packing.jpg","width":800,"height":800},{"@type":"BreadcrumbList","@id":"https:\/\/alfequipment.com\/product\/as1000-automatic-liquid-filling-sealing-and-packing-machine-pe-film-filler-sealer\/#breadcrumb","itemListElement":[{"@type":"ListItem","position":1,"name":"Home","item":"https:\/\/alfequipment.com\/"},{"@type":"ListItem","position":2,"name":"Shop","item":"https:\/\/alfequipment.com\/shop\/"},{"@type":"ListItem","position":3,"name":"AS1000 Automatic liquid filling sealing and packing machine PE film filler sealer"}]},{"@type":"WebSite","@id":"https:\/\/alfequipment.com\/#website","url":"https:\/\/alfequipment.com\/","name":"PAQUETE ALF","description":"","publisher":{"@id":"https:\/\/alfequipment.com\/#organization"},"potentialAction":[{"@type":"SearchAction","target":{"@type":"EntryPoint","urlTemplate":"https:\/\/alfequipment.com\/?s={search_term_string}"},"query-input":{"@type":"PropertyValueSpecification","valueRequired":true,"valueName":"search_term_string"}}],"inLanguage":"es"},{"@type":"Organization","@id":"https:\/\/alfequipment.com\/#organization","name":"PAQUETE ALF","url":"https:\/\/alfequipment.com\/","logo":{"@type":"ImageObject","inLanguage":"es","@id":"https:\/\/alfequipment.com\/#\/schema\/logo\/image\/","url":"https:\/\/alfequipment.com\/wp-content\/uploads\/2024\/11\/ALFlogo-2.webp","contentUrl":"https:\/\/alfequipment.com\/wp-content\/uploads\/2024\/11\/ALFlogo-2.webp","width":758,"height":750,"caption":"ALF PACK"},"image":{"@id":"https:\/\/alfequipment.com\/#\/schema\/logo\/image\/"}}]}},"_links":{"self":[{"href":"https:\/\/alfequipment.com\/es\/wp-json\/wp\/v2\/product\/2973","targetHints":{"allow":["GET"]}}],"collection":[{"href":"https:\/\/alfequipment.com\/es\/wp-json\/wp\/v2\/product"}],"about":[{"href":"https:\/\/alfequipment.com\/es\/wp-json\/wp\/v2\/types\/product"}],"replies":[{"embeddable":true,"href":"https:\/\/alfequipment.com\/es\/wp-json\/wp\/v2\/comments?post=2973"}],"version-history":[{"count":0,"href":"https:\/\/alfequipment.com\/es\/wp-json\/wp\/v2\/product\/2973\/revisions"}],"wp:featuredmedia":[{"embeddable":true,"href":"https:\/\/alfequipment.com\/es\/wp-json\/wp\/v2\/media\/2780"}],"wp:attachment":[{"href":"https:\/\/alfequipment.com\/es\/wp-json\/wp\/v2\/media?parent=2973"}],"wp:term":[{"taxonomy":"product_brand","embeddable":true,"href":"https:\/\/alfequipment.com\/es\/wp-json\/wp\/v2\/product_brand?post=2973"},{"taxonomy":"product_cat","embeddable":true,"href":"https:\/\/alfequipment.com\/es\/wp-json\/wp\/v2\/product_cat?post=2973"},{"taxonomy":"product_tag","embeddable":true,"href":"https:\/\/alfequipment.com\/es\/wp-json\/wp\/v2\/product_tag?post=2973"}],"curies":[{"name":"wp","href":"https:\/\/api.w.org\/{rel}","templated":true}]}}