{"id":2984,"date":"2024-12-04T01:17:59","date_gmt":"2024-12-04T01:17:59","guid":{"rendered":"https:\/\/alfequipment.com\/product\/dfqc450-pneumatic-l-bar-type-sealer-heat-sealing-machine-and-dsa4525-shrink-tunnel-packager\/"},"modified":"2025-01-14T02:51:43","modified_gmt":"2025-01-14T02:51:43","slug":"dfqc450-sellador-neumatico-tipo-l-bar-maquina-de-sellado-de-calor-y-dsa4525-tunel-de-retraccion-packager","status":"publish","type":"product","link":"https:\/\/alfequipment.com\/es\/product\/dfqc450-sellador-neumatico-tipo-l-bar-maquina-de-sellado-de-calor-y-dsa4525-tunel-de-retraccion-packager\/","title":{"rendered":"DFQC450 Termoselladora neum\u00e1tica de barra en L y DSA4525 Envasadora de t\u00fanel de retractilado"},"content":{"rendered":"<div data-magic-global=\"%7B%22bizId%22%3A17179933680%2C%22pageId%22%3A21073366441%2C%22siteId%22%3A5005331025%7D\" id=\"detail_decorate_root\">\n<div module-id=\"29075062880\" module-title=\"detailProductNavigation\" render=\"true\" class=\"J_module\">\n<div id=\"ali-anchor-AliMagic-4ucspa\" data-section=\"AliMagic-4ucspa\" data-section-title=\"Product Description\" class=\"magic-0\">DFQC450 Selladora neum\u00e1tica tipo L es nuestro nuevo producto. Esta m\u00e1quina logra el sellado autom\u00e1tico, al mismo tiempo, podemos ajustar el tiempo de sellado con diferentes requisitos. Moderniza esta m\u00e1quina y satisface sus requerimientos. Adem\u00e1s, esta m\u00e1quina instala el sistema de advertencia que garantiza la seguridad del operador.<\/div>\n<\/div>\n<div module-id=\"29075062881\" module-title=\"detailTextWithTitle\" render=\"true\" class=\"J_module\">\n<div class=\"detail-decorate-json-renderer-container\">\n<div class=\"magic-1\">\n<div class=\"magic-4\">\n<div class=\"magic-5\">\n<div class=\"magic-6\">\n<p class=\"magic-7\"><\/p>\n<p class=\"magic-7\">Caracter\u00edstica: <br \/>1. La m\u00e1quina adopta calefacci\u00f3n y cuchillo de sellado libre de pegajosidad, lo que asegura que la m\u00e1quina funcione bien y sin humo.<br \/>2. El tiempo de transferencia de los productos al t\u00fanel tras el sellado y el corte es ajustable.<br \/>3. Trabajar con t\u00fanel de retracci\u00f3n, de alta eficiencia, m\u00e1s conveniente.<\/p>\n<\/p><\/div>\n<\/p><\/div>\n<\/p><\/div>\n<\/p><\/div>\n<\/p><\/div>\n<\/p><\/div>\n<div module-id=\"29075062882\" module-title=\"detailTableHorizontal\" render=\"true\" class=\"J_module\">\n<div class=\"ife-detail-decorate-table\">\n<table class=\"has-title all magic-8\">\n<tbody>\n<tr>\n<td colspan=\"1\" rowspan=\"1\">\n<div class=\"magic-9\">\n        Modelo\n       <\/div>\n<\/td>\n<td colspan=\"1\" rowspan=\"1\">\n<div class=\"magic-10\">\n        DFQC450\n       <\/div>\n<\/td>\n<td colspan=\"1\" rowspan=\"1\">\n<div class=\"magic-11\">\n        Modelo\n       <\/div>\n<\/td>\n<td colspan=\"1\" rowspan=\"1\">\n<div class=\"magic-11\">\n        DSA4525\n       <\/div>\n<\/td>\n<\/tr>\n<tr>\n<td colspan=\"1\" rowspan=\"1\">\n<div class=\"magic-9\">\n        Tensi\u00f3n\n       <\/div>\n<\/td>\n<td colspan=\"1\" rowspan=\"1\">\n<div class=\"magic-10\">\n        AC220V 50-60HZ\n       <\/div>\n<\/td>\n<td colspan=\"1\" rowspan=\"1\">\n<div class=\"magic-11\">\n        Tensi\u00f3n\n       <\/div>\n<\/td>\n<td colspan=\"1\" rowspan=\"1\">\n<div class=\"magic-11\">\n        220-240V\/50-60HZ\n       <\/div>\n<\/td>\n<\/tr>\n<tr>\n<td colspan=\"1\" rowspan=\"1\">\n<div class=\"magic-9\">\n        Potencia de calefacci\u00f3n\n       <\/div>\n<\/td>\n<td colspan=\"1\" rowspan=\"1\">\n<div class=\"magic-10\">\n        1KW\n       <\/div>\n<\/td>\n<td colspan=\"1\" rowspan=\"1\">\n<div class=\"magic-11\">\n        Potencia del calentador\n       <\/div>\n<\/td>\n<td colspan=\"1\" rowspan=\"1\">\n<div class=\"magic-11\">\n        8,6 kW\n       <\/div>\n<\/td>\n<\/tr>\n<tr>\n<td colspan=\"1\" rowspan=\"1\">\n<div class=\"magic-9\">\n        Tiempo de corte\n       <\/div>\n<\/td>\n<td colspan=\"1\" rowspan=\"1\">\n<div class=\"magic-10\">\n        0-3s\n       <\/div>\n<\/td>\n<td colspan=\"1\" rowspan=\"1\">\n<div class=\"magic-11\">\n        Velocidad de transporte\n       <\/div>\n<\/td>\n<td colspan=\"1\" rowspan=\"1\">\n<div class=\"magic-11\">\n        0-10 m\/min\n       <\/div>\n<\/td>\n<\/tr>\n<tr>\n<td colspan=\"1\" rowspan=\"1\">\n<div class=\"magic-9\">\n        Tama\u00f1o m\u00e1ximo de sellado (L*A)\n       <\/div>\n<\/td>\n<td colspan=\"1\" rowspan=\"1\">\n<div class=\"magic-10\">\n        L+H&lt;550mm, A+H&lt;450mm\n       <\/div>\n<\/td>\n<td colspan=\"1\" rowspan=\"1\">\n<div class=\"magic-11\">\n        Tama\u00f1o de la sala de trabajo (largo*ancho*alto)\n       <\/div>\n<\/td>\n<td colspan=\"1\" rowspan=\"1\">\n<div class=\"magic-11\">\n        1000*450*250mm\n       <\/div>\n<\/td>\n<\/tr>\n<tr>\n<td colspan=\"1\" rowspan=\"1\">\n<div class=\"magic-9\">\n        Carga m\u00e1xima del transportador\n       <\/div>\n<\/td>\n<td colspan=\"1\" rowspan=\"1\">\n<div class=\"magic-10\">\n        15 kg\n       <\/div>\n<\/td>\n<td colspan=\"1\" rowspan=\"1\">\n<div class=\"magic-11\">\n        Carga m\u00e1xima del transportador\n       <\/div>\n<\/td>\n<td colspan=\"1\" rowspan=\"1\">\n<div class=\"magic-11\">\n        5 kg\n       <\/div>\n<\/td>\n<\/tr>\n<tr>\n<td colspan=\"1\" rowspan=\"1\">\n<div class=\"magic-9\">\n        Tama\u00f1o de la m\u00e1quina (largo*ancho*alto)\n       <\/div>\n<\/td>\n<td colspan=\"1\" rowspan=\"1\">\n<div class=\"magic-10\">\n        1600*700*1170mm\n       <\/div>\n<\/td>\n<td colspan=\"1\" rowspan=\"1\">\n<div class=\"magic-11\">\n        Peso de la m\u00e1quina\n       <\/div>\n<\/td>\n<td colspan=\"1\" rowspan=\"1\">\n<div class=\"magic-11\">\n        115 kg\n       <\/div>\n<\/td>\n<\/tr>\n<tr>\n<td colspan=\"1\" rowspan=\"1\">\n<div class=\"magic-9\">\n        Peso de la m\u00e1quina\n       <\/div>\n<\/td>\n<td colspan=\"1\" rowspan=\"1\">\n<div class=\"magic-10\">\n        128 kg\n       <\/div>\n<\/td>\n<td colspan=\"1\" rowspan=\"1\">\n<div class=\"magic-11\">\n        Tama\u00f1o del embalaje\n       <\/div>\n<\/td>\n<td colspan=\"1\" rowspan=\"1\">\n<div class=\"magic-11\">\n        1260*670*1290mm\n       <\/div>\n<\/td>\n<\/tr>\n<tr>\n<td colspan=\"1\" rowspan=\"1\">\n<div class=\"magic-9\">\n        Pel\u00edcula de corte\n       <\/div>\n<\/td>\n<td colspan=\"1\" rowspan=\"1\">\n<div class=\"magic-10\">\n        POF,PVC\n       <\/div>\n<\/td>\n<td colspan=\"1\" rowspan=\"1\">\n<div class=\"magic-11\">\n        Film retr\u00e1ctil\n       <\/div>\n<\/td>\n<td colspan=\"1\" rowspan=\"1\">\n<div class=\"magic-11\">\n        POF,PVC\n       <\/div>\n<\/td>\n<\/tr>\n<tr>\n<td colspan=\"1\" rowspan=\"1\">\n<div class=\"magic-9\">\n        Tama\u00f1o del embalaje\n       <\/div>\n<\/td>\n<td colspan=\"1\" rowspan=\"1\">\n<div class=\"magic-10\">\n        1500*850*920mm\n       <\/div>\n<\/td>\n<td colspan=\"1\" rowspan=\"1\">\n<div class=\"magic-11\">\n        Tama\u00f1o del embalaje\n       <\/div>\n<\/td>\n<td colspan=\"1\" rowspan=\"1\">\n<div class=\"magic-11\">\n        1400*750*950mm\n       <\/div>\n<\/td>\n<\/tr>\n<\/tbody>\n<\/table><\/div>\n<\/p><\/div>\n<div module-id=\"29075062883\" module-title=\"detailSingleImage\" render=\"true\" class=\"J_module\">\n<div class=\"icbu-pc-images magic-12\">\n<div>\n<div class=\"flex-layout-v\">\n<div class=\"flex-layout-h magic-12\">\n<div class=\"magic-13\">\n       <img decoding=\"async\" src=\"https:\/\/sc04.alicdn.com\/kf\/H25b09dc57263420bb16f8385e174a5c0t\/64496\/H25b09dc57263420bb16f8385e174a5c0t.jpg\" class=\"aligncenter\">\n      <\/div>\n<\/p><\/div>\n<\/p><\/div>\n<\/p><\/div>\n<\/p><\/div>\n<\/p><\/div>\n<div module-id=\"29075062884\" module-title=\"detailVerticalImages\" render=\"true\" class=\"J_module\">\n<div class=\"icbu-pc-images magic-12\">\n<div>\n<div class=\"flex-layout-v\">\n<div class=\"magic-15\">\n      <img decoding=\"async\" src=\"https:\/\/sc01.alicdn.com\/kf\/HTB1W2FMazzuK1Rjy0Fpq6yEpFXao\/64496\/HTB1W2FMazzuK1Rjy0Fpq6yEpFXao.jpg\" class=\"aligncenter\">\n     <\/div>\n<div class=\"flex-layout-h magic-12\">\n<div class=\"magic-17\">\n       <img decoding=\"async\" src=\"https:\/\/sc01.alicdn.com\/kf\/HTB14khRasfrK1RkSnb4q6xHRFXaA\/64496\/HTB14khRasfrK1RkSnb4q6xHRFXaA.jpg\" class=\"aligncenter\">\n      <\/div>\n<div class=\"magic-19\">\n       <img decoding=\"async\" src=\"https:\/\/sc02.alicdn.com\/kf\/HTB1gRd0aznuK1RkSmFPq6AuzFXaD\/64496\/HTB1gRd0aznuK1RkSmFPq6AuzFXaD.jpg\" class=\"aligncenter\">\n      <\/div>\n<\/p><\/div>\n<\/p><\/div>\n<\/p><\/div>\n<\/p><\/div>\n<\/p><\/div>\n<div module-id=\"29075062885\" module-title=\"detailTextWithTitle\" render=\"true\" class=\"J_module\">\n<div class=\"detail-decorate-json-renderer-container\">\n<div class=\"magic-1\">\n<h3 class=\"magic-2\"><\/h3>\n<h3 class=\"magic-3\">Mejora<br \/><\/h3>\n<div class=\"magic-4\">\n<div class=\"magic-5\">\n<div class=\"magic-6\">\n<p class=\"magic-7\">1.\u00efMucho m\u00e1s fuerte soporte de pel\u00edcula con mango, m\u00e1s f\u00e1cil de poner la pel\u00edcula y ajustar m\u00e1s f\u00e1cil.<br \/>2.\u00efRueda de aguja mejorada, con nuevo dise\u00f1o y protecci\u00f3n m\u00e1s fuerte.<br \/>3.\u00efBloqueo del portabobinas, fija el portabobinas en una posici\u00f3n. 4.\u00efInterruptor de encendido de alta calidad, m\u00e1s seguridad, m\u00e1s cuidado.<br \/>4.\u00efSoporte de elementos cer\u00e1micos, puede utilizarse durante mucho tiempo y es m\u00e1s f\u00e1cil de sustituir.<br \/>5.\u00efNuevo dise\u00f1o de im\u00e1n el\u00e9ctrico con cubierta, m\u00e1s grande, m\u00e1s fuerte y m\u00e1s hermoso .<br \/>6.\u00efImproved manija de elevaci\u00f3n del transportador, para asegurar ajustar la altura del transportador m\u00e1s f\u00e1cil.<br \/>7.\u00efImproved del \"resorte de gas\", para asegurar la m\u00e1quina m\u00e1s estable y no f\u00e1cil a quebrado.<br \/>8.\u00efM\u00e1s simple Panel de control, f\u00e1cil de operar.<br \/>9.\u00efinside la caja el\u00e9ctrica, todas las piezas parece m\u00e1s regular.<br \/>10. Nueva cubierta para el soporte, que puede proteger el soporte bien, y hacerlo m\u00e1s estable.<br \/>11. Dise\u00f1o inteligente para el transportador, mucho m\u00e1s f\u00e1cil de reemplazar la cinta transportadora.<\/p>\n<\/p><\/div>\n<\/p><\/div>\n<\/p><\/div>\n<\/p><\/div>\n<\/p><\/div>\n<\/p><\/div>\n<\/div>","protected":false},"excerpt":{"rendered":"<p>Selladora neum\u00e1tica en L y t\u00fanel de retractilado<\/p>","protected":false},"featured_media":2802,"comment_status":"closed","ping_status":"open","template":"","meta":[],"product_brand":[],"product_cat":[122,97],"product_tag":[],"class_list":{"0":"post-2984","1":"product","2":"type-product","3":"status-publish","4":"has-post-thumbnail","6":"product_cat-l-type-sealer","7":"product_cat-sealing-machines","9":"first","10":"instock","11":"sale","12":"purchasable","13":"product-type-simple"},"yoast_head":"<!-- This site is optimized with the Yoast SEO Premium plugin v20.9 (Yoast SEO v26.5) - https:\/\/yoast.com\/wordpress\/plugins\/seo\/ -->\n<title>DFQC450 Pneumatic L bar type sealer heat sealing machine and DSA4525 Shrink tunnel packager - ALF PACK<\/title>\n<meta name=\"robots\" content=\"index, follow, max-snippet:-1, max-image-preview:large, max-video-preview:-1\" \/>\n<link rel=\"canonical\" href=\"https:\/\/alfequipment.com\/es\/product\/dfqc450-sellador-neumatico-tipo-l-bar-maquina-de-sellado-de-calor-y-dsa4525-tunel-de-retraccion-packager\/\" \/>\n<meta property=\"og:locale\" content=\"es_ES\" \/>\n<meta property=\"og:type\" content=\"article\" \/>\n<meta property=\"og:title\" content=\"DFQC450 Pneumatic L bar type sealer heat sealing machine and DSA4525 Shrink tunnel packager\" \/>\n<meta property=\"og:description\" content=\"Pneumatic L-type Sealer And Shrink Tunnel\" \/>\n<meta property=\"og:url\" content=\"https:\/\/alfequipment.com\/es\/product\/dfqc450-sellador-neumatico-tipo-l-bar-maquina-de-sellado-de-calor-y-dsa4525-tunel-de-retraccion-packager\/\" \/>\n<meta property=\"og:site_name\" content=\"ALF PACK\" \/>\n<meta property=\"article:modified_time\" content=\"2025-01-14T02:51:43+00:00\" \/>\n<meta property=\"og:image\" content=\"https:\/\/alfequipment.com\/wp-content\/uploads\/2025\/01\/DFQC450-Pneumatic-L-bar-type-sealer-heat-1.jpg\" \/>\n\t<meta property=\"og:image:width\" content=\"1000\" \/>\n\t<meta property=\"og:image:height\" content=\"1000\" \/>\n\t<meta property=\"og:image:type\" content=\"image\/webp\" \/>\n<meta name=\"twitter:card\" content=\"summary_large_image\" \/>\n<meta name=\"twitter:label1\" content=\"Tiempo de lectura\" \/>\n\t<meta name=\"twitter:data1\" content=\"2 minutos\" \/>\n<script type=\"application\/ld+json\" class=\"yoast-schema-graph\">{\"@context\":\"https:\/\/schema.org\",\"@graph\":[{\"@type\":\"WebPage\",\"@id\":\"https:\/\/alfequipment.com\/product\/dfqc450-pneumatic-l-bar-type-sealer-heat-sealing-machine-and-dsa4525-shrink-tunnel-packager\/\",\"url\":\"https:\/\/alfequipment.com\/product\/dfqc450-pneumatic-l-bar-type-sealer-heat-sealing-machine-and-dsa4525-shrink-tunnel-packager\/\",\"name\":\"DFQC450 Pneumatic L bar type sealer heat sealing machine and DSA4525 Shrink tunnel packager - ALF PACK\",\"isPartOf\":{\"@id\":\"https:\/\/alfequipment.com\/#website\"},\"primaryImageOfPage\":{\"@id\":\"https:\/\/alfequipment.com\/product\/dfqc450-pneumatic-l-bar-type-sealer-heat-sealing-machine-and-dsa4525-shrink-tunnel-packager\/#primaryimage\"},\"image\":{\"@id\":\"https:\/\/alfequipment.com\/product\/dfqc450-pneumatic-l-bar-type-sealer-heat-sealing-machine-and-dsa4525-shrink-tunnel-packager\/#primaryimage\"},\"thumbnailUrl\":\"https:\/\/alfequipment.com\/wp-content\/uploads\/2025\/01\/DFQC450-Pneumatic-L-bar-type-sealer-heat-1.jpg\",\"datePublished\":\"2024-12-04T01:17:59+00:00\",\"dateModified\":\"2025-01-14T02:51:43+00:00\",\"breadcrumb\":{\"@id\":\"https:\/\/alfequipment.com\/product\/dfqc450-pneumatic-l-bar-type-sealer-heat-sealing-machine-and-dsa4525-shrink-tunnel-packager\/#breadcrumb\"},\"inLanguage\":\"es\",\"potentialAction\":[{\"@type\":\"ReadAction\",\"target\":[\"https:\/\/alfequipment.com\/product\/dfqc450-pneumatic-l-bar-type-sealer-heat-sealing-machine-and-dsa4525-shrink-tunnel-packager\/\"]}]},{\"@type\":\"ImageObject\",\"inLanguage\":\"es\",\"@id\":\"https:\/\/alfequipment.com\/product\/dfqc450-pneumatic-l-bar-type-sealer-heat-sealing-machine-and-dsa4525-shrink-tunnel-packager\/#primaryimage\",\"url\":\"https:\/\/alfequipment.com\/wp-content\/uploads\/2025\/01\/DFQC450-Pneumatic-L-bar-type-sealer-heat-1.jpg\",\"contentUrl\":\"https:\/\/alfequipment.com\/wp-content\/uploads\/2025\/01\/DFQC450-Pneumatic-L-bar-type-sealer-heat-1.jpg\",\"width\":1000,\"height\":1000},{\"@type\":\"BreadcrumbList\",\"@id\":\"https:\/\/alfequipment.com\/product\/dfqc450-pneumatic-l-bar-type-sealer-heat-sealing-machine-and-dsa4525-shrink-tunnel-packager\/#breadcrumb\",\"itemListElement\":[{\"@type\":\"ListItem\",\"position\":1,\"name\":\"Home\",\"item\":\"https:\/\/alfequipment.com\/\"},{\"@type\":\"ListItem\",\"position\":2,\"name\":\"Shop\",\"item\":\"https:\/\/alfequipment.com\/shop\/\"},{\"@type\":\"ListItem\",\"position\":3,\"name\":\"DFQC450 Pneumatic L bar type sealer heat sealing machine and DSA4525 Shrink tunnel packager\"}]},{\"@type\":\"WebSite\",\"@id\":\"https:\/\/alfequipment.com\/#website\",\"url\":\"https:\/\/alfequipment.com\/\",\"name\":\"ALF PACK\",\"description\":\"\",\"publisher\":{\"@id\":\"https:\/\/alfequipment.com\/#organization\"},\"potentialAction\":[{\"@type\":\"SearchAction\",\"target\":{\"@type\":\"EntryPoint\",\"urlTemplate\":\"https:\/\/alfequipment.com\/?s={search_term_string}\"},\"query-input\":{\"@type\":\"PropertyValueSpecification\",\"valueRequired\":true,\"valueName\":\"search_term_string\"}}],\"inLanguage\":\"es\"},{\"@type\":\"Organization\",\"@id\":\"https:\/\/alfequipment.com\/#organization\",\"name\":\"ALF PACK\",\"url\":\"https:\/\/alfequipment.com\/\",\"logo\":{\"@type\":\"ImageObject\",\"inLanguage\":\"es\",\"@id\":\"https:\/\/alfequipment.com\/#\/schema\/logo\/image\/\",\"url\":\"https:\/\/alfequipment.com\/wp-content\/uploads\/2024\/11\/ALFlogo-2.webp\",\"contentUrl\":\"https:\/\/alfequipment.com\/wp-content\/uploads\/2024\/11\/ALFlogo-2.webp\",\"width\":758,\"height\":750,\"caption\":\"ALF PACK\"},\"image\":{\"@id\":\"https:\/\/alfequipment.com\/#\/schema\/logo\/image\/\"}}]}<\/script>\n<!-- \/ Yoast SEO Premium plugin. -->","yoast_head_json":{"title":"DFQC450 Termoselladora neum\u00e1tica de barra en L y DSA4525 Envasadora de t\u00fanel de retracci\u00f3n - ALF PACK","robots":{"index":"index","follow":"follow","max-snippet":"max-snippet:-1","max-image-preview":"max-image-preview:large","max-video-preview":"max-video-preview:-1"},"canonical":"https:\/\/alfequipment.com\/es\/product\/dfqc450-sellador-neumatico-tipo-l-bar-maquina-de-sellado-de-calor-y-dsa4525-tunel-de-retraccion-packager\/","og_locale":"es_ES","og_type":"article","og_title":"DFQC450 Pneumatic L bar type sealer heat sealing machine and DSA4525 Shrink tunnel packager","og_description":"Pneumatic L-type Sealer And Shrink Tunnel","og_url":"https:\/\/alfequipment.com\/es\/product\/dfqc450-sellador-neumatico-tipo-l-bar-maquina-de-sellado-de-calor-y-dsa4525-tunel-de-retraccion-packager\/","og_site_name":"ALF PACK","article_modified_time":"2025-01-14T02:51:43+00:00","og_image":[{"width":1000,"height":1000,"url":"https:\/\/alfequipment.com\/wp-content\/uploads\/2025\/01\/DFQC450-Pneumatic-L-bar-type-sealer-heat-1.jpg","type":"image\/webp"}],"twitter_card":"summary_large_image","twitter_misc":{"Tiempo de lectura":"2 minutos"},"schema":{"@context":"https:\/\/schema.org","@graph":[{"@type":"WebPage","@id":"https:\/\/alfequipment.com\/product\/dfqc450-pneumatic-l-bar-type-sealer-heat-sealing-machine-and-dsa4525-shrink-tunnel-packager\/","url":"https:\/\/alfequipment.com\/product\/dfqc450-pneumatic-l-bar-type-sealer-heat-sealing-machine-and-dsa4525-shrink-tunnel-packager\/","name":"DFQC450 Termoselladora neum\u00e1tica de barra en L y DSA4525 Envasadora de t\u00fanel de retracci\u00f3n - ALF PACK","isPartOf":{"@id":"https:\/\/alfequipment.com\/#website"},"primaryImageOfPage":{"@id":"https:\/\/alfequipment.com\/product\/dfqc450-pneumatic-l-bar-type-sealer-heat-sealing-machine-and-dsa4525-shrink-tunnel-packager\/#primaryimage"},"image":{"@id":"https:\/\/alfequipment.com\/product\/dfqc450-pneumatic-l-bar-type-sealer-heat-sealing-machine-and-dsa4525-shrink-tunnel-packager\/#primaryimage"},"thumbnailUrl":"https:\/\/alfequipment.com\/wp-content\/uploads\/2025\/01\/DFQC450-Pneumatic-L-bar-type-sealer-heat-1.jpg","datePublished":"2024-12-04T01:17:59+00:00","dateModified":"2025-01-14T02:51:43+00:00","breadcrumb":{"@id":"https:\/\/alfequipment.com\/product\/dfqc450-pneumatic-l-bar-type-sealer-heat-sealing-machine-and-dsa4525-shrink-tunnel-packager\/#breadcrumb"},"inLanguage":"es","potentialAction":[{"@type":"ReadAction","target":["https:\/\/alfequipment.com\/product\/dfqc450-pneumatic-l-bar-type-sealer-heat-sealing-machine-and-dsa4525-shrink-tunnel-packager\/"]}]},{"@type":"ImageObject","inLanguage":"es","@id":"https:\/\/alfequipment.com\/product\/dfqc450-pneumatic-l-bar-type-sealer-heat-sealing-machine-and-dsa4525-shrink-tunnel-packager\/#primaryimage","url":"https:\/\/alfequipment.com\/wp-content\/uploads\/2025\/01\/DFQC450-Pneumatic-L-bar-type-sealer-heat-1.jpg","contentUrl":"https:\/\/alfequipment.com\/wp-content\/uploads\/2025\/01\/DFQC450-Pneumatic-L-bar-type-sealer-heat-1.jpg","width":1000,"height":1000},{"@type":"BreadcrumbList","@id":"https:\/\/alfequipment.com\/product\/dfqc450-pneumatic-l-bar-type-sealer-heat-sealing-machine-and-dsa4525-shrink-tunnel-packager\/#breadcrumb","itemListElement":[{"@type":"ListItem","position":1,"name":"Home","item":"https:\/\/alfequipment.com\/"},{"@type":"ListItem","position":2,"name":"Shop","item":"https:\/\/alfequipment.com\/shop\/"},{"@type":"ListItem","position":3,"name":"DFQC450 Pneumatic L bar type sealer heat sealing machine and DSA4525 Shrink tunnel packager"}]},{"@type":"WebSite","@id":"https:\/\/alfequipment.com\/#website","url":"https:\/\/alfequipment.com\/","name":"PAQUETE ALF","description":"","publisher":{"@id":"https:\/\/alfequipment.com\/#organization"},"potentialAction":[{"@type":"SearchAction","target":{"@type":"EntryPoint","urlTemplate":"https:\/\/alfequipment.com\/?s={search_term_string}"},"query-input":{"@type":"PropertyValueSpecification","valueRequired":true,"valueName":"search_term_string"}}],"inLanguage":"es"},{"@type":"Organization","@id":"https:\/\/alfequipment.com\/#organization","name":"PAQUETE ALF","url":"https:\/\/alfequipment.com\/","logo":{"@type":"ImageObject","inLanguage":"es","@id":"https:\/\/alfequipment.com\/#\/schema\/logo\/image\/","url":"https:\/\/alfequipment.com\/wp-content\/uploads\/2024\/11\/ALFlogo-2.webp","contentUrl":"https:\/\/alfequipment.com\/wp-content\/uploads\/2024\/11\/ALFlogo-2.webp","width":758,"height":750,"caption":"ALF PACK"},"image":{"@id":"https:\/\/alfequipment.com\/#\/schema\/logo\/image\/"}}]}},"_links":{"self":[{"href":"https:\/\/alfequipment.com\/es\/wp-json\/wp\/v2\/product\/2984","targetHints":{"allow":["GET"]}}],"collection":[{"href":"https:\/\/alfequipment.com\/es\/wp-json\/wp\/v2\/product"}],"about":[{"href":"https:\/\/alfequipment.com\/es\/wp-json\/wp\/v2\/types\/product"}],"replies":[{"embeddable":true,"href":"https:\/\/alfequipment.com\/es\/wp-json\/wp\/v2\/comments?post=2984"}],"version-history":[{"count":0,"href":"https:\/\/alfequipment.com\/es\/wp-json\/wp\/v2\/product\/2984\/revisions"}],"wp:featuredmedia":[{"embeddable":true,"href":"https:\/\/alfequipment.com\/es\/wp-json\/wp\/v2\/media\/2802"}],"wp:attachment":[{"href":"https:\/\/alfequipment.com\/es\/wp-json\/wp\/v2\/media?parent=2984"}],"wp:term":[{"taxonomy":"product_brand","embeddable":true,"href":"https:\/\/alfequipment.com\/es\/wp-json\/wp\/v2\/product_brand?post=2984"},{"taxonomy":"product_cat","embeddable":true,"href":"https:\/\/alfequipment.com\/es\/wp-json\/wp\/v2\/product_cat?post=2984"},{"taxonomy":"product_tag","embeddable":true,"href":"https:\/\/alfequipment.com\/es\/wp-json\/wp\/v2\/product_tag?post=2984"}],"curies":[{"name":"wp","href":"https:\/\/api.w.org\/{rel}","templated":true}]}}