{"id":2986,"date":"2024-12-28T14:58:14","date_gmt":"2024-12-28T14:58:14","guid":{"rendered":"https:\/\/alfequipment.com\/product\/jms130-stainless-steel-split-body-colloid-grinder-and-industrial-colloidal-nut-almond-grinding-machine\/"},"modified":"2025-01-13T13:09:32","modified_gmt":"2025-01-13T13:09:32","slug":"jms130-acero-inoxidable-cuerpo-partido-coloidal-amoladora-y-la-nuez-industrial-coloidal-almendra-maquina-de-moler","status":"publish","type":"product","link":"https:\/\/alfequipment.com\/es\/product\/jms130-acero-inoxidable-cuerpo-partido-coloidal-amoladora-y-la-nuez-industrial-coloidal-almendra-maquina-de-moler\/","title":{"rendered":"JMS130 acero inoxidable cuerpo partido coloidal amoladora y Industrial coloidal nuez almendra m\u00e1quina de moler"},"content":{"rendered":"<p><span style=\"font-size: 12pt;\">El principio de funcionamiento del molino coloidal es el siguiente: Bajo el efecto de la fuerza centr\u00edfuga y siendo accionado por una velocidad relativamente alta entre el engranaje giratorio y el engranaje fijo, el l\u00edquido y los materiales semil\u00edquidos son eficientemente emulsionados, homogeneizados, dispersados y mezclados durante el curso de ser cortados, molidos y chocados con alta frecuencia.<\/span><\/p>\n<p>&nbsp;<\/p>\n<p><span style=\"font-size: 12pt;\">Despu\u00e9s de que usted puede conseguir el material satisfecho y procesado. El molino coloidal se aplica extensamente en clases de productos de muchos campos por su ventaja tal como industria de los productos alimenticios, industria de la medicina, industria qu\u00edmica e industria qu\u00edmica diaria etc; los productos incluyendo la leche de la soja, el atasco de la fruta, la mantequilla de cacahuete, la leche artificial del ma\u00edz, la crema, el compuesto de la perfumer\u00eda, el pigmento, engrasando el aceite, el colorante, el pantal\u00f3n, el aceite vivo de los pescados, la miel del polen, la diente-pasta y as\u00ed sucesivamente.<\/span><\/p>\n<p>&nbsp;<\/p>\n<p><span style=\"font-size: 12pt;\">Cuando se procesa material de alta consistencia, como el man\u00ed y el s\u00e9samo, etc, debe fijar el ariete de accionamiento helicoidal que es producido por nuestra empresa a la parte superior del rotor.<\/span><\/p>\n<p><span style=\"font-size: 12pt;\">&nbsp;<\/span><\/p>\n<p><strong><span style=\"font-size: 12pt;\">Especificaci\u00f3n:<\/span><\/strong><\/p>\n<table class=\"aliDataTable\" border=\"0\" cellspacing=\"0\" cellpadding=\"0\">\n<tbody>\n<tr style=\"height: 15pt;\" align=\"center\">\n<td style=\"width: 117.75pt;\" align=\"left\">\n<p><span style=\"font-size: 12pt;\">Modelo<\/span><\/p>\n<\/td>\n<td style=\"width: 95.5pt;\">\n<p><span style=\"font-size: 12pt;\">JMS-80<\/span><\/p>\n<\/td>\n<td style=\"width: 95.5pt;\">\n<p><span style=\"font-size: 12pt; color: #000000;\">JMS-120<\/span><\/p>\n<\/td>\n<td style=\"width: 101.5pt;\">\n<p><span style=\"font-size: 12pt; color: #ff0000;\">JMS-130<\/span><\/p>\n<\/td>\n<\/tr>\n<tr style=\"height: 15pt;\" align=\"left\">\n<td>\n<p><span style=\"font-size: 12pt;\">Tensi\u00f3n <\/span><\/p>\n<\/td>\n<td style=\"width: 292.5pt;\" colspan=\"3\" align=\"center\">\n<p><span style=\"font-size: 12pt;\">Trif\u00e1sico 220\/380V 50-60HZ<\/span><\/p>\n<\/td>\n<\/tr>\n<tr style=\"height: 15pt;\" align=\"center\">\n<td align=\"left\">\n<p><span style=\"font-size: 12pt;\">Potencia<\/span><\/p>\n<\/td>\n<td>\n<p><span style=\"font-size: 12pt;\">4KW<\/span><\/p>\n<\/td>\n<td>\n<p><span style=\"font-size: 12pt;\">7,5 KW<\/span><\/p>\n<\/td>\n<td>\n<p><span style=\"font-size: 12pt;\">11KW<\/span><\/p>\n<\/td>\n<\/tr>\n<tr style=\"height: 15pt;\" align=\"center\">\n<td align=\"left\">\n<p><span style=\"font-size: 12pt;\">Precisi\u00f3n de los gr\u00e1nulos <\/span><\/p>\n<\/td>\n<td>\n<p><span style=\"font-size: 12pt;\">2-50\u03bcm<\/span><\/p>\n<\/td>\n<td>\n<p><span style=\"font-size: 12pt;\">2-50\u03bcm<\/span><\/p>\n<\/td>\n<td>\n<p><span style=\"font-size: 12pt;\">2-40\u03bcm<\/span><\/p>\n<\/td>\n<\/tr>\n<tr style=\"height: 15pt;\" align=\"center\">\n<td align=\"left\">\n<p><span style=\"font-size: 12pt;\">Salida<\/span><\/p>\n<\/td>\n<td>\n<p><span style=\"font-size: 12pt;\">0,2-1,5T\/hora<\/span><\/p>\n<\/td>\n<td>\n<p><span style=\"font-size: 12pt;\">0,5-2T\/hora<\/span><\/p>\n<\/td>\n<td>\n<p><span style=\"font-size: 12pt;\">0,5-4T\/hora<\/span><\/p>\n<\/td>\n<\/tr>\n<tr style=\"height: 15pt;\" align=\"center\">\n<td align=\"left\">\n<p><span style=\"font-size: 12pt;\">Peso<\/span><\/p>\n<\/td>\n<td>\n<p><span style=\"font-size: 12pt;\">150 kg<\/span><\/p>\n<\/td>\n<td>\n<p><span style=\"font-size: 12pt;\">220 kg<\/span><\/p>\n<\/td>\n<td>\n<p><span style=\"font-size: 12pt;\">305 kg<\/span><\/p>\n<\/td>\n<\/tr>\n<tr style=\"height: 15pt;\" align=\"center\">\n<td align=\"left\">\n<p><span style=\"font-size: 12pt;\">Tama\u00f1o de la m\u00e1quina<\/span><\/p>\n<\/td>\n<td>\n<p><span style=\"font-size: 12pt;\">650*350*860mm<\/span><\/p>\n<\/td>\n<td>\n<p><span style=\"font-size: 12pt;\">750*400*1000mm<\/span><\/p>\n<\/td>\n<td>\n<p><span style=\"font-size: 12pt;\">850*400*1110mm<\/span><\/p>\n<\/td>\n<\/tr>\n<\/tbody>\n<\/table>\n<p>&nbsp;<img decoding=\"async\" src=\"https:\/\/sc01.alicdn.com\/kf\/Hec0addf6d88d450988390684a3582e2eW\/64496\/Hec0addf6d88d450988390684a3582e2eW.jpg\" data-width=\"600\" data-height=\"600\" class=\"aligncenter\"><\/p>\n<p>&nbsp;<\/p><\/p>","protected":false},"excerpt":{"rendered":"<p>Jms-130 Venta caliente en acero inoxidable Europea Split-cuerpo coloidal Grinder<\/p>","protected":false},"featured_media":2806,"comment_status":"closed","ping_status":"open","template":"","meta":[],"product_brand":[],"product_cat":[109],"product_tag":[],"class_list":{"0":"post-2986","1":"product","2":"type-product","3":"status-publish","4":"has-post-thumbnail","6":"product_cat-nuts-processing-machines","8":"first","9":"instock","10":"sale","11":"purchasable","12":"product-type-simple"},"yoast_head":"<!-- This site is optimized with the Yoast SEO Premium plugin v20.9 (Yoast SEO v26.5) - https:\/\/yoast.com\/wordpress\/plugins\/seo\/ -->\n<title>JMS130 stainless steel split body colloid grinder and Industrial colloidal nut almond grinding machine - ALF PACK<\/title>\n<meta name=\"robots\" content=\"index, follow, max-snippet:-1, max-image-preview:large, max-video-preview:-1\" \/>\n<link rel=\"canonical\" href=\"https:\/\/alfequipment.com\/es\/product\/jms130-acero-inoxidable-cuerpo-partido-coloidal-amoladora-y-la-nuez-industrial-coloidal-almendra-maquina-de-moler\/\" \/>\n<meta property=\"og:locale\" content=\"es_ES\" \/>\n<meta property=\"og:type\" content=\"article\" \/>\n<meta property=\"og:title\" content=\"JMS130 stainless steel split body colloid grinder and Industrial colloidal nut almond grinding machine\" \/>\n<meta property=\"og:description\" content=\"Jms-130 Hot Sale In European Stainless Steel Split-body Colloid Grinder\" \/>\n<meta property=\"og:url\" content=\"https:\/\/alfequipment.com\/es\/product\/jms130-acero-inoxidable-cuerpo-partido-coloidal-amoladora-y-la-nuez-industrial-coloidal-almendra-maquina-de-moler\/\" \/>\n<meta property=\"og:site_name\" content=\"ALF PACK\" \/>\n<meta property=\"article:modified_time\" content=\"2025-01-13T13:09:32+00:00\" \/>\n<meta property=\"og:image\" content=\"https:\/\/alfequipment.com\/wp-content\/uploads\/2025\/01\/JMS130-stainless-steel-split-body-colloid-grinder.jpg\" \/>\n\t<meta property=\"og:image:width\" content=\"800\" \/>\n\t<meta property=\"og:image:height\" content=\"800\" \/>\n\t<meta property=\"og:image:type\" content=\"image\/webp\" \/>\n<meta name=\"twitter:card\" content=\"summary_large_image\" \/>\n<meta name=\"twitter:label1\" content=\"Tiempo de lectura\" \/>\n\t<meta name=\"twitter:data1\" content=\"1 minuto\" \/>\n<script type=\"application\/ld+json\" class=\"yoast-schema-graph\">{\"@context\":\"https:\/\/schema.org\",\"@graph\":[{\"@type\":\"WebPage\",\"@id\":\"https:\/\/alfequipment.com\/product\/jms130-stainless-steel-split-body-colloid-grinder-and-industrial-colloidal-nut-almond-grinding-machine\/\",\"url\":\"https:\/\/alfequipment.com\/product\/jms130-stainless-steel-split-body-colloid-grinder-and-industrial-colloidal-nut-almond-grinding-machine\/\",\"name\":\"JMS130 stainless steel split body colloid grinder and Industrial colloidal nut almond grinding machine - ALF PACK\",\"isPartOf\":{\"@id\":\"https:\/\/alfequipment.com\/#website\"},\"primaryImageOfPage\":{\"@id\":\"https:\/\/alfequipment.com\/product\/jms130-stainless-steel-split-body-colloid-grinder-and-industrial-colloidal-nut-almond-grinding-machine\/#primaryimage\"},\"image\":{\"@id\":\"https:\/\/alfequipment.com\/product\/jms130-stainless-steel-split-body-colloid-grinder-and-industrial-colloidal-nut-almond-grinding-machine\/#primaryimage\"},\"thumbnailUrl\":\"https:\/\/alfequipment.com\/wp-content\/uploads\/2025\/01\/JMS130-stainless-steel-split-body-colloid-grinder.jpg\",\"datePublished\":\"2024-12-28T14:58:14+00:00\",\"dateModified\":\"2025-01-13T13:09:32+00:00\",\"breadcrumb\":{\"@id\":\"https:\/\/alfequipment.com\/product\/jms130-stainless-steel-split-body-colloid-grinder-and-industrial-colloidal-nut-almond-grinding-machine\/#breadcrumb\"},\"inLanguage\":\"es\",\"potentialAction\":[{\"@type\":\"ReadAction\",\"target\":[\"https:\/\/alfequipment.com\/product\/jms130-stainless-steel-split-body-colloid-grinder-and-industrial-colloidal-nut-almond-grinding-machine\/\"]}]},{\"@type\":\"ImageObject\",\"inLanguage\":\"es\",\"@id\":\"https:\/\/alfequipment.com\/product\/jms130-stainless-steel-split-body-colloid-grinder-and-industrial-colloidal-nut-almond-grinding-machine\/#primaryimage\",\"url\":\"https:\/\/alfequipment.com\/wp-content\/uploads\/2025\/01\/JMS130-stainless-steel-split-body-colloid-grinder.jpg\",\"contentUrl\":\"https:\/\/alfequipment.com\/wp-content\/uploads\/2025\/01\/JMS130-stainless-steel-split-body-colloid-grinder.jpg\",\"width\":800,\"height\":800},{\"@type\":\"BreadcrumbList\",\"@id\":\"https:\/\/alfequipment.com\/product\/jms130-stainless-steel-split-body-colloid-grinder-and-industrial-colloidal-nut-almond-grinding-machine\/#breadcrumb\",\"itemListElement\":[{\"@type\":\"ListItem\",\"position\":1,\"name\":\"Home\",\"item\":\"https:\/\/alfequipment.com\/\"},{\"@type\":\"ListItem\",\"position\":2,\"name\":\"Shop\",\"item\":\"https:\/\/alfequipment.com\/shop\/\"},{\"@type\":\"ListItem\",\"position\":3,\"name\":\"JMS130 stainless steel split body colloid grinder and Industrial colloidal nut almond grinding machine\"}]},{\"@type\":\"WebSite\",\"@id\":\"https:\/\/alfequipment.com\/#website\",\"url\":\"https:\/\/alfequipment.com\/\",\"name\":\"ALF PACK\",\"description\":\"\",\"publisher\":{\"@id\":\"https:\/\/alfequipment.com\/#organization\"},\"potentialAction\":[{\"@type\":\"SearchAction\",\"target\":{\"@type\":\"EntryPoint\",\"urlTemplate\":\"https:\/\/alfequipment.com\/?s={search_term_string}\"},\"query-input\":{\"@type\":\"PropertyValueSpecification\",\"valueRequired\":true,\"valueName\":\"search_term_string\"}}],\"inLanguage\":\"es\"},{\"@type\":\"Organization\",\"@id\":\"https:\/\/alfequipment.com\/#organization\",\"name\":\"ALF PACK\",\"url\":\"https:\/\/alfequipment.com\/\",\"logo\":{\"@type\":\"ImageObject\",\"inLanguage\":\"es\",\"@id\":\"https:\/\/alfequipment.com\/#\/schema\/logo\/image\/\",\"url\":\"https:\/\/alfequipment.com\/wp-content\/uploads\/2024\/11\/ALFlogo-2.webp\",\"contentUrl\":\"https:\/\/alfequipment.com\/wp-content\/uploads\/2024\/11\/ALFlogo-2.webp\",\"width\":758,\"height\":750,\"caption\":\"ALF PACK\"},\"image\":{\"@id\":\"https:\/\/alfequipment.com\/#\/schema\/logo\/image\/\"}}]}<\/script>\n<!-- \/ Yoast SEO Premium plugin. -->","yoast_head_json":{"title":"JMS130 acero inoxidable cuerpo partido coloidal amoladora y Industrial coloidal nuez almendra m\u00e1quina de moler - ALF PACK","robots":{"index":"index","follow":"follow","max-snippet":"max-snippet:-1","max-image-preview":"max-image-preview:large","max-video-preview":"max-video-preview:-1"},"canonical":"https:\/\/alfequipment.com\/es\/product\/jms130-acero-inoxidable-cuerpo-partido-coloidal-amoladora-y-la-nuez-industrial-coloidal-almendra-maquina-de-moler\/","og_locale":"es_ES","og_type":"article","og_title":"JMS130 stainless steel split body colloid grinder and Industrial colloidal nut almond grinding machine","og_description":"Jms-130 Hot Sale In European Stainless Steel Split-body Colloid Grinder","og_url":"https:\/\/alfequipment.com\/es\/product\/jms130-acero-inoxidable-cuerpo-partido-coloidal-amoladora-y-la-nuez-industrial-coloidal-almendra-maquina-de-moler\/","og_site_name":"ALF PACK","article_modified_time":"2025-01-13T13:09:32+00:00","og_image":[{"width":800,"height":800,"url":"https:\/\/alfequipment.com\/wp-content\/uploads\/2025\/01\/JMS130-stainless-steel-split-body-colloid-grinder.jpg","type":"image\/webp"}],"twitter_card":"summary_large_image","twitter_misc":{"Tiempo de lectura":"1 minuto"},"schema":{"@context":"https:\/\/schema.org","@graph":[{"@type":"WebPage","@id":"https:\/\/alfequipment.com\/product\/jms130-stainless-steel-split-body-colloid-grinder-and-industrial-colloidal-nut-almond-grinding-machine\/","url":"https:\/\/alfequipment.com\/product\/jms130-stainless-steel-split-body-colloid-grinder-and-industrial-colloidal-nut-almond-grinding-machine\/","name":"JMS130 acero inoxidable cuerpo partido coloidal amoladora y Industrial coloidal nuez almendra m\u00e1quina de moler - ALF PACK","isPartOf":{"@id":"https:\/\/alfequipment.com\/#website"},"primaryImageOfPage":{"@id":"https:\/\/alfequipment.com\/product\/jms130-stainless-steel-split-body-colloid-grinder-and-industrial-colloidal-nut-almond-grinding-machine\/#primaryimage"},"image":{"@id":"https:\/\/alfequipment.com\/product\/jms130-stainless-steel-split-body-colloid-grinder-and-industrial-colloidal-nut-almond-grinding-machine\/#primaryimage"},"thumbnailUrl":"https:\/\/alfequipment.com\/wp-content\/uploads\/2025\/01\/JMS130-stainless-steel-split-body-colloid-grinder.jpg","datePublished":"2024-12-28T14:58:14+00:00","dateModified":"2025-01-13T13:09:32+00:00","breadcrumb":{"@id":"https:\/\/alfequipment.com\/product\/jms130-stainless-steel-split-body-colloid-grinder-and-industrial-colloidal-nut-almond-grinding-machine\/#breadcrumb"},"inLanguage":"es","potentialAction":[{"@type":"ReadAction","target":["https:\/\/alfequipment.com\/product\/jms130-stainless-steel-split-body-colloid-grinder-and-industrial-colloidal-nut-almond-grinding-machine\/"]}]},{"@type":"ImageObject","inLanguage":"es","@id":"https:\/\/alfequipment.com\/product\/jms130-stainless-steel-split-body-colloid-grinder-and-industrial-colloidal-nut-almond-grinding-machine\/#primaryimage","url":"https:\/\/alfequipment.com\/wp-content\/uploads\/2025\/01\/JMS130-stainless-steel-split-body-colloid-grinder.jpg","contentUrl":"https:\/\/alfequipment.com\/wp-content\/uploads\/2025\/01\/JMS130-stainless-steel-split-body-colloid-grinder.jpg","width":800,"height":800},{"@type":"BreadcrumbList","@id":"https:\/\/alfequipment.com\/product\/jms130-stainless-steel-split-body-colloid-grinder-and-industrial-colloidal-nut-almond-grinding-machine\/#breadcrumb","itemListElement":[{"@type":"ListItem","position":1,"name":"Home","item":"https:\/\/alfequipment.com\/"},{"@type":"ListItem","position":2,"name":"Shop","item":"https:\/\/alfequipment.com\/shop\/"},{"@type":"ListItem","position":3,"name":"JMS130 stainless steel split body colloid grinder and Industrial colloidal nut almond grinding machine"}]},{"@type":"WebSite","@id":"https:\/\/alfequipment.com\/#website","url":"https:\/\/alfequipment.com\/","name":"PAQUETE ALF","description":"","publisher":{"@id":"https:\/\/alfequipment.com\/#organization"},"potentialAction":[{"@type":"SearchAction","target":{"@type":"EntryPoint","urlTemplate":"https:\/\/alfequipment.com\/?s={search_term_string}"},"query-input":{"@type":"PropertyValueSpecification","valueRequired":true,"valueName":"search_term_string"}}],"inLanguage":"es"},{"@type":"Organization","@id":"https:\/\/alfequipment.com\/#organization","name":"PAQUETE ALF","url":"https:\/\/alfequipment.com\/","logo":{"@type":"ImageObject","inLanguage":"es","@id":"https:\/\/alfequipment.com\/#\/schema\/logo\/image\/","url":"https:\/\/alfequipment.com\/wp-content\/uploads\/2024\/11\/ALFlogo-2.webp","contentUrl":"https:\/\/alfequipment.com\/wp-content\/uploads\/2024\/11\/ALFlogo-2.webp","width":758,"height":750,"caption":"ALF PACK"},"image":{"@id":"https:\/\/alfequipment.com\/#\/schema\/logo\/image\/"}}]}},"_links":{"self":[{"href":"https:\/\/alfequipment.com\/es\/wp-json\/wp\/v2\/product\/2986","targetHints":{"allow":["GET"]}}],"collection":[{"href":"https:\/\/alfequipment.com\/es\/wp-json\/wp\/v2\/product"}],"about":[{"href":"https:\/\/alfequipment.com\/es\/wp-json\/wp\/v2\/types\/product"}],"replies":[{"embeddable":true,"href":"https:\/\/alfequipment.com\/es\/wp-json\/wp\/v2\/comments?post=2986"}],"version-history":[{"count":0,"href":"https:\/\/alfequipment.com\/es\/wp-json\/wp\/v2\/product\/2986\/revisions"}],"wp:featuredmedia":[{"embeddable":true,"href":"https:\/\/alfequipment.com\/es\/wp-json\/wp\/v2\/media\/2806"}],"wp:attachment":[{"href":"https:\/\/alfequipment.com\/es\/wp-json\/wp\/v2\/media?parent=2986"}],"wp:term":[{"taxonomy":"product_brand","embeddable":true,"href":"https:\/\/alfequipment.com\/es\/wp-json\/wp\/v2\/product_brand?post=2986"},{"taxonomy":"product_cat","embeddable":true,"href":"https:\/\/alfequipment.com\/es\/wp-json\/wp\/v2\/product_cat?post=2986"},{"taxonomy":"product_tag","embeddable":true,"href":"https:\/\/alfequipment.com\/es\/wp-json\/wp\/v2\/product_tag?post=2986"}],"curies":[{"name":"wp","href":"https:\/\/api.w.org\/{rel}","templated":true}]}}