{"id":2997,"date":"2024-12-06T06:20:30","date_gmt":"2024-12-06T06:20:30","guid":{"rendered":"https:\/\/alfequipment.com\/product\/dxdk-800ii-automatic-granule-filling-and-packaging-machine-packager\/"},"modified":"2025-01-13T13:09:42","modified_gmt":"2025-01-13T13:09:42","slug":"dxdk-800ii-envasadora-automatica-de-granulos-envasadora","status":"publish","type":"product","link":"https:\/\/alfequipment.com\/es\/product\/dxdk-800ii-envasadora-automatica-de-granulos-envasadora\/","title":{"rendered":"DXDK-800II M\u00e1quina autom\u00e1tica de llenado y envasado de gr\u00e1nulos envasadora"},"content":{"rendered":"<p><span style=\"font-family: &quot;Times New Roman&quot;; font-size: 14px;\">La m\u00e1quina es adecuada para el envasado de todo tipo de s\u00f3lidos irregulares (granulares, piezas en polvo) y ung\u00fcentos, tales como detergente en polvo, caf\u00e9, t\u00e9, az\u00facar, cacahuetes, harina de avena y productos alimenticios, etc. Los procesos de fabricaci\u00f3n de bolsas, medici\u00f3n, llenado, sellado, corte y recuento se pueden hacer de forma autom\u00e1tica. Adem\u00e1s, esta m\u00e1quina puede envasar la bolsa en forma de M, que es muy popular en el mercado ahora. El material de envasado incluye varios tipos de laminaci\u00f3n de termosellado, tales como PET\/AL\/PE PET\/PE NYLON, etc.&nbsp;<\/span><\/p>\n<div id=\"ali-anchor-AliPostDhMb-t6kie\" style=\"padding-top: 8px;\" data-section=\"AliPostDhMb-t6kie\" data-section-title=\"Product Description\">\n<div style=\"padding: 10px 0;\">\n<p><span style=\"font-weight: bold; font-style: normal; font-size: 14px; line-height: normal; font-family: 'Times New Roman';\">Caracter\u00edsticas:<\/span><\/p>\n<p><span style=\"font-style: normal; font-weight: normal; font-size: 14px; line-height: normal; font-family: 'Times New Roman';\">1. Toda la cubierta de acero inoxidable cumple la norma GMP.&nbsp;<\/span><\/p>\n<p><span style=\"font-style: normal; font-weight: normal; font-size: 14px; line-height: normal; font-family: 'Times New Roman';\">2. Equipado con dispositivo anticontaminaci\u00f3n y antipolvo.&nbsp;<\/span><\/p>\n<p><span style=\"font-style: normal; font-weight: normal; font-size: 14px; line-height: normal; font-family: 'Times New Roman';\">3. Ajuste autom\u00e1tico del tama\u00f1o de la bolsa y del intervalo de llenado.&nbsp;<\/span><\/p>\n<p><span style=\"font-size: 14px;\"><span style=\"font-style: normal; font-weight: normal; line-height: normal; font-family: 'Times New Roman';\">4. Equipado con sistema de llenado de nitr\u00f3geno y aire. N<\/span><span style=\"font-style: normal; font-weight: normal; line-height: normal; font-family: 'Times New Roman';\">el generador de itr\u00f3geno es una opci\u00f3n<\/span><span style=\"font-style: normal; font-weight: normal; line-height: normal; font-family: 'Times New Roman'; color: #333333;\">.<\/span><span style=\"font-style: normal; font-weight: normal; line-height: normal; font-family: 'Times New Roman';\">El rango m\u00e1ximo de llenado es de 1000ML.&nbsp;<\/span><\/span><\/p>\n<p><span style=\"font-style: normal; font-weight: normal; font-size: 14px; line-height: normal; font-family: 'Times New Roman';\">5. La instalaci\u00f3n de la operaci\u00f3n es controlada por la computadora americana del intel, toda la funci\u00f3n se exhibe con la pantalla digital.&nbsp;<\/span><\/p>\n<p><span style=\"font-style: normal; font-weight: normal; font-size: 14px; line-height: normal; font-family: 'Times New Roman';\">6. Equipado con sistema de apertura f\u00e1cil.&nbsp;<\/span><\/p>\n<p><span style=\"font-style: normal; font-weight: normal; font-size: 14px; line-height: normal; font-family: 'Times New Roman';\">7. Impresora de cinta en color y cinta transportadora opcionales. &nbsp;<\/span><\/p>\n<p><span style=\"font-size: 14px;\">&nbsp;<\/span><\/p>\n<p><span style=\"font-size: 14px;\">&nbsp;<\/span><\/p>\n<table class=\"aliDataTable\" style=\"width: 423pt;\">\n<tbody>\n<tr style=\"height: 15.65pt;\" align=\"left\">\n<td style=\"width: 198pt;\" valign=\"top\">\n<p><span style=\"font-style: normal; font-weight: normal; font-size: 14px; line-height: normal;\">Modelo<\/span><\/p>\n<\/td>\n<td style=\"width: 225pt;\" valign=\"top\">\n<p><span style=\"font-style: normal; font-weight: normal; font-size: 14px; line-height: normal; font-family: 'Times New Roman';\">DXDK-800<\/span><\/p>\n<\/td>\n<\/tr>\n<tr style=\"height: 14.9pt;\" align=\"left\">\n<td valign=\"top\">\n<p><span style=\"font-style: normal; font-weight: normal; font-size: 14px; line-height: normal; font-family: 'Times New Roman';\">Tama\u00f1o de la bolsa<\/span><\/p>\n<\/td>\n<td valign=\"top\">\n<p><span style=\"font-size: 14px;\"><span style=\"font-style: normal; font-weight: normal; line-height: normal; font-family: 'Times New Roman';\">L<\/span><span style=\"font-style: normal; font-weight: normal; line-height: normal; font-family: 'Times New Roman';\">100~300mm<\/span><span style=\"font-style: normal; font-weight: normal; line-height: normal; font-family: 'Times New Roman';\">\/W<\/span><span style=\"font-style: normal; font-weight: normal; line-height: normal; font-family: 'Times New Roman';\">40~175mm<\/span><\/span><\/p>\n<\/td>\n<\/tr>\n<tr style=\"height: 15.65pt;\" align=\"left\">\n<td valign=\"top\">\n<p><span style=\"font-style: normal; font-weight: normal; font-size: 14px; line-height: normal; font-family: 'Times New Roman';\">Capacidad<\/span><\/p>\n<\/td>\n<td valign=\"top\">\n<p><span style=\"font-size: 14px;\"><span style=\"font-style: normal; font-weight: normal; line-height: normal; font-family: 'Times New Roman';\">28~60<\/span><span style=\"font-style: normal; font-weight: normal; line-height: normal; font-family: 'Times New Roman';\">bolsa\/min<\/span><\/span><\/p>\n<\/td>\n<\/tr>\n<tr style=\"height: 14.9pt;\" align=\"left\">\n<td valign=\"top\">\n<p><span style=\"font-style: normal; font-weight: normal; font-size: 14px; line-height: normal; font-family: 'Times New Roman';\">Gama de llenado<\/span><\/p>\n<\/td>\n<td valign=\"top\">\n<p><span style=\"font-size: 14px;\"><span style=\"font-style: normal; font-weight: normal; line-height: normal; font-family: 'Times New Roman';\">200~1400<\/span><span style=\"font-style: normal; font-weight: normal; line-height: normal; font-family: 'Times New Roman';\">ml<\/span><\/span><\/p>\n<\/td>\n<\/tr>\n<tr style=\"height: 15.65pt;\" align=\"left\">\n<td valign=\"top\">\n<p><span style=\"font-style: normal; font-weight: normal; font-size: 14px; line-height: normal; font-family: 'Times New Roman';\">Potencia&nbsp;<\/span><\/p>\n<\/td>\n<td valign=\"top\">\n<p><span style=\"font-style: normal; font-weight: normal; font-size: 14px; line-height: normal; font-family: 'Times New Roman';\">220V,<span style=\"font-family: 'Times New Roman';\">50 HZ<\/span>,<span style=\"font-family: 'Times New Roman';\">1,8 KW<\/span><\/span><\/p>\n<\/td>\n<\/tr>\n<tr style=\"height: 14.9pt;\" align=\"left\">\n<td valign=\"top\">\n<p><span style=\"font-style: normal; font-weight: normal; font-size: 14px; line-height: normal; font-family: 'Times New Roman';\">Peso<\/span><\/p>\n<\/td>\n<td valign=\"top\">\n<p><span style=\"font-style: normal; font-weight: normal; font-size: 14px; line-height: normal; font-family: 'Times New Roman';\">400 kg<\/span><\/p>\n<\/td>\n<\/tr>\n<tr style=\"height: 18.75pt;\" align=\"left\">\n<td valign=\"top\">\n<p><span style=\"font-style: normal; font-weight: normal; font-size: 14px; line-height: normal; font-family: 'Times New Roman';\">Dimensi\u00f3n(<span style=\"font-family: 'Times New Roman';\">L*AN*AL<\/span>)<\/span><\/p>\n<\/td>\n<td valign=\"top\">\n<p><span style=\"font-size: 14px;\"><span style=\"font-style: normal; font-weight: normal; line-height: normal; font-family: 'Times New Roman';\">1200*800*2000<\/span><span style=\"font-style: normal; font-weight: normal; line-height: normal; font-family: 'Times New Roman';\">mm(L*A*A)<\/span><\/span><\/p>\n<\/td>\n<\/tr>\n<\/tbody>\n<\/table>\n<p><span style=\"font-size: 14px;\">&nbsp;<\/span><\/p>\n<p><span style=\"font-size: 14px;\"><span style=\"font-style: normal; font-weight: normal; line-height: normal; font-family: 'Times New Roman';\">En funci\u00f3n de las propiedades del producto y de la gama de llenado<\/span><span style=\"font-style: normal; font-weight: normal; line-height: normal;\">.<\/span><\/span><\/p>\n<p>&nbsp;<\/p>\n<p><img decoding=\"async\" src=\"https:\/\/sc01.alicdn.com\/kf\/HTB1fcKgFVXXXXaQXpXXq6xXFXXXO\/64496\/HTB1fcKgFVXXXXaQXpXXq6xXFXXXO.jpg\" data-alt=\"DXDK-800II Automatic granule filling and packaging machine packager\" style=\"width: 195px; height: 233px;\" ori-width=\"284\" ori-height=\"326\" class=\"aligncenter\"><img decoding=\"async\" src=\"https:\/\/sc01.alicdn.com\/kf\/HTB1t9afFVXXXXcnXpXXq6xXFXXXb\/64496\/HTB1t9afFVXXXXcnXpXXq6xXFXXXb.jpg\" data-alt=\"DXDK-800II Automatic granule filling and packaging machine packager\" style=\"width: 338px; height: 233px;\" ori-width=\"413\" ori-height=\"256\" class=\"aligncenter\"><img decoding=\"async\" src=\"https:\/\/sc01.alicdn.com\/kf\/HTB1r9x.FVXXXXcHXVXXq6xXFXXXW\/64496\/HTB1r9x.FVXXXXcHXVXXq6xXFXXXW.jpg\" data-alt=\"DXDK-800II Automatic granule filling and packaging machine packager\" style=\"width: 269px; height: 234px;\" ori-width=\"405\" ori-height=\"324\" class=\"aligncenter\"><img decoding=\"async\" src=\"https:\/\/sc01.alicdn.com\/kf\/HTB1jFafFVXXXXXuXFXXq6xXFXXXq\/64496\/HTB1jFafFVXXXXXuXFXXq6xXFXXXq.jpg\" data-alt=\"DXDK-800II Automatic granule filling and packaging machine packager\" style=\"width: 264px; height: 233px;\" ori-width=\"436\" ori-height=\"281\" class=\"aligncenter\"><\/p>\n<\/p><\/div>\n<\/div>\n<p><\/p><\/p>","protected":false},"excerpt":{"rendered":"<p>M\u00e1quina autom\u00e1tica de llenado y envasado de gr\u00e1nulos Dxdk-800<\/p>","protected":false},"featured_media":2828,"comment_status":"closed","ping_status":"open","template":"","meta":[],"product_brand":[],"product_cat":[102],"product_tag":[],"class_list":{"0":"post-2997","1":"product","2":"type-product","3":"status-publish","4":"has-post-thumbnail","6":"product_cat-packaging-machines","8":"first","9":"instock","10":"sale","11":"purchasable","12":"product-type-simple"},"yoast_head":"<!-- This site is optimized with the Yoast SEO Premium plugin v20.9 (Yoast SEO v26.5) - https:\/\/yoast.com\/wordpress\/plugins\/seo\/ -->\n<title>DXDK-800II Automatic granule filling and packaging machine packager - ALF PACK<\/title>\n<meta name=\"robots\" content=\"index, follow, max-snippet:-1, max-image-preview:large, max-video-preview:-1\" \/>\n<link rel=\"canonical\" href=\"https:\/\/alfequipment.com\/es\/product\/dxdk-800ii-envasadora-automatica-de-granulos-envasadora\/\" \/>\n<meta property=\"og:locale\" content=\"es_ES\" \/>\n<meta property=\"og:type\" content=\"article\" \/>\n<meta property=\"og:title\" content=\"DXDK-800II Automatic granule filling and packaging machine packager\" \/>\n<meta property=\"og:description\" content=\"Dxdk-800 Automatic Granule Filling And Packaging Machine\" \/>\n<meta property=\"og:url\" content=\"https:\/\/alfequipment.com\/es\/product\/dxdk-800ii-envasadora-automatica-de-granulos-envasadora\/\" \/>\n<meta property=\"og:site_name\" content=\"ALF PACK\" \/>\n<meta property=\"article:modified_time\" content=\"2025-01-13T13:09:42+00:00\" \/>\n<meta property=\"og:image\" content=\"https:\/\/alfequipment.com\/wp-content\/uploads\/2025\/01\/DXDK-800II-Automatic-granule-filling-and-packaging.jpg\" \/>\n\t<meta property=\"og:image:width\" content=\"800\" \/>\n\t<meta property=\"og:image:height\" content=\"800\" \/>\n\t<meta property=\"og:image:type\" content=\"image\/webp\" \/>\n<meta name=\"twitter:card\" content=\"summary_large_image\" \/>\n<meta name=\"twitter:label1\" content=\"Tiempo de lectura\" \/>\n\t<meta name=\"twitter:data1\" content=\"2 minutos\" \/>\n<script type=\"application\/ld+json\" class=\"yoast-schema-graph\">{\"@context\":\"https:\/\/schema.org\",\"@graph\":[{\"@type\":\"WebPage\",\"@id\":\"https:\/\/alfequipment.com\/product\/dxdk-800ii-automatic-granule-filling-and-packaging-machine-packager\/\",\"url\":\"https:\/\/alfequipment.com\/product\/dxdk-800ii-automatic-granule-filling-and-packaging-machine-packager\/\",\"name\":\"DXDK-800II Automatic granule filling and packaging machine packager - ALF PACK\",\"isPartOf\":{\"@id\":\"https:\/\/alfequipment.com\/#website\"},\"primaryImageOfPage\":{\"@id\":\"https:\/\/alfequipment.com\/product\/dxdk-800ii-automatic-granule-filling-and-packaging-machine-packager\/#primaryimage\"},\"image\":{\"@id\":\"https:\/\/alfequipment.com\/product\/dxdk-800ii-automatic-granule-filling-and-packaging-machine-packager\/#primaryimage\"},\"thumbnailUrl\":\"https:\/\/alfequipment.com\/wp-content\/uploads\/2025\/01\/DXDK-800II-Automatic-granule-filling-and-packaging.jpg\",\"datePublished\":\"2024-12-06T06:20:30+00:00\",\"dateModified\":\"2025-01-13T13:09:42+00:00\",\"breadcrumb\":{\"@id\":\"https:\/\/alfequipment.com\/product\/dxdk-800ii-automatic-granule-filling-and-packaging-machine-packager\/#breadcrumb\"},\"inLanguage\":\"es\",\"potentialAction\":[{\"@type\":\"ReadAction\",\"target\":[\"https:\/\/alfequipment.com\/product\/dxdk-800ii-automatic-granule-filling-and-packaging-machine-packager\/\"]}]},{\"@type\":\"ImageObject\",\"inLanguage\":\"es\",\"@id\":\"https:\/\/alfequipment.com\/product\/dxdk-800ii-automatic-granule-filling-and-packaging-machine-packager\/#primaryimage\",\"url\":\"https:\/\/alfequipment.com\/wp-content\/uploads\/2025\/01\/DXDK-800II-Automatic-granule-filling-and-packaging.jpg\",\"contentUrl\":\"https:\/\/alfequipment.com\/wp-content\/uploads\/2025\/01\/DXDK-800II-Automatic-granule-filling-and-packaging.jpg\",\"width\":800,\"height\":800},{\"@type\":\"BreadcrumbList\",\"@id\":\"https:\/\/alfequipment.com\/product\/dxdk-800ii-automatic-granule-filling-and-packaging-machine-packager\/#breadcrumb\",\"itemListElement\":[{\"@type\":\"ListItem\",\"position\":1,\"name\":\"Home\",\"item\":\"https:\/\/alfequipment.com\/\"},{\"@type\":\"ListItem\",\"position\":2,\"name\":\"Shop\",\"item\":\"https:\/\/alfequipment.com\/shop\/\"},{\"@type\":\"ListItem\",\"position\":3,\"name\":\"DXDK-800II Automatic granule filling and packaging machine packager\"}]},{\"@type\":\"WebSite\",\"@id\":\"https:\/\/alfequipment.com\/#website\",\"url\":\"https:\/\/alfequipment.com\/\",\"name\":\"ALF PACK\",\"description\":\"\",\"publisher\":{\"@id\":\"https:\/\/alfequipment.com\/#organization\"},\"potentialAction\":[{\"@type\":\"SearchAction\",\"target\":{\"@type\":\"EntryPoint\",\"urlTemplate\":\"https:\/\/alfequipment.com\/?s={search_term_string}\"},\"query-input\":{\"@type\":\"PropertyValueSpecification\",\"valueRequired\":true,\"valueName\":\"search_term_string\"}}],\"inLanguage\":\"es\"},{\"@type\":\"Organization\",\"@id\":\"https:\/\/alfequipment.com\/#organization\",\"name\":\"ALF PACK\",\"url\":\"https:\/\/alfequipment.com\/\",\"logo\":{\"@type\":\"ImageObject\",\"inLanguage\":\"es\",\"@id\":\"https:\/\/alfequipment.com\/#\/schema\/logo\/image\/\",\"url\":\"https:\/\/alfequipment.com\/wp-content\/uploads\/2024\/11\/ALFlogo-2.webp\",\"contentUrl\":\"https:\/\/alfequipment.com\/wp-content\/uploads\/2024\/11\/ALFlogo-2.webp\",\"width\":758,\"height\":750,\"caption\":\"ALF PACK\"},\"image\":{\"@id\":\"https:\/\/alfequipment.com\/#\/schema\/logo\/image\/\"}}]}<\/script>\n<!-- \/ Yoast SEO Premium plugin. -->","yoast_head_json":{"title":"DXDK-800II Envasadora y llenadora autom\u00e1tica de gr\u00e1nulos - ALF PACK","robots":{"index":"index","follow":"follow","max-snippet":"max-snippet:-1","max-image-preview":"max-image-preview:large","max-video-preview":"max-video-preview:-1"},"canonical":"https:\/\/alfequipment.com\/es\/product\/dxdk-800ii-envasadora-automatica-de-granulos-envasadora\/","og_locale":"es_ES","og_type":"article","og_title":"DXDK-800II Automatic granule filling and packaging machine packager","og_description":"Dxdk-800 Automatic Granule Filling And Packaging Machine","og_url":"https:\/\/alfequipment.com\/es\/product\/dxdk-800ii-envasadora-automatica-de-granulos-envasadora\/","og_site_name":"ALF PACK","article_modified_time":"2025-01-13T13:09:42+00:00","og_image":[{"width":800,"height":800,"url":"https:\/\/alfequipment.com\/wp-content\/uploads\/2025\/01\/DXDK-800II-Automatic-granule-filling-and-packaging.jpg","type":"image\/webp"}],"twitter_card":"summary_large_image","twitter_misc":{"Tiempo de lectura":"2 minutos"},"schema":{"@context":"https:\/\/schema.org","@graph":[{"@type":"WebPage","@id":"https:\/\/alfequipment.com\/product\/dxdk-800ii-automatic-granule-filling-and-packaging-machine-packager\/","url":"https:\/\/alfequipment.com\/product\/dxdk-800ii-automatic-granule-filling-and-packaging-machine-packager\/","name":"DXDK-800II Envasadora y llenadora autom\u00e1tica de gr\u00e1nulos - ALF PACK","isPartOf":{"@id":"https:\/\/alfequipment.com\/#website"},"primaryImageOfPage":{"@id":"https:\/\/alfequipment.com\/product\/dxdk-800ii-automatic-granule-filling-and-packaging-machine-packager\/#primaryimage"},"image":{"@id":"https:\/\/alfequipment.com\/product\/dxdk-800ii-automatic-granule-filling-and-packaging-machine-packager\/#primaryimage"},"thumbnailUrl":"https:\/\/alfequipment.com\/wp-content\/uploads\/2025\/01\/DXDK-800II-Automatic-granule-filling-and-packaging.jpg","datePublished":"2024-12-06T06:20:30+00:00","dateModified":"2025-01-13T13:09:42+00:00","breadcrumb":{"@id":"https:\/\/alfequipment.com\/product\/dxdk-800ii-automatic-granule-filling-and-packaging-machine-packager\/#breadcrumb"},"inLanguage":"es","potentialAction":[{"@type":"ReadAction","target":["https:\/\/alfequipment.com\/product\/dxdk-800ii-automatic-granule-filling-and-packaging-machine-packager\/"]}]},{"@type":"ImageObject","inLanguage":"es","@id":"https:\/\/alfequipment.com\/product\/dxdk-800ii-automatic-granule-filling-and-packaging-machine-packager\/#primaryimage","url":"https:\/\/alfequipment.com\/wp-content\/uploads\/2025\/01\/DXDK-800II-Automatic-granule-filling-and-packaging.jpg","contentUrl":"https:\/\/alfequipment.com\/wp-content\/uploads\/2025\/01\/DXDK-800II-Automatic-granule-filling-and-packaging.jpg","width":800,"height":800},{"@type":"BreadcrumbList","@id":"https:\/\/alfequipment.com\/product\/dxdk-800ii-automatic-granule-filling-and-packaging-machine-packager\/#breadcrumb","itemListElement":[{"@type":"ListItem","position":1,"name":"Home","item":"https:\/\/alfequipment.com\/"},{"@type":"ListItem","position":2,"name":"Shop","item":"https:\/\/alfequipment.com\/shop\/"},{"@type":"ListItem","position":3,"name":"DXDK-800II Automatic granule filling and packaging machine packager"}]},{"@type":"WebSite","@id":"https:\/\/alfequipment.com\/#website","url":"https:\/\/alfequipment.com\/","name":"PAQUETE ALF","description":"","publisher":{"@id":"https:\/\/alfequipment.com\/#organization"},"potentialAction":[{"@type":"SearchAction","target":{"@type":"EntryPoint","urlTemplate":"https:\/\/alfequipment.com\/?s={search_term_string}"},"query-input":{"@type":"PropertyValueSpecification","valueRequired":true,"valueName":"search_term_string"}}],"inLanguage":"es"},{"@type":"Organization","@id":"https:\/\/alfequipment.com\/#organization","name":"PAQUETE ALF","url":"https:\/\/alfequipment.com\/","logo":{"@type":"ImageObject","inLanguage":"es","@id":"https:\/\/alfequipment.com\/#\/schema\/logo\/image\/","url":"https:\/\/alfequipment.com\/wp-content\/uploads\/2024\/11\/ALFlogo-2.webp","contentUrl":"https:\/\/alfequipment.com\/wp-content\/uploads\/2024\/11\/ALFlogo-2.webp","width":758,"height":750,"caption":"ALF PACK"},"image":{"@id":"https:\/\/alfequipment.com\/#\/schema\/logo\/image\/"}}]}},"_links":{"self":[{"href":"https:\/\/alfequipment.com\/es\/wp-json\/wp\/v2\/product\/2997","targetHints":{"allow":["GET"]}}],"collection":[{"href":"https:\/\/alfequipment.com\/es\/wp-json\/wp\/v2\/product"}],"about":[{"href":"https:\/\/alfequipment.com\/es\/wp-json\/wp\/v2\/types\/product"}],"replies":[{"embeddable":true,"href":"https:\/\/alfequipment.com\/es\/wp-json\/wp\/v2\/comments?post=2997"}],"version-history":[{"count":0,"href":"https:\/\/alfequipment.com\/es\/wp-json\/wp\/v2\/product\/2997\/revisions"}],"wp:featuredmedia":[{"embeddable":true,"href":"https:\/\/alfequipment.com\/es\/wp-json\/wp\/v2\/media\/2828"}],"wp:attachment":[{"href":"https:\/\/alfequipment.com\/es\/wp-json\/wp\/v2\/media?parent=2997"}],"wp:term":[{"taxonomy":"product_brand","embeddable":true,"href":"https:\/\/alfequipment.com\/es\/wp-json\/wp\/v2\/product_brand?post=2997"},{"taxonomy":"product_cat","embeddable":true,"href":"https:\/\/alfequipment.com\/es\/wp-json\/wp\/v2\/product_cat?post=2997"},{"taxonomy":"product_tag","embeddable":true,"href":"https:\/\/alfequipment.com\/es\/wp-json\/wp\/v2\/product_tag?post=2997"}],"curies":[{"name":"wp","href":"https:\/\/api.w.org\/{rel}","templated":true}]}}