{"id":3010,"date":"2024-12-25T10:17:06","date_gmt":"2024-12-25T10:17:06","guid":{"rendered":"https:\/\/alfequipment.com\/product\/cfd-series-fully-automatic-cup-filling-and-sealing-machine-for-four-cups-pneumatic-type-for-big-capacity\/"},"modified":"2025-01-13T13:09:48","modified_gmt":"2025-01-13T13:09:48","slug":"serie-cfd-maquina-totalmente-automatica-de-llenado-y-sellado-de-cuatro-tazas-de-tipo-neumatico-para-gran-capacidad","status":"publish","type":"product","link":"https:\/\/alfequipment.com\/es\/product\/serie-cfd-maquina-totalmente-automatica-de-llenado-y-sellado-de-cuatro-tazas-de-tipo-neumatico-para-gran-capacidad\/","title":{"rendered":"Serie CFD M\u00e1quina llenadora y selladora de vasos totalmente autom\u00e1tica (para cuatro vasos) Tipo neum\u00e1tico para gran capacidad"},"content":{"rendered":"<p><span style=\"font-size: 12pt;\">La m\u00e1quina autom\u00e1tica de llenado y sellado de vasos de la serie CFD se utiliza para llenar y sellar diversos vasos de pl\u00e1stico con productos l\u00edquidos o pastosos de flujo libre. Puede completar autom\u00e1ticamente el proceso de llenado, sellado, corte de pel\u00edcula, impresi\u00f3n de c\u00f3digos, esterilizaci\u00f3n con radiaci\u00f3n ultravioleta y ca\u00edda de vasos en una sola operaci\u00f3n. Tiene funci\u00f3n de regulaci\u00f3n autom\u00e1tica de la posici\u00f3n de la pel\u00edcula.<\/span><\/p>\n<p><span style=\"font-size: 12pt;\">&nbsp;<\/span><\/p>\n<p><span style=\"font-size: 12pt;\">La m\u00e1quina adopta el principio neum\u00e1tico y se aplica para una gran productividad. Famosa marca \"OMRON\" y \"AirTAC\" se aplican a los componentes el\u00e9ctricos y elementos neum\u00e1ticos.<\/span><\/p>\n<p><span style=\"font-size: 12pt;\">&nbsp;<\/span><\/p>\n<p><strong><span style=\"font-size: 12pt;\">Especificaci\u00f3n:<\/span><\/strong><\/p>\n<table class=\"aliDataTable\" style=\"width: 897px; height: 296px;\" border=\"0\" cellspacing=\"0\" cellpadding=\"0\">\n<tbody>\n<tr style=\"height: 14.25pt;\" align=\"center\">\n<td style=\"width: 81.75pt;\" align=\"left\">\n<p><span style=\"font-size: 12pt;\">Modelo<\/span><\/p>\n<\/td>\n<td style=\"width: 71.25pt;\">\n<p><span style=\"font-size: 12pt;\">CFD-2<\/span><\/p>\n<\/td>\n<td style=\"width: 72pt;\">\n<p><span style=\"font-size: 12pt;\">CFD-4<\/span><\/p>\n<\/td>\n<td style=\"width: 72pt;\">\n<p><span style=\"font-size: 12pt;\">CFD-6<\/span><\/p>\n<\/td>\n<td style=\"width: 68.6pt;\">\n<p><span style=\"font-size: 12pt;\">CFD-8<\/span><\/p>\n<\/td>\n<td style=\"width: 75.4pt;\">\n<p><span style=\"font-size: 12pt;\">CFD-16<\/span><\/p>\n<\/td>\n<\/tr>\n<tr style=\"height: 14.25pt;\" align=\"left\">\n<td>\n<p><span style=\"font-size: 12pt;\">Alimentaci\u00f3n<\/span><\/p>\n<\/td>\n<td style=\"width: 359.25pt;\" colspan=\"5\" align=\"center\">\n<p><span style=\"font-size: 12pt;\">380V\/50-60HZ<\/span><\/p>\n<\/td>\n<\/tr>\n<tr style=\"height: 14.25pt;\" align=\"center\">\n<td align=\"left\">\n<p><span style=\"font-size: 12pt;\">Potencia<\/span><\/p>\n<\/td>\n<td>\n<p><span style=\"font-size: 12pt;\">3,5 kW<\/span><\/p>\n<\/td>\n<td>\n<p><span style=\"font-size: 12pt;\">3,5 kW<\/span><\/p>\n<\/td>\n<td>\n<p><span style=\"font-size: 12pt;\">3,5 kW<\/span><\/p>\n<\/td>\n<td>\n<p><span style=\"font-size: 12pt;\">4,5 kW<\/span><\/p>\n<\/td>\n<td>\n<p><span style=\"font-size: 12pt;\">6,5 kW<\/span><\/p>\n<\/td>\n<\/tr>\n<tr style=\"height: 14.25pt;\" align=\"center\">\n<td align=\"left\">\n<p><span style=\"font-size: 12pt;\">Gama de llenado<\/span><\/p>\n<\/td>\n<td>\n<p><span style=\"font-size: 12pt;\">100-500 ml<\/span><\/p>\n<\/td>\n<td style=\"width: 288pt;\" colspan=\"4\">\n<p><span style=\"font-size: 12pt;\">100-250 ml<\/span><\/p>\n<\/td>\n<\/tr>\n<tr style=\"height: 14.25pt;\" align=\"center\">\n<td align=\"left\">\n<p><span style=\"font-size: 12pt;\">Capacidad<\/span><\/p>\n<\/td>\n<td>\n<p><span style=\"font-size: 12pt;\">1800-2200 tazas\/hora<\/span><\/p>\n<\/td>\n<td>\n<p><span style=\"font-size: 12pt;\">3500-4500 tazas\/hora<\/span><\/p>\n<\/td>\n<td>\n<p><span style=\"font-size: 12pt;\">5000-6500 tazas\/hora<\/span><\/p>\n<\/td>\n<td>\n<p><span style=\"font-size: 12pt;\">7000-9000 tazas\/hora<\/span><\/p>\n<\/td>\n<td>\n<p><span style=\"font-size: 12pt;\">14000-16000 tazas\/hora<\/span><\/p>\n<\/td>\n<\/tr>\n<tr style=\"height: 14.25pt;\" align=\"center\">\n<td align=\"left\">\n<p><span style=\"font-size: 12pt;\">Suministro de aire<\/span><\/p>\n<\/td>\n<td>\n<p><span style=\"font-size: 12pt;\">0,4 m3\/min<\/span><\/p>\n<\/td>\n<td>\n<p><span style=\"font-size: 12pt;\">0,4 m3\/min<\/span><\/p>\n<\/td>\n<td>\n<p><span style=\"font-size: 12pt;\">0,5 m3\/min<\/span><\/p>\n<\/td>\n<td>\n<p><span style=\"font-size: 12pt;\">0,6 m3\/min<\/span><\/p>\n<\/td>\n<td>\n<p><span style=\"font-size: 12pt;\">0,8 m3\/min<\/span><\/p>\n<\/td>\n<\/tr>\n<tr style=\"height: 14.25pt;\" align=\"center\">\n<td align=\"left\">\n<p><span style=\"font-size: 12pt;\">Dimensi\u00f3n<\/span><\/p>\n<\/td>\n<td>\n<p><span style=\"font-size: 12pt;\">260*70*175cm<\/span><\/p>\n<\/td>\n<td>\n<p><span style=\"font-size: 12pt;\">315*90*175cm<\/span><\/p>\n<\/td>\n<td>\n<p><span style=\"font-size: 12pt;\">315*115*175cm<\/span><\/p>\n<\/td>\n<td>\n<p><span style=\"font-size: 12pt;\">395*130*175 cm<\/span><\/p>\n<\/td>\n<td>\n<p><span style=\"font-size: 12pt;\">520*130*175cm<\/span><\/p>\n<\/td>\n<\/tr>\n<tr style=\"height: 14.25pt;\" align=\"center\">\n<td align=\"left\">\n<p><span style=\"font-size: 12pt;\">Peso<\/span><\/p>\n<\/td>\n<td>\n<p><span style=\"font-size: 12pt;\">500 kg<\/span><\/p>\n<\/td>\n<td>\n<p><span style=\"font-size: 12pt;\">700kgs<\/span><\/p>\n<\/td>\n<td>\n<p><span style=\"font-size: 12pt;\">800kgs<\/span><\/p>\n<\/td>\n<td>\n<p><span style=\"font-size: 12pt;\">1000kgs<\/span><\/p>\n<\/td>\n<td>\n<p><span style=\"font-size: 12pt;\">1300kgs<\/span><\/p>\n<\/td>\n<\/tr>\n<\/tbody>\n<\/table>\n<p>&nbsp;<\/p>\n<p><img decoding=\"async\" src=\"https:\/\/sc02.alicdn.com\/kf\/HTB1qyqKFVXXXXbJXFXXq6xXFXXXY\/64496\/HTB1qyqKFVXXXXbJXFXXq6xXFXXXY.jpg\" data-alt=\"CFD Series Fully Automatic Cup Filling and Sealing Machine (For Four cups) Pneumatic type for big capacity\" style=\"width: 518px; height: 389px;\" ori-width=\"800\" ori-height=\"600\" class=\"aligncenter\"><img decoding=\"async\" src=\"https:\/\/sc02.alicdn.com\/kf\/HTB1.tuRFVXXXXbHXXXXq6xXFXXXF\/64496\/HTB1.tuRFVXXXXbHXXXXq6xXFXXXF.jpg\" data-alt=\"CFD Series Fully Automatic Cup Filling and Sealing Machine (For Four cups) Pneumatic type for big capacity\" style=\"width: 519px; height: 389px;\" ori-width=\"800\" ori-height=\"600\" class=\"aligncenter\"><img decoding=\"async\" src=\"https:\/\/sc02.alicdn.com\/kf\/HTB14VSKFVXXXXb_XFXXq6xXFXXXe\/64496\/HTB14VSKFVXXXXb_XFXXq6xXFXXXe.jpg\" data-alt=\"CFD Series Fully Automatic Cup Filling and Sealing Machine (For Four cups) Pneumatic type for big capacity\" style=\"width: 519px; height: 389px;\" ori-width=\"800\" ori-height=\"600\" class=\"aligncenter\"><img decoding=\"async\" src=\"https:\/\/sc02.alicdn.com\/kf\/HTB1YpOLFVXXXXccXpXXq6xXFXXX0\/64496\/HTB1YpOLFVXXXXccXpXXq6xXFXXX0.jpg\" data-alt=\"CFD Series Fully Automatic Cup Filling and Sealing Machine (For Four cups) Pneumatic type for big capacity\" style=\"width: 518px; height: 388px;\" ori-width=\"800\" ori-height=\"600\" class=\"aligncenter\"><img decoding=\"async\" src=\"https:\/\/sc01.alicdn.com\/kf\/HTB11ieSFVXXXXXcXXXXq6xXFXXXU\/64496\/HTB11ieSFVXXXXXcXXXXq6xXFXXXU.jpg\" data-alt=\"CFD Series Fully Automatic Cup Filling and Sealing Machine (For Four cups) Pneumatic type for big capacity\" style=\"width: 519px; height: 389px;\" ori-width=\"800\" ori-height=\"600\" class=\"aligncenter\"><\/p>\n<div id=\"ali-anchor-packaging\" style=\"margin-top: 15px; height: auto;\" data-section=\"packaging\">&nbsp; &nbsp;<\/div><\/p>","protected":false},"excerpt":{"rendered":"<p>Serie Cfd M\u00e1quina llenadora y selladora de vasos completamente autom\u00e1tica (para cuatro vasos) Tipo neum\u00e1tico para gran capacidad<\/p>","protected":false},"featured_media":2854,"comment_status":"closed","ping_status":"open","template":"","meta":[],"product_brand":[],"product_cat":[101],"product_tag":[],"class_list":{"0":"post-3010","1":"product","2":"type-product","3":"status-publish","4":"has-post-thumbnail","6":"product_cat-filling-machines","8":"first","9":"instock","10":"sale","11":"purchasable","12":"product-type-simple"},"yoast_head":"<!-- This site is optimized with the Yoast SEO Premium plugin v20.9 (Yoast SEO v26.5) - https:\/\/yoast.com\/wordpress\/plugins\/seo\/ -->\n<title>CFD Series Fully Automatic Cup Filling and Sealing Machine (For Four cups) Pneumatic type for big capacity - ALF PACK<\/title>\n<meta name=\"robots\" content=\"index, follow, max-snippet:-1, max-image-preview:large, max-video-preview:-1\" \/>\n<link rel=\"canonical\" href=\"https:\/\/alfequipment.com\/es\/product\/serie-cfd-maquina-totalmente-automatica-de-llenado-y-sellado-de-cuatro-tazas-de-tipo-neumatico-para-gran-capacidad\/\" \/>\n<meta property=\"og:locale\" content=\"es_ES\" \/>\n<meta property=\"og:type\" content=\"article\" \/>\n<meta property=\"og:title\" content=\"CFD Series Fully Automatic Cup Filling and Sealing Machine (For Four cups) Pneumatic type for big capacity\" \/>\n<meta property=\"og:description\" content=\"Cfd Series Fully Automatic Cup Filling And Sealing Machine (for Four Cups) Pneumatic Type For Big Capacity\" \/>\n<meta property=\"og:url\" content=\"https:\/\/alfequipment.com\/es\/product\/serie-cfd-maquina-totalmente-automatica-de-llenado-y-sellado-de-cuatro-tazas-de-tipo-neumatico-para-gran-capacidad\/\" \/>\n<meta property=\"og:site_name\" content=\"ALF PACK\" \/>\n<meta property=\"article:modified_time\" content=\"2025-01-13T13:09:48+00:00\" \/>\n<meta property=\"og:image\" content=\"https:\/\/alfequipment.com\/wp-content\/uploads\/2025\/01\/CFD-Series-Fully-Automatic-Cup-Filling-and.jpg\" \/>\n\t<meta property=\"og:image:width\" content=\"800\" \/>\n\t<meta property=\"og:image:height\" content=\"800\" \/>\n\t<meta property=\"og:image:type\" content=\"image\/webp\" \/>\n<meta name=\"twitter:card\" content=\"summary_large_image\" \/>\n<meta name=\"twitter:label1\" content=\"Tiempo de lectura\" \/>\n\t<meta name=\"twitter:data1\" content=\"1 minuto\" \/>\n<script type=\"application\/ld+json\" class=\"yoast-schema-graph\">{\"@context\":\"https:\/\/schema.org\",\"@graph\":[{\"@type\":\"WebPage\",\"@id\":\"https:\/\/alfequipment.com\/product\/cfd-series-fully-automatic-cup-filling-and-sealing-machine-for-four-cups-pneumatic-type-for-big-capacity\/\",\"url\":\"https:\/\/alfequipment.com\/product\/cfd-series-fully-automatic-cup-filling-and-sealing-machine-for-four-cups-pneumatic-type-for-big-capacity\/\",\"name\":\"CFD Series Fully Automatic Cup Filling and Sealing Machine (For Four cups) Pneumatic type for big capacity - ALF PACK\",\"isPartOf\":{\"@id\":\"https:\/\/alfequipment.com\/#website\"},\"primaryImageOfPage\":{\"@id\":\"https:\/\/alfequipment.com\/product\/cfd-series-fully-automatic-cup-filling-and-sealing-machine-for-four-cups-pneumatic-type-for-big-capacity\/#primaryimage\"},\"image\":{\"@id\":\"https:\/\/alfequipment.com\/product\/cfd-series-fully-automatic-cup-filling-and-sealing-machine-for-four-cups-pneumatic-type-for-big-capacity\/#primaryimage\"},\"thumbnailUrl\":\"https:\/\/alfequipment.com\/wp-content\/uploads\/2025\/01\/CFD-Series-Fully-Automatic-Cup-Filling-and.jpg\",\"datePublished\":\"2024-12-25T10:17:06+00:00\",\"dateModified\":\"2025-01-13T13:09:48+00:00\",\"breadcrumb\":{\"@id\":\"https:\/\/alfequipment.com\/product\/cfd-series-fully-automatic-cup-filling-and-sealing-machine-for-four-cups-pneumatic-type-for-big-capacity\/#breadcrumb\"},\"inLanguage\":\"es\",\"potentialAction\":[{\"@type\":\"ReadAction\",\"target\":[\"https:\/\/alfequipment.com\/product\/cfd-series-fully-automatic-cup-filling-and-sealing-machine-for-four-cups-pneumatic-type-for-big-capacity\/\"]}]},{\"@type\":\"ImageObject\",\"inLanguage\":\"es\",\"@id\":\"https:\/\/alfequipment.com\/product\/cfd-series-fully-automatic-cup-filling-and-sealing-machine-for-four-cups-pneumatic-type-for-big-capacity\/#primaryimage\",\"url\":\"https:\/\/alfequipment.com\/wp-content\/uploads\/2025\/01\/CFD-Series-Fully-Automatic-Cup-Filling-and.jpg\",\"contentUrl\":\"https:\/\/alfequipment.com\/wp-content\/uploads\/2025\/01\/CFD-Series-Fully-Automatic-Cup-Filling-and.jpg\",\"width\":800,\"height\":800},{\"@type\":\"BreadcrumbList\",\"@id\":\"https:\/\/alfequipment.com\/product\/cfd-series-fully-automatic-cup-filling-and-sealing-machine-for-four-cups-pneumatic-type-for-big-capacity\/#breadcrumb\",\"itemListElement\":[{\"@type\":\"ListItem\",\"position\":1,\"name\":\"Home\",\"item\":\"https:\/\/alfequipment.com\/\"},{\"@type\":\"ListItem\",\"position\":2,\"name\":\"Shop\",\"item\":\"https:\/\/alfequipment.com\/shop\/\"},{\"@type\":\"ListItem\",\"position\":3,\"name\":\"CFD Series Fully Automatic Cup Filling and Sealing Machine (For Four cups) Pneumatic type for big capacity\"}]},{\"@type\":\"WebSite\",\"@id\":\"https:\/\/alfequipment.com\/#website\",\"url\":\"https:\/\/alfequipment.com\/\",\"name\":\"ALF PACK\",\"description\":\"\",\"publisher\":{\"@id\":\"https:\/\/alfequipment.com\/#organization\"},\"potentialAction\":[{\"@type\":\"SearchAction\",\"target\":{\"@type\":\"EntryPoint\",\"urlTemplate\":\"https:\/\/alfequipment.com\/?s={search_term_string}\"},\"query-input\":{\"@type\":\"PropertyValueSpecification\",\"valueRequired\":true,\"valueName\":\"search_term_string\"}}],\"inLanguage\":\"es\"},{\"@type\":\"Organization\",\"@id\":\"https:\/\/alfequipment.com\/#organization\",\"name\":\"ALF PACK\",\"url\":\"https:\/\/alfequipment.com\/\",\"logo\":{\"@type\":\"ImageObject\",\"inLanguage\":\"es\",\"@id\":\"https:\/\/alfequipment.com\/#\/schema\/logo\/image\/\",\"url\":\"https:\/\/alfequipment.com\/wp-content\/uploads\/2024\/11\/ALFlogo-2.webp\",\"contentUrl\":\"https:\/\/alfequipment.com\/wp-content\/uploads\/2024\/11\/ALFlogo-2.webp\",\"width\":758,\"height\":750,\"caption\":\"ALF PACK\"},\"image\":{\"@id\":\"https:\/\/alfequipment.com\/#\/schema\/logo\/image\/\"}}]}<\/script>\n<!-- \/ Yoast SEO Premium plugin. -->","yoast_head_json":{"title":"Serie CFD M\u00e1quina autom\u00e1tica de llenado y sellado de vasos (para cuatro vasos) Tipo neum\u00e1tico para gran capacidad - ALF PACK","robots":{"index":"index","follow":"follow","max-snippet":"max-snippet:-1","max-image-preview":"max-image-preview:large","max-video-preview":"max-video-preview:-1"},"canonical":"https:\/\/alfequipment.com\/es\/product\/serie-cfd-maquina-totalmente-automatica-de-llenado-y-sellado-de-cuatro-tazas-de-tipo-neumatico-para-gran-capacidad\/","og_locale":"es_ES","og_type":"article","og_title":"CFD Series Fully Automatic Cup Filling and Sealing Machine (For Four cups) Pneumatic type for big capacity","og_description":"Cfd Series Fully Automatic Cup Filling And Sealing Machine (for Four Cups) Pneumatic Type For Big Capacity","og_url":"https:\/\/alfequipment.com\/es\/product\/serie-cfd-maquina-totalmente-automatica-de-llenado-y-sellado-de-cuatro-tazas-de-tipo-neumatico-para-gran-capacidad\/","og_site_name":"ALF PACK","article_modified_time":"2025-01-13T13:09:48+00:00","og_image":[{"width":800,"height":800,"url":"https:\/\/alfequipment.com\/wp-content\/uploads\/2025\/01\/CFD-Series-Fully-Automatic-Cup-Filling-and.jpg","type":"image\/webp"}],"twitter_card":"summary_large_image","twitter_misc":{"Tiempo de lectura":"1 minuto"},"schema":{"@context":"https:\/\/schema.org","@graph":[{"@type":"WebPage","@id":"https:\/\/alfequipment.com\/product\/cfd-series-fully-automatic-cup-filling-and-sealing-machine-for-four-cups-pneumatic-type-for-big-capacity\/","url":"https:\/\/alfequipment.com\/product\/cfd-series-fully-automatic-cup-filling-and-sealing-machine-for-four-cups-pneumatic-type-for-big-capacity\/","name":"Serie CFD M\u00e1quina autom\u00e1tica de llenado y sellado de vasos (para cuatro vasos) Tipo neum\u00e1tico para gran capacidad - ALF PACK","isPartOf":{"@id":"https:\/\/alfequipment.com\/#website"},"primaryImageOfPage":{"@id":"https:\/\/alfequipment.com\/product\/cfd-series-fully-automatic-cup-filling-and-sealing-machine-for-four-cups-pneumatic-type-for-big-capacity\/#primaryimage"},"image":{"@id":"https:\/\/alfequipment.com\/product\/cfd-series-fully-automatic-cup-filling-and-sealing-machine-for-four-cups-pneumatic-type-for-big-capacity\/#primaryimage"},"thumbnailUrl":"https:\/\/alfequipment.com\/wp-content\/uploads\/2025\/01\/CFD-Series-Fully-Automatic-Cup-Filling-and.jpg","datePublished":"2024-12-25T10:17:06+00:00","dateModified":"2025-01-13T13:09:48+00:00","breadcrumb":{"@id":"https:\/\/alfequipment.com\/product\/cfd-series-fully-automatic-cup-filling-and-sealing-machine-for-four-cups-pneumatic-type-for-big-capacity\/#breadcrumb"},"inLanguage":"es","potentialAction":[{"@type":"ReadAction","target":["https:\/\/alfequipment.com\/product\/cfd-series-fully-automatic-cup-filling-and-sealing-machine-for-four-cups-pneumatic-type-for-big-capacity\/"]}]},{"@type":"ImageObject","inLanguage":"es","@id":"https:\/\/alfequipment.com\/product\/cfd-series-fully-automatic-cup-filling-and-sealing-machine-for-four-cups-pneumatic-type-for-big-capacity\/#primaryimage","url":"https:\/\/alfequipment.com\/wp-content\/uploads\/2025\/01\/CFD-Series-Fully-Automatic-Cup-Filling-and.jpg","contentUrl":"https:\/\/alfequipment.com\/wp-content\/uploads\/2025\/01\/CFD-Series-Fully-Automatic-Cup-Filling-and.jpg","width":800,"height":800},{"@type":"BreadcrumbList","@id":"https:\/\/alfequipment.com\/product\/cfd-series-fully-automatic-cup-filling-and-sealing-machine-for-four-cups-pneumatic-type-for-big-capacity\/#breadcrumb","itemListElement":[{"@type":"ListItem","position":1,"name":"Home","item":"https:\/\/alfequipment.com\/"},{"@type":"ListItem","position":2,"name":"Shop","item":"https:\/\/alfequipment.com\/shop\/"},{"@type":"ListItem","position":3,"name":"CFD Series Fully Automatic Cup Filling and Sealing Machine (For Four cups) Pneumatic type for big capacity"}]},{"@type":"WebSite","@id":"https:\/\/alfequipment.com\/#website","url":"https:\/\/alfequipment.com\/","name":"PAQUETE ALF","description":"","publisher":{"@id":"https:\/\/alfequipment.com\/#organization"},"potentialAction":[{"@type":"SearchAction","target":{"@type":"EntryPoint","urlTemplate":"https:\/\/alfequipment.com\/?s={search_term_string}"},"query-input":{"@type":"PropertyValueSpecification","valueRequired":true,"valueName":"search_term_string"}}],"inLanguage":"es"},{"@type":"Organization","@id":"https:\/\/alfequipment.com\/#organization","name":"PAQUETE ALF","url":"https:\/\/alfequipment.com\/","logo":{"@type":"ImageObject","inLanguage":"es","@id":"https:\/\/alfequipment.com\/#\/schema\/logo\/image\/","url":"https:\/\/alfequipment.com\/wp-content\/uploads\/2024\/11\/ALFlogo-2.webp","contentUrl":"https:\/\/alfequipment.com\/wp-content\/uploads\/2024\/11\/ALFlogo-2.webp","width":758,"height":750,"caption":"ALF PACK"},"image":{"@id":"https:\/\/alfequipment.com\/#\/schema\/logo\/image\/"}}]}},"_links":{"self":[{"href":"https:\/\/alfequipment.com\/es\/wp-json\/wp\/v2\/product\/3010","targetHints":{"allow":["GET"]}}],"collection":[{"href":"https:\/\/alfequipment.com\/es\/wp-json\/wp\/v2\/product"}],"about":[{"href":"https:\/\/alfequipment.com\/es\/wp-json\/wp\/v2\/types\/product"}],"replies":[{"embeddable":true,"href":"https:\/\/alfequipment.com\/es\/wp-json\/wp\/v2\/comments?post=3010"}],"version-history":[{"count":0,"href":"https:\/\/alfequipment.com\/es\/wp-json\/wp\/v2\/product\/3010\/revisions"}],"wp:featuredmedia":[{"embeddable":true,"href":"https:\/\/alfequipment.com\/es\/wp-json\/wp\/v2\/media\/2854"}],"wp:attachment":[{"href":"https:\/\/alfequipment.com\/es\/wp-json\/wp\/v2\/media?parent=3010"}],"wp:term":[{"taxonomy":"product_brand","embeddable":true,"href":"https:\/\/alfequipment.com\/es\/wp-json\/wp\/v2\/product_brand?post=3010"},{"taxonomy":"product_cat","embeddable":true,"href":"https:\/\/alfequipment.com\/es\/wp-json\/wp\/v2\/product_cat?post=3010"},{"taxonomy":"product_tag","embeddable":true,"href":"https:\/\/alfequipment.com\/es\/wp-json\/wp\/v2\/product_tag?post=3010"}],"curies":[{"name":"wp","href":"https:\/\/api.w.org\/{rel}","templated":true}]}}