{"id":3012,"date":"2024-12-31T10:47:07","date_gmt":"2024-12-31T10:47:07","guid":{"rendered":"https:\/\/alfequipment.com\/product\/bg48s-automatic-milk-bottle-filling-and-sealing-machine-foil-cut-form-seal-in-one-timesave-foil-device\/"},"modified":"2025-01-13T13:09:49","modified_gmt":"2025-01-13T13:09:49","slug":"bg48s-maquina-automatica-de-llenado-y-sellado-de-botellas-de-leche-lamina-de-corte-forma-de-sellado-en-un-dispositivo-de-lamina-timesave","status":"publish","type":"product","link":"https:\/\/alfequipment.com\/es\/product\/bg48s-maquina-automatica-de-llenado-y-sellado-de-botellas-de-leche-lamina-de-corte-forma-de-sellado-en-un-dispositivo-de-lamina-timesave\/","title":{"rendered":"BG48S M\u00e1quina autom\u00e1tica de llenado y sellado de botellas de leche L\u00e1mina de corte-formado-sellado en una sola vez,ahorro de dispositivo de l\u00e1mina"},"content":{"rendered":"<div id=\"ali-anchor-description\" data-section=\"description\">\n<div id=\"ali-anchor-AliPostDhMb-65dwz\" style=\"padding-top: 8px;\" data-section=\"AliPostDhMb-65dwz\" data-section-title=\"Product Description\">\n<div style=\"padding: 10px 0;\"><span style=\"font-family: Verdana, Arial, Helvetica, sans-serif;\">1. Esta serie se utiliza ampliamente en diversos tipos de vasos de pl\u00e1stico para el llenado y sellado de l\u00edquidos.<\/span><\/div>\n<\/div>\n<p>2.Puede terminar autom\u00e1ticamente el proceso de llenado, sellado, corte, impresi\u00f3n del c\u00f3digo, esterilizaci\u00f3n en radiaci\u00f3n ultravioleta y ca\u00edda de la copa, etc.<\/p>\n<p>3.In Adem\u00e1s, se puede personalizar que de acuerdo a sus necesidades especiales.<\/p>\n<p>&nbsp;<\/p>\n<p><span style=\"font-size: 16px;\">&nbsp;<span style=\"line-height: 18px; font-family: Verdana, Arial, Helvetica, sans-serif;\">Especificaci\u00f3n:<\/span><\/span><\/p>\n<table class=\"aliDataTable\" border=\"0\" cellspacing=\"0\" cellpadding=\"0\">\n<tbody>\n<tr style=\"height: 14.25pt;\" align=\"left\">\n<td style=\"width: 125pt;\">\n<p><span style=\"font-size: 12pt;\">Modelo<\/span><\/p>\n<\/td>\n<td style=\"width: 203pt;\">\n<p><span style=\"font-size: 12pt;\">BG48S<\/span><\/p>\n<\/td>\n<\/tr>\n<tr style=\"height: 14.25pt;\" align=\"left\">\n<td>\n<p><span style=\"font-size: 12pt;\">Fuente de energ\u00eda<\/span><\/p>\n<\/td>\n<td>\n<p><span style=\"font-size: 12pt;\">220V\/50HZ 2,5KW<\/span><\/p>\n<\/td>\n<\/tr>\n<tr style=\"height: 14.25pt;\" align=\"left\">\n<td>\n<p><span style=\"font-size: 12pt;\">Gama de llenado<\/span><\/p>\n<\/td>\n<td>\n<p><span style=\"font-size: 12pt;\">100-250 ml, 250-500 ml<\/span><\/p>\n<\/td>\n<\/tr>\n<tr style=\"height: 14.25pt;\" align=\"left\">\n<td>\n<p><span style=\"font-size: 12pt;\">Capacidad<\/span><\/p>\n<\/td>\n<td>\n<p><span style=\"font-size: 12pt;\">2500 botellas\/hora<\/span><\/p>\n<\/td>\n<\/tr>\n<tr style=\"height: 14.25pt;\" align=\"left\">\n<td>\n<p><span style=\"font-size: 12pt;\">Temperatura<\/span><\/p>\n<\/td>\n<td>\n<p><span style=\"font-size: 12pt;\">0-300<\/span><span style=\"font-style: normal; font-weight: normal; font-size: 12pt; line-height: normal;\">\u00b0C<\/span><\/p>\n<\/td>\n<\/tr>\n<tr style=\"height: 14.25pt;\" align=\"left\">\n<td>\n<p><span style=\"font-size: 12pt;\">Material de la junta<\/span><\/p>\n<\/td>\n<td>\n<p><span style=\"font-size: 12pt;\">PE\/ALUM<\/span><\/p>\n<\/td>\n<\/tr>\n<tr style=\"height: 14.25pt;\" align=\"left\">\n<td>\n<p><span style=\"font-size: 12pt;\">Dimensi\u00f3n<\/span><\/p>\n<\/td>\n<td>\n<p><span style=\"font-size: 12pt;\">2150*700*1550 mm<\/span><\/p>\n<\/td>\n<\/tr>\n<tr style=\"height: 14.25pt;\" align=\"left\">\n<td>\n<p><span style=\"font-size: 12pt;\">Peso<\/span><\/p>\n<\/td>\n<td>\n<p><span style=\"font-size: 12pt;\">400kgs<\/span><\/p>\n<\/td>\n<\/tr>\n<\/tbody>\n<\/table>\n<p>&nbsp;<\/p>\n<p><img decoding=\"async\" src=\"https:\/\/sc01.alicdn.com\/kf\/HTB110KOFVXXXXXVXpXXq6xXFXXXN\/64496\/HTB110KOFVXXXXXVXpXXq6xXFXXXN.jpg\" data-alt=\"BG48S Automatic milk bottle filling and sealing machine Foil cut-form-seal in one time,save foil device\" style=\"width: 203px; height: 194px;\" ori-width=\"182\" ori-height=\"174\" class=\"aligncenter\"><img decoding=\"async\" src=\"https:\/\/sc02.alicdn.com\/kf\/HTB1kGGIFVXXXXc4XFXXq6xXFXXX1\/64496\/HTB1kGGIFVXXXXc4XFXXq6xXFXXX1.jpg\" data-alt=\"BG48S Automatic milk bottle filling and sealing machine Foil cut-form-seal in one time,save foil device\" style=\"width: 246px; height: 193px;\" ori-width=\"429\" ori-height=\"336\" class=\"aligncenter\"><\/p>\n<p>&nbsp;<\/p>\n<div id=\"ali-anchor-packaging\" style=\"margin-top: 15px; height: auto;\" data-section=\"packaging\">&nbsp; &nbsp;&nbsp;<\/div>\n<\/div>","protected":false},"excerpt":{"rendered":"<p>M\u00e1quina autom\u00e1tica de llenado y sellado de botellas de leche Bg48s<\/p>","protected":false},"featured_media":2858,"comment_status":"closed","ping_status":"open","template":"","meta":[],"product_brand":[],"product_cat":[101],"product_tag":[],"class_list":{"0":"post-3012","1":"product","2":"type-product","3":"status-publish","4":"has-post-thumbnail","6":"product_cat-filling-machines","8":"first","9":"instock","10":"sale","11":"purchasable","12":"product-type-simple"},"yoast_head":"<!-- This site is optimized with the Yoast SEO Premium plugin v20.9 (Yoast SEO v26.5) - https:\/\/yoast.com\/wordpress\/plugins\/seo\/ -->\n<title>BG48S Automatic milk bottle filling and sealing machine Foil cut-form-seal in one time,save foil device - ALF PACK<\/title>\n<meta name=\"robots\" content=\"index, follow, max-snippet:-1, max-image-preview:large, max-video-preview:-1\" \/>\n<link rel=\"canonical\" href=\"https:\/\/alfequipment.com\/es\/product\/bg48s-maquina-automatica-de-llenado-y-sellado-de-botellas-de-leche-lamina-de-corte-forma-de-sellado-en-un-dispositivo-de-lamina-timesave\/\" \/>\n<meta property=\"og:locale\" content=\"es_ES\" \/>\n<meta property=\"og:type\" content=\"article\" \/>\n<meta property=\"og:title\" content=\"BG48S Automatic milk bottle filling and sealing machine Foil cut-form-seal in one time,save foil device\" \/>\n<meta property=\"og:description\" content=\"Bg48s Automatic Milk Bottles Filling And Sealing Machine\" \/>\n<meta property=\"og:url\" content=\"https:\/\/alfequipment.com\/es\/product\/bg48s-maquina-automatica-de-llenado-y-sellado-de-botellas-de-leche-lamina-de-corte-forma-de-sellado-en-un-dispositivo-de-lamina-timesave\/\" \/>\n<meta property=\"og:site_name\" content=\"ALF PACK\" \/>\n<meta property=\"article:modified_time\" content=\"2025-01-13T13:09:49+00:00\" \/>\n<meta property=\"og:image\" content=\"https:\/\/alfequipment.com\/wp-content\/uploads\/2025\/01\/BG48S-Automatic-milk-bottle-filling-and-sealing.jpg\" \/>\n\t<meta property=\"og:image:width\" content=\"800\" \/>\n\t<meta property=\"og:image:height\" content=\"800\" \/>\n\t<meta property=\"og:image:type\" content=\"image\/webp\" \/>\n<meta name=\"twitter:card\" content=\"summary_large_image\" \/>\n<script type=\"application\/ld+json\" class=\"yoast-schema-graph\">{\"@context\":\"https:\/\/schema.org\",\"@graph\":[{\"@type\":\"WebPage\",\"@id\":\"https:\/\/alfequipment.com\/product\/bg48s-automatic-milk-bottle-filling-and-sealing-machine-foil-cut-form-seal-in-one-timesave-foil-device\/\",\"url\":\"https:\/\/alfequipment.com\/product\/bg48s-automatic-milk-bottle-filling-and-sealing-machine-foil-cut-form-seal-in-one-timesave-foil-device\/\",\"name\":\"BG48S Automatic milk bottle filling and sealing machine Foil cut-form-seal in one time,save foil device - ALF PACK\",\"isPartOf\":{\"@id\":\"https:\/\/alfequipment.com\/#website\"},\"primaryImageOfPage\":{\"@id\":\"https:\/\/alfequipment.com\/product\/bg48s-automatic-milk-bottle-filling-and-sealing-machine-foil-cut-form-seal-in-one-timesave-foil-device\/#primaryimage\"},\"image\":{\"@id\":\"https:\/\/alfequipment.com\/product\/bg48s-automatic-milk-bottle-filling-and-sealing-machine-foil-cut-form-seal-in-one-timesave-foil-device\/#primaryimage\"},\"thumbnailUrl\":\"https:\/\/alfequipment.com\/wp-content\/uploads\/2025\/01\/BG48S-Automatic-milk-bottle-filling-and-sealing.jpg\",\"datePublished\":\"2024-12-31T10:47:07+00:00\",\"dateModified\":\"2025-01-13T13:09:49+00:00\",\"breadcrumb\":{\"@id\":\"https:\/\/alfequipment.com\/product\/bg48s-automatic-milk-bottle-filling-and-sealing-machine-foil-cut-form-seal-in-one-timesave-foil-device\/#breadcrumb\"},\"inLanguage\":\"es\",\"potentialAction\":[{\"@type\":\"ReadAction\",\"target\":[\"https:\/\/alfequipment.com\/product\/bg48s-automatic-milk-bottle-filling-and-sealing-machine-foil-cut-form-seal-in-one-timesave-foil-device\/\"]}]},{\"@type\":\"ImageObject\",\"inLanguage\":\"es\",\"@id\":\"https:\/\/alfequipment.com\/product\/bg48s-automatic-milk-bottle-filling-and-sealing-machine-foil-cut-form-seal-in-one-timesave-foil-device\/#primaryimage\",\"url\":\"https:\/\/alfequipment.com\/wp-content\/uploads\/2025\/01\/BG48S-Automatic-milk-bottle-filling-and-sealing.jpg\",\"contentUrl\":\"https:\/\/alfequipment.com\/wp-content\/uploads\/2025\/01\/BG48S-Automatic-milk-bottle-filling-and-sealing.jpg\",\"width\":800,\"height\":800},{\"@type\":\"BreadcrumbList\",\"@id\":\"https:\/\/alfequipment.com\/product\/bg48s-automatic-milk-bottle-filling-and-sealing-machine-foil-cut-form-seal-in-one-timesave-foil-device\/#breadcrumb\",\"itemListElement\":[{\"@type\":\"ListItem\",\"position\":1,\"name\":\"Home\",\"item\":\"https:\/\/alfequipment.com\/\"},{\"@type\":\"ListItem\",\"position\":2,\"name\":\"Shop\",\"item\":\"https:\/\/alfequipment.com\/shop\/\"},{\"@type\":\"ListItem\",\"position\":3,\"name\":\"BG48S Automatic milk bottle filling and sealing machine Foil cut-form-seal in one time,save foil device\"}]},{\"@type\":\"WebSite\",\"@id\":\"https:\/\/alfequipment.com\/#website\",\"url\":\"https:\/\/alfequipment.com\/\",\"name\":\"ALF PACK\",\"description\":\"\",\"publisher\":{\"@id\":\"https:\/\/alfequipment.com\/#organization\"},\"potentialAction\":[{\"@type\":\"SearchAction\",\"target\":{\"@type\":\"EntryPoint\",\"urlTemplate\":\"https:\/\/alfequipment.com\/?s={search_term_string}\"},\"query-input\":{\"@type\":\"PropertyValueSpecification\",\"valueRequired\":true,\"valueName\":\"search_term_string\"}}],\"inLanguage\":\"es\"},{\"@type\":\"Organization\",\"@id\":\"https:\/\/alfequipment.com\/#organization\",\"name\":\"ALF PACK\",\"url\":\"https:\/\/alfequipment.com\/\",\"logo\":{\"@type\":\"ImageObject\",\"inLanguage\":\"es\",\"@id\":\"https:\/\/alfequipment.com\/#\/schema\/logo\/image\/\",\"url\":\"https:\/\/alfequipment.com\/wp-content\/uploads\/2024\/11\/ALFlogo-2.webp\",\"contentUrl\":\"https:\/\/alfequipment.com\/wp-content\/uploads\/2024\/11\/ALFlogo-2.webp\",\"width\":758,\"height\":750,\"caption\":\"ALF PACK\"},\"image\":{\"@id\":\"https:\/\/alfequipment.com\/#\/schema\/logo\/image\/\"}}]}<\/script>\n<!-- \/ Yoast SEO Premium plugin. -->","yoast_head_json":{"title":"BG48S M\u00e1quina autom\u00e1tica de llenado y sellado de botellas de leche L\u00e1mina de corte-formado-sellado en una sola vez,ahorrar dispositivo de l\u00e1mina - ALF PACK","robots":{"index":"index","follow":"follow","max-snippet":"max-snippet:-1","max-image-preview":"max-image-preview:large","max-video-preview":"max-video-preview:-1"},"canonical":"https:\/\/alfequipment.com\/es\/product\/bg48s-maquina-automatica-de-llenado-y-sellado-de-botellas-de-leche-lamina-de-corte-forma-de-sellado-en-un-dispositivo-de-lamina-timesave\/","og_locale":"es_ES","og_type":"article","og_title":"BG48S Automatic milk bottle filling and sealing machine Foil cut-form-seal in one time,save foil device","og_description":"Bg48s Automatic Milk Bottles Filling And Sealing Machine","og_url":"https:\/\/alfequipment.com\/es\/product\/bg48s-maquina-automatica-de-llenado-y-sellado-de-botellas-de-leche-lamina-de-corte-forma-de-sellado-en-un-dispositivo-de-lamina-timesave\/","og_site_name":"ALF PACK","article_modified_time":"2025-01-13T13:09:49+00:00","og_image":[{"width":800,"height":800,"url":"https:\/\/alfequipment.com\/wp-content\/uploads\/2025\/01\/BG48S-Automatic-milk-bottle-filling-and-sealing.jpg","type":"image\/webp"}],"twitter_card":"summary_large_image","schema":{"@context":"https:\/\/schema.org","@graph":[{"@type":"WebPage","@id":"https:\/\/alfequipment.com\/product\/bg48s-automatic-milk-bottle-filling-and-sealing-machine-foil-cut-form-seal-in-one-timesave-foil-device\/","url":"https:\/\/alfequipment.com\/product\/bg48s-automatic-milk-bottle-filling-and-sealing-machine-foil-cut-form-seal-in-one-timesave-foil-device\/","name":"BG48S M\u00e1quina autom\u00e1tica de llenado y sellado de botellas de leche L\u00e1mina de corte-formado-sellado en una sola vez,ahorrar dispositivo de l\u00e1mina - ALF PACK","isPartOf":{"@id":"https:\/\/alfequipment.com\/#website"},"primaryImageOfPage":{"@id":"https:\/\/alfequipment.com\/product\/bg48s-automatic-milk-bottle-filling-and-sealing-machine-foil-cut-form-seal-in-one-timesave-foil-device\/#primaryimage"},"image":{"@id":"https:\/\/alfequipment.com\/product\/bg48s-automatic-milk-bottle-filling-and-sealing-machine-foil-cut-form-seal-in-one-timesave-foil-device\/#primaryimage"},"thumbnailUrl":"https:\/\/alfequipment.com\/wp-content\/uploads\/2025\/01\/BG48S-Automatic-milk-bottle-filling-and-sealing.jpg","datePublished":"2024-12-31T10:47:07+00:00","dateModified":"2025-01-13T13:09:49+00:00","breadcrumb":{"@id":"https:\/\/alfequipment.com\/product\/bg48s-automatic-milk-bottle-filling-and-sealing-machine-foil-cut-form-seal-in-one-timesave-foil-device\/#breadcrumb"},"inLanguage":"es","potentialAction":[{"@type":"ReadAction","target":["https:\/\/alfequipment.com\/product\/bg48s-automatic-milk-bottle-filling-and-sealing-machine-foil-cut-form-seal-in-one-timesave-foil-device\/"]}]},{"@type":"ImageObject","inLanguage":"es","@id":"https:\/\/alfequipment.com\/product\/bg48s-automatic-milk-bottle-filling-and-sealing-machine-foil-cut-form-seal-in-one-timesave-foil-device\/#primaryimage","url":"https:\/\/alfequipment.com\/wp-content\/uploads\/2025\/01\/BG48S-Automatic-milk-bottle-filling-and-sealing.jpg","contentUrl":"https:\/\/alfequipment.com\/wp-content\/uploads\/2025\/01\/BG48S-Automatic-milk-bottle-filling-and-sealing.jpg","width":800,"height":800},{"@type":"BreadcrumbList","@id":"https:\/\/alfequipment.com\/product\/bg48s-automatic-milk-bottle-filling-and-sealing-machine-foil-cut-form-seal-in-one-timesave-foil-device\/#breadcrumb","itemListElement":[{"@type":"ListItem","position":1,"name":"Home","item":"https:\/\/alfequipment.com\/"},{"@type":"ListItem","position":2,"name":"Shop","item":"https:\/\/alfequipment.com\/shop\/"},{"@type":"ListItem","position":3,"name":"BG48S Automatic milk bottle filling and sealing machine Foil cut-form-seal in one time,save foil device"}]},{"@type":"WebSite","@id":"https:\/\/alfequipment.com\/#website","url":"https:\/\/alfequipment.com\/","name":"PAQUETE ALF","description":"","publisher":{"@id":"https:\/\/alfequipment.com\/#organization"},"potentialAction":[{"@type":"SearchAction","target":{"@type":"EntryPoint","urlTemplate":"https:\/\/alfequipment.com\/?s={search_term_string}"},"query-input":{"@type":"PropertyValueSpecification","valueRequired":true,"valueName":"search_term_string"}}],"inLanguage":"es"},{"@type":"Organization","@id":"https:\/\/alfequipment.com\/#organization","name":"PAQUETE ALF","url":"https:\/\/alfequipment.com\/","logo":{"@type":"ImageObject","inLanguage":"es","@id":"https:\/\/alfequipment.com\/#\/schema\/logo\/image\/","url":"https:\/\/alfequipment.com\/wp-content\/uploads\/2024\/11\/ALFlogo-2.webp","contentUrl":"https:\/\/alfequipment.com\/wp-content\/uploads\/2024\/11\/ALFlogo-2.webp","width":758,"height":750,"caption":"ALF PACK"},"image":{"@id":"https:\/\/alfequipment.com\/#\/schema\/logo\/image\/"}}]}},"_links":{"self":[{"href":"https:\/\/alfequipment.com\/es\/wp-json\/wp\/v2\/product\/3012","targetHints":{"allow":["GET"]}}],"collection":[{"href":"https:\/\/alfequipment.com\/es\/wp-json\/wp\/v2\/product"}],"about":[{"href":"https:\/\/alfequipment.com\/es\/wp-json\/wp\/v2\/types\/product"}],"replies":[{"embeddable":true,"href":"https:\/\/alfequipment.com\/es\/wp-json\/wp\/v2\/comments?post=3012"}],"version-history":[{"count":0,"href":"https:\/\/alfequipment.com\/es\/wp-json\/wp\/v2\/product\/3012\/revisions"}],"wp:featuredmedia":[{"embeddable":true,"href":"https:\/\/alfequipment.com\/es\/wp-json\/wp\/v2\/media\/2858"}],"wp:attachment":[{"href":"https:\/\/alfequipment.com\/es\/wp-json\/wp\/v2\/media?parent=3012"}],"wp:term":[{"taxonomy":"product_brand","embeddable":true,"href":"https:\/\/alfequipment.com\/es\/wp-json\/wp\/v2\/product_brand?post=3012"},{"taxonomy":"product_cat","embeddable":true,"href":"https:\/\/alfequipment.com\/es\/wp-json\/wp\/v2\/product_cat?post=3012"},{"taxonomy":"product_tag","embeddable":true,"href":"https:\/\/alfequipment.com\/es\/wp-json\/wp\/v2\/product_tag?post=3012"}],"curies":[{"name":"wp","href":"https:\/\/api.w.org\/{rel}","templated":true}]}}