{"id":3013,"date":"2024-12-21T01:40:22","date_gmt":"2024-12-21T01:40:22","guid":{"rendered":"https:\/\/alfequipment.com\/product\/bg60a-automatic-plastic-cup-filling-sealing-machine\/"},"modified":"2025-01-13T13:09:50","modified_gmt":"2025-01-13T13:09:50","slug":"bg60a-maquina-automatica-de-llenado-y-sellado-de-vasos-de-plastico","status":"publish","type":"product","link":"https:\/\/alfequipment.com\/es\/product\/bg60a-maquina-automatica-de-llenado-y-sellado-de-vasos-de-plastico\/","title":{"rendered":"BG60A M\u00e1quina autom\u00e1tica de llenado y sellado de vasos de pl\u00e1stico"},"content":{"rendered":"<p><span style=\"font-family: Verdana, Arial, Helvetica, sans-serif;\">La m\u00e1quina autom\u00e1tica de llenado-sellado-corte de cuatro vasos BG60A se utiliza ampliamente en el llenado y sellado de varios tipos de vasos de pl\u00e1stico para l\u00edquidos. Puede terminar autom\u00e1ticamente los procesos de llenado, sellado, corte de pel\u00edcula, impresi\u00f3n de c\u00f3digos, esterilizaci\u00f3n con radiaci\u00f3n ultravioleta y ca\u00edda de vasos, etc. Adem\u00e1s, se puede personalizar de acuerdo a sus necesidades especiales.<\/span><\/p>\n<p>&nbsp;<\/p>\n<p><span style=\"font-size: 16px;\">Especificaci\u00f3n:<\/span><\/p>\n<table class=\"aliDataTable\" style=\"width: 437px;\" border=\"0\" cellspacing=\"0\" cellpadding=\"0\">\n<tbody>\n<tr>\n<td>\n<p>Potencia<\/p>\n<\/td>\n<td>\n<p>220V\/50HZ 3,5KW<\/p>\n<\/td>\n<\/tr>\n<tr>\n<td>\n<p>Capacidad<\/p>\n<\/td>\n<td>\n<p>64 tazas\/min<\/p>\n<\/td>\n<\/tr>\n<tr>\n<td>\n<p>Temperatura<\/p>\n<\/td>\n<td>\n<p>0-300&nbsp;<span style=\"line-height: 19px; color: #333333; font-family: Arial; font-size: 9.5pt;\">celsius<\/span><\/p>\n<\/td>\n<\/tr>\n<tr>\n<td>\n<p>Material de la junta<\/p>\n<\/td>\n<td>\n<p>PE PP PET\/PE<\/p>\n<\/td>\n<\/tr>\n<tr>\n<td>\n<p>Dimensi\u00f3n<\/p>\n<\/td>\n<td>\n<p>2360X820X1550mm<\/p>\n<\/td>\n<\/tr>\n<tr>\n<td>\n<p>Peso<\/p>\n<\/td>\n<td>\n<p>500KGS<\/p>\n<\/td>\n<\/tr>\n<\/tbody>\n<\/table>\n<p style=\"margin: 0cm; margin-bottom: .0001pt;\">&nbsp;<\/p>\n<p style=\"margin: 0cm; margin-bottom: .0001pt;\">&nbsp;<\/p>\n<p style=\"margin: 0cm; margin-bottom: .0001pt;\">&nbsp;<\/p>\n<p style=\"margin: 0cm; margin-bottom: .0001pt;\">&nbsp;<\/p>\n<p style=\"word-wrap: break-word; border: 0px; font-family: Arial, Helvetica; line-height: 18px; vertical-align: baseline; color: #333333;\"><span style=\"line-height: 27px; margin: 0px; padding: 0px; border: 0px; font-family: Arial; font-size: 18px; font-style: inherit; vertical-align: baseline;\">M\u00e1s informaci\u00f3n sobre BG32A:<\/span><\/p>\n<p style=\"margin: 0cm 0cm 0.0001pt; word-wrap: break-word; border: 0px; font-family: arial; line-height: 15px; vertical-align: baseline;\">&nbsp;<\/p>\n<p style=\"word-wrap: break-word; border: 0px; font-family: Arial, Helvetica; line-height: 18px; vertical-align: baseline; color: #333333;\"><span style=\"line-height: 27px; margin: 0px; padding: 0px; border: 0px; font-family: Arial; font-size: 18px; font-style: inherit; vertical-align: baseline;\">1.<\/span><span style=\"font-size: 16px;\">BG32A (Para dos tazas)<\/span><\/p>\n<p style=\"margin: 0cm 0cm 0.0001pt; word-wrap: break-word; border: 0px; font-family: arial; line-height: 15px; vertical-align: baseline;\">&nbsp;<\/p>\n<p style=\"word-wrap: break-word; border: 0px; font-family: Arial, Helvetica; line-height: 18px; vertical-align: baseline; color: #333333;\"><span style=\"line-height: 27px; margin: 0px; padding: 0px; border: 0px; font-family: Arial; font-size: 18px; font-style: inherit; vertical-align: baseline;\">haga clic en el modelo y aparecer\u00e1 una nueva p\u00e1gina web para mostrarle la m\u00e1quina.<\/span><\/p>\n<p style=\"margin: 0cm; margin-bottom: .0001pt;\">&nbsp;<\/p>\n<p style=\"margin: 0cm; margin-bottom: .0001pt;\">&nbsp;<\/p>\n<div id=\"ali-anchor-packaging\" style=\"margin-top: 15px; height: auto;\" data-section=\"packaging\">&nbsp; &nbsp;<\/div><\/p>","protected":false},"excerpt":{"rendered":"<p>Bg60a M\u00e1quina autom\u00e1tica para llenado y sellado de vasos de pl\u00e1stico (para cuatro vasos)<\/p>","protected":false},"featured_media":2860,"comment_status":"closed","ping_status":"open","template":"","meta":[],"product_brand":[],"product_cat":[101],"product_tag":[],"class_list":{"0":"post-3013","1":"product","2":"type-product","3":"status-publish","4":"has-post-thumbnail","6":"product_cat-filling-machines","8":"first","9":"instock","10":"sale","11":"purchasable","12":"product-type-simple"},"yoast_head":"<!-- This site is optimized with the Yoast SEO Premium plugin v20.9 (Yoast SEO v26.5) - https:\/\/yoast.com\/wordpress\/plugins\/seo\/ -->\n<title>BG60A Automatic plastic cup filling sealing machine - ALF PACK<\/title>\n<meta name=\"robots\" content=\"index, follow, max-snippet:-1, max-image-preview:large, max-video-preview:-1\" \/>\n<link rel=\"canonical\" href=\"https:\/\/alfequipment.com\/es\/product\/bg60a-maquina-automatica-de-llenado-y-sellado-de-vasos-de-plastico\/\" \/>\n<meta property=\"og:locale\" content=\"es_ES\" \/>\n<meta property=\"og:type\" content=\"article\" \/>\n<meta property=\"og:title\" content=\"BG60A Automatic plastic cup filling sealing machine\" \/>\n<meta property=\"og:description\" content=\"Bg60a Automatic Plastic Cup Filling Sealing Machine (for Four Cups)\" \/>\n<meta property=\"og:url\" content=\"https:\/\/alfequipment.com\/es\/product\/bg60a-maquina-automatica-de-llenado-y-sellado-de-vasos-de-plastico\/\" \/>\n<meta property=\"og:site_name\" content=\"ALF PACK\" \/>\n<meta property=\"article:modified_time\" content=\"2025-01-13T13:09:50+00:00\" \/>\n<meta property=\"og:image\" content=\"https:\/\/alfequipment.com\/wp-content\/uploads\/2025\/01\/BG60A-Automatic-plastic-cup-filling-sealing-machine.jpg\" \/>\n\t<meta property=\"og:image:width\" content=\"800\" \/>\n\t<meta property=\"og:image:height\" content=\"800\" \/>\n\t<meta property=\"og:image:type\" content=\"image\/webp\" \/>\n<meta name=\"twitter:card\" content=\"summary_large_image\" \/>\n<meta name=\"twitter:label1\" content=\"Tiempo de lectura\" \/>\n\t<meta name=\"twitter:data1\" content=\"1 minuto\" \/>\n<script type=\"application\/ld+json\" class=\"yoast-schema-graph\">{\"@context\":\"https:\/\/schema.org\",\"@graph\":[{\"@type\":\"WebPage\",\"@id\":\"https:\/\/alfequipment.com\/product\/bg60a-automatic-plastic-cup-filling-sealing-machine\/\",\"url\":\"https:\/\/alfequipment.com\/product\/bg60a-automatic-plastic-cup-filling-sealing-machine\/\",\"name\":\"BG60A Automatic plastic cup filling sealing machine - ALF PACK\",\"isPartOf\":{\"@id\":\"https:\/\/alfequipment.com\/#website\"},\"primaryImageOfPage\":{\"@id\":\"https:\/\/alfequipment.com\/product\/bg60a-automatic-plastic-cup-filling-sealing-machine\/#primaryimage\"},\"image\":{\"@id\":\"https:\/\/alfequipment.com\/product\/bg60a-automatic-plastic-cup-filling-sealing-machine\/#primaryimage\"},\"thumbnailUrl\":\"https:\/\/alfequipment.com\/wp-content\/uploads\/2025\/01\/BG60A-Automatic-plastic-cup-filling-sealing-machine.jpg\",\"datePublished\":\"2024-12-21T01:40:22+00:00\",\"dateModified\":\"2025-01-13T13:09:50+00:00\",\"breadcrumb\":{\"@id\":\"https:\/\/alfequipment.com\/product\/bg60a-automatic-plastic-cup-filling-sealing-machine\/#breadcrumb\"},\"inLanguage\":\"es\",\"potentialAction\":[{\"@type\":\"ReadAction\",\"target\":[\"https:\/\/alfequipment.com\/product\/bg60a-automatic-plastic-cup-filling-sealing-machine\/\"]}]},{\"@type\":\"ImageObject\",\"inLanguage\":\"es\",\"@id\":\"https:\/\/alfequipment.com\/product\/bg60a-automatic-plastic-cup-filling-sealing-machine\/#primaryimage\",\"url\":\"https:\/\/alfequipment.com\/wp-content\/uploads\/2025\/01\/BG60A-Automatic-plastic-cup-filling-sealing-machine.jpg\",\"contentUrl\":\"https:\/\/alfequipment.com\/wp-content\/uploads\/2025\/01\/BG60A-Automatic-plastic-cup-filling-sealing-machine.jpg\",\"width\":800,\"height\":800},{\"@type\":\"BreadcrumbList\",\"@id\":\"https:\/\/alfequipment.com\/product\/bg60a-automatic-plastic-cup-filling-sealing-machine\/#breadcrumb\",\"itemListElement\":[{\"@type\":\"ListItem\",\"position\":1,\"name\":\"Home\",\"item\":\"https:\/\/alfequipment.com\/\"},{\"@type\":\"ListItem\",\"position\":2,\"name\":\"Shop\",\"item\":\"https:\/\/alfequipment.com\/shop\/\"},{\"@type\":\"ListItem\",\"position\":3,\"name\":\"BG60A Automatic plastic cup filling sealing machine\"}]},{\"@type\":\"WebSite\",\"@id\":\"https:\/\/alfequipment.com\/#website\",\"url\":\"https:\/\/alfequipment.com\/\",\"name\":\"ALF PACK\",\"description\":\"\",\"publisher\":{\"@id\":\"https:\/\/alfequipment.com\/#organization\"},\"potentialAction\":[{\"@type\":\"SearchAction\",\"target\":{\"@type\":\"EntryPoint\",\"urlTemplate\":\"https:\/\/alfequipment.com\/?s={search_term_string}\"},\"query-input\":{\"@type\":\"PropertyValueSpecification\",\"valueRequired\":true,\"valueName\":\"search_term_string\"}}],\"inLanguage\":\"es\"},{\"@type\":\"Organization\",\"@id\":\"https:\/\/alfequipment.com\/#organization\",\"name\":\"ALF PACK\",\"url\":\"https:\/\/alfequipment.com\/\",\"logo\":{\"@type\":\"ImageObject\",\"inLanguage\":\"es\",\"@id\":\"https:\/\/alfequipment.com\/#\/schema\/logo\/image\/\",\"url\":\"https:\/\/alfequipment.com\/wp-content\/uploads\/2024\/11\/ALFlogo-2.webp\",\"contentUrl\":\"https:\/\/alfequipment.com\/wp-content\/uploads\/2024\/11\/ALFlogo-2.webp\",\"width\":758,\"height\":750,\"caption\":\"ALF PACK\"},\"image\":{\"@id\":\"https:\/\/alfequipment.com\/#\/schema\/logo\/image\/\"}}]}<\/script>\n<!-- \/ Yoast SEO Premium plugin. -->","yoast_head_json":{"title":"BG60A M\u00e1quina autom\u00e1tica de llenado y sellado de vasos de pl\u00e1stico - ALF PACK","robots":{"index":"index","follow":"follow","max-snippet":"max-snippet:-1","max-image-preview":"max-image-preview:large","max-video-preview":"max-video-preview:-1"},"canonical":"https:\/\/alfequipment.com\/es\/product\/bg60a-maquina-automatica-de-llenado-y-sellado-de-vasos-de-plastico\/","og_locale":"es_ES","og_type":"article","og_title":"BG60A Automatic plastic cup filling sealing machine","og_description":"Bg60a Automatic Plastic Cup Filling Sealing Machine (for Four Cups)","og_url":"https:\/\/alfequipment.com\/es\/product\/bg60a-maquina-automatica-de-llenado-y-sellado-de-vasos-de-plastico\/","og_site_name":"ALF PACK","article_modified_time":"2025-01-13T13:09:50+00:00","og_image":[{"width":800,"height":800,"url":"https:\/\/alfequipment.com\/wp-content\/uploads\/2025\/01\/BG60A-Automatic-plastic-cup-filling-sealing-machine.jpg","type":"image\/webp"}],"twitter_card":"summary_large_image","twitter_misc":{"Tiempo de lectura":"1 minuto"},"schema":{"@context":"https:\/\/schema.org","@graph":[{"@type":"WebPage","@id":"https:\/\/alfequipment.com\/product\/bg60a-automatic-plastic-cup-filling-sealing-machine\/","url":"https:\/\/alfequipment.com\/product\/bg60a-automatic-plastic-cup-filling-sealing-machine\/","name":"BG60A M\u00e1quina autom\u00e1tica de llenado y sellado de vasos de pl\u00e1stico - ALF PACK","isPartOf":{"@id":"https:\/\/alfequipment.com\/#website"},"primaryImageOfPage":{"@id":"https:\/\/alfequipment.com\/product\/bg60a-automatic-plastic-cup-filling-sealing-machine\/#primaryimage"},"image":{"@id":"https:\/\/alfequipment.com\/product\/bg60a-automatic-plastic-cup-filling-sealing-machine\/#primaryimage"},"thumbnailUrl":"https:\/\/alfequipment.com\/wp-content\/uploads\/2025\/01\/BG60A-Automatic-plastic-cup-filling-sealing-machine.jpg","datePublished":"2024-12-21T01:40:22+00:00","dateModified":"2025-01-13T13:09:50+00:00","breadcrumb":{"@id":"https:\/\/alfequipment.com\/product\/bg60a-automatic-plastic-cup-filling-sealing-machine\/#breadcrumb"},"inLanguage":"es","potentialAction":[{"@type":"ReadAction","target":["https:\/\/alfequipment.com\/product\/bg60a-automatic-plastic-cup-filling-sealing-machine\/"]}]},{"@type":"ImageObject","inLanguage":"es","@id":"https:\/\/alfequipment.com\/product\/bg60a-automatic-plastic-cup-filling-sealing-machine\/#primaryimage","url":"https:\/\/alfequipment.com\/wp-content\/uploads\/2025\/01\/BG60A-Automatic-plastic-cup-filling-sealing-machine.jpg","contentUrl":"https:\/\/alfequipment.com\/wp-content\/uploads\/2025\/01\/BG60A-Automatic-plastic-cup-filling-sealing-machine.jpg","width":800,"height":800},{"@type":"BreadcrumbList","@id":"https:\/\/alfequipment.com\/product\/bg60a-automatic-plastic-cup-filling-sealing-machine\/#breadcrumb","itemListElement":[{"@type":"ListItem","position":1,"name":"Home","item":"https:\/\/alfequipment.com\/"},{"@type":"ListItem","position":2,"name":"Shop","item":"https:\/\/alfequipment.com\/shop\/"},{"@type":"ListItem","position":3,"name":"BG60A Automatic plastic cup filling sealing machine"}]},{"@type":"WebSite","@id":"https:\/\/alfequipment.com\/#website","url":"https:\/\/alfequipment.com\/","name":"PAQUETE ALF","description":"","publisher":{"@id":"https:\/\/alfequipment.com\/#organization"},"potentialAction":[{"@type":"SearchAction","target":{"@type":"EntryPoint","urlTemplate":"https:\/\/alfequipment.com\/?s={search_term_string}"},"query-input":{"@type":"PropertyValueSpecification","valueRequired":true,"valueName":"search_term_string"}}],"inLanguage":"es"},{"@type":"Organization","@id":"https:\/\/alfequipment.com\/#organization","name":"PAQUETE ALF","url":"https:\/\/alfequipment.com\/","logo":{"@type":"ImageObject","inLanguage":"es","@id":"https:\/\/alfequipment.com\/#\/schema\/logo\/image\/","url":"https:\/\/alfequipment.com\/wp-content\/uploads\/2024\/11\/ALFlogo-2.webp","contentUrl":"https:\/\/alfequipment.com\/wp-content\/uploads\/2024\/11\/ALFlogo-2.webp","width":758,"height":750,"caption":"ALF PACK"},"image":{"@id":"https:\/\/alfequipment.com\/#\/schema\/logo\/image\/"}}]}},"_links":{"self":[{"href":"https:\/\/alfequipment.com\/es\/wp-json\/wp\/v2\/product\/3013","targetHints":{"allow":["GET"]}}],"collection":[{"href":"https:\/\/alfequipment.com\/es\/wp-json\/wp\/v2\/product"}],"about":[{"href":"https:\/\/alfequipment.com\/es\/wp-json\/wp\/v2\/types\/product"}],"replies":[{"embeddable":true,"href":"https:\/\/alfequipment.com\/es\/wp-json\/wp\/v2\/comments?post=3013"}],"version-history":[{"count":0,"href":"https:\/\/alfequipment.com\/es\/wp-json\/wp\/v2\/product\/3013\/revisions"}],"wp:featuredmedia":[{"embeddable":true,"href":"https:\/\/alfequipment.com\/es\/wp-json\/wp\/v2\/media\/2860"}],"wp:attachment":[{"href":"https:\/\/alfequipment.com\/es\/wp-json\/wp\/v2\/media?parent=3013"}],"wp:term":[{"taxonomy":"product_brand","embeddable":true,"href":"https:\/\/alfequipment.com\/es\/wp-json\/wp\/v2\/product_brand?post=3013"},{"taxonomy":"product_cat","embeddable":true,"href":"https:\/\/alfequipment.com\/es\/wp-json\/wp\/v2\/product_cat?post=3013"},{"taxonomy":"product_tag","embeddable":true,"href":"https:\/\/alfequipment.com\/es\/wp-json\/wp\/v2\/product_tag?post=3013"}],"curies":[{"name":"wp","href":"https:\/\/api.w.org\/{rel}","templated":true}]}}