{"id":3014,"date":"2025-01-10T00:38:07","date_gmt":"2025-01-10T00:38:07","guid":{"rendered":"https:\/\/alfequipment.com\/product\/bg32a-automatic-cup-filling-and-sealing-machine-for-two-cups-for-soil-beanmilkfruit-juicemineral-water\/"},"modified":"2025-01-13T13:09:51","modified_gmt":"2025-01-13T13:09:51","slug":"bg32a-maquina-automatica-de-llenado-y-sellado-de-tazas-de-dos-tazas-para-el-suelo-beanmilkfruit-juicemineral-water","status":"publish","type":"product","link":"https:\/\/alfequipment.com\/es\/product\/bg32a-maquina-automatica-de-llenado-y-sellado-de-tazas-de-dos-tazas-para-el-suelo-beanmilkfruit-juicemineral-water\/","title":{"rendered":"BG32A m\u00e1quina autom\u00e1tica de llenado y sellado de tazas (para dos tazas) para frijol de tierra,leche,jugo de frutas,agua mineral"},"content":{"rendered":"<div id=\"ali-anchor-description\" data-section=\"description\">\n<p>La m\u00e1quina autom\u00e1tica de llenado-sellado-corte de dos vasos BG32A se utiliza ampliamente en el llenado y sellado de varios tipos de vasos de pl\u00e1stico para l\u00edquidos. Puede terminar autom\u00e1ticamente los procesos de llenado, sellado, corte de pel\u00edcula, impresi\u00f3n de c\u00f3digos, esterilizaci\u00f3n con radiaci\u00f3n ultravioleta y ca\u00edda de vasos, etc. Adem\u00e1s, se puede personalizar de acuerdo a sus necesidades especiales.<\/p>\n<p>&nbsp;<\/p>\n<p><span style=\"font-size: 16px;\">Especificaci\u00f3n:<\/span><\/p>\n<table class=\"aliDataTable\" style=\"width: 437px;\" border=\"0\" cellspacing=\"0\" cellpadding=\"0\">\n<tbody>\n<tr>\n<td>\n<p>Potencia<\/p>\n<\/td>\n<td>\n<p>220V\/50HZ 2,5kw<\/p>\n<\/td>\n<\/tr>\n<tr>\n<td>\n<p>Capacidad<\/p>\n<\/td>\n<td>\n<p>32 tazas\/min<\/p>\n<\/td>\n<\/tr>\n<tr>\n<td>\n<p>Temperatura<\/p>\n<\/td>\n<td>\n<p>0-300 <span style=\"color: #333333; font-family: arial; font-size: 13px; line-height: 20px;\">celsius<\/span><\/p>\n<\/td>\n<\/tr>\n<tr>\n<td>\n<p>Material de la junta<\/p>\n<\/td>\n<td>\n<p>PE PP PET\/PE<\/p>\n<\/td>\n<\/tr>\n<tr>\n<td>\n<p>Dimensi\u00f3n<\/p>\n<\/td>\n<td>\n<p>2150X700X1550mm<\/p>\n<\/td>\n<\/tr>\n<tr>\n<td>\n<p>Peso<\/p>\n<\/td>\n<td>\n<p>400KGS<\/p>\n<\/td>\n<\/tr>\n<\/tbody>\n<\/table>\n<p>&nbsp;<\/p>\n<p><img decoding=\"async\" src=\"https:\/\/sc01.alicdn.com\/kf\/HTB1pguMFVXXXXbDXXXXq6xXFXXX7\/64496\/HTB1pguMFVXXXXbDXXXXq6xXFXXX7.jpg\" data-alt=\"BG32A automatic cup filling and sealing machine (For Two cups) for soil bean,milk,fruit juice,mineral water\" style=\"width: 475px; height: 356px;\" ori-width=\"800\" ori-height=\"600\" class=\"aligncenter\"><img decoding=\"async\" src=\"https:\/\/sc02.alicdn.com\/kf\/HTB17WmCFVXXXXcQXFXXq6xXFXXXJ\/64496\/HTB17WmCFVXXXXcQXFXXq6xXFXXXJ.jpg\" data-alt=\"BG32A automatic cup filling and sealing machine (For Two cups) for soil bean,milk,fruit juice,mineral water\" style=\"width: 476px; height: 357px;\" ori-width=\"1200\" ori-height=\"900\" class=\"aligncenter\"><img decoding=\"async\" src=\"https:\/\/sc01.alicdn.com\/kf\/HTB1dayGFVXXXXapXFXXq6xXFXXX2\/64496\/HTB1dayGFVXXXXapXFXXq6xXFXXX2.jpg\" data-alt=\"BG32A automatic cup filling and sealing machine (For Two cups) for soil bean,milk,fruit juice,mineral water\" style=\"width: 476px; height: 653px;\" ori-width=\"729\" ori-height=\"1000\" class=\"aligncenter\"><\/p>\n<p>&nbsp;<\/p>\n<p>&nbsp;<\/p>\n<p style=\"margin: 0cm 0cm 0.0001pt; word-wrap: break-word; border: 0px; font-family: arial; line-height: 15px; vertical-align: baseline;\"><span style=\"font-family: &quot;Open Sans&quot;;\">&nbsp; &nbsp;&nbsp;<\/span><\/p>\n<\/div>","protected":false},"excerpt":{"rendered":"<p>Bg32a M\u00e1quina autom\u00e1tica de llenado y sellado de vasos (para dos vasos) para alubias leche zumo de frutas agua mineral<\/p>","protected":false},"featured_media":2862,"comment_status":"closed","ping_status":"open","template":"","meta":[],"product_brand":[],"product_cat":[101],"product_tag":[],"class_list":{"0":"post-3014","1":"product","2":"type-product","3":"status-publish","4":"has-post-thumbnail","6":"product_cat-filling-machines","8":"first","9":"instock","10":"sale","11":"purchasable","12":"product-type-simple"},"yoast_head":"<!-- This site is optimized with the Yoast SEO Premium plugin v20.9 (Yoast SEO v26.5) - https:\/\/yoast.com\/wordpress\/plugins\/seo\/ -->\n<title>BG32A automatic cup filling and sealing machine (For Two cups) for soil bean,milk,fruit juice,mineral water - ALF PACK<\/title>\n<meta name=\"robots\" content=\"index, follow, max-snippet:-1, max-image-preview:large, max-video-preview:-1\" \/>\n<link rel=\"canonical\" href=\"https:\/\/alfequipment.com\/es\/product\/bg32a-maquina-automatica-de-llenado-y-sellado-de-tazas-de-dos-tazas-para-el-suelo-beanmilkfruit-juicemineral-water\/\" \/>\n<meta property=\"og:locale\" content=\"es_ES\" \/>\n<meta property=\"og:type\" content=\"article\" \/>\n<meta property=\"og:title\" content=\"BG32A automatic cup filling and sealing machine (For Two cups) for soil bean,milk,fruit juice,mineral water\" \/>\n<meta property=\"og:description\" content=\"Bg32a Automatic Cup Filling And Sealing Machine (for Two Cups) For Soil Bean Milk Fruit Juice Mineral Water\" \/>\n<meta property=\"og:url\" content=\"https:\/\/alfequipment.com\/es\/product\/bg32a-maquina-automatica-de-llenado-y-sellado-de-tazas-de-dos-tazas-para-el-suelo-beanmilkfruit-juicemineral-water\/\" \/>\n<meta property=\"og:site_name\" content=\"ALF PACK\" \/>\n<meta property=\"article:modified_time\" content=\"2025-01-13T13:09:51+00:00\" \/>\n<meta property=\"og:image\" content=\"https:\/\/alfequipment.com\/wp-content\/uploads\/2025\/01\/BG32A-automatic-cup-filling-and-sealing-machine.jpg\" \/>\n\t<meta property=\"og:image:width\" content=\"800\" \/>\n\t<meta property=\"og:image:height\" content=\"800\" \/>\n\t<meta property=\"og:image:type\" content=\"image\/webp\" \/>\n<meta name=\"twitter:card\" content=\"summary_large_image\" \/>\n<script type=\"application\/ld+json\" class=\"yoast-schema-graph\">{\"@context\":\"https:\/\/schema.org\",\"@graph\":[{\"@type\":\"WebPage\",\"@id\":\"https:\/\/alfequipment.com\/product\/bg32a-automatic-cup-filling-and-sealing-machine-for-two-cups-for-soil-beanmilkfruit-juicemineral-water\/\",\"url\":\"https:\/\/alfequipment.com\/product\/bg32a-automatic-cup-filling-and-sealing-machine-for-two-cups-for-soil-beanmilkfruit-juicemineral-water\/\",\"name\":\"BG32A automatic cup filling and sealing machine (For Two cups) for soil bean,milk,fruit juice,mineral water - ALF PACK\",\"isPartOf\":{\"@id\":\"https:\/\/alfequipment.com\/#website\"},\"primaryImageOfPage\":{\"@id\":\"https:\/\/alfequipment.com\/product\/bg32a-automatic-cup-filling-and-sealing-machine-for-two-cups-for-soil-beanmilkfruit-juicemineral-water\/#primaryimage\"},\"image\":{\"@id\":\"https:\/\/alfequipment.com\/product\/bg32a-automatic-cup-filling-and-sealing-machine-for-two-cups-for-soil-beanmilkfruit-juicemineral-water\/#primaryimage\"},\"thumbnailUrl\":\"https:\/\/alfequipment.com\/wp-content\/uploads\/2025\/01\/BG32A-automatic-cup-filling-and-sealing-machine.jpg\",\"datePublished\":\"2025-01-10T00:38:07+00:00\",\"dateModified\":\"2025-01-13T13:09:51+00:00\",\"breadcrumb\":{\"@id\":\"https:\/\/alfequipment.com\/product\/bg32a-automatic-cup-filling-and-sealing-machine-for-two-cups-for-soil-beanmilkfruit-juicemineral-water\/#breadcrumb\"},\"inLanguage\":\"es\",\"potentialAction\":[{\"@type\":\"ReadAction\",\"target\":[\"https:\/\/alfequipment.com\/product\/bg32a-automatic-cup-filling-and-sealing-machine-for-two-cups-for-soil-beanmilkfruit-juicemineral-water\/\"]}]},{\"@type\":\"ImageObject\",\"inLanguage\":\"es\",\"@id\":\"https:\/\/alfequipment.com\/product\/bg32a-automatic-cup-filling-and-sealing-machine-for-two-cups-for-soil-beanmilkfruit-juicemineral-water\/#primaryimage\",\"url\":\"https:\/\/alfequipment.com\/wp-content\/uploads\/2025\/01\/BG32A-automatic-cup-filling-and-sealing-machine.jpg\",\"contentUrl\":\"https:\/\/alfequipment.com\/wp-content\/uploads\/2025\/01\/BG32A-automatic-cup-filling-and-sealing-machine.jpg\",\"width\":800,\"height\":800},{\"@type\":\"BreadcrumbList\",\"@id\":\"https:\/\/alfequipment.com\/product\/bg32a-automatic-cup-filling-and-sealing-machine-for-two-cups-for-soil-beanmilkfruit-juicemineral-water\/#breadcrumb\",\"itemListElement\":[{\"@type\":\"ListItem\",\"position\":1,\"name\":\"Home\",\"item\":\"https:\/\/alfequipment.com\/\"},{\"@type\":\"ListItem\",\"position\":2,\"name\":\"Shop\",\"item\":\"https:\/\/alfequipment.com\/shop\/\"},{\"@type\":\"ListItem\",\"position\":3,\"name\":\"BG32A automatic cup filling and sealing machine (For Two cups) for soil bean,milk,fruit juice,mineral water\"}]},{\"@type\":\"WebSite\",\"@id\":\"https:\/\/alfequipment.com\/#website\",\"url\":\"https:\/\/alfequipment.com\/\",\"name\":\"ALF PACK\",\"description\":\"\",\"publisher\":{\"@id\":\"https:\/\/alfequipment.com\/#organization\"},\"potentialAction\":[{\"@type\":\"SearchAction\",\"target\":{\"@type\":\"EntryPoint\",\"urlTemplate\":\"https:\/\/alfequipment.com\/?s={search_term_string}\"},\"query-input\":{\"@type\":\"PropertyValueSpecification\",\"valueRequired\":true,\"valueName\":\"search_term_string\"}}],\"inLanguage\":\"es\"},{\"@type\":\"Organization\",\"@id\":\"https:\/\/alfequipment.com\/#organization\",\"name\":\"ALF PACK\",\"url\":\"https:\/\/alfequipment.com\/\",\"logo\":{\"@type\":\"ImageObject\",\"inLanguage\":\"es\",\"@id\":\"https:\/\/alfequipment.com\/#\/schema\/logo\/image\/\",\"url\":\"https:\/\/alfequipment.com\/wp-content\/uploads\/2024\/11\/ALFlogo-2.webp\",\"contentUrl\":\"https:\/\/alfequipment.com\/wp-content\/uploads\/2024\/11\/ALFlogo-2.webp\",\"width\":758,\"height\":750,\"caption\":\"ALF PACK\"},\"image\":{\"@id\":\"https:\/\/alfequipment.com\/#\/schema\/logo\/image\/\"}}]}<\/script>\n<!-- \/ Yoast SEO Premium plugin. -->","yoast_head_json":{"title":"BG32A m\u00e1quina autom\u00e1tica de llenado y sellado de tazas (Para dos tazas) para frijol de tierra,leche,zumo de frutas,agua mineral - ALF PACK","robots":{"index":"index","follow":"follow","max-snippet":"max-snippet:-1","max-image-preview":"max-image-preview:large","max-video-preview":"max-video-preview:-1"},"canonical":"https:\/\/alfequipment.com\/es\/product\/bg32a-maquina-automatica-de-llenado-y-sellado-de-tazas-de-dos-tazas-para-el-suelo-beanmilkfruit-juicemineral-water\/","og_locale":"es_ES","og_type":"article","og_title":"BG32A automatic cup filling and sealing machine (For Two cups) for soil bean,milk,fruit juice,mineral water","og_description":"Bg32a Automatic Cup Filling And Sealing Machine (for Two Cups) For Soil Bean Milk Fruit Juice Mineral Water","og_url":"https:\/\/alfequipment.com\/es\/product\/bg32a-maquina-automatica-de-llenado-y-sellado-de-tazas-de-dos-tazas-para-el-suelo-beanmilkfruit-juicemineral-water\/","og_site_name":"ALF PACK","article_modified_time":"2025-01-13T13:09:51+00:00","og_image":[{"width":800,"height":800,"url":"https:\/\/alfequipment.com\/wp-content\/uploads\/2025\/01\/BG32A-automatic-cup-filling-and-sealing-machine.jpg","type":"image\/webp"}],"twitter_card":"summary_large_image","schema":{"@context":"https:\/\/schema.org","@graph":[{"@type":"WebPage","@id":"https:\/\/alfequipment.com\/product\/bg32a-automatic-cup-filling-and-sealing-machine-for-two-cups-for-soil-beanmilkfruit-juicemineral-water\/","url":"https:\/\/alfequipment.com\/product\/bg32a-automatic-cup-filling-and-sealing-machine-for-two-cups-for-soil-beanmilkfruit-juicemineral-water\/","name":"BG32A m\u00e1quina autom\u00e1tica de llenado y sellado de tazas (Para dos tazas) para frijol de tierra,leche,zumo de frutas,agua mineral - ALF PACK","isPartOf":{"@id":"https:\/\/alfequipment.com\/#website"},"primaryImageOfPage":{"@id":"https:\/\/alfequipment.com\/product\/bg32a-automatic-cup-filling-and-sealing-machine-for-two-cups-for-soil-beanmilkfruit-juicemineral-water\/#primaryimage"},"image":{"@id":"https:\/\/alfequipment.com\/product\/bg32a-automatic-cup-filling-and-sealing-machine-for-two-cups-for-soil-beanmilkfruit-juicemineral-water\/#primaryimage"},"thumbnailUrl":"https:\/\/alfequipment.com\/wp-content\/uploads\/2025\/01\/BG32A-automatic-cup-filling-and-sealing-machine.jpg","datePublished":"2025-01-10T00:38:07+00:00","dateModified":"2025-01-13T13:09:51+00:00","breadcrumb":{"@id":"https:\/\/alfequipment.com\/product\/bg32a-automatic-cup-filling-and-sealing-machine-for-two-cups-for-soil-beanmilkfruit-juicemineral-water\/#breadcrumb"},"inLanguage":"es","potentialAction":[{"@type":"ReadAction","target":["https:\/\/alfequipment.com\/product\/bg32a-automatic-cup-filling-and-sealing-machine-for-two-cups-for-soil-beanmilkfruit-juicemineral-water\/"]}]},{"@type":"ImageObject","inLanguage":"es","@id":"https:\/\/alfequipment.com\/product\/bg32a-automatic-cup-filling-and-sealing-machine-for-two-cups-for-soil-beanmilkfruit-juicemineral-water\/#primaryimage","url":"https:\/\/alfequipment.com\/wp-content\/uploads\/2025\/01\/BG32A-automatic-cup-filling-and-sealing-machine.jpg","contentUrl":"https:\/\/alfequipment.com\/wp-content\/uploads\/2025\/01\/BG32A-automatic-cup-filling-and-sealing-machine.jpg","width":800,"height":800},{"@type":"BreadcrumbList","@id":"https:\/\/alfequipment.com\/product\/bg32a-automatic-cup-filling-and-sealing-machine-for-two-cups-for-soil-beanmilkfruit-juicemineral-water\/#breadcrumb","itemListElement":[{"@type":"ListItem","position":1,"name":"Home","item":"https:\/\/alfequipment.com\/"},{"@type":"ListItem","position":2,"name":"Shop","item":"https:\/\/alfequipment.com\/shop\/"},{"@type":"ListItem","position":3,"name":"BG32A automatic cup filling and sealing machine (For Two cups) for soil bean,milk,fruit juice,mineral water"}]},{"@type":"WebSite","@id":"https:\/\/alfequipment.com\/#website","url":"https:\/\/alfequipment.com\/","name":"PAQUETE ALF","description":"","publisher":{"@id":"https:\/\/alfequipment.com\/#organization"},"potentialAction":[{"@type":"SearchAction","target":{"@type":"EntryPoint","urlTemplate":"https:\/\/alfequipment.com\/?s={search_term_string}"},"query-input":{"@type":"PropertyValueSpecification","valueRequired":true,"valueName":"search_term_string"}}],"inLanguage":"es"},{"@type":"Organization","@id":"https:\/\/alfequipment.com\/#organization","name":"PAQUETE ALF","url":"https:\/\/alfequipment.com\/","logo":{"@type":"ImageObject","inLanguage":"es","@id":"https:\/\/alfequipment.com\/#\/schema\/logo\/image\/","url":"https:\/\/alfequipment.com\/wp-content\/uploads\/2024\/11\/ALFlogo-2.webp","contentUrl":"https:\/\/alfequipment.com\/wp-content\/uploads\/2024\/11\/ALFlogo-2.webp","width":758,"height":750,"caption":"ALF PACK"},"image":{"@id":"https:\/\/alfequipment.com\/#\/schema\/logo\/image\/"}}]}},"_links":{"self":[{"href":"https:\/\/alfequipment.com\/es\/wp-json\/wp\/v2\/product\/3014","targetHints":{"allow":["GET"]}}],"collection":[{"href":"https:\/\/alfequipment.com\/es\/wp-json\/wp\/v2\/product"}],"about":[{"href":"https:\/\/alfequipment.com\/es\/wp-json\/wp\/v2\/types\/product"}],"replies":[{"embeddable":true,"href":"https:\/\/alfequipment.com\/es\/wp-json\/wp\/v2\/comments?post=3014"}],"version-history":[{"count":0,"href":"https:\/\/alfequipment.com\/es\/wp-json\/wp\/v2\/product\/3014\/revisions"}],"wp:featuredmedia":[{"embeddable":true,"href":"https:\/\/alfequipment.com\/es\/wp-json\/wp\/v2\/media\/2862"}],"wp:attachment":[{"href":"https:\/\/alfequipment.com\/es\/wp-json\/wp\/v2\/media?parent=3014"}],"wp:term":[{"taxonomy":"product_brand","embeddable":true,"href":"https:\/\/alfequipment.com\/es\/wp-json\/wp\/v2\/product_brand?post=3014"},{"taxonomy":"product_cat","embeddable":true,"href":"https:\/\/alfequipment.com\/es\/wp-json\/wp\/v2\/product_cat?post=3014"},{"taxonomy":"product_tag","embeddable":true,"href":"https:\/\/alfequipment.com\/es\/wp-json\/wp\/v2\/product_tag?post=3014"}],"curies":[{"name":"wp","href":"https:\/\/api.w.org\/{rel}","templated":true}]}}