{"id":3015,"date":"2024-12-18T13:38:38","date_gmt":"2024-12-18T13:38:38","guid":{"rendered":"https:\/\/alfequipment.com\/product\/zy-series-straight-line-automatic-liquid-filling-machine\/"},"modified":"2025-01-15T07:39:14","modified_gmt":"2025-01-15T07:39:14","slug":"maquina-automatica-de-llenado-de-liquidos-en-linea-recta-serie-zy","status":"publish","type":"product","link":"https:\/\/alfequipment.com\/es\/product\/maquina-automatica-de-llenado-de-liquidos-en-linea-recta-serie-zy\/","title":{"rendered":"M\u00e1quina autom\u00e1tica de llenado de l\u00edquidos en l\u00ednea recta serie ZY"},"content":{"rendered":"<div id=\"ali-anchor-description\" data-section=\"description\">\n<p><span style=\"font-size: 16px;\">1,Aplicaci\u00f3n:agua,zumo,bebida,etc.<\/span><\/p>\n<p><span style=\"font-size: 16px;\">2,El control PLC junto con la operaci\u00f3n de la pantalla t\u00e1ctil asegura que el sistema de llenado de la bomba de pist\u00f3n funcione consistentemente.<\/span><\/p>\n<p>&nbsp;<\/p>\n<p><span style=\"font-size: 16px;\">Especificaci\u00f3n:<\/span><\/p>\n<p>&nbsp;<\/p>\n<table class=\"aliDataTable\" border=\"0\">\n<tbody>\n<tr>\n<td width=\"172\">Modelo<\/td>\n<td width=\"99\">ZY-2<\/td>\n<td width=\"98\">ZY-4<\/td>\n<td width=\"99\">ZY-6<\/td>\n<td width=\"100\">ZY-8<\/td>\n<\/tr>\n<tr>\n<td width=\"172\">Producto de relleno<\/td>\n<td colspan=\"4\" width=\"396\">L\u00edquido; agua<\/td>\n<\/tr>\n<tr>\n<td width=\"172\">Boquillas de llenado<\/td>\n<td width=\"99\">2<\/td>\n<td width=\"98\">4<\/td>\n<td width=\"99\">6<\/td>\n<td width=\"100\">8<\/td>\n<\/tr>\n<tr>\n<td width=\"172\">Rango de llenado ideal<\/td>\n<td colspan=\"4\" width=\"396\">20-100ml\/50-250ml\/100-500ml\/200-1000ml\/500-2500ml\/<\/p>\n<p>1000-5000 ml<\/td>\n<\/tr>\n<tr>\n<td width=\"172\">Velocidad de llenado (1000 ml)<\/td>\n<td width=\"99\">480B\/H<\/td>\n<td width=\"98\">960B\/H<\/td>\n<td width=\"99\">1440B\/H<\/td>\n<td width=\"100\">1920B\/H<\/td>\n<\/tr>\n<tr>\n<td width=\"172\">Precisi\u00f3n de llenado<\/td>\n<td colspan=\"4\" width=\"396\">20-1000ml\u22641% 1000-5000ml\u22640.5%<\/td>\n<\/tr>\n<tr>\n<td width=\"172\">Consumo de aire<\/td>\n<td width=\"99\">0,17 m\u00b3\/min<\/td>\n<td width=\"98\">0,25 m\u00b3\/min<\/td>\n<td width=\"99\">0,25 m\u00b3\/min<\/td>\n<td width=\"100\">0,36 m\u00b3\/min<\/td>\n<\/tr>\n<tr>\n<td width=\"172\">Alimentaci\u00f3n<\/td>\n<td colspan=\"4\" width=\"396\">110V220V 50\/60HZ<\/td>\n<\/tr>\n<tr>\n<td width=\"172\">Consumo de energ\u00eda<\/td>\n<td width=\"99\">0,75 kW<\/td>\n<td width=\"98\">1KW<\/td>\n<td width=\"99\">1KW<\/td>\n<td width=\"100\">1KW<\/td>\n<\/tr>\n<\/tbody>\n<\/table>\n<div id=\"ali-anchor-packaging\" style=\"margin-top: 15px; height: auto;\" data-section=\"packaging\"><\/div>\n<\/div>","protected":false},"excerpt":{"rendered":"<p>M\u00e1quina llenadora de l\u00edquidos autom\u00e1tica de l\u00ednea recta<\/p>","protected":false},"featured_media":2864,"comment_status":"closed","ping_status":"closed","template":"","meta":[],"product_brand":[],"product_cat":[101],"product_tag":[],"class_list":{"0":"post-3015","1":"product","2":"type-product","3":"status-publish","4":"has-post-thumbnail","6":"product_cat-filling-machines","7":"rsfv-has-video","9":"first","10":"instock","11":"sale","12":"purchasable","13":"product-type-simple"},"yoast_head":"<!-- This site is optimized with the Yoast SEO Premium plugin v20.9 (Yoast SEO v26.5) - https:\/\/yoast.com\/wordpress\/plugins\/seo\/ -->\n<title>ZY series straight line automatic liquid filling machine - ALF PACK<\/title>\n<meta name=\"robots\" content=\"index, follow, max-snippet:-1, max-image-preview:large, max-video-preview:-1\" \/>\n<link rel=\"canonical\" href=\"https:\/\/alfequipment.com\/es\/product\/maquina-automatica-de-llenado-de-liquidos-en-linea-recta-serie-zy\/\" \/>\n<meta property=\"og:locale\" content=\"es_ES\" \/>\n<meta property=\"og:type\" content=\"article\" \/>\n<meta property=\"og:title\" content=\"ZY series straight line automatic liquid filling machine\" \/>\n<meta property=\"og:description\" content=\"Straight Line Automatic Liquid Filling Machine\" \/>\n<meta property=\"og:url\" content=\"https:\/\/alfequipment.com\/es\/product\/maquina-automatica-de-llenado-de-liquidos-en-linea-recta-serie-zy\/\" \/>\n<meta property=\"og:site_name\" content=\"ALF PACK\" \/>\n<meta property=\"article:modified_time\" content=\"2025-01-15T07:39:14+00:00\" \/>\n<meta property=\"og:image\" content=\"https:\/\/alfequipment.com\/wp-content\/uploads\/2025\/01\/ZY-series-straight-line-automatic-liquid-filling.jpg\" \/>\n\t<meta property=\"og:image:width\" content=\"1000\" \/>\n\t<meta property=\"og:image:height\" content=\"1000\" \/>\n\t<meta property=\"og:image:type\" content=\"image\/webp\" \/>\n<meta name=\"twitter:card\" content=\"summary_large_image\" \/>\n<meta name=\"twitter:label1\" content=\"Tiempo de lectura\" \/>\n\t<meta name=\"twitter:data1\" content=\"1 minuto\" \/>\n<script type=\"application\/ld+json\" class=\"yoast-schema-graph\">{\"@context\":\"https:\/\/schema.org\",\"@graph\":[{\"@type\":\"WebPage\",\"@id\":\"https:\/\/alfequipment.com\/product\/zy-series-straight-line-automatic-liquid-filling-machine\/\",\"url\":\"https:\/\/alfequipment.com\/product\/zy-series-straight-line-automatic-liquid-filling-machine\/\",\"name\":\"ZY series straight line automatic liquid filling machine - ALF PACK\",\"isPartOf\":{\"@id\":\"https:\/\/alfequipment.com\/#website\"},\"primaryImageOfPage\":{\"@id\":\"https:\/\/alfequipment.com\/product\/zy-series-straight-line-automatic-liquid-filling-machine\/#primaryimage\"},\"image\":{\"@id\":\"https:\/\/alfequipment.com\/product\/zy-series-straight-line-automatic-liquid-filling-machine\/#primaryimage\"},\"thumbnailUrl\":\"https:\/\/alfequipment.com\/wp-content\/uploads\/2025\/01\/ZY-series-straight-line-automatic-liquid-filling.jpg\",\"datePublished\":\"2024-12-18T13:38:38+00:00\",\"dateModified\":\"2025-01-15T07:39:14+00:00\",\"breadcrumb\":{\"@id\":\"https:\/\/alfequipment.com\/product\/zy-series-straight-line-automatic-liquid-filling-machine\/#breadcrumb\"},\"inLanguage\":\"es\",\"potentialAction\":[{\"@type\":\"ReadAction\",\"target\":[\"https:\/\/alfequipment.com\/product\/zy-series-straight-line-automatic-liquid-filling-machine\/\"]}]},{\"@type\":\"ImageObject\",\"inLanguage\":\"es\",\"@id\":\"https:\/\/alfequipment.com\/product\/zy-series-straight-line-automatic-liquid-filling-machine\/#primaryimage\",\"url\":\"https:\/\/alfequipment.com\/wp-content\/uploads\/2025\/01\/ZY-series-straight-line-automatic-liquid-filling.jpg\",\"contentUrl\":\"https:\/\/alfequipment.com\/wp-content\/uploads\/2025\/01\/ZY-series-straight-line-automatic-liquid-filling.jpg\",\"width\":1000,\"height\":1000},{\"@type\":\"BreadcrumbList\",\"@id\":\"https:\/\/alfequipment.com\/product\/zy-series-straight-line-automatic-liquid-filling-machine\/#breadcrumb\",\"itemListElement\":[{\"@type\":\"ListItem\",\"position\":1,\"name\":\"Home\",\"item\":\"https:\/\/alfequipment.com\/\"},{\"@type\":\"ListItem\",\"position\":2,\"name\":\"Shop\",\"item\":\"https:\/\/alfequipment.com\/shop\/\"},{\"@type\":\"ListItem\",\"position\":3,\"name\":\"ZY series straight line automatic liquid filling machine\"}]},{\"@type\":\"WebSite\",\"@id\":\"https:\/\/alfequipment.com\/#website\",\"url\":\"https:\/\/alfequipment.com\/\",\"name\":\"ALF PACK\",\"description\":\"\",\"publisher\":{\"@id\":\"https:\/\/alfequipment.com\/#organization\"},\"potentialAction\":[{\"@type\":\"SearchAction\",\"target\":{\"@type\":\"EntryPoint\",\"urlTemplate\":\"https:\/\/alfequipment.com\/?s={search_term_string}\"},\"query-input\":{\"@type\":\"PropertyValueSpecification\",\"valueRequired\":true,\"valueName\":\"search_term_string\"}}],\"inLanguage\":\"es\"},{\"@type\":\"Organization\",\"@id\":\"https:\/\/alfequipment.com\/#organization\",\"name\":\"ALF PACK\",\"url\":\"https:\/\/alfequipment.com\/\",\"logo\":{\"@type\":\"ImageObject\",\"inLanguage\":\"es\",\"@id\":\"https:\/\/alfequipment.com\/#\/schema\/logo\/image\/\",\"url\":\"https:\/\/alfequipment.com\/wp-content\/uploads\/2024\/11\/ALFlogo-2.webp\",\"contentUrl\":\"https:\/\/alfequipment.com\/wp-content\/uploads\/2024\/11\/ALFlogo-2.webp\",\"width\":758,\"height\":750,\"caption\":\"ALF PACK\"},\"image\":{\"@id\":\"https:\/\/alfequipment.com\/#\/schema\/logo\/image\/\"}}]}<\/script>\n<!-- \/ Yoast SEO Premium plugin. -->","yoast_head_json":{"title":"M\u00e1quina autom\u00e1tica de llenado de l\u00edquidos en l\u00ednea recta serie ZY - ALF PACK","robots":{"index":"index","follow":"follow","max-snippet":"max-snippet:-1","max-image-preview":"max-image-preview:large","max-video-preview":"max-video-preview:-1"},"canonical":"https:\/\/alfequipment.com\/es\/product\/maquina-automatica-de-llenado-de-liquidos-en-linea-recta-serie-zy\/","og_locale":"es_ES","og_type":"article","og_title":"ZY series straight line automatic liquid filling machine","og_description":"Straight Line Automatic Liquid Filling Machine","og_url":"https:\/\/alfequipment.com\/es\/product\/maquina-automatica-de-llenado-de-liquidos-en-linea-recta-serie-zy\/","og_site_name":"ALF PACK","article_modified_time":"2025-01-15T07:39:14+00:00","og_image":[{"width":1000,"height":1000,"url":"https:\/\/alfequipment.com\/wp-content\/uploads\/2025\/01\/ZY-series-straight-line-automatic-liquid-filling.jpg","type":"image\/webp"}],"twitter_card":"summary_large_image","twitter_misc":{"Tiempo de lectura":"1 minuto"},"schema":{"@context":"https:\/\/schema.org","@graph":[{"@type":"WebPage","@id":"https:\/\/alfequipment.com\/product\/zy-series-straight-line-automatic-liquid-filling-machine\/","url":"https:\/\/alfequipment.com\/product\/zy-series-straight-line-automatic-liquid-filling-machine\/","name":"M\u00e1quina autom\u00e1tica de llenado de l\u00edquidos en l\u00ednea recta serie ZY - ALF PACK","isPartOf":{"@id":"https:\/\/alfequipment.com\/#website"},"primaryImageOfPage":{"@id":"https:\/\/alfequipment.com\/product\/zy-series-straight-line-automatic-liquid-filling-machine\/#primaryimage"},"image":{"@id":"https:\/\/alfequipment.com\/product\/zy-series-straight-line-automatic-liquid-filling-machine\/#primaryimage"},"thumbnailUrl":"https:\/\/alfequipment.com\/wp-content\/uploads\/2025\/01\/ZY-series-straight-line-automatic-liquid-filling.jpg","datePublished":"2024-12-18T13:38:38+00:00","dateModified":"2025-01-15T07:39:14+00:00","breadcrumb":{"@id":"https:\/\/alfequipment.com\/product\/zy-series-straight-line-automatic-liquid-filling-machine\/#breadcrumb"},"inLanguage":"es","potentialAction":[{"@type":"ReadAction","target":["https:\/\/alfequipment.com\/product\/zy-series-straight-line-automatic-liquid-filling-machine\/"]}]},{"@type":"ImageObject","inLanguage":"es","@id":"https:\/\/alfequipment.com\/product\/zy-series-straight-line-automatic-liquid-filling-machine\/#primaryimage","url":"https:\/\/alfequipment.com\/wp-content\/uploads\/2025\/01\/ZY-series-straight-line-automatic-liquid-filling.jpg","contentUrl":"https:\/\/alfequipment.com\/wp-content\/uploads\/2025\/01\/ZY-series-straight-line-automatic-liquid-filling.jpg","width":1000,"height":1000},{"@type":"BreadcrumbList","@id":"https:\/\/alfequipment.com\/product\/zy-series-straight-line-automatic-liquid-filling-machine\/#breadcrumb","itemListElement":[{"@type":"ListItem","position":1,"name":"Home","item":"https:\/\/alfequipment.com\/"},{"@type":"ListItem","position":2,"name":"Shop","item":"https:\/\/alfequipment.com\/shop\/"},{"@type":"ListItem","position":3,"name":"ZY series straight line automatic liquid filling machine"}]},{"@type":"WebSite","@id":"https:\/\/alfequipment.com\/#website","url":"https:\/\/alfequipment.com\/","name":"PAQUETE ALF","description":"","publisher":{"@id":"https:\/\/alfequipment.com\/#organization"},"potentialAction":[{"@type":"SearchAction","target":{"@type":"EntryPoint","urlTemplate":"https:\/\/alfequipment.com\/?s={search_term_string}"},"query-input":{"@type":"PropertyValueSpecification","valueRequired":true,"valueName":"search_term_string"}}],"inLanguage":"es"},{"@type":"Organization","@id":"https:\/\/alfequipment.com\/#organization","name":"PAQUETE ALF","url":"https:\/\/alfequipment.com\/","logo":{"@type":"ImageObject","inLanguage":"es","@id":"https:\/\/alfequipment.com\/#\/schema\/logo\/image\/","url":"https:\/\/alfequipment.com\/wp-content\/uploads\/2024\/11\/ALFlogo-2.webp","contentUrl":"https:\/\/alfequipment.com\/wp-content\/uploads\/2024\/11\/ALFlogo-2.webp","width":758,"height":750,"caption":"ALF PACK"},"image":{"@id":"https:\/\/alfequipment.com\/#\/schema\/logo\/image\/"}}]}},"_links":{"self":[{"href":"https:\/\/alfequipment.com\/es\/wp-json\/wp\/v2\/product\/3015","targetHints":{"allow":["GET"]}}],"collection":[{"href":"https:\/\/alfequipment.com\/es\/wp-json\/wp\/v2\/product"}],"about":[{"href":"https:\/\/alfequipment.com\/es\/wp-json\/wp\/v2\/types\/product"}],"replies":[{"embeddable":true,"href":"https:\/\/alfequipment.com\/es\/wp-json\/wp\/v2\/comments?post=3015"}],"version-history":[{"count":0,"href":"https:\/\/alfequipment.com\/es\/wp-json\/wp\/v2\/product\/3015\/revisions"}],"wp:featuredmedia":[{"embeddable":true,"href":"https:\/\/alfequipment.com\/es\/wp-json\/wp\/v2\/media\/2864"}],"wp:attachment":[{"href":"https:\/\/alfequipment.com\/es\/wp-json\/wp\/v2\/media?parent=3015"}],"wp:term":[{"taxonomy":"product_brand","embeddable":true,"href":"https:\/\/alfequipment.com\/es\/wp-json\/wp\/v2\/product_brand?post=3015"},{"taxonomy":"product_cat","embeddable":true,"href":"https:\/\/alfequipment.com\/es\/wp-json\/wp\/v2\/product_cat?post=3015"},{"taxonomy":"product_tag","embeddable":true,"href":"https:\/\/alfequipment.com\/es\/wp-json\/wp\/v2\/product_tag?post=3015"}],"curies":[{"name":"wp","href":"https:\/\/api.w.org\/{rel}","templated":true}]}}