{"id":3017,"date":"2024-12-25T14:10:34","date_gmt":"2024-12-25T14:10:34","guid":{"rendered":"https:\/\/alfequipment.com\/product\/jgs-980-multi-purpose-locking-and-capping-machine-glass-bottle-cap-locking-machine\/"},"modified":"2025-01-13T13:09:55","modified_gmt":"2025-01-13T13:09:55","slug":"jgs-980-multiproposito-de-bloqueo-y-tapado-de-la-maquina-de-vidrio-tapa-de-la-botella-de-bloqueo-de-la-maquina","status":"publish","type":"product","link":"https:\/\/alfequipment.com\/es\/product\/jgs-980-multiproposito-de-bloqueo-y-tapado-de-la-maquina-de-vidrio-tapa-de-la-botella-de-bloqueo-de-la-maquina\/","title":{"rendered":"JGS-980 M\u00e1quina taponadora y cerradora multiusos M\u00e1quina taponadora de botellas de vidrio"},"content":{"rendered":"<p><span style=\"font-family: Verdana, Arial, Helvetica, sans-serif; font-size: 14px;\">La m\u00e1quina de cierre y tapado multiuso de la serie JGS es adecuada para el cierre\/tapado a prueba de robos de la carcasa giratoria, el tap\u00f3n giratorio y el gofrado en varios tipos de botellas de vidrio, pl\u00e1stico, porcelana y poli\u00e9ster.<\/span><\/p>\n<p>&nbsp;<\/p>\n<p><span style=\"font-size: 18px;\">Especificaci\u00f3n:<\/span><\/p>\n<table class=\"aliDataTable\" style=\"width: 463px;\" border=\"0\" cellspacing=\"0\" cellpadding=\"0\">\n<tbody>\n<tr>\n<td>\n<p><span style=\"font-size: 14px;\">Modelo<\/span><\/p>\n<\/td>\n<td>\n<p><span style=\"font-size: 14px;\">JGS-980<\/span><\/p>\n<\/td>\n<td>\n<p><span style=\"font-size: 14px;\">JGS-880<\/span><\/p>\n<\/td>\n<\/tr>\n<tr>\n<td>\n<p><span style=\"font-size: 14px;\">Potencia<\/span><\/p>\n<\/td>\n<td>\n<p><span style=\"font-size: 14px;\">220V\/50HZ<\/span><\/p>\n<\/td>\n<td>\n<p><span style=\"font-size: 14px;\">220V\/50HZ<\/span><\/p>\n<\/td>\n<\/tr>\n<tr>\n<td>\n<p><span style=\"font-size: 14px;\">Capacidad<\/span><\/p>\n<\/td>\n<td>\n<p><span style=\"font-size: 14px;\">1000 botellas\/hora<\/span><\/p>\n<\/td>\n<td>\n<p><span style=\"font-size: 14px;\">800 botellas\/hora<\/span><\/p>\n<\/td>\n<\/tr>\n<tr>\n<td>\n<p><span style=\"font-size: 14px;\">Calibre<\/span><\/p>\n<\/td>\n<td>\n<p><span style=\"font-size: 14px;\">20-35 mm<\/span><\/p>\n<\/td>\n<td>\n<p><span style=\"font-size: 14px;\">20-35 mm<\/span><\/p>\n<\/td>\n<\/tr>\n<tr>\n<td>\n<p><span style=\"font-size: 14px;\">Altura de la botella<\/span><\/p>\n<\/td>\n<td>\n<p><span style=\"font-size: 14px;\">20-350 mm<\/span><\/p>\n<\/td>\n<td>\n<p><span style=\"font-size: 14px;\">70-330 mm<\/span><\/p>\n<\/td>\n<\/tr>\n<tr>\n<td>\n<p><span style=\"font-size: 14px;\">Peso de la m\u00e1quina<\/span><\/p>\n<\/td>\n<td>\n<p><span style=\"font-size: 14px;\">82 kg<\/span><\/p>\n<\/td>\n<td>\n<p><span style=\"font-size: 14px;\">72 kg<\/span><\/p>\n<\/td>\n<\/tr>\n<tr>\n<td>\n<p><span style=\"font-size: 14px;\">Dimensi\u00f3n de la m\u00e1quina<\/span><\/p>\n<\/td>\n<td>\n<p><span style=\"font-size: 14px;\">700*340*1260mm<\/span><\/p>\n<\/td>\n<td>\n<p><span style=\"font-size: 14px;\">605*300*970mm<\/span><\/p>\n<\/td>\n<\/tr>\n<\/tbody>\n<\/table>\n<p>&nbsp;<\/p>\n<p><img decoding=\"async\" src=\"https:\/\/sc01.alicdn.com\/kf\/H8eb7c1c47bac41de9ab4a0605449ad3bI\/64496\/H8eb7c1c47bac41de9ab4a0605449ad3bI.jpg\" data-alt=\"JGS-980 Multi-purpose Locking And Capping Machine glass bottle cap locking machine\" data-width=\"500\" data-height=\"345\" ori-width=\"640\" ori-height=\"442\" class=\"aligncenter\"><img decoding=\"async\" src=\"https:\/\/sc02.alicdn.com\/kf\/Hf8dd628c4c09411198d20f64e1b98042P\/64496\/Hf8dd628c4c09411198d20f64e1b98042P.jpg\" data-alt=\"JGS-980 Multi-purpose Locking And Capping Machine glass bottle cap locking machine\" data-width=\"500\" data-height=\"500\" ori-width=\"500\" ori-height=\"500\" class=\"aligncenter\"><\/p>\n<p>&nbsp;<\/p><\/p>","protected":false},"excerpt":{"rendered":"<p>M\u00e1quina tapadora multiprop\u00f3sito Jgs-980 M\u00e1quina tapadora de botellas de vidrio<\/p>","protected":false},"featured_media":2868,"comment_status":"closed","ping_status":"open","template":"","meta":[],"product_brand":[],"product_cat":[103],"product_tag":[],"class_list":{"0":"post-3017","1":"product","2":"type-product","3":"status-publish","4":"has-post-thumbnail","6":"product_cat-capping-machines","8":"first","9":"instock","10":"sale","11":"purchasable","12":"product-type-simple"},"yoast_head":"<!-- This site is optimized with the Yoast SEO Premium plugin v20.9 (Yoast SEO v26.5) - https:\/\/yoast.com\/wordpress\/plugins\/seo\/ -->\n<title>JGS-980 Multi-purpose Locking And Capping Machine glass bottle cap locking machine - ALF PACK<\/title>\n<meta name=\"robots\" content=\"index, follow, max-snippet:-1, max-image-preview:large, max-video-preview:-1\" \/>\n<link rel=\"canonical\" href=\"https:\/\/alfequipment.com\/es\/product\/jgs-980-multiproposito-de-bloqueo-y-tapado-de-la-maquina-de-vidrio-tapa-de-la-botella-de-bloqueo-de-la-maquina\/\" \/>\n<meta property=\"og:locale\" content=\"es_ES\" \/>\n<meta property=\"og:type\" content=\"article\" \/>\n<meta property=\"og:title\" content=\"JGS-980 Multi-purpose Locking And Capping Machine glass bottle cap locking machine\" \/>\n<meta property=\"og:description\" content=\"Multi-purpose Locking And Capping Machine Jgs-980 Glass Bottle Cap Locking Machine\" \/>\n<meta property=\"og:url\" content=\"https:\/\/alfequipment.com\/es\/product\/jgs-980-multiproposito-de-bloqueo-y-tapado-de-la-maquina-de-vidrio-tapa-de-la-botella-de-bloqueo-de-la-maquina\/\" \/>\n<meta property=\"og:site_name\" content=\"ALF PACK\" \/>\n<meta property=\"article:modified_time\" content=\"2025-01-13T13:09:55+00:00\" \/>\n<meta property=\"og:image\" content=\"https:\/\/alfequipment.com\/wp-content\/uploads\/2025\/01\/JGS-980-Multi-purpose-Locking-And-Capping.jpg\" \/>\n\t<meta property=\"og:image:width\" content=\"800\" \/>\n\t<meta property=\"og:image:height\" content=\"800\" \/>\n\t<meta property=\"og:image:type\" content=\"image\/webp\" \/>\n<meta name=\"twitter:card\" content=\"summary_large_image\" \/>\n<script type=\"application\/ld+json\" class=\"yoast-schema-graph\">{\"@context\":\"https:\/\/schema.org\",\"@graph\":[{\"@type\":\"WebPage\",\"@id\":\"https:\/\/alfequipment.com\/product\/jgs-980-multi-purpose-locking-and-capping-machine-glass-bottle-cap-locking-machine\/\",\"url\":\"https:\/\/alfequipment.com\/product\/jgs-980-multi-purpose-locking-and-capping-machine-glass-bottle-cap-locking-machine\/\",\"name\":\"JGS-980 Multi-purpose Locking And Capping Machine glass bottle cap locking machine - ALF PACK\",\"isPartOf\":{\"@id\":\"https:\/\/alfequipment.com\/#website\"},\"primaryImageOfPage\":{\"@id\":\"https:\/\/alfequipment.com\/product\/jgs-980-multi-purpose-locking-and-capping-machine-glass-bottle-cap-locking-machine\/#primaryimage\"},\"image\":{\"@id\":\"https:\/\/alfequipment.com\/product\/jgs-980-multi-purpose-locking-and-capping-machine-glass-bottle-cap-locking-machine\/#primaryimage\"},\"thumbnailUrl\":\"https:\/\/alfequipment.com\/wp-content\/uploads\/2025\/01\/JGS-980-Multi-purpose-Locking-And-Capping.jpg\",\"datePublished\":\"2024-12-25T14:10:34+00:00\",\"dateModified\":\"2025-01-13T13:09:55+00:00\",\"breadcrumb\":{\"@id\":\"https:\/\/alfequipment.com\/product\/jgs-980-multi-purpose-locking-and-capping-machine-glass-bottle-cap-locking-machine\/#breadcrumb\"},\"inLanguage\":\"es\",\"potentialAction\":[{\"@type\":\"ReadAction\",\"target\":[\"https:\/\/alfequipment.com\/product\/jgs-980-multi-purpose-locking-and-capping-machine-glass-bottle-cap-locking-machine\/\"]}]},{\"@type\":\"ImageObject\",\"inLanguage\":\"es\",\"@id\":\"https:\/\/alfequipment.com\/product\/jgs-980-multi-purpose-locking-and-capping-machine-glass-bottle-cap-locking-machine\/#primaryimage\",\"url\":\"https:\/\/alfequipment.com\/wp-content\/uploads\/2025\/01\/JGS-980-Multi-purpose-Locking-And-Capping.jpg\",\"contentUrl\":\"https:\/\/alfequipment.com\/wp-content\/uploads\/2025\/01\/JGS-980-Multi-purpose-Locking-And-Capping.jpg\",\"width\":800,\"height\":800},{\"@type\":\"BreadcrumbList\",\"@id\":\"https:\/\/alfequipment.com\/product\/jgs-980-multi-purpose-locking-and-capping-machine-glass-bottle-cap-locking-machine\/#breadcrumb\",\"itemListElement\":[{\"@type\":\"ListItem\",\"position\":1,\"name\":\"Home\",\"item\":\"https:\/\/alfequipment.com\/\"},{\"@type\":\"ListItem\",\"position\":2,\"name\":\"Shop\",\"item\":\"https:\/\/alfequipment.com\/shop\/\"},{\"@type\":\"ListItem\",\"position\":3,\"name\":\"JGS-980 Multi-purpose Locking And Capping Machine glass bottle cap locking machine\"}]},{\"@type\":\"WebSite\",\"@id\":\"https:\/\/alfequipment.com\/#website\",\"url\":\"https:\/\/alfequipment.com\/\",\"name\":\"ALF PACK\",\"description\":\"\",\"publisher\":{\"@id\":\"https:\/\/alfequipment.com\/#organization\"},\"potentialAction\":[{\"@type\":\"SearchAction\",\"target\":{\"@type\":\"EntryPoint\",\"urlTemplate\":\"https:\/\/alfequipment.com\/?s={search_term_string}\"},\"query-input\":{\"@type\":\"PropertyValueSpecification\",\"valueRequired\":true,\"valueName\":\"search_term_string\"}}],\"inLanguage\":\"es\"},{\"@type\":\"Organization\",\"@id\":\"https:\/\/alfequipment.com\/#organization\",\"name\":\"ALF PACK\",\"url\":\"https:\/\/alfequipment.com\/\",\"logo\":{\"@type\":\"ImageObject\",\"inLanguage\":\"es\",\"@id\":\"https:\/\/alfequipment.com\/#\/schema\/logo\/image\/\",\"url\":\"https:\/\/alfequipment.com\/wp-content\/uploads\/2024\/11\/ALFlogo-2.webp\",\"contentUrl\":\"https:\/\/alfequipment.com\/wp-content\/uploads\/2024\/11\/ALFlogo-2.webp\",\"width\":758,\"height\":750,\"caption\":\"ALF PACK\"},\"image\":{\"@id\":\"https:\/\/alfequipment.com\/#\/schema\/logo\/image\/\"}}]}<\/script>\n<!-- \/ Yoast SEO Premium plugin. -->","yoast_head_json":{"title":"JGS-980 M\u00e1quina de cierre y tapado multiusos M\u00e1quina de cierre de tapones de botellas de vidrio - ALF PACK","robots":{"index":"index","follow":"follow","max-snippet":"max-snippet:-1","max-image-preview":"max-image-preview:large","max-video-preview":"max-video-preview:-1"},"canonical":"https:\/\/alfequipment.com\/es\/product\/jgs-980-multiproposito-de-bloqueo-y-tapado-de-la-maquina-de-vidrio-tapa-de-la-botella-de-bloqueo-de-la-maquina\/","og_locale":"es_ES","og_type":"article","og_title":"JGS-980 Multi-purpose Locking And Capping Machine glass bottle cap locking machine","og_description":"Multi-purpose Locking And Capping Machine Jgs-980 Glass Bottle Cap Locking Machine","og_url":"https:\/\/alfequipment.com\/es\/product\/jgs-980-multiproposito-de-bloqueo-y-tapado-de-la-maquina-de-vidrio-tapa-de-la-botella-de-bloqueo-de-la-maquina\/","og_site_name":"ALF PACK","article_modified_time":"2025-01-13T13:09:55+00:00","og_image":[{"width":800,"height":800,"url":"https:\/\/alfequipment.com\/wp-content\/uploads\/2025\/01\/JGS-980-Multi-purpose-Locking-And-Capping.jpg","type":"image\/webp"}],"twitter_card":"summary_large_image","schema":{"@context":"https:\/\/schema.org","@graph":[{"@type":"WebPage","@id":"https:\/\/alfequipment.com\/product\/jgs-980-multi-purpose-locking-and-capping-machine-glass-bottle-cap-locking-machine\/","url":"https:\/\/alfequipment.com\/product\/jgs-980-multi-purpose-locking-and-capping-machine-glass-bottle-cap-locking-machine\/","name":"JGS-980 M\u00e1quina de cierre y tapado multiusos M\u00e1quina de cierre de tapones de botellas de vidrio - ALF PACK","isPartOf":{"@id":"https:\/\/alfequipment.com\/#website"},"primaryImageOfPage":{"@id":"https:\/\/alfequipment.com\/product\/jgs-980-multi-purpose-locking-and-capping-machine-glass-bottle-cap-locking-machine\/#primaryimage"},"image":{"@id":"https:\/\/alfequipment.com\/product\/jgs-980-multi-purpose-locking-and-capping-machine-glass-bottle-cap-locking-machine\/#primaryimage"},"thumbnailUrl":"https:\/\/alfequipment.com\/wp-content\/uploads\/2025\/01\/JGS-980-Multi-purpose-Locking-And-Capping.jpg","datePublished":"2024-12-25T14:10:34+00:00","dateModified":"2025-01-13T13:09:55+00:00","breadcrumb":{"@id":"https:\/\/alfequipment.com\/product\/jgs-980-multi-purpose-locking-and-capping-machine-glass-bottle-cap-locking-machine\/#breadcrumb"},"inLanguage":"es","potentialAction":[{"@type":"ReadAction","target":["https:\/\/alfequipment.com\/product\/jgs-980-multi-purpose-locking-and-capping-machine-glass-bottle-cap-locking-machine\/"]}]},{"@type":"ImageObject","inLanguage":"es","@id":"https:\/\/alfequipment.com\/product\/jgs-980-multi-purpose-locking-and-capping-machine-glass-bottle-cap-locking-machine\/#primaryimage","url":"https:\/\/alfequipment.com\/wp-content\/uploads\/2025\/01\/JGS-980-Multi-purpose-Locking-And-Capping.jpg","contentUrl":"https:\/\/alfequipment.com\/wp-content\/uploads\/2025\/01\/JGS-980-Multi-purpose-Locking-And-Capping.jpg","width":800,"height":800},{"@type":"BreadcrumbList","@id":"https:\/\/alfequipment.com\/product\/jgs-980-multi-purpose-locking-and-capping-machine-glass-bottle-cap-locking-machine\/#breadcrumb","itemListElement":[{"@type":"ListItem","position":1,"name":"Home","item":"https:\/\/alfequipment.com\/"},{"@type":"ListItem","position":2,"name":"Shop","item":"https:\/\/alfequipment.com\/shop\/"},{"@type":"ListItem","position":3,"name":"JGS-980 Multi-purpose Locking And Capping Machine glass bottle cap locking machine"}]},{"@type":"WebSite","@id":"https:\/\/alfequipment.com\/#website","url":"https:\/\/alfequipment.com\/","name":"PAQUETE ALF","description":"","publisher":{"@id":"https:\/\/alfequipment.com\/#organization"},"potentialAction":[{"@type":"SearchAction","target":{"@type":"EntryPoint","urlTemplate":"https:\/\/alfequipment.com\/?s={search_term_string}"},"query-input":{"@type":"PropertyValueSpecification","valueRequired":true,"valueName":"search_term_string"}}],"inLanguage":"es"},{"@type":"Organization","@id":"https:\/\/alfequipment.com\/#organization","name":"PAQUETE ALF","url":"https:\/\/alfequipment.com\/","logo":{"@type":"ImageObject","inLanguage":"es","@id":"https:\/\/alfequipment.com\/#\/schema\/logo\/image\/","url":"https:\/\/alfequipment.com\/wp-content\/uploads\/2024\/11\/ALFlogo-2.webp","contentUrl":"https:\/\/alfequipment.com\/wp-content\/uploads\/2024\/11\/ALFlogo-2.webp","width":758,"height":750,"caption":"ALF PACK"},"image":{"@id":"https:\/\/alfequipment.com\/#\/schema\/logo\/image\/"}}]}},"_links":{"self":[{"href":"https:\/\/alfequipment.com\/es\/wp-json\/wp\/v2\/product\/3017","targetHints":{"allow":["GET"]}}],"collection":[{"href":"https:\/\/alfequipment.com\/es\/wp-json\/wp\/v2\/product"}],"about":[{"href":"https:\/\/alfequipment.com\/es\/wp-json\/wp\/v2\/types\/product"}],"replies":[{"embeddable":true,"href":"https:\/\/alfequipment.com\/es\/wp-json\/wp\/v2\/comments?post=3017"}],"version-history":[{"count":0,"href":"https:\/\/alfequipment.com\/es\/wp-json\/wp\/v2\/product\/3017\/revisions"}],"wp:featuredmedia":[{"embeddable":true,"href":"https:\/\/alfequipment.com\/es\/wp-json\/wp\/v2\/media\/2868"}],"wp:attachment":[{"href":"https:\/\/alfequipment.com\/es\/wp-json\/wp\/v2\/media?parent=3017"}],"wp:term":[{"taxonomy":"product_brand","embeddable":true,"href":"https:\/\/alfequipment.com\/es\/wp-json\/wp\/v2\/product_brand?post=3017"},{"taxonomy":"product_cat","embeddable":true,"href":"https:\/\/alfequipment.com\/es\/wp-json\/wp\/v2\/product_cat?post=3017"},{"taxonomy":"product_tag","embeddable":true,"href":"https:\/\/alfequipment.com\/es\/wp-json\/wp\/v2\/product_tag?post=3017"}],"curies":[{"name":"wp","href":"https:\/\/api.w.org\/{rel}","templated":true}]}}