{"id":3022,"date":"2024-12-12T07:25:35","date_gmt":"2024-12-12T07:25:35","guid":{"rendered":"https:\/\/alfequipment.com\/product\/tdy-300c-desktop-electric-pad-printer-coding-machine\/"},"modified":"2025-01-13T13:09:58","modified_gmt":"2025-01-13T13:09:58","slug":"tdy-300c-impresora-electrica-de-sobremesa-por-tampon-codificadora","status":"publish","type":"product","link":"https:\/\/alfequipment.com\/es\/product\/tdy-300c-impresora-electrica-de-sobremesa-por-tampon-codificadora\/","title":{"rendered":"TDY-300C M\u00e1quina codificadora el\u00e9ctrica de sobremesa por tamp\u00f3n"},"content":{"rendered":"<p><span style=\"font-size: 12pt;\">Las impresoras de la serie TDY se utilizan para imprimir la fecha de fabricaci\u00f3n\/ caducidad, el n\u00famero de lote o el logotipo en botellas, papeles, vasos o cajas de cualquier tipo de material, como pl\u00e1stico o metal, con una velocidad de impresi\u00f3n r\u00e1pida y una forma de letra bonita y clara. La velocidad de impresi\u00f3n es ajustable. La fecha o el signo se cincela mediante reacci\u00f3n qu\u00edmica en el tablero de impresi\u00f3n de acero.<\/span><\/p>\n<p><strong><span style=\"font-size: 12pt;\">TDY-380A <\/span><\/strong><span style=\"font-size: 12pt;\">La impresora de almohadillas es un modelo de rascador de cuchillas.<\/span><\/p>\n<p><strong><span style=\"font-size: 12pt;\">TDY-380B<\/span><\/strong><span style=\"font-size: 12pt;\"> La tinta se mantiene en el tintero, por lo que tiene la ventaja de mantener la tinta limpia y ahorrar tinta y evitar que la tinta se seque sobre el modelo de rascador de cuchilla. Adem\u00e1s, el tablero de impresi\u00f3n redonda tiene c\u00edrculo giratorio interior que agrandar palabras de impresi\u00f3n.<\/span><\/p>\n<p><strong><span style=\"font-size: 12pt;\">TDY-300C<\/span><\/strong><span style=\"font-size: 12pt;\"> La tinta se mantiene en el tintero, por lo que tiene la ventaja de mantener la tinta limpia y ahorrar tinta y evitar que la tinta se seque sobre el modelo de rascador de cuchilla. Adem\u00e1s, el c\u00edrculo raspador de acero dura mucho tiempo. Y la absorci\u00f3n magn\u00e9tica entre la taza y el tablero de impresi\u00f3n de acero permite que la tinta se selle en la taza de tinta perfectamente.<\/span><\/p>\n<p>&nbsp;<\/p>\n<p><span style=\"font-size: 16px;\"><strong>Especificaci\u00f3n:<\/strong><\/span><\/p>\n<table class=\"aliDataTable\" style=\"word-wrap: break-word; margin: 0px; padding: 0px; font-family: arial; font-size: 12px; line-height: 15px; color: #000000;\" border=\"1\" cellspacing=\"0\" cellpadding=\"0\">\n<tbody>\n<tr style=\"margin: 0px; padding: 0px; font-size: inherit; font-style: inherit; font-weight: inherit; line-height: inherit; height: 14.25pt;\" align=\"middle\">\n<td style=\"word-wrap: break-word; overflow: hidden; margin: 0px; font-size: inherit; font-style: inherit; line-height: inherit; text-align: left; width: 117.75pt; float: none !important;\" align=\"left\">\n<p style=\"word-wrap: break-word; border: 0px; font-size: inherit; font-style: inherit; font-weight: inherit; line-height: inherit; vertical-align: baseline;\"><span style=\"margin: 0px; padding: 0px; border: 0px; font-family: Arial; font-size: inherit; font-style: inherit; font-weight: inherit; line-height: 18px; vertical-align: baseline;\">Modelo<\/span><\/p>\n<\/td>\n<td style=\"word-wrap: break-word; overflow: hidden; margin: 0px; font-size: inherit; font-style: inherit; line-height: inherit; text-align: left; width: 108pt; float: none !important;\">\n<p style=\"word-wrap: break-word; border: 0px; font-size: inherit; font-style: inherit; font-weight: inherit; line-height: inherit; vertical-align: baseline;\"><span style=\"margin: 0px; padding: 0px; border: 0px; font-family: Arial; font-size: inherit; font-style: inherit; font-weight: inherit; line-height: 18px; vertical-align: baseline;\">TDY-380A<\/span><\/p>\n<\/td>\n<td style=\"word-wrap: break-word; overflow: hidden; margin: 0px; font-size: inherit; font-style: inherit; line-height: inherit; text-align: left; width: 108pt; float: none !important;\">\n<p style=\"word-wrap: break-word; border: 0px; font-size: inherit; font-style: inherit; font-weight: inherit; line-height: inherit; vertical-align: baseline;\"><span style=\"margin: 0px; padding: 0px; border: 0px; font-family: Arial; font-size: inherit; font-style: inherit; font-weight: inherit; line-height: 18px; vertical-align: baseline; color: #000000;\">TDY-380B<\/span><\/p>\n<\/td>\n<td style=\"word-wrap: break-word; overflow: hidden; margin: 0px; font-size: inherit; font-style: inherit; line-height: inherit; text-align: left; width: 108pt; float: none !important;\">\n<p style=\"word-wrap: break-word; border: 0px; font-size: inherit; font-style: inherit; font-weight: inherit; line-height: inherit; vertical-align: baseline;\"><span style=\"margin: 0px; padding: 0px; border: 0px; font-family: Arial; font-size: inherit; font-style: inherit; font-weight: inherit; line-height: 18px; vertical-align: baseline; color: #ff0000;\">TDY-300C<\/span><\/p>\n<\/td>\n<\/tr>\n<tr style=\"margin: 0px; padding: 0px; font-size: inherit; font-style: inherit; font-weight: inherit; line-height: inherit; height: 14.25pt;\" align=\"middle\">\n<td style=\"word-wrap: break-word; overflow: hidden; margin: 0px; font-size: inherit; font-style: inherit; line-height: inherit; text-align: left; float: none !important;\" align=\"left\">\n<p style=\"word-wrap: break-word; border: 0px; font-size: inherit; font-style: inherit; font-weight: inherit; line-height: inherit; vertical-align: baseline;\"><span style=\"margin: 0px; padding: 0px; border: 0px; font-family: Arial; font-size: inherit; font-style: inherit; font-weight: inherit; line-height: 18px; vertical-align: baseline;\">Modo de funcionamiento<\/span><\/p>\n<\/td>\n<td style=\"word-wrap: break-word; overflow: hidden; margin: 0px; font-size: inherit; font-style: inherit; line-height: inherit; text-align: left; float: none !important;\" colspan=\"3\">\n<p style=\"word-wrap: break-word; border: 0px; font-size: inherit; font-style: inherit; font-weight: inherit; line-height: inherit; vertical-align: baseline; text-align: center;\"><span style=\"margin: 0px; padding: 0px; border: 0px; font-family: Arial; font-size: inherit; font-style: inherit; font-weight: inherit; line-height: 18px; vertical-align: baseline; color: #ff0000;\">electromotriz<\/span><\/p>\n<\/td>\n<\/tr>\n<tr style=\"margin: 0px; padding: 0px; font-size: inherit; font-style: inherit; font-weight: inherit; line-height: inherit; height: 14.25pt;\" align=\"middle\">\n<td style=\"word-wrap: break-word; overflow: hidden; margin: 0px; font-size: inherit; font-style: inherit; line-height: inherit; text-align: left; float: none !important;\" align=\"left\">\n<p style=\"word-wrap: break-word; border: 0px; font-size: inherit; font-style: inherit; font-weight: inherit; line-height: inherit; vertical-align: baseline;\"><span style=\"margin: 0px; padding: 0px; border: 0px; font-family: Arial; font-size: inherit; font-style: inherit; font-weight: inherit; line-height: 18px; vertical-align: baseline;\">Velocidad de trabajo<\/span><\/p>\n<\/td>\n<td style=\"word-wrap: break-word; overflow: hidden; margin: 0px; font-size: inherit; font-style: inherit; line-height: inherit; text-align: left; float: none !important;\" colspan=\"3\">\n<p style=\"word-wrap: break-word; border: 0px; font-size: inherit; font-style: inherit; font-weight: inherit; line-height: inherit; vertical-align: baseline; text-align: center;\"><span style=\"margin: 0px; padding: 0px; border: 0px; font-size: inherit; font-style: inherit; font-weight: inherit; line-height: 18px; vertical-align: baseline; color: #ff0000;\">\u2264<span style=\"margin: 0px; padding: 0px; border: 0px; font-family: Arial; font-size: inherit; font-style: inherit; font-weight: inherit; line-height: 18px; vertical-align: baseline;\">3600 veces\/hora<\/span><\/span><\/p>\n<\/td>\n<\/tr>\n<tr style=\"margin: 0px; padding: 0px; font-size: inherit; font-style: inherit; font-weight: inherit; line-height: inherit; height: 14.25pt;\" align=\"middle\">\n<td style=\"word-wrap: break-word; overflow: hidden; margin: 0px; font-size: inherit; font-style: inherit; line-height: inherit; text-align: left; float: none !important;\" align=\"left\">\n<p style=\"word-wrap: break-word; border: 0px; font-size: inherit; font-style: inherit; font-weight: inherit; line-height: inherit; vertical-align: baseline;\"><span style=\"margin: 0px; padding: 0px; border: 0px; font-family: Arial; font-size: inherit; font-style: inherit; font-weight: inherit; line-height: 18px; vertical-align: baseline;\">\u00c1rea de impresi\u00f3n<\/span><\/p>\n<\/td>\n<td style=\"word-wrap: break-word; overflow: hidden; margin: 0px; font-size: inherit; font-style: inherit; line-height: inherit; text-align: left; float: none !important;\" colspan=\"3\">\n<p style=\"word-wrap: break-word; border: 0px; font-size: inherit; font-style: inherit; font-weight: inherit; line-height: inherit; vertical-align: baseline; text-align: center;\"><span style=\"margin: 0px; padding: 0px; border: 0px; font-family: Arial; font-size: inherit; font-style: inherit; font-weight: inherit; line-height: 18px; vertical-align: baseline; color: #ff0000;\">\u226415 x 50 mm<span style=\"line-height: 0; vertical-align: baseline;\">2<\/span><\/span><\/p>\n<\/td>\n<\/tr>\n<tr style=\"margin: 0px; padding: 0px; font-size: inherit; font-style: inherit; font-weight: inherit; line-height: inherit; height: 14.25pt;\" align=\"middle\">\n<td style=\"word-wrap: break-word; overflow: hidden; margin: 0px; font-size: inherit; font-style: inherit; line-height: inherit; text-align: left; float: none !important;\" align=\"left\">\n<p style=\"word-wrap: break-word; border: 0px; font-size: inherit; font-style: inherit; font-weight: inherit; line-height: inherit; vertical-align: baseline;\"><span style=\"margin: 0px; padding: 0px; border: 0px; font-family: Arial; font-size: inherit; font-style: inherit; font-weight: inherit; line-height: 18px; vertical-align: baseline;\">Altura de impresi\u00f3n<\/span><\/p>\n<\/td>\n<td style=\"word-wrap: break-word; overflow: hidden; margin: 0px; font-size: inherit; font-style: inherit; line-height: inherit; text-align: left; float: none !important;\" colspan=\"3\">\n<p style=\"word-wrap: break-word; border: 0px; font-size: inherit; font-style: inherit; font-weight: inherit; line-height: inherit; vertical-align: baseline; text-align: center;\"><span style=\"margin: 0px; padding: 0px; border: 0px; font-family: Arial; font-size: inherit; font-style: inherit; font-weight: inherit; line-height: 18px; vertical-align: baseline; color: #ff0000;\">\u2264380mm<\/span><\/p>\n<\/td>\n<\/tr>\n<tr style=\"margin: 0px; padding: 0px; font-size: inherit; font-style: inherit; font-weight: inherit; line-height: inherit; height: 14.25pt;\" align=\"middle\">\n<td style=\"word-wrap: break-word; overflow: hidden; margin: 0px; font-size: inherit; font-style: inherit; line-height: inherit; text-align: left; float: none !important;\" align=\"left\">\n<p style=\"word-wrap: break-word; border: 0px; font-size: inherit; font-style: inherit; font-weight: inherit; line-height: inherit; vertical-align: baseline;\"><span style=\"margin: 0px; padding: 0px; border: 0px; font-family: Verdana; font-size: inherit; font-style: inherit; font-weight: inherit; line-height: 18px; vertical-align: baseline;\">peso<\/span><\/p>\n<\/td>\n<td style=\"word-wrap: break-word; overflow: hidden; margin: 0px; font-size: inherit; font-style: inherit; line-height: inherit; text-align: left; float: none !important;\" colspan=\"3\">\n<p style=\"word-wrap: break-word; border: 0px; font-size: inherit; font-style: inherit; font-weight: inherit; line-height: inherit; vertical-align: baseline; text-align: center;\"><span style=\"margin: 0px; padding: 0px; border: 0px; font-family: Arial; font-size: inherit; font-style: inherit; font-weight: inherit; line-height: 18px; vertical-align: baseline; color: #ff0000;\">21 kg<\/span><\/p>\n<\/td>\n<\/tr>\n<tr style=\"margin: 0px; padding: 0px; font-size: inherit; font-style: inherit; font-weight: inherit; line-height: inherit; height: 14.25pt;\" align=\"middle\">\n<td style=\"word-wrap: break-word; overflow: hidden; margin: 0px; font-size: inherit; font-style: inherit; line-height: inherit; text-align: left; float: none !important;\" align=\"left\">\n<p style=\"word-wrap: break-word; border: 0px; font-size: inherit; font-style: inherit; font-weight: inherit; line-height: inherit; vertical-align: baseline;\"><span style=\"margin: 0px; padding: 0px; border: 0px; font-family: Arial; font-size: inherit; font-style: inherit; font-weight: inherit; line-height: 18px; vertical-align: baseline;\">Dimensiones (L x A x A)<\/span><\/p>\n<\/td>\n<td style=\"word-wrap: break-word; overflow: hidden; margin: 0px; font-size: inherit; font-style: inherit; line-height: inherit; text-align: left; float: none !important;\" colspan=\"3\">\n<p style=\"word-wrap: break-word; border: 0px; font-size: inherit; font-style: inherit; font-weight: inherit; line-height: inherit; vertical-align: baseline; text-align: center;\"><span style=\"margin: 0px; padding: 0px; border: 0px; font-family: Arial; font-size: inherit; font-style: inherit; font-weight: inherit; line-height: 18px; vertical-align: baseline; color: #ff0000;\">435 x 405 x 560 mm<\/span><\/p>\n<\/td>\n<\/tr>\n<\/tbody>\n<\/table>\n<p>&nbsp;<\/p>\n<p><span style=\"line-height: 27px; font-family: Arial; font-size: 18px;\">Podemos personalizar m\u00e1quinas no est\u00e1ndar seg\u00fan los requisitos del cliente.<\/span><span style=\"font-family: Verdana, Arial, Helvetica, sans-serif;\">&nbsp;<\/span><\/p>\n<p>&nbsp;<\/p>\n<p><span style=\"font-family: Verdana, Arial, Helvetica, sans-serif;\"><img decoding=\"async\" src=\"https:\/\/sc02.alicdn.com\/kf\/HTB1UQWVFVXXXXcxXXXXq6xXFXXXm\/64496\/HTB1UQWVFVXXXXcxXXXXq6xXFXXXm.jpg\" data-alt=\"TDY-300C Desktop Electric Pad Printer coding machine\" style=\"width: 485px; height: 647px;\" ori-width=\"600\" ori-height=\"800\" class=\"aligncenter\"><img decoding=\"async\" src=\"https:\/\/sc01.alicdn.com\/kf\/HTB1KgpPFVXXXXb8aXXXq6xXFXXXe\/64496\/HTB1KgpPFVXXXXb8aXXXq6xXFXXXe.jpg\" data-alt=\"TDY-300C Desktop Electric Pad Printer coding machine\" style=\"width: 484px; height: 364px;\" ori-width=\"670\" ori-height=\"503\" class=\"aligncenter\"><img decoding=\"async\" src=\"https:\/\/sc01.alicdn.com\/kf\/HTB1NGuYFVXXXXb4XXXXq6xXFXXXV\/64496\/HTB1NGuYFVXXXXb4XXXXq6xXFXXXV.jpg\" data-alt=\"TDY-300C Desktop Electric Pad Printer coding machine\" style=\"width: 485px; height: 364px;\" ori-width=\"650\" ori-height=\"488\" class=\"aligncenter\"><\/span><\/p>\n<p>&nbsp;<\/p>\n<p>&nbsp;<\/p>\n<p><\/p>\n<p>&nbsp;<\/p><\/p>","protected":false},"excerpt":{"rendered":"<p>Tdy-300c M\u00e1quina codificadora por tamp\u00f3n el\u00e9ctrica de sobremesa<\/p>","protected":false},"featured_media":2878,"comment_status":"closed","ping_status":"open","template":"","meta":[],"product_brand":[],"product_cat":[111],"product_tag":[],"class_list":{"0":"post-3022","1":"product","2":"type-product","3":"status-publish","4":"has-post-thumbnail","6":"product_cat-pad-printers","8":"first","9":"instock","10":"sale","11":"purchasable","12":"product-type-simple"},"yoast_head":"<!-- This site is optimized with the Yoast SEO Premium plugin v20.9 (Yoast SEO v26.5) - https:\/\/yoast.com\/wordpress\/plugins\/seo\/ -->\n<title>TDY-300C Desktop Electric Pad Printer coding machine - ALF PACK<\/title>\n<meta name=\"robots\" content=\"index, follow, max-snippet:-1, max-image-preview:large, max-video-preview:-1\" \/>\n<link rel=\"canonical\" href=\"https:\/\/alfequipment.com\/es\/product\/tdy-300c-impresora-electrica-de-sobremesa-por-tampon-codificadora\/\" \/>\n<meta property=\"og:locale\" content=\"es_ES\" \/>\n<meta property=\"og:type\" content=\"article\" \/>\n<meta property=\"og:title\" content=\"TDY-300C Desktop Electric Pad Printer coding machine\" \/>\n<meta property=\"og:description\" content=\"Tdy-300c Desktop Electric Pad Printer Coding Machine\" \/>\n<meta property=\"og:url\" content=\"https:\/\/alfequipment.com\/es\/product\/tdy-300c-impresora-electrica-de-sobremesa-por-tampon-codificadora\/\" \/>\n<meta property=\"og:site_name\" content=\"ALF PACK\" \/>\n<meta property=\"article:modified_time\" content=\"2025-01-13T13:09:58+00:00\" \/>\n<meta property=\"og:image\" content=\"https:\/\/alfequipment.com\/wp-content\/uploads\/2025\/01\/TDY-300C-Desktop-Electric-Pad-Printer-coding.jpg\" \/>\n\t<meta property=\"og:image:width\" content=\"800\" \/>\n\t<meta property=\"og:image:height\" content=\"800\" \/>\n\t<meta property=\"og:image:type\" content=\"image\/webp\" \/>\n<meta name=\"twitter:card\" content=\"summary_large_image\" \/>\n<meta name=\"twitter:label1\" content=\"Tiempo de lectura\" \/>\n\t<meta name=\"twitter:data1\" content=\"1 minuto\" \/>\n<script type=\"application\/ld+json\" class=\"yoast-schema-graph\">{\"@context\":\"https:\/\/schema.org\",\"@graph\":[{\"@type\":\"WebPage\",\"@id\":\"https:\/\/alfequipment.com\/product\/tdy-300c-desktop-electric-pad-printer-coding-machine\/\",\"url\":\"https:\/\/alfequipment.com\/product\/tdy-300c-desktop-electric-pad-printer-coding-machine\/\",\"name\":\"TDY-300C Desktop Electric Pad Printer coding machine - ALF PACK\",\"isPartOf\":{\"@id\":\"https:\/\/alfequipment.com\/#website\"},\"primaryImageOfPage\":{\"@id\":\"https:\/\/alfequipment.com\/product\/tdy-300c-desktop-electric-pad-printer-coding-machine\/#primaryimage\"},\"image\":{\"@id\":\"https:\/\/alfequipment.com\/product\/tdy-300c-desktop-electric-pad-printer-coding-machine\/#primaryimage\"},\"thumbnailUrl\":\"https:\/\/alfequipment.com\/wp-content\/uploads\/2025\/01\/TDY-300C-Desktop-Electric-Pad-Printer-coding.jpg\",\"datePublished\":\"2024-12-12T07:25:35+00:00\",\"dateModified\":\"2025-01-13T13:09:58+00:00\",\"breadcrumb\":{\"@id\":\"https:\/\/alfequipment.com\/product\/tdy-300c-desktop-electric-pad-printer-coding-machine\/#breadcrumb\"},\"inLanguage\":\"es\",\"potentialAction\":[{\"@type\":\"ReadAction\",\"target\":[\"https:\/\/alfequipment.com\/product\/tdy-300c-desktop-electric-pad-printer-coding-machine\/\"]}]},{\"@type\":\"ImageObject\",\"inLanguage\":\"es\",\"@id\":\"https:\/\/alfequipment.com\/product\/tdy-300c-desktop-electric-pad-printer-coding-machine\/#primaryimage\",\"url\":\"https:\/\/alfequipment.com\/wp-content\/uploads\/2025\/01\/TDY-300C-Desktop-Electric-Pad-Printer-coding.jpg\",\"contentUrl\":\"https:\/\/alfequipment.com\/wp-content\/uploads\/2025\/01\/TDY-300C-Desktop-Electric-Pad-Printer-coding.jpg\",\"width\":800,\"height\":800},{\"@type\":\"BreadcrumbList\",\"@id\":\"https:\/\/alfequipment.com\/product\/tdy-300c-desktop-electric-pad-printer-coding-machine\/#breadcrumb\",\"itemListElement\":[{\"@type\":\"ListItem\",\"position\":1,\"name\":\"Home\",\"item\":\"https:\/\/alfequipment.com\/\"},{\"@type\":\"ListItem\",\"position\":2,\"name\":\"Shop\",\"item\":\"https:\/\/alfequipment.com\/shop\/\"},{\"@type\":\"ListItem\",\"position\":3,\"name\":\"TDY-300C Desktop Electric Pad Printer coding machine\"}]},{\"@type\":\"WebSite\",\"@id\":\"https:\/\/alfequipment.com\/#website\",\"url\":\"https:\/\/alfequipment.com\/\",\"name\":\"ALF PACK\",\"description\":\"\",\"publisher\":{\"@id\":\"https:\/\/alfequipment.com\/#organization\"},\"potentialAction\":[{\"@type\":\"SearchAction\",\"target\":{\"@type\":\"EntryPoint\",\"urlTemplate\":\"https:\/\/alfequipment.com\/?s={search_term_string}\"},\"query-input\":{\"@type\":\"PropertyValueSpecification\",\"valueRequired\":true,\"valueName\":\"search_term_string\"}}],\"inLanguage\":\"es\"},{\"@type\":\"Organization\",\"@id\":\"https:\/\/alfequipment.com\/#organization\",\"name\":\"ALF PACK\",\"url\":\"https:\/\/alfequipment.com\/\",\"logo\":{\"@type\":\"ImageObject\",\"inLanguage\":\"es\",\"@id\":\"https:\/\/alfequipment.com\/#\/schema\/logo\/image\/\",\"url\":\"https:\/\/alfequipment.com\/wp-content\/uploads\/2024\/11\/ALFlogo-2.webp\",\"contentUrl\":\"https:\/\/alfequipment.com\/wp-content\/uploads\/2024\/11\/ALFlogo-2.webp\",\"width\":758,\"height\":750,\"caption\":\"ALF PACK\"},\"image\":{\"@id\":\"https:\/\/alfequipment.com\/#\/schema\/logo\/image\/\"}}]}<\/script>\n<!-- \/ Yoast SEO Premium plugin. -->","yoast_head_json":{"title":"TDY-300C M\u00e1quina codificadora el\u00e9ctrica de sobremesa por tamp\u00f3n - ALF PACK","robots":{"index":"index","follow":"follow","max-snippet":"max-snippet:-1","max-image-preview":"max-image-preview:large","max-video-preview":"max-video-preview:-1"},"canonical":"https:\/\/alfequipment.com\/es\/product\/tdy-300c-impresora-electrica-de-sobremesa-por-tampon-codificadora\/","og_locale":"es_ES","og_type":"article","og_title":"TDY-300C Desktop Electric Pad Printer coding machine","og_description":"Tdy-300c Desktop Electric Pad Printer Coding Machine","og_url":"https:\/\/alfequipment.com\/es\/product\/tdy-300c-impresora-electrica-de-sobremesa-por-tampon-codificadora\/","og_site_name":"ALF PACK","article_modified_time":"2025-01-13T13:09:58+00:00","og_image":[{"width":800,"height":800,"url":"https:\/\/alfequipment.com\/wp-content\/uploads\/2025\/01\/TDY-300C-Desktop-Electric-Pad-Printer-coding.jpg","type":"image\/webp"}],"twitter_card":"summary_large_image","twitter_misc":{"Tiempo de lectura":"1 minuto"},"schema":{"@context":"https:\/\/schema.org","@graph":[{"@type":"WebPage","@id":"https:\/\/alfequipment.com\/product\/tdy-300c-desktop-electric-pad-printer-coding-machine\/","url":"https:\/\/alfequipment.com\/product\/tdy-300c-desktop-electric-pad-printer-coding-machine\/","name":"TDY-300C M\u00e1quina codificadora el\u00e9ctrica de sobremesa por tamp\u00f3n - ALF PACK","isPartOf":{"@id":"https:\/\/alfequipment.com\/#website"},"primaryImageOfPage":{"@id":"https:\/\/alfequipment.com\/product\/tdy-300c-desktop-electric-pad-printer-coding-machine\/#primaryimage"},"image":{"@id":"https:\/\/alfequipment.com\/product\/tdy-300c-desktop-electric-pad-printer-coding-machine\/#primaryimage"},"thumbnailUrl":"https:\/\/alfequipment.com\/wp-content\/uploads\/2025\/01\/TDY-300C-Desktop-Electric-Pad-Printer-coding.jpg","datePublished":"2024-12-12T07:25:35+00:00","dateModified":"2025-01-13T13:09:58+00:00","breadcrumb":{"@id":"https:\/\/alfequipment.com\/product\/tdy-300c-desktop-electric-pad-printer-coding-machine\/#breadcrumb"},"inLanguage":"es","potentialAction":[{"@type":"ReadAction","target":["https:\/\/alfequipment.com\/product\/tdy-300c-desktop-electric-pad-printer-coding-machine\/"]}]},{"@type":"ImageObject","inLanguage":"es","@id":"https:\/\/alfequipment.com\/product\/tdy-300c-desktop-electric-pad-printer-coding-machine\/#primaryimage","url":"https:\/\/alfequipment.com\/wp-content\/uploads\/2025\/01\/TDY-300C-Desktop-Electric-Pad-Printer-coding.jpg","contentUrl":"https:\/\/alfequipment.com\/wp-content\/uploads\/2025\/01\/TDY-300C-Desktop-Electric-Pad-Printer-coding.jpg","width":800,"height":800},{"@type":"BreadcrumbList","@id":"https:\/\/alfequipment.com\/product\/tdy-300c-desktop-electric-pad-printer-coding-machine\/#breadcrumb","itemListElement":[{"@type":"ListItem","position":1,"name":"Home","item":"https:\/\/alfequipment.com\/"},{"@type":"ListItem","position":2,"name":"Shop","item":"https:\/\/alfequipment.com\/shop\/"},{"@type":"ListItem","position":3,"name":"TDY-300C Desktop Electric Pad Printer coding machine"}]},{"@type":"WebSite","@id":"https:\/\/alfequipment.com\/#website","url":"https:\/\/alfequipment.com\/","name":"PAQUETE ALF","description":"","publisher":{"@id":"https:\/\/alfequipment.com\/#organization"},"potentialAction":[{"@type":"SearchAction","target":{"@type":"EntryPoint","urlTemplate":"https:\/\/alfequipment.com\/?s={search_term_string}"},"query-input":{"@type":"PropertyValueSpecification","valueRequired":true,"valueName":"search_term_string"}}],"inLanguage":"es"},{"@type":"Organization","@id":"https:\/\/alfequipment.com\/#organization","name":"PAQUETE ALF","url":"https:\/\/alfequipment.com\/","logo":{"@type":"ImageObject","inLanguage":"es","@id":"https:\/\/alfequipment.com\/#\/schema\/logo\/image\/","url":"https:\/\/alfequipment.com\/wp-content\/uploads\/2024\/11\/ALFlogo-2.webp","contentUrl":"https:\/\/alfequipment.com\/wp-content\/uploads\/2024\/11\/ALFlogo-2.webp","width":758,"height":750,"caption":"ALF PACK"},"image":{"@id":"https:\/\/alfequipment.com\/#\/schema\/logo\/image\/"}}]}},"_links":{"self":[{"href":"https:\/\/alfequipment.com\/es\/wp-json\/wp\/v2\/product\/3022","targetHints":{"allow":["GET"]}}],"collection":[{"href":"https:\/\/alfequipment.com\/es\/wp-json\/wp\/v2\/product"}],"about":[{"href":"https:\/\/alfequipment.com\/es\/wp-json\/wp\/v2\/types\/product"}],"replies":[{"embeddable":true,"href":"https:\/\/alfequipment.com\/es\/wp-json\/wp\/v2\/comments?post=3022"}],"version-history":[{"count":0,"href":"https:\/\/alfequipment.com\/es\/wp-json\/wp\/v2\/product\/3022\/revisions"}],"wp:featuredmedia":[{"embeddable":true,"href":"https:\/\/alfequipment.com\/es\/wp-json\/wp\/v2\/media\/2878"}],"wp:attachment":[{"href":"https:\/\/alfequipment.com\/es\/wp-json\/wp\/v2\/media?parent=3022"}],"wp:term":[{"taxonomy":"product_brand","embeddable":true,"href":"https:\/\/alfequipment.com\/es\/wp-json\/wp\/v2\/product_brand?post=3022"},{"taxonomy":"product_cat","embeddable":true,"href":"https:\/\/alfequipment.com\/es\/wp-json\/wp\/v2\/product_cat?post=3022"},{"taxonomy":"product_tag","embeddable":true,"href":"https:\/\/alfequipment.com\/es\/wp-json\/wp\/v2\/product_tag?post=3022"}],"curies":[{"name":"wp","href":"https:\/\/api.w.org\/{rel}","templated":true}]}}