{"id":3023,"date":"2024-12-10T07:09:22","date_gmt":"2024-12-10T07:09:22","guid":{"rendered":"https:\/\/alfequipment.com\/product\/tdy-380b-desktop-electric-pad-printer\/"},"modified":"2025-01-13T13:09:59","modified_gmt":"2025-01-13T13:09:59","slug":"tdy-380b-impresora-electrica-de-sobremesa-por-tampon","status":"publish","type":"product","link":"https:\/\/alfequipment.com\/es\/product\/tdy-380b-impresora-electrica-de-sobremesa-por-tampon\/","title":{"rendered":"TDY-380B Impresora el\u00e9ctrica de tamp\u00f3n de sobremesa"},"content":{"rendered":"<p><span style=\"font-size: 12pt;\">Las impresoras de la serie TDY se utilizan para imprimir la fecha de fabricaci\u00f3n\/ caducidad, el n\u00famero de lote o el logotipo en botellas, papeles, vasos o cajas de cualquier tipo de material, como pl\u00e1stico o metal, con una velocidad de impresi\u00f3n r\u00e1pida y una forma de letra bonita y clara. La velocidad de impresi\u00f3n es ajustable. La fecha o el signo se cincela mediante reacci\u00f3n qu\u00edmica en el tablero de impresi\u00f3n de acero.<\/span><\/p>\n<p><strong><span style=\"font-size: 12pt;\">TDY-380A <\/span><\/strong><span style=\"font-size: 12pt;\">La impresora de almohadillas es un modelo de rascador de cuchillas.<\/span><\/p>\n<p><strong><span style=\"font-size: 12pt;\">TDY-380B<\/span><\/strong><span style=\"font-size: 12pt;\"> La tinta se mantiene en el tintero, por lo que tiene la ventaja de mantener la tinta limpia y ahorrar tinta y evitar que la tinta se seque sobre el modelo de rascador de cuchilla. Adem\u00e1s, el tablero de impresi\u00f3n redonda tiene c\u00edrculo giratorio interior que agrandar palabras de impresi\u00f3n.<\/span><\/p>\n<p><strong><span style=\"font-size: 12pt;\">TDY-300C<\/span><\/strong><span style=\"font-size: 12pt;\"> La tinta se mantiene en el tintero, por lo que tiene la ventaja de mantener la tinta limpia y ahorrar tinta y evitar que la tinta se seque sobre el modelo de rascador de cuchilla. Adem\u00e1s, el c\u00edrculo raspador de acero dura mucho tiempo. Y la absorci\u00f3n magn\u00e9tica entre la taza y el tablero de impresi\u00f3n de acero permite que la tinta se selle en la taza de tinta perfectamente.<\/span><\/p>\n<p>&nbsp;<\/p>\n<p><span style=\"font-size: 18px;\"><strong>Especificaci\u00f3n:<\/strong><\/span><\/p>\n<table class=\"aliDataTable\" border=\"1\" cellspacing=\"0\" cellpadding=\"0\">\n<tbody>\n<tr style=\"height: 14.25pt;\" align=\"middle\">\n<td style=\"width: 117.75pt;\" align=\"left\">\n<p><span style=\"font-family: Arial;\">Modelo<\/span><\/p>\n<\/td>\n<td style=\"width: 108pt;\">\n<p><span style=\"font-family: Arial;\">TDY-380A<\/span><\/p>\n<\/td>\n<td style=\"width: 108pt;\">\n<p><span style=\"font-family: Arial; color: #ff0000;\">TDY-380B<\/span><\/p>\n<\/td>\n<td style=\"width: 108pt;\">\n<p><span style=\"font-family: Arial;\">TDY-300C<\/span><\/p>\n<\/td>\n<\/tr>\n<tr style=\"height: 14.25pt;\" align=\"middle\">\n<td align=\"left\">\n<p><span style=\"font-family: Arial;\">Modo de funcionamiento<\/span><\/p>\n<\/td>\n<td colspan=\"3\">\n<p><span style=\"font-family: Arial; color: #ff0000;\">electromotriz<\/span><\/p>\n<\/td>\n<\/tr>\n<tr style=\"height: 14.25pt;\" align=\"middle\">\n<td align=\"left\">\n<p><span style=\"font-family: Arial;\">Velocidad de trabajo<\/span><\/p>\n<\/td>\n<td colspan=\"3\">\n<p><span style=\"color: #ff0000;\">\u2264<span style=\"font-family: Arial;\">3600 veces\/hora<\/span><\/span><\/p>\n<\/td>\n<\/tr>\n<tr style=\"height: 14.25pt;\" align=\"middle\">\n<td align=\"left\">\n<p><span style=\"font-family: Arial;\">\u00c1rea de impresi\u00f3n<\/span><\/p>\n<\/td>\n<td colspan=\"3\">\n<p><span style=\"font-family: Arial; color: #ff0000;\">\u226415 x 50 mm<sup>2<\/sup><\/span><\/p>\n<\/td>\n<\/tr>\n<tr style=\"height: 14.25pt;\" align=\"middle\">\n<td align=\"left\">\n<p><span style=\"font-family: Arial;\">Altura de impresi\u00f3n<\/span><\/p>\n<\/td>\n<td colspan=\"3\">\n<p><span style=\"font-family: Arial; color: #ff0000;\">\u2264380mm<\/span><\/p>\n<\/td>\n<\/tr>\n<tr style=\"height: 14.25pt;\" align=\"middle\">\n<td align=\"left\">\n<p><span style=\"font-family: Verdana;\">peso<\/span><\/p>\n<\/td>\n<td colspan=\"3\">\n<p><span style=\"font-family: Arial; color: #ff0000;\">21 kg<\/span><\/p>\n<\/td>\n<\/tr>\n<tr style=\"height: 14.25pt;\" align=\"middle\">\n<td align=\"left\">\n<p><span style=\"font-family: Arial;\">Dimensiones (L x A x A)<\/span><\/p>\n<\/td>\n<td colspan=\"3\">\n<p><span style=\"font-family: Arial; color: #ff0000;\">435 x 405 x 560 mm<\/span><\/p>\n<\/td>\n<\/tr>\n<\/tbody>\n<\/table>\n<p>&nbsp;<\/p>\n<p><span style=\"font-family: Arial; color: black; font-size: 18px;\">Podemos personalizar m\u00e1quinas no est\u00e1ndar seg\u00fan los requisitos del cliente.<\/span><\/p>\n<p>&nbsp;<\/p>\n<p><span style=\"font-family: Arial; color: black; font-size: 18px;\"><img decoding=\"async\" src=\"https:\/\/sc01.alicdn.com\/kf\/HTB1wwOLFVXXXXagXVXXq6xXFXXXD\/64496\/HTB1wwOLFVXXXXagXVXXq6xXFXXXD.jpg\" data-alt=\"TDY-380B Desktop Electric Pad Printer\" style=\"width: 530px; height: 672px;\" ori-width=\"600\" ori-height=\"800\" class=\"aligncenter\"><img decoding=\"async\" src=\"https:\/\/sc01.alicdn.com\/kf\/HTB1rySPFVXXXXbwXFXXq6xXFXXXg\/64496\/HTB1rySPFVXXXXbwXFXXq6xXFXXXg.jpg\" data-alt=\"TDY-380B Desktop Electric Pad Printer\" style=\"width: 529px; height: 705px;\" ori-width=\"600\" ori-height=\"800\" class=\"aligncenter\"><img decoding=\"async\" src=\"https:\/\/sc02.alicdn.com\/kf\/HTB1xOyPFVXXXXXUXFXXq6xXFXXXz\/64496\/HTB1xOyPFVXXXXXUXFXXq6xXFXXXz.jpg\" data-alt=\"TDY-380B Desktop Electric Pad Printer\" style=\"width: 528px; height: 396px;\" ori-width=\"800\" ori-height=\"600\" class=\"aligncenter\"><img decoding=\"async\" src=\"https:\/\/sc02.alicdn.com\/kf\/HTB1MoqNFVXXXXXgXVXXq6xXFXXXW\/64496\/HTB1MoqNFVXXXXXgXVXXq6xXFXXXW.jpg\" data-alt=\"TDY-380B Desktop Electric Pad Printer\" style=\"width: 527px; height: 395px;\" ori-width=\"1306\" ori-height=\"980\" class=\"aligncenter\"><\/span><\/p>\n<p>&nbsp;<\/p>\n<p>&nbsp;<\/p>\n<p>&nbsp;<\/p><\/p>","protected":false},"excerpt":{"rendered":"<p>Tampograf\u00eda el\u00e9ctrica de sobremesa<\/p>","protected":false},"featured_media":2880,"comment_status":"closed","ping_status":"open","template":"","meta":[],"product_brand":[],"product_cat":[111],"product_tag":[],"class_list":{"0":"post-3023","1":"product","2":"type-product","3":"status-publish","4":"has-post-thumbnail","6":"product_cat-pad-printers","8":"first","9":"instock","10":"sale","11":"purchasable","12":"product-type-simple"},"yoast_head":"<!-- This site is optimized with the Yoast SEO Premium plugin v20.9 (Yoast SEO v26.5) - https:\/\/yoast.com\/wordpress\/plugins\/seo\/ -->\n<title>TDY-380B Desktop Electric Pad Printer - ALF PACK<\/title>\n<meta name=\"robots\" content=\"index, follow, max-snippet:-1, max-image-preview:large, max-video-preview:-1\" \/>\n<link rel=\"canonical\" href=\"https:\/\/alfequipment.com\/es\/product\/tdy-380b-impresora-electrica-de-sobremesa-por-tampon\/\" \/>\n<meta property=\"og:locale\" content=\"es_ES\" \/>\n<meta property=\"og:type\" content=\"article\" \/>\n<meta property=\"og:title\" content=\"TDY-380B Desktop Electric Pad Printer\" \/>\n<meta property=\"og:description\" content=\"Desktop Electric Pad Printer\" \/>\n<meta property=\"og:url\" content=\"https:\/\/alfequipment.com\/es\/product\/tdy-380b-impresora-electrica-de-sobremesa-por-tampon\/\" \/>\n<meta property=\"og:site_name\" content=\"ALF PACK\" \/>\n<meta property=\"article:modified_time\" content=\"2025-01-13T13:09:59+00:00\" \/>\n<meta property=\"og:image\" content=\"https:\/\/alfequipment.com\/wp-content\/uploads\/2025\/01\/TDY-380B-Desktop-Electric-Pad-Printer.jpg\" \/>\n\t<meta property=\"og:image:width\" content=\"800\" \/>\n\t<meta property=\"og:image:height\" content=\"800\" \/>\n\t<meta property=\"og:image:type\" content=\"image\/webp\" \/>\n<meta name=\"twitter:card\" content=\"summary_large_image\" \/>\n<meta name=\"twitter:label1\" content=\"Tiempo de lectura\" \/>\n\t<meta name=\"twitter:data1\" content=\"1 minuto\" \/>\n<script type=\"application\/ld+json\" class=\"yoast-schema-graph\">{\"@context\":\"https:\/\/schema.org\",\"@graph\":[{\"@type\":\"WebPage\",\"@id\":\"https:\/\/alfequipment.com\/product\/tdy-380b-desktop-electric-pad-printer\/\",\"url\":\"https:\/\/alfequipment.com\/product\/tdy-380b-desktop-electric-pad-printer\/\",\"name\":\"TDY-380B Desktop Electric Pad Printer - ALF PACK\",\"isPartOf\":{\"@id\":\"https:\/\/alfequipment.com\/#website\"},\"primaryImageOfPage\":{\"@id\":\"https:\/\/alfequipment.com\/product\/tdy-380b-desktop-electric-pad-printer\/#primaryimage\"},\"image\":{\"@id\":\"https:\/\/alfequipment.com\/product\/tdy-380b-desktop-electric-pad-printer\/#primaryimage\"},\"thumbnailUrl\":\"https:\/\/alfequipment.com\/wp-content\/uploads\/2025\/01\/TDY-380B-Desktop-Electric-Pad-Printer.jpg\",\"datePublished\":\"2024-12-10T07:09:22+00:00\",\"dateModified\":\"2025-01-13T13:09:59+00:00\",\"breadcrumb\":{\"@id\":\"https:\/\/alfequipment.com\/product\/tdy-380b-desktop-electric-pad-printer\/#breadcrumb\"},\"inLanguage\":\"es\",\"potentialAction\":[{\"@type\":\"ReadAction\",\"target\":[\"https:\/\/alfequipment.com\/product\/tdy-380b-desktop-electric-pad-printer\/\"]}]},{\"@type\":\"ImageObject\",\"inLanguage\":\"es\",\"@id\":\"https:\/\/alfequipment.com\/product\/tdy-380b-desktop-electric-pad-printer\/#primaryimage\",\"url\":\"https:\/\/alfequipment.com\/wp-content\/uploads\/2025\/01\/TDY-380B-Desktop-Electric-Pad-Printer.jpg\",\"contentUrl\":\"https:\/\/alfequipment.com\/wp-content\/uploads\/2025\/01\/TDY-380B-Desktop-Electric-Pad-Printer.jpg\",\"width\":800,\"height\":800},{\"@type\":\"BreadcrumbList\",\"@id\":\"https:\/\/alfequipment.com\/product\/tdy-380b-desktop-electric-pad-printer\/#breadcrumb\",\"itemListElement\":[{\"@type\":\"ListItem\",\"position\":1,\"name\":\"Home\",\"item\":\"https:\/\/alfequipment.com\/\"},{\"@type\":\"ListItem\",\"position\":2,\"name\":\"Shop\",\"item\":\"https:\/\/alfequipment.com\/shop\/\"},{\"@type\":\"ListItem\",\"position\":3,\"name\":\"TDY-380B Desktop Electric Pad Printer\"}]},{\"@type\":\"WebSite\",\"@id\":\"https:\/\/alfequipment.com\/#website\",\"url\":\"https:\/\/alfequipment.com\/\",\"name\":\"ALF PACK\",\"description\":\"\",\"publisher\":{\"@id\":\"https:\/\/alfequipment.com\/#organization\"},\"potentialAction\":[{\"@type\":\"SearchAction\",\"target\":{\"@type\":\"EntryPoint\",\"urlTemplate\":\"https:\/\/alfequipment.com\/?s={search_term_string}\"},\"query-input\":{\"@type\":\"PropertyValueSpecification\",\"valueRequired\":true,\"valueName\":\"search_term_string\"}}],\"inLanguage\":\"es\"},{\"@type\":\"Organization\",\"@id\":\"https:\/\/alfequipment.com\/#organization\",\"name\":\"ALF PACK\",\"url\":\"https:\/\/alfequipment.com\/\",\"logo\":{\"@type\":\"ImageObject\",\"inLanguage\":\"es\",\"@id\":\"https:\/\/alfequipment.com\/#\/schema\/logo\/image\/\",\"url\":\"https:\/\/alfequipment.com\/wp-content\/uploads\/2024\/11\/ALFlogo-2.webp\",\"contentUrl\":\"https:\/\/alfequipment.com\/wp-content\/uploads\/2024\/11\/ALFlogo-2.webp\",\"width\":758,\"height\":750,\"caption\":\"ALF PACK\"},\"image\":{\"@id\":\"https:\/\/alfequipment.com\/#\/schema\/logo\/image\/\"}}]}<\/script>\n<!-- \/ Yoast SEO Premium plugin. -->","yoast_head_json":{"title":"TDY-380B Impresora el\u00e9ctrica de sobremesa por tamp\u00f3n - PACK ALF","robots":{"index":"index","follow":"follow","max-snippet":"max-snippet:-1","max-image-preview":"max-image-preview:large","max-video-preview":"max-video-preview:-1"},"canonical":"https:\/\/alfequipment.com\/es\/product\/tdy-380b-impresora-electrica-de-sobremesa-por-tampon\/","og_locale":"es_ES","og_type":"article","og_title":"TDY-380B Desktop Electric Pad Printer","og_description":"Desktop Electric Pad Printer","og_url":"https:\/\/alfequipment.com\/es\/product\/tdy-380b-impresora-electrica-de-sobremesa-por-tampon\/","og_site_name":"ALF PACK","article_modified_time":"2025-01-13T13:09:59+00:00","og_image":[{"width":800,"height":800,"url":"https:\/\/alfequipment.com\/wp-content\/uploads\/2025\/01\/TDY-380B-Desktop-Electric-Pad-Printer.jpg","type":"image\/webp"}],"twitter_card":"summary_large_image","twitter_misc":{"Tiempo de lectura":"1 minuto"},"schema":{"@context":"https:\/\/schema.org","@graph":[{"@type":"WebPage","@id":"https:\/\/alfequipment.com\/product\/tdy-380b-desktop-electric-pad-printer\/","url":"https:\/\/alfequipment.com\/product\/tdy-380b-desktop-electric-pad-printer\/","name":"TDY-380B Impresora el\u00e9ctrica de sobremesa por tamp\u00f3n - PACK ALF","isPartOf":{"@id":"https:\/\/alfequipment.com\/#website"},"primaryImageOfPage":{"@id":"https:\/\/alfequipment.com\/product\/tdy-380b-desktop-electric-pad-printer\/#primaryimage"},"image":{"@id":"https:\/\/alfequipment.com\/product\/tdy-380b-desktop-electric-pad-printer\/#primaryimage"},"thumbnailUrl":"https:\/\/alfequipment.com\/wp-content\/uploads\/2025\/01\/TDY-380B-Desktop-Electric-Pad-Printer.jpg","datePublished":"2024-12-10T07:09:22+00:00","dateModified":"2025-01-13T13:09:59+00:00","breadcrumb":{"@id":"https:\/\/alfequipment.com\/product\/tdy-380b-desktop-electric-pad-printer\/#breadcrumb"},"inLanguage":"es","potentialAction":[{"@type":"ReadAction","target":["https:\/\/alfequipment.com\/product\/tdy-380b-desktop-electric-pad-printer\/"]}]},{"@type":"ImageObject","inLanguage":"es","@id":"https:\/\/alfequipment.com\/product\/tdy-380b-desktop-electric-pad-printer\/#primaryimage","url":"https:\/\/alfequipment.com\/wp-content\/uploads\/2025\/01\/TDY-380B-Desktop-Electric-Pad-Printer.jpg","contentUrl":"https:\/\/alfequipment.com\/wp-content\/uploads\/2025\/01\/TDY-380B-Desktop-Electric-Pad-Printer.jpg","width":800,"height":800},{"@type":"BreadcrumbList","@id":"https:\/\/alfequipment.com\/product\/tdy-380b-desktop-electric-pad-printer\/#breadcrumb","itemListElement":[{"@type":"ListItem","position":1,"name":"Home","item":"https:\/\/alfequipment.com\/"},{"@type":"ListItem","position":2,"name":"Shop","item":"https:\/\/alfequipment.com\/shop\/"},{"@type":"ListItem","position":3,"name":"TDY-380B Desktop Electric Pad Printer"}]},{"@type":"WebSite","@id":"https:\/\/alfequipment.com\/#website","url":"https:\/\/alfequipment.com\/","name":"PAQUETE ALF","description":"","publisher":{"@id":"https:\/\/alfequipment.com\/#organization"},"potentialAction":[{"@type":"SearchAction","target":{"@type":"EntryPoint","urlTemplate":"https:\/\/alfequipment.com\/?s={search_term_string}"},"query-input":{"@type":"PropertyValueSpecification","valueRequired":true,"valueName":"search_term_string"}}],"inLanguage":"es"},{"@type":"Organization","@id":"https:\/\/alfequipment.com\/#organization","name":"PAQUETE ALF","url":"https:\/\/alfequipment.com\/","logo":{"@type":"ImageObject","inLanguage":"es","@id":"https:\/\/alfequipment.com\/#\/schema\/logo\/image\/","url":"https:\/\/alfequipment.com\/wp-content\/uploads\/2024\/11\/ALFlogo-2.webp","contentUrl":"https:\/\/alfequipment.com\/wp-content\/uploads\/2024\/11\/ALFlogo-2.webp","width":758,"height":750,"caption":"ALF PACK"},"image":{"@id":"https:\/\/alfequipment.com\/#\/schema\/logo\/image\/"}}]}},"_links":{"self":[{"href":"https:\/\/alfequipment.com\/es\/wp-json\/wp\/v2\/product\/3023","targetHints":{"allow":["GET"]}}],"collection":[{"href":"https:\/\/alfequipment.com\/es\/wp-json\/wp\/v2\/product"}],"about":[{"href":"https:\/\/alfequipment.com\/es\/wp-json\/wp\/v2\/types\/product"}],"replies":[{"embeddable":true,"href":"https:\/\/alfequipment.com\/es\/wp-json\/wp\/v2\/comments?post=3023"}],"version-history":[{"count":0,"href":"https:\/\/alfequipment.com\/es\/wp-json\/wp\/v2\/product\/3023\/revisions"}],"wp:featuredmedia":[{"embeddable":true,"href":"https:\/\/alfequipment.com\/es\/wp-json\/wp\/v2\/media\/2880"}],"wp:attachment":[{"href":"https:\/\/alfequipment.com\/es\/wp-json\/wp\/v2\/media?parent=3023"}],"wp:term":[{"taxonomy":"product_brand","embeddable":true,"href":"https:\/\/alfequipment.com\/es\/wp-json\/wp\/v2\/product_brand?post=3023"},{"taxonomy":"product_cat","embeddable":true,"href":"https:\/\/alfequipment.com\/es\/wp-json\/wp\/v2\/product_cat?post=3023"},{"taxonomy":"product_tag","embeddable":true,"href":"https:\/\/alfequipment.com\/es\/wp-json\/wp\/v2\/product_tag?post=3023"}],"curies":[{"name":"wp","href":"https:\/\/api.w.org\/{rel}","templated":true}]}}