{"id":3025,"date":"2024-12-23T02:36:11","date_gmt":"2024-12-23T02:36:11","guid":{"rendered":"https:\/\/alfequipment.com\/product\/tdy-380a-desktop-electric-pad-printing-machine\/"},"modified":"2025-01-13T13:10:00","modified_gmt":"2025-01-13T13:10:00","slug":"tdy-380a-maquina-de-tampografia-electrica-de-sobremesa","status":"publish","type":"product","link":"https:\/\/alfequipment.com\/es\/product\/tdy-380a-maquina-de-tampografia-electrica-de-sobremesa\/","title":{"rendered":"TDY-380A M\u00e1quina de tampograf\u00eda el\u00e9ctrica de sobremesa"},"content":{"rendered":"<div>\n<div style=\"vertical-align: top;padding-top: 15px; padding-bottom: 15px;\">\n<div style=\"vertical-align: top;padding-top: 10px; padding-bottom: 10px; margin-right: -4px; margin-left: -4px;\">\n<div style=\"vertical-align: top; box-sizing: border-box; padding-right: 4px; padding-left: 4px;margin-top: -4px; margin-bottom: -4px;\">\n<div id=\"6kgvj\" style=\"vertical-align: top; box-sizing: border-box; padding-top: 4px; padding-bottom: 4px\">\n<h3 style=\"padding: 0px; font-size: 16px; line-height: 20px; font-weight: bold; margin: 0px;\"><span style=\"font-family: &quot;Open Sans&quot;; font-size: 13px;\">La impresora el\u00e9ctrica de sobremesa por almohadilla TDY-380 es un nuevo modelo que ha sido investigado y desarrollado recientemente en nuestra empresa. Los movimientos de esta serie adoptan 90 formas circulares y rectas. El tipo TDY-380A adopta un raspador duro para hacer que la forma de la letra sea limpia y brillante, as\u00ed como una r\u00e1pida velocidad de impresi\u00f3n. Es conveniente ajustar el raspador y el tablero de impresi\u00f3n.<\/span><\/h3>\n<\/div>\n<div id=\"ckky4\" style=\"vertical-align: top; box-sizing: border-box; padding-top: 4px; padding-bottom: 4px\">\n<p style=\"margin:0;padding:0;\">Esta serie es aplicable a la impresi\u00f3n en varias formas de objetos basados en todo tipo de materiales, que adopta el cambio continuo electr\u00f3nico que se puede ajustar hasta la habilidad de los operadores. Esta serie de impresoras es adecuada para imprimir notas y signos como la fecha de fabricaci\u00f3n, n\u00famero de lote y dise\u00f1os individuales en varios tipos de metales, vidrios y materiales pl\u00e1sticos, que se pueden aplicar en alimentos, bebidas, cosm\u00e9ticos y art\u00edculos peque\u00f1os.<\/p>\n<\/p><\/div>\n<\/p><\/div>\n<\/p><\/div>\n<div style=\"vertical-align: top;padding-top: 10px; padding-bottom: 10px; margin-right: -4px; margin-left: -4px;\">\n<div id=\"pahtn\" style=\"vertical-align: top; box-sizing: border-box; padding-right: 4px; padding-left: 4px\">\n<table style=\"width: auto; border-collapse: collapse;\" class=\"aliDataTable\">\n<tbody>\n<tr>\n<td style=\"background-color: rgb(218, 226, 237);\">\n<div style=\"width: 219px; height: auto; padding: 5px 10px; overflow: hidden;\">\n          Modelo\n         <\/div>\n<\/td>\n<td>\n<div style=\"width: 484px; height: auto; padding: 5px 10px; overflow: hidden;\">\n          TDY380A\n         <\/div>\n<\/td>\n<\/tr>\n<tr>\n<td style=\"background-color: rgb(218, 226, 237);\">\n<div style=\"width: 219px; height: auto; padding: 5px 10px; overflow: hidden;\">\n          Modo de funcionamiento\n         <\/div>\n<\/td>\n<td>\n<div style=\"width: 484px; height: auto; padding: 5px 10px; overflow: hidden;\">\n          electromotriz\n         <\/div>\n<\/td>\n<\/tr>\n<tr>\n<td style=\"background-color: rgb(218, 226, 237);\">\n<div style=\"width: 219px; height: auto; padding: 5px 10px; overflow: hidden;\">\n          Velocidad de trabajo\n         <\/div>\n<\/td>\n<td>\n<div style=\"width: 484px; height: auto; padding: 5px 10px; overflow: hidden;\">\n          \u22643600veces\/hora\n         <\/div>\n<\/td>\n<\/tr>\n<tr>\n<td style=\"background-color: rgb(218, 226, 237);\">\n<div style=\"width: 219px; height: auto; padding: 5px 10px; overflow: hidden;\">\n          Tama\u00f1o de impresi\u00f3n\n         <\/div>\n<\/td>\n<td>\n<div style=\"width: 484px; height: auto; padding: 5px 10px; overflow: hidden;\">\n          \u226415 x 50mm2\n         <\/div>\n<\/td>\n<\/tr>\n<tr>\n<td style=\"background-color: rgb(218, 226, 237);\">\n<div style=\"width: 219px; height: auto; padding: 5px 10px; overflow: hidden;\">\n          Altura de impresi\u00f3n\n         <\/div>\n<\/td>\n<td>\n<div style=\"width: 484px; height: auto; padding: 5px 10px; overflow: hidden;\">\n          \u2264380mm\n         <\/div>\n<\/td>\n<\/tr>\n<tr>\n<td style=\"background-color: rgb(218, 226, 237);\">\n<div style=\"width: 219px; height: auto; padding: 5px 10px; overflow: hidden;\">\n          peso\n         <\/div>\n<\/td>\n<td>\n<div style=\"width: 484px; height: 22px; padding: 5px 10px; overflow: hidden;\">\n          21 kg\n         <\/div>\n<\/td>\n<\/tr>\n<tr>\n<td style=\"background-color: rgb(218, 226, 237);\">\n<div style=\"width: 219px; height: auto; padding: 5px 10px; overflow: hidden;\">\n          Dimensiones (L x A x A)\n         <\/div>\n<\/td>\n<td>\n<div style=\"width: 484px; height: auto; padding: 5px 10px; overflow: hidden;\">\n          435 x 405 x 560 mm\n         <\/div>\n<\/td>\n<\/tr>\n<\/tbody>\n<\/table><\/div>\n<\/p><\/div>\n<div style=\"vertical-align: top;padding-top: 10px; padding-bottom: 10px; margin-right: -4px; margin-left: -4px;\">\n<div id=\"gwi79\" style=\"vertical-align: top; box-sizing: border-box; padding-right: 4px; padding-left: 4px\">\n<div style=\"overflow: hidden; width: 750px; height: 801.211px;\">\n      <img decoding=\"async\" src=\"https:\/\/sc01.alicdn.com\/kf\/H1ddc91a63b41411d8efba0834334bc4fB.jpg\" style=\"width: 750px; height: 801.211px; margin-left: 0px; margin-top: 0px;\" class=\"aligncenter\">\n     <\/div>\n<\/p><\/div>\n<\/p><\/div>\n<div style=\"vertical-align: top;padding-top: 10px; padding-bottom: 10px; margin-right: -4px; margin-left: -4px;\">\n<div id=\"felac\" style=\"vertical-align: top; width: 50%; display: inline-block; box-sizing: border-box; padding-right: 4px; padding-left: 4px\">\n<div style=\"overflow: hidden; width: 371px; height: 320px;\">\n      <img decoding=\"async\" src=\"https:\/\/sc02.alicdn.com\/kf\/H5d81ddcf602c4ed4aa75cc592bed530df\/64496\/H5d81ddcf602c4ed4aa75cc592bed530df.png\" style=\"width: 371px; height: 415.025px; margin-left: 0px; margin-top: -43px;\" class=\"aligncenter\">\n     <\/div>\n<\/p><\/div>\n<div id=\"ubkb8\" style=\"vertical-align: top; width: 50%; display: inline-block; box-sizing: border-box; padding-right: 4px; padding-left: 4px\">\n<div style=\"overflow: hidden; width: 371px; height: 320px;\">\n      <img decoding=\"async\" src=\"https:\/\/sc01.alicdn.com\/kf\/Hb11f59b268fc40d384b0a2e3ecc3ed5bb.jpg\" style=\"width: 384.3px; height: 288px; margin-left: 0px; margin-top: 0px;\" class=\"aligncenter\"><\/div>\n<\/div>\n<\/div>\n<\/div>\n<div style=\"vertical-align: top;padding-top: 15px; padding-bottom: 15px;\">\n<div style=\"vertical-align: top;padding-top: 10px; padding-bottom: 10px; margin-right: -4px; margin-left: -4px;\">\n<div id=\"9l5s3\" style=\"vertical-align: top; width: 50%; display: inline-block; box-sizing: border-box; padding-right: 4px; padding-left: 4px\">\n    <\/div>\n<\/p><\/div>\n<\/p><\/div>\n<\/p><\/div>","protected":false},"excerpt":{"rendered":"<p>Tdy-380a Fecha de fabricaci\u00f3n N\u00famero de lote M\u00e1quina de tampograf\u00eda Impresora de logotipos<\/p>","protected":false},"featured_media":2884,"comment_status":"closed","ping_status":"open","template":"","meta":[],"product_brand":[],"product_cat":[111],"product_tag":[],"class_list":{"0":"post-3025","1":"product","2":"type-product","3":"status-publish","4":"has-post-thumbnail","6":"product_cat-pad-printers","8":"first","9":"instock","10":"sale","11":"purchasable","12":"product-type-simple"},"yoast_head":"<!-- This site is optimized with the Yoast SEO Premium plugin v20.9 (Yoast SEO v26.5) - https:\/\/yoast.com\/wordpress\/plugins\/seo\/ -->\n<title>TDY-380A Desktop Electric Pad Printing Machine - ALF PACK<\/title>\n<meta name=\"robots\" content=\"index, follow, max-snippet:-1, max-image-preview:large, max-video-preview:-1\" \/>\n<link rel=\"canonical\" href=\"https:\/\/alfequipment.com\/es\/product\/tdy-380a-maquina-de-tampografia-electrica-de-sobremesa\/\" \/>\n<meta property=\"og:locale\" content=\"es_ES\" \/>\n<meta property=\"og:type\" content=\"article\" \/>\n<meta property=\"og:title\" content=\"TDY-380A Desktop Electric Pad Printing Machine\" \/>\n<meta property=\"og:description\" content=\"Tdy-380a Manufacturing Date Batch Number Pad Printing Machine Logo Printer\" \/>\n<meta property=\"og:url\" content=\"https:\/\/alfequipment.com\/es\/product\/tdy-380a-maquina-de-tampografia-electrica-de-sobremesa\/\" \/>\n<meta property=\"og:site_name\" content=\"ALF PACK\" \/>\n<meta property=\"article:modified_time\" content=\"2025-01-13T13:10:00+00:00\" \/>\n<meta property=\"og:image\" content=\"https:\/\/alfequipment.com\/wp-content\/uploads\/2025\/01\/TDY-380A-Desktop-Electric-Pad-Printing-Machine.jpg\" \/>\n\t<meta property=\"og:image:width\" content=\"800\" \/>\n\t<meta property=\"og:image:height\" content=\"800\" \/>\n\t<meta property=\"og:image:type\" content=\"image\/webp\" \/>\n<meta name=\"twitter:card\" content=\"summary_large_image\" \/>\n<meta name=\"twitter:label1\" content=\"Tiempo de lectura\" \/>\n\t<meta name=\"twitter:data1\" content=\"1 minuto\" \/>\n<script type=\"application\/ld+json\" class=\"yoast-schema-graph\">{\"@context\":\"https:\/\/schema.org\",\"@graph\":[{\"@type\":\"WebPage\",\"@id\":\"https:\/\/alfequipment.com\/product\/tdy-380a-desktop-electric-pad-printing-machine\/\",\"url\":\"https:\/\/alfequipment.com\/product\/tdy-380a-desktop-electric-pad-printing-machine\/\",\"name\":\"TDY-380A Desktop Electric Pad Printing Machine - ALF PACK\",\"isPartOf\":{\"@id\":\"https:\/\/alfequipment.com\/#website\"},\"primaryImageOfPage\":{\"@id\":\"https:\/\/alfequipment.com\/product\/tdy-380a-desktop-electric-pad-printing-machine\/#primaryimage\"},\"image\":{\"@id\":\"https:\/\/alfequipment.com\/product\/tdy-380a-desktop-electric-pad-printing-machine\/#primaryimage\"},\"thumbnailUrl\":\"https:\/\/alfequipment.com\/wp-content\/uploads\/2025\/01\/TDY-380A-Desktop-Electric-Pad-Printing-Machine.jpg\",\"datePublished\":\"2024-12-23T02:36:11+00:00\",\"dateModified\":\"2025-01-13T13:10:00+00:00\",\"breadcrumb\":{\"@id\":\"https:\/\/alfequipment.com\/product\/tdy-380a-desktop-electric-pad-printing-machine\/#breadcrumb\"},\"inLanguage\":\"es\",\"potentialAction\":[{\"@type\":\"ReadAction\",\"target\":[\"https:\/\/alfequipment.com\/product\/tdy-380a-desktop-electric-pad-printing-machine\/\"]}]},{\"@type\":\"ImageObject\",\"inLanguage\":\"es\",\"@id\":\"https:\/\/alfequipment.com\/product\/tdy-380a-desktop-electric-pad-printing-machine\/#primaryimage\",\"url\":\"https:\/\/alfequipment.com\/wp-content\/uploads\/2025\/01\/TDY-380A-Desktop-Electric-Pad-Printing-Machine.jpg\",\"contentUrl\":\"https:\/\/alfequipment.com\/wp-content\/uploads\/2025\/01\/TDY-380A-Desktop-Electric-Pad-Printing-Machine.jpg\",\"width\":800,\"height\":800},{\"@type\":\"BreadcrumbList\",\"@id\":\"https:\/\/alfequipment.com\/product\/tdy-380a-desktop-electric-pad-printing-machine\/#breadcrumb\",\"itemListElement\":[{\"@type\":\"ListItem\",\"position\":1,\"name\":\"Home\",\"item\":\"https:\/\/alfequipment.com\/\"},{\"@type\":\"ListItem\",\"position\":2,\"name\":\"Shop\",\"item\":\"https:\/\/alfequipment.com\/shop\/\"},{\"@type\":\"ListItem\",\"position\":3,\"name\":\"TDY-380A Desktop Electric Pad Printing Machine\"}]},{\"@type\":\"WebSite\",\"@id\":\"https:\/\/alfequipment.com\/#website\",\"url\":\"https:\/\/alfequipment.com\/\",\"name\":\"ALF PACK\",\"description\":\"\",\"publisher\":{\"@id\":\"https:\/\/alfequipment.com\/#organization\"},\"potentialAction\":[{\"@type\":\"SearchAction\",\"target\":{\"@type\":\"EntryPoint\",\"urlTemplate\":\"https:\/\/alfequipment.com\/?s={search_term_string}\"},\"query-input\":{\"@type\":\"PropertyValueSpecification\",\"valueRequired\":true,\"valueName\":\"search_term_string\"}}],\"inLanguage\":\"es\"},{\"@type\":\"Organization\",\"@id\":\"https:\/\/alfequipment.com\/#organization\",\"name\":\"ALF PACK\",\"url\":\"https:\/\/alfequipment.com\/\",\"logo\":{\"@type\":\"ImageObject\",\"inLanguage\":\"es\",\"@id\":\"https:\/\/alfequipment.com\/#\/schema\/logo\/image\/\",\"url\":\"https:\/\/alfequipment.com\/wp-content\/uploads\/2024\/11\/ALFlogo-2.webp\",\"contentUrl\":\"https:\/\/alfequipment.com\/wp-content\/uploads\/2024\/11\/ALFlogo-2.webp\",\"width\":758,\"height\":750,\"caption\":\"ALF PACK\"},\"image\":{\"@id\":\"https:\/\/alfequipment.com\/#\/schema\/logo\/image\/\"}}]}<\/script>\n<!-- \/ Yoast SEO Premium plugin. -->","yoast_head_json":{"title":"TDY-380A M\u00e1quina de tampograf\u00eda el\u00e9ctrica de sobremesa - ALF PACK","robots":{"index":"index","follow":"follow","max-snippet":"max-snippet:-1","max-image-preview":"max-image-preview:large","max-video-preview":"max-video-preview:-1"},"canonical":"https:\/\/alfequipment.com\/es\/product\/tdy-380a-maquina-de-tampografia-electrica-de-sobremesa\/","og_locale":"es_ES","og_type":"article","og_title":"TDY-380A Desktop Electric Pad Printing Machine","og_description":"Tdy-380a Manufacturing Date Batch Number Pad Printing Machine Logo Printer","og_url":"https:\/\/alfequipment.com\/es\/product\/tdy-380a-maquina-de-tampografia-electrica-de-sobremesa\/","og_site_name":"ALF PACK","article_modified_time":"2025-01-13T13:10:00+00:00","og_image":[{"width":800,"height":800,"url":"https:\/\/alfequipment.com\/wp-content\/uploads\/2025\/01\/TDY-380A-Desktop-Electric-Pad-Printing-Machine.jpg","type":"image\/webp"}],"twitter_card":"summary_large_image","twitter_misc":{"Tiempo de lectura":"1 minuto"},"schema":{"@context":"https:\/\/schema.org","@graph":[{"@type":"WebPage","@id":"https:\/\/alfequipment.com\/product\/tdy-380a-desktop-electric-pad-printing-machine\/","url":"https:\/\/alfequipment.com\/product\/tdy-380a-desktop-electric-pad-printing-machine\/","name":"TDY-380A M\u00e1quina de tampograf\u00eda el\u00e9ctrica de sobremesa - ALF PACK","isPartOf":{"@id":"https:\/\/alfequipment.com\/#website"},"primaryImageOfPage":{"@id":"https:\/\/alfequipment.com\/product\/tdy-380a-desktop-electric-pad-printing-machine\/#primaryimage"},"image":{"@id":"https:\/\/alfequipment.com\/product\/tdy-380a-desktop-electric-pad-printing-machine\/#primaryimage"},"thumbnailUrl":"https:\/\/alfequipment.com\/wp-content\/uploads\/2025\/01\/TDY-380A-Desktop-Electric-Pad-Printing-Machine.jpg","datePublished":"2024-12-23T02:36:11+00:00","dateModified":"2025-01-13T13:10:00+00:00","breadcrumb":{"@id":"https:\/\/alfequipment.com\/product\/tdy-380a-desktop-electric-pad-printing-machine\/#breadcrumb"},"inLanguage":"es","potentialAction":[{"@type":"ReadAction","target":["https:\/\/alfequipment.com\/product\/tdy-380a-desktop-electric-pad-printing-machine\/"]}]},{"@type":"ImageObject","inLanguage":"es","@id":"https:\/\/alfequipment.com\/product\/tdy-380a-desktop-electric-pad-printing-machine\/#primaryimage","url":"https:\/\/alfequipment.com\/wp-content\/uploads\/2025\/01\/TDY-380A-Desktop-Electric-Pad-Printing-Machine.jpg","contentUrl":"https:\/\/alfequipment.com\/wp-content\/uploads\/2025\/01\/TDY-380A-Desktop-Electric-Pad-Printing-Machine.jpg","width":800,"height":800},{"@type":"BreadcrumbList","@id":"https:\/\/alfequipment.com\/product\/tdy-380a-desktop-electric-pad-printing-machine\/#breadcrumb","itemListElement":[{"@type":"ListItem","position":1,"name":"Home","item":"https:\/\/alfequipment.com\/"},{"@type":"ListItem","position":2,"name":"Shop","item":"https:\/\/alfequipment.com\/shop\/"},{"@type":"ListItem","position":3,"name":"TDY-380A Desktop Electric Pad Printing Machine"}]},{"@type":"WebSite","@id":"https:\/\/alfequipment.com\/#website","url":"https:\/\/alfequipment.com\/","name":"PAQUETE ALF","description":"","publisher":{"@id":"https:\/\/alfequipment.com\/#organization"},"potentialAction":[{"@type":"SearchAction","target":{"@type":"EntryPoint","urlTemplate":"https:\/\/alfequipment.com\/?s={search_term_string}"},"query-input":{"@type":"PropertyValueSpecification","valueRequired":true,"valueName":"search_term_string"}}],"inLanguage":"es"},{"@type":"Organization","@id":"https:\/\/alfequipment.com\/#organization","name":"PAQUETE ALF","url":"https:\/\/alfequipment.com\/","logo":{"@type":"ImageObject","inLanguage":"es","@id":"https:\/\/alfequipment.com\/#\/schema\/logo\/image\/","url":"https:\/\/alfequipment.com\/wp-content\/uploads\/2024\/11\/ALFlogo-2.webp","contentUrl":"https:\/\/alfequipment.com\/wp-content\/uploads\/2024\/11\/ALFlogo-2.webp","width":758,"height":750,"caption":"ALF PACK"},"image":{"@id":"https:\/\/alfequipment.com\/#\/schema\/logo\/image\/"}}]}},"_links":{"self":[{"href":"https:\/\/alfequipment.com\/es\/wp-json\/wp\/v2\/product\/3025","targetHints":{"allow":["GET"]}}],"collection":[{"href":"https:\/\/alfequipment.com\/es\/wp-json\/wp\/v2\/product"}],"about":[{"href":"https:\/\/alfequipment.com\/es\/wp-json\/wp\/v2\/types\/product"}],"replies":[{"embeddable":true,"href":"https:\/\/alfequipment.com\/es\/wp-json\/wp\/v2\/comments?post=3025"}],"version-history":[{"count":0,"href":"https:\/\/alfequipment.com\/es\/wp-json\/wp\/v2\/product\/3025\/revisions"}],"wp:featuredmedia":[{"embeddable":true,"href":"https:\/\/alfequipment.com\/es\/wp-json\/wp\/v2\/media\/2884"}],"wp:attachment":[{"href":"https:\/\/alfequipment.com\/es\/wp-json\/wp\/v2\/media?parent=3025"}],"wp:term":[{"taxonomy":"product_brand","embeddable":true,"href":"https:\/\/alfequipment.com\/es\/wp-json\/wp\/v2\/product_brand?post=3025"},{"taxonomy":"product_cat","embeddable":true,"href":"https:\/\/alfequipment.com\/es\/wp-json\/wp\/v2\/product_cat?post=3025"},{"taxonomy":"product_tag","embeddable":true,"href":"https:\/\/alfequipment.com\/es\/wp-json\/wp\/v2\/product_tag?post=3025"}],"curies":[{"name":"wp","href":"https:\/\/api.w.org\/{rel}","templated":true}]}}