{"id":3042,"date":"2024-12-03T09:00:56","date_gmt":"2024-12-03T09:00:56","guid":{"rendered":"https:\/\/alfequipment.com\/product\/fl-100-intelligent-weighing-and-filling-machine-rotary-type-powder-granular-filler\/"},"modified":"2025-01-13T13:10:27","modified_gmt":"2025-01-13T13:10:27","slug":"fl-100-maquina-inteligente-de-pesaje-y-llenado-tipo-rotativo-llenadora-de-polvo-granulado","status":"publish","type":"product","link":"https:\/\/alfequipment.com\/es\/product\/fl-100-maquina-inteligente-de-pesaje-y-llenado-tipo-rotativo-llenadora-de-polvo-granulado\/","title":{"rendered":"FL-100 M\u00e1quina inteligente de pesaje y llenado de tipo rotativo de polvo granulado"},"content":{"rendered":"<div data-magic-global=\"%7B%22bizId%22%3A17179933680%2C%22pageId%22%3A21045769147%2C%22siteId%22%3A5005331025%7D\" id=\"detail_decorate_root\">\n<div module-id=\"28418328925\" module-title=\"detailProductNavigation\" render=\"true\" class=\"J_module\">\n<div id=\"ali-anchor-AliMagic-vxwyi6\" data-section=\"AliMagic-vxwyi6\" data-section-title=\"Product Description\" class=\"magic-0\">El nuevo tablero de la computadora del sistema, m\u00e1s durable y estable conveniente, tecnolog\u00eda avanzada, m\u00e1s confiable, maduro y profesional<\/div>\n<\/div>\n<div module-id=\"28418328926\" module-title=\"detailTextContent\" render=\"true\" class=\"J_module\">\n<div class=\"detail-decorate-json-renderer-container\">\n<div class=\"magic-1\">\n<div class=\"magic-2\">\n<div class=\"magic-3\">\n<div class=\"magic-4\"><span>tecnolog\u00eda.<\/p>\n<p><b>Adecuado para art\u00edculos:<\/b><br \/>Granulado, hierbas medicinales, semillas, alimentos, semillas de s\u00e9samo, cultivos de cereales, baya de lobo china, arroz, sal, especias, jud\u00edas, productos qu\u00edmicos<br \/>componentes, componentes electr\u00f3nicos, etc.<\/span>\n      <\/div>\n<\/p><\/div>\n<\/p><\/div>\n<\/p><\/div>\n<\/p><\/div>\n<\/p><\/div>\n<div module-id=\"28418328927\" module-title=\"detailLeftImageRightTable\" render=\"true\" class=\"J_module\">\n<div class=\"detail-decorate-json-renderer-container\">\n<div class=\"magic-1\">\n<div class=\"magic-5\">\n<div class=\"magic-3\">\n<div class=\"magic-6\">\n       <img decoding=\"async\" src=\"https:\/\/sc04.alicdn.com\/kf\/Hae70d7df0229410b9ac69b7f04dac8cfw\/64496\/Hae70d7df0229410b9ac69b7f04dac8cfw.jpg\" class=\"aligncenter\">\n      <\/div>\n<\/p><\/div>\n<\/p><\/div>\n<div class=\"magic-8\">\n<div class=\"magic-3\">\n<div class=\"ife-detail-decorate-table\">\n<table class=\"has-title all magic-9\">\n<tbody>\n<tr>\n<td colspan=\"1\" rowspan=\"1\">\n<div class=\"magic-10\">\n            Modelo\n           <\/div>\n<\/td>\n<td colspan=\"1\" rowspan=\"1\">\n<div class=\"magic-11\">\n            FL-100\n           <\/div>\n<\/td>\n<\/tr>\n<tr>\n<td colspan=\"1\" rowspan=\"1\">\n<div class=\"magic-10\">\n            Tensi\u00f3n de trabajo\n           <\/div>\n<\/td>\n<td colspan=\"1\" rowspan=\"1\">\n<div class=\"magic-11\">\n            &nbsp;220V \/ 110V\n           <\/div>\n<\/td>\n<\/tr>\n<tr>\n<td colspan=\"1\" rowspan=\"1\">\n<div class=\"magic-10\">\n            Potencia de trabajo\n           <\/div>\n<\/td>\n<td colspan=\"1\" rowspan=\"1\">\n<div class=\"magic-11\">\n            180W\n           <\/div>\n<\/td>\n<\/tr>\n<tr>\n<td colspan=\"1\" rowspan=\"1\">\n<div class=\"magic-10\">\n            Gama de llenado\n           <\/div>\n<\/td>\n<td colspan=\"1\" rowspan=\"1\">\n<div class=\"magic-11\">\n            1-99g\n           <\/div>\n<\/td>\n<\/tr>\n<tr>\n<td colspan=\"1\" rowspan=\"1\">\n<div class=\"magic-10\">\n            Precisi\u00f3n\n           <\/div>\n<\/td>\n<td colspan=\"1\" rowspan=\"1\">\n<div class=\"magic-11\">\n            \u00b10.3g\n           <\/div>\n<\/td>\n<\/tr>\n<tr>\n<td colspan=\"1\" rowspan=\"1\">\n<div class=\"magic-10\">\n            Velocidad\n           <\/div>\n<\/td>\n<td colspan=\"1\" rowspan=\"1\">\n<div class=\"magic-11\">\n            3-10 veces\/minuto\n           <\/div>\n<\/td>\n<\/tr>\n<tr>\n<td colspan=\"1\" rowspan=\"1\">\n<div class=\"magic-10\">\n            Aspecto del material\n           <\/div>\n<\/td>\n<td colspan=\"1\" rowspan=\"1\">\n<div class=\"magic-11\">\n            Acero inoxidable\n           <\/div>\n<\/td>\n<\/tr>\n<tr>\n<td colspan=\"1\" rowspan=\"1\">\n<div class=\"magic-10\">\n            Tama\u00f1o de la m\u00e1quina\n           <\/div>\n<\/td>\n<td colspan=\"1\" rowspan=\"1\">\n<div class=\"magic-11\">\n            380*380*440mm\n           <\/div>\n<\/td>\n<\/tr>\n<tr>\n<td colspan=\"1\" rowspan=\"1\">\n<div class=\"magic-10\">\n            Peso\n           <\/div>\n<\/td>\n<td colspan=\"1\" rowspan=\"1\">\n<div class=\"magic-11\">\n            20Kgs\n           <\/div>\n<\/td>\n<\/tr>\n<\/tbody>\n<\/table><\/div>\n<\/p><\/div>\n<\/p><\/div>\n<\/p><\/div>\n<\/p><\/div>\n<\/p><\/div>\n<div module-id=\"28418328928\" module-title=\"detailManyImage\" render=\"true\" class=\"J_module\">\n<div class=\"icbu-pc-detailManyImage magic-12\">\n<div class=\"magic-13\">\n    <img decoding=\"async\" src=\"https:\/\/sc04.alicdn.com\/kf\/H26a58fe1ee384f6283c7c078560fe653P\/64496\/H26a58fe1ee384f6283c7c078560fe653P.jpg\" class=\"aligncenter\">\n   <\/div>\n<div class=\"magic-15\">\n    <img decoding=\"async\" src=\"https:\/\/sc04.alicdn.com\/kf\/H13ca82a93114430c8a51bce6c6fe8561j\/64496\/H13ca82a93114430c8a51bce6c6fe8561j.jpg\" class=\"aligncenter\">\n   <\/div>\n<\/p><\/div>\n<\/p><\/div>\n<\/div>","protected":false},"excerpt":{"rendered":"<p>Llenadora de Polvo Inteligente Tipo Rotativo Barata<\/p>","protected":false},"featured_media":3043,"comment_status":"closed","ping_status":"open","template":"","meta":[],"product_brand":[],"product_cat":[101],"product_tag":[],"class_list":{"0":"post-3042","1":"product","2":"type-product","3":"status-publish","4":"has-post-thumbnail","6":"product_cat-filling-machines","8":"first","9":"instock","10":"sale","11":"purchasable","12":"product-type-simple"},"yoast_head":"<!-- This site is optimized with the Yoast SEO Premium plugin v20.9 (Yoast SEO v26.5) - https:\/\/yoast.com\/wordpress\/plugins\/seo\/ -->\n<title>FL-100 Intelligent weighing and filling machine rotary type powder granular filler - ALF PACK<\/title>\n<meta name=\"robots\" content=\"index, follow, max-snippet:-1, max-image-preview:large, max-video-preview:-1\" \/>\n<link rel=\"canonical\" href=\"https:\/\/alfequipment.com\/es\/product\/fl-100-maquina-inteligente-de-pesaje-y-llenado-tipo-rotativo-llenadora-de-polvo-granulado\/\" \/>\n<meta property=\"og:locale\" content=\"es_ES\" \/>\n<meta property=\"og:type\" content=\"article\" \/>\n<meta property=\"og:title\" content=\"FL-100 Intelligent weighing and filling machine rotary type powder granular filler\" \/>\n<meta property=\"og:description\" content=\"Cheap Rotary Type Intelligent Powder Filler\" \/>\n<meta property=\"og:url\" content=\"https:\/\/alfequipment.com\/es\/product\/fl-100-maquina-inteligente-de-pesaje-y-llenado-tipo-rotativo-llenadora-de-polvo-granulado\/\" \/>\n<meta property=\"og:site_name\" content=\"ALF PACK\" \/>\n<meta property=\"article:modified_time\" content=\"2025-01-13T13:10:27+00:00\" \/>\n<meta property=\"og:image\" content=\"https:\/\/alfequipment.com\/wp-content\/uploads\/2025\/01\/FL-100-Intelligent-weighing-and-filling-machine.jpg\" \/>\n\t<meta property=\"og:image:width\" content=\"1000\" \/>\n\t<meta property=\"og:image:height\" content=\"1000\" \/>\n\t<meta property=\"og:image:type\" content=\"image\/webp\" \/>\n<meta name=\"twitter:card\" content=\"summary_large_image\" \/>\n<script type=\"application\/ld+json\" class=\"yoast-schema-graph\">{\"@context\":\"https:\/\/schema.org\",\"@graph\":[{\"@type\":\"WebPage\",\"@id\":\"https:\/\/alfequipment.com\/product\/fl-100-intelligent-weighing-and-filling-machine-rotary-type-powder-granular-filler\/\",\"url\":\"https:\/\/alfequipment.com\/product\/fl-100-intelligent-weighing-and-filling-machine-rotary-type-powder-granular-filler\/\",\"name\":\"FL-100 Intelligent weighing and filling machine rotary type powder granular filler - ALF PACK\",\"isPartOf\":{\"@id\":\"https:\/\/alfequipment.com\/#website\"},\"primaryImageOfPage\":{\"@id\":\"https:\/\/alfequipment.com\/product\/fl-100-intelligent-weighing-and-filling-machine-rotary-type-powder-granular-filler\/#primaryimage\"},\"image\":{\"@id\":\"https:\/\/alfequipment.com\/product\/fl-100-intelligent-weighing-and-filling-machine-rotary-type-powder-granular-filler\/#primaryimage\"},\"thumbnailUrl\":\"https:\/\/alfequipment.com\/wp-content\/uploads\/2025\/01\/FL-100-Intelligent-weighing-and-filling-machine.jpg\",\"datePublished\":\"2024-12-03T09:00:56+00:00\",\"dateModified\":\"2025-01-13T13:10:27+00:00\",\"breadcrumb\":{\"@id\":\"https:\/\/alfequipment.com\/product\/fl-100-intelligent-weighing-and-filling-machine-rotary-type-powder-granular-filler\/#breadcrumb\"},\"inLanguage\":\"es\",\"potentialAction\":[{\"@type\":\"ReadAction\",\"target\":[\"https:\/\/alfequipment.com\/product\/fl-100-intelligent-weighing-and-filling-machine-rotary-type-powder-granular-filler\/\"]}]},{\"@type\":\"ImageObject\",\"inLanguage\":\"es\",\"@id\":\"https:\/\/alfequipment.com\/product\/fl-100-intelligent-weighing-and-filling-machine-rotary-type-powder-granular-filler\/#primaryimage\",\"url\":\"https:\/\/alfequipment.com\/wp-content\/uploads\/2025\/01\/FL-100-Intelligent-weighing-and-filling-machine.jpg\",\"contentUrl\":\"https:\/\/alfequipment.com\/wp-content\/uploads\/2025\/01\/FL-100-Intelligent-weighing-and-filling-machine.jpg\",\"width\":1000,\"height\":1000},{\"@type\":\"BreadcrumbList\",\"@id\":\"https:\/\/alfequipment.com\/product\/fl-100-intelligent-weighing-and-filling-machine-rotary-type-powder-granular-filler\/#breadcrumb\",\"itemListElement\":[{\"@type\":\"ListItem\",\"position\":1,\"name\":\"Home\",\"item\":\"https:\/\/alfequipment.com\/\"},{\"@type\":\"ListItem\",\"position\":2,\"name\":\"Shop\",\"item\":\"https:\/\/alfequipment.com\/shop\/\"},{\"@type\":\"ListItem\",\"position\":3,\"name\":\"FL-100 Intelligent weighing and filling machine rotary type powder granular filler\"}]},{\"@type\":\"WebSite\",\"@id\":\"https:\/\/alfequipment.com\/#website\",\"url\":\"https:\/\/alfequipment.com\/\",\"name\":\"ALF PACK\",\"description\":\"\",\"publisher\":{\"@id\":\"https:\/\/alfequipment.com\/#organization\"},\"potentialAction\":[{\"@type\":\"SearchAction\",\"target\":{\"@type\":\"EntryPoint\",\"urlTemplate\":\"https:\/\/alfequipment.com\/?s={search_term_string}\"},\"query-input\":{\"@type\":\"PropertyValueSpecification\",\"valueRequired\":true,\"valueName\":\"search_term_string\"}}],\"inLanguage\":\"es\"},{\"@type\":\"Organization\",\"@id\":\"https:\/\/alfequipment.com\/#organization\",\"name\":\"ALF PACK\",\"url\":\"https:\/\/alfequipment.com\/\",\"logo\":{\"@type\":\"ImageObject\",\"inLanguage\":\"es\",\"@id\":\"https:\/\/alfequipment.com\/#\/schema\/logo\/image\/\",\"url\":\"https:\/\/alfequipment.com\/wp-content\/uploads\/2024\/11\/ALFlogo-2.webp\",\"contentUrl\":\"https:\/\/alfequipment.com\/wp-content\/uploads\/2024\/11\/ALFlogo-2.webp\",\"width\":758,\"height\":750,\"caption\":\"ALF PACK\"},\"image\":{\"@id\":\"https:\/\/alfequipment.com\/#\/schema\/logo\/image\/\"}}]}<\/script>\n<!-- \/ Yoast SEO Premium plugin. -->","yoast_head_json":{"title":"FL-100 M\u00e1quina de pesaje y llenado inteligente tipo rotativa llenadora de polvo granulado - ALF PACK","robots":{"index":"index","follow":"follow","max-snippet":"max-snippet:-1","max-image-preview":"max-image-preview:large","max-video-preview":"max-video-preview:-1"},"canonical":"https:\/\/alfequipment.com\/es\/product\/fl-100-maquina-inteligente-de-pesaje-y-llenado-tipo-rotativo-llenadora-de-polvo-granulado\/","og_locale":"es_ES","og_type":"article","og_title":"FL-100 Intelligent weighing and filling machine rotary type powder granular filler","og_description":"Cheap Rotary Type Intelligent Powder Filler","og_url":"https:\/\/alfequipment.com\/es\/product\/fl-100-maquina-inteligente-de-pesaje-y-llenado-tipo-rotativo-llenadora-de-polvo-granulado\/","og_site_name":"ALF PACK","article_modified_time":"2025-01-13T13:10:27+00:00","og_image":[{"width":1000,"height":1000,"url":"https:\/\/alfequipment.com\/wp-content\/uploads\/2025\/01\/FL-100-Intelligent-weighing-and-filling-machine.jpg","type":"image\/webp"}],"twitter_card":"summary_large_image","schema":{"@context":"https:\/\/schema.org","@graph":[{"@type":"WebPage","@id":"https:\/\/alfequipment.com\/product\/fl-100-intelligent-weighing-and-filling-machine-rotary-type-powder-granular-filler\/","url":"https:\/\/alfequipment.com\/product\/fl-100-intelligent-weighing-and-filling-machine-rotary-type-powder-granular-filler\/","name":"FL-100 M\u00e1quina de pesaje y llenado inteligente tipo rotativa llenadora de polvo granulado - ALF PACK","isPartOf":{"@id":"https:\/\/alfequipment.com\/#website"},"primaryImageOfPage":{"@id":"https:\/\/alfequipment.com\/product\/fl-100-intelligent-weighing-and-filling-machine-rotary-type-powder-granular-filler\/#primaryimage"},"image":{"@id":"https:\/\/alfequipment.com\/product\/fl-100-intelligent-weighing-and-filling-machine-rotary-type-powder-granular-filler\/#primaryimage"},"thumbnailUrl":"https:\/\/alfequipment.com\/wp-content\/uploads\/2025\/01\/FL-100-Intelligent-weighing-and-filling-machine.jpg","datePublished":"2024-12-03T09:00:56+00:00","dateModified":"2025-01-13T13:10:27+00:00","breadcrumb":{"@id":"https:\/\/alfequipment.com\/product\/fl-100-intelligent-weighing-and-filling-machine-rotary-type-powder-granular-filler\/#breadcrumb"},"inLanguage":"es","potentialAction":[{"@type":"ReadAction","target":["https:\/\/alfequipment.com\/product\/fl-100-intelligent-weighing-and-filling-machine-rotary-type-powder-granular-filler\/"]}]},{"@type":"ImageObject","inLanguage":"es","@id":"https:\/\/alfequipment.com\/product\/fl-100-intelligent-weighing-and-filling-machine-rotary-type-powder-granular-filler\/#primaryimage","url":"https:\/\/alfequipment.com\/wp-content\/uploads\/2025\/01\/FL-100-Intelligent-weighing-and-filling-machine.jpg","contentUrl":"https:\/\/alfequipment.com\/wp-content\/uploads\/2025\/01\/FL-100-Intelligent-weighing-and-filling-machine.jpg","width":1000,"height":1000},{"@type":"BreadcrumbList","@id":"https:\/\/alfequipment.com\/product\/fl-100-intelligent-weighing-and-filling-machine-rotary-type-powder-granular-filler\/#breadcrumb","itemListElement":[{"@type":"ListItem","position":1,"name":"Home","item":"https:\/\/alfequipment.com\/"},{"@type":"ListItem","position":2,"name":"Shop","item":"https:\/\/alfequipment.com\/shop\/"},{"@type":"ListItem","position":3,"name":"FL-100 Intelligent weighing and filling machine rotary type powder granular filler"}]},{"@type":"WebSite","@id":"https:\/\/alfequipment.com\/#website","url":"https:\/\/alfequipment.com\/","name":"PAQUETE ALF","description":"","publisher":{"@id":"https:\/\/alfequipment.com\/#organization"},"potentialAction":[{"@type":"SearchAction","target":{"@type":"EntryPoint","urlTemplate":"https:\/\/alfequipment.com\/?s={search_term_string}"},"query-input":{"@type":"PropertyValueSpecification","valueRequired":true,"valueName":"search_term_string"}}],"inLanguage":"es"},{"@type":"Organization","@id":"https:\/\/alfequipment.com\/#organization","name":"PAQUETE ALF","url":"https:\/\/alfequipment.com\/","logo":{"@type":"ImageObject","inLanguage":"es","@id":"https:\/\/alfequipment.com\/#\/schema\/logo\/image\/","url":"https:\/\/alfequipment.com\/wp-content\/uploads\/2024\/11\/ALFlogo-2.webp","contentUrl":"https:\/\/alfequipment.com\/wp-content\/uploads\/2024\/11\/ALFlogo-2.webp","width":758,"height":750,"caption":"ALF PACK"},"image":{"@id":"https:\/\/alfequipment.com\/#\/schema\/logo\/image\/"}}]}},"_links":{"self":[{"href":"https:\/\/alfequipment.com\/es\/wp-json\/wp\/v2\/product\/3042","targetHints":{"allow":["GET"]}}],"collection":[{"href":"https:\/\/alfequipment.com\/es\/wp-json\/wp\/v2\/product"}],"about":[{"href":"https:\/\/alfequipment.com\/es\/wp-json\/wp\/v2\/types\/product"}],"replies":[{"embeddable":true,"href":"https:\/\/alfequipment.com\/es\/wp-json\/wp\/v2\/comments?post=3042"}],"version-history":[{"count":0,"href":"https:\/\/alfequipment.com\/es\/wp-json\/wp\/v2\/product\/3042\/revisions"}],"wp:featuredmedia":[{"embeddable":true,"href":"https:\/\/alfequipment.com\/es\/wp-json\/wp\/v2\/media\/3043"}],"wp:attachment":[{"href":"https:\/\/alfequipment.com\/es\/wp-json\/wp\/v2\/media?parent=3042"}],"wp:term":[{"taxonomy":"product_brand","embeddable":true,"href":"https:\/\/alfequipment.com\/es\/wp-json\/wp\/v2\/product_brand?post=3042"},{"taxonomy":"product_cat","embeddable":true,"href":"https:\/\/alfequipment.com\/es\/wp-json\/wp\/v2\/product_cat?post=3042"},{"taxonomy":"product_tag","embeddable":true,"href":"https:\/\/alfequipment.com\/es\/wp-json\/wp\/v2\/product_tag?post=3042"}],"curies":[{"name":"wp","href":"https:\/\/api.w.org\/{rel}","templated":true}]}}