{"id":3070,"date":"2024-12-02T06:58:25","date_gmt":"2024-12-02T06:58:25","guid":{"rendered":"https:\/\/alfequipment.com\/product\/lgys-3000-continuous-induction-sealing-machine-and-automatic-induct-sealer\/"},"modified":"2025-01-13T15:02:42","modified_gmt":"2025-01-13T15:02:42","slug":"lgys-3000-selladora-continua-por-induccion-y-selladora-automatica-por-induccion","status":"publish","type":"product","link":"https:\/\/alfequipment.com\/es\/product\/lgys-3000-selladora-continua-por-induccion-y-selladora-automatica-por-induccion\/","title":{"rendered":"LGYS-3000 Selladora continua por inducci\u00f3n y selladora autom\u00e1tica por inducci\u00f3n"},"content":{"rendered":"<div data-magic-global=\"%7B%22bizId%22%3A17179933680%2C%22pageId%22%3A21045048421%2C%22siteId%22%3A5005331025%7D\" id=\"detail_decorate_root\">\n<div module-id=\"28333516511\" module-title=\"detailProductNavigation\" render=\"true\" class=\"J_module\">\n<div id=\"ali-anchor-AliMagic-q75d5s\" data-section=\"AliMagic-q75d5s\" data-section-title=\"Product Description\" class=\"magic-0\"><b class=\"magic-5\" style=\"font-family: &quot;Times New Roman&quot;;\">La tecnolog\u00eda de sellado por inducci\u00f3n electromagn\u00e9tica es un m\u00e9todo de sellado avanzado y de uso generalizado en la actualidad. El sellado por inducci\u00f3n no tiene contacto, tiene una velocidad de sellado r\u00e1pida y un buen rendimiento de sellado, por lo que es adecuado para sellar botellas de materiales no met\u00e1licos, como pl\u00e1stico y vidrio. Se utiliza ampliamente en las industrias farmac\u00e9utica, alimentaria, de bebidas, petrolera, qu\u00edmica diaria y otras. Por favor, no utilice esta m\u00e1quina en productos y lugares inflamables y explosivos.<\/b><\/div>\n<\/div>\n<div module-id=\"28333516512\" module-title=\"detailTextContent\" render=\"true\" class=\"J_module\">\n<div class=\"detail-decorate-json-renderer-container\">\n<div class=\"magic-1\">\n<div class=\"magic-2\">\n<div class=\"magic-3\">\n<div class=\"magic-4\">\n<p><font face=\"Times New Roman\" class=\"magic-5\"><b class=\"magic-5\"><span>Esta m\u00e1quina adopta el principio de calentamiento por inducci\u00f3n electromagn\u00e9tica, a trav\u00e9s del calentamiento por inducci\u00f3n sin contacto, la l\u00e1mina de aluminio funde instant\u00e1neamente la capa adhesiva de la pel\u00edcula de sellado a alta temperatura. Tras enfriarse, la pel\u00edcula de sellado se adhiere a la boca de la botella para completar el sellado.<\/span><font class=\"magic-6\"><\/font><\/b><\/font><\/p>\n<\/p><\/div>\n<\/p><\/div>\n<\/p><\/div>\n<\/p><\/div>\n<\/p><\/div>\n<\/p><\/div>\n<div module-id=\"28333516513\" module-title=\"detailLeftImageRightTable\" render=\"true\" class=\"J_module\">\n<div class=\"detail-decorate-json-renderer-container\">\n<div class=\"magic-1\">\n<div class=\"magic-7\">\n<div class=\"magic-3\">\n<div class=\"magic-8\">\n       <img decoding=\"async\" src=\"https:\/\/sc04.alicdn.com\/kf\/H29b7c1d91fc4492380d0591defacf0f95\/64496\/H29b7c1d91fc4492380d0591defacf0f95.jpg\" class=\"aligncenter\">\n      <\/div>\n<\/p><\/div>\n<\/p><\/div>\n<div class=\"magic-10\">\n<div class=\"magic-3\">\n<div class=\"ife-detail-decorate-table\">\n<table class=\"has-title all magic-11\">\n<tbody>\n<tr>\n<td colspan=\"1\" rowspan=\"1\">\n<div class=\"magic-12\">\n            Modelo\n           <\/div>\n<\/td>\n<td colspan=\"1\" rowspan=\"1\">\n<div class=\"magic-13\">\n            LGYS-3000\n           <\/div>\n<\/td>\n<\/tr>\n<tr>\n<td colspan=\"1\" rowspan=\"1\">\n<div class=\"magic-12\">\n            tensi\u00f3n\n           <\/div>\n<\/td>\n<td colspan=\"1\" rowspan=\"1\">\n<div class=\"magic-13\">\n            220V 50\/60HZ\n           <\/div>\n<\/td>\n<\/tr>\n<tr>\n<td colspan=\"1\" rowspan=\"1\">\n<div class=\"magic-12\">\n            Potencia\n           <\/div>\n<\/td>\n<td colspan=\"1\" rowspan=\"1\">\n<div class=\"magic-13\">\n            3,0 KW\n           <\/div>\n<\/td>\n<\/tr>\n<tr>\n<td colspan=\"1\" rowspan=\"1\">\n<div class=\"magic-12\">\n            Capacidad\n           <\/div>\n<\/td>\n<td colspan=\"1\" rowspan=\"1\">\n<div class=\"magic-13\">\n            6-18 m\/min\n           <\/div>\n<\/td>\n<\/tr>\n<tr>\n<td colspan=\"1\" rowspan=\"1\">\n<div class=\"magic-12\">\n            Di\u00e1metro de sellado\n           <\/div>\n<\/td>\n<td colspan=\"1\" rowspan=\"1\">\n<div class=\"magic-13\">\n            20-150 mm\n           <\/div>\n<\/td>\n<\/tr>\n<tr>\n<td colspan=\"1\" rowspan=\"1\">\n<div class=\"magic-12\">\n            Altura adecuada de las botellas\n           <\/div>\n<\/td>\n<td colspan=\"1\" rowspan=\"1\">\n<div class=\"magic-13\">\n            20-400mm\n           <\/div>\n<\/td>\n<\/tr>\n<tr>\n<td colspan=\"1\" rowspan=\"1\">\n<div class=\"magic-12\">\n            Peso de la m\u00e1quina principal\n           <\/div>\n<\/td>\n<td colspan=\"1\" rowspan=\"1\">\n<div class=\"magic-13\">\n            108 kg\n           <\/div>\n<\/td>\n<\/tr>\n<tr>\n<td colspan=\"1\" rowspan=\"1\">\n<div class=\"magic-12\">\n            Peso del transportador\n           <\/div>\n<\/td>\n<td colspan=\"1\" rowspan=\"1\">\n<div class=\"magic-13\">\n            60KG\n           <\/div>\n<\/td>\n<\/tr>\n<tr>\n<td colspan=\"1\" rowspan=\"1\">\n<div class=\"magic-12\">\n            Tama\u00f1o de la m\u00e1quina principal\n           <\/div>\n<\/td>\n<td colspan=\"1\" rowspan=\"1\">\n<div class=\"magic-13\">\n            680\u00d7570\u00d71400mm\n           <\/div>\n<\/td>\n<\/tr>\n<tr>\n<td colspan=\"1\" rowspan=\"1\">\n<div class=\"magic-12\">\n            Tama\u00f1o del transportador\n           <\/div>\n<\/td>\n<td colspan=\"1\" rowspan=\"1\">\n<div class=\"magic-13\">\n            1880\u00d7570\u00d7900\n           <\/div>\n<\/td>\n<\/tr>\n<tr>\n<td colspan=\"1\" rowspan=\"1\">\n<div class=\"magic-12\">\n            Peso de carga de la cinta transportadora\n           <\/div>\n<\/td>\n<td colspan=\"1\" rowspan=\"1\">\n<div class=\"magic-13\">\n            50KG\n           <\/div>\n<\/td>\n<\/tr>\n<\/tbody>\n<\/table><\/div>\n<\/p><\/div>\n<\/p><\/div>\n<\/p><\/div>\n<\/p><\/div>\n<\/p><\/div>\n<div module-id=\"28333516514\" module-title=\"detailManyImage\" render=\"true\" class=\"J_module\">\n<div class=\"icbu-pc-detailManyImage magic-14\">\n<div class=\"magic-15\">\n    <img decoding=\"async\" src=\"https:\/\/sc04.alicdn.com\/kf\/H3fa5fda2de5b40b8ba12c0cdc2edd0b3D\/64496\/H3fa5fda2de5b40b8ba12c0cdc2edd0b3D.jpg\" class=\"aligncenter\">\n   <\/div>\n<div class=\"magic-15\">\n    <img decoding=\"async\" src=\"https:\/\/sc04.alicdn.com\/kf\/Hedd4798ba5d9408fbc762f261b0fc8dcV\/64496\/Hedd4798ba5d9408fbc762f261b0fc8dcV.jpg\" class=\"aligncenter\">\n   <\/div>\n<\/p><\/div>\n<\/p><\/div>\n<div module-id=\"28339194054\" module-title=\"detailSingleImage\" render=\"true\" class=\"J_module\">\n<div class=\"icbu-pc-images magic-17\">\n<div>\n<div class=\"flex-layout-v\">\n<div class=\"flex-layout-h magic-17\">\n<div class=\"magic-18\">\n       <img decoding=\"async\" src=\"https:\/\/sc04.alicdn.com\/kf\/He40a286b6146423daf3dca97e443fbf8R\/64496\/He40a286b6146423daf3dca97e443fbf8R.jpg\" class=\"aligncenter\">\n      <\/div>\n<\/p><\/div>\n<\/p><\/div>\n<\/p><\/div>\n<\/p><\/div>\n<\/p><\/div>\n<\/div>","protected":false},"excerpt":{"rendered":"<p>Selladora de inducci\u00f3n autom\u00e1tica continua de alta calidad<\/p>","protected":false},"featured_media":3071,"comment_status":"closed","ping_status":"open","template":"","meta":[],"product_brand":[],"product_cat":[120,97],"product_tag":[],"class_list":{"0":"post-3070","1":"product","2":"type-product","3":"status-publish","4":"has-post-thumbnail","6":"product_cat-induction-sealer","7":"product_cat-sealing-machines","9":"first","10":"instock","11":"sale","12":"purchasable","13":"product-type-simple"},"yoast_head":"<!-- This site is optimized with the Yoast SEO Premium plugin v20.9 (Yoast SEO v26.5) - https:\/\/yoast.com\/wordpress\/plugins\/seo\/ -->\n<title>LGYS-3000 Continuous Induction Sealing Machine and automatic induct sealer - ALF PACK<\/title>\n<meta name=\"robots\" content=\"index, follow, max-snippet:-1, max-image-preview:large, max-video-preview:-1\" \/>\n<link rel=\"canonical\" href=\"https:\/\/alfequipment.com\/es\/product\/lgys-3000-selladora-continua-por-induccion-y-selladora-automatica-por-induccion\/\" \/>\n<meta property=\"og:locale\" content=\"es_ES\" \/>\n<meta property=\"og:type\" content=\"article\" \/>\n<meta property=\"og:title\" content=\"LGYS-3000 Continuous Induction Sealing Machine and automatic induct sealer\" \/>\n<meta property=\"og:description\" content=\"High Quality Continuous Automatic Induction Sealer\" \/>\n<meta property=\"og:url\" content=\"https:\/\/alfequipment.com\/es\/product\/lgys-3000-selladora-continua-por-induccion-y-selladora-automatica-por-induccion\/\" \/>\n<meta property=\"og:site_name\" content=\"ALF PACK\" \/>\n<meta property=\"article:modified_time\" content=\"2025-01-13T15:02:42+00:00\" \/>\n<meta property=\"og:image\" content=\"https:\/\/alfequipment.com\/wp-content\/uploads\/2025\/01\/LGYS-3000-Continuous-Induction-Sealing-Machine-and.jpg\" \/>\n\t<meta property=\"og:image:width\" content=\"1000\" \/>\n\t<meta property=\"og:image:height\" content=\"1000\" \/>\n\t<meta property=\"og:image:type\" content=\"image\/webp\" \/>\n<meta name=\"twitter:card\" content=\"summary_large_image\" \/>\n<meta name=\"twitter:label1\" content=\"Tiempo de lectura\" \/>\n\t<meta name=\"twitter:data1\" content=\"1 minuto\" \/>\n<script type=\"application\/ld+json\" class=\"yoast-schema-graph\">{\"@context\":\"https:\/\/schema.org\",\"@graph\":[{\"@type\":\"WebPage\",\"@id\":\"https:\/\/alfequipment.com\/product\/lgys-3000-continuous-induction-sealing-machine-and-automatic-induct-sealer\/\",\"url\":\"https:\/\/alfequipment.com\/product\/lgys-3000-continuous-induction-sealing-machine-and-automatic-induct-sealer\/\",\"name\":\"LGYS-3000 Continuous Induction Sealing Machine and automatic induct sealer - ALF PACK\",\"isPartOf\":{\"@id\":\"https:\/\/alfequipment.com\/#website\"},\"primaryImageOfPage\":{\"@id\":\"https:\/\/alfequipment.com\/product\/lgys-3000-continuous-induction-sealing-machine-and-automatic-induct-sealer\/#primaryimage\"},\"image\":{\"@id\":\"https:\/\/alfequipment.com\/product\/lgys-3000-continuous-induction-sealing-machine-and-automatic-induct-sealer\/#primaryimage\"},\"thumbnailUrl\":\"https:\/\/alfequipment.com\/wp-content\/uploads\/2025\/01\/LGYS-3000-Continuous-Induction-Sealing-Machine-and.jpg\",\"datePublished\":\"2024-12-02T06:58:25+00:00\",\"dateModified\":\"2025-01-13T15:02:42+00:00\",\"breadcrumb\":{\"@id\":\"https:\/\/alfequipment.com\/product\/lgys-3000-continuous-induction-sealing-machine-and-automatic-induct-sealer\/#breadcrumb\"},\"inLanguage\":\"es\",\"potentialAction\":[{\"@type\":\"ReadAction\",\"target\":[\"https:\/\/alfequipment.com\/product\/lgys-3000-continuous-induction-sealing-machine-and-automatic-induct-sealer\/\"]}]},{\"@type\":\"ImageObject\",\"inLanguage\":\"es\",\"@id\":\"https:\/\/alfequipment.com\/product\/lgys-3000-continuous-induction-sealing-machine-and-automatic-induct-sealer\/#primaryimage\",\"url\":\"https:\/\/alfequipment.com\/wp-content\/uploads\/2025\/01\/LGYS-3000-Continuous-Induction-Sealing-Machine-and.jpg\",\"contentUrl\":\"https:\/\/alfequipment.com\/wp-content\/uploads\/2025\/01\/LGYS-3000-Continuous-Induction-Sealing-Machine-and.jpg\",\"width\":1000,\"height\":1000},{\"@type\":\"BreadcrumbList\",\"@id\":\"https:\/\/alfequipment.com\/product\/lgys-3000-continuous-induction-sealing-machine-and-automatic-induct-sealer\/#breadcrumb\",\"itemListElement\":[{\"@type\":\"ListItem\",\"position\":1,\"name\":\"Home\",\"item\":\"https:\/\/alfequipment.com\/\"},{\"@type\":\"ListItem\",\"position\":2,\"name\":\"Shop\",\"item\":\"https:\/\/alfequipment.com\/shop\/\"},{\"@type\":\"ListItem\",\"position\":3,\"name\":\"LGYS-3000 Continuous Induction Sealing Machine and automatic induct sealer\"}]},{\"@type\":\"WebSite\",\"@id\":\"https:\/\/alfequipment.com\/#website\",\"url\":\"https:\/\/alfequipment.com\/\",\"name\":\"ALF PACK\",\"description\":\"\",\"publisher\":{\"@id\":\"https:\/\/alfequipment.com\/#organization\"},\"potentialAction\":[{\"@type\":\"SearchAction\",\"target\":{\"@type\":\"EntryPoint\",\"urlTemplate\":\"https:\/\/alfequipment.com\/?s={search_term_string}\"},\"query-input\":{\"@type\":\"PropertyValueSpecification\",\"valueRequired\":true,\"valueName\":\"search_term_string\"}}],\"inLanguage\":\"es\"},{\"@type\":\"Organization\",\"@id\":\"https:\/\/alfequipment.com\/#organization\",\"name\":\"ALF PACK\",\"url\":\"https:\/\/alfequipment.com\/\",\"logo\":{\"@type\":\"ImageObject\",\"inLanguage\":\"es\",\"@id\":\"https:\/\/alfequipment.com\/#\/schema\/logo\/image\/\",\"url\":\"https:\/\/alfequipment.com\/wp-content\/uploads\/2024\/11\/ALFlogo-2.webp\",\"contentUrl\":\"https:\/\/alfequipment.com\/wp-content\/uploads\/2024\/11\/ALFlogo-2.webp\",\"width\":758,\"height\":750,\"caption\":\"ALF PACK\"},\"image\":{\"@id\":\"https:\/\/alfequipment.com\/#\/schema\/logo\/image\/\"}}]}<\/script>\n<!-- \/ Yoast SEO Premium plugin. -->","yoast_head_json":{"title":"LGYS-3000 Selladora continua por inducci\u00f3n y selladora autom\u00e1tica por inducci\u00f3n - ALF PACK","robots":{"index":"index","follow":"follow","max-snippet":"max-snippet:-1","max-image-preview":"max-image-preview:large","max-video-preview":"max-video-preview:-1"},"canonical":"https:\/\/alfequipment.com\/es\/product\/lgys-3000-selladora-continua-por-induccion-y-selladora-automatica-por-induccion\/","og_locale":"es_ES","og_type":"article","og_title":"LGYS-3000 Continuous Induction Sealing Machine and automatic induct sealer","og_description":"High Quality Continuous Automatic Induction Sealer","og_url":"https:\/\/alfequipment.com\/es\/product\/lgys-3000-selladora-continua-por-induccion-y-selladora-automatica-por-induccion\/","og_site_name":"ALF PACK","article_modified_time":"2025-01-13T15:02:42+00:00","og_image":[{"width":1000,"height":1000,"url":"https:\/\/alfequipment.com\/wp-content\/uploads\/2025\/01\/LGYS-3000-Continuous-Induction-Sealing-Machine-and.jpg","type":"image\/webp"}],"twitter_card":"summary_large_image","twitter_misc":{"Tiempo de lectura":"1 minuto"},"schema":{"@context":"https:\/\/schema.org","@graph":[{"@type":"WebPage","@id":"https:\/\/alfequipment.com\/product\/lgys-3000-continuous-induction-sealing-machine-and-automatic-induct-sealer\/","url":"https:\/\/alfequipment.com\/product\/lgys-3000-continuous-induction-sealing-machine-and-automatic-induct-sealer\/","name":"LGYS-3000 Selladora continua por inducci\u00f3n y selladora autom\u00e1tica por inducci\u00f3n - ALF PACK","isPartOf":{"@id":"https:\/\/alfequipment.com\/#website"},"primaryImageOfPage":{"@id":"https:\/\/alfequipment.com\/product\/lgys-3000-continuous-induction-sealing-machine-and-automatic-induct-sealer\/#primaryimage"},"image":{"@id":"https:\/\/alfequipment.com\/product\/lgys-3000-continuous-induction-sealing-machine-and-automatic-induct-sealer\/#primaryimage"},"thumbnailUrl":"https:\/\/alfequipment.com\/wp-content\/uploads\/2025\/01\/LGYS-3000-Continuous-Induction-Sealing-Machine-and.jpg","datePublished":"2024-12-02T06:58:25+00:00","dateModified":"2025-01-13T15:02:42+00:00","breadcrumb":{"@id":"https:\/\/alfequipment.com\/product\/lgys-3000-continuous-induction-sealing-machine-and-automatic-induct-sealer\/#breadcrumb"},"inLanguage":"es","potentialAction":[{"@type":"ReadAction","target":["https:\/\/alfequipment.com\/product\/lgys-3000-continuous-induction-sealing-machine-and-automatic-induct-sealer\/"]}]},{"@type":"ImageObject","inLanguage":"es","@id":"https:\/\/alfequipment.com\/product\/lgys-3000-continuous-induction-sealing-machine-and-automatic-induct-sealer\/#primaryimage","url":"https:\/\/alfequipment.com\/wp-content\/uploads\/2025\/01\/LGYS-3000-Continuous-Induction-Sealing-Machine-and.jpg","contentUrl":"https:\/\/alfequipment.com\/wp-content\/uploads\/2025\/01\/LGYS-3000-Continuous-Induction-Sealing-Machine-and.jpg","width":1000,"height":1000},{"@type":"BreadcrumbList","@id":"https:\/\/alfequipment.com\/product\/lgys-3000-continuous-induction-sealing-machine-and-automatic-induct-sealer\/#breadcrumb","itemListElement":[{"@type":"ListItem","position":1,"name":"Home","item":"https:\/\/alfequipment.com\/"},{"@type":"ListItem","position":2,"name":"Shop","item":"https:\/\/alfequipment.com\/shop\/"},{"@type":"ListItem","position":3,"name":"LGYS-3000 Continuous Induction Sealing Machine and automatic induct sealer"}]},{"@type":"WebSite","@id":"https:\/\/alfequipment.com\/#website","url":"https:\/\/alfequipment.com\/","name":"PAQUETE ALF","description":"","publisher":{"@id":"https:\/\/alfequipment.com\/#organization"},"potentialAction":[{"@type":"SearchAction","target":{"@type":"EntryPoint","urlTemplate":"https:\/\/alfequipment.com\/?s={search_term_string}"},"query-input":{"@type":"PropertyValueSpecification","valueRequired":true,"valueName":"search_term_string"}}],"inLanguage":"es"},{"@type":"Organization","@id":"https:\/\/alfequipment.com\/#organization","name":"PAQUETE ALF","url":"https:\/\/alfequipment.com\/","logo":{"@type":"ImageObject","inLanguage":"es","@id":"https:\/\/alfequipment.com\/#\/schema\/logo\/image\/","url":"https:\/\/alfequipment.com\/wp-content\/uploads\/2024\/11\/ALFlogo-2.webp","contentUrl":"https:\/\/alfequipment.com\/wp-content\/uploads\/2024\/11\/ALFlogo-2.webp","width":758,"height":750,"caption":"ALF PACK"},"image":{"@id":"https:\/\/alfequipment.com\/#\/schema\/logo\/image\/"}}]}},"_links":{"self":[{"href":"https:\/\/alfequipment.com\/es\/wp-json\/wp\/v2\/product\/3070","targetHints":{"allow":["GET"]}}],"collection":[{"href":"https:\/\/alfequipment.com\/es\/wp-json\/wp\/v2\/product"}],"about":[{"href":"https:\/\/alfequipment.com\/es\/wp-json\/wp\/v2\/types\/product"}],"replies":[{"embeddable":true,"href":"https:\/\/alfequipment.com\/es\/wp-json\/wp\/v2\/comments?post=3070"}],"version-history":[{"count":0,"href":"https:\/\/alfequipment.com\/es\/wp-json\/wp\/v2\/product\/3070\/revisions"}],"wp:featuredmedia":[{"embeddable":true,"href":"https:\/\/alfequipment.com\/es\/wp-json\/wp\/v2\/media\/3071"}],"wp:attachment":[{"href":"https:\/\/alfequipment.com\/es\/wp-json\/wp\/v2\/media?parent=3070"}],"wp:term":[{"taxonomy":"product_brand","embeddable":true,"href":"https:\/\/alfequipment.com\/es\/wp-json\/wp\/v2\/product_brand?post=3070"},{"taxonomy":"product_cat","embeddable":true,"href":"https:\/\/alfequipment.com\/es\/wp-json\/wp\/v2\/product_cat?post=3070"},{"taxonomy":"product_tag","embeddable":true,"href":"https:\/\/alfequipment.com\/es\/wp-json\/wp\/v2\/product_tag?post=3070"}],"curies":[{"name":"wp","href":"https:\/\/api.w.org\/{rel}","templated":true}]}}