{"id":3074,"date":"2025-01-11T09:47:45","date_gmt":"2025-01-11T09:47:45","guid":{"rendered":"https:\/\/alfequipment.com\/product\/lgyf-2000ax-continuous-induction-sealing-machine-for-plastic-bottle\/"},"modified":"2025-01-13T15:02:38","modified_gmt":"2025-01-13T15:02:38","slug":"lgyf-2000ax-maquina-de-sellado-continuo-por-induccion-para-botellas-de-plastico","status":"publish","type":"product","link":"https:\/\/alfequipment.com\/es\/product\/lgyf-2000ax-maquina-de-sellado-continuo-por-induccion-para-botellas-de-plastico\/","title":{"rendered":"LGYF-2000AX M\u00e1quina de sellado continuo por inducci\u00f3n para botellas de pl\u00e1stico"},"content":{"rendered":"<div id=\"ali-anchor-AliPostDhMb-j98w5\" style=\"padding-top: 8px;\" data-section=\"AliPostDhMb-j98w5\" data-section-title=\"Product Description\">\n<div style=\"padding: 10px;\">\n<p><span style=\"font-family: Verdana, Arial, Helvetica, sans-serif;\">La selladora de inducci\u00f3n continua LGYF-2000AX utiliza el principio de inducci\u00f3n electromagn\u00e9tica para producir calor alto instant\u00e1neo para derretir el papel de aluminio. Luego se adhiere al agujero del tap\u00f3n, alcanzando el objetivo de a prueba de humedad, a prueba de fugas, a prueba de moho y extender el tiempo de conservaci\u00f3n. Actualmente se utiliza ampliamente como m\u00e1quina de sellado de envases en industrias como la farmac\u00e9utica, de pesticidas, plaguicidas, lubricantes y cosm\u00e9ticos, etc.<\/span><\/p>\n<\/p><\/div>\n<\/div>\n<p>&nbsp;<span style=\"line-height: 24px; font-size: 16px; font-family: Verdana, Arial, Helvetica, sans-serif;\">Especificaci\u00f3n:<\/span><\/p>\n<p>&nbsp;<\/p>\n<table class=\"aliDataTable\" style=\"width: 405px;\" border=\"0\" cellspacing=\"0\" cellpadding=\"0\">\n<tbody>\n<tr>\n<td>\n<p>Modelo<\/p>\n<\/td>\n<td>\n<p>LGYF-2000AX<\/p>\n<\/td>\n<\/tr>\n<tr>\n<td>\n<p>tensi\u00f3n<\/p>\n<\/td>\n<td>\n<p>220V 50\/60HZ<\/p>\n<\/td>\n<\/tr>\n<tr>\n<td>\n<p>Potencia<\/p>\n<\/td>\n<td>\n<p>1,5 KW<\/p>\n<\/td>\n<\/tr>\n<tr>\n<td>\n<p>Capacidad<\/p>\n<\/td>\n<td>\n<p>0-12 m\/min<\/p>\n<\/td>\n<\/tr>\n<tr>\n<td>\n<p>Di\u00e1metro de sellado<\/p>\n<\/td>\n<td>\n<p>20-130 mm<\/p>\n<\/td>\n<\/tr>\n<tr>\n<td>\n<p>Altura adecuada de las botellas<\/p>\n<\/td>\n<td>\n<p>40-400mm<\/p>\n<\/td>\n<\/tr>\n<tr>\n<td>\n<p>Peso de la m\u00e1quina<\/p>\n<\/td>\n<td>\n<p>72 kg<\/p>\n<\/td>\n<\/tr>\n<tr>\n<td>\n<p>Tama\u00f1o de la m\u00e1quina<\/p>\n<\/td>\n<td>\n<p>1550*550*1350mm<\/p>\n<\/td>\n<\/tr>\n<\/tbody>\n<\/table>\n<p>&nbsp;<\/p><\/p>","protected":false},"excerpt":{"rendered":"<p>M\u00e1quina de sellado continuo por inducci\u00f3n para botellas de pl\u00e1stico<\/p>","protected":false},"featured_media":3075,"comment_status":"closed","ping_status":"open","template":"","meta":[],"product_brand":[],"product_cat":[120,97],"product_tag":[],"class_list":{"0":"post-3074","1":"product","2":"type-product","3":"status-publish","4":"has-post-thumbnail","6":"product_cat-induction-sealer","7":"product_cat-sealing-machines","9":"first","10":"instock","11":"sale","12":"purchasable","13":"product-type-simple"},"yoast_head":"<!-- This site is optimized with the Yoast SEO Premium plugin v20.9 (Yoast SEO v26.5) - https:\/\/yoast.com\/wordpress\/plugins\/seo\/ -->\n<title>LGYF-2000AX Continuous Induction Sealing Machine for plastic bottle - ALF PACK<\/title>\n<meta name=\"robots\" content=\"index, follow, max-snippet:-1, max-image-preview:large, max-video-preview:-1\" \/>\n<link rel=\"canonical\" href=\"https:\/\/alfequipment.com\/es\/product\/lgyf-2000ax-maquina-de-sellado-continuo-por-induccion-para-botellas-de-plastico\/\" \/>\n<meta property=\"og:locale\" content=\"es_ES\" \/>\n<meta property=\"og:type\" content=\"article\" \/>\n<meta property=\"og:title\" content=\"LGYF-2000AX Continuous Induction Sealing Machine for plastic bottle\" \/>\n<meta property=\"og:description\" content=\"Continuous Induction Sealing Machine For Plastic Bottle\" \/>\n<meta property=\"og:url\" content=\"https:\/\/alfequipment.com\/es\/product\/lgyf-2000ax-maquina-de-sellado-continuo-por-induccion-para-botellas-de-plastico\/\" \/>\n<meta property=\"og:site_name\" content=\"ALF PACK\" \/>\n<meta property=\"article:modified_time\" content=\"2025-01-13T15:02:38+00:00\" \/>\n<meta property=\"og:image\" content=\"https:\/\/alfequipment.com\/wp-content\/uploads\/2025\/01\/LGYF-2000AX-Continuous-Induction-Sealing-Machine-for.jpg\" \/>\n\t<meta property=\"og:image:width\" content=\"800\" \/>\n\t<meta property=\"og:image:height\" content=\"800\" \/>\n\t<meta property=\"og:image:type\" content=\"image\/webp\" \/>\n<meta name=\"twitter:card\" content=\"summary_large_image\" \/>\n<script type=\"application\/ld+json\" class=\"yoast-schema-graph\">{\"@context\":\"https:\/\/schema.org\",\"@graph\":[{\"@type\":\"WebPage\",\"@id\":\"https:\/\/alfequipment.com\/product\/lgyf-2000ax-continuous-induction-sealing-machine-for-plastic-bottle\/\",\"url\":\"https:\/\/alfequipment.com\/product\/lgyf-2000ax-continuous-induction-sealing-machine-for-plastic-bottle\/\",\"name\":\"LGYF-2000AX Continuous Induction Sealing Machine for plastic bottle - ALF PACK\",\"isPartOf\":{\"@id\":\"https:\/\/alfequipment.com\/#website\"},\"primaryImageOfPage\":{\"@id\":\"https:\/\/alfequipment.com\/product\/lgyf-2000ax-continuous-induction-sealing-machine-for-plastic-bottle\/#primaryimage\"},\"image\":{\"@id\":\"https:\/\/alfequipment.com\/product\/lgyf-2000ax-continuous-induction-sealing-machine-for-plastic-bottle\/#primaryimage\"},\"thumbnailUrl\":\"https:\/\/alfequipment.com\/wp-content\/uploads\/2025\/01\/LGYF-2000AX-Continuous-Induction-Sealing-Machine-for.jpg\",\"datePublished\":\"2025-01-11T09:47:45+00:00\",\"dateModified\":\"2025-01-13T15:02:38+00:00\",\"breadcrumb\":{\"@id\":\"https:\/\/alfequipment.com\/product\/lgyf-2000ax-continuous-induction-sealing-machine-for-plastic-bottle\/#breadcrumb\"},\"inLanguage\":\"es\",\"potentialAction\":[{\"@type\":\"ReadAction\",\"target\":[\"https:\/\/alfequipment.com\/product\/lgyf-2000ax-continuous-induction-sealing-machine-for-plastic-bottle\/\"]}]},{\"@type\":\"ImageObject\",\"inLanguage\":\"es\",\"@id\":\"https:\/\/alfequipment.com\/product\/lgyf-2000ax-continuous-induction-sealing-machine-for-plastic-bottle\/#primaryimage\",\"url\":\"https:\/\/alfequipment.com\/wp-content\/uploads\/2025\/01\/LGYF-2000AX-Continuous-Induction-Sealing-Machine-for.jpg\",\"contentUrl\":\"https:\/\/alfequipment.com\/wp-content\/uploads\/2025\/01\/LGYF-2000AX-Continuous-Induction-Sealing-Machine-for.jpg\",\"width\":800,\"height\":800},{\"@type\":\"BreadcrumbList\",\"@id\":\"https:\/\/alfequipment.com\/product\/lgyf-2000ax-continuous-induction-sealing-machine-for-plastic-bottle\/#breadcrumb\",\"itemListElement\":[{\"@type\":\"ListItem\",\"position\":1,\"name\":\"Home\",\"item\":\"https:\/\/alfequipment.com\/\"},{\"@type\":\"ListItem\",\"position\":2,\"name\":\"Shop\",\"item\":\"https:\/\/alfequipment.com\/shop\/\"},{\"@type\":\"ListItem\",\"position\":3,\"name\":\"LGYF-2000AX Continuous Induction Sealing Machine for plastic bottle\"}]},{\"@type\":\"WebSite\",\"@id\":\"https:\/\/alfequipment.com\/#website\",\"url\":\"https:\/\/alfequipment.com\/\",\"name\":\"ALF PACK\",\"description\":\"\",\"publisher\":{\"@id\":\"https:\/\/alfequipment.com\/#organization\"},\"potentialAction\":[{\"@type\":\"SearchAction\",\"target\":{\"@type\":\"EntryPoint\",\"urlTemplate\":\"https:\/\/alfequipment.com\/?s={search_term_string}\"},\"query-input\":{\"@type\":\"PropertyValueSpecification\",\"valueRequired\":true,\"valueName\":\"search_term_string\"}}],\"inLanguage\":\"es\"},{\"@type\":\"Organization\",\"@id\":\"https:\/\/alfequipment.com\/#organization\",\"name\":\"ALF PACK\",\"url\":\"https:\/\/alfequipment.com\/\",\"logo\":{\"@type\":\"ImageObject\",\"inLanguage\":\"es\",\"@id\":\"https:\/\/alfequipment.com\/#\/schema\/logo\/image\/\",\"url\":\"https:\/\/alfequipment.com\/wp-content\/uploads\/2024\/11\/ALFlogo-2.webp\",\"contentUrl\":\"https:\/\/alfequipment.com\/wp-content\/uploads\/2024\/11\/ALFlogo-2.webp\",\"width\":758,\"height\":750,\"caption\":\"ALF PACK\"},\"image\":{\"@id\":\"https:\/\/alfequipment.com\/#\/schema\/logo\/image\/\"}}]}<\/script>\n<!-- \/ Yoast SEO Premium plugin. -->","yoast_head_json":{"title":"LGYF-2000AX M\u00e1quina de sellado continuo por inducci\u00f3n para botellas de pl\u00e1stico - ALF PACK","robots":{"index":"index","follow":"follow","max-snippet":"max-snippet:-1","max-image-preview":"max-image-preview:large","max-video-preview":"max-video-preview:-1"},"canonical":"https:\/\/alfequipment.com\/es\/product\/lgyf-2000ax-maquina-de-sellado-continuo-por-induccion-para-botellas-de-plastico\/","og_locale":"es_ES","og_type":"article","og_title":"LGYF-2000AX Continuous Induction Sealing Machine for plastic bottle","og_description":"Continuous Induction Sealing Machine For Plastic Bottle","og_url":"https:\/\/alfequipment.com\/es\/product\/lgyf-2000ax-maquina-de-sellado-continuo-por-induccion-para-botellas-de-plastico\/","og_site_name":"ALF PACK","article_modified_time":"2025-01-13T15:02:38+00:00","og_image":[{"width":800,"height":800,"url":"https:\/\/alfequipment.com\/wp-content\/uploads\/2025\/01\/LGYF-2000AX-Continuous-Induction-Sealing-Machine-for.jpg","type":"image\/webp"}],"twitter_card":"summary_large_image","schema":{"@context":"https:\/\/schema.org","@graph":[{"@type":"WebPage","@id":"https:\/\/alfequipment.com\/product\/lgyf-2000ax-continuous-induction-sealing-machine-for-plastic-bottle\/","url":"https:\/\/alfequipment.com\/product\/lgyf-2000ax-continuous-induction-sealing-machine-for-plastic-bottle\/","name":"LGYF-2000AX M\u00e1quina de sellado continuo por inducci\u00f3n para botellas de pl\u00e1stico - ALF PACK","isPartOf":{"@id":"https:\/\/alfequipment.com\/#website"},"primaryImageOfPage":{"@id":"https:\/\/alfequipment.com\/product\/lgyf-2000ax-continuous-induction-sealing-machine-for-plastic-bottle\/#primaryimage"},"image":{"@id":"https:\/\/alfequipment.com\/product\/lgyf-2000ax-continuous-induction-sealing-machine-for-plastic-bottle\/#primaryimage"},"thumbnailUrl":"https:\/\/alfequipment.com\/wp-content\/uploads\/2025\/01\/LGYF-2000AX-Continuous-Induction-Sealing-Machine-for.jpg","datePublished":"2025-01-11T09:47:45+00:00","dateModified":"2025-01-13T15:02:38+00:00","breadcrumb":{"@id":"https:\/\/alfequipment.com\/product\/lgyf-2000ax-continuous-induction-sealing-machine-for-plastic-bottle\/#breadcrumb"},"inLanguage":"es","potentialAction":[{"@type":"ReadAction","target":["https:\/\/alfequipment.com\/product\/lgyf-2000ax-continuous-induction-sealing-machine-for-plastic-bottle\/"]}]},{"@type":"ImageObject","inLanguage":"es","@id":"https:\/\/alfequipment.com\/product\/lgyf-2000ax-continuous-induction-sealing-machine-for-plastic-bottle\/#primaryimage","url":"https:\/\/alfequipment.com\/wp-content\/uploads\/2025\/01\/LGYF-2000AX-Continuous-Induction-Sealing-Machine-for.jpg","contentUrl":"https:\/\/alfequipment.com\/wp-content\/uploads\/2025\/01\/LGYF-2000AX-Continuous-Induction-Sealing-Machine-for.jpg","width":800,"height":800},{"@type":"BreadcrumbList","@id":"https:\/\/alfequipment.com\/product\/lgyf-2000ax-continuous-induction-sealing-machine-for-plastic-bottle\/#breadcrumb","itemListElement":[{"@type":"ListItem","position":1,"name":"Home","item":"https:\/\/alfequipment.com\/"},{"@type":"ListItem","position":2,"name":"Shop","item":"https:\/\/alfequipment.com\/shop\/"},{"@type":"ListItem","position":3,"name":"LGYF-2000AX Continuous Induction Sealing Machine for plastic bottle"}]},{"@type":"WebSite","@id":"https:\/\/alfequipment.com\/#website","url":"https:\/\/alfequipment.com\/","name":"PAQUETE ALF","description":"","publisher":{"@id":"https:\/\/alfequipment.com\/#organization"},"potentialAction":[{"@type":"SearchAction","target":{"@type":"EntryPoint","urlTemplate":"https:\/\/alfequipment.com\/?s={search_term_string}"},"query-input":{"@type":"PropertyValueSpecification","valueRequired":true,"valueName":"search_term_string"}}],"inLanguage":"es"},{"@type":"Organization","@id":"https:\/\/alfequipment.com\/#organization","name":"PAQUETE ALF","url":"https:\/\/alfequipment.com\/","logo":{"@type":"ImageObject","inLanguage":"es","@id":"https:\/\/alfequipment.com\/#\/schema\/logo\/image\/","url":"https:\/\/alfequipment.com\/wp-content\/uploads\/2024\/11\/ALFlogo-2.webp","contentUrl":"https:\/\/alfequipment.com\/wp-content\/uploads\/2024\/11\/ALFlogo-2.webp","width":758,"height":750,"caption":"ALF PACK"},"image":{"@id":"https:\/\/alfequipment.com\/#\/schema\/logo\/image\/"}}]}},"_links":{"self":[{"href":"https:\/\/alfequipment.com\/es\/wp-json\/wp\/v2\/product\/3074","targetHints":{"allow":["GET"]}}],"collection":[{"href":"https:\/\/alfequipment.com\/es\/wp-json\/wp\/v2\/product"}],"about":[{"href":"https:\/\/alfequipment.com\/es\/wp-json\/wp\/v2\/types\/product"}],"replies":[{"embeddable":true,"href":"https:\/\/alfequipment.com\/es\/wp-json\/wp\/v2\/comments?post=3074"}],"version-history":[{"count":0,"href":"https:\/\/alfequipment.com\/es\/wp-json\/wp\/v2\/product\/3074\/revisions"}],"wp:featuredmedia":[{"embeddable":true,"href":"https:\/\/alfequipment.com\/es\/wp-json\/wp\/v2\/media\/3075"}],"wp:attachment":[{"href":"https:\/\/alfequipment.com\/es\/wp-json\/wp\/v2\/media?parent=3074"}],"wp:term":[{"taxonomy":"product_brand","embeddable":true,"href":"https:\/\/alfequipment.com\/es\/wp-json\/wp\/v2\/product_brand?post=3074"},{"taxonomy":"product_cat","embeddable":true,"href":"https:\/\/alfequipment.com\/es\/wp-json\/wp\/v2\/product_cat?post=3074"},{"taxonomy":"product_tag","embeddable":true,"href":"https:\/\/alfequipment.com\/es\/wp-json\/wp\/v2\/product_tag?post=3074"}],"curies":[{"name":"wp","href":"https:\/\/api.w.org\/{rel}","templated":true}]}}