{"id":3086,"date":"2024-12-10T15:33:12","date_gmt":"2024-12-10T15:33:12","guid":{"rendered":"https:\/\/alfequipment.com\/product\/dkx50-horizontal-high-speed-carton-erector-and-bottom-sealer-box-sealing-packaging-machine\/"},"modified":"2025-01-13T13:11:29","modified_gmt":"2025-01-13T13:11:29","slug":"dkx50-horizontal-de-alta-velocidad-de-carton-erector-y-sellador-inferior-caja-de-sellado-de-la-maquina-de-embalaje","status":"publish","type":"product","link":"https:\/\/alfequipment.com\/es\/product\/dkx50-horizontal-de-alta-velocidad-de-carton-erector-y-sellador-inferior-caja-de-sellado-de-la-maquina-de-embalaje\/","title":{"rendered":"DKX50 Horizontal de alta velocidad de cart\u00f3n Erector y sellador inferior caja de sellado de la m\u00e1quina de embalaje"},"content":{"rendered":"<div data-magic-global=\"%7B%22bizId%22%3A17179933680%2C%22pageId%22%3A21044417352%2C%22siteId%22%3A5005331025%7D\" id=\"detail_decorate_root\">\n<div module-id=\"28284059540\" module-title=\"detailProductNavigation\" render=\"true\" class=\"J_module\">\n<div id=\"ali-anchor-AliMagic-7sl8gt\" data-section=\"AliMagic-7sl8gt\" data-section-title=\"Product Description\" class=\"magic-0\">El almacenamiento horizontal se adopta para almacenar los espacios en blanco del cart\u00f3n, para los cuales los espacios en blanco del cart\u00f3n se pueden agregar en cualquier momento sin parar la m\u00e1quina; Es conveniente para formar y sellar los cartones del mismo tama\u00f1o. Si el tama\u00f1o del cart\u00f3n necesita ser cambiado, el operador debe ajustar la m\u00e1quina manualmente (acabando en 2-3 minutos); Se dise\u00f1a racionalmente de modo que la formaci\u00f3n, el doblez y el proceso del lacre se logren simult\u00e1neamente; Todas las piezas son exactas y durables, sin causar ninguna vibraci\u00f3n en funcionamiento. funcionando constantemente con larga vida; Ligero en peso, alto rendimiento y velocidad.<\/div>\n<\/div>\n<div module-id=\"28284059543\" module-title=\"detailTableHightLight\" render=\"true\" class=\"J_module\">\n<div class=\"ife-detail-decorate-table\">\n<table class=\"all magic-8\">\n<tbody>\n<tr>\n<td colspan=\"1\" rowspan=\"1\">\n<div class=\"magic-9\">\n        Modelo\n       <\/div>\n<\/td>\n<td colspan=\"3\" rowspan=\"1\">\n<div class=\"magic-10\">\n        DKX50\n       <\/div>\n<\/td>\n<td rowspan=\"0\" class=\"magic-11\">\n<div class=\"magic-12\"><\/div>\n<\/td>\n<td rowspan=\"0\" class=\"magic-11\">\n<div class=\"magic-12\"><\/div>\n<\/td>\n<\/tr>\n<tr>\n<td colspan=\"1\" rowspan=\"1\">\n<div class=\"magic-9\">\n        Tama\u00f1o de la caja\n       <\/div>\n<\/td>\n<td colspan=\"3\" rowspan=\"1\">\n<div class=\"magic-10\">\n        L240-510 mm, A190-400 mm, A120-400 mm\n       <\/div>\n<\/td>\n<td rowspan=\"0\" class=\"magic-11\">\n<div class=\"magic-12\"><\/div>\n<\/td>\n<td rowspan=\"0\" class=\"magic-11\">\n<div class=\"magic-12\"><\/div>\n<\/td>\n<\/tr>\n<tr>\n<td colspan=\"1\" rowspan=\"1\">\n<div class=\"magic-9\">\n        Altura de la mesa\n       <\/div>\n<\/td>\n<td colspan=\"3\" rowspan=\"1\">\n<div class=\"magic-10\">\n        960-1000 mm\n       <\/div>\n<\/td>\n<td rowspan=\"0\" class=\"magic-11\">\n<div class=\"magic-12\"><\/div>\n<\/td>\n<td rowspan=\"0\" class=\"magic-11\">\n<div class=\"magic-12\"><\/div>\n<\/td>\n<\/tr>\n<tr>\n<td colspan=\"1\" rowspan=\"1\">\n<div class=\"magic-9\">\n        Velocidad\n       <\/div>\n<\/td>\n<td colspan=\"3\" rowspan=\"1\">\n<div class=\"magic-10\">\n        10-30 cajas\/min\n       <\/div>\n<\/td>\n<td rowspan=\"0\" class=\"magic-11\">\n<div class=\"magic-12\"><\/div>\n<\/td>\n<td rowspan=\"0\" class=\"magic-11\">\n<div class=\"magic-12\"><\/div>\n<\/td>\n<\/tr>\n<tr>\n<td colspan=\"1\" rowspan=\"1\">\n<div class=\"magic-9\">\n        Dimensi\u00f3n de la m\u00e1quina\n       <\/div>\n<\/td>\n<td colspan=\"3\" rowspan=\"1\">\n<div class=\"magic-10\">\n        2120 (L)*1410(An)*2000 (Al)mm\n       <\/div>\n<\/td>\n<td rowspan=\"0\" class=\"magic-11\">\n<div class=\"magic-12\"><\/div>\n<\/td>\n<td rowspan=\"0\" class=\"magic-11\">\n<div class=\"magic-12\"><\/div>\n<\/td>\n<\/tr>\n<tr>\n<td colspan=\"1\" rowspan=\"1\">\n<div class=\"magic-9\">\n        Fuente de alimentaci\u00f3n\n       <\/div>\n<\/td>\n<td colspan=\"3\" rowspan=\"1\">\n<div class=\"magic-10\">\n        220V\/380V 50-60HZ\n       <\/div>\n<\/td>\n<td rowspan=\"0\" class=\"magic-11\">\n<div class=\"magic-12\"><\/div>\n<\/td>\n<td rowspan=\"0\" class=\"magic-11\">\n<div class=\"magic-12\"><\/div>\n<\/td>\n<\/tr>\n<tr>\n<td colspan=\"1\" rowspan=\"1\">\n<div class=\"magic-9\">\n        Fuente de aire\n       <\/div>\n<\/td>\n<td colspan=\"3\" rowspan=\"1\">\n<div class=\"magic-10\">\n        Alrededor de 200L\/min, 0,5-0,7 MPa\n       <\/div>\n<\/td>\n<td rowspan=\"0\" class=\"magic-11\">\n<div class=\"magic-12\"><\/div>\n<\/td>\n<td rowspan=\"0\" class=\"magic-11\">\n<div class=\"magic-12\"><\/div>\n<\/td>\n<\/tr>\n<tr>\n<td colspan=\"1\" rowspan=\"1\">\n<div class=\"magic-9\">\n        Cinta\n       <\/div>\n<\/td>\n<td colspan=\"3\" rowspan=\"1\">\n<div class=\"magic-10\">\n        A48-60mm\n       <\/div>\n<\/td>\n<td rowspan=\"0\" class=\"magic-11\">\n<div class=\"magic-12\"><\/div>\n<\/td>\n<td rowspan=\"0\" class=\"magic-11\">\n<div class=\"magic-12\"><\/div>\n<\/td>\n<\/tr>\n<tr>\n<td colspan=\"1\" rowspan=\"1\">\n<div class=\"magic-9\">\n        Peso de la m\u00e1quina\n       <\/div>\n<\/td>\n<td colspan=\"3\" rowspan=\"1\">\n<div class=\"magic-13\">\n        NW-600KGS\n       <\/div>\n<\/td>\n<td rowspan=\"0\" class=\"magic-11\">\n<div class=\"magic-12\"><\/div>\n<\/td>\n<td rowspan=\"0\" class=\"magic-11\">\n<div class=\"magic-12\"><\/div>\n<\/td>\n<\/tr>\n<\/tbody>\n<\/table><\/div>\n<\/p><\/div>\n<div module-id=\"28284059545\" module-title=\"detailSingleImage\" render=\"true\" class=\"J_module\">\n<div class=\"icbu-pc-images magic-14\">\n<div>\n<div class=\"flex-layout-v\">\n<div class=\"flex-layout-h magic-14\">\n<div class=\"magic-15\">\n       <img decoding=\"async\" src=\"https:\/\/sc04.alicdn.com\/kf\/H13bbdfb7bf2b4e96b064e66531e2abfde\/64496\/H13bbdfb7bf2b4e96b064e66531e2abfde.jpg\" class=\"aligncenter\">\n      <\/div>\n<\/p><\/div>\n<\/p><\/div>\n<\/p><\/div>\n<\/p><\/div>\n<\/p><\/div>\n<div module-id=\"28319605629\" module-title=\"detailSingleImage\" render=\"true\" class=\"J_module\">\n<div class=\"icbu-pc-images magic-14\">\n<div>\n<div class=\"flex-layout-v\">\n<div class=\"flex-layout-h magic-14\">\n<div class=\"magic-15\">\n       <img decoding=\"async\" src=\"https:\/\/sc04.alicdn.com\/kf\/Haf0475065a6f4eda8cdce7833abfb879C\/64496\/Haf0475065a6f4eda8cdce7833abfb879C.jpg\" class=\"aligncenter\">\n      <\/div>\n<\/p><\/div>\n<\/p><\/div>\n<\/p><\/div>\n<\/p><\/div>\n<\/p><\/div>\n<div module-id=\"28319605630\" module-title=\"detailSingleImage\" render=\"true\" class=\"J_module\">\n<div class=\"icbu-pc-images magic-14\">\n<div>\n<div class=\"flex-layout-v\">\n<div class=\"flex-layout-h magic-14\">\n<div class=\"magic-17\">\n       <img decoding=\"async\" src=\"https:\/\/sc04.alicdn.com\/kf\/Hfb918c33685f41df861605a25faf19660\/64496\/Hfb918c33685f41df861605a25faf19660.jpg\" class=\"aligncenter\">\n      <\/div>\n<\/p><\/div>\n<\/p><\/div>\n<\/p><\/div>\n<\/p><\/div>\n<\/p><\/div>\n<div module-id=\"28284059550\" module-title=\"detailSingleImage\" render=\"true\" class=\"J_module\">\n<div class=\"icbu-pc-images magic-14\">\n<div>\n<div class=\"flex-layout-v\">\n<div class=\"flex-layout-h magic-14\">\n<div class=\"magic-19\">\n       <img decoding=\"async\" src=\"https:\/\/sc02.alicdn.com\/kf\/HTB1AwPhFqmWBuNjy1Xa760CbXXaX\/64496\/HTB1AwPhFqmWBuNjy1Xa760CbXXaX.png\" class=\"aligncenter\">\n      <\/div>\n<\/p><\/div>\n<\/p><\/div>\n<\/p><\/div>\n<\/p><\/div>\n<\/p><\/div>\n<\/div>","protected":false},"excerpt":{"rendered":"<p>Formadora de cajas autom\u00e1tica con selladora de fondo<\/p>","protected":false},"featured_media":3087,"comment_status":"closed","ping_status":"open","template":"","meta":[],"product_brand":[],"product_cat":[97],"product_tag":[],"class_list":{"0":"post-3086","1":"product","2":"type-product","3":"status-publish","4":"has-post-thumbnail","6":"product_cat-sealing-machines","8":"first","9":"instock","10":"sale","11":"purchasable","12":"product-type-simple"},"yoast_head":"<!-- This site is optimized with the Yoast SEO Premium plugin v20.9 (Yoast SEO v26.5) - https:\/\/yoast.com\/wordpress\/plugins\/seo\/ -->\n<title>DKX50 Horizontal High-speed Carton Erector and Bottom Sealer box sealing packaging machine - ALF PACK<\/title>\n<meta name=\"robots\" content=\"index, follow, max-snippet:-1, max-image-preview:large, max-video-preview:-1\" \/>\n<link rel=\"canonical\" href=\"https:\/\/alfequipment.com\/es\/product\/dkx50-horizontal-de-alta-velocidad-de-carton-erector-y-sellador-inferior-caja-de-sellado-de-la-maquina-de-embalaje\/\" \/>\n<meta property=\"og:locale\" content=\"es_ES\" \/>\n<meta property=\"og:type\" content=\"article\" \/>\n<meta property=\"og:title\" content=\"DKX50 Horizontal High-speed Carton Erector and Bottom Sealer box sealing packaging machine\" \/>\n<meta property=\"og:description\" content=\"Automatic Carton Erector With Bottom Sealer\" \/>\n<meta property=\"og:url\" content=\"https:\/\/alfequipment.com\/es\/product\/dkx50-horizontal-de-alta-velocidad-de-carton-erector-y-sellador-inferior-caja-de-sellado-de-la-maquina-de-embalaje\/\" \/>\n<meta property=\"og:site_name\" content=\"ALF PACK\" \/>\n<meta property=\"article:modified_time\" content=\"2025-01-13T13:11:29+00:00\" \/>\n<meta property=\"og:image\" content=\"https:\/\/alfequipment.com\/wp-content\/uploads\/2025\/01\/DKX50-Horizontal-High-speed-Carton-Erector-and.jpg\" \/>\n\t<meta property=\"og:image:width\" content=\"800\" \/>\n\t<meta property=\"og:image:height\" content=\"800\" \/>\n\t<meta property=\"og:image:type\" content=\"image\/webp\" \/>\n<meta name=\"twitter:card\" content=\"summary_large_image\" \/>\n<meta name=\"twitter:label1\" content=\"Tiempo de lectura\" \/>\n\t<meta name=\"twitter:data1\" content=\"1 minuto\" \/>\n<script type=\"application\/ld+json\" class=\"yoast-schema-graph\">{\"@context\":\"https:\/\/schema.org\",\"@graph\":[{\"@type\":\"WebPage\",\"@id\":\"https:\/\/alfequipment.com\/product\/dkx50-horizontal-high-speed-carton-erector-and-bottom-sealer-box-sealing-packaging-machine\/\",\"url\":\"https:\/\/alfequipment.com\/product\/dkx50-horizontal-high-speed-carton-erector-and-bottom-sealer-box-sealing-packaging-machine\/\",\"name\":\"DKX50 Horizontal High-speed Carton Erector and Bottom Sealer box sealing packaging machine - ALF PACK\",\"isPartOf\":{\"@id\":\"https:\/\/alfequipment.com\/#website\"},\"primaryImageOfPage\":{\"@id\":\"https:\/\/alfequipment.com\/product\/dkx50-horizontal-high-speed-carton-erector-and-bottom-sealer-box-sealing-packaging-machine\/#primaryimage\"},\"image\":{\"@id\":\"https:\/\/alfequipment.com\/product\/dkx50-horizontal-high-speed-carton-erector-and-bottom-sealer-box-sealing-packaging-machine\/#primaryimage\"},\"thumbnailUrl\":\"https:\/\/alfequipment.com\/wp-content\/uploads\/2025\/01\/DKX50-Horizontal-High-speed-Carton-Erector-and.jpg\",\"datePublished\":\"2024-12-10T15:33:12+00:00\",\"dateModified\":\"2025-01-13T13:11:29+00:00\",\"breadcrumb\":{\"@id\":\"https:\/\/alfequipment.com\/product\/dkx50-horizontal-high-speed-carton-erector-and-bottom-sealer-box-sealing-packaging-machine\/#breadcrumb\"},\"inLanguage\":\"es\",\"potentialAction\":[{\"@type\":\"ReadAction\",\"target\":[\"https:\/\/alfequipment.com\/product\/dkx50-horizontal-high-speed-carton-erector-and-bottom-sealer-box-sealing-packaging-machine\/\"]}]},{\"@type\":\"ImageObject\",\"inLanguage\":\"es\",\"@id\":\"https:\/\/alfequipment.com\/product\/dkx50-horizontal-high-speed-carton-erector-and-bottom-sealer-box-sealing-packaging-machine\/#primaryimage\",\"url\":\"https:\/\/alfequipment.com\/wp-content\/uploads\/2025\/01\/DKX50-Horizontal-High-speed-Carton-Erector-and.jpg\",\"contentUrl\":\"https:\/\/alfequipment.com\/wp-content\/uploads\/2025\/01\/DKX50-Horizontal-High-speed-Carton-Erector-and.jpg\",\"width\":800,\"height\":800},{\"@type\":\"BreadcrumbList\",\"@id\":\"https:\/\/alfequipment.com\/product\/dkx50-horizontal-high-speed-carton-erector-and-bottom-sealer-box-sealing-packaging-machine\/#breadcrumb\",\"itemListElement\":[{\"@type\":\"ListItem\",\"position\":1,\"name\":\"Home\",\"item\":\"https:\/\/alfequipment.com\/\"},{\"@type\":\"ListItem\",\"position\":2,\"name\":\"Shop\",\"item\":\"https:\/\/alfequipment.com\/shop\/\"},{\"@type\":\"ListItem\",\"position\":3,\"name\":\"DKX50 Horizontal High-speed Carton Erector and Bottom Sealer box sealing packaging machine\"}]},{\"@type\":\"WebSite\",\"@id\":\"https:\/\/alfequipment.com\/#website\",\"url\":\"https:\/\/alfequipment.com\/\",\"name\":\"ALF PACK\",\"description\":\"\",\"publisher\":{\"@id\":\"https:\/\/alfequipment.com\/#organization\"},\"potentialAction\":[{\"@type\":\"SearchAction\",\"target\":{\"@type\":\"EntryPoint\",\"urlTemplate\":\"https:\/\/alfequipment.com\/?s={search_term_string}\"},\"query-input\":{\"@type\":\"PropertyValueSpecification\",\"valueRequired\":true,\"valueName\":\"search_term_string\"}}],\"inLanguage\":\"es\"},{\"@type\":\"Organization\",\"@id\":\"https:\/\/alfequipment.com\/#organization\",\"name\":\"ALF PACK\",\"url\":\"https:\/\/alfequipment.com\/\",\"logo\":{\"@type\":\"ImageObject\",\"inLanguage\":\"es\",\"@id\":\"https:\/\/alfequipment.com\/#\/schema\/logo\/image\/\",\"url\":\"https:\/\/alfequipment.com\/wp-content\/uploads\/2024\/11\/ALFlogo-2.webp\",\"contentUrl\":\"https:\/\/alfequipment.com\/wp-content\/uploads\/2024\/11\/ALFlogo-2.webp\",\"width\":758,\"height\":750,\"caption\":\"ALF PACK\"},\"image\":{\"@id\":\"https:\/\/alfequipment.com\/#\/schema\/logo\/image\/\"}}]}<\/script>\n<!-- \/ Yoast SEO Premium plugin. -->","yoast_head_json":{"title":"DKX50 Horizontal de alta velocidad de cart\u00f3n Erector y sellador inferior caja de sellado de la m\u00e1quina de embalaje - ALF PACK","robots":{"index":"index","follow":"follow","max-snippet":"max-snippet:-1","max-image-preview":"max-image-preview:large","max-video-preview":"max-video-preview:-1"},"canonical":"https:\/\/alfequipment.com\/es\/product\/dkx50-horizontal-de-alta-velocidad-de-carton-erector-y-sellador-inferior-caja-de-sellado-de-la-maquina-de-embalaje\/","og_locale":"es_ES","og_type":"article","og_title":"DKX50 Horizontal High-speed Carton Erector and Bottom Sealer box sealing packaging machine","og_description":"Automatic Carton Erector With Bottom Sealer","og_url":"https:\/\/alfequipment.com\/es\/product\/dkx50-horizontal-de-alta-velocidad-de-carton-erector-y-sellador-inferior-caja-de-sellado-de-la-maquina-de-embalaje\/","og_site_name":"ALF PACK","article_modified_time":"2025-01-13T13:11:29+00:00","og_image":[{"width":800,"height":800,"url":"https:\/\/alfequipment.com\/wp-content\/uploads\/2025\/01\/DKX50-Horizontal-High-speed-Carton-Erector-and.jpg","type":"image\/webp"}],"twitter_card":"summary_large_image","twitter_misc":{"Tiempo de lectura":"1 minuto"},"schema":{"@context":"https:\/\/schema.org","@graph":[{"@type":"WebPage","@id":"https:\/\/alfequipment.com\/product\/dkx50-horizontal-high-speed-carton-erector-and-bottom-sealer-box-sealing-packaging-machine\/","url":"https:\/\/alfequipment.com\/product\/dkx50-horizontal-high-speed-carton-erector-and-bottom-sealer-box-sealing-packaging-machine\/","name":"DKX50 Horizontal de alta velocidad de cart\u00f3n Erector y sellador inferior caja de sellado de la m\u00e1quina de embalaje - ALF PACK","isPartOf":{"@id":"https:\/\/alfequipment.com\/#website"},"primaryImageOfPage":{"@id":"https:\/\/alfequipment.com\/product\/dkx50-horizontal-high-speed-carton-erector-and-bottom-sealer-box-sealing-packaging-machine\/#primaryimage"},"image":{"@id":"https:\/\/alfequipment.com\/product\/dkx50-horizontal-high-speed-carton-erector-and-bottom-sealer-box-sealing-packaging-machine\/#primaryimage"},"thumbnailUrl":"https:\/\/alfequipment.com\/wp-content\/uploads\/2025\/01\/DKX50-Horizontal-High-speed-Carton-Erector-and.jpg","datePublished":"2024-12-10T15:33:12+00:00","dateModified":"2025-01-13T13:11:29+00:00","breadcrumb":{"@id":"https:\/\/alfequipment.com\/product\/dkx50-horizontal-high-speed-carton-erector-and-bottom-sealer-box-sealing-packaging-machine\/#breadcrumb"},"inLanguage":"es","potentialAction":[{"@type":"ReadAction","target":["https:\/\/alfequipment.com\/product\/dkx50-horizontal-high-speed-carton-erector-and-bottom-sealer-box-sealing-packaging-machine\/"]}]},{"@type":"ImageObject","inLanguage":"es","@id":"https:\/\/alfequipment.com\/product\/dkx50-horizontal-high-speed-carton-erector-and-bottom-sealer-box-sealing-packaging-machine\/#primaryimage","url":"https:\/\/alfequipment.com\/wp-content\/uploads\/2025\/01\/DKX50-Horizontal-High-speed-Carton-Erector-and.jpg","contentUrl":"https:\/\/alfequipment.com\/wp-content\/uploads\/2025\/01\/DKX50-Horizontal-High-speed-Carton-Erector-and.jpg","width":800,"height":800},{"@type":"BreadcrumbList","@id":"https:\/\/alfequipment.com\/product\/dkx50-horizontal-high-speed-carton-erector-and-bottom-sealer-box-sealing-packaging-machine\/#breadcrumb","itemListElement":[{"@type":"ListItem","position":1,"name":"Home","item":"https:\/\/alfequipment.com\/"},{"@type":"ListItem","position":2,"name":"Shop","item":"https:\/\/alfequipment.com\/shop\/"},{"@type":"ListItem","position":3,"name":"DKX50 Horizontal High-speed Carton Erector and Bottom Sealer box sealing packaging machine"}]},{"@type":"WebSite","@id":"https:\/\/alfequipment.com\/#website","url":"https:\/\/alfequipment.com\/","name":"PAQUETE ALF","description":"","publisher":{"@id":"https:\/\/alfequipment.com\/#organization"},"potentialAction":[{"@type":"SearchAction","target":{"@type":"EntryPoint","urlTemplate":"https:\/\/alfequipment.com\/?s={search_term_string}"},"query-input":{"@type":"PropertyValueSpecification","valueRequired":true,"valueName":"search_term_string"}}],"inLanguage":"es"},{"@type":"Organization","@id":"https:\/\/alfequipment.com\/#organization","name":"PAQUETE ALF","url":"https:\/\/alfequipment.com\/","logo":{"@type":"ImageObject","inLanguage":"es","@id":"https:\/\/alfequipment.com\/#\/schema\/logo\/image\/","url":"https:\/\/alfequipment.com\/wp-content\/uploads\/2024\/11\/ALFlogo-2.webp","contentUrl":"https:\/\/alfequipment.com\/wp-content\/uploads\/2024\/11\/ALFlogo-2.webp","width":758,"height":750,"caption":"ALF PACK"},"image":{"@id":"https:\/\/alfequipment.com\/#\/schema\/logo\/image\/"}}]}},"_links":{"self":[{"href":"https:\/\/alfequipment.com\/es\/wp-json\/wp\/v2\/product\/3086","targetHints":{"allow":["GET"]}}],"collection":[{"href":"https:\/\/alfequipment.com\/es\/wp-json\/wp\/v2\/product"}],"about":[{"href":"https:\/\/alfequipment.com\/es\/wp-json\/wp\/v2\/types\/product"}],"replies":[{"embeddable":true,"href":"https:\/\/alfequipment.com\/es\/wp-json\/wp\/v2\/comments?post=3086"}],"version-history":[{"count":0,"href":"https:\/\/alfequipment.com\/es\/wp-json\/wp\/v2\/product\/3086\/revisions"}],"wp:featuredmedia":[{"embeddable":true,"href":"https:\/\/alfequipment.com\/es\/wp-json\/wp\/v2\/media\/3087"}],"wp:attachment":[{"href":"https:\/\/alfequipment.com\/es\/wp-json\/wp\/v2\/media?parent=3086"}],"wp:term":[{"taxonomy":"product_brand","embeddable":true,"href":"https:\/\/alfequipment.com\/es\/wp-json\/wp\/v2\/product_brand?post=3086"},{"taxonomy":"product_cat","embeddable":true,"href":"https:\/\/alfequipment.com\/es\/wp-json\/wp\/v2\/product_cat?post=3086"},{"taxonomy":"product_tag","embeddable":true,"href":"https:\/\/alfequipment.com\/es\/wp-json\/wp\/v2\/product_tag?post=3086"}],"curies":[{"name":"wp","href":"https:\/\/api.w.org\/{rel}","templated":true}]}}