{"id":3088,"date":"2024-12-07T16:24:10","date_gmt":"2024-12-07T16:24:10","guid":{"rendered":"https:\/\/alfequipment.com\/product\/zsj-590p-automatic-pillow-packing-machine-and-bs-590p-shrinking-tunnel-packager\/"},"modified":"2025-12-25T02:20:10","modified_gmt":"2025-12-25T02:20:10","slug":"zsj-590p-pillow-press-packing-machine","status":"publish","type":"product","link":"https:\/\/alfequipment.com\/es\/product\/zsj-590p-pillow-press-packing-machine\/","title":{"rendered":"ZSJ-590P pillow press packing machine"},"content":{"rendered":"<div id=\"detail_decorate_root\" data-magic-global=\"%7B%22bizId%22%3A17179933680%2C%22pageId%22%3A5022620413%2C%22siteId%22%3A5005331025%7D\">\n<div class=\"J_module\">\n<div id=\"ali-anchor-AliMagic-70hy3c\" class=\"magic-0\" data-section=\"AliMagic-70hy3c\" data-section-title=\"Product Description\"><span style=\"font-family: 'Times New Roman';\">This is adjustable bag maker,\u00a0 cutting bag resizable, it&#8217;s suitable for different specifications of materials.\u00a0<\/span><\/div>\n<\/div>\n<div class=\"J_module\">\n<div class=\"detail-decorate-json-renderer-container\">\n<div class=\"magic-1\">\n<div class=\"magic-2\">\n<div class=\"magic-3\">\n<div class=\"magic-4\">\n<p class=\"magic-6\"><span class=\"magic-5\" style=\"font-family: Times New Roman;\">Y esto es inverter servo control del motor, despu\u00e9s de la parada est\u00e1 siempre estacionado en la estaci\u00f3n de m\u00e1s alta gama, cuchillos antiadherentes. No pierda materiales de embalaje y tiempo de trabajo para volver a ajustar el dispositivo. Cada ajustado una vez que las muestras envasadas, puede ahorrar un metro de materiales de embalaje (en comparaci\u00f3n con otras m\u00e1quinas)<\/span><\/p>\n<\/div>\n<\/div>\n<\/div>\n<\/div>\n<\/div>\n<\/div>\n<div class=\"J_module\">\n<div class=\"ife-detail-decorate-table\">\n<table class=\"all magic-7\">\n<tbody>\n<tr>\n<td colspan=\"1\" rowspan=\"1\">\n<div class=\"magic-8\">Tama\u00f1o m\u00e1ximo de la pel\u00edcula (mm)<\/div>\n<\/td>\n<td colspan=\"1\" rowspan=\"1\">\n<div class=\"magic-9\">\u2264450(mm)<\/div>\n<\/td>\n<td colspan=\"1\" rowspan=\"1\">\n<div class=\"magic-10\">\u2264590(mm)<\/div>\n<\/td>\n<\/tr>\n<tr>\n<td colspan=\"1\" rowspan=\"1\">\n<div class=\"magic-8\">\n<p>Tama\u00f1o del embalaje<\/p>\n<p>L :(mm)<\/p>\n<p>B: (mm)<\/p>\n<p>H: (mm)<\/p>\n<\/div>\n<\/td>\n<td colspan=\"1\" rowspan=\"1\">\n<div class=\"magic-9\">\n<p>L:120-450<\/p>\n<p>B:10-150<\/p>\n<p>H:30-70<\/p>\n<\/div>\n<\/td>\n<td colspan=\"1\" rowspan=\"1\">\n<div class=\"magic-10\">\n<p>L:180-530<\/p>\n<p>B:30-200<\/p>\n<p>H:50-130<\/p>\n<\/div>\n<\/td>\n<\/tr>\n<tr>\n<td colspan=\"1\" rowspan=\"1\">\n<div class=\"magic-8\">Velocidad de embalaje<\/div>\n<\/td>\n<td colspan=\"1\" rowspan=\"1\">\n<div class=\"magic-9\">30-150(bolsa\/min)<\/div>\n<\/td>\n<td colspan=\"1\" rowspan=\"1\">\n<div class=\"magic-10\">30-150(bolsa\/min)<\/div>\n<\/td>\n<\/tr>\n<tr>\n<td colspan=\"1\" rowspan=\"1\">\n<div class=\"magic-8\">Tipo de pel\u00edcula<\/div>\n<\/td>\n<td colspan=\"2\" rowspan=\"1\">\n<div class=\"magic-11\">PVC, POF, PE, etc.<\/div>\n<\/td>\n<td class=\"magic-12\" rowspan=\"0\">\n<div class=\"magic-13\"><\/div>\n<\/td>\n<\/tr>\n<tr>\n<td colspan=\"1\" rowspan=\"1\">\n<div class=\"magic-8\">Consumo de energ\u00eda<\/div>\n<\/td>\n<td colspan=\"2\" rowspan=\"1\">\n<div class=\"magic-11\">3,6(KW)+16,5(KW)<\/div>\n<\/td>\n<td class=\"magic-12\" rowspan=\"0\">\n<div class=\"magic-13\"><\/div>\n<\/td>\n<\/tr>\n<tr>\n<td colspan=\"1\" rowspan=\"1\">\n<div class=\"magic-8\">Alimentaci\u00f3n<\/div>\n<\/td>\n<td colspan=\"2\" rowspan=\"1\">\n<div class=\"magic-11\">Empaquetadora de almohadas:220v,50\/60HZ; Retractiladora :Trif\u00e1sica<\/div>\n<\/td>\n<td class=\"magic-12\" rowspan=\"0\">\n<div class=\"magic-13\"><\/div>\n<\/td>\n<\/tr>\n<tr>\n<td colspan=\"1\" rowspan=\"1\">\n<div class=\"magic-8\">\n<p>Dimensiones:<\/p>\n<div data-spm-anchor-id=\"0.0.0.i48.26434f05ZDYoPZ\">\n<p>Selladora<\/p>\n<p>T\u00fanel de retracci\u00f3n<\/p>\n<\/div>\n<\/div>\n<\/td>\n<td colspan=\"1\" rowspan=\"1\">\n<div class=\"magic-9\">\n<p>7500\u00d7965\u00d71750(mm)<\/p>\n<p>2400\u00d7600\u00d71700(mm)<\/p>\n<\/div>\n<\/td>\n<td colspan=\"1\" rowspan=\"1\">\n<div class=\"magic-10\">\n<p>7500\u00d71105\u00d71750(mm)<\/p>\n<p>2400\u00d7600\u00d71700(mm)<\/p>\n<\/div>\n<\/td>\n<\/tr>\n<tr>\n<td colspan=\"1\" rowspan=\"1\">\n<div class=\"magic-8\">Peso<\/div>\n<\/td>\n<td colspan=\"1\" rowspan=\"1\">\n<div class=\"magic-9\">Empaquetadora de almohadas:850KG<\/div>\n<\/td>\n<td colspan=\"1\" rowspan=\"1\">\n<div class=\"magic-10\">T\u00fanel de retracci\u00f3n:400KG<\/div>\n<\/td>\n<\/tr>\n<\/tbody>\n<\/table>\n<\/div>\n<\/div>\n<div class=\"J_module\">\n<div class=\"icbu-pc-detailManyImage magic-14\">\n<div class=\"magic-15\"><img decoding=\"async\" class=\"aligncenter\" src=\"https:\/\/sc01.alicdn.com\/kf\/H325afa3e36d24f1296361d57990d9e9bY\/64496\/H325afa3e36d24f1296361d57990d9e9bY.jpg\" \/><\/div>\n<div class=\"magic-15\"><img decoding=\"async\" class=\"aligncenter\" src=\"https:\/\/sc01.alicdn.com\/kf\/H6f553e3ff21540d2b04494c4c783c9f0C\/64496\/H6f553e3ff21540d2b04494c4c783c9f0C.jpg\" \/><\/div>\n<\/div>\n<\/div>\n<\/div>","protected":false},"excerpt":{"rendered":"<ul>\n<li>Parameter: Model 590 (Wide)<\/li>\n<li>Max. Film Width: \u2264 590 mm<\/li>\n<li>Bag Length (L): 180 \u2013 530 mm<\/li>\n<li>Product Width (B): 30 \u2013 200 mm<\/li>\n<li>Product Height (H): 50 \u2013 130 mm<\/li>\n<li>Packing Speed: 30 \u2013 150 bags\/min<\/li>\n<li>Sealer Dimensions: 7500 x 1105 x 1750 mm<\/li>\n<\/ul>","protected":false},"featured_media":3089,"comment_status":"closed","ping_status":"closed","template":"","meta":[],"product_brand":[],"product_cat":[126],"product_tag":[],"class_list":{"0":"post-3088","1":"product","2":"type-product","3":"status-publish","4":"has-post-thumbnail","6":"product_cat-pillow-packing-machine","8":"first","9":"instock","10":"sale","11":"purchasable","12":"product-type-simple"},"yoast_head":"<!-- This site is optimized with the Yoast SEO Premium plugin v20.9 (Yoast SEO v26.5) - https:\/\/yoast.com\/wordpress\/plugins\/seo\/ -->\n<title>ZSJ-590P pillow press packing machine - ALF PACK<\/title>\n<meta name=\"description\" content=\"Reduce waste with our pillow Adjustable Servo Shrink Wrapping Line. Features smart non-stick blade stop to save 1m of film per setup. Speed: 30\u2013150 bags\/min for PVC\/POF\/PE.\" \/>\n<meta name=\"robots\" content=\"index, follow, max-snippet:-1, max-image-preview:large, max-video-preview:-1\" \/>\n<link rel=\"canonical\" href=\"https:\/\/alfequipment.com\/es\/product\/zsj-590p-pillow-press-packing-machine\/\" \/>\n<meta property=\"og:locale\" content=\"es_ES\" \/>\n<meta property=\"og:type\" content=\"article\" \/>\n<meta property=\"og:title\" content=\"ZSJ-590P pillow press packing machine\" \/>\n<meta property=\"og:description\" content=\"Reduce waste with our pillow Adjustable Servo Shrink Wrapping Line. Features smart non-stick blade stop to save 1m of film per setup. Speed: 30\u2013150 bags\/min for PVC\/POF\/PE.\" \/>\n<meta property=\"og:url\" content=\"https:\/\/alfequipment.com\/es\/product\/zsj-590p-pillow-press-packing-machine\/\" \/>\n<meta property=\"og:site_name\" content=\"ALF PACK\" \/>\n<meta property=\"article:modified_time\" content=\"2025-12-25T02:20:10+00:00\" \/>\n<meta property=\"og:image\" content=\"https:\/\/alfequipment.com\/wp-content\/uploads\/2025\/01\/ZSJ-590P-Automatic-pillow-packing-machine-and.jpg\" \/>\n\t<meta property=\"og:image:width\" content=\"800\" \/>\n\t<meta property=\"og:image:height\" content=\"800\" \/>\n\t<meta property=\"og:image:type\" content=\"image\/webp\" \/>\n<meta name=\"twitter:card\" content=\"summary_large_image\" \/>\n<meta name=\"twitter:label1\" content=\"Tiempo de lectura\" \/>\n\t<meta name=\"twitter:data1\" content=\"2 minutos\" \/>\n<script type=\"application\/ld+json\" class=\"yoast-schema-graph\">{\"@context\":\"https:\/\/schema.org\",\"@graph\":[{\"@type\":\"WebPage\",\"@id\":\"https:\/\/alfequipment.com\/product\/zsj-590p-pillow-press-packing-machine\/\",\"url\":\"https:\/\/alfequipment.com\/product\/zsj-590p-pillow-press-packing-machine\/\",\"name\":\"ZSJ-590P pillow press packing machine - ALF PACK\",\"isPartOf\":{\"@id\":\"https:\/\/alfequipment.com\/#website\"},\"primaryImageOfPage\":{\"@id\":\"https:\/\/alfequipment.com\/product\/zsj-590p-pillow-press-packing-machine\/#primaryimage\"},\"image\":{\"@id\":\"https:\/\/alfequipment.com\/product\/zsj-590p-pillow-press-packing-machine\/#primaryimage\"},\"thumbnailUrl\":\"https:\/\/alfequipment.com\/wp-content\/uploads\/2025\/01\/ZSJ-590P-Automatic-pillow-packing-machine-and.jpg\",\"datePublished\":\"2024-12-07T16:24:10+00:00\",\"dateModified\":\"2025-12-25T02:20:10+00:00\",\"description\":\"Reduce waste with our pillow Adjustable Servo Shrink Wrapping Line. Features smart non-stick blade stop to save 1m of film per setup. Speed: 30\u2013150 bags\/min for PVC\/POF\/PE.\",\"breadcrumb\":{\"@id\":\"https:\/\/alfequipment.com\/product\/zsj-590p-pillow-press-packing-machine\/#breadcrumb\"},\"inLanguage\":\"es\",\"potentialAction\":[{\"@type\":\"ReadAction\",\"target\":[\"https:\/\/alfequipment.com\/product\/zsj-590p-pillow-press-packing-machine\/\"]}]},{\"@type\":\"ImageObject\",\"inLanguage\":\"es\",\"@id\":\"https:\/\/alfequipment.com\/product\/zsj-590p-pillow-press-packing-machine\/#primaryimage\",\"url\":\"https:\/\/alfequipment.com\/wp-content\/uploads\/2025\/01\/ZSJ-590P-Automatic-pillow-packing-machine-and.jpg\",\"contentUrl\":\"https:\/\/alfequipment.com\/wp-content\/uploads\/2025\/01\/ZSJ-590P-Automatic-pillow-packing-machine-and.jpg\",\"width\":800,\"height\":800,\"caption\":\"ZSJ-590P pillow press packing machine\"},{\"@type\":\"BreadcrumbList\",\"@id\":\"https:\/\/alfequipment.com\/product\/zsj-590p-pillow-press-packing-machine\/#breadcrumb\",\"itemListElement\":[{\"@type\":\"ListItem\",\"position\":1,\"name\":\"Home\",\"item\":\"https:\/\/alfequipment.com\/\"},{\"@type\":\"ListItem\",\"position\":2,\"name\":\"Shop\",\"item\":\"https:\/\/alfequipment.com\/shop\/\"},{\"@type\":\"ListItem\",\"position\":3,\"name\":\"ZSJ-590P pillow press packing machine\"}]},{\"@type\":\"WebSite\",\"@id\":\"https:\/\/alfequipment.com\/#website\",\"url\":\"https:\/\/alfequipment.com\/\",\"name\":\"ALF PACK\",\"description\":\"\",\"publisher\":{\"@id\":\"https:\/\/alfequipment.com\/#organization\"},\"potentialAction\":[{\"@type\":\"SearchAction\",\"target\":{\"@type\":\"EntryPoint\",\"urlTemplate\":\"https:\/\/alfequipment.com\/?s={search_term_string}\"},\"query-input\":{\"@type\":\"PropertyValueSpecification\",\"valueRequired\":true,\"valueName\":\"search_term_string\"}}],\"inLanguage\":\"es\"},{\"@type\":\"Organization\",\"@id\":\"https:\/\/alfequipment.com\/#organization\",\"name\":\"ALF PACK\",\"url\":\"https:\/\/alfequipment.com\/\",\"logo\":{\"@type\":\"ImageObject\",\"inLanguage\":\"es\",\"@id\":\"https:\/\/alfequipment.com\/#\/schema\/logo\/image\/\",\"url\":\"https:\/\/alfequipment.com\/wp-content\/uploads\/2024\/11\/ALFlogo-2.webp\",\"contentUrl\":\"https:\/\/alfequipment.com\/wp-content\/uploads\/2024\/11\/ALFlogo-2.webp\",\"width\":758,\"height\":750,\"caption\":\"ALF PACK\"},\"image\":{\"@id\":\"https:\/\/alfequipment.com\/#\/schema\/logo\/image\/\"}}]}<\/script>\n<!-- \/ Yoast SEO Premium plugin. -->","yoast_head_json":{"title":"ZSJ-590P pillow press packing machine - ALF PACK","description":"Reduce waste with our pillow Adjustable Servo Shrink Wrapping Line. Features smart non-stick blade stop to save 1m of film per setup. Speed: 30\u2013150 bags\/min for PVC\/POF\/PE.","robots":{"index":"index","follow":"follow","max-snippet":"max-snippet:-1","max-image-preview":"max-image-preview:large","max-video-preview":"max-video-preview:-1"},"canonical":"https:\/\/alfequipment.com\/es\/product\/zsj-590p-pillow-press-packing-machine\/","og_locale":"es_ES","og_type":"article","og_title":"ZSJ-590P pillow press packing machine","og_description":"Reduce waste with our pillow Adjustable Servo Shrink Wrapping Line. Features smart non-stick blade stop to save 1m of film per setup. Speed: 30\u2013150 bags\/min for PVC\/POF\/PE.","og_url":"https:\/\/alfequipment.com\/es\/product\/zsj-590p-pillow-press-packing-machine\/","og_site_name":"ALF PACK","article_modified_time":"2025-12-25T02:20:10+00:00","og_image":[{"width":800,"height":800,"url":"https:\/\/alfequipment.com\/wp-content\/uploads\/2025\/01\/ZSJ-590P-Automatic-pillow-packing-machine-and.jpg","type":"image\/webp"}],"twitter_card":"summary_large_image","twitter_misc":{"Tiempo de lectura":"2 minutos"},"schema":{"@context":"https:\/\/schema.org","@graph":[{"@type":"WebPage","@id":"https:\/\/alfequipment.com\/product\/zsj-590p-pillow-press-packing-machine\/","url":"https:\/\/alfequipment.com\/product\/zsj-590p-pillow-press-packing-machine\/","name":"ZSJ-590P pillow press packing machine - ALF PACK","isPartOf":{"@id":"https:\/\/alfequipment.com\/#website"},"primaryImageOfPage":{"@id":"https:\/\/alfequipment.com\/product\/zsj-590p-pillow-press-packing-machine\/#primaryimage"},"image":{"@id":"https:\/\/alfequipment.com\/product\/zsj-590p-pillow-press-packing-machine\/#primaryimage"},"thumbnailUrl":"https:\/\/alfequipment.com\/wp-content\/uploads\/2025\/01\/ZSJ-590P-Automatic-pillow-packing-machine-and.jpg","datePublished":"2024-12-07T16:24:10+00:00","dateModified":"2025-12-25T02:20:10+00:00","description":"Reduce waste with our pillow Adjustable Servo Shrink Wrapping Line. Features smart non-stick blade stop to save 1m of film per setup. Speed: 30\u2013150 bags\/min for PVC\/POF\/PE.","breadcrumb":{"@id":"https:\/\/alfequipment.com\/product\/zsj-590p-pillow-press-packing-machine\/#breadcrumb"},"inLanguage":"es","potentialAction":[{"@type":"ReadAction","target":["https:\/\/alfequipment.com\/product\/zsj-590p-pillow-press-packing-machine\/"]}]},{"@type":"ImageObject","inLanguage":"es","@id":"https:\/\/alfequipment.com\/product\/zsj-590p-pillow-press-packing-machine\/#primaryimage","url":"https:\/\/alfequipment.com\/wp-content\/uploads\/2025\/01\/ZSJ-590P-Automatic-pillow-packing-machine-and.jpg","contentUrl":"https:\/\/alfequipment.com\/wp-content\/uploads\/2025\/01\/ZSJ-590P-Automatic-pillow-packing-machine-and.jpg","width":800,"height":800,"caption":"ZSJ-590P pillow press packing machine"},{"@type":"BreadcrumbList","@id":"https:\/\/alfequipment.com\/product\/zsj-590p-pillow-press-packing-machine\/#breadcrumb","itemListElement":[{"@type":"ListItem","position":1,"name":"Home","item":"https:\/\/alfequipment.com\/"},{"@type":"ListItem","position":2,"name":"Shop","item":"https:\/\/alfequipment.com\/shop\/"},{"@type":"ListItem","position":3,"name":"ZSJ-590P pillow press packing machine"}]},{"@type":"WebSite","@id":"https:\/\/alfequipment.com\/#website","url":"https:\/\/alfequipment.com\/","name":"PAQUETE ALF","description":"","publisher":{"@id":"https:\/\/alfequipment.com\/#organization"},"potentialAction":[{"@type":"SearchAction","target":{"@type":"EntryPoint","urlTemplate":"https:\/\/alfequipment.com\/?s={search_term_string}"},"query-input":{"@type":"PropertyValueSpecification","valueRequired":true,"valueName":"search_term_string"}}],"inLanguage":"es"},{"@type":"Organization","@id":"https:\/\/alfequipment.com\/#organization","name":"PAQUETE ALF","url":"https:\/\/alfequipment.com\/","logo":{"@type":"ImageObject","inLanguage":"es","@id":"https:\/\/alfequipment.com\/#\/schema\/logo\/image\/","url":"https:\/\/alfequipment.com\/wp-content\/uploads\/2024\/11\/ALFlogo-2.webp","contentUrl":"https:\/\/alfequipment.com\/wp-content\/uploads\/2024\/11\/ALFlogo-2.webp","width":758,"height":750,"caption":"ALF PACK"},"image":{"@id":"https:\/\/alfequipment.com\/#\/schema\/logo\/image\/"}}]}},"_links":{"self":[{"href":"https:\/\/alfequipment.com\/es\/wp-json\/wp\/v2\/product\/3088","targetHints":{"allow":["GET"]}}],"collection":[{"href":"https:\/\/alfequipment.com\/es\/wp-json\/wp\/v2\/product"}],"about":[{"href":"https:\/\/alfequipment.com\/es\/wp-json\/wp\/v2\/types\/product"}],"replies":[{"embeddable":true,"href":"https:\/\/alfequipment.com\/es\/wp-json\/wp\/v2\/comments?post=3088"}],"version-history":[{"count":1,"href":"https:\/\/alfequipment.com\/es\/wp-json\/wp\/v2\/product\/3088\/revisions"}],"predecessor-version":[{"id":4187,"href":"https:\/\/alfequipment.com\/es\/wp-json\/wp\/v2\/product\/3088\/revisions\/4187"}],"wp:featuredmedia":[{"embeddable":true,"href":"https:\/\/alfequipment.com\/es\/wp-json\/wp\/v2\/media\/3089"}],"wp:attachment":[{"href":"https:\/\/alfequipment.com\/es\/wp-json\/wp\/v2\/media?parent=3088"}],"wp:term":[{"taxonomy":"product_brand","embeddable":true,"href":"https:\/\/alfequipment.com\/es\/wp-json\/wp\/v2\/product_brand?post=3088"},{"taxonomy":"product_cat","embeddable":true,"href":"https:\/\/alfequipment.com\/es\/wp-json\/wp\/v2\/product_cat?post=3088"},{"taxonomy":"product_tag","embeddable":true,"href":"https:\/\/alfequipment.com\/es\/wp-json\/wp\/v2\/product_tag?post=3088"}],"curies":[{"name":"wp","href":"https:\/\/api.w.org\/{rel}","templated":true}]}}