{"id":3090,"date":"2025-01-11T16:40:01","date_gmt":"2025-01-11T16:40:01","guid":{"rendered":"https:\/\/alfequipment.com\/product\/dz320b-small-household-vacuum-packager-vacuum-packaging-machine-for-food\/"},"modified":"2025-01-13T13:11:35","modified_gmt":"2025-01-13T13:11:35","slug":"dz320b-pequena-envasadora-al-vacio-domestica-envasadora-al-vacio-para-alimentos","status":"publish","type":"product","link":"https:\/\/alfequipment.com\/es\/product\/dz320b-pequena-envasadora-al-vacio-domestica-envasadora-al-vacio-para-alimentos\/","title":{"rendered":"DZ320B Peque\u00f1a envasadora al vac\u00edo dom\u00e9stica envasadora al vac\u00edo para alimentos"},"content":{"rendered":"<div data-magic-global=\"%7B%22bizId%22%3A17179933680%2C%22pageId%22%3A21041024037%2C%22siteId%22%3A5005331025%7D\" id=\"detail_decorate_root\">\n<div module-id=\"28316264684\" module-title=\"detailProductNavigation\" render=\"true\" class=\"J_module\">\n<div id=\"ali-anchor-AliMagic-joixf3\" data-section=\"AliMagic-joixf3\" data-section-title=\"Product Overview\" class=\"magic-0\">* La nueva bomba de vac\u00edo tiene un grado de vac\u00edo muy fuerte para garantizar que los alimentos se mantengan frescos durante mucho tiempo.<\/div>\n<\/div>\n<div module-id=\"28316264685\" module-title=\"detailTextWithTitle\" render=\"true\" class=\"J_module\">\n<div class=\"detail-decorate-json-renderer-container\">\n<div class=\"magic-1\">\n<div class=\"magic-4\">\n<div class=\"magic-5\">\n<div class=\"magic-6\"><span><span>* Cerradura grande de nuevo desarrollo, mayor vida \u00fatil y mejor estanqueidad.<br \/>* Nuevo dispositivo de calentamiento, sellado perfecto y mantenimiento m\u00e1s f\u00e1cil.<\/span><\/span><\/p>\n<div>\n        <span><span><span><br \/><\/span><\/span><\/span>\n       <\/div>\n<div>\n        <span><span><span>Tipo h\u00famedo y seco totalmente autom\u00e1tico, con medidor de vac\u00edo, el grado de vac\u00edo es claro de un vistazo, adecuado para bolsas de granos, bolsas de vac\u00edo de malla, bolsas de ladrillo de arroz y otras bolsas de pl\u00e1stico.<\/span><br \/><\/span><\/span>\n       <\/div>\n<\/p><\/div>\n<\/p><\/div>\n<\/p><\/div>\n<\/p><\/div>\n<\/p><\/div>\n<\/p><\/div>\n<\/div>","protected":false},"excerpt":{"rendered":"<p>Envasadora al vac\u00edo dom\u00e9stica peque\u00f1a<\/p>","protected":false},"featured_media":3091,"comment_status":"closed","ping_status":"open","template":"","meta":[],"product_brand":[],"product_cat":[100],"product_tag":[],"class_list":{"0":"post-3090","1":"product","2":"type-product","3":"status-publish","4":"has-post-thumbnail","6":"product_cat-vacuum-packing-machines","8":"first","9":"instock","10":"sale","11":"purchasable","12":"product-type-simple"},"yoast_head":"<!-- This site is optimized with the Yoast SEO Premium plugin v20.9 (Yoast SEO v26.5) - https:\/\/yoast.com\/wordpress\/plugins\/seo\/ -->\n<title>DZ320B Small Household vacuum packager vacuum packaging machine for food - ALF PACK<\/title>\n<meta name=\"robots\" content=\"index, follow, max-snippet:-1, max-image-preview:large, max-video-preview:-1\" \/>\n<link rel=\"canonical\" href=\"https:\/\/alfequipment.com\/es\/product\/dz320b-pequena-envasadora-al-vacio-domestica-envasadora-al-vacio-para-alimentos\/\" \/>\n<meta property=\"og:locale\" content=\"es_ES\" \/>\n<meta property=\"og:type\" content=\"article\" \/>\n<meta property=\"og:title\" content=\"DZ320B Small Household vacuum packager vacuum packaging machine for food\" \/>\n<meta property=\"og:description\" content=\"Small Household Vacuum Packager\" \/>\n<meta property=\"og:url\" content=\"https:\/\/alfequipment.com\/es\/product\/dz320b-pequena-envasadora-al-vacio-domestica-envasadora-al-vacio-para-alimentos\/\" \/>\n<meta property=\"og:site_name\" content=\"ALF PACK\" \/>\n<meta property=\"article:modified_time\" content=\"2025-01-13T13:11:35+00:00\" \/>\n<meta property=\"og:image\" content=\"https:\/\/alfequipment.com\/wp-content\/uploads\/2025\/01\/DZ320B-Small-Household-vacuum-packager-vacuum-packaging.jpg\" \/>\n\t<meta property=\"og:image:width\" content=\"1000\" \/>\n\t<meta property=\"og:image:height\" content=\"1000\" \/>\n\t<meta property=\"og:image:type\" content=\"image\/webp\" \/>\n<meta name=\"twitter:card\" content=\"summary_large_image\" \/>\n<script type=\"application\/ld+json\" class=\"yoast-schema-graph\">{\"@context\":\"https:\/\/schema.org\",\"@graph\":[{\"@type\":\"WebPage\",\"@id\":\"https:\/\/alfequipment.com\/product\/dz320b-small-household-vacuum-packager-vacuum-packaging-machine-for-food\/\",\"url\":\"https:\/\/alfequipment.com\/product\/dz320b-small-household-vacuum-packager-vacuum-packaging-machine-for-food\/\",\"name\":\"DZ320B Small Household vacuum packager vacuum packaging machine for food - ALF PACK\",\"isPartOf\":{\"@id\":\"https:\/\/alfequipment.com\/#website\"},\"primaryImageOfPage\":{\"@id\":\"https:\/\/alfequipment.com\/product\/dz320b-small-household-vacuum-packager-vacuum-packaging-machine-for-food\/#primaryimage\"},\"image\":{\"@id\":\"https:\/\/alfequipment.com\/product\/dz320b-small-household-vacuum-packager-vacuum-packaging-machine-for-food\/#primaryimage\"},\"thumbnailUrl\":\"https:\/\/alfequipment.com\/wp-content\/uploads\/2025\/01\/DZ320B-Small-Household-vacuum-packager-vacuum-packaging.jpg\",\"datePublished\":\"2025-01-11T16:40:01+00:00\",\"dateModified\":\"2025-01-13T13:11:35+00:00\",\"breadcrumb\":{\"@id\":\"https:\/\/alfequipment.com\/product\/dz320b-small-household-vacuum-packager-vacuum-packaging-machine-for-food\/#breadcrumb\"},\"inLanguage\":\"es\",\"potentialAction\":[{\"@type\":\"ReadAction\",\"target\":[\"https:\/\/alfequipment.com\/product\/dz320b-small-household-vacuum-packager-vacuum-packaging-machine-for-food\/\"]}]},{\"@type\":\"ImageObject\",\"inLanguage\":\"es\",\"@id\":\"https:\/\/alfequipment.com\/product\/dz320b-small-household-vacuum-packager-vacuum-packaging-machine-for-food\/#primaryimage\",\"url\":\"https:\/\/alfequipment.com\/wp-content\/uploads\/2025\/01\/DZ320B-Small-Household-vacuum-packager-vacuum-packaging.jpg\",\"contentUrl\":\"https:\/\/alfequipment.com\/wp-content\/uploads\/2025\/01\/DZ320B-Small-Household-vacuum-packager-vacuum-packaging.jpg\",\"width\":1000,\"height\":1000},{\"@type\":\"BreadcrumbList\",\"@id\":\"https:\/\/alfequipment.com\/product\/dz320b-small-household-vacuum-packager-vacuum-packaging-machine-for-food\/#breadcrumb\",\"itemListElement\":[{\"@type\":\"ListItem\",\"position\":1,\"name\":\"Home\",\"item\":\"https:\/\/alfequipment.com\/\"},{\"@type\":\"ListItem\",\"position\":2,\"name\":\"Shop\",\"item\":\"https:\/\/alfequipment.com\/shop\/\"},{\"@type\":\"ListItem\",\"position\":3,\"name\":\"DZ320B Small Household vacuum packager vacuum packaging machine for food\"}]},{\"@type\":\"WebSite\",\"@id\":\"https:\/\/alfequipment.com\/#website\",\"url\":\"https:\/\/alfequipment.com\/\",\"name\":\"ALF PACK\",\"description\":\"\",\"publisher\":{\"@id\":\"https:\/\/alfequipment.com\/#organization\"},\"potentialAction\":[{\"@type\":\"SearchAction\",\"target\":{\"@type\":\"EntryPoint\",\"urlTemplate\":\"https:\/\/alfequipment.com\/?s={search_term_string}\"},\"query-input\":{\"@type\":\"PropertyValueSpecification\",\"valueRequired\":true,\"valueName\":\"search_term_string\"}}],\"inLanguage\":\"es\"},{\"@type\":\"Organization\",\"@id\":\"https:\/\/alfequipment.com\/#organization\",\"name\":\"ALF PACK\",\"url\":\"https:\/\/alfequipment.com\/\",\"logo\":{\"@type\":\"ImageObject\",\"inLanguage\":\"es\",\"@id\":\"https:\/\/alfequipment.com\/#\/schema\/logo\/image\/\",\"url\":\"https:\/\/alfequipment.com\/wp-content\/uploads\/2024\/11\/ALFlogo-2.webp\",\"contentUrl\":\"https:\/\/alfequipment.com\/wp-content\/uploads\/2024\/11\/ALFlogo-2.webp\",\"width\":758,\"height\":750,\"caption\":\"ALF PACK\"},\"image\":{\"@id\":\"https:\/\/alfequipment.com\/#\/schema\/logo\/image\/\"}}]}<\/script>\n<!-- \/ Yoast SEO Premium plugin. -->","yoast_head_json":{"title":"DZ320B Peque\u00f1a envasadora al vac\u00edo dom\u00e9stica envasadora al vac\u00edo para alimentos - ALF PACK","robots":{"index":"index","follow":"follow","max-snippet":"max-snippet:-1","max-image-preview":"max-image-preview:large","max-video-preview":"max-video-preview:-1"},"canonical":"https:\/\/alfequipment.com\/es\/product\/dz320b-pequena-envasadora-al-vacio-domestica-envasadora-al-vacio-para-alimentos\/","og_locale":"es_ES","og_type":"article","og_title":"DZ320B Small Household vacuum packager vacuum packaging machine for food","og_description":"Small Household Vacuum Packager","og_url":"https:\/\/alfequipment.com\/es\/product\/dz320b-pequena-envasadora-al-vacio-domestica-envasadora-al-vacio-para-alimentos\/","og_site_name":"ALF PACK","article_modified_time":"2025-01-13T13:11:35+00:00","og_image":[{"width":1000,"height":1000,"url":"https:\/\/alfequipment.com\/wp-content\/uploads\/2025\/01\/DZ320B-Small-Household-vacuum-packager-vacuum-packaging.jpg","type":"image\/webp"}],"twitter_card":"summary_large_image","schema":{"@context":"https:\/\/schema.org","@graph":[{"@type":"WebPage","@id":"https:\/\/alfequipment.com\/product\/dz320b-small-household-vacuum-packager-vacuum-packaging-machine-for-food\/","url":"https:\/\/alfequipment.com\/product\/dz320b-small-household-vacuum-packager-vacuum-packaging-machine-for-food\/","name":"DZ320B Peque\u00f1a envasadora al vac\u00edo dom\u00e9stica envasadora al vac\u00edo para alimentos - ALF PACK","isPartOf":{"@id":"https:\/\/alfequipment.com\/#website"},"primaryImageOfPage":{"@id":"https:\/\/alfequipment.com\/product\/dz320b-small-household-vacuum-packager-vacuum-packaging-machine-for-food\/#primaryimage"},"image":{"@id":"https:\/\/alfequipment.com\/product\/dz320b-small-household-vacuum-packager-vacuum-packaging-machine-for-food\/#primaryimage"},"thumbnailUrl":"https:\/\/alfequipment.com\/wp-content\/uploads\/2025\/01\/DZ320B-Small-Household-vacuum-packager-vacuum-packaging.jpg","datePublished":"2025-01-11T16:40:01+00:00","dateModified":"2025-01-13T13:11:35+00:00","breadcrumb":{"@id":"https:\/\/alfequipment.com\/product\/dz320b-small-household-vacuum-packager-vacuum-packaging-machine-for-food\/#breadcrumb"},"inLanguage":"es","potentialAction":[{"@type":"ReadAction","target":["https:\/\/alfequipment.com\/product\/dz320b-small-household-vacuum-packager-vacuum-packaging-machine-for-food\/"]}]},{"@type":"ImageObject","inLanguage":"es","@id":"https:\/\/alfequipment.com\/product\/dz320b-small-household-vacuum-packager-vacuum-packaging-machine-for-food\/#primaryimage","url":"https:\/\/alfequipment.com\/wp-content\/uploads\/2025\/01\/DZ320B-Small-Household-vacuum-packager-vacuum-packaging.jpg","contentUrl":"https:\/\/alfequipment.com\/wp-content\/uploads\/2025\/01\/DZ320B-Small-Household-vacuum-packager-vacuum-packaging.jpg","width":1000,"height":1000},{"@type":"BreadcrumbList","@id":"https:\/\/alfequipment.com\/product\/dz320b-small-household-vacuum-packager-vacuum-packaging-machine-for-food\/#breadcrumb","itemListElement":[{"@type":"ListItem","position":1,"name":"Home","item":"https:\/\/alfequipment.com\/"},{"@type":"ListItem","position":2,"name":"Shop","item":"https:\/\/alfequipment.com\/shop\/"},{"@type":"ListItem","position":3,"name":"DZ320B Small Household vacuum packager vacuum packaging machine for food"}]},{"@type":"WebSite","@id":"https:\/\/alfequipment.com\/#website","url":"https:\/\/alfequipment.com\/","name":"PAQUETE ALF","description":"","publisher":{"@id":"https:\/\/alfequipment.com\/#organization"},"potentialAction":[{"@type":"SearchAction","target":{"@type":"EntryPoint","urlTemplate":"https:\/\/alfequipment.com\/?s={search_term_string}"},"query-input":{"@type":"PropertyValueSpecification","valueRequired":true,"valueName":"search_term_string"}}],"inLanguage":"es"},{"@type":"Organization","@id":"https:\/\/alfequipment.com\/#organization","name":"PAQUETE ALF","url":"https:\/\/alfequipment.com\/","logo":{"@type":"ImageObject","inLanguage":"es","@id":"https:\/\/alfequipment.com\/#\/schema\/logo\/image\/","url":"https:\/\/alfequipment.com\/wp-content\/uploads\/2024\/11\/ALFlogo-2.webp","contentUrl":"https:\/\/alfequipment.com\/wp-content\/uploads\/2024\/11\/ALFlogo-2.webp","width":758,"height":750,"caption":"ALF PACK"},"image":{"@id":"https:\/\/alfequipment.com\/#\/schema\/logo\/image\/"}}]}},"_links":{"self":[{"href":"https:\/\/alfequipment.com\/es\/wp-json\/wp\/v2\/product\/3090","targetHints":{"allow":["GET"]}}],"collection":[{"href":"https:\/\/alfequipment.com\/es\/wp-json\/wp\/v2\/product"}],"about":[{"href":"https:\/\/alfequipment.com\/es\/wp-json\/wp\/v2\/types\/product"}],"replies":[{"embeddable":true,"href":"https:\/\/alfequipment.com\/es\/wp-json\/wp\/v2\/comments?post=3090"}],"version-history":[{"count":0,"href":"https:\/\/alfequipment.com\/es\/wp-json\/wp\/v2\/product\/3090\/revisions"}],"wp:featuredmedia":[{"embeddable":true,"href":"https:\/\/alfequipment.com\/es\/wp-json\/wp\/v2\/media\/3091"}],"wp:attachment":[{"href":"https:\/\/alfequipment.com\/es\/wp-json\/wp\/v2\/media?parent=3090"}],"wp:term":[{"taxonomy":"product_brand","embeddable":true,"href":"https:\/\/alfequipment.com\/es\/wp-json\/wp\/v2\/product_brand?post=3090"},{"taxonomy":"product_cat","embeddable":true,"href":"https:\/\/alfequipment.com\/es\/wp-json\/wp\/v2\/product_cat?post=3090"},{"taxonomy":"product_tag","embeddable":true,"href":"https:\/\/alfequipment.com\/es\/wp-json\/wp\/v2\/product_tag?post=3090"}],"curies":[{"name":"wp","href":"https:\/\/api.w.org\/{rel}","templated":true}]}}