{"id":3108,"date":"2024-12-01T05:33:04","date_gmt":"2024-12-01T05:33:04","guid":{"rendered":"https:\/\/alfequipment.com\/product\/dbc800-semi-automatic-stretch-film-wrapping-machine\/"},"modified":"2025-01-14T06:20:49","modified_gmt":"2025-01-14T06:20:49","slug":"dbc800-envolvedora-semiautomatica-con-film-estirable","status":"publish","type":"product","link":"https:\/\/alfequipment.com\/es\/product\/dbc800-envolvedora-semiautomatica-con-film-estirable\/","title":{"rendered":"Enfardadora semiautom\u00e1tica DBC800"},"content":{"rendered":"<div>\n<div style=\"vertical-align: top;padding-top: 15px; padding-bottom: 15px;\">\n<div style=\"vertical-align: top;padding-top: 10px; padding-bottom: 10px; margin-right: -4px; margin-left: -4px;\">\n<div style=\"vertical-align: top; box-sizing: border-box; padding-right: 4px; padding-left: 4px;margin-top: -4px; margin-bottom: -4px;\">\n<div id=\"5uqwc\" style=\"vertical-align: top; box-sizing: border-box; padding-top: 4px; padding-bottom: 4px\">Esta envolvedora est\u00e1 especialmente dise\u00f1ada para el embalaje de objetos peque\u00f1os y medianos embalados en cajas de cart\u00f3n o directamente paletizados en la plataforma giratoria sin palet. Y la placa superior es una opci\u00f3n para los bienes inestables y garantizar que el embalaje de seguridad. La m\u00e1quina es muy adecuada para mercanc\u00edas de peso ligero que pueden cargarse y descargarse manualmente de la m\u00e1quina.&nbsp;<\/div>\n<\/p><\/div>\n<\/p><\/div>\n<div style=\"vertical-align: top;padding-top: 10px; padding-bottom: 10px; margin-right: -4px; margin-left: -4px;\">\n<div id=\"mm7kh\" style=\"vertical-align: top; box-sizing: border-box; padding-right: 4px; padding-left: 4px\">\n<table style=\"width: auto; border-collapse: collapse;\" class=\"aliDataTable\">\n<tbody>\n<tr>\n<td style=\"background-color: rgb(218, 226, 237);\">\n<div style=\"width: 241px; height: 22px; padding: 5px 10px; overflow: hidden;\">\n          Modelo\n         <\/div>\n<\/td>\n<td>\n<div style=\"width: 459px; height: 22px; padding: 5px 10px; overflow: hidden;\">\n          DBC800\n         <\/div>\n<\/td>\n<\/tr>\n<tr>\n<td style=\"background-color: rgb(218, 226, 237);\">\n<div style=\"width: 241px; height: 22px; padding: 5px 10px; overflow: hidden;\">\n          Tensi\u00f3n\n         <\/div>\n<\/td>\n<td>\n<div style=\"width: 459px; height: 22px; padding: 5px 10px; overflow: hidden;\">\n          220V\/110V 50\/60HZ\n         <\/div>\n<\/td>\n<\/tr>\n<tr>\n<td style=\"background-color: rgb(218, 226, 237);\">\n<div style=\"width: 241px; height: 22px; padding: 5px 10px; overflow: hidden;\">\n          Potencia\n         <\/div>\n<\/td>\n<td>\n<div style=\"width: 459px; height: 22px; padding: 5px 10px; overflow: hidden;\">\n          120W\n         <\/div>\n<\/td>\n<\/tr>\n<tr>\n<td style=\"background-color: rgb(218, 226, 237);\">\n<div style=\"width: 241px; height: 22px; padding: 5px 10px; overflow: hidden;\">\n          Tama\u00f1o m\u00e1x. de embalaje\n         <\/div>\n<\/td>\n<td>\n<div style=\"width: 459px; height: 22px; padding: 5px 10px; overflow: hidden;\">\n          900*900*900mm\n         <\/div>\n<\/td>\n<\/tr>\n<tr>\n<td style=\"background-color: rgb(218, 226, 237);\">\n<div style=\"width: 241px; height: 22px; padding: 5px 10px; overflow: hidden;\">\n          Velocidad\n         <\/div>\n<\/td>\n<td>\n<div style=\"width: 459px; height: 22px; padding: 5px 10px; overflow: hidden;\">\n          30r\/min\n         <\/div>\n<\/td>\n<\/tr>\n<tr>\n<td style=\"background-color: rgb(218, 226, 237);\">\n<div style=\"width: 241px; height: 22px; padding: 5px 10px; overflow: hidden;\">\n          Carga m\u00e1xima\n         <\/div>\n<\/td>\n<td>\n<div style=\"width: 459px; height: 22px; padding: 5px 10px; overflow: hidden;\">\n          \u226480Kg\n         <\/div>\n<\/td>\n<\/tr>\n<tr>\n<td style=\"background-color: rgb(218, 226, 237);\">\n<div style=\"width: 241px; height: 22px; padding: 5px 10px; overflow: hidden;\">\n          Di\u00e1metro del rodillo de papel\n         <\/div>\n<\/td>\n<td>\n<div style=\"width: 459px; height: 22px; padding: 5px 10px; overflow: hidden;\">\n          3&#8243;\n         <\/div>\n<\/td>\n<\/tr>\n<tr>\n<td style=\"background-color: rgb(218, 226, 237);\">\n<div style=\"width: 241px; height: 22px; padding: 5px 10px; overflow: hidden;\">\n          Pel\u00edcula de envoltura\n         <\/div>\n<\/td>\n<td>\n<div style=\"width: 459px; height: 22px; padding: 5px 10px; overflow: hidden;\">\n          LLDPE\n         <\/div>\n<\/td>\n<\/tr>\n<tr>\n<td style=\"background-color: rgb(218, 226, 237);\">\n<div style=\"width: 241px; height: 22px; padding: 5px 10px; overflow: hidden;\">\n          Delgadez de la pel\u00edcula\n         <\/div>\n<\/td>\n<td>\n<div style=\"width: 459px; height: 22px; padding: 5px 10px; overflow: hidden;\">\n          17-35\u03bcm\n         <\/div>\n<\/td>\n<\/tr>\n<tr>\n<td style=\"background-color: rgb(218, 226, 237);\">\n<div style=\"width: 241px; height: 22px; padding: 5px 10px; overflow: hidden;\">\n          Tama\u00f1o de la m\u00e1quina\n         <\/div>\n<\/td>\n<td>\n<div style=\"width: 459px; height: 22px; padding: 5px 10px; overflow: hidden;\">\n          1150*600*1861\n         <\/div>\n<\/td>\n<\/tr>\n<\/tbody>\n<\/table><\/div>\n<\/p><\/div>\n<div style=\"vertical-align: top;padding-top: 10px; padding-bottom: 10px; margin-right: -4px; margin-left: -4px;\">\n<div id=\"atbxb\" style=\"vertical-align: top; box-sizing: border-box; padding-right: 4px; padding-left: 4px\">\n<div style=\"overflow: hidden; width: 750px; height: 750px;\">\n      <img decoding=\"async\" src=\"https:\/\/sc01.alicdn.com\/kf\/HTB1mMIXLMTqK1RjSZPhq6xfOFXaP\/64496\/HTB1mMIXLMTqK1RjSZPhq6xfOFXaP.jpg\" style=\"width: 750px; height: 750px; margin-left: 0px; margin-top: 0px;\" class=\"aligncenter\">\n     <\/div>\n<\/p><\/div>\n<\/p><\/div>\n<div style=\"vertical-align: top;padding-top: 10px; padding-bottom: 10px; margin-right: -4px; margin-left: -4px;\">\n<div id=\"8berf\" style=\"vertical-align: top; width: 50%; display: inline-block; box-sizing: border-box; padding-right: 4px; padding-left: 4px\">\n<div style=\"overflow: hidden; width: 371px; height: 320px;\">\n      <img decoding=\"async\" src=\"https:\/\/sc01.alicdn.com\/kf\/HTB1hf.mLMHqK1RjSZFEq6AGMXXaF\/64496\/HTB1hf.mLMHqK1RjSZFEq6AGMXXaF.jpg\" style=\"width: 333.9px; height: 333.9px; margin-left: 0px; margin-top: -6px;\" class=\"aligncenter\">\n     <\/div>\n<\/p><\/div>\n<div id=\"epxrq\" style=\"vertical-align: top; width: 50%; display: inline-block; box-sizing: border-box; padding-right: 4px; padding-left: 4px\">\n<div style=\"overflow: hidden; width: 371px; height: 320px;\">\n      <img decoding=\"async\" src=\"https:\/\/sc01.alicdn.com\/kf\/HTB1IIslLHrpK1RjSZTEq6AWAVXaD\/64496\/HTB1IIslLHrpK1RjSZTEq6AWAVXaD.jpg\" style=\"width: 333.9px; height: 333.9px; margin-left: 0px; margin-top: 0px;\" class=\"aligncenter\"><\/div>\n<\/div>\n<\/div>\n<\/div>\n<div style=\"vertical-align: top;padding-top: 15px; padding-bottom: 15px;\">\n  <\/div>\n<\/p><\/div>","protected":false},"excerpt":{"rendered":"<p>M\u00e1quina envolvedora semiautom\u00e1tica con film estirable<\/p>","protected":false},"featured_media":3109,"comment_status":"closed","ping_status":"open","template":"","meta":[],"product_brand":[],"product_cat":[124,98],"product_tag":[],"class_list":{"0":"post-3108","1":"product","2":"type-product","3":"status-publish","4":"has-post-thumbnail","6":"product_cat-stretch-pallet-wrapping-machine","7":"product_cat-wrapping-machines","9":"first","10":"instock","11":"sale","12":"purchasable","13":"product-type-simple"},"yoast_head":"<!-- This site is optimized with the Yoast SEO Premium plugin v20.9 (Yoast SEO v26.5) - https:\/\/yoast.com\/wordpress\/plugins\/seo\/ -->\n<title>DBC800 Semi-automatic stretch film wrapping machine - ALF PACK<\/title>\n<meta name=\"robots\" content=\"index, follow, max-snippet:-1, max-image-preview:large, max-video-preview:-1\" \/>\n<link rel=\"canonical\" href=\"https:\/\/alfequipment.com\/es\/product\/dbc800-envolvedora-semiautomatica-con-film-estirable\/\" \/>\n<meta property=\"og:locale\" content=\"es_ES\" \/>\n<meta property=\"og:type\" content=\"article\" \/>\n<meta property=\"og:title\" content=\"DBC800 Semi-automatic stretch film wrapping machine\" \/>\n<meta property=\"og:description\" content=\"Semi-automatic Stretch Film Wrapping Machine\" \/>\n<meta property=\"og:url\" content=\"https:\/\/alfequipment.com\/es\/product\/dbc800-envolvedora-semiautomatica-con-film-estirable\/\" \/>\n<meta property=\"og:site_name\" content=\"ALF PACK\" \/>\n<meta property=\"article:modified_time\" content=\"2025-01-14T06:20:49+00:00\" \/>\n<meta property=\"og:image\" content=\"https:\/\/alfequipment.com\/wp-content\/uploads\/2025\/01\/DBC800-Semi-automatic-stretch-film-wrapping-machine.jpg\" \/>\n\t<meta property=\"og:image:width\" content=\"800\" \/>\n\t<meta property=\"og:image:height\" content=\"800\" \/>\n\t<meta property=\"og:image:type\" content=\"image\/webp\" \/>\n<meta name=\"twitter:card\" content=\"summary_large_image\" \/>\n<script type=\"application\/ld+json\" class=\"yoast-schema-graph\">{\"@context\":\"https:\/\/schema.org\",\"@graph\":[{\"@type\":\"WebPage\",\"@id\":\"https:\/\/alfequipment.com\/product\/dbc800-semi-automatic-stretch-film-wrapping-machine\/\",\"url\":\"https:\/\/alfequipment.com\/product\/dbc800-semi-automatic-stretch-film-wrapping-machine\/\",\"name\":\"DBC800 Semi-automatic stretch film wrapping machine - ALF PACK\",\"isPartOf\":{\"@id\":\"https:\/\/alfequipment.com\/#website\"},\"primaryImageOfPage\":{\"@id\":\"https:\/\/alfequipment.com\/product\/dbc800-semi-automatic-stretch-film-wrapping-machine\/#primaryimage\"},\"image\":{\"@id\":\"https:\/\/alfequipment.com\/product\/dbc800-semi-automatic-stretch-film-wrapping-machine\/#primaryimage\"},\"thumbnailUrl\":\"https:\/\/alfequipment.com\/wp-content\/uploads\/2025\/01\/DBC800-Semi-automatic-stretch-film-wrapping-machine.jpg\",\"datePublished\":\"2024-12-01T05:33:04+00:00\",\"dateModified\":\"2025-01-14T06:20:49+00:00\",\"breadcrumb\":{\"@id\":\"https:\/\/alfequipment.com\/product\/dbc800-semi-automatic-stretch-film-wrapping-machine\/#breadcrumb\"},\"inLanguage\":\"es\",\"potentialAction\":[{\"@type\":\"ReadAction\",\"target\":[\"https:\/\/alfequipment.com\/product\/dbc800-semi-automatic-stretch-film-wrapping-machine\/\"]}]},{\"@type\":\"ImageObject\",\"inLanguage\":\"es\",\"@id\":\"https:\/\/alfequipment.com\/product\/dbc800-semi-automatic-stretch-film-wrapping-machine\/#primaryimage\",\"url\":\"https:\/\/alfequipment.com\/wp-content\/uploads\/2025\/01\/DBC800-Semi-automatic-stretch-film-wrapping-machine.jpg\",\"contentUrl\":\"https:\/\/alfequipment.com\/wp-content\/uploads\/2025\/01\/DBC800-Semi-automatic-stretch-film-wrapping-machine.jpg\",\"width\":800,\"height\":800},{\"@type\":\"BreadcrumbList\",\"@id\":\"https:\/\/alfequipment.com\/product\/dbc800-semi-automatic-stretch-film-wrapping-machine\/#breadcrumb\",\"itemListElement\":[{\"@type\":\"ListItem\",\"position\":1,\"name\":\"Home\",\"item\":\"https:\/\/alfequipment.com\/\"},{\"@type\":\"ListItem\",\"position\":2,\"name\":\"Shop\",\"item\":\"https:\/\/alfequipment.com\/shop\/\"},{\"@type\":\"ListItem\",\"position\":3,\"name\":\"DBC800 Semi-automatic stretch film wrapping machine\"}]},{\"@type\":\"WebSite\",\"@id\":\"https:\/\/alfequipment.com\/#website\",\"url\":\"https:\/\/alfequipment.com\/\",\"name\":\"ALF PACK\",\"description\":\"\",\"publisher\":{\"@id\":\"https:\/\/alfequipment.com\/#organization\"},\"potentialAction\":[{\"@type\":\"SearchAction\",\"target\":{\"@type\":\"EntryPoint\",\"urlTemplate\":\"https:\/\/alfequipment.com\/?s={search_term_string}\"},\"query-input\":{\"@type\":\"PropertyValueSpecification\",\"valueRequired\":true,\"valueName\":\"search_term_string\"}}],\"inLanguage\":\"es\"},{\"@type\":\"Organization\",\"@id\":\"https:\/\/alfequipment.com\/#organization\",\"name\":\"ALF PACK\",\"url\":\"https:\/\/alfequipment.com\/\",\"logo\":{\"@type\":\"ImageObject\",\"inLanguage\":\"es\",\"@id\":\"https:\/\/alfequipment.com\/#\/schema\/logo\/image\/\",\"url\":\"https:\/\/alfequipment.com\/wp-content\/uploads\/2024\/11\/ALFlogo-2.webp\",\"contentUrl\":\"https:\/\/alfequipment.com\/wp-content\/uploads\/2024\/11\/ALFlogo-2.webp\",\"width\":758,\"height\":750,\"caption\":\"ALF PACK\"},\"image\":{\"@id\":\"https:\/\/alfequipment.com\/#\/schema\/logo\/image\/\"}}]}<\/script>\n<!-- \/ Yoast SEO Premium plugin. -->","yoast_head_json":{"title":"Enfardadora semiautom\u00e1tica DBC800 - ALF PACK","robots":{"index":"index","follow":"follow","max-snippet":"max-snippet:-1","max-image-preview":"max-image-preview:large","max-video-preview":"max-video-preview:-1"},"canonical":"https:\/\/alfequipment.com\/es\/product\/dbc800-envolvedora-semiautomatica-con-film-estirable\/","og_locale":"es_ES","og_type":"article","og_title":"DBC800 Semi-automatic stretch film wrapping machine","og_description":"Semi-automatic Stretch Film Wrapping Machine","og_url":"https:\/\/alfequipment.com\/es\/product\/dbc800-envolvedora-semiautomatica-con-film-estirable\/","og_site_name":"ALF PACK","article_modified_time":"2025-01-14T06:20:49+00:00","og_image":[{"width":800,"height":800,"url":"https:\/\/alfequipment.com\/wp-content\/uploads\/2025\/01\/DBC800-Semi-automatic-stretch-film-wrapping-machine.jpg","type":"image\/webp"}],"twitter_card":"summary_large_image","schema":{"@context":"https:\/\/schema.org","@graph":[{"@type":"WebPage","@id":"https:\/\/alfequipment.com\/product\/dbc800-semi-automatic-stretch-film-wrapping-machine\/","url":"https:\/\/alfequipment.com\/product\/dbc800-semi-automatic-stretch-film-wrapping-machine\/","name":"Enfardadora semiautom\u00e1tica DBC800 - ALF PACK","isPartOf":{"@id":"https:\/\/alfequipment.com\/#website"},"primaryImageOfPage":{"@id":"https:\/\/alfequipment.com\/product\/dbc800-semi-automatic-stretch-film-wrapping-machine\/#primaryimage"},"image":{"@id":"https:\/\/alfequipment.com\/product\/dbc800-semi-automatic-stretch-film-wrapping-machine\/#primaryimage"},"thumbnailUrl":"https:\/\/alfequipment.com\/wp-content\/uploads\/2025\/01\/DBC800-Semi-automatic-stretch-film-wrapping-machine.jpg","datePublished":"2024-12-01T05:33:04+00:00","dateModified":"2025-01-14T06:20:49+00:00","breadcrumb":{"@id":"https:\/\/alfequipment.com\/product\/dbc800-semi-automatic-stretch-film-wrapping-machine\/#breadcrumb"},"inLanguage":"es","potentialAction":[{"@type":"ReadAction","target":["https:\/\/alfequipment.com\/product\/dbc800-semi-automatic-stretch-film-wrapping-machine\/"]}]},{"@type":"ImageObject","inLanguage":"es","@id":"https:\/\/alfequipment.com\/product\/dbc800-semi-automatic-stretch-film-wrapping-machine\/#primaryimage","url":"https:\/\/alfequipment.com\/wp-content\/uploads\/2025\/01\/DBC800-Semi-automatic-stretch-film-wrapping-machine.jpg","contentUrl":"https:\/\/alfequipment.com\/wp-content\/uploads\/2025\/01\/DBC800-Semi-automatic-stretch-film-wrapping-machine.jpg","width":800,"height":800},{"@type":"BreadcrumbList","@id":"https:\/\/alfequipment.com\/product\/dbc800-semi-automatic-stretch-film-wrapping-machine\/#breadcrumb","itemListElement":[{"@type":"ListItem","position":1,"name":"Home","item":"https:\/\/alfequipment.com\/"},{"@type":"ListItem","position":2,"name":"Shop","item":"https:\/\/alfequipment.com\/shop\/"},{"@type":"ListItem","position":3,"name":"DBC800 Semi-automatic stretch film wrapping machine"}]},{"@type":"WebSite","@id":"https:\/\/alfequipment.com\/#website","url":"https:\/\/alfequipment.com\/","name":"PAQUETE ALF","description":"","publisher":{"@id":"https:\/\/alfequipment.com\/#organization"},"potentialAction":[{"@type":"SearchAction","target":{"@type":"EntryPoint","urlTemplate":"https:\/\/alfequipment.com\/?s={search_term_string}"},"query-input":{"@type":"PropertyValueSpecification","valueRequired":true,"valueName":"search_term_string"}}],"inLanguage":"es"},{"@type":"Organization","@id":"https:\/\/alfequipment.com\/#organization","name":"PAQUETE ALF","url":"https:\/\/alfequipment.com\/","logo":{"@type":"ImageObject","inLanguage":"es","@id":"https:\/\/alfequipment.com\/#\/schema\/logo\/image\/","url":"https:\/\/alfequipment.com\/wp-content\/uploads\/2024\/11\/ALFlogo-2.webp","contentUrl":"https:\/\/alfequipment.com\/wp-content\/uploads\/2024\/11\/ALFlogo-2.webp","width":758,"height":750,"caption":"ALF PACK"},"image":{"@id":"https:\/\/alfequipment.com\/#\/schema\/logo\/image\/"}}]}},"_links":{"self":[{"href":"https:\/\/alfequipment.com\/es\/wp-json\/wp\/v2\/product\/3108","targetHints":{"allow":["GET"]}}],"collection":[{"href":"https:\/\/alfequipment.com\/es\/wp-json\/wp\/v2\/product"}],"about":[{"href":"https:\/\/alfequipment.com\/es\/wp-json\/wp\/v2\/types\/product"}],"replies":[{"embeddable":true,"href":"https:\/\/alfequipment.com\/es\/wp-json\/wp\/v2\/comments?post=3108"}],"version-history":[{"count":0,"href":"https:\/\/alfequipment.com\/es\/wp-json\/wp\/v2\/product\/3108\/revisions"}],"wp:featuredmedia":[{"embeddable":true,"href":"https:\/\/alfequipment.com\/es\/wp-json\/wp\/v2\/media\/3109"}],"wp:attachment":[{"href":"https:\/\/alfequipment.com\/es\/wp-json\/wp\/v2\/media?parent=3108"}],"wp:term":[{"taxonomy":"product_brand","embeddable":true,"href":"https:\/\/alfequipment.com\/es\/wp-json\/wp\/v2\/product_brand?post=3108"},{"taxonomy":"product_cat","embeddable":true,"href":"https:\/\/alfequipment.com\/es\/wp-json\/wp\/v2\/product_cat?post=3108"},{"taxonomy":"product_tag","embeddable":true,"href":"https:\/\/alfequipment.com\/es\/wp-json\/wp\/v2\/product_tag?post=3108"}],"curies":[{"name":"wp","href":"https:\/\/api.w.org\/{rel}","templated":true}]}}