{"id":3136,"date":"2024-12-22T01:52:16","date_gmt":"2024-12-22T01:52:16","guid":{"rendered":"https:\/\/alfequipment.com\/product\/dbf1000an-vertical-gas-flushing-band-sealer-continuous-inflating-bag-sealing-machine-with-nitrogen-filling\/"},"modified":"2025-01-13T15:00:40","modified_gmt":"2025-01-13T15:00:40","slug":"dbf1000an-selladora-de-banda-vertical-de-gas-de-inflado-continuo-maquina-de-sellado-de-bolsas-con-relleno-de-nitrogeno","status":"publish","type":"product","link":"https:\/\/alfequipment.com\/es\/product\/dbf1000an-selladora-de-banda-vertical-de-gas-de-inflado-continuo-maquina-de-sellado-de-bolsas-con-relleno-de-nitrogeno\/","title":{"rendered":"DBF1000AN Selladora de banda vertical con inyecci\u00f3n de gas Selladora de bolsas de inflado continuo con llenado de nitr\u00f3geno"},"content":{"rendered":"<div data-magic-global=\"%7B%22bizId%22%3A17179933680%2C%22pageId%22%3A21040438603%2C%22siteId%22%3A5005331025%7D\" id=\"detail_decorate_root\">\n<div module-id=\"28158196523\" module-title=\"detailProductNavigation\" render=\"true\" class=\"J_module\">\n<div id=\"ali-anchor-AliMagic-tnh2f6\" data-section=\"AliMagic-tnh2f6\" data-section-title=\"Product Description\" class=\"magic-0\">Esta m\u00e1quina es adecuada para el sellado, impresi\u00f3n. Es ampliamente utilizado en alimentos, medicina, qu\u00edmica, uso diario, semillas y otras industrias.<\/div>\n<\/div>\n<div module-id=\"28158196524\" module-title=\"detailTextWithTitle\" render=\"true\" class=\"J_module\">\n<div class=\"detail-decorate-json-renderer-container\">\n<div class=\"magic-1\">\n<div class=\"magic-4\">\n<div class=\"magic-5\">\n<div class=\"magic-6\">\n<p class=\"magic-8\"><span class=\"magic-10\">Esta m\u00e1quina adopta un control inteligente de la temperatura y un mecanismo de transmisi\u00f3n de regulaci\u00f3n de la velocidad por pasos, puede sellar varias bolsas de envasado de pl\u00e1stico de diferentes materiales. Debido al peque\u00f1o tama\u00f1o de la m\u00e1quina, la longitud de sellado no est\u00e1 limitada, y se puede utilizar con varias l\u00edneas de envasado. Ser\u00e1 el mejor equipo de sellado para el envasado por lotes en f\u00e1bricas y tiendas.<\/span><\/p>\n<p class=\"magic-8\"><span class=\"magic-11\">Gracias al sencillo control el\u00e9ctrico de la m\u00e1quina y a la razonable y refinada transmisi\u00f3n mec\u00e1nica, el rendimiento es muy estable, la tasa de fallos es extremadamente baja y la vida \u00fatil es m\u00e1s larga. Puede trabajar de forma continua durante mucho tiempo y puede satisfacer las necesidades de la producci\u00f3n en masa. Despu\u00e9s de que el producto es sellado y envasado por la m\u00e1quina, tiene una apariencia hermosa, pulcritud, a prueba de polvo, a prueba de humedad y resistencia a los da\u00f1os, que es conveniente para el manejo y almacenamiento, y reduce en gran medida la p\u00e9rdida de producto.<\/span><\/p>\n<\/p><\/div>\n<\/p><\/div>\n<\/p><\/div>\n<\/p><\/div>\n<\/p><\/div>\n<\/p><\/div>\n<div module-id=\"28158196525\" module-title=\"detailTableHorizontal\" render=\"true\" class=\"J_module\">\n<div class=\"ife-detail-decorate-table\">\n<table class=\"has-title all magic-12\">\n<tbody>\n<tr>\n<td colspan=\"1\" rowspan=\"1\">\n<div class=\"magic-13\">\n        Modelo\n       <\/div>\n<\/td>\n<td colspan=\"1\" rowspan=\"1\">\n<div class=\"magic-14\">\n        DBF1000AN\n       <\/div>\n<\/td>\n<\/tr>\n<tr>\n<td colspan=\"1\" rowspan=\"1\">\n<div class=\"magic-13\">\n        Tensi\u00f3n\n       <\/div>\n<\/td>\n<td colspan=\"1\" rowspan=\"1\">\n<div class=\"magic-14\">\n        110\/220V\/50\u00ef\u00bd60Hz\n       <\/div>\n<\/td>\n<\/tr>\n<tr>\n<td colspan=\"1\" rowspan=\"1\">\n<div class=\"magic-15\">\n        Potencia\n       <\/div>\n<\/td>\n<td colspan=\"1\" rowspan=\"1\">\n<div class=\"magic-16\">\n        0,85 kW\n       <\/div>\n<\/td>\n<\/tr>\n<tr>\n<td colspan=\"1\" rowspan=\"1\">\n<div class=\"magic-13\">\n        Velocidad de trabajo\u00ef\u00bcm\/min\u00ef\u00bc\n       <\/div>\n<\/td>\n<td colspan=\"1\" rowspan=\"1\">\n<div class=\"magic-14\">\n        0\u00ef\u00bd12\n       <\/div>\n<\/td>\n<\/tr>\n<tr>\n<td colspan=\"1\" rowspan=\"1\">\n<div class=\"magic-13\">\n        Anchura de sellado\u00ef\u00bcmm\u00ef\u00bc\n       <\/div>\n<\/td>\n<td colspan=\"1\" rowspan=\"1\">\n<div class=\"magic-14\">\n        6\u00ef\u00bd12\n       <\/div>\n<\/td>\n<\/tr>\n<tr>\n<td colspan=\"1\" rowspan=\"1\">\n<div class=\"magic-13\">\n        Rango temp.\n       <\/div>\n<\/td>\n<td colspan=\"1\" rowspan=\"1\">\n<div class=\"magic-14\">\n        0\u00ef\u00bd300\n       <\/div>\n<\/td>\n<\/tr>\n<tr>\n<td colspan=\"1\" rowspan=\"1\">\n<div class=\"magic-13\">\n        Pel\u00edcula monocapa Espesor m\u00e1ximo (mm)\n       <\/div>\n<\/td>\n<td colspan=\"1\" rowspan=\"1\">\n<div class=\"magic-14\">\n        \u22640.08\n       <\/div>\n<\/td>\n<\/tr>\n<tr>\n<td colspan=\"1\" rowspan=\"1\">\n<div class=\"magic-13\">\n        Max.loading\u00ef\u00bcKg\u00ef\u00bc\n       <\/div>\n<\/td>\n<td colspan=\"1\" rowspan=\"1\">\n<div class=\"magic-14\">\n        \u22643\n       <\/div>\n<\/td>\n<\/tr>\n<tr>\n<td colspan=\"1\" rowspan=\"1\">\n<div class=\"magic-13\">\n        Tama\u00f1o de la m\u00e1quina\u00ef\u00bcL x A x A\u00ef\u00bcmm\n       <\/div>\n<\/td>\n<td colspan=\"1\" rowspan=\"1\">\n<div class=\"magic-14\">\n        925*400*500\n       <\/div>\n<\/td>\n<\/tr>\n<tr>\n<td colspan=\"1\" rowspan=\"1\">\n<div class=\"magic-13\">\n        Peso\n       <\/div>\n<\/td>\n<td colspan=\"1\" rowspan=\"1\">\n<div class=\"magic-14\">\n        32 kg\n       <\/div>\n<\/td>\n<\/tr>\n<\/tbody>\n<\/table><\/div>\n<\/p><\/div>\n<div module-id=\"28158196526\" module-title=\"detailSingleImage\" render=\"true\" class=\"J_module\">\n<div class=\"icbu-pc-images magic-17\">\n<div>\n<div class=\"flex-layout-v\">\n<div class=\"flex-layout-h magic-17\">\n<div class=\"magic-18\">\n       <img decoding=\"async\" src=\"https:\/\/sc04.alicdn.com\/kf\/H96efdf8004ed46f5a3051ad863c18873o\/64496\/H96efdf8004ed46f5a3051ad863c18873o.jpg\" class=\"aligncenter\">\n      <\/div>\n<\/p><\/div>\n<\/p><\/div>\n<\/p><\/div>\n<\/p><\/div>\n<\/p><\/div>\n<div module-id=\"28158196527\" module-title=\"detailMultiImages\" render=\"true\" class=\"J_module\">\n<div class=\"icbu-pc-images magic-17\">\n<div>\n<div class=\"flex-layout-v\">\n<div class=\"flex-layout-h magic-17\">\n<div class=\"magic-20\">\n       <img decoding=\"async\" src=\"https:\/\/sc01.alicdn.com\/kf\/H5a63869b12ab49fca7c2fd05b6fefdf8v\/64496\/H5a63869b12ab49fca7c2fd05b6fefdf8v.jpg\" class=\"aligncenter\">\n      <\/div>\n<div class=\"magic-22\">\n       <img decoding=\"async\" src=\"https:\/\/sc01.alicdn.com\/kf\/Hdf8ae708689b4c51bb800994986e2913H\/64496\/Hdf8ae708689b4c51bb800994986e2913H.jpg\" class=\"aligncenter\">\n      <\/div>\n<div class=\"magic-22\">\n       <img decoding=\"async\" src=\"https:\/\/sc01.alicdn.com\/kf\/H4ceea0ef13d04c738457b5bb1875167ce\/64496\/H4ceea0ef13d04c738457b5bb1875167ce.jpg\" class=\"aligncenter\">\n      <\/div>\n<\/p><\/div>\n<\/p><\/div>\n<\/p><\/div>\n<\/p><\/div>\n<\/p><\/div>\n<div module-id=\"28158196528\" module-title=\"detailSingleImage\" render=\"true\" class=\"J_module\">\n<div class=\"icbu-pc-images magic-17\">\n<div>\n<div class=\"flex-layout-v\">\n<div class=\"flex-layout-h magic-17\">\n<div class=\"magic-25\">\n       <img decoding=\"async\" src=\"https:\/\/sc04.alicdn.com\/kf\/H7dd09c3ab69444bba955b198f616966bC\/64496\/H7dd09c3ab69444bba955b198f616966bC.jpg\" class=\"aligncenter\">\n      <\/div>\n<\/p><\/div>\n<\/p><\/div>\n<\/p><\/div>\n<\/p><\/div>\n<\/p><\/div>\n<div module-id=\"28158196529\" module-title=\"detailSingleImage\" render=\"true\" class=\"J_module\">\n<div class=\"icbu-pc-images magic-17\">\n<div>\n<div class=\"flex-layout-v\">\n<div class=\"flex-layout-h magic-17\">\n<div class=\"magic-27\">\n       <img decoding=\"async\" src=\"https:\/\/sc04.alicdn.com\/kf\/H5df2963df265492d916cec3fdd7ec8fd2\/64496\/H5df2963df265492d916cec3fdd7ec8fd2.jpg\" class=\"aligncenter\">\n      <\/div>\n<\/p><\/div>\n<\/p><\/div>\n<\/p><\/div>\n<\/p><\/div>\n<\/p><\/div>\n<\/div>","protected":false},"excerpt":{"rendered":"<p>M\u00e1quina selladora de film de inflado continuo con llenado de nitr\u00f3geno<\/p>","protected":false},"featured_media":3137,"comment_status":"closed","ping_status":"open","template":"","meta":[],"product_brand":[],"product_cat":[119,97],"product_tag":[],"class_list":{"0":"post-3136","1":"product","2":"type-product","3":"status-publish","4":"has-post-thumbnail","6":"product_cat-band-sealer","7":"product_cat-sealing-machines","9":"first","10":"instock","11":"sale","12":"purchasable","13":"product-type-simple"},"yoast_head":"<!-- This site is optimized with the Yoast SEO Premium plugin v20.9 (Yoast SEO v26.5) - https:\/\/yoast.com\/wordpress\/plugins\/seo\/ -->\n<title>DBF1000AN Vertical gas flushing band sealer Continuous inflating bag sealing machine with Nitrogen filling - ALF PACK<\/title>\n<meta name=\"robots\" content=\"index, follow, max-snippet:-1, max-image-preview:large, max-video-preview:-1\" \/>\n<link rel=\"canonical\" href=\"https:\/\/alfequipment.com\/es\/product\/dbf1000an-selladora-de-banda-vertical-de-gas-de-inflado-continuo-maquina-de-sellado-de-bolsas-con-relleno-de-nitrogeno\/\" \/>\n<meta property=\"og:locale\" content=\"es_ES\" \/>\n<meta property=\"og:type\" content=\"article\" \/>\n<meta property=\"og:title\" content=\"DBF1000AN Vertical gas flushing band sealer Continuous inflating bag sealing machine with Nitrogen filling\" \/>\n<meta property=\"og:description\" content=\"Continuous Inflating Film Sealing Machine With Nitrogen Filling\" \/>\n<meta property=\"og:url\" content=\"https:\/\/alfequipment.com\/es\/product\/dbf1000an-selladora-de-banda-vertical-de-gas-de-inflado-continuo-maquina-de-sellado-de-bolsas-con-relleno-de-nitrogeno\/\" \/>\n<meta property=\"og:site_name\" content=\"ALF PACK\" \/>\n<meta property=\"article:modified_time\" content=\"2025-01-13T15:00:40+00:00\" \/>\n<meta property=\"og:image\" content=\"https:\/\/alfequipment.com\/wp-content\/uploads\/2025\/01\/DBF1000AN-Vertical-gas-flushing-band-sealer-Continuous-scaled.jpg\" \/>\n\t<meta property=\"og:image:width\" content=\"2560\" \/>\n\t<meta property=\"og:image:height\" content=\"2037\" \/>\n\t<meta property=\"og:image:type\" content=\"image\/webp\" \/>\n<meta name=\"twitter:card\" content=\"summary_large_image\" \/>\n<meta name=\"twitter:label1\" content=\"Tiempo de lectura\" \/>\n\t<meta name=\"twitter:data1\" content=\"1 minuto\" \/>\n<script type=\"application\/ld+json\" class=\"yoast-schema-graph\">{\"@context\":\"https:\/\/schema.org\",\"@graph\":[{\"@type\":\"WebPage\",\"@id\":\"https:\/\/alfequipment.com\/product\/dbf1000an-vertical-gas-flushing-band-sealer-continuous-inflating-bag-sealing-machine-with-nitrogen-filling\/\",\"url\":\"https:\/\/alfequipment.com\/product\/dbf1000an-vertical-gas-flushing-band-sealer-continuous-inflating-bag-sealing-machine-with-nitrogen-filling\/\",\"name\":\"DBF1000AN Vertical gas flushing band sealer Continuous inflating bag sealing machine with Nitrogen filling - ALF PACK\",\"isPartOf\":{\"@id\":\"https:\/\/alfequipment.com\/#website\"},\"primaryImageOfPage\":{\"@id\":\"https:\/\/alfequipment.com\/product\/dbf1000an-vertical-gas-flushing-band-sealer-continuous-inflating-bag-sealing-machine-with-nitrogen-filling\/#primaryimage\"},\"image\":{\"@id\":\"https:\/\/alfequipment.com\/product\/dbf1000an-vertical-gas-flushing-band-sealer-continuous-inflating-bag-sealing-machine-with-nitrogen-filling\/#primaryimage\"},\"thumbnailUrl\":\"https:\/\/alfequipment.com\/wp-content\/uploads\/2025\/01\/DBF1000AN-Vertical-gas-flushing-band-sealer-Continuous-scaled.jpg\",\"datePublished\":\"2024-12-22T01:52:16+00:00\",\"dateModified\":\"2025-01-13T15:00:40+00:00\",\"breadcrumb\":{\"@id\":\"https:\/\/alfequipment.com\/product\/dbf1000an-vertical-gas-flushing-band-sealer-continuous-inflating-bag-sealing-machine-with-nitrogen-filling\/#breadcrumb\"},\"inLanguage\":\"es\",\"potentialAction\":[{\"@type\":\"ReadAction\",\"target\":[\"https:\/\/alfequipment.com\/product\/dbf1000an-vertical-gas-flushing-band-sealer-continuous-inflating-bag-sealing-machine-with-nitrogen-filling\/\"]}]},{\"@type\":\"ImageObject\",\"inLanguage\":\"es\",\"@id\":\"https:\/\/alfequipment.com\/product\/dbf1000an-vertical-gas-flushing-band-sealer-continuous-inflating-bag-sealing-machine-with-nitrogen-filling\/#primaryimage\",\"url\":\"https:\/\/alfequipment.com\/wp-content\/uploads\/2025\/01\/DBF1000AN-Vertical-gas-flushing-band-sealer-Continuous-scaled.jpg\",\"contentUrl\":\"https:\/\/alfequipment.com\/wp-content\/uploads\/2025\/01\/DBF1000AN-Vertical-gas-flushing-band-sealer-Continuous-scaled.jpg\",\"width\":2560,\"height\":2037},{\"@type\":\"BreadcrumbList\",\"@id\":\"https:\/\/alfequipment.com\/product\/dbf1000an-vertical-gas-flushing-band-sealer-continuous-inflating-bag-sealing-machine-with-nitrogen-filling\/#breadcrumb\",\"itemListElement\":[{\"@type\":\"ListItem\",\"position\":1,\"name\":\"Home\",\"item\":\"https:\/\/alfequipment.com\/\"},{\"@type\":\"ListItem\",\"position\":2,\"name\":\"Shop\",\"item\":\"https:\/\/alfequipment.com\/shop\/\"},{\"@type\":\"ListItem\",\"position\":3,\"name\":\"DBF1000AN Vertical gas flushing band sealer Continuous inflating bag sealing machine with Nitrogen filling\"}]},{\"@type\":\"WebSite\",\"@id\":\"https:\/\/alfequipment.com\/#website\",\"url\":\"https:\/\/alfequipment.com\/\",\"name\":\"ALF PACK\",\"description\":\"\",\"publisher\":{\"@id\":\"https:\/\/alfequipment.com\/#organization\"},\"potentialAction\":[{\"@type\":\"SearchAction\",\"target\":{\"@type\":\"EntryPoint\",\"urlTemplate\":\"https:\/\/alfequipment.com\/?s={search_term_string}\"},\"query-input\":{\"@type\":\"PropertyValueSpecification\",\"valueRequired\":true,\"valueName\":\"search_term_string\"}}],\"inLanguage\":\"es\"},{\"@type\":\"Organization\",\"@id\":\"https:\/\/alfequipment.com\/#organization\",\"name\":\"ALF PACK\",\"url\":\"https:\/\/alfequipment.com\/\",\"logo\":{\"@type\":\"ImageObject\",\"inLanguage\":\"es\",\"@id\":\"https:\/\/alfequipment.com\/#\/schema\/logo\/image\/\",\"url\":\"https:\/\/alfequipment.com\/wp-content\/uploads\/2024\/11\/ALFlogo-2.webp\",\"contentUrl\":\"https:\/\/alfequipment.com\/wp-content\/uploads\/2024\/11\/ALFlogo-2.webp\",\"width\":758,\"height\":750,\"caption\":\"ALF PACK\"},\"image\":{\"@id\":\"https:\/\/alfequipment.com\/#\/schema\/logo\/image\/\"}}]}<\/script>\n<!-- \/ Yoast SEO Premium plugin. -->","yoast_head_json":{"title":"DBF1000AN Selladora de banda vertical con inyecci\u00f3n de gas Selladora de bolsas de inflado continuo con llenado de nitr\u00f3geno - ALF PACK","robots":{"index":"index","follow":"follow","max-snippet":"max-snippet:-1","max-image-preview":"max-image-preview:large","max-video-preview":"max-video-preview:-1"},"canonical":"https:\/\/alfequipment.com\/es\/product\/dbf1000an-selladora-de-banda-vertical-de-gas-de-inflado-continuo-maquina-de-sellado-de-bolsas-con-relleno-de-nitrogeno\/","og_locale":"es_ES","og_type":"article","og_title":"DBF1000AN Vertical gas flushing band sealer Continuous inflating bag sealing machine with Nitrogen filling","og_description":"Continuous Inflating Film Sealing Machine With Nitrogen Filling","og_url":"https:\/\/alfequipment.com\/es\/product\/dbf1000an-selladora-de-banda-vertical-de-gas-de-inflado-continuo-maquina-de-sellado-de-bolsas-con-relleno-de-nitrogeno\/","og_site_name":"ALF PACK","article_modified_time":"2025-01-13T15:00:40+00:00","og_image":[{"width":2560,"height":2037,"url":"https:\/\/alfequipment.com\/wp-content\/uploads\/2025\/01\/DBF1000AN-Vertical-gas-flushing-band-sealer-Continuous-scaled.jpg","type":"image\/webp"}],"twitter_card":"summary_large_image","twitter_misc":{"Tiempo de lectura":"1 minuto"},"schema":{"@context":"https:\/\/schema.org","@graph":[{"@type":"WebPage","@id":"https:\/\/alfequipment.com\/product\/dbf1000an-vertical-gas-flushing-band-sealer-continuous-inflating-bag-sealing-machine-with-nitrogen-filling\/","url":"https:\/\/alfequipment.com\/product\/dbf1000an-vertical-gas-flushing-band-sealer-continuous-inflating-bag-sealing-machine-with-nitrogen-filling\/","name":"DBF1000AN Selladora de banda vertical con inyecci\u00f3n de gas Selladora de bolsas de inflado continuo con llenado de nitr\u00f3geno - ALF PACK","isPartOf":{"@id":"https:\/\/alfequipment.com\/#website"},"primaryImageOfPage":{"@id":"https:\/\/alfequipment.com\/product\/dbf1000an-vertical-gas-flushing-band-sealer-continuous-inflating-bag-sealing-machine-with-nitrogen-filling\/#primaryimage"},"image":{"@id":"https:\/\/alfequipment.com\/product\/dbf1000an-vertical-gas-flushing-band-sealer-continuous-inflating-bag-sealing-machine-with-nitrogen-filling\/#primaryimage"},"thumbnailUrl":"https:\/\/alfequipment.com\/wp-content\/uploads\/2025\/01\/DBF1000AN-Vertical-gas-flushing-band-sealer-Continuous-scaled.jpg","datePublished":"2024-12-22T01:52:16+00:00","dateModified":"2025-01-13T15:00:40+00:00","breadcrumb":{"@id":"https:\/\/alfequipment.com\/product\/dbf1000an-vertical-gas-flushing-band-sealer-continuous-inflating-bag-sealing-machine-with-nitrogen-filling\/#breadcrumb"},"inLanguage":"es","potentialAction":[{"@type":"ReadAction","target":["https:\/\/alfequipment.com\/product\/dbf1000an-vertical-gas-flushing-band-sealer-continuous-inflating-bag-sealing-machine-with-nitrogen-filling\/"]}]},{"@type":"ImageObject","inLanguage":"es","@id":"https:\/\/alfequipment.com\/product\/dbf1000an-vertical-gas-flushing-band-sealer-continuous-inflating-bag-sealing-machine-with-nitrogen-filling\/#primaryimage","url":"https:\/\/alfequipment.com\/wp-content\/uploads\/2025\/01\/DBF1000AN-Vertical-gas-flushing-band-sealer-Continuous-scaled.jpg","contentUrl":"https:\/\/alfequipment.com\/wp-content\/uploads\/2025\/01\/DBF1000AN-Vertical-gas-flushing-band-sealer-Continuous-scaled.jpg","width":2560,"height":2037},{"@type":"BreadcrumbList","@id":"https:\/\/alfequipment.com\/product\/dbf1000an-vertical-gas-flushing-band-sealer-continuous-inflating-bag-sealing-machine-with-nitrogen-filling\/#breadcrumb","itemListElement":[{"@type":"ListItem","position":1,"name":"Home","item":"https:\/\/alfequipment.com\/"},{"@type":"ListItem","position":2,"name":"Shop","item":"https:\/\/alfequipment.com\/shop\/"},{"@type":"ListItem","position":3,"name":"DBF1000AN Vertical gas flushing band sealer Continuous inflating bag sealing machine with Nitrogen filling"}]},{"@type":"WebSite","@id":"https:\/\/alfequipment.com\/#website","url":"https:\/\/alfequipment.com\/","name":"PAQUETE ALF","description":"","publisher":{"@id":"https:\/\/alfequipment.com\/#organization"},"potentialAction":[{"@type":"SearchAction","target":{"@type":"EntryPoint","urlTemplate":"https:\/\/alfequipment.com\/?s={search_term_string}"},"query-input":{"@type":"PropertyValueSpecification","valueRequired":true,"valueName":"search_term_string"}}],"inLanguage":"es"},{"@type":"Organization","@id":"https:\/\/alfequipment.com\/#organization","name":"PAQUETE ALF","url":"https:\/\/alfequipment.com\/","logo":{"@type":"ImageObject","inLanguage":"es","@id":"https:\/\/alfequipment.com\/#\/schema\/logo\/image\/","url":"https:\/\/alfequipment.com\/wp-content\/uploads\/2024\/11\/ALFlogo-2.webp","contentUrl":"https:\/\/alfequipment.com\/wp-content\/uploads\/2024\/11\/ALFlogo-2.webp","width":758,"height":750,"caption":"ALF PACK"},"image":{"@id":"https:\/\/alfequipment.com\/#\/schema\/logo\/image\/"}}]}},"_links":{"self":[{"href":"https:\/\/alfequipment.com\/es\/wp-json\/wp\/v2\/product\/3136","targetHints":{"allow":["GET"]}}],"collection":[{"href":"https:\/\/alfequipment.com\/es\/wp-json\/wp\/v2\/product"}],"about":[{"href":"https:\/\/alfequipment.com\/es\/wp-json\/wp\/v2\/types\/product"}],"replies":[{"embeddable":true,"href":"https:\/\/alfequipment.com\/es\/wp-json\/wp\/v2\/comments?post=3136"}],"version-history":[{"count":0,"href":"https:\/\/alfequipment.com\/es\/wp-json\/wp\/v2\/product\/3136\/revisions"}],"wp:featuredmedia":[{"embeddable":true,"href":"https:\/\/alfequipment.com\/es\/wp-json\/wp\/v2\/media\/3137"}],"wp:attachment":[{"href":"https:\/\/alfequipment.com\/es\/wp-json\/wp\/v2\/media?parent=3136"}],"wp:term":[{"taxonomy":"product_brand","embeddable":true,"href":"https:\/\/alfequipment.com\/es\/wp-json\/wp\/v2\/product_brand?post=3136"},{"taxonomy":"product_cat","embeddable":true,"href":"https:\/\/alfequipment.com\/es\/wp-json\/wp\/v2\/product_cat?post=3136"},{"taxonomy":"product_tag","embeddable":true,"href":"https:\/\/alfequipment.com\/es\/wp-json\/wp\/v2\/product_tag?post=3136"}],"curies":[{"name":"wp","href":"https:\/\/api.w.org\/{rel}","templated":true}]}}