{"id":3154,"date":"2025-01-07T02:26:46","date_gmt":"2025-01-07T02:26:46","guid":{"rendered":"https:\/\/alfequipment.com\/product\/dfd40-intelligent-courier-pe-bag-packing-machine\/"},"modified":"2025-01-13T13:13:13","modified_gmt":"2025-01-13T13:13:13","slug":"dfd40-envasadora-inteligente-de-bolsas-pe-para-mensajeria","status":"publish","type":"product","link":"https:\/\/alfequipment.com\/es\/product\/dfd40-envasadora-inteligente-de-bolsas-pe-para-mensajeria\/","title":{"rendered":"M\u00e1quina empacadora inteligente de bolsas PE para mensajer\u00eda DFD40"},"content":{"rendered":"<div data-magic-global=\"%7B%22bizId%22%3A17179933680%2C%22pageId%22%3A20138563987%2C%22siteId%22%3A5005331025%7D\" id=\"detail_decorate_root\">\n<div module-id=\"24435781605\" module-title=\"detailProductNavigation\" render=\"true\" class=\"J_module\">\n<div id=\"ali-anchor-AliMagic-umcfzj\" data-section=\"AliMagic-umcfzj\" data-section-title=\"Product Description\" class=\"magic-0\">1.Las m\u00e1quinas envasadoras de la serie DFD terminan la apertura continua de la bolsa y el sellado en una sola operaci\u00f3n.<\/div>\n<\/div>\n<div module-id=\"24435781606\" module-title=\"detailTextWithTitle\" render=\"true\" class=\"J_module\">\n<div class=\"detail-decorate-json-renderer-container\">\n<div class=\"magic-1\">\n<div class=\"magic-4\">\n<div class=\"magic-5\">\n<div class=\"magic-6\">\n<p class=\"magic-7\">2.Est\u00e1 dise\u00f1ado para embalar <span>bolsa de mensajer\u00eda.<\/span><br \/>3.Es adecuado para sellar bolsas de PE.<\/p>\n<p class=\"magic-7\">4.DFD40I puede etiquetar <span>hoja expr\u00e9s en la bolsa; DFD40A puede imprimir y etiquetar <span>hoja expr\u00e9s.<\/span><\/span><\/p>\n<\/p><\/div>\n<\/p><\/div>\n<\/p><\/div>\n<\/p><\/div>\n<\/p><\/div>\n<\/p><\/div>\n<div module-id=\"24435781607\" module-title=\"detailTableHorizontal\" render=\"true\" class=\"J_module\">\n<div class=\"ife-detail-decorate-table\">\n<table class=\"has-title all magic-8\">\n<tbody>\n<tr>\n<td colspan=\"1\" rowspan=\"1\">\n<div class=\"magic-9\">\n        Modelo\n       <\/div>\n<\/td>\n<td colspan=\"1\" rowspan=\"1\">\n<div class=\"magic-10\">\n        DFD40\n       <\/div>\n<\/td>\n<\/tr>\n<tr>\n<td colspan=\"1\" rowspan=\"1\">\n<div class=\"magic-9\">\n        tensi\u00f3n\n       <\/div>\n<\/td>\n<td colspan=\"1\" rowspan=\"1\">\n<div class=\"magic-10\">\n        220 V 50-60 Hz\n       <\/div>\n<\/td>\n<\/tr>\n<tr>\n<td colspan=\"1\" rowspan=\"1\">\n<div class=\"magic-9\">\n        potencia\n       <\/div>\n<\/td>\n<td colspan=\"1\" rowspan=\"1\">\n<div class=\"magic-10\">\n        900W\n       <\/div>\n<\/td>\n<\/tr>\n<tr>\n<td colspan=\"1\" rowspan=\"1\">\n<div class=\"magic-9\">\n        Capacidad\n       <\/div>\n<\/td>\n<td colspan=\"1\" rowspan=\"1\">\n<div class=\"magic-10\">\n        1000 paquetes\/hora\n       <\/div>\n<\/td>\n<\/tr>\n<tr>\n<td colspan=\"1\" rowspan=\"1\">\n<div class=\"magic-9\">\n        Consumo de aire\n       <\/div>\n<\/td>\n<td colspan=\"1\" rowspan=\"1\">\n<div class=\"magic-10\">\n        0,5~0,6MPA, 30L\/min\n       <\/div>\n<\/td>\n<\/tr>\n<tr>\n<td colspan=\"1\" rowspan=\"1\">\n<div class=\"magic-9\">\n        M\u00e9todo conectado\n       <\/div>\n<\/td>\n<td colspan=\"1\" rowspan=\"1\">\n<div class=\"magic-10\">\n        Ethernet, WIFI\n       <\/div>\n<\/td>\n<\/tr>\n<tr>\n<td colspan=\"1\" rowspan=\"1\">\n<div class=\"magic-9\">\n        Dispositivo a\u00f1adido\n       <\/div>\n<\/td>\n<td colspan=\"1\" rowspan=\"1\">\n<div class=\"magic-10\">\n        Pantalla t\u00e1ctil de 5 pulgadas; Etiquetadora\n       <\/div>\n<\/td>\n<\/tr>\n<tr>\n<td colspan=\"1\" rowspan=\"1\">\n<div class=\"magic-9\">\n        Material de embalaje\n       <\/div>\n<\/td>\n<td colspan=\"1\" rowspan=\"1\">\n<div class=\"magic-10\">\n        Bolsa en rollo de PE\n       <\/div>\n<\/td>\n<\/tr>\n<tr>\n<td colspan=\"1\" rowspan=\"1\">\n<div class=\"magic-9\">\n        Tama\u00f1o de la etiqueta\n       <\/div>\n<\/td>\n<td colspan=\"1\" rowspan=\"1\">\n<div class=\"magic-10\">\n        0,03~0,10 mm de grosor; 130~400 mm de ancho; 230~600 mm de largo\n       <\/div>\n<\/td>\n<\/tr>\n<tr>\n<td colspan=\"1\" rowspan=\"1\">\n<div class=\"magic-9\">\n        Longitud de sellado\n       <\/div>\n<\/td>\n<td colspan=\"1\" rowspan=\"1\">\n<div class=\"magic-10\">\n        Plegado universal de papel simple, anchura 70~180mm son adecuados\n       <\/div>\n<\/td>\n<\/tr>\n<tr>\n<td colspan=\"1\" rowspan=\"1\">\n<div class=\"magic-11\">\n        Peso del producto\n       <\/div>\n<\/td>\n<td colspan=\"1\" rowspan=\"1\">\n<div class=\"magic-12\">\n        75Kg\n       <\/div>\n<\/td>\n<\/tr>\n<tr>\n<td colspan=\"1\" rowspan=\"1\">\n<div class=\"magic-9\">\n        Tama\u00f1o de la m\u00e1quina\n       <\/div>\n<\/td>\n<td colspan=\"1\" rowspan=\"1\">\n<div class=\"magic-10\">\n        900*760*1010 mm\n       <\/div>\n<\/td>\n<\/tr>\n<\/tbody>\n<\/table><\/div>\n<\/p><\/div>\n<div module-id=\"24435781608\" module-title=\"detailSingleImage\" render=\"true\" class=\"J_module\">\n<div class=\"icbu-pc-images magic-13\">\n<div>\n<div class=\"flex-layout-v\">\n<div class=\"flex-layout-h magic-13\">\n<div class=\"magic-14\">\n       <img decoding=\"async\" src=\"https:\/\/sc04.alicdn.com\/kf\/Heaf4a09703784e518fc82cae9a394826s\/64496\/Heaf4a09703784e518fc82cae9a394826s.jpg\" class=\"aligncenter\">\n      <\/div>\n<\/p><\/div>\n<\/p><\/div>\n<\/p><\/div>\n<\/p><\/div>\n<\/p><\/div>\n<div module-id=\"24510719229\" module-title=\"detailSingleImage\" render=\"true\" class=\"J_module\">\n<div class=\"icbu-pc-images magic-13\">\n<div>\n<div class=\"flex-layout-v\">\n<div class=\"flex-layout-h magic-13\">\n<div class=\"magic-14\">\n       <img decoding=\"async\" src=\"https:\/\/sc04.alicdn.com\/kf\/H95be51ea353e4d49bc1a543796f86c21X\/64496\/H95be51ea353e4d49bc1a543796f86c21X.jpg\" class=\"aligncenter\">\n      <\/div>\n<\/p><\/div>\n<\/p><\/div>\n<\/p><\/div>\n<\/p><\/div>\n<\/p><\/div>\n<div module-id=\"24510719230\" module-title=\"detailTwoImages\" render=\"true\" class=\"J_module\">\n<div class=\"icbu-pc-images magic-13\">\n<div>\n<div class=\"flex-layout-v\">\n<div class=\"flex-layout-h magic-13\">\n<div class=\"magic-16\">\n       <img decoding=\"async\" src=\"https:\/\/sc04.alicdn.com\/kf\/H759f4eb9ed594637b0599c73a11e901fT\/64496\/H759f4eb9ed594637b0599c73a11e901fT.jpg\" class=\"aligncenter\">\n      <\/div>\n<div class=\"magic-18\">\n       <img decoding=\"async\" src=\"https:\/\/sc04.alicdn.com\/kf\/H9ee1a100011448778933e584c6bab444U\/64496\/H9ee1a100011448778933e584c6bab444U.jpg\" class=\"aligncenter\">\n      <\/div>\n<\/p><\/div>\n<\/p><\/div>\n<\/p><\/div>\n<\/p><\/div>\n<\/p><\/div>\n<div module-id=\"24510719231\" module-title=\"detailSingleImage\" render=\"true\" class=\"J_module\">\n<div class=\"icbu-pc-images magic-13\">\n<div>\n<div class=\"flex-layout-v\">\n<div class=\"flex-layout-h magic-13\">\n<div class=\"magic-14\">\n       <img decoding=\"async\" src=\"https:\/\/sc04.alicdn.com\/kf\/Had851e81c5f743f385260f9c0beb9b7aD\/64496\/Had851e81c5f743f385260f9c0beb9b7aD.jpg\" class=\"aligncenter\">\n      <\/div>\n<\/p><\/div>\n<\/p><\/div>\n<\/p><\/div>\n<\/p><\/div>\n<\/p><\/div>\n<div module-id=\"24510719232\" module-title=\"detailSingleImage\" render=\"true\" class=\"J_module\">\n<div class=\"icbu-pc-images magic-13\">\n<div>\n<div class=\"flex-layout-v\">\n<div class=\"flex-layout-h magic-13\">\n<div class=\"magic-14\">\n       <img decoding=\"async\" src=\"https:\/\/sc04.alicdn.com\/kf\/H3a8a5cb7a61f4c938b462146cb47b1fc0\/64496\/H3a8a5cb7a61f4c938b462146cb47b1fc0.jpg\" class=\"aligncenter\">\n      <\/div>\n<\/p><\/div>\n<\/p><\/div>\n<\/p><\/div>\n<\/p><\/div>\n<\/p><\/div>\n<\/div>","protected":false},"excerpt":{"rendered":"<p>M\u00e1quina empaquetadora de bolsas de mensajer\u00eda inteligente<\/p>","protected":false},"featured_media":3155,"comment_status":"closed","ping_status":"open","template":"","meta":[],"product_brand":[],"product_cat":[97],"product_tag":[],"class_list":{"0":"post-3154","1":"product","2":"type-product","3":"status-publish","4":"has-post-thumbnail","6":"product_cat-sealing-machines","8":"first","9":"instock","10":"sale","11":"purchasable","12":"product-type-simple"},"yoast_head":"<!-- This site is optimized with the Yoast SEO Premium plugin v20.9 (Yoast SEO v26.5) - https:\/\/yoast.com\/wordpress\/plugins\/seo\/ -->\n<title>DFD40 Intelligent Courier PE Bag Packing Machine - ALF PACK<\/title>\n<meta name=\"robots\" content=\"index, follow, max-snippet:-1, max-image-preview:large, max-video-preview:-1\" \/>\n<link rel=\"canonical\" href=\"https:\/\/alfequipment.com\/es\/product\/dfd40-envasadora-inteligente-de-bolsas-pe-para-mensajeria\/\" \/>\n<meta property=\"og:locale\" content=\"es_ES\" \/>\n<meta property=\"og:type\" content=\"article\" \/>\n<meta property=\"og:title\" content=\"DFD40 Intelligent Courier PE Bag Packing Machine\" \/>\n<meta property=\"og:description\" content=\"Smart Courier Bag Packing Machine\" \/>\n<meta property=\"og:url\" content=\"https:\/\/alfequipment.com\/es\/product\/dfd40-envasadora-inteligente-de-bolsas-pe-para-mensajeria\/\" \/>\n<meta property=\"og:site_name\" content=\"ALF PACK\" \/>\n<meta property=\"article:modified_time\" content=\"2025-01-13T13:13:13+00:00\" \/>\n<meta property=\"og:image\" content=\"https:\/\/alfequipment.com\/wp-content\/uploads\/2025\/01\/H6c29c7ed949d42aba0f17386f98acae3P.jpg\" \/>\n\t<meta property=\"og:image:width\" content=\"800\" \/>\n\t<meta property=\"og:image:height\" content=\"800\" \/>\n\t<meta property=\"og:image:type\" content=\"image\/webp\" \/>\n<meta name=\"twitter:card\" content=\"summary_large_image\" \/>\n<script type=\"application\/ld+json\" class=\"yoast-schema-graph\">{\"@context\":\"https:\/\/schema.org\",\"@graph\":[{\"@type\":\"WebPage\",\"@id\":\"https:\/\/alfequipment.com\/product\/dfd40-intelligent-courier-pe-bag-packing-machine\/\",\"url\":\"https:\/\/alfequipment.com\/product\/dfd40-intelligent-courier-pe-bag-packing-machine\/\",\"name\":\"DFD40 Intelligent Courier PE Bag Packing Machine - ALF PACK\",\"isPartOf\":{\"@id\":\"https:\/\/alfequipment.com\/#website\"},\"primaryImageOfPage\":{\"@id\":\"https:\/\/alfequipment.com\/product\/dfd40-intelligent-courier-pe-bag-packing-machine\/#primaryimage\"},\"image\":{\"@id\":\"https:\/\/alfequipment.com\/product\/dfd40-intelligent-courier-pe-bag-packing-machine\/#primaryimage\"},\"thumbnailUrl\":\"https:\/\/alfequipment.com\/wp-content\/uploads\/2025\/01\/H6c29c7ed949d42aba0f17386f98acae3P.jpg\",\"datePublished\":\"2025-01-07T02:26:46+00:00\",\"dateModified\":\"2025-01-13T13:13:13+00:00\",\"breadcrumb\":{\"@id\":\"https:\/\/alfequipment.com\/product\/dfd40-intelligent-courier-pe-bag-packing-machine\/#breadcrumb\"},\"inLanguage\":\"es\",\"potentialAction\":[{\"@type\":\"ReadAction\",\"target\":[\"https:\/\/alfequipment.com\/product\/dfd40-intelligent-courier-pe-bag-packing-machine\/\"]}]},{\"@type\":\"ImageObject\",\"inLanguage\":\"es\",\"@id\":\"https:\/\/alfequipment.com\/product\/dfd40-intelligent-courier-pe-bag-packing-machine\/#primaryimage\",\"url\":\"https:\/\/alfequipment.com\/wp-content\/uploads\/2025\/01\/H6c29c7ed949d42aba0f17386f98acae3P.jpg\",\"contentUrl\":\"https:\/\/alfequipment.com\/wp-content\/uploads\/2025\/01\/H6c29c7ed949d42aba0f17386f98acae3P.jpg\",\"width\":800,\"height\":800},{\"@type\":\"BreadcrumbList\",\"@id\":\"https:\/\/alfequipment.com\/product\/dfd40-intelligent-courier-pe-bag-packing-machine\/#breadcrumb\",\"itemListElement\":[{\"@type\":\"ListItem\",\"position\":1,\"name\":\"Home\",\"item\":\"https:\/\/alfequipment.com\/\"},{\"@type\":\"ListItem\",\"position\":2,\"name\":\"Shop\",\"item\":\"https:\/\/alfequipment.com\/shop\/\"},{\"@type\":\"ListItem\",\"position\":3,\"name\":\"DFD40 Intelligent Courier PE Bag Packing Machine\"}]},{\"@type\":\"WebSite\",\"@id\":\"https:\/\/alfequipment.com\/#website\",\"url\":\"https:\/\/alfequipment.com\/\",\"name\":\"ALF PACK\",\"description\":\"\",\"publisher\":{\"@id\":\"https:\/\/alfequipment.com\/#organization\"},\"potentialAction\":[{\"@type\":\"SearchAction\",\"target\":{\"@type\":\"EntryPoint\",\"urlTemplate\":\"https:\/\/alfequipment.com\/?s={search_term_string}\"},\"query-input\":{\"@type\":\"PropertyValueSpecification\",\"valueRequired\":true,\"valueName\":\"search_term_string\"}}],\"inLanguage\":\"es\"},{\"@type\":\"Organization\",\"@id\":\"https:\/\/alfequipment.com\/#organization\",\"name\":\"ALF PACK\",\"url\":\"https:\/\/alfequipment.com\/\",\"logo\":{\"@type\":\"ImageObject\",\"inLanguage\":\"es\",\"@id\":\"https:\/\/alfequipment.com\/#\/schema\/logo\/image\/\",\"url\":\"https:\/\/alfequipment.com\/wp-content\/uploads\/2024\/11\/ALFlogo-2.webp\",\"contentUrl\":\"https:\/\/alfequipment.com\/wp-content\/uploads\/2024\/11\/ALFlogo-2.webp\",\"width\":758,\"height\":750,\"caption\":\"ALF PACK\"},\"image\":{\"@id\":\"https:\/\/alfequipment.com\/#\/schema\/logo\/image\/\"}}]}<\/script>\n<!-- \/ Yoast SEO Premium plugin. -->","yoast_head_json":{"title":"DFD40 M\u00e1quina envasadora inteligente de bolsas PE para mensajer\u00eda - ALF PACK","robots":{"index":"index","follow":"follow","max-snippet":"max-snippet:-1","max-image-preview":"max-image-preview:large","max-video-preview":"max-video-preview:-1"},"canonical":"https:\/\/alfequipment.com\/es\/product\/dfd40-envasadora-inteligente-de-bolsas-pe-para-mensajeria\/","og_locale":"es_ES","og_type":"article","og_title":"DFD40 Intelligent Courier PE Bag Packing Machine","og_description":"Smart Courier Bag Packing Machine","og_url":"https:\/\/alfequipment.com\/es\/product\/dfd40-envasadora-inteligente-de-bolsas-pe-para-mensajeria\/","og_site_name":"ALF PACK","article_modified_time":"2025-01-13T13:13:13+00:00","og_image":[{"width":800,"height":800,"url":"https:\/\/alfequipment.com\/wp-content\/uploads\/2025\/01\/H6c29c7ed949d42aba0f17386f98acae3P.jpg","type":"image\/webp"}],"twitter_card":"summary_large_image","schema":{"@context":"https:\/\/schema.org","@graph":[{"@type":"WebPage","@id":"https:\/\/alfequipment.com\/product\/dfd40-intelligent-courier-pe-bag-packing-machine\/","url":"https:\/\/alfequipment.com\/product\/dfd40-intelligent-courier-pe-bag-packing-machine\/","name":"DFD40 M\u00e1quina envasadora inteligente de bolsas PE para mensajer\u00eda - ALF PACK","isPartOf":{"@id":"https:\/\/alfequipment.com\/#website"},"primaryImageOfPage":{"@id":"https:\/\/alfequipment.com\/product\/dfd40-intelligent-courier-pe-bag-packing-machine\/#primaryimage"},"image":{"@id":"https:\/\/alfequipment.com\/product\/dfd40-intelligent-courier-pe-bag-packing-machine\/#primaryimage"},"thumbnailUrl":"https:\/\/alfequipment.com\/wp-content\/uploads\/2025\/01\/H6c29c7ed949d42aba0f17386f98acae3P.jpg","datePublished":"2025-01-07T02:26:46+00:00","dateModified":"2025-01-13T13:13:13+00:00","breadcrumb":{"@id":"https:\/\/alfequipment.com\/product\/dfd40-intelligent-courier-pe-bag-packing-machine\/#breadcrumb"},"inLanguage":"es","potentialAction":[{"@type":"ReadAction","target":["https:\/\/alfequipment.com\/product\/dfd40-intelligent-courier-pe-bag-packing-machine\/"]}]},{"@type":"ImageObject","inLanguage":"es","@id":"https:\/\/alfequipment.com\/product\/dfd40-intelligent-courier-pe-bag-packing-machine\/#primaryimage","url":"https:\/\/alfequipment.com\/wp-content\/uploads\/2025\/01\/H6c29c7ed949d42aba0f17386f98acae3P.jpg","contentUrl":"https:\/\/alfequipment.com\/wp-content\/uploads\/2025\/01\/H6c29c7ed949d42aba0f17386f98acae3P.jpg","width":800,"height":800},{"@type":"BreadcrumbList","@id":"https:\/\/alfequipment.com\/product\/dfd40-intelligent-courier-pe-bag-packing-machine\/#breadcrumb","itemListElement":[{"@type":"ListItem","position":1,"name":"Home","item":"https:\/\/alfequipment.com\/"},{"@type":"ListItem","position":2,"name":"Shop","item":"https:\/\/alfequipment.com\/shop\/"},{"@type":"ListItem","position":3,"name":"DFD40 Intelligent Courier PE Bag Packing Machine"}]},{"@type":"WebSite","@id":"https:\/\/alfequipment.com\/#website","url":"https:\/\/alfequipment.com\/","name":"PAQUETE ALF","description":"","publisher":{"@id":"https:\/\/alfequipment.com\/#organization"},"potentialAction":[{"@type":"SearchAction","target":{"@type":"EntryPoint","urlTemplate":"https:\/\/alfequipment.com\/?s={search_term_string}"},"query-input":{"@type":"PropertyValueSpecification","valueRequired":true,"valueName":"search_term_string"}}],"inLanguage":"es"},{"@type":"Organization","@id":"https:\/\/alfequipment.com\/#organization","name":"PAQUETE ALF","url":"https:\/\/alfequipment.com\/","logo":{"@type":"ImageObject","inLanguage":"es","@id":"https:\/\/alfequipment.com\/#\/schema\/logo\/image\/","url":"https:\/\/alfequipment.com\/wp-content\/uploads\/2024\/11\/ALFlogo-2.webp","contentUrl":"https:\/\/alfequipment.com\/wp-content\/uploads\/2024\/11\/ALFlogo-2.webp","width":758,"height":750,"caption":"ALF PACK"},"image":{"@id":"https:\/\/alfequipment.com\/#\/schema\/logo\/image\/"}}]}},"_links":{"self":[{"href":"https:\/\/alfequipment.com\/es\/wp-json\/wp\/v2\/product\/3154","targetHints":{"allow":["GET"]}}],"collection":[{"href":"https:\/\/alfequipment.com\/es\/wp-json\/wp\/v2\/product"}],"about":[{"href":"https:\/\/alfequipment.com\/es\/wp-json\/wp\/v2\/types\/product"}],"replies":[{"embeddable":true,"href":"https:\/\/alfequipment.com\/es\/wp-json\/wp\/v2\/comments?post=3154"}],"version-history":[{"count":0,"href":"https:\/\/alfequipment.com\/es\/wp-json\/wp\/v2\/product\/3154\/revisions"}],"wp:featuredmedia":[{"embeddable":true,"href":"https:\/\/alfequipment.com\/es\/wp-json\/wp\/v2\/media\/3155"}],"wp:attachment":[{"href":"https:\/\/alfequipment.com\/es\/wp-json\/wp\/v2\/media?parent=3154"}],"wp:term":[{"taxonomy":"product_brand","embeddable":true,"href":"https:\/\/alfequipment.com\/es\/wp-json\/wp\/v2\/product_brand?post=3154"},{"taxonomy":"product_cat","embeddable":true,"href":"https:\/\/alfequipment.com\/es\/wp-json\/wp\/v2\/product_cat?post=3154"},{"taxonomy":"product_tag","embeddable":true,"href":"https:\/\/alfequipment.com\/es\/wp-json\/wp\/v2\/product_tag?post=3154"}],"curies":[{"name":"wp","href":"https:\/\/api.w.org\/{rel}","templated":true}]}}